{"id":4637,"date":"2025-12-15T21:21:11","date_gmt":"2025-12-15T20:21:11","guid":{"rendered":"https:\/\/lifesupportdistribution.fr\/produits\/tibia-io-trainer-erwachsene-creaplast\/"},"modified":"2025-12-15T21:21:11","modified_gmt":"2025-12-15T20:21:11","slug":"tibia-io-trainer-erwachsene-creaplast","status":"publish","type":"product","link":"https:\/\/lifesupportdistribution.fr\/de\/produkt\/tibia-io-trainer-erwachsene-creaplast\/","title":{"rendered":"Tibia IO Trainer Erwachsene \u2013 Creaplast"},"content":{"rendered":"<p>Der Tibia IO Trainer f\u00fcr Erwachsene von Creaplast ist ein anatomisches Insert, entwickelt f\u00fcr das Erlernen des intraoss\u00e4ren Zugangs bei Erwachsenen. Realistisch, robust und kompatibel mit Creaplast Simulatoren, erm\u00f6glicht er eine naturgetreue Wiedergabe der Empfindungen bei der Knochenperforation. <\/p>\n","protected":false},"excerpt":{"rendered":"<p>Der Tibia IO Trainer f\u00fcr Erwachsene von Creaplast ist ein anatomisches Insert, entwickelt f\u00fcr das Erlernen des intraoss\u00e4ren Zugangs bei Erwachsenen. Realistisch, robust und kompatibel mit Creaplast Simulatoren, erm\u00f6glicht er eine naturgetreue Wiedergabe der Empfindungen bei der Knochenperforation. <\/p>\n","protected":false},"featured_media":3775,"template":"","meta":[],"product_brand":[191],"product_cat":[222],"product_tag":[251,236],"class_list":{"0":"post-4637","1":"product","2":"type-product","3":"status-publish","4":"has-post-thumbnail","6":"product_brand-creaplast","7":"product_cat-simulatoren-fur-medizinische-versorgung","8":"product_tag-krankenpflege","9":"product_tag-notfallmedizin","11":"first","12":"instock","13":"shipping-taxable","14":"purchasable","15":"product-type-simple"},"yoast_head":"<!-- This site is optimized with the Yoast SEO plugin v26.8 - https:\/\/yoast.com\/product\/yoast-seo-wordpress\/ -->\n<title>IO Trainer Tibia (Erwachsenenmodell, einzeln) \u2013 Simulator<\/title>\n<meta name=\"description\" content=\"Tibia IO Trainer Simulator f\u00fcr Erwachsene (einzeln), ein realistisches Lehrmittel zum Erlernen des intraoss\u00e4ren Zugangs in der medizinischen Ausbildung.\" \/>\n<meta name=\"robots\" content=\"index, follow, max-snippet:-1, max-image-preview:large, max-video-preview:-1\" \/>\n<link rel=\"canonical\" href=\"https:\/\/lifesupportdistribution.fr\/de\/produkt\/tibia-io-trainer-erwachsene-creaplast\/\" \/>\n<meta property=\"og:locale\" content=\"de_DE\" \/>\n<meta property=\"og:type\" content=\"article\" \/>\n<meta property=\"og:title\" content=\"IO Trainer Tibia (Erwachsenenmodell, einzeln) \u2013 Simulator\" \/>\n<meta property=\"og:description\" content=\"Tibia IO Trainer Simulator f\u00fcr Erwachsene (einzeln), ein realistisches Lehrmittel zum Erlernen des intraoss\u00e4ren Zugangs in der medizinischen Ausbildung.\" \/>\n<meta property=\"og:url\" content=\"https:\/\/lifesupportdistribution.fr\/de\/produkt\/tibia-io-trainer-erwachsene-creaplast\/\" \/>\n<meta property=\"og:site_name\" content=\"Life Support Distribution\" \/>\n<meta property=\"og:image\" content=\"https:\/\/lifesupportdistribution.fr\/wp-content\/uploads\/2025\/12\/tibia-io-trainer-adulte-seul.jpg\" \/>\n\t<meta property=\"og:image:width\" content=\"900\" \/>\n\t<meta property=\"og:image:height\" content=\"600\" \/>\n\t<meta property=\"og:image:type\" content=\"image\/jpeg\" \/>\n<meta name=\"twitter:card\" content=\"summary_large_image\" \/>\n<script type=\"application\/ld+json\" class=\"yoast-schema-graph\">{\"@context\":\"https:\/\/schema.org\",\"@graph\":[{\"@type\":\"WebPage\",\"@id\":\"https:\/\/lifesupportdistribution.fr\/de\/produkt\/tibia-io-trainer-erwachsene-creaplast\/\",\"url\":\"https:\/\/lifesupportdistribution.fr\/de\/produkt\/tibia-io-trainer-erwachsene-creaplast\/\",\"name\":\"IO Trainer Tibia (Erwachsenenmodell, einzeln) \u2013 Simulator\",\"isPartOf\":{\"@id\":\"https:\/\/lifesupportdistribution.fr\/de\/#website\"},\"primaryImageOfPage\":{\"@id\":\"https:\/\/lifesupportdistribution.fr\/de\/produkt\/tibia-io-trainer-erwachsene-creaplast\/#primaryimage\"},\"image\":{\"@id\":\"https:\/\/lifesupportdistribution.fr\/de\/produkt\/tibia-io-trainer-erwachsene-creaplast\/#primaryimage\"},\"thumbnailUrl\":\"https:\/\/lifesupportdistribution.fr\/wp-content\/uploads\/2025\/12\/tibia-io-trainer-adulte-seul.jpg\",\"datePublished\":\"2025-12-15T20:21:11+00:00\",\"description\":\"Tibia IO Trainer Simulator f\u00fcr Erwachsene (einzeln), ein realistisches Lehrmittel zum Erlernen des intraoss\u00e4ren Zugangs in der medizinischen Ausbildung.\",\"breadcrumb\":{\"@id\":\"https:\/\/lifesupportdistribution.fr\/de\/produkt\/tibia-io-trainer-erwachsene-creaplast\/#breadcrumb\"},\"inLanguage\":\"de\",\"potentialAction\":[{\"@type\":\"ReadAction\",\"target\":[\"https:\/\/lifesupportdistribution.fr\/de\/produkt\/tibia-io-trainer-erwachsene-creaplast\/\"]}]},{\"@type\":\"ImageObject\",\"inLanguage\":\"de\",\"@id\":\"https:\/\/lifesupportdistribution.fr\/de\/produkt\/tibia-io-trainer-erwachsene-creaplast\/#primaryimage\",\"url\":\"https:\/\/lifesupportdistribution.fr\/wp-content\/uploads\/2025\/12\/tibia-io-trainer-adulte-seul.jpg\",\"contentUrl\":\"https:\/\/lifesupportdistribution.fr\/wp-content\/uploads\/2025\/12\/tibia-io-trainer-adulte-seul.jpg\",\"width\":900,\"height\":600},{\"@type\":\"BreadcrumbList\",\"@id\":\"https:\/\/lifesupportdistribution.fr\/de\/produkt\/tibia-io-trainer-erwachsene-creaplast\/#breadcrumb\",\"itemListElement\":[{\"@type\":\"ListItem\",\"position\":1,\"name\":\"Accueil\",\"item\":\"https:\/\/lifesupportdistribution.fr\/de\/startseite\/\"},{\"@type\":\"ListItem\",\"position\":2,\"name\":\"Shop\",\"item\":\"https:\/\/lifesupportdistribution.fr\/de\/shop\/\"},{\"@type\":\"ListItem\",\"position\":3,\"name\":\"Tibia IO Trainer Erwachsene \u2013 Creaplast\"}]},{\"@type\":\"WebSite\",\"@id\":\"https:\/\/lifesupportdistribution.fr\/de\/#website\",\"url\":\"https:\/\/lifesupportdistribution.fr\/de\/\",\"name\":\"Life Support Distribution\",\"description\":\"Solutions en simulation m\u00e9dicale\",\"publisher\":{\"@id\":\"https:\/\/lifesupportdistribution.fr\/de\/#organization\"},\"potentialAction\":[{\"@type\":\"SearchAction\",\"target\":{\"@type\":\"EntryPoint\",\"urlTemplate\":\"https:\/\/lifesupportdistribution.fr\/de\/?s={search_term_string}\"},\"query-input\":{\"@type\":\"PropertyValueSpecification\",\"valueRequired\":true,\"valueName\":\"search_term_string\"}}],\"inLanguage\":\"de\"},{\"@type\":\"Organization\",\"@id\":\"https:\/\/lifesupportdistribution.fr\/de\/#organization\",\"name\":\"Life Support Distribution\",\"url\":\"https:\/\/lifesupportdistribution.fr\/de\/\",\"logo\":{\"@type\":\"ImageObject\",\"inLanguage\":\"de\",\"@id\":\"https:\/\/lifesupportdistribution.fr\/de\/#\/schema\/logo\/image\/\",\"url\":\"https:\/\/lifesupportdistribution.fr\/wp-content\/uploads\/2025\/10\/logo-life-support-distribution.svg\",\"contentUrl\":\"https:\/\/lifesupportdistribution.fr\/wp-content\/uploads\/2025\/10\/logo-life-support-distribution.svg\",\"width\":698,\"height\":223,\"caption\":\"Life Support Distribution\"},\"image\":{\"@id\":\"https:\/\/lifesupportdistribution.fr\/de\/#\/schema\/logo\/image\/\"},\"sameAs\":[\"https:\/\/www.linkedin.com\/company\/life-support-distribution\/\"]}]}<\/script>\n<!-- \/ Yoast SEO plugin. -->","yoast_head_json":{"title":"IO Trainer Tibia (Erwachsenenmodell, einzeln) \u2013 Simulator","description":"Tibia IO Trainer Simulator f\u00fcr Erwachsene (einzeln), ein realistisches Lehrmittel zum Erlernen des intraoss\u00e4ren Zugangs in der medizinischen Ausbildung.","robots":{"index":"index","follow":"follow","max-snippet":"max-snippet:-1","max-image-preview":"max-image-preview:large","max-video-preview":"max-video-preview:-1"},"canonical":"https:\/\/lifesupportdistribution.fr\/de\/produkt\/tibia-io-trainer-erwachsene-creaplast\/","og_locale":"de_DE","og_type":"article","og_title":"IO Trainer Tibia (Erwachsenenmodell, einzeln) \u2013 Simulator","og_description":"Tibia IO Trainer Simulator f\u00fcr Erwachsene (einzeln), ein realistisches Lehrmittel zum Erlernen des intraoss\u00e4ren Zugangs in der medizinischen Ausbildung.","og_url":"https:\/\/lifesupportdistribution.fr\/de\/produkt\/tibia-io-trainer-erwachsene-creaplast\/","og_site_name":"Life Support Distribution","og_image":[{"width":900,"height":600,"url":"https:\/\/lifesupportdistribution.fr\/wp-content\/uploads\/2025\/12\/tibia-io-trainer-adulte-seul.jpg","type":"image\/jpeg"}],"twitter_card":"summary_large_image","schema":{"@context":"https:\/\/schema.org","@graph":[{"@type":"WebPage","@id":"https:\/\/lifesupportdistribution.fr\/de\/produkt\/tibia-io-trainer-erwachsene-creaplast\/","url":"https:\/\/lifesupportdistribution.fr\/de\/produkt\/tibia-io-trainer-erwachsene-creaplast\/","name":"IO Trainer Tibia (Erwachsenenmodell, einzeln) \u2013 Simulator","isPartOf":{"@id":"https:\/\/lifesupportdistribution.fr\/de\/#website"},"primaryImageOfPage":{"@id":"https:\/\/lifesupportdistribution.fr\/de\/produkt\/tibia-io-trainer-erwachsene-creaplast\/#primaryimage"},"image":{"@id":"https:\/\/lifesupportdistribution.fr\/de\/produkt\/tibia-io-trainer-erwachsene-creaplast\/#primaryimage"},"thumbnailUrl":"https:\/\/lifesupportdistribution.fr\/wp-content\/uploads\/2025\/12\/tibia-io-trainer-adulte-seul.jpg","datePublished":"2025-12-15T20:21:11+00:00","description":"Tibia IO Trainer Simulator f\u00fcr Erwachsene (einzeln), ein realistisches Lehrmittel zum Erlernen des intraoss\u00e4ren Zugangs in der medizinischen Ausbildung.","breadcrumb":{"@id":"https:\/\/lifesupportdistribution.fr\/de\/produkt\/tibia-io-trainer-erwachsene-creaplast\/#breadcrumb"},"inLanguage":"de","potentialAction":[{"@type":"ReadAction","target":["https:\/\/lifesupportdistribution.fr\/de\/produkt\/tibia-io-trainer-erwachsene-creaplast\/"]}]},{"@type":"ImageObject","inLanguage":"de","@id":"https:\/\/lifesupportdistribution.fr\/de\/produkt\/tibia-io-trainer-erwachsene-creaplast\/#primaryimage","url":"https:\/\/lifesupportdistribution.fr\/wp-content\/uploads\/2025\/12\/tibia-io-trainer-adulte-seul.jpg","contentUrl":"https:\/\/lifesupportdistribution.fr\/wp-content\/uploads\/2025\/12\/tibia-io-trainer-adulte-seul.jpg","width":900,"height":600},{"@type":"BreadcrumbList","@id":"https:\/\/lifesupportdistribution.fr\/de\/produkt\/tibia-io-trainer-erwachsene-creaplast\/#breadcrumb","itemListElement":[{"@type":"ListItem","position":1,"name":"Accueil","item":"https:\/\/lifesupportdistribution.fr\/de\/startseite\/"},{"@type":"ListItem","position":2,"name":"Shop","item":"https:\/\/lifesupportdistribution.fr\/de\/shop\/"},{"@type":"ListItem","position":3,"name":"Tibia IO Trainer Erwachsene \u2013 Creaplast"}]},{"@type":"WebSite","@id":"https:\/\/lifesupportdistribution.fr\/de\/#website","url":"https:\/\/lifesupportdistribution.fr\/de\/","name":"Life Support Distribution","description":"Solutions en simulation m\u00e9dicale","publisher":{"@id":"https:\/\/lifesupportdistribution.fr\/de\/#organization"},"potentialAction":[{"@type":"SearchAction","target":{"@type":"EntryPoint","urlTemplate":"https:\/\/lifesupportdistribution.fr\/de\/?s={search_term_string}"},"query-input":{"@type":"PropertyValueSpecification","valueRequired":true,"valueName":"search_term_string"}}],"inLanguage":"de"},{"@type":"Organization","@id":"https:\/\/lifesupportdistribution.fr\/de\/#organization","name":"Life Support Distribution","url":"https:\/\/lifesupportdistribution.fr\/de\/","logo":{"@type":"ImageObject","inLanguage":"de","@id":"https:\/\/lifesupportdistribution.fr\/de\/#\/schema\/logo\/image\/","url":"https:\/\/lifesupportdistribution.fr\/wp-content\/uploads\/2025\/10\/logo-life-support-distribution.svg","contentUrl":"https:\/\/lifesupportdistribution.fr\/wp-content\/uploads\/2025\/10\/logo-life-support-distribution.svg","width":698,"height":223,"caption":"Life Support Distribution"},"image":{"@id":"https:\/\/lifesupportdistribution.fr\/de\/#\/schema\/logo\/image\/"},"sameAs":["https:\/\/www.linkedin.com\/company\/life-support-distribution\/"]}]}},"_links":{"self":[{"href":"https:\/\/lifesupportdistribution.fr\/de\/wp-json\/wp\/v2\/product\/4637","targetHints":{"allow":["GET"]}}],"collection":[{"href":"https:\/\/lifesupportdistribution.fr\/de\/wp-json\/wp\/v2\/product"}],"about":[{"href":"https:\/\/lifesupportdistribution.fr\/de\/wp-json\/wp\/v2\/types\/product"}],"wp:featuredmedia":[{"embeddable":true,"href":"https:\/\/lifesupportdistribution.fr\/de\/wp-json\/wp\/v2\/media\/3775"}],"wp:attachment":[{"href":"https:\/\/lifesupportdistribution.fr\/de\/wp-json\/wp\/v2\/media?parent=4637"}],"wp:term":[{"taxonomy":"product_brand","embeddable":true,"href":"https:\/\/lifesupportdistribution.fr\/de\/wp-json\/wp\/v2\/product_brand?post=4637"},{"taxonomy":"product_cat","embeddable":true,"href":"https:\/\/lifesupportdistribution.fr\/de\/wp-json\/wp\/v2\/product_cat?post=4637"},{"taxonomy":"product_tag","embeddable":true,"href":"https:\/\/lifesupportdistribution.fr\/de\/wp-json\/wp\/v2\/product_tag?post=4637"}],"curies":[{"name":"wp","href":"https:\/\/api.w.org\/{rel}","templated":true}]}}