{"id":4669,"date":"2025-12-15T11:03:19","date_gmt":"2025-12-15T10:03:19","guid":{"rendered":"https:\/\/lifesupportdistribution.fr\/produits\/clearbone-hinterhaupt-kreuzbein-becken-mit-basis-creaplast\/"},"modified":"2025-12-15T11:03:19","modified_gmt":"2025-12-15T10:03:19","slug":"clearbone-hinterhaupt-kreuzbein-becken-mit-basis-creaplast","status":"publish","type":"product","link":"https:\/\/lifesupportdistribution.fr\/de\/produkt\/clearbone-hinterhaupt-kreuzbein-becken-mit-basis-creaplast\/","title":{"rendered":"ClearBone Hinterhaupt-Kreuzbein-Becken mit Basis \u2013 Creaplast"},"content":{"rendered":"<p>Dieses ClearBone Modell bietet eine durchgehende Ansicht der gesamten Wirbels\u00e4ule: zervikal, thorakal, lumbal und sakral, verbunden mit dem gesamten Becken.<br \/>\nDie vollst\u00e4ndige Transparenz erm\u00f6glicht die Beobachtung innerer Strukturen, kn\u00f6cherner Orientierungspunkte, Pedikel, Laminae, des Wirbelkanals, der Sakralforamina, der Acetabula und der Symphysis pubica.<br \/>\nAuf einer starren Basis montiert, gew\u00e4hrleistet es optimale Stabilit\u00e4t f\u00fcr industrielle Demonstrationen, chirurgische Workshops, universit\u00e4re Lehre oder klinische Kommunikation.<br \/>\nIn Frankreich von Creaplast hergestellt, garantiert es au\u00dfergew\u00f6hnliche anatomische Pr\u00e4zision, hohe Robustheit und einen hohen p\u00e4dagogischen Wert.<\/p>\n","protected":false},"excerpt":{"rendered":"<p>Das ClearBone Hinterhaupt-Kreuzbein-Becken mit Basis ist ein transparentes anatomisches Modell, das die gesamte Wirbels\u00e4ule vom Hinterhauptbein bis zum Kreuzbein darstellt, erg\u00e4nzt durch ein komplettes Becken und auf einer starren Basis befestigt. Es ist ein umfassendes Lehrmittel zur Untersuchung der kranio-spinalen und lumbopelvinen Biomechanik. <\/p>\n","protected":false},"featured_media":3650,"template":"","meta":[],"product_brand":[191],"product_cat":[221],"product_tag":[241],"class_list":{"0":"post-4669","1":"product","2":"type-product","3":"status-publish","4":"has-post-thumbnail","6":"product_brand-creaplast","7":"product_cat-anatomische-tafeln-und-modelle","8":"product_tag-anatomietraining","10":"first","11":"instock","12":"shipping-taxable","13":"purchasable","14":"product-type-simple"},"yoast_head":"<!-- This site is optimized with the Yoast SEO plugin v26.8 - https:\/\/yoast.com\/product\/yoast-seo-wordpress\/ -->\n<title>ClearBone Becken &amp; Kreuzbein \u2013 Anatomisches Modell<\/title>\n<meta name=\"description\" content=\"Anatomisches Modell ClearBone Becken, Kreuzbein und Hinterhaupt. Realistisches Lehrmittel f\u00fcr Anatomieunterricht und medizinische Ausbildung.\" \/>\n<meta name=\"robots\" content=\"index, follow, max-snippet:-1, max-image-preview:large, max-video-preview:-1\" \/>\n<link rel=\"canonical\" href=\"https:\/\/lifesupportdistribution.fr\/de\/produkt\/clearbone-hinterhaupt-kreuzbein-becken-mit-basis-creaplast\/\" \/>\n<meta property=\"og:locale\" content=\"de_DE\" \/>\n<meta property=\"og:type\" content=\"article\" \/>\n<meta property=\"og:title\" content=\"ClearBone Becken &amp; Kreuzbein \u2013 Anatomisches Modell\" \/>\n<meta property=\"og:description\" content=\"Anatomisches Modell ClearBone Becken, Kreuzbein und Hinterhaupt. Realistisches Lehrmittel f\u00fcr Anatomieunterricht und medizinische Ausbildung.\" \/>\n<meta property=\"og:url\" content=\"https:\/\/lifesupportdistribution.fr\/de\/produkt\/clearbone-hinterhaupt-kreuzbein-becken-mit-basis-creaplast\/\" \/>\n<meta property=\"og:site_name\" content=\"Life Support Distribution\" \/>\n<meta property=\"og:image\" content=\"https:\/\/lifesupportdistribution.fr\/wp-content\/uploads\/2025\/12\/clearbone-occiputsacrum-et-pelvis-base-1.jpg\" \/>\n\t<meta property=\"og:image:width\" content=\"900\" \/>\n\t<meta property=\"og:image:height\" content=\"600\" \/>\n\t<meta property=\"og:image:type\" content=\"image\/jpeg\" \/>\n<meta name=\"twitter:card\" content=\"summary_large_image\" \/>\n<script type=\"application\/ld+json\" class=\"yoast-schema-graph\">{\"@context\":\"https:\/\/schema.org\",\"@graph\":[{\"@type\":\"WebPage\",\"@id\":\"https:\/\/lifesupportdistribution.fr\/de\/produkt\/clearbone-hinterhaupt-kreuzbein-becken-mit-basis-creaplast\/\",\"url\":\"https:\/\/lifesupportdistribution.fr\/de\/produkt\/clearbone-hinterhaupt-kreuzbein-becken-mit-basis-creaplast\/\",\"name\":\"ClearBone Becken & Kreuzbein \u2013 Anatomisches Modell\",\"isPartOf\":{\"@id\":\"https:\/\/lifesupportdistribution.fr\/de\/#website\"},\"primaryImageOfPage\":{\"@id\":\"https:\/\/lifesupportdistribution.fr\/de\/produkt\/clearbone-hinterhaupt-kreuzbein-becken-mit-basis-creaplast\/#primaryimage\"},\"image\":{\"@id\":\"https:\/\/lifesupportdistribution.fr\/de\/produkt\/clearbone-hinterhaupt-kreuzbein-becken-mit-basis-creaplast\/#primaryimage\"},\"thumbnailUrl\":\"https:\/\/lifesupportdistribution.fr\/wp-content\/uploads\/2025\/12\/clearbone-occiputsacrum-et-pelvis-base-1.jpg\",\"datePublished\":\"2025-12-15T10:03:19+00:00\",\"description\":\"Anatomisches Modell ClearBone Becken, Kreuzbein und Hinterhaupt. Realistisches Lehrmittel f\u00fcr Anatomieunterricht und medizinische Ausbildung.\",\"breadcrumb\":{\"@id\":\"https:\/\/lifesupportdistribution.fr\/de\/produkt\/clearbone-hinterhaupt-kreuzbein-becken-mit-basis-creaplast\/#breadcrumb\"},\"inLanguage\":\"de\",\"potentialAction\":[{\"@type\":\"ReadAction\",\"target\":[\"https:\/\/lifesupportdistribution.fr\/de\/produkt\/clearbone-hinterhaupt-kreuzbein-becken-mit-basis-creaplast\/\"]}]},{\"@type\":\"ImageObject\",\"inLanguage\":\"de\",\"@id\":\"https:\/\/lifesupportdistribution.fr\/de\/produkt\/clearbone-hinterhaupt-kreuzbein-becken-mit-basis-creaplast\/#primaryimage\",\"url\":\"https:\/\/lifesupportdistribution.fr\/wp-content\/uploads\/2025\/12\/clearbone-occiputsacrum-et-pelvis-base-1.jpg\",\"contentUrl\":\"https:\/\/lifesupportdistribution.fr\/wp-content\/uploads\/2025\/12\/clearbone-occiputsacrum-et-pelvis-base-1.jpg\",\"width\":900,\"height\":600},{\"@type\":\"BreadcrumbList\",\"@id\":\"https:\/\/lifesupportdistribution.fr\/de\/produkt\/clearbone-hinterhaupt-kreuzbein-becken-mit-basis-creaplast\/#breadcrumb\",\"itemListElement\":[{\"@type\":\"ListItem\",\"position\":1,\"name\":\"Accueil\",\"item\":\"https:\/\/lifesupportdistribution.fr\/de\/startseite\/\"},{\"@type\":\"ListItem\",\"position\":2,\"name\":\"Shop\",\"item\":\"https:\/\/lifesupportdistribution.fr\/de\/shop\/\"},{\"@type\":\"ListItem\",\"position\":3,\"name\":\"ClearBone Hinterhaupt-Kreuzbein-Becken mit Basis \u2013 Creaplast\"}]},{\"@type\":\"WebSite\",\"@id\":\"https:\/\/lifesupportdistribution.fr\/de\/#website\",\"url\":\"https:\/\/lifesupportdistribution.fr\/de\/\",\"name\":\"Life Support Distribution\",\"description\":\"Solutions en simulation m\u00e9dicale\",\"publisher\":{\"@id\":\"https:\/\/lifesupportdistribution.fr\/de\/#organization\"},\"potentialAction\":[{\"@type\":\"SearchAction\",\"target\":{\"@type\":\"EntryPoint\",\"urlTemplate\":\"https:\/\/lifesupportdistribution.fr\/de\/?s={search_term_string}\"},\"query-input\":{\"@type\":\"PropertyValueSpecification\",\"valueRequired\":true,\"valueName\":\"search_term_string\"}}],\"inLanguage\":\"de\"},{\"@type\":\"Organization\",\"@id\":\"https:\/\/lifesupportdistribution.fr\/de\/#organization\",\"name\":\"Life Support Distribution\",\"url\":\"https:\/\/lifesupportdistribution.fr\/de\/\",\"logo\":{\"@type\":\"ImageObject\",\"inLanguage\":\"de\",\"@id\":\"https:\/\/lifesupportdistribution.fr\/de\/#\/schema\/logo\/image\/\",\"url\":\"https:\/\/lifesupportdistribution.fr\/wp-content\/uploads\/2025\/10\/logo-life-support-distribution.svg\",\"contentUrl\":\"https:\/\/lifesupportdistribution.fr\/wp-content\/uploads\/2025\/10\/logo-life-support-distribution.svg\",\"width\":698,\"height\":223,\"caption\":\"Life Support Distribution\"},\"image\":{\"@id\":\"https:\/\/lifesupportdistribution.fr\/de\/#\/schema\/logo\/image\/\"},\"sameAs\":[\"https:\/\/www.linkedin.com\/company\/life-support-distribution\/\"]}]}<\/script>\n<!-- \/ Yoast SEO plugin. -->","yoast_head_json":{"title":"ClearBone Becken & Kreuzbein \u2013 Anatomisches Modell","description":"Anatomisches Modell ClearBone Becken, Kreuzbein und Hinterhaupt. Realistisches Lehrmittel f\u00fcr Anatomieunterricht und medizinische Ausbildung.","robots":{"index":"index","follow":"follow","max-snippet":"max-snippet:-1","max-image-preview":"max-image-preview:large","max-video-preview":"max-video-preview:-1"},"canonical":"https:\/\/lifesupportdistribution.fr\/de\/produkt\/clearbone-hinterhaupt-kreuzbein-becken-mit-basis-creaplast\/","og_locale":"de_DE","og_type":"article","og_title":"ClearBone Becken & Kreuzbein \u2013 Anatomisches Modell","og_description":"Anatomisches Modell ClearBone Becken, Kreuzbein und Hinterhaupt. Realistisches Lehrmittel f\u00fcr Anatomieunterricht und medizinische Ausbildung.","og_url":"https:\/\/lifesupportdistribution.fr\/de\/produkt\/clearbone-hinterhaupt-kreuzbein-becken-mit-basis-creaplast\/","og_site_name":"Life Support Distribution","og_image":[{"width":900,"height":600,"url":"https:\/\/lifesupportdistribution.fr\/wp-content\/uploads\/2025\/12\/clearbone-occiputsacrum-et-pelvis-base-1.jpg","type":"image\/jpeg"}],"twitter_card":"summary_large_image","schema":{"@context":"https:\/\/schema.org","@graph":[{"@type":"WebPage","@id":"https:\/\/lifesupportdistribution.fr\/de\/produkt\/clearbone-hinterhaupt-kreuzbein-becken-mit-basis-creaplast\/","url":"https:\/\/lifesupportdistribution.fr\/de\/produkt\/clearbone-hinterhaupt-kreuzbein-becken-mit-basis-creaplast\/","name":"ClearBone Becken & Kreuzbein \u2013 Anatomisches Modell","isPartOf":{"@id":"https:\/\/lifesupportdistribution.fr\/de\/#website"},"primaryImageOfPage":{"@id":"https:\/\/lifesupportdistribution.fr\/de\/produkt\/clearbone-hinterhaupt-kreuzbein-becken-mit-basis-creaplast\/#primaryimage"},"image":{"@id":"https:\/\/lifesupportdistribution.fr\/de\/produkt\/clearbone-hinterhaupt-kreuzbein-becken-mit-basis-creaplast\/#primaryimage"},"thumbnailUrl":"https:\/\/lifesupportdistribution.fr\/wp-content\/uploads\/2025\/12\/clearbone-occiputsacrum-et-pelvis-base-1.jpg","datePublished":"2025-12-15T10:03:19+00:00","description":"Anatomisches Modell ClearBone Becken, Kreuzbein und Hinterhaupt. Realistisches Lehrmittel f\u00fcr Anatomieunterricht und medizinische Ausbildung.","breadcrumb":{"@id":"https:\/\/lifesupportdistribution.fr\/de\/produkt\/clearbone-hinterhaupt-kreuzbein-becken-mit-basis-creaplast\/#breadcrumb"},"inLanguage":"de","potentialAction":[{"@type":"ReadAction","target":["https:\/\/lifesupportdistribution.fr\/de\/produkt\/clearbone-hinterhaupt-kreuzbein-becken-mit-basis-creaplast\/"]}]},{"@type":"ImageObject","inLanguage":"de","@id":"https:\/\/lifesupportdistribution.fr\/de\/produkt\/clearbone-hinterhaupt-kreuzbein-becken-mit-basis-creaplast\/#primaryimage","url":"https:\/\/lifesupportdistribution.fr\/wp-content\/uploads\/2025\/12\/clearbone-occiputsacrum-et-pelvis-base-1.jpg","contentUrl":"https:\/\/lifesupportdistribution.fr\/wp-content\/uploads\/2025\/12\/clearbone-occiputsacrum-et-pelvis-base-1.jpg","width":900,"height":600},{"@type":"BreadcrumbList","@id":"https:\/\/lifesupportdistribution.fr\/de\/produkt\/clearbone-hinterhaupt-kreuzbein-becken-mit-basis-creaplast\/#breadcrumb","itemListElement":[{"@type":"ListItem","position":1,"name":"Accueil","item":"https:\/\/lifesupportdistribution.fr\/de\/startseite\/"},{"@type":"ListItem","position":2,"name":"Shop","item":"https:\/\/lifesupportdistribution.fr\/de\/shop\/"},{"@type":"ListItem","position":3,"name":"ClearBone Hinterhaupt-Kreuzbein-Becken mit Basis \u2013 Creaplast"}]},{"@type":"WebSite","@id":"https:\/\/lifesupportdistribution.fr\/de\/#website","url":"https:\/\/lifesupportdistribution.fr\/de\/","name":"Life Support Distribution","description":"Solutions en simulation m\u00e9dicale","publisher":{"@id":"https:\/\/lifesupportdistribution.fr\/de\/#organization"},"potentialAction":[{"@type":"SearchAction","target":{"@type":"EntryPoint","urlTemplate":"https:\/\/lifesupportdistribution.fr\/de\/?s={search_term_string}"},"query-input":{"@type":"PropertyValueSpecification","valueRequired":true,"valueName":"search_term_string"}}],"inLanguage":"de"},{"@type":"Organization","@id":"https:\/\/lifesupportdistribution.fr\/de\/#organization","name":"Life Support Distribution","url":"https:\/\/lifesupportdistribution.fr\/de\/","logo":{"@type":"ImageObject","inLanguage":"de","@id":"https:\/\/lifesupportdistribution.fr\/de\/#\/schema\/logo\/image\/","url":"https:\/\/lifesupportdistribution.fr\/wp-content\/uploads\/2025\/10\/logo-life-support-distribution.svg","contentUrl":"https:\/\/lifesupportdistribution.fr\/wp-content\/uploads\/2025\/10\/logo-life-support-distribution.svg","width":698,"height":223,"caption":"Life Support Distribution"},"image":{"@id":"https:\/\/lifesupportdistribution.fr\/de\/#\/schema\/logo\/image\/"},"sameAs":["https:\/\/www.linkedin.com\/company\/life-support-distribution\/"]}]}},"_links":{"self":[{"href":"https:\/\/lifesupportdistribution.fr\/de\/wp-json\/wp\/v2\/product\/4669","targetHints":{"allow":["GET"]}}],"collection":[{"href":"https:\/\/lifesupportdistribution.fr\/de\/wp-json\/wp\/v2\/product"}],"about":[{"href":"https:\/\/lifesupportdistribution.fr\/de\/wp-json\/wp\/v2\/types\/product"}],"wp:featuredmedia":[{"embeddable":true,"href":"https:\/\/lifesupportdistribution.fr\/de\/wp-json\/wp\/v2\/media\/3650"}],"wp:attachment":[{"href":"https:\/\/lifesupportdistribution.fr\/de\/wp-json\/wp\/v2\/media?parent=4669"}],"wp:term":[{"taxonomy":"product_brand","embeddable":true,"href":"https:\/\/lifesupportdistribution.fr\/de\/wp-json\/wp\/v2\/product_brand?post=4669"},{"taxonomy":"product_cat","embeddable":true,"href":"https:\/\/lifesupportdistribution.fr\/de\/wp-json\/wp\/v2\/product_cat?post=4669"},{"taxonomy":"product_tag","embeddable":true,"href":"https:\/\/lifesupportdistribution.fr\/de\/wp-json\/wp\/v2\/product_tag?post=4669"}],"curies":[{"name":"wp","href":"https:\/\/api.w.org\/{rel}","templated":true}]}}