{"id":4689,"date":"2025-12-11T13:42:08","date_gmt":"2025-12-11T12:42:08","guid":{"rendered":"https:\/\/lifesupportdistribution.fr\/produits\/wirbelsaeule-okziput-sakrum-solid-foam\/"},"modified":"2025-12-11T13:42:08","modified_gmt":"2025-12-11T12:42:08","slug":"wirbelsaeule-okziput-sakrum-solid-foam","status":"publish","type":"product","link":"https:\/\/lifesupportdistribution.fr\/de\/produkt\/wirbelsaeule-okziput-sakrum-solid-foam\/","title":{"rendered":"Wirbels\u00e4ule Okziput\u2013Sakrum Solid Foam"},"content":{"rendered":"<p>Das Wirbels\u00e4ule Okziput\u2013Sakrum Solid Foam Modell bildet die komplette Wirbels\u00e4ule sowie die kraniozervikale Verbindung, einen f\u00fcr die Beweglichkeit und Stabilit\u00e4t des Kopfes wesentlichen Bereich, getreu nach.<br \/>\nHergestellt aus hochdichtem Hartschaum (Solid Foam), vereint es anatomischen Realismus, Leichtigkeit und Robustheit und gew\u00e4hrleistet so optimale Haltbarkeit f\u00fcr intensiven p\u00e4dagogischen Einsatz.<br \/>\nEntwickelt von Creaplast, einem franz\u00f6sischen Hersteller, der f\u00fcr die Qualit\u00e4t und die Pr\u00e4zision seiner anatomischen Modelle bekannt ist, wird dieses Modell in Universit\u00e4ten, Gesundheitsschulen, Anatomie- und Biomechaniklaboren sowie chirurgischen Ausbildungszentren eingesetzt.<br \/>\nEs hebt alle wichtigen Knochenstrukturen hervor: Hinterhauptbein, Hals-, Brust-, Lendenwirbel und Sakrum, und bietet so eine vollst\u00e4ndige Ansicht des menschlichen Achsenskeletts.<br \/>\nDieses Modell ist ein Referenz-Lehrmittel f\u00fcr den Unterricht in Wirbels\u00e4ulenbiomechanik, Haltung, Wirbels\u00e4ulenerkrankungen und Wirbels\u00e4ulenchirurgie.<\/p>\n","protected":false},"excerpt":{"rendered":"<p>Das Creaplast Wirbels\u00e4ule Okziput\u2013Sakrum Solid Foam Modell ist eine vollst\u00e4ndige anatomische Nachbildung der menschlichen Wirbels\u00e4ule, vom Hinterhauptbein des Sch\u00e4dels bis zum Sakrum. Hergestellt aus hochdichtem Hartschaum, bietet es au\u00dfergew\u00f6hnliche anatomische Pr\u00e4zision und dauerhafte Best\u00e4ndigkeit, ideal f\u00fcr Ausbildung, Forschung und chirurgische Simulation. <\/p>\n","protected":false},"featured_media":3363,"template":"","meta":[],"product_brand":[191],"product_cat":[221],"product_tag":[241],"class_list":{"0":"post-4689","1":"product","2":"type-product","3":"status-publish","4":"has-post-thumbnail","6":"product_brand-creaplast","7":"product_cat-anatomische-tafeln-und-modelle","8":"product_tag-anatomietraining","10":"first","11":"instock","12":"shipping-taxable","13":"purchasable","14":"product-type-simple"},"yoast_head":"<!-- This site is optimized with the Yoast SEO plugin v26.8 - https:\/\/yoast.com\/product\/yoast-seo-wordpress\/ -->\n<title>Wirbels\u00e4ule Okziput\u2013Sakrum Solid Foam: vollst\u00e4ndiges Modell<\/title>\n<meta name=\"description\" content=\"Vollst\u00e4ndiges Modell der Wirbels\u00e4ule Okziput\u2013Sakrum aus Solid Foam, ideal f\u00fcr anatomische Studien, Biomechanik und chirurgische Ausbildung.\" \/>\n<meta name=\"robots\" content=\"index, follow, max-snippet:-1, max-image-preview:large, max-video-preview:-1\" \/>\n<link rel=\"canonical\" href=\"https:\/\/lifesupportdistribution.fr\/de\/produkt\/wirbelsaeule-okziput-sakrum-solid-foam\/\" \/>\n<meta property=\"og:locale\" content=\"de_DE\" \/>\n<meta property=\"og:type\" content=\"article\" \/>\n<meta property=\"og:title\" content=\"Wirbels\u00e4ule Okziput\u2013Sakrum Solid Foam: vollst\u00e4ndiges Modell\" \/>\n<meta property=\"og:description\" content=\"Vollst\u00e4ndiges Modell der Wirbels\u00e4ule Okziput\u2013Sakrum aus Solid Foam, ideal f\u00fcr anatomische Studien, Biomechanik und chirurgische Ausbildung.\" \/>\n<meta property=\"og:url\" content=\"https:\/\/lifesupportdistribution.fr\/de\/produkt\/wirbelsaeule-okziput-sakrum-solid-foam\/\" \/>\n<meta property=\"og:site_name\" content=\"Life Support Distribution\" \/>\n<meta property=\"og:image\" content=\"https:\/\/lifesupportdistribution.fr\/wp-content\/uploads\/2025\/12\/rachis-occiputs-solid-foam.jpg\" \/>\n\t<meta property=\"og:image:width\" content=\"600\" \/>\n\t<meta property=\"og:image:height\" content=\"400\" \/>\n\t<meta property=\"og:image:type\" content=\"image\/jpeg\" \/>\n<meta name=\"twitter:card\" content=\"summary_large_image\" \/>\n<meta name=\"twitter:label1\" content=\"Gesch\u00e4tzte Lesezeit\" \/>\n\t<meta name=\"twitter:data1\" content=\"1\u00a0Minute\" \/>\n<script type=\"application\/ld+json\" class=\"yoast-schema-graph\">{\"@context\":\"https:\/\/schema.org\",\"@graph\":[{\"@type\":\"WebPage\",\"@id\":\"https:\/\/lifesupportdistribution.fr\/de\/produkt\/wirbelsaeule-okziput-sakrum-solid-foam\/\",\"url\":\"https:\/\/lifesupportdistribution.fr\/de\/produkt\/wirbelsaeule-okziput-sakrum-solid-foam\/\",\"name\":\"Wirbels\u00e4ule Okziput\u2013Sakrum Solid Foam: vollst\u00e4ndiges Modell\",\"isPartOf\":{\"@id\":\"https:\/\/lifesupportdistribution.fr\/de\/#website\"},\"primaryImageOfPage\":{\"@id\":\"https:\/\/lifesupportdistribution.fr\/de\/produkt\/wirbelsaeule-okziput-sakrum-solid-foam\/#primaryimage\"},\"image\":{\"@id\":\"https:\/\/lifesupportdistribution.fr\/de\/produkt\/wirbelsaeule-okziput-sakrum-solid-foam\/#primaryimage\"},\"thumbnailUrl\":\"https:\/\/lifesupportdistribution.fr\/wp-content\/uploads\/2025\/12\/rachis-occiputs-solid-foam.jpg\",\"datePublished\":\"2025-12-11T12:42:08+00:00\",\"description\":\"Vollst\u00e4ndiges Modell der Wirbels\u00e4ule Okziput\u2013Sakrum aus Solid Foam, ideal f\u00fcr anatomische Studien, Biomechanik und chirurgische Ausbildung.\",\"breadcrumb\":{\"@id\":\"https:\/\/lifesupportdistribution.fr\/de\/produkt\/wirbelsaeule-okziput-sakrum-solid-foam\/#breadcrumb\"},\"inLanguage\":\"de\",\"potentialAction\":[{\"@type\":\"ReadAction\",\"target\":[\"https:\/\/lifesupportdistribution.fr\/de\/produkt\/wirbelsaeule-okziput-sakrum-solid-foam\/\"]}]},{\"@type\":\"ImageObject\",\"inLanguage\":\"de\",\"@id\":\"https:\/\/lifesupportdistribution.fr\/de\/produkt\/wirbelsaeule-okziput-sakrum-solid-foam\/#primaryimage\",\"url\":\"https:\/\/lifesupportdistribution.fr\/wp-content\/uploads\/2025\/12\/rachis-occiputs-solid-foam.jpg\",\"contentUrl\":\"https:\/\/lifesupportdistribution.fr\/wp-content\/uploads\/2025\/12\/rachis-occiputs-solid-foam.jpg\",\"width\":600,\"height\":400},{\"@type\":\"BreadcrumbList\",\"@id\":\"https:\/\/lifesupportdistribution.fr\/de\/produkt\/wirbelsaeule-okziput-sakrum-solid-foam\/#breadcrumb\",\"itemListElement\":[{\"@type\":\"ListItem\",\"position\":1,\"name\":\"Accueil\",\"item\":\"https:\/\/lifesupportdistribution.fr\/de\/startseite\/\"},{\"@type\":\"ListItem\",\"position\":2,\"name\":\"Shop\",\"item\":\"https:\/\/lifesupportdistribution.fr\/de\/shop\/\"},{\"@type\":\"ListItem\",\"position\":3,\"name\":\"Wirbels\u00e4ule Okziput\u2013Sakrum Solid Foam\"}]},{\"@type\":\"WebSite\",\"@id\":\"https:\/\/lifesupportdistribution.fr\/de\/#website\",\"url\":\"https:\/\/lifesupportdistribution.fr\/de\/\",\"name\":\"Life Support Distribution\",\"description\":\"Solutions en simulation m\u00e9dicale\",\"publisher\":{\"@id\":\"https:\/\/lifesupportdistribution.fr\/de\/#organization\"},\"potentialAction\":[{\"@type\":\"SearchAction\",\"target\":{\"@type\":\"EntryPoint\",\"urlTemplate\":\"https:\/\/lifesupportdistribution.fr\/de\/?s={search_term_string}\"},\"query-input\":{\"@type\":\"PropertyValueSpecification\",\"valueRequired\":true,\"valueName\":\"search_term_string\"}}],\"inLanguage\":\"de\"},{\"@type\":\"Organization\",\"@id\":\"https:\/\/lifesupportdistribution.fr\/de\/#organization\",\"name\":\"Life Support Distribution\",\"url\":\"https:\/\/lifesupportdistribution.fr\/de\/\",\"logo\":{\"@type\":\"ImageObject\",\"inLanguage\":\"de\",\"@id\":\"https:\/\/lifesupportdistribution.fr\/de\/#\/schema\/logo\/image\/\",\"url\":\"https:\/\/lifesupportdistribution.fr\/wp-content\/uploads\/2025\/10\/logo-life-support-distribution.svg\",\"contentUrl\":\"https:\/\/lifesupportdistribution.fr\/wp-content\/uploads\/2025\/10\/logo-life-support-distribution.svg\",\"width\":698,\"height\":223,\"caption\":\"Life Support Distribution\"},\"image\":{\"@id\":\"https:\/\/lifesupportdistribution.fr\/de\/#\/schema\/logo\/image\/\"},\"sameAs\":[\"https:\/\/www.linkedin.com\/company\/life-support-distribution\/\"]}]}<\/script>\n<!-- \/ Yoast SEO plugin. -->","yoast_head_json":{"title":"Wirbels\u00e4ule Okziput\u2013Sakrum Solid Foam: vollst\u00e4ndiges Modell","description":"Vollst\u00e4ndiges Modell der Wirbels\u00e4ule Okziput\u2013Sakrum aus Solid Foam, ideal f\u00fcr anatomische Studien, Biomechanik und chirurgische Ausbildung.","robots":{"index":"index","follow":"follow","max-snippet":"max-snippet:-1","max-image-preview":"max-image-preview:large","max-video-preview":"max-video-preview:-1"},"canonical":"https:\/\/lifesupportdistribution.fr\/de\/produkt\/wirbelsaeule-okziput-sakrum-solid-foam\/","og_locale":"de_DE","og_type":"article","og_title":"Wirbels\u00e4ule Okziput\u2013Sakrum Solid Foam: vollst\u00e4ndiges Modell","og_description":"Vollst\u00e4ndiges Modell der Wirbels\u00e4ule Okziput\u2013Sakrum aus Solid Foam, ideal f\u00fcr anatomische Studien, Biomechanik und chirurgische Ausbildung.","og_url":"https:\/\/lifesupportdistribution.fr\/de\/produkt\/wirbelsaeule-okziput-sakrum-solid-foam\/","og_site_name":"Life Support Distribution","og_image":[{"width":600,"height":400,"url":"https:\/\/lifesupportdistribution.fr\/wp-content\/uploads\/2025\/12\/rachis-occiputs-solid-foam.jpg","type":"image\/jpeg"}],"twitter_card":"summary_large_image","twitter_misc":{"Gesch\u00e4tzte Lesezeit":"1\u00a0Minute"},"schema":{"@context":"https:\/\/schema.org","@graph":[{"@type":"WebPage","@id":"https:\/\/lifesupportdistribution.fr\/de\/produkt\/wirbelsaeule-okziput-sakrum-solid-foam\/","url":"https:\/\/lifesupportdistribution.fr\/de\/produkt\/wirbelsaeule-okziput-sakrum-solid-foam\/","name":"Wirbels\u00e4ule Okziput\u2013Sakrum Solid Foam: vollst\u00e4ndiges Modell","isPartOf":{"@id":"https:\/\/lifesupportdistribution.fr\/de\/#website"},"primaryImageOfPage":{"@id":"https:\/\/lifesupportdistribution.fr\/de\/produkt\/wirbelsaeule-okziput-sakrum-solid-foam\/#primaryimage"},"image":{"@id":"https:\/\/lifesupportdistribution.fr\/de\/produkt\/wirbelsaeule-okziput-sakrum-solid-foam\/#primaryimage"},"thumbnailUrl":"https:\/\/lifesupportdistribution.fr\/wp-content\/uploads\/2025\/12\/rachis-occiputs-solid-foam.jpg","datePublished":"2025-12-11T12:42:08+00:00","description":"Vollst\u00e4ndiges Modell der Wirbels\u00e4ule Okziput\u2013Sakrum aus Solid Foam, ideal f\u00fcr anatomische Studien, Biomechanik und chirurgische Ausbildung.","breadcrumb":{"@id":"https:\/\/lifesupportdistribution.fr\/de\/produkt\/wirbelsaeule-okziput-sakrum-solid-foam\/#breadcrumb"},"inLanguage":"de","potentialAction":[{"@type":"ReadAction","target":["https:\/\/lifesupportdistribution.fr\/de\/produkt\/wirbelsaeule-okziput-sakrum-solid-foam\/"]}]},{"@type":"ImageObject","inLanguage":"de","@id":"https:\/\/lifesupportdistribution.fr\/de\/produkt\/wirbelsaeule-okziput-sakrum-solid-foam\/#primaryimage","url":"https:\/\/lifesupportdistribution.fr\/wp-content\/uploads\/2025\/12\/rachis-occiputs-solid-foam.jpg","contentUrl":"https:\/\/lifesupportdistribution.fr\/wp-content\/uploads\/2025\/12\/rachis-occiputs-solid-foam.jpg","width":600,"height":400},{"@type":"BreadcrumbList","@id":"https:\/\/lifesupportdistribution.fr\/de\/produkt\/wirbelsaeule-okziput-sakrum-solid-foam\/#breadcrumb","itemListElement":[{"@type":"ListItem","position":1,"name":"Accueil","item":"https:\/\/lifesupportdistribution.fr\/de\/startseite\/"},{"@type":"ListItem","position":2,"name":"Shop","item":"https:\/\/lifesupportdistribution.fr\/de\/shop\/"},{"@type":"ListItem","position":3,"name":"Wirbels\u00e4ule Okziput\u2013Sakrum Solid Foam"}]},{"@type":"WebSite","@id":"https:\/\/lifesupportdistribution.fr\/de\/#website","url":"https:\/\/lifesupportdistribution.fr\/de\/","name":"Life Support Distribution","description":"Solutions en simulation m\u00e9dicale","publisher":{"@id":"https:\/\/lifesupportdistribution.fr\/de\/#organization"},"potentialAction":[{"@type":"SearchAction","target":{"@type":"EntryPoint","urlTemplate":"https:\/\/lifesupportdistribution.fr\/de\/?s={search_term_string}"},"query-input":{"@type":"PropertyValueSpecification","valueRequired":true,"valueName":"search_term_string"}}],"inLanguage":"de"},{"@type":"Organization","@id":"https:\/\/lifesupportdistribution.fr\/de\/#organization","name":"Life Support Distribution","url":"https:\/\/lifesupportdistribution.fr\/de\/","logo":{"@type":"ImageObject","inLanguage":"de","@id":"https:\/\/lifesupportdistribution.fr\/de\/#\/schema\/logo\/image\/","url":"https:\/\/lifesupportdistribution.fr\/wp-content\/uploads\/2025\/10\/logo-life-support-distribution.svg","contentUrl":"https:\/\/lifesupportdistribution.fr\/wp-content\/uploads\/2025\/10\/logo-life-support-distribution.svg","width":698,"height":223,"caption":"Life Support Distribution"},"image":{"@id":"https:\/\/lifesupportdistribution.fr\/de\/#\/schema\/logo\/image\/"},"sameAs":["https:\/\/www.linkedin.com\/company\/life-support-distribution\/"]}]}},"_links":{"self":[{"href":"https:\/\/lifesupportdistribution.fr\/de\/wp-json\/wp\/v2\/product\/4689","targetHints":{"allow":["GET"]}}],"collection":[{"href":"https:\/\/lifesupportdistribution.fr\/de\/wp-json\/wp\/v2\/product"}],"about":[{"href":"https:\/\/lifesupportdistribution.fr\/de\/wp-json\/wp\/v2\/types\/product"}],"wp:featuredmedia":[{"embeddable":true,"href":"https:\/\/lifesupportdistribution.fr\/de\/wp-json\/wp\/v2\/media\/3363"}],"wp:attachment":[{"href":"https:\/\/lifesupportdistribution.fr\/de\/wp-json\/wp\/v2\/media?parent=4689"}],"wp:term":[{"taxonomy":"product_brand","embeddable":true,"href":"https:\/\/lifesupportdistribution.fr\/de\/wp-json\/wp\/v2\/product_brand?post=4689"},{"taxonomy":"product_cat","embeddable":true,"href":"https:\/\/lifesupportdistribution.fr\/de\/wp-json\/wp\/v2\/product_cat?post=4689"},{"taxonomy":"product_tag","embeddable":true,"href":"https:\/\/lifesupportdistribution.fr\/de\/wp-json\/wp\/v2\/product_tag?post=4689"}],"curies":[{"name":"wp","href":"https:\/\/api.w.org\/{rel}","templated":true}]}}