{"id":4715,"date":"2025-12-11T13:03:02","date_gmt":"2025-12-11T12:03:02","guid":{"rendered":"https:\/\/lifesupportdistribution.fr\/produits\/l2-l5-wirbelsaeule-elastomer\/"},"modified":"2026-01-02T14:06:30","modified_gmt":"2026-01-02T13:06:30","slug":"l2-l5-wirbelsaeule-elastomer","status":"publish","type":"product","link":"https:\/\/lifesupportdistribution.fr\/de\/produkt\/l2-l5-wirbelsaeule-elastomer\/","title":{"rendered":"L2\u2013L5 Wirbels\u00e4ule Elastomer"},"content":{"rendered":"<p>Das L2\u2013L5 Wirbels\u00e4ule Elastomer Modell bildet den unteren Teil der Lendenwirbels\u00e4ule, einschlie\u00dflich der Wirbel L2 bis L5, getreu ab.<br \/>\nDank seiner Konstruktion aus hochdichtem Hartschaum (solid foam), integriert in eine weiche Elastomerstruktur, kombiniert dieses Modell anatomische Pr\u00e4zision und Flexibilit\u00e4t.<br \/>\nHergestellt von Creaplast, einer franz\u00f6sischen Referenz f\u00fcr anatomische Modelle, wird es in Universit\u00e4ten, Gesundheitsschulen, Biomechaniklaboren und chirurgischen Ausbildungszentren eingesetzt.<br \/>\nDieses Modell hebt Wirbelk\u00f6rper, Bandscheiben, Apophysen und Gelenkfl\u00e4chen hervor und erm\u00f6glicht gleichzeitig eine nat\u00fcrliche Verformung unter Belastung, ideal f\u00fcr die Lehre der Wirbels\u00e4ulenbiomechanik.<br \/>\nEs ist ein unverzichtbares Lehrmittel zum Verst\u00e4ndnis lumbaler Bewegungen, zur Demonstration von Wirbels\u00e4ulenpathologien (Bandscheibenvorf\u00e4lle, Instabilit\u00e4ten) und zur Ausbildung in klinischen oder chirurgischen Verfahren.<\/p>\n","protected":false},"excerpt":{"rendered":"<p>Das L2\u2013L5 Wirbels\u00e4ule Elastomer Modell von Creaplast ist ein flexibles und realistisches anatomisches Modell des unteren Lendenwirbels\u00e4ulensegments. Hergestellt aus hochdichtem Hartschaum in Kombination mit einem flexiblen Elastomer, erm\u00f6glicht es die Beobachtung der Wirbelmobilit\u00e4t und der nat\u00fcrlichen mechanischen Wechselwirkungen der Lendenwirbels\u00e4ule. <\/p>\n","protected":false},"featured_media":4716,"template":"","meta":[],"product_brand":[191],"product_cat":[221,222],"product_tag":[237,241,250,248],"class_list":{"0":"post-4715","1":"product","2":"type-product","3":"status-publish","4":"has-post-thumbnail","6":"product_brand-creaplast","7":"product_cat-anatomische-tafeln-und-modelle","8":"product_cat-simulatoren-fur-medizinische-versorgung","9":"product_tag-anasthesie","10":"product_tag-anatomietraining","11":"product_tag-chirurgie","12":"product_tag-radiologie","14":"first","15":"instock","16":"shipping-taxable","17":"purchasable","18":"product-type-simple"},"yoast_head":"<!-- This site is optimized with the Yoast SEO plugin v26.8 - https:\/\/yoast.com\/product\/yoast-seo-wordpress\/ -->\n<title>L2\u2013L5 Wirbels\u00e4ule Elastomer \u2013 Flexibles Lendenwirbels\u00e4ulensegment<\/title>\n<meta name=\"description\" content=\"Flexibles L2\u2013L5 Modell aus Elastomer, ideal zur Untersuchung der lumbalen Mobilit\u00e4t und der Wirbelmechanismen in der medizinischen Ausbildung.\" \/>\n<meta name=\"robots\" content=\"index, follow, max-snippet:-1, max-image-preview:large, max-video-preview:-1\" \/>\n<link rel=\"canonical\" href=\"https:\/\/lifesupportdistribution.fr\/de\/produkt\/l2-l5-wirbelsaeule-elastomer\/\" \/>\n<meta property=\"og:locale\" content=\"de_DE\" \/>\n<meta property=\"og:type\" content=\"article\" \/>\n<meta property=\"og:title\" content=\"L2\u2013L5 Wirbels\u00e4ule Elastomer \u2013 Flexibles Lendenwirbels\u00e4ulensegment\" \/>\n<meta property=\"og:description\" content=\"Flexibles L2\u2013L5 Modell aus Elastomer, ideal zur Untersuchung der lumbalen Mobilit\u00e4t und der Wirbelmechanismen in der medizinischen Ausbildung.\" \/>\n<meta property=\"og:url\" content=\"https:\/\/lifesupportdistribution.fr\/de\/produkt\/l2-l5-wirbelsaeule-elastomer\/\" \/>\n<meta property=\"og:site_name\" content=\"Life Support Distribution\" \/>\n<meta property=\"article:modified_time\" content=\"2026-01-02T13:06:30+00:00\" \/>\n<meta property=\"og:image\" content=\"https:\/\/lifesupportdistribution.fr\/wp-content\/uploads\/2025\/12\/l2l5-elastomere.jpg\" \/>\n\t<meta property=\"og:image:width\" content=\"600\" \/>\n\t<meta property=\"og:image:height\" content=\"400\" \/>\n\t<meta property=\"og:image:type\" content=\"image\/jpeg\" \/>\n<meta name=\"twitter:card\" content=\"summary_large_image\" \/>\n<meta name=\"twitter:label1\" content=\"Gesch\u00e4tzte Lesezeit\" \/>\n\t<meta name=\"twitter:data1\" content=\"1\u00a0Minute\" \/>\n<script type=\"application\/ld+json\" class=\"yoast-schema-graph\">{\"@context\":\"https:\/\/schema.org\",\"@graph\":[{\"@type\":\"WebPage\",\"@id\":\"https:\/\/lifesupportdistribution.fr\/de\/produkt\/l2-l5-wirbelsaeule-elastomer\/\",\"url\":\"https:\/\/lifesupportdistribution.fr\/de\/produkt\/l2-l5-wirbelsaeule-elastomer\/\",\"name\":\"L2\u2013L5 Wirbels\u00e4ule Elastomer \u2013 Flexibles Lendenwirbels\u00e4ulensegment\",\"isPartOf\":{\"@id\":\"https:\/\/lifesupportdistribution.fr\/de\/#website\"},\"primaryImageOfPage\":{\"@id\":\"https:\/\/lifesupportdistribution.fr\/de\/produkt\/l2-l5-wirbelsaeule-elastomer\/#primaryimage\"},\"image\":{\"@id\":\"https:\/\/lifesupportdistribution.fr\/de\/produkt\/l2-l5-wirbelsaeule-elastomer\/#primaryimage\"},\"thumbnailUrl\":\"https:\/\/lifesupportdistribution.fr\/wp-content\/uploads\/2025\/12\/l2l5-elastomere.jpg\",\"datePublished\":\"2025-12-11T12:03:02+00:00\",\"dateModified\":\"2026-01-02T13:06:30+00:00\",\"description\":\"Flexibles L2\u2013L5 Modell aus Elastomer, ideal zur Untersuchung der lumbalen Mobilit\u00e4t und der Wirbelmechanismen in der medizinischen Ausbildung.\",\"breadcrumb\":{\"@id\":\"https:\/\/lifesupportdistribution.fr\/de\/produkt\/l2-l5-wirbelsaeule-elastomer\/#breadcrumb\"},\"inLanguage\":\"de\",\"potentialAction\":[{\"@type\":\"ReadAction\",\"target\":[\"https:\/\/lifesupportdistribution.fr\/de\/produkt\/l2-l5-wirbelsaeule-elastomer\/\"]}]},{\"@type\":\"ImageObject\",\"inLanguage\":\"de\",\"@id\":\"https:\/\/lifesupportdistribution.fr\/de\/produkt\/l2-l5-wirbelsaeule-elastomer\/#primaryimage\",\"url\":\"https:\/\/lifesupportdistribution.fr\/wp-content\/uploads\/2025\/12\/l2l5-elastomere.jpg\",\"contentUrl\":\"https:\/\/lifesupportdistribution.fr\/wp-content\/uploads\/2025\/12\/l2l5-elastomere.jpg\",\"width\":600,\"height\":400},{\"@type\":\"BreadcrumbList\",\"@id\":\"https:\/\/lifesupportdistribution.fr\/de\/produkt\/l2-l5-wirbelsaeule-elastomer\/#breadcrumb\",\"itemListElement\":[{\"@type\":\"ListItem\",\"position\":1,\"name\":\"Accueil\",\"item\":\"https:\/\/lifesupportdistribution.fr\/de\/startseite\/\"},{\"@type\":\"ListItem\",\"position\":2,\"name\":\"Shop\",\"item\":\"https:\/\/lifesupportdistribution.fr\/de\/shop\/\"},{\"@type\":\"ListItem\",\"position\":3,\"name\":\"L2\u2013L5 Wirbels\u00e4ule Elastomer\"}]},{\"@type\":\"WebSite\",\"@id\":\"https:\/\/lifesupportdistribution.fr\/de\/#website\",\"url\":\"https:\/\/lifesupportdistribution.fr\/de\/\",\"name\":\"Life Support Distribution\",\"description\":\"Solutions en simulation m\u00e9dicale\",\"publisher\":{\"@id\":\"https:\/\/lifesupportdistribution.fr\/de\/#organization\"},\"potentialAction\":[{\"@type\":\"SearchAction\",\"target\":{\"@type\":\"EntryPoint\",\"urlTemplate\":\"https:\/\/lifesupportdistribution.fr\/de\/?s={search_term_string}\"},\"query-input\":{\"@type\":\"PropertyValueSpecification\",\"valueRequired\":true,\"valueName\":\"search_term_string\"}}],\"inLanguage\":\"de\"},{\"@type\":\"Organization\",\"@id\":\"https:\/\/lifesupportdistribution.fr\/de\/#organization\",\"name\":\"Life Support Distribution\",\"url\":\"https:\/\/lifesupportdistribution.fr\/de\/\",\"logo\":{\"@type\":\"ImageObject\",\"inLanguage\":\"de\",\"@id\":\"https:\/\/lifesupportdistribution.fr\/de\/#\/schema\/logo\/image\/\",\"url\":\"https:\/\/lifesupportdistribution.fr\/wp-content\/uploads\/2025\/10\/logo-life-support-distribution.svg\",\"contentUrl\":\"https:\/\/lifesupportdistribution.fr\/wp-content\/uploads\/2025\/10\/logo-life-support-distribution.svg\",\"width\":698,\"height\":223,\"caption\":\"Life Support Distribution\"},\"image\":{\"@id\":\"https:\/\/lifesupportdistribution.fr\/de\/#\/schema\/logo\/image\/\"},\"sameAs\":[\"https:\/\/www.linkedin.com\/company\/life-support-distribution\/\"]}]}<\/script>\n<!-- \/ Yoast SEO plugin. -->","yoast_head_json":{"title":"L2\u2013L5 Wirbels\u00e4ule Elastomer \u2013 Flexibles Lendenwirbels\u00e4ulensegment","description":"Flexibles L2\u2013L5 Modell aus Elastomer, ideal zur Untersuchung der lumbalen Mobilit\u00e4t und der Wirbelmechanismen in der medizinischen Ausbildung.","robots":{"index":"index","follow":"follow","max-snippet":"max-snippet:-1","max-image-preview":"max-image-preview:large","max-video-preview":"max-video-preview:-1"},"canonical":"https:\/\/lifesupportdistribution.fr\/de\/produkt\/l2-l5-wirbelsaeule-elastomer\/","og_locale":"de_DE","og_type":"article","og_title":"L2\u2013L5 Wirbels\u00e4ule Elastomer \u2013 Flexibles Lendenwirbels\u00e4ulensegment","og_description":"Flexibles L2\u2013L5 Modell aus Elastomer, ideal zur Untersuchung der lumbalen Mobilit\u00e4t und der Wirbelmechanismen in der medizinischen Ausbildung.","og_url":"https:\/\/lifesupportdistribution.fr\/de\/produkt\/l2-l5-wirbelsaeule-elastomer\/","og_site_name":"Life Support Distribution","article_modified_time":"2026-01-02T13:06:30+00:00","og_image":[{"width":600,"height":400,"url":"https:\/\/lifesupportdistribution.fr\/wp-content\/uploads\/2025\/12\/l2l5-elastomere.jpg","type":"image\/jpeg"}],"twitter_card":"summary_large_image","twitter_misc":{"Gesch\u00e4tzte Lesezeit":"1\u00a0Minute"},"schema":{"@context":"https:\/\/schema.org","@graph":[{"@type":"WebPage","@id":"https:\/\/lifesupportdistribution.fr\/de\/produkt\/l2-l5-wirbelsaeule-elastomer\/","url":"https:\/\/lifesupportdistribution.fr\/de\/produkt\/l2-l5-wirbelsaeule-elastomer\/","name":"L2\u2013L5 Wirbels\u00e4ule Elastomer \u2013 Flexibles Lendenwirbels\u00e4ulensegment","isPartOf":{"@id":"https:\/\/lifesupportdistribution.fr\/de\/#website"},"primaryImageOfPage":{"@id":"https:\/\/lifesupportdistribution.fr\/de\/produkt\/l2-l5-wirbelsaeule-elastomer\/#primaryimage"},"image":{"@id":"https:\/\/lifesupportdistribution.fr\/de\/produkt\/l2-l5-wirbelsaeule-elastomer\/#primaryimage"},"thumbnailUrl":"https:\/\/lifesupportdistribution.fr\/wp-content\/uploads\/2025\/12\/l2l5-elastomere.jpg","datePublished":"2025-12-11T12:03:02+00:00","dateModified":"2026-01-02T13:06:30+00:00","description":"Flexibles L2\u2013L5 Modell aus Elastomer, ideal zur Untersuchung der lumbalen Mobilit\u00e4t und der Wirbelmechanismen in der medizinischen Ausbildung.","breadcrumb":{"@id":"https:\/\/lifesupportdistribution.fr\/de\/produkt\/l2-l5-wirbelsaeule-elastomer\/#breadcrumb"},"inLanguage":"de","potentialAction":[{"@type":"ReadAction","target":["https:\/\/lifesupportdistribution.fr\/de\/produkt\/l2-l5-wirbelsaeule-elastomer\/"]}]},{"@type":"ImageObject","inLanguage":"de","@id":"https:\/\/lifesupportdistribution.fr\/de\/produkt\/l2-l5-wirbelsaeule-elastomer\/#primaryimage","url":"https:\/\/lifesupportdistribution.fr\/wp-content\/uploads\/2025\/12\/l2l5-elastomere.jpg","contentUrl":"https:\/\/lifesupportdistribution.fr\/wp-content\/uploads\/2025\/12\/l2l5-elastomere.jpg","width":600,"height":400},{"@type":"BreadcrumbList","@id":"https:\/\/lifesupportdistribution.fr\/de\/produkt\/l2-l5-wirbelsaeule-elastomer\/#breadcrumb","itemListElement":[{"@type":"ListItem","position":1,"name":"Accueil","item":"https:\/\/lifesupportdistribution.fr\/de\/startseite\/"},{"@type":"ListItem","position":2,"name":"Shop","item":"https:\/\/lifesupportdistribution.fr\/de\/shop\/"},{"@type":"ListItem","position":3,"name":"L2\u2013L5 Wirbels\u00e4ule Elastomer"}]},{"@type":"WebSite","@id":"https:\/\/lifesupportdistribution.fr\/de\/#website","url":"https:\/\/lifesupportdistribution.fr\/de\/","name":"Life Support Distribution","description":"Solutions en simulation m\u00e9dicale","publisher":{"@id":"https:\/\/lifesupportdistribution.fr\/de\/#organization"},"potentialAction":[{"@type":"SearchAction","target":{"@type":"EntryPoint","urlTemplate":"https:\/\/lifesupportdistribution.fr\/de\/?s={search_term_string}"},"query-input":{"@type":"PropertyValueSpecification","valueRequired":true,"valueName":"search_term_string"}}],"inLanguage":"de"},{"@type":"Organization","@id":"https:\/\/lifesupportdistribution.fr\/de\/#organization","name":"Life Support Distribution","url":"https:\/\/lifesupportdistribution.fr\/de\/","logo":{"@type":"ImageObject","inLanguage":"de","@id":"https:\/\/lifesupportdistribution.fr\/de\/#\/schema\/logo\/image\/","url":"https:\/\/lifesupportdistribution.fr\/wp-content\/uploads\/2025\/10\/logo-life-support-distribution.svg","contentUrl":"https:\/\/lifesupportdistribution.fr\/wp-content\/uploads\/2025\/10\/logo-life-support-distribution.svg","width":698,"height":223,"caption":"Life Support Distribution"},"image":{"@id":"https:\/\/lifesupportdistribution.fr\/de\/#\/schema\/logo\/image\/"},"sameAs":["https:\/\/www.linkedin.com\/company\/life-support-distribution\/"]}]}},"_links":{"self":[{"href":"https:\/\/lifesupportdistribution.fr\/de\/wp-json\/wp\/v2\/product\/4715","targetHints":{"allow":["GET"]}}],"collection":[{"href":"https:\/\/lifesupportdistribution.fr\/de\/wp-json\/wp\/v2\/product"}],"about":[{"href":"https:\/\/lifesupportdistribution.fr\/de\/wp-json\/wp\/v2\/types\/product"}],"wp:featuredmedia":[{"embeddable":true,"href":"https:\/\/lifesupportdistribution.fr\/de\/wp-json\/wp\/v2\/media\/4716"}],"wp:attachment":[{"href":"https:\/\/lifesupportdistribution.fr\/de\/wp-json\/wp\/v2\/media?parent=4715"}],"wp:term":[{"taxonomy":"product_brand","embeddable":true,"href":"https:\/\/lifesupportdistribution.fr\/de\/wp-json\/wp\/v2\/product_brand?post=4715"},{"taxonomy":"product_cat","embeddable":true,"href":"https:\/\/lifesupportdistribution.fr\/de\/wp-json\/wp\/v2\/product_cat?post=4715"},{"taxonomy":"product_tag","embeddable":true,"href":"https:\/\/lifesupportdistribution.fr\/de\/wp-json\/wp\/v2\/product_tag?post=4715"}],"curies":[{"name":"wp","href":"https:\/\/api.w.org\/{rel}","templated":true}]}}