{"id":4748,"date":"2025-12-11T12:02:33","date_gmt":"2025-12-11T11:02:33","guid":{"rendered":"https:\/\/lifesupportdistribution.fr\/produits\/wirbel-c5-solid-foam\/"},"modified":"2025-12-11T12:02:33","modified_gmt":"2025-12-11T11:02:33","slug":"wirbel-c5-solid-foam","status":"publish","type":"product","link":"https:\/\/lifesupportdistribution.fr\/de\/produkt\/wirbel-c5-solid-foam\/","title":{"rendered":"Wirbel C5 Solid Foam"},"content":{"rendered":"<p>Der Wirbel C5 Solid Foam bildet den f\u00fcnften Halswirbel, der sich im Zentrum der Halswirbels\u00e4ule befindet, exakt ab.<br \/>\nDieses Modell hebt die wichtigsten anatomischen Strukturen hervor, wie den Wirbelk\u00f6rper, die Dorn- und Querforts\u00e4tze, die Gelenkfl\u00e4chen und die Wirbelforamina.<br \/>\nHergestellt aus hochdichtem Hartschaum (Solid Foam), garantiert es optimale Verschlei\u00dffestigkeit und eine hohe Detailgenauigkeit, w\u00e4hrend es leicht und einfach zu handhaben ist.<br \/>\nEntwickelt von Creaplast, einer franz\u00f6sischen Referenz f\u00fcr anatomische Modelle, wird dieses Modell in Universit\u00e4ten, Gesundheitsschulen, Anatomielaboren, Chirurgie- und Rehabilitationsabteilungen eingesetzt.<br \/>\nEs ist ein ideales Lernmittel, um die Biomechanik der Halswirbels\u00e4ule, kn\u00f6cherne Orientierungspunkte und h\u00e4ufige Nackenerkrankungen zu verstehen.<\/p>\n","protected":false},"excerpt":{"rendered":"<p>Der Wirbel C5 Solid Foam von Creaplast ist eine pr\u00e4zise anatomische Nachbildung des f\u00fcnften Halswirbels. Hergestellt aus hochdichtem Hartschaum, vereint er anatomischen Realismus, Robustheit und Leichtigkeit und bietet eine ideale Unterst\u00fctzung f\u00fcr Ausbildung, Forschung und medizinische Demonstrationen. <\/p>\n","protected":false},"featured_media":3265,"template":"","meta":[],"product_brand":[191],"product_cat":[221],"product_tag":[241],"class_list":{"0":"post-4748","1":"product","2":"type-product","3":"status-publish","4":"has-post-thumbnail","6":"product_brand-creaplast","7":"product_cat-anatomische-tafeln-und-modelle","8":"product_tag-anatomietraining","10":"first","11":"instock","12":"shipping-taxable","13":"purchasable","14":"product-type-simple"},"yoast_head":"<!-- This site is optimized with the Yoast SEO plugin v27.5 - https:\/\/yoast.com\/product\/yoast-seo-wordpress\/ -->\n<title>Wirbel C5 Solid Foam \u2013 Anatomiemodell Creaplast<\/title>\n<meta name=\"description\" content=\"Wirbel C5 Solid Foam: pr\u00e4zise und langlebige Nachbildung des f\u00fcnften Halswirbels, ideal f\u00fcr medizinische Ausbildung und Forschung.\" \/>\n<meta name=\"robots\" content=\"index, follow, max-snippet:-1, max-image-preview:large, max-video-preview:-1\" \/>\n<link rel=\"canonical\" href=\"https:\/\/lifesupportdistribution.fr\/de\/produkt\/wirbel-c5-solid-foam\/\" \/>\n<meta property=\"og:locale\" content=\"de_DE\" \/>\n<meta property=\"og:type\" content=\"article\" \/>\n<meta property=\"og:title\" content=\"Wirbel C5 Solid Foam \u2013 Anatomiemodell Creaplast\" \/>\n<meta property=\"og:description\" content=\"Wirbel C5 Solid Foam: pr\u00e4zise und langlebige Nachbildung des f\u00fcnften Halswirbels, ideal f\u00fcr medizinische Ausbildung und Forschung.\" \/>\n<meta property=\"og:url\" content=\"https:\/\/lifesupportdistribution.fr\/de\/produkt\/wirbel-c5-solid-foam\/\" \/>\n<meta property=\"og:site_name\" content=\"Life Support Distribution\" \/>\n<meta property=\"og:image\" content=\"https:\/\/lifesupportdistribution.fr\/wp-content\/uploads\/2025\/12\/vertebre-c5-solid-foam.jpg\" \/>\n\t<meta property=\"og:image:width\" content=\"600\" \/>\n\t<meta property=\"og:image:height\" content=\"400\" \/>\n\t<meta property=\"og:image:type\" content=\"image\/jpeg\" \/>\n<meta name=\"twitter:card\" content=\"summary_large_image\" \/>\n<meta name=\"twitter:label1\" content=\"Gesch\u00e4tzte Lesezeit\" \/>\n\t<meta name=\"twitter:data1\" content=\"1\u00a0Minute\" \/>\n<script type=\"application\/ld+json\" class=\"yoast-schema-graph\">{\"@context\":\"https:\\\/\\\/schema.org\",\"@graph\":[{\"@type\":\"WebPage\",\"@id\":\"https:\\\/\\\/lifesupportdistribution.fr\\\/de\\\/produkt\\\/wirbel-c5-solid-foam\\\/\",\"url\":\"https:\\\/\\\/lifesupportdistribution.fr\\\/de\\\/produkt\\\/wirbel-c5-solid-foam\\\/\",\"name\":\"Wirbel C5 Solid Foam \u2013 Anatomiemodell Creaplast\",\"isPartOf\":{\"@id\":\"https:\\\/\\\/lifesupportdistribution.fr\\\/de\\\/#website\"},\"primaryImageOfPage\":{\"@id\":\"https:\\\/\\\/lifesupportdistribution.fr\\\/de\\\/produkt\\\/wirbel-c5-solid-foam\\\/#primaryimage\"},\"image\":{\"@id\":\"https:\\\/\\\/lifesupportdistribution.fr\\\/de\\\/produkt\\\/wirbel-c5-solid-foam\\\/#primaryimage\"},\"thumbnailUrl\":\"https:\\\/\\\/lifesupportdistribution.fr\\\/wp-content\\\/uploads\\\/2025\\\/12\\\/vertebre-c5-solid-foam.jpg\",\"datePublished\":\"2025-12-11T11:02:33+00:00\",\"description\":\"Wirbel C5 Solid Foam: pr\u00e4zise und langlebige Nachbildung des f\u00fcnften Halswirbels, ideal f\u00fcr medizinische Ausbildung und Forschung.\",\"breadcrumb\":{\"@id\":\"https:\\\/\\\/lifesupportdistribution.fr\\\/de\\\/produkt\\\/wirbel-c5-solid-foam\\\/#breadcrumb\"},\"inLanguage\":\"de\",\"potentialAction\":[{\"@type\":\"ReadAction\",\"target\":[\"https:\\\/\\\/lifesupportdistribution.fr\\\/de\\\/produkt\\\/wirbel-c5-solid-foam\\\/\"]}]},{\"@type\":\"ImageObject\",\"inLanguage\":\"de\",\"@id\":\"https:\\\/\\\/lifesupportdistribution.fr\\\/de\\\/produkt\\\/wirbel-c5-solid-foam\\\/#primaryimage\",\"url\":\"https:\\\/\\\/lifesupportdistribution.fr\\\/wp-content\\\/uploads\\\/2025\\\/12\\\/vertebre-c5-solid-foam.jpg\",\"contentUrl\":\"https:\\\/\\\/lifesupportdistribution.fr\\\/wp-content\\\/uploads\\\/2025\\\/12\\\/vertebre-c5-solid-foam.jpg\",\"width\":600,\"height\":400},{\"@type\":\"BreadcrumbList\",\"@id\":\"https:\\\/\\\/lifesupportdistribution.fr\\\/de\\\/produkt\\\/wirbel-c5-solid-foam\\\/#breadcrumb\",\"itemListElement\":[{\"@type\":\"ListItem\",\"position\":1,\"name\":\"Accueil\",\"item\":\"https:\\\/\\\/lifesupportdistribution.fr\\\/de\\\/startseite\\\/\"},{\"@type\":\"ListItem\",\"position\":2,\"name\":\"Shop\",\"item\":\"https:\\\/\\\/lifesupportdistribution.fr\\\/de\\\/shop\\\/\"},{\"@type\":\"ListItem\",\"position\":3,\"name\":\"Wirbel C5 Solid Foam\"}]},{\"@type\":\"WebSite\",\"@id\":\"https:\\\/\\\/lifesupportdistribution.fr\\\/de\\\/#website\",\"url\":\"https:\\\/\\\/lifesupportdistribution.fr\\\/de\\\/\",\"name\":\"Life Support Distribution\",\"description\":\"Solutions en simulation m\u00e9dicale\",\"publisher\":{\"@id\":\"https:\\\/\\\/lifesupportdistribution.fr\\\/de\\\/#organization\"},\"potentialAction\":[{\"@type\":\"SearchAction\",\"target\":{\"@type\":\"EntryPoint\",\"urlTemplate\":\"https:\\\/\\\/lifesupportdistribution.fr\\\/de\\\/?s={search_term_string}\"},\"query-input\":{\"@type\":\"PropertyValueSpecification\",\"valueRequired\":true,\"valueName\":\"search_term_string\"}}],\"inLanguage\":\"de\"},{\"@type\":\"Organization\",\"@id\":\"https:\\\/\\\/lifesupportdistribution.fr\\\/de\\\/#organization\",\"name\":\"Life Support Distribution\",\"url\":\"https:\\\/\\\/lifesupportdistribution.fr\\\/de\\\/\",\"logo\":{\"@type\":\"ImageObject\",\"inLanguage\":\"de\",\"@id\":\"https:\\\/\\\/lifesupportdistribution.fr\\\/de\\\/#\\\/schema\\\/logo\\\/image\\\/\",\"url\":\"https:\\\/\\\/lifesupportdistribution.fr\\\/wp-content\\\/uploads\\\/2025\\\/10\\\/logo-life-support-distribution.svg\",\"contentUrl\":\"https:\\\/\\\/lifesupportdistribution.fr\\\/wp-content\\\/uploads\\\/2025\\\/10\\\/logo-life-support-distribution.svg\",\"width\":698,\"height\":223,\"caption\":\"Life Support Distribution\"},\"image\":{\"@id\":\"https:\\\/\\\/lifesupportdistribution.fr\\\/de\\\/#\\\/schema\\\/logo\\\/image\\\/\"},\"sameAs\":[\"https:\\\/\\\/www.linkedin.com\\\/company\\\/life-support-distribution\\\/\"]}]}<\/script>\n<!-- \/ Yoast SEO plugin. -->","yoast_head_json":{"title":"Wirbel C5 Solid Foam \u2013 Anatomiemodell Creaplast","description":"Wirbel C5 Solid Foam: pr\u00e4zise und langlebige Nachbildung des f\u00fcnften Halswirbels, ideal f\u00fcr medizinische Ausbildung und Forschung.","robots":{"index":"index","follow":"follow","max-snippet":"max-snippet:-1","max-image-preview":"max-image-preview:large","max-video-preview":"max-video-preview:-1"},"canonical":"https:\/\/lifesupportdistribution.fr\/de\/produkt\/wirbel-c5-solid-foam\/","og_locale":"de_DE","og_type":"article","og_title":"Wirbel C5 Solid Foam \u2013 Anatomiemodell Creaplast","og_description":"Wirbel C5 Solid Foam: pr\u00e4zise und langlebige Nachbildung des f\u00fcnften Halswirbels, ideal f\u00fcr medizinische Ausbildung und Forschung.","og_url":"https:\/\/lifesupportdistribution.fr\/de\/produkt\/wirbel-c5-solid-foam\/","og_site_name":"Life Support Distribution","og_image":[{"width":600,"height":400,"url":"https:\/\/lifesupportdistribution.fr\/wp-content\/uploads\/2025\/12\/vertebre-c5-solid-foam.jpg","type":"image\/jpeg"}],"twitter_card":"summary_large_image","twitter_misc":{"Gesch\u00e4tzte Lesezeit":"1\u00a0Minute"},"schema":{"@context":"https:\/\/schema.org","@graph":[{"@type":"WebPage","@id":"https:\/\/lifesupportdistribution.fr\/de\/produkt\/wirbel-c5-solid-foam\/","url":"https:\/\/lifesupportdistribution.fr\/de\/produkt\/wirbel-c5-solid-foam\/","name":"Wirbel C5 Solid Foam \u2013 Anatomiemodell Creaplast","isPartOf":{"@id":"https:\/\/lifesupportdistribution.fr\/de\/#website"},"primaryImageOfPage":{"@id":"https:\/\/lifesupportdistribution.fr\/de\/produkt\/wirbel-c5-solid-foam\/#primaryimage"},"image":{"@id":"https:\/\/lifesupportdistribution.fr\/de\/produkt\/wirbel-c5-solid-foam\/#primaryimage"},"thumbnailUrl":"https:\/\/lifesupportdistribution.fr\/wp-content\/uploads\/2025\/12\/vertebre-c5-solid-foam.jpg","datePublished":"2025-12-11T11:02:33+00:00","description":"Wirbel C5 Solid Foam: pr\u00e4zise und langlebige Nachbildung des f\u00fcnften Halswirbels, ideal f\u00fcr medizinische Ausbildung und Forschung.","breadcrumb":{"@id":"https:\/\/lifesupportdistribution.fr\/de\/produkt\/wirbel-c5-solid-foam\/#breadcrumb"},"inLanguage":"de","potentialAction":[{"@type":"ReadAction","target":["https:\/\/lifesupportdistribution.fr\/de\/produkt\/wirbel-c5-solid-foam\/"]}]},{"@type":"ImageObject","inLanguage":"de","@id":"https:\/\/lifesupportdistribution.fr\/de\/produkt\/wirbel-c5-solid-foam\/#primaryimage","url":"https:\/\/lifesupportdistribution.fr\/wp-content\/uploads\/2025\/12\/vertebre-c5-solid-foam.jpg","contentUrl":"https:\/\/lifesupportdistribution.fr\/wp-content\/uploads\/2025\/12\/vertebre-c5-solid-foam.jpg","width":600,"height":400},{"@type":"BreadcrumbList","@id":"https:\/\/lifesupportdistribution.fr\/de\/produkt\/wirbel-c5-solid-foam\/#breadcrumb","itemListElement":[{"@type":"ListItem","position":1,"name":"Accueil","item":"https:\/\/lifesupportdistribution.fr\/de\/startseite\/"},{"@type":"ListItem","position":2,"name":"Shop","item":"https:\/\/lifesupportdistribution.fr\/de\/shop\/"},{"@type":"ListItem","position":3,"name":"Wirbel C5 Solid Foam"}]},{"@type":"WebSite","@id":"https:\/\/lifesupportdistribution.fr\/de\/#website","url":"https:\/\/lifesupportdistribution.fr\/de\/","name":"Life Support Distribution","description":"Solutions en simulation m\u00e9dicale","publisher":{"@id":"https:\/\/lifesupportdistribution.fr\/de\/#organization"},"potentialAction":[{"@type":"SearchAction","target":{"@type":"EntryPoint","urlTemplate":"https:\/\/lifesupportdistribution.fr\/de\/?s={search_term_string}"},"query-input":{"@type":"PropertyValueSpecification","valueRequired":true,"valueName":"search_term_string"}}],"inLanguage":"de"},{"@type":"Organization","@id":"https:\/\/lifesupportdistribution.fr\/de\/#organization","name":"Life Support Distribution","url":"https:\/\/lifesupportdistribution.fr\/de\/","logo":{"@type":"ImageObject","inLanguage":"de","@id":"https:\/\/lifesupportdistribution.fr\/de\/#\/schema\/logo\/image\/","url":"https:\/\/lifesupportdistribution.fr\/wp-content\/uploads\/2025\/10\/logo-life-support-distribution.svg","contentUrl":"https:\/\/lifesupportdistribution.fr\/wp-content\/uploads\/2025\/10\/logo-life-support-distribution.svg","width":698,"height":223,"caption":"Life Support Distribution"},"image":{"@id":"https:\/\/lifesupportdistribution.fr\/de\/#\/schema\/logo\/image\/"},"sameAs":["https:\/\/www.linkedin.com\/company\/life-support-distribution\/"]}]}},"_links":{"self":[{"href":"https:\/\/lifesupportdistribution.fr\/de\/wp-json\/wp\/v2\/product\/4748","targetHints":{"allow":["GET"]}}],"collection":[{"href":"https:\/\/lifesupportdistribution.fr\/de\/wp-json\/wp\/v2\/product"}],"about":[{"href":"https:\/\/lifesupportdistribution.fr\/de\/wp-json\/wp\/v2\/types\/product"}],"wp:featuredmedia":[{"embeddable":true,"href":"https:\/\/lifesupportdistribution.fr\/de\/wp-json\/wp\/v2\/media\/3265"}],"wp:attachment":[{"href":"https:\/\/lifesupportdistribution.fr\/de\/wp-json\/wp\/v2\/media?parent=4748"}],"wp:term":[{"taxonomy":"product_brand","embeddable":true,"href":"https:\/\/lifesupportdistribution.fr\/de\/wp-json\/wp\/v2\/product_brand?post=4748"},{"taxonomy":"product_cat","embeddable":true,"href":"https:\/\/lifesupportdistribution.fr\/de\/wp-json\/wp\/v2\/product_cat?post=4748"},{"taxonomy":"product_tag","embeddable":true,"href":"https:\/\/lifesupportdistribution.fr\/de\/wp-json\/wp\/v2\/product_tag?post=4748"}],"curies":[{"name":"wp","href":"https:\/\/api.w.org\/{rel}","templated":true}]}}