{"id":4762,"date":"2025-12-11T11:51:18","date_gmt":"2025-12-11T10:51:18","guid":{"rendered":"https:\/\/lifesupportdistribution.fr\/produits\/rachis-okziput-s-becken-massivschaum\/"},"modified":"2025-12-11T11:51:18","modified_gmt":"2025-12-11T10:51:18","slug":"rachis-okziput-s-becken-massivschaum","status":"publish","type":"product","link":"https:\/\/lifesupportdistribution.fr\/de\/produkt\/rachis-okziput-s-becken-massivschaum\/","title":{"rendered":"Rachis Okziput\u2013S &amp; Becken Massivschaum"},"content":{"rendered":"<p>Der Rachis Okziput\u2013S &amp; Becken Massivschaum stellt mit hoher Pr\u00e4zision die gesamte menschliche Wirbels\u00e4ule dar, vom Sch\u00e4del (Hinterhauptbein) bis zum Becken. Hergestellt aus hochdichtem Hartschaum (Solid Foam), garantiert er eine stabile, langlebige und leichte Struktur, w\u00e4hrend er die kn\u00f6chernen Orientierungspunkte und die nat\u00fcrlichen Kr\u00fcmmungen der Wirbels\u00e4ule getreu wiedergibt.<br \/>\nDieses Modell, hergestellt von Creaplast, einem franz\u00f6sischen Referenzhersteller f\u00fcr angewandte Anatomie, wird in zahlreichen Universit\u00e4ten, Gesundheitsschulen, biomechanischen Laboren und chirurgischen Ausbildungszentren eingesetzt.<br \/>\nEs erm\u00f6glicht die detaillierte Beobachtung der Hals-, Brust-, Lenden- und Kreuzbeinwirbel sowie der Beckengelenke und -verbindungen.<br \/>\nDank seiner starren und widerstandsf\u00e4higen Konstruktion eignet es sich besonders f\u00fcr chirurgische Fixierungs\u00fcbungen, Implantattests oder Operationssimulationen im p\u00e4dagogischen oder Forschungsbereich.<br \/>\nEs ist ein Referenzmodell f\u00fcr Ausbildungsprogramme, die sich auf Wirbels\u00e4ulenstatik, Biomechanik und Wirbels\u00e4ulenchirurgie konzentrieren. <\/p>\n","protected":false},"excerpt":{"rendered":"<p>Das Modell Rachis Okziput\u2013S &amp; Becken Massivschaum von Creaplast bietet eine integrale anatomische Reproduktion der menschlichen Wirbels\u00e4ule, vom Hinterhauptbein bis zum Kreuzbein, mit dem kompletten Becken. Hergestellt aus hochdichtem Hartschaum, kombiniert es anatomische Genauigkeit, Robustheit und Langlebigkeit f\u00fcr den intensiven Einsatz in Ausbildung, Demonstration oder biomedizinischer Forschung. <\/p>\n","protected":false},"featured_media":3269,"template":"","meta":[],"product_brand":[191],"product_cat":[221],"product_tag":[241],"class_list":{"0":"post-4762","1":"product","2":"type-product","3":"status-publish","4":"has-post-thumbnail","6":"product_brand-creaplast","7":"product_cat-anatomische-tafeln-und-modelle","8":"product_tag-anatomietraining","10":"first","11":"instock","12":"shipping-taxable","13":"purchasable","14":"product-type-simple"},"yoast_head":"<!-- This site is optimized with the Yoast SEO plugin v27.5 - https:\/\/yoast.com\/product\/yoast-seo-wordpress\/ -->\n<title>Rachis Okziput\u2013S &amp; Becken Massivschaum \u2013 Komplettmodell<\/title>\n<meta name=\"description\" content=\"Modell Okziput\u2013S &amp; Becken: Sch\u00e4del, komplette Wirbels\u00e4ule und Becken aus Massivschaum. Pr\u00e4zise, robust und ideal f\u00fcr Ausbildung und biomechanische Forschung.\" \/>\n<meta name=\"robots\" content=\"index, follow, max-snippet:-1, max-image-preview:large, max-video-preview:-1\" \/>\n<link rel=\"canonical\" href=\"https:\/\/lifesupportdistribution.fr\/de\/produkt\/rachis-okziput-s-becken-massivschaum\/\" \/>\n<meta property=\"og:locale\" content=\"de_DE\" \/>\n<meta property=\"og:type\" content=\"article\" \/>\n<meta property=\"og:title\" content=\"Rachis Okziput\u2013S &amp; Becken Massivschaum \u2013 Komplettmodell\" \/>\n<meta property=\"og:description\" content=\"Modell Okziput\u2013S &amp; Becken: Sch\u00e4del, komplette Wirbels\u00e4ule und Becken aus Massivschaum. Pr\u00e4zise, robust und ideal f\u00fcr Ausbildung und biomechanische Forschung.\" \/>\n<meta property=\"og:url\" content=\"https:\/\/lifesupportdistribution.fr\/de\/produkt\/rachis-okziput-s-becken-massivschaum\/\" \/>\n<meta property=\"og:site_name\" content=\"Life Support Distribution\" \/>\n<meta property=\"og:image\" content=\"https:\/\/lifesupportdistribution.fr\/wp-content\/uploads\/2025\/12\/rachis-occiputs-et-pelvis-solid-foam.jpg\" \/>\n\t<meta property=\"og:image:width\" content=\"600\" \/>\n\t<meta property=\"og:image:height\" content=\"400\" \/>\n\t<meta property=\"og:image:type\" content=\"image\/jpeg\" \/>\n<meta name=\"twitter:card\" content=\"summary_large_image\" \/>\n<meta name=\"twitter:label1\" content=\"Gesch\u00e4tzte Lesezeit\" \/>\n\t<meta name=\"twitter:data1\" content=\"1\u00a0Minute\" \/>\n<script type=\"application\/ld+json\" class=\"yoast-schema-graph\">{\"@context\":\"https:\\\/\\\/schema.org\",\"@graph\":[{\"@type\":\"WebPage\",\"@id\":\"https:\\\/\\\/lifesupportdistribution.fr\\\/de\\\/produkt\\\/rachis-okziput-s-becken-massivschaum\\\/\",\"url\":\"https:\\\/\\\/lifesupportdistribution.fr\\\/de\\\/produkt\\\/rachis-okziput-s-becken-massivschaum\\\/\",\"name\":\"Rachis Okziput\u2013S & Becken Massivschaum \u2013 Komplettmodell\",\"isPartOf\":{\"@id\":\"https:\\\/\\\/lifesupportdistribution.fr\\\/de\\\/#website\"},\"primaryImageOfPage\":{\"@id\":\"https:\\\/\\\/lifesupportdistribution.fr\\\/de\\\/produkt\\\/rachis-okziput-s-becken-massivschaum\\\/#primaryimage\"},\"image\":{\"@id\":\"https:\\\/\\\/lifesupportdistribution.fr\\\/de\\\/produkt\\\/rachis-okziput-s-becken-massivschaum\\\/#primaryimage\"},\"thumbnailUrl\":\"https:\\\/\\\/lifesupportdistribution.fr\\\/wp-content\\\/uploads\\\/2025\\\/12\\\/rachis-occiputs-et-pelvis-solid-foam.jpg\",\"datePublished\":\"2025-12-11T10:51:18+00:00\",\"description\":\"Modell Okziput\u2013S & Becken: Sch\u00e4del, komplette Wirbels\u00e4ule und Becken aus Massivschaum. Pr\u00e4zise, robust und ideal f\u00fcr Ausbildung und biomechanische Forschung.\",\"breadcrumb\":{\"@id\":\"https:\\\/\\\/lifesupportdistribution.fr\\\/de\\\/produkt\\\/rachis-okziput-s-becken-massivschaum\\\/#breadcrumb\"},\"inLanguage\":\"de\",\"potentialAction\":[{\"@type\":\"ReadAction\",\"target\":[\"https:\\\/\\\/lifesupportdistribution.fr\\\/de\\\/produkt\\\/rachis-okziput-s-becken-massivschaum\\\/\"]}]},{\"@type\":\"ImageObject\",\"inLanguage\":\"de\",\"@id\":\"https:\\\/\\\/lifesupportdistribution.fr\\\/de\\\/produkt\\\/rachis-okziput-s-becken-massivschaum\\\/#primaryimage\",\"url\":\"https:\\\/\\\/lifesupportdistribution.fr\\\/wp-content\\\/uploads\\\/2025\\\/12\\\/rachis-occiputs-et-pelvis-solid-foam.jpg\",\"contentUrl\":\"https:\\\/\\\/lifesupportdistribution.fr\\\/wp-content\\\/uploads\\\/2025\\\/12\\\/rachis-occiputs-et-pelvis-solid-foam.jpg\",\"width\":600,\"height\":400},{\"@type\":\"BreadcrumbList\",\"@id\":\"https:\\\/\\\/lifesupportdistribution.fr\\\/de\\\/produkt\\\/rachis-okziput-s-becken-massivschaum\\\/#breadcrumb\",\"itemListElement\":[{\"@type\":\"ListItem\",\"position\":1,\"name\":\"Accueil\",\"item\":\"https:\\\/\\\/lifesupportdistribution.fr\\\/de\\\/startseite\\\/\"},{\"@type\":\"ListItem\",\"position\":2,\"name\":\"Shop\",\"item\":\"https:\\\/\\\/lifesupportdistribution.fr\\\/de\\\/shop\\\/\"},{\"@type\":\"ListItem\",\"position\":3,\"name\":\"Rachis Okziput\u2013S &amp; Becken Massivschaum\"}]},{\"@type\":\"WebSite\",\"@id\":\"https:\\\/\\\/lifesupportdistribution.fr\\\/de\\\/#website\",\"url\":\"https:\\\/\\\/lifesupportdistribution.fr\\\/de\\\/\",\"name\":\"Life Support Distribution\",\"description\":\"Solutions en simulation m\u00e9dicale\",\"publisher\":{\"@id\":\"https:\\\/\\\/lifesupportdistribution.fr\\\/de\\\/#organization\"},\"potentialAction\":[{\"@type\":\"SearchAction\",\"target\":{\"@type\":\"EntryPoint\",\"urlTemplate\":\"https:\\\/\\\/lifesupportdistribution.fr\\\/de\\\/?s={search_term_string}\"},\"query-input\":{\"@type\":\"PropertyValueSpecification\",\"valueRequired\":true,\"valueName\":\"search_term_string\"}}],\"inLanguage\":\"de\"},{\"@type\":\"Organization\",\"@id\":\"https:\\\/\\\/lifesupportdistribution.fr\\\/de\\\/#organization\",\"name\":\"Life Support Distribution\",\"url\":\"https:\\\/\\\/lifesupportdistribution.fr\\\/de\\\/\",\"logo\":{\"@type\":\"ImageObject\",\"inLanguage\":\"de\",\"@id\":\"https:\\\/\\\/lifesupportdistribution.fr\\\/de\\\/#\\\/schema\\\/logo\\\/image\\\/\",\"url\":\"https:\\\/\\\/lifesupportdistribution.fr\\\/wp-content\\\/uploads\\\/2025\\\/10\\\/logo-life-support-distribution.svg\",\"contentUrl\":\"https:\\\/\\\/lifesupportdistribution.fr\\\/wp-content\\\/uploads\\\/2025\\\/10\\\/logo-life-support-distribution.svg\",\"width\":698,\"height\":223,\"caption\":\"Life Support Distribution\"},\"image\":{\"@id\":\"https:\\\/\\\/lifesupportdistribution.fr\\\/de\\\/#\\\/schema\\\/logo\\\/image\\\/\"},\"sameAs\":[\"https:\\\/\\\/www.linkedin.com\\\/company\\\/life-support-distribution\\\/\"]}]}<\/script>\n<!-- \/ Yoast SEO plugin. -->","yoast_head_json":{"title":"Rachis Okziput\u2013S & Becken Massivschaum \u2013 Komplettmodell","description":"Modell Okziput\u2013S & Becken: Sch\u00e4del, komplette Wirbels\u00e4ule und Becken aus Massivschaum. Pr\u00e4zise, robust und ideal f\u00fcr Ausbildung und biomechanische Forschung.","robots":{"index":"index","follow":"follow","max-snippet":"max-snippet:-1","max-image-preview":"max-image-preview:large","max-video-preview":"max-video-preview:-1"},"canonical":"https:\/\/lifesupportdistribution.fr\/de\/produkt\/rachis-okziput-s-becken-massivschaum\/","og_locale":"de_DE","og_type":"article","og_title":"Rachis Okziput\u2013S & Becken Massivschaum \u2013 Komplettmodell","og_description":"Modell Okziput\u2013S & Becken: Sch\u00e4del, komplette Wirbels\u00e4ule und Becken aus Massivschaum. Pr\u00e4zise, robust und ideal f\u00fcr Ausbildung und biomechanische Forschung.","og_url":"https:\/\/lifesupportdistribution.fr\/de\/produkt\/rachis-okziput-s-becken-massivschaum\/","og_site_name":"Life Support Distribution","og_image":[{"width":600,"height":400,"url":"https:\/\/lifesupportdistribution.fr\/wp-content\/uploads\/2025\/12\/rachis-occiputs-et-pelvis-solid-foam.jpg","type":"image\/jpeg"}],"twitter_card":"summary_large_image","twitter_misc":{"Gesch\u00e4tzte Lesezeit":"1\u00a0Minute"},"schema":{"@context":"https:\/\/schema.org","@graph":[{"@type":"WebPage","@id":"https:\/\/lifesupportdistribution.fr\/de\/produkt\/rachis-okziput-s-becken-massivschaum\/","url":"https:\/\/lifesupportdistribution.fr\/de\/produkt\/rachis-okziput-s-becken-massivschaum\/","name":"Rachis Okziput\u2013S & Becken Massivschaum \u2013 Komplettmodell","isPartOf":{"@id":"https:\/\/lifesupportdistribution.fr\/de\/#website"},"primaryImageOfPage":{"@id":"https:\/\/lifesupportdistribution.fr\/de\/produkt\/rachis-okziput-s-becken-massivschaum\/#primaryimage"},"image":{"@id":"https:\/\/lifesupportdistribution.fr\/de\/produkt\/rachis-okziput-s-becken-massivschaum\/#primaryimage"},"thumbnailUrl":"https:\/\/lifesupportdistribution.fr\/wp-content\/uploads\/2025\/12\/rachis-occiputs-et-pelvis-solid-foam.jpg","datePublished":"2025-12-11T10:51:18+00:00","description":"Modell Okziput\u2013S & Becken: Sch\u00e4del, komplette Wirbels\u00e4ule und Becken aus Massivschaum. Pr\u00e4zise, robust und ideal f\u00fcr Ausbildung und biomechanische Forschung.","breadcrumb":{"@id":"https:\/\/lifesupportdistribution.fr\/de\/produkt\/rachis-okziput-s-becken-massivschaum\/#breadcrumb"},"inLanguage":"de","potentialAction":[{"@type":"ReadAction","target":["https:\/\/lifesupportdistribution.fr\/de\/produkt\/rachis-okziput-s-becken-massivschaum\/"]}]},{"@type":"ImageObject","inLanguage":"de","@id":"https:\/\/lifesupportdistribution.fr\/de\/produkt\/rachis-okziput-s-becken-massivschaum\/#primaryimage","url":"https:\/\/lifesupportdistribution.fr\/wp-content\/uploads\/2025\/12\/rachis-occiputs-et-pelvis-solid-foam.jpg","contentUrl":"https:\/\/lifesupportdistribution.fr\/wp-content\/uploads\/2025\/12\/rachis-occiputs-et-pelvis-solid-foam.jpg","width":600,"height":400},{"@type":"BreadcrumbList","@id":"https:\/\/lifesupportdistribution.fr\/de\/produkt\/rachis-okziput-s-becken-massivschaum\/#breadcrumb","itemListElement":[{"@type":"ListItem","position":1,"name":"Accueil","item":"https:\/\/lifesupportdistribution.fr\/de\/startseite\/"},{"@type":"ListItem","position":2,"name":"Shop","item":"https:\/\/lifesupportdistribution.fr\/de\/shop\/"},{"@type":"ListItem","position":3,"name":"Rachis Okziput\u2013S &amp; Becken Massivschaum"}]},{"@type":"WebSite","@id":"https:\/\/lifesupportdistribution.fr\/de\/#website","url":"https:\/\/lifesupportdistribution.fr\/de\/","name":"Life Support Distribution","description":"Solutions en simulation m\u00e9dicale","publisher":{"@id":"https:\/\/lifesupportdistribution.fr\/de\/#organization"},"potentialAction":[{"@type":"SearchAction","target":{"@type":"EntryPoint","urlTemplate":"https:\/\/lifesupportdistribution.fr\/de\/?s={search_term_string}"},"query-input":{"@type":"PropertyValueSpecification","valueRequired":true,"valueName":"search_term_string"}}],"inLanguage":"de"},{"@type":"Organization","@id":"https:\/\/lifesupportdistribution.fr\/de\/#organization","name":"Life Support Distribution","url":"https:\/\/lifesupportdistribution.fr\/de\/","logo":{"@type":"ImageObject","inLanguage":"de","@id":"https:\/\/lifesupportdistribution.fr\/de\/#\/schema\/logo\/image\/","url":"https:\/\/lifesupportdistribution.fr\/wp-content\/uploads\/2025\/10\/logo-life-support-distribution.svg","contentUrl":"https:\/\/lifesupportdistribution.fr\/wp-content\/uploads\/2025\/10\/logo-life-support-distribution.svg","width":698,"height":223,"caption":"Life Support Distribution"},"image":{"@id":"https:\/\/lifesupportdistribution.fr\/de\/#\/schema\/logo\/image\/"},"sameAs":["https:\/\/www.linkedin.com\/company\/life-support-distribution\/"]}]}},"_links":{"self":[{"href":"https:\/\/lifesupportdistribution.fr\/de\/wp-json\/wp\/v2\/product\/4762","targetHints":{"allow":["GET"]}}],"collection":[{"href":"https:\/\/lifesupportdistribution.fr\/de\/wp-json\/wp\/v2\/product"}],"about":[{"href":"https:\/\/lifesupportdistribution.fr\/de\/wp-json\/wp\/v2\/types\/product"}],"wp:featuredmedia":[{"embeddable":true,"href":"https:\/\/lifesupportdistribution.fr\/de\/wp-json\/wp\/v2\/media\/3269"}],"wp:attachment":[{"href":"https:\/\/lifesupportdistribution.fr\/de\/wp-json\/wp\/v2\/media?parent=4762"}],"wp:term":[{"taxonomy":"product_brand","embeddable":true,"href":"https:\/\/lifesupportdistribution.fr\/de\/wp-json\/wp\/v2\/product_brand?post=4762"},{"taxonomy":"product_cat","embeddable":true,"href":"https:\/\/lifesupportdistribution.fr\/de\/wp-json\/wp\/v2\/product_cat?post=4762"},{"taxonomy":"product_tag","embeddable":true,"href":"https:\/\/lifesupportdistribution.fr\/de\/wp-json\/wp\/v2\/product_tag?post=4762"}],"curies":[{"name":"wp","href":"https:\/\/api.w.org\/{rel}","templated":true}]}}