{"id":4774,"date":"2025-12-11T11:41:10","date_gmt":"2025-12-11T10:41:10","guid":{"rendered":"https:\/\/lifesupportdistribution.fr\/produits\/hemi-pelvis-solid-foam\/"},"modified":"2025-12-11T11:41:10","modified_gmt":"2025-12-11T10:41:10","slug":"hemi-pelvis-solid-foam","status":"publish","type":"product","link":"https:\/\/lifesupportdistribution.fr\/de\/produkt\/hemi-pelvis-solid-foam\/","title":{"rendered":"Hemi Pelvis Solid Foam"},"content":{"rendered":"<p>Das Hemi Pelvis Solid Foam ist ein hochpr\u00e4zises anatomisches Modell, das eine H\u00e4lfte eines erwachsenen menschlichen Beckens darstellt, geformt nach realen Strukturen. Seine Hartschaumkonstruktion bietet gleichzeitig Leichtigkeit, Robustheit und Langlebigkeit, w\u00e4hrend ein bemerkenswertes Ma\u00df an anatomischer Detailtreue erhalten bleibt.<br \/>\nHergestellt von Creaplast, einer franz\u00f6sischen Referenz in der Entwicklung anatomischer Modelle und medizinischer Simulatoren, erm\u00f6glicht dieses Halbbecken eine klare Visualisierung von Knochenmarkierungen, Band- und Muskelans\u00e4tzen sowie Ankerpunkten, die in der orthop\u00e4dischen oder traumatologischen Chirurgie verwendet werden.<br \/>\nDieses Modell wird besonders in Universit\u00e4tsausbildungen, Biomechaniklaboren und angewandten Forschungsumgebungen gesch\u00e4tzt, dank seiner Stabilit\u00e4t, Haltbarkeit und Kompatibilit\u00e4t mit anderen Creaplast Anatomiestrukturen. <\/p>\n","protected":false},"excerpt":{"rendered":"<p>Das Creaplast Hemi Pelvis Solid Foam Modell ist eine pr\u00e4zise anatomische Reproduktion einer menschlichen Beckenh\u00e4lfte, hergestellt aus hochdichtem Hartschaum. Entwickelt f\u00fcr Universit\u00e4ten, Pflegeschulen und Ausbildungszentren, ist es ein ideales Lehrmittel f\u00fcr das Erlernen der Beckenanatomie, die Demonstration chirurgischer Techniken oder die Untersuchung der Beckenbiomechanik. <\/p>\n","protected":false},"featured_media":3274,"template":"","meta":[],"product_brand":[191],"product_cat":[221],"product_tag":[241],"class_list":{"0":"post-4774","1":"product","2":"type-product","3":"status-publish","4":"has-post-thumbnail","6":"product_brand-creaplast","7":"product_cat-anatomische-tafeln-und-modelle","8":"product_tag-anatomietraining","10":"first","11":"instock","12":"shipping-taxable","13":"purchasable","14":"product-type-simple"},"yoast_head":"<!-- This site is optimized with the Yoast SEO plugin v27.5 - https:\/\/yoast.com\/product\/yoast-seo-wordpress\/ -->\n<title>Hemi Pelvis Solid Foam \u2013 Anatomisches Modell Creaplast<\/title>\n<meta name=\"description\" content=\"Hemi Pelvis Solid Foam: pr\u00e4zises, langlebiges und leichtes anatomisches Modell. Ideal f\u00fcr Anatomie, Biomechanik und chirurgische Demonstrationen.\" \/>\n<meta name=\"robots\" content=\"index, follow, max-snippet:-1, max-image-preview:large, max-video-preview:-1\" \/>\n<link rel=\"canonical\" href=\"https:\/\/lifesupportdistribution.fr\/de\/produkt\/hemi-pelvis-solid-foam\/\" \/>\n<meta property=\"og:locale\" content=\"de_DE\" \/>\n<meta property=\"og:type\" content=\"article\" \/>\n<meta property=\"og:title\" content=\"Hemi Pelvis Solid Foam \u2013 Anatomisches Modell Creaplast\" \/>\n<meta property=\"og:description\" content=\"Hemi Pelvis Solid Foam: pr\u00e4zises, langlebiges und leichtes anatomisches Modell. Ideal f\u00fcr Anatomie, Biomechanik und chirurgische Demonstrationen.\" \/>\n<meta property=\"og:url\" content=\"https:\/\/lifesupportdistribution.fr\/de\/produkt\/hemi-pelvis-solid-foam\/\" \/>\n<meta property=\"og:site_name\" content=\"Life Support Distribution\" \/>\n<meta property=\"og:image\" content=\"https:\/\/lifesupportdistribution.fr\/wp-content\/uploads\/2025\/12\/hemi-pelvis-solid-foam.jpg\" \/>\n\t<meta property=\"og:image:width\" content=\"600\" \/>\n\t<meta property=\"og:image:height\" content=\"400\" \/>\n\t<meta property=\"og:image:type\" content=\"image\/jpeg\" \/>\n<meta name=\"twitter:card\" content=\"summary_large_image\" \/>\n<meta name=\"twitter:label1\" content=\"Gesch\u00e4tzte Lesezeit\" \/>\n\t<meta name=\"twitter:data1\" content=\"1\u00a0Minute\" \/>\n<script type=\"application\/ld+json\" class=\"yoast-schema-graph\">{\"@context\":\"https:\\\/\\\/schema.org\",\"@graph\":[{\"@type\":\"WebPage\",\"@id\":\"https:\\\/\\\/lifesupportdistribution.fr\\\/de\\\/produkt\\\/hemi-pelvis-solid-foam\\\/\",\"url\":\"https:\\\/\\\/lifesupportdistribution.fr\\\/de\\\/produkt\\\/hemi-pelvis-solid-foam\\\/\",\"name\":\"Hemi Pelvis Solid Foam \u2013 Anatomisches Modell Creaplast\",\"isPartOf\":{\"@id\":\"https:\\\/\\\/lifesupportdistribution.fr\\\/de\\\/#website\"},\"primaryImageOfPage\":{\"@id\":\"https:\\\/\\\/lifesupportdistribution.fr\\\/de\\\/produkt\\\/hemi-pelvis-solid-foam\\\/#primaryimage\"},\"image\":{\"@id\":\"https:\\\/\\\/lifesupportdistribution.fr\\\/de\\\/produkt\\\/hemi-pelvis-solid-foam\\\/#primaryimage\"},\"thumbnailUrl\":\"https:\\\/\\\/lifesupportdistribution.fr\\\/wp-content\\\/uploads\\\/2025\\\/12\\\/hemi-pelvis-solid-foam.jpg\",\"datePublished\":\"2025-12-11T10:41:10+00:00\",\"description\":\"Hemi Pelvis Solid Foam: pr\u00e4zises, langlebiges und leichtes anatomisches Modell. Ideal f\u00fcr Anatomie, Biomechanik und chirurgische Demonstrationen.\",\"breadcrumb\":{\"@id\":\"https:\\\/\\\/lifesupportdistribution.fr\\\/de\\\/produkt\\\/hemi-pelvis-solid-foam\\\/#breadcrumb\"},\"inLanguage\":\"de\",\"potentialAction\":[{\"@type\":\"ReadAction\",\"target\":[\"https:\\\/\\\/lifesupportdistribution.fr\\\/de\\\/produkt\\\/hemi-pelvis-solid-foam\\\/\"]}]},{\"@type\":\"ImageObject\",\"inLanguage\":\"de\",\"@id\":\"https:\\\/\\\/lifesupportdistribution.fr\\\/de\\\/produkt\\\/hemi-pelvis-solid-foam\\\/#primaryimage\",\"url\":\"https:\\\/\\\/lifesupportdistribution.fr\\\/wp-content\\\/uploads\\\/2025\\\/12\\\/hemi-pelvis-solid-foam.jpg\",\"contentUrl\":\"https:\\\/\\\/lifesupportdistribution.fr\\\/wp-content\\\/uploads\\\/2025\\\/12\\\/hemi-pelvis-solid-foam.jpg\",\"width\":600,\"height\":400},{\"@type\":\"BreadcrumbList\",\"@id\":\"https:\\\/\\\/lifesupportdistribution.fr\\\/de\\\/produkt\\\/hemi-pelvis-solid-foam\\\/#breadcrumb\",\"itemListElement\":[{\"@type\":\"ListItem\",\"position\":1,\"name\":\"Accueil\",\"item\":\"https:\\\/\\\/lifesupportdistribution.fr\\\/de\\\/startseite\\\/\"},{\"@type\":\"ListItem\",\"position\":2,\"name\":\"Shop\",\"item\":\"https:\\\/\\\/lifesupportdistribution.fr\\\/de\\\/shop\\\/\"},{\"@type\":\"ListItem\",\"position\":3,\"name\":\"Hemi Pelvis Solid Foam\"}]},{\"@type\":\"WebSite\",\"@id\":\"https:\\\/\\\/lifesupportdistribution.fr\\\/de\\\/#website\",\"url\":\"https:\\\/\\\/lifesupportdistribution.fr\\\/de\\\/\",\"name\":\"Life Support Distribution\",\"description\":\"Solutions en simulation m\u00e9dicale\",\"publisher\":{\"@id\":\"https:\\\/\\\/lifesupportdistribution.fr\\\/de\\\/#organization\"},\"potentialAction\":[{\"@type\":\"SearchAction\",\"target\":{\"@type\":\"EntryPoint\",\"urlTemplate\":\"https:\\\/\\\/lifesupportdistribution.fr\\\/de\\\/?s={search_term_string}\"},\"query-input\":{\"@type\":\"PropertyValueSpecification\",\"valueRequired\":true,\"valueName\":\"search_term_string\"}}],\"inLanguage\":\"de\"},{\"@type\":\"Organization\",\"@id\":\"https:\\\/\\\/lifesupportdistribution.fr\\\/de\\\/#organization\",\"name\":\"Life Support Distribution\",\"url\":\"https:\\\/\\\/lifesupportdistribution.fr\\\/de\\\/\",\"logo\":{\"@type\":\"ImageObject\",\"inLanguage\":\"de\",\"@id\":\"https:\\\/\\\/lifesupportdistribution.fr\\\/de\\\/#\\\/schema\\\/logo\\\/image\\\/\",\"url\":\"https:\\\/\\\/lifesupportdistribution.fr\\\/wp-content\\\/uploads\\\/2025\\\/10\\\/logo-life-support-distribution.svg\",\"contentUrl\":\"https:\\\/\\\/lifesupportdistribution.fr\\\/wp-content\\\/uploads\\\/2025\\\/10\\\/logo-life-support-distribution.svg\",\"width\":698,\"height\":223,\"caption\":\"Life Support Distribution\"},\"image\":{\"@id\":\"https:\\\/\\\/lifesupportdistribution.fr\\\/de\\\/#\\\/schema\\\/logo\\\/image\\\/\"},\"sameAs\":[\"https:\\\/\\\/www.linkedin.com\\\/company\\\/life-support-distribution\\\/\"]}]}<\/script>\n<!-- \/ Yoast SEO plugin. -->","yoast_head_json":{"title":"Hemi Pelvis Solid Foam \u2013 Anatomisches Modell Creaplast","description":"Hemi Pelvis Solid Foam: pr\u00e4zises, langlebiges und leichtes anatomisches Modell. Ideal f\u00fcr Anatomie, Biomechanik und chirurgische Demonstrationen.","robots":{"index":"index","follow":"follow","max-snippet":"max-snippet:-1","max-image-preview":"max-image-preview:large","max-video-preview":"max-video-preview:-1"},"canonical":"https:\/\/lifesupportdistribution.fr\/de\/produkt\/hemi-pelvis-solid-foam\/","og_locale":"de_DE","og_type":"article","og_title":"Hemi Pelvis Solid Foam \u2013 Anatomisches Modell Creaplast","og_description":"Hemi Pelvis Solid Foam: pr\u00e4zises, langlebiges und leichtes anatomisches Modell. Ideal f\u00fcr Anatomie, Biomechanik und chirurgische Demonstrationen.","og_url":"https:\/\/lifesupportdistribution.fr\/de\/produkt\/hemi-pelvis-solid-foam\/","og_site_name":"Life Support Distribution","og_image":[{"width":600,"height":400,"url":"https:\/\/lifesupportdistribution.fr\/wp-content\/uploads\/2025\/12\/hemi-pelvis-solid-foam.jpg","type":"image\/jpeg"}],"twitter_card":"summary_large_image","twitter_misc":{"Gesch\u00e4tzte Lesezeit":"1\u00a0Minute"},"schema":{"@context":"https:\/\/schema.org","@graph":[{"@type":"WebPage","@id":"https:\/\/lifesupportdistribution.fr\/de\/produkt\/hemi-pelvis-solid-foam\/","url":"https:\/\/lifesupportdistribution.fr\/de\/produkt\/hemi-pelvis-solid-foam\/","name":"Hemi Pelvis Solid Foam \u2013 Anatomisches Modell Creaplast","isPartOf":{"@id":"https:\/\/lifesupportdistribution.fr\/de\/#website"},"primaryImageOfPage":{"@id":"https:\/\/lifesupportdistribution.fr\/de\/produkt\/hemi-pelvis-solid-foam\/#primaryimage"},"image":{"@id":"https:\/\/lifesupportdistribution.fr\/de\/produkt\/hemi-pelvis-solid-foam\/#primaryimage"},"thumbnailUrl":"https:\/\/lifesupportdistribution.fr\/wp-content\/uploads\/2025\/12\/hemi-pelvis-solid-foam.jpg","datePublished":"2025-12-11T10:41:10+00:00","description":"Hemi Pelvis Solid Foam: pr\u00e4zises, langlebiges und leichtes anatomisches Modell. Ideal f\u00fcr Anatomie, Biomechanik und chirurgische Demonstrationen.","breadcrumb":{"@id":"https:\/\/lifesupportdistribution.fr\/de\/produkt\/hemi-pelvis-solid-foam\/#breadcrumb"},"inLanguage":"de","potentialAction":[{"@type":"ReadAction","target":["https:\/\/lifesupportdistribution.fr\/de\/produkt\/hemi-pelvis-solid-foam\/"]}]},{"@type":"ImageObject","inLanguage":"de","@id":"https:\/\/lifesupportdistribution.fr\/de\/produkt\/hemi-pelvis-solid-foam\/#primaryimage","url":"https:\/\/lifesupportdistribution.fr\/wp-content\/uploads\/2025\/12\/hemi-pelvis-solid-foam.jpg","contentUrl":"https:\/\/lifesupportdistribution.fr\/wp-content\/uploads\/2025\/12\/hemi-pelvis-solid-foam.jpg","width":600,"height":400},{"@type":"BreadcrumbList","@id":"https:\/\/lifesupportdistribution.fr\/de\/produkt\/hemi-pelvis-solid-foam\/#breadcrumb","itemListElement":[{"@type":"ListItem","position":1,"name":"Accueil","item":"https:\/\/lifesupportdistribution.fr\/de\/startseite\/"},{"@type":"ListItem","position":2,"name":"Shop","item":"https:\/\/lifesupportdistribution.fr\/de\/shop\/"},{"@type":"ListItem","position":3,"name":"Hemi Pelvis Solid Foam"}]},{"@type":"WebSite","@id":"https:\/\/lifesupportdistribution.fr\/de\/#website","url":"https:\/\/lifesupportdistribution.fr\/de\/","name":"Life Support Distribution","description":"Solutions en simulation m\u00e9dicale","publisher":{"@id":"https:\/\/lifesupportdistribution.fr\/de\/#organization"},"potentialAction":[{"@type":"SearchAction","target":{"@type":"EntryPoint","urlTemplate":"https:\/\/lifesupportdistribution.fr\/de\/?s={search_term_string}"},"query-input":{"@type":"PropertyValueSpecification","valueRequired":true,"valueName":"search_term_string"}}],"inLanguage":"de"},{"@type":"Organization","@id":"https:\/\/lifesupportdistribution.fr\/de\/#organization","name":"Life Support Distribution","url":"https:\/\/lifesupportdistribution.fr\/de\/","logo":{"@type":"ImageObject","inLanguage":"de","@id":"https:\/\/lifesupportdistribution.fr\/de\/#\/schema\/logo\/image\/","url":"https:\/\/lifesupportdistribution.fr\/wp-content\/uploads\/2025\/10\/logo-life-support-distribution.svg","contentUrl":"https:\/\/lifesupportdistribution.fr\/wp-content\/uploads\/2025\/10\/logo-life-support-distribution.svg","width":698,"height":223,"caption":"Life Support Distribution"},"image":{"@id":"https:\/\/lifesupportdistribution.fr\/de\/#\/schema\/logo\/image\/"},"sameAs":["https:\/\/www.linkedin.com\/company\/life-support-distribution\/"]}]}},"_links":{"self":[{"href":"https:\/\/lifesupportdistribution.fr\/de\/wp-json\/wp\/v2\/product\/4774","targetHints":{"allow":["GET"]}}],"collection":[{"href":"https:\/\/lifesupportdistribution.fr\/de\/wp-json\/wp\/v2\/product"}],"about":[{"href":"https:\/\/lifesupportdistribution.fr\/de\/wp-json\/wp\/v2\/types\/product"}],"wp:featuredmedia":[{"embeddable":true,"href":"https:\/\/lifesupportdistribution.fr\/de\/wp-json\/wp\/v2\/media\/3274"}],"wp:attachment":[{"href":"https:\/\/lifesupportdistribution.fr\/de\/wp-json\/wp\/v2\/media?parent=4774"}],"wp:term":[{"taxonomy":"product_brand","embeddable":true,"href":"https:\/\/lifesupportdistribution.fr\/de\/wp-json\/wp\/v2\/product_brand?post=4774"},{"taxonomy":"product_cat","embeddable":true,"href":"https:\/\/lifesupportdistribution.fr\/de\/wp-json\/wp\/v2\/product_cat?post=4774"},{"taxonomy":"product_tag","embeddable":true,"href":"https:\/\/lifesupportdistribution.fr\/de\/wp-json\/wp\/v2\/product_tag?post=4774"}],"curies":[{"name":"wp","href":"https:\/\/api.w.org\/{rel}","templated":true}]}}