{"id":4791,"date":"2025-12-02T14:35:35","date_gmt":"2025-12-02T13:35:35","guid":{"rendered":"https:\/\/lifesupportdistribution.fr\/produits\/diabetischer-fusssimulator\/"},"modified":"2025-12-02T14:35:35","modified_gmt":"2025-12-02T13:35:35","slug":"diabetischer-fusssimulator","status":"publish","type":"product","link":"https:\/\/lifesupportdistribution.fr\/de\/produkt\/diabetischer-fusssimulator\/","title":{"rendered":"Diabetischer Fu\u00dfsimulator"},"content":{"rendered":"<p>Der diabetische Fu\u00dfsimulator bildet die h\u00e4ufigsten L\u00e4sionen bei Diabetikern originalgetreu ab: multiple Ulzera, gesch\u00e4digte Haut, nekrotischer Zeh und Wunden in verschiedenen Schweregraden.<br \/>\nSein lebensgro\u00dfes Design erm\u00f6glicht ein konkretes Erlernen von Pflegetechniken, Diagnose und Pr\u00e4vention chronischer Wunden.<\/p>\n<p>Hergestellt aus flexiblen und langlebigen Materialien, h\u00e4lt das Modell wiederholtem Gebrauch in der Ausbildung stand, w\u00e4hrend es eine realistische visuelle und taktile Darstellung beibeh\u00e4lt.<br \/>\nDieser Simulator ist eine unverzichtbare Unterst\u00fctzung f\u00fcr Pflege-Workshops, Krankenhaus-Schulungen und Diabetes-Pr\u00e4ventionsprogramme, die sowohl die Patientenaufkl\u00e4rung als auch die therapeutische Behandlung erm\u00f6glichen.<\/p>\n","protected":false},"excerpt":{"rendered":"<p>Der Erler Zimmer Diabetischer Fu\u00dfsimulator (PW006) ist ein lebensgro\u00dfes Lehrmittel zur Darstellung typischer Erkrankungen des diabetischen Fu\u00dfsyndroms.<br \/>\nEntwickelt f\u00fcr die Ausbildung von medizinischem Fachpersonal und Pflegestudenten, f\u00f6rdert er ein besseres Verst\u00e4ndnis von L\u00e4sionen, Ulzera und Nekrosen im Zusammenhang mit Diabetes.<br \/>\nVisueller Realismus, Langlebigkeit und anatomische Pr\u00e4zision machen ihn zu einer idealen Unterst\u00fctzung f\u00fcr die Pr\u00e4vention und Lehre der chronischen Wundversorgung.<\/p>\n","protected":false},"featured_media":2774,"template":"","meta":[],"product_brand":[193],"product_cat":[222],"product_tag":[230,231,250,254,236],"class_list":{"0":"post-4791","1":"product","2":"type-product","3":"status-publish","4":"has-post-thumbnail","6":"product_brand-erler-zimmer","7":"product_cat-simulatoren-fur-medizinische-versorgung","8":"product_tag-allgemeinmedizin","9":"product_tag-bariatrische-medizin","10":"product_tag-chirurgie","11":"product_tag-dermatologie","12":"product_tag-notfallmedizin","14":"first","15":"instock","16":"shipping-taxable","17":"purchasable","18":"product-type-simple"},"yoast_head":"<!-- This site is optimized with the Yoast SEO plugin v26.8 - https:\/\/yoast.com\/product\/yoast-seo-wordpress\/ -->\n<title>Diabetischer Fu\u00dfsimulator \u2013 Schulung und Pr\u00e4vention<\/title>\n<meta name=\"description\" content=\"Realistischer diabetischer Fu\u00dfsimulator mit Ulzera und Nekrosen, ideal f\u00fcr die Schulung in Pflege, Diagnose und Pr\u00e4vention.\" \/>\n<meta name=\"robots\" content=\"index, follow, max-snippet:-1, max-image-preview:large, max-video-preview:-1\" \/>\n<link rel=\"canonical\" href=\"https:\/\/lifesupportdistribution.fr\/de\/produkt\/diabetischer-fusssimulator\/\" \/>\n<meta property=\"og:locale\" content=\"de_DE\" \/>\n<meta property=\"og:type\" content=\"article\" \/>\n<meta property=\"og:title\" content=\"Diabetischer Fu\u00dfsimulator \u2013 Schulung und Pr\u00e4vention\" \/>\n<meta property=\"og:description\" content=\"Realistischer diabetischer Fu\u00dfsimulator mit Ulzera und Nekrosen, ideal f\u00fcr die Schulung in Pflege, Diagnose und Pr\u00e4vention.\" \/>\n<meta property=\"og:url\" content=\"https:\/\/lifesupportdistribution.fr\/de\/produkt\/diabetischer-fusssimulator\/\" \/>\n<meta property=\"og:site_name\" content=\"Life Support Distribution\" \/>\n<meta property=\"og:image\" content=\"https:\/\/lifesupportdistribution.fr\/wp-content\/uploads\/2025\/12\/Pied-avec-ulcere-et-necrose-\u2013-modele-medical.png\" \/>\n\t<meta property=\"og:image:width\" content=\"800\" \/>\n\t<meta property=\"og:image:height\" content=\"863\" \/>\n\t<meta property=\"og:image:type\" content=\"image\/png\" \/>\n<meta name=\"twitter:card\" content=\"summary_large_image\" \/>\n<script type=\"application\/ld+json\" class=\"yoast-schema-graph\">{\"@context\":\"https:\/\/schema.org\",\"@graph\":[{\"@type\":\"WebPage\",\"@id\":\"https:\/\/lifesupportdistribution.fr\/de\/produkt\/diabetischer-fusssimulator\/\",\"url\":\"https:\/\/lifesupportdistribution.fr\/de\/produkt\/diabetischer-fusssimulator\/\",\"name\":\"Diabetischer Fu\u00dfsimulator \u2013 Schulung und Pr\u00e4vention\",\"isPartOf\":{\"@id\":\"https:\/\/lifesupportdistribution.fr\/de\/#website\"},\"primaryImageOfPage\":{\"@id\":\"https:\/\/lifesupportdistribution.fr\/de\/produkt\/diabetischer-fusssimulator\/#primaryimage\"},\"image\":{\"@id\":\"https:\/\/lifesupportdistribution.fr\/de\/produkt\/diabetischer-fusssimulator\/#primaryimage\"},\"thumbnailUrl\":\"https:\/\/lifesupportdistribution.fr\/wp-content\/uploads\/2025\/12\/Pied-avec-ulcere-et-necrose-\u2013-modele-medical.png\",\"datePublished\":\"2025-12-02T13:35:35+00:00\",\"description\":\"Realistischer diabetischer Fu\u00dfsimulator mit Ulzera und Nekrosen, ideal f\u00fcr die Schulung in Pflege, Diagnose und Pr\u00e4vention.\",\"breadcrumb\":{\"@id\":\"https:\/\/lifesupportdistribution.fr\/de\/produkt\/diabetischer-fusssimulator\/#breadcrumb\"},\"inLanguage\":\"de\",\"potentialAction\":[{\"@type\":\"ReadAction\",\"target\":[\"https:\/\/lifesupportdistribution.fr\/de\/produkt\/diabetischer-fusssimulator\/\"]}]},{\"@type\":\"ImageObject\",\"inLanguage\":\"de\",\"@id\":\"https:\/\/lifesupportdistribution.fr\/de\/produkt\/diabetischer-fusssimulator\/#primaryimage\",\"url\":\"https:\/\/lifesupportdistribution.fr\/wp-content\/uploads\/2025\/12\/Pied-avec-ulcere-et-necrose-\u2013-modele-medical.png\",\"contentUrl\":\"https:\/\/lifesupportdistribution.fr\/wp-content\/uploads\/2025\/12\/Pied-avec-ulcere-et-necrose-\u2013-modele-medical.png\",\"width\":800,\"height\":863},{\"@type\":\"BreadcrumbList\",\"@id\":\"https:\/\/lifesupportdistribution.fr\/de\/produkt\/diabetischer-fusssimulator\/#breadcrumb\",\"itemListElement\":[{\"@type\":\"ListItem\",\"position\":1,\"name\":\"Accueil\",\"item\":\"https:\/\/lifesupportdistribution.fr\/de\/startseite\/\"},{\"@type\":\"ListItem\",\"position\":2,\"name\":\"Shop\",\"item\":\"https:\/\/lifesupportdistribution.fr\/de\/shop\/\"},{\"@type\":\"ListItem\",\"position\":3,\"name\":\"Diabetischer Fu\u00dfsimulator\"}]},{\"@type\":\"WebSite\",\"@id\":\"https:\/\/lifesupportdistribution.fr\/de\/#website\",\"url\":\"https:\/\/lifesupportdistribution.fr\/de\/\",\"name\":\"Life Support Distribution\",\"description\":\"Solutions en simulation m\u00e9dicale\",\"publisher\":{\"@id\":\"https:\/\/lifesupportdistribution.fr\/de\/#organization\"},\"potentialAction\":[{\"@type\":\"SearchAction\",\"target\":{\"@type\":\"EntryPoint\",\"urlTemplate\":\"https:\/\/lifesupportdistribution.fr\/de\/?s={search_term_string}\"},\"query-input\":{\"@type\":\"PropertyValueSpecification\",\"valueRequired\":true,\"valueName\":\"search_term_string\"}}],\"inLanguage\":\"de\"},{\"@type\":\"Organization\",\"@id\":\"https:\/\/lifesupportdistribution.fr\/de\/#organization\",\"name\":\"Life Support Distribution\",\"url\":\"https:\/\/lifesupportdistribution.fr\/de\/\",\"logo\":{\"@type\":\"ImageObject\",\"inLanguage\":\"de\",\"@id\":\"https:\/\/lifesupportdistribution.fr\/de\/#\/schema\/logo\/image\/\",\"url\":\"https:\/\/lifesupportdistribution.fr\/wp-content\/uploads\/2025\/10\/logo-life-support-distribution.svg\",\"contentUrl\":\"https:\/\/lifesupportdistribution.fr\/wp-content\/uploads\/2025\/10\/logo-life-support-distribution.svg\",\"width\":698,\"height\":223,\"caption\":\"Life Support Distribution\"},\"image\":{\"@id\":\"https:\/\/lifesupportdistribution.fr\/de\/#\/schema\/logo\/image\/\"},\"sameAs\":[\"https:\/\/www.linkedin.com\/company\/life-support-distribution\/\"]}]}<\/script>\n<!-- \/ Yoast SEO plugin. -->","yoast_head_json":{"title":"Diabetischer Fu\u00dfsimulator \u2013 Schulung und Pr\u00e4vention","description":"Realistischer diabetischer Fu\u00dfsimulator mit Ulzera und Nekrosen, ideal f\u00fcr die Schulung in Pflege, Diagnose und Pr\u00e4vention.","robots":{"index":"index","follow":"follow","max-snippet":"max-snippet:-1","max-image-preview":"max-image-preview:large","max-video-preview":"max-video-preview:-1"},"canonical":"https:\/\/lifesupportdistribution.fr\/de\/produkt\/diabetischer-fusssimulator\/","og_locale":"de_DE","og_type":"article","og_title":"Diabetischer Fu\u00dfsimulator \u2013 Schulung und Pr\u00e4vention","og_description":"Realistischer diabetischer Fu\u00dfsimulator mit Ulzera und Nekrosen, ideal f\u00fcr die Schulung in Pflege, Diagnose und Pr\u00e4vention.","og_url":"https:\/\/lifesupportdistribution.fr\/de\/produkt\/diabetischer-fusssimulator\/","og_site_name":"Life Support Distribution","og_image":[{"width":800,"height":863,"url":"https:\/\/lifesupportdistribution.fr\/wp-content\/uploads\/2025\/12\/Pied-avec-ulcere-et-necrose-\u2013-modele-medical.png","type":"image\/png"}],"twitter_card":"summary_large_image","schema":{"@context":"https:\/\/schema.org","@graph":[{"@type":"WebPage","@id":"https:\/\/lifesupportdistribution.fr\/de\/produkt\/diabetischer-fusssimulator\/","url":"https:\/\/lifesupportdistribution.fr\/de\/produkt\/diabetischer-fusssimulator\/","name":"Diabetischer Fu\u00dfsimulator \u2013 Schulung und Pr\u00e4vention","isPartOf":{"@id":"https:\/\/lifesupportdistribution.fr\/de\/#website"},"primaryImageOfPage":{"@id":"https:\/\/lifesupportdistribution.fr\/de\/produkt\/diabetischer-fusssimulator\/#primaryimage"},"image":{"@id":"https:\/\/lifesupportdistribution.fr\/de\/produkt\/diabetischer-fusssimulator\/#primaryimage"},"thumbnailUrl":"https:\/\/lifesupportdistribution.fr\/wp-content\/uploads\/2025\/12\/Pied-avec-ulcere-et-necrose-\u2013-modele-medical.png","datePublished":"2025-12-02T13:35:35+00:00","description":"Realistischer diabetischer Fu\u00dfsimulator mit Ulzera und Nekrosen, ideal f\u00fcr die Schulung in Pflege, Diagnose und Pr\u00e4vention.","breadcrumb":{"@id":"https:\/\/lifesupportdistribution.fr\/de\/produkt\/diabetischer-fusssimulator\/#breadcrumb"},"inLanguage":"de","potentialAction":[{"@type":"ReadAction","target":["https:\/\/lifesupportdistribution.fr\/de\/produkt\/diabetischer-fusssimulator\/"]}]},{"@type":"ImageObject","inLanguage":"de","@id":"https:\/\/lifesupportdistribution.fr\/de\/produkt\/diabetischer-fusssimulator\/#primaryimage","url":"https:\/\/lifesupportdistribution.fr\/wp-content\/uploads\/2025\/12\/Pied-avec-ulcere-et-necrose-\u2013-modele-medical.png","contentUrl":"https:\/\/lifesupportdistribution.fr\/wp-content\/uploads\/2025\/12\/Pied-avec-ulcere-et-necrose-\u2013-modele-medical.png","width":800,"height":863},{"@type":"BreadcrumbList","@id":"https:\/\/lifesupportdistribution.fr\/de\/produkt\/diabetischer-fusssimulator\/#breadcrumb","itemListElement":[{"@type":"ListItem","position":1,"name":"Accueil","item":"https:\/\/lifesupportdistribution.fr\/de\/startseite\/"},{"@type":"ListItem","position":2,"name":"Shop","item":"https:\/\/lifesupportdistribution.fr\/de\/shop\/"},{"@type":"ListItem","position":3,"name":"Diabetischer Fu\u00dfsimulator"}]},{"@type":"WebSite","@id":"https:\/\/lifesupportdistribution.fr\/de\/#website","url":"https:\/\/lifesupportdistribution.fr\/de\/","name":"Life Support Distribution","description":"Solutions en simulation m\u00e9dicale","publisher":{"@id":"https:\/\/lifesupportdistribution.fr\/de\/#organization"},"potentialAction":[{"@type":"SearchAction","target":{"@type":"EntryPoint","urlTemplate":"https:\/\/lifesupportdistribution.fr\/de\/?s={search_term_string}"},"query-input":{"@type":"PropertyValueSpecification","valueRequired":true,"valueName":"search_term_string"}}],"inLanguage":"de"},{"@type":"Organization","@id":"https:\/\/lifesupportdistribution.fr\/de\/#organization","name":"Life Support Distribution","url":"https:\/\/lifesupportdistribution.fr\/de\/","logo":{"@type":"ImageObject","inLanguage":"de","@id":"https:\/\/lifesupportdistribution.fr\/de\/#\/schema\/logo\/image\/","url":"https:\/\/lifesupportdistribution.fr\/wp-content\/uploads\/2025\/10\/logo-life-support-distribution.svg","contentUrl":"https:\/\/lifesupportdistribution.fr\/wp-content\/uploads\/2025\/10\/logo-life-support-distribution.svg","width":698,"height":223,"caption":"Life Support Distribution"},"image":{"@id":"https:\/\/lifesupportdistribution.fr\/de\/#\/schema\/logo\/image\/"},"sameAs":["https:\/\/www.linkedin.com\/company\/life-support-distribution\/"]}]}},"_links":{"self":[{"href":"https:\/\/lifesupportdistribution.fr\/de\/wp-json\/wp\/v2\/product\/4791","targetHints":{"allow":["GET"]}}],"collection":[{"href":"https:\/\/lifesupportdistribution.fr\/de\/wp-json\/wp\/v2\/product"}],"about":[{"href":"https:\/\/lifesupportdistribution.fr\/de\/wp-json\/wp\/v2\/types\/product"}],"wp:featuredmedia":[{"embeddable":true,"href":"https:\/\/lifesupportdistribution.fr\/de\/wp-json\/wp\/v2\/media\/2774"}],"wp:attachment":[{"href":"https:\/\/lifesupportdistribution.fr\/de\/wp-json\/wp\/v2\/media?parent=4791"}],"wp:term":[{"taxonomy":"product_brand","embeddable":true,"href":"https:\/\/lifesupportdistribution.fr\/de\/wp-json\/wp\/v2\/product_brand?post=4791"},{"taxonomy":"product_cat","embeddable":true,"href":"https:\/\/lifesupportdistribution.fr\/de\/wp-json\/wp\/v2\/product_cat?post=4791"},{"taxonomy":"product_tag","embeddable":true,"href":"https:\/\/lifesupportdistribution.fr\/de\/wp-json\/wp\/v2\/product_tag?post=4791"}],"curies":[{"name":"wp","href":"https:\/\/api.w.org\/{rel}","templated":true}]}}