{"id":4793,"date":"2025-12-01T16:32:20","date_gmt":"2025-12-01T15:32:20","guid":{"rendered":"https:\/\/lifesupportdistribution.fr\/produits\/anatomische-tafeln\/"},"modified":"2025-12-01T16:32:20","modified_gmt":"2025-12-01T15:32:20","slug":"anatomische-tafeln","status":"publish","type":"product","link":"https:\/\/lifesupportdistribution.fr\/de\/produkt\/anatomische-tafeln\/","title":{"rendered":"Anatomische Tafeln"},"content":{"rendered":"<p>Die von Life Support Distribution angebotenen anatomischen Tafeln decken alle Systeme des menschlichen K\u00f6rpers ab: Skelett-, Muskel-, Nerven-, Verdauungs-, Atmungs-, Fortpflanzungs-, Kreislaufsystem und mehr.<br \/>\nIn Zusammenarbeit mit Anatomieexperten entwickelt, erm\u00f6glichen sie eine exakte Visualisierung der K\u00f6rperstrukturen und erleichtern gleichzeitig das Verst\u00e4ndnis ihrer Funktionen.<br \/>\nGedruckt auf hochwertigem Papier oder in laminierter Ausf\u00fchrung eignen sie sich sowohl f\u00fcr den Wandeinsatz als auch f\u00fcr die Handhabung im Unterricht oder in der klinischen Ausbildung.<br \/>\nErh\u00e4ltlich im Standardformat (70 \u00d7 100 cm) oder als gekapselte und aufgeh\u00e4ngte Version, f\u00fcgen sie sich perfekt in Klassenzimmer, Labore, Praxen und p\u00e4dagogische R\u00e4ume ein.<\/p>\n","protected":false},"excerpt":{"rendered":"<p>Die anatomischen Tafeln illustrieren pr\u00e4zise die Strukturen des menschlichen K\u00f6rpers, von den Organsystemen bis zu spezifischen Organen.<br \/>\nSie sind unverzichtbare Lehrmittel f\u00fcr den Unterricht in medizinischen, paramedizinischen und biologischen Wissenschaften sowie f\u00fcr die Weiterbildung im Gesundheitswesen.<br \/>\nIn verschiedenen Themenbereichen erh\u00e4ltlich, vereinen sie wissenschaftliche Genauigkeit mit visueller Klarheit.<\/p>\n","protected":false},"featured_media":2729,"template":"","meta":[],"product_brand":[187],"product_cat":[221],"product_tag":[241],"class_list":{"0":"post-4793","1":"product","2":"type-product","3":"status-publish","4":"has-post-thumbnail","6":"product_brand-3b-scientific","7":"product_cat-anatomische-tafeln-und-modelle","8":"product_tag-anatomietraining","10":"first","11":"instock","12":"shipping-taxable","13":"purchasable","14":"product-type-simple"},"yoast_head":"<!-- This site is optimized with the Yoast SEO plugin v26.8 - https:\/\/yoast.com\/product\/yoast-seo-wordpress\/ -->\n<title>Anatomische Tafeln \u2013 Umfassende Lehrmittel<\/title>\n<meta name=\"description\" content=\"Detaillierte anatomische Tafeln f\u00fcr den Unterricht, in verschiedenen Themen und Formaten erh\u00e4ltlich, ideal f\u00fcr medizinische Kurse und Ausbildungen.\" \/>\n<meta name=\"robots\" content=\"index, follow, max-snippet:-1, max-image-preview:large, max-video-preview:-1\" \/>\n<link rel=\"canonical\" href=\"https:\/\/lifesupportdistribution.fr\/de\/produkt\/anatomische-tafeln\/\" \/>\n<meta property=\"og:locale\" content=\"de_DE\" \/>\n<meta property=\"og:type\" content=\"article\" \/>\n<meta property=\"og:title\" content=\"Anatomische Tafeln \u2013 Umfassende Lehrmittel\" \/>\n<meta property=\"og:description\" content=\"Detaillierte anatomische Tafeln f\u00fcr den Unterricht, in verschiedenen Themen und Formaten erh\u00e4ltlich, ideal f\u00fcr medizinische Kurse und Ausbildungen.\" \/>\n<meta property=\"og:url\" content=\"https:\/\/lifesupportdistribution.fr\/de\/produkt\/anatomische-tafeln\/\" \/>\n<meta property=\"og:site_name\" content=\"Life Support Distribution\" \/>\n<meta property=\"og:image\" content=\"https:\/\/lifesupportdistribution.fr\/wp-content\/uploads\/2025\/12\/8001103_01_Ensemble-danatomie-Physio-clinique.jpg\" \/>\n\t<meta property=\"og:image:width\" content=\"500\" \/>\n\t<meta property=\"og:image:height\" content=\"500\" \/>\n\t<meta property=\"og:image:type\" content=\"image\/jpeg\" \/>\n<meta name=\"twitter:card\" content=\"summary_large_image\" \/>\n<meta name=\"twitter:label1\" content=\"Gesch\u00e4tzte Lesezeit\" \/>\n\t<meta name=\"twitter:data1\" content=\"1\u00a0Minute\" \/>\n<script type=\"application\/ld+json\" class=\"yoast-schema-graph\">{\"@context\":\"https:\/\/schema.org\",\"@graph\":[{\"@type\":\"WebPage\",\"@id\":\"https:\/\/lifesupportdistribution.fr\/de\/produkt\/anatomische-tafeln\/\",\"url\":\"https:\/\/lifesupportdistribution.fr\/de\/produkt\/anatomische-tafeln\/\",\"name\":\"Anatomische Tafeln \u2013 Umfassende Lehrmittel\",\"isPartOf\":{\"@id\":\"https:\/\/lifesupportdistribution.fr\/de\/#website\"},\"primaryImageOfPage\":{\"@id\":\"https:\/\/lifesupportdistribution.fr\/de\/produkt\/anatomische-tafeln\/#primaryimage\"},\"image\":{\"@id\":\"https:\/\/lifesupportdistribution.fr\/de\/produkt\/anatomische-tafeln\/#primaryimage\"},\"thumbnailUrl\":\"https:\/\/lifesupportdistribution.fr\/wp-content\/uploads\/2025\/12\/8001103_01_Ensemble-danatomie-Physio-clinique.jpg\",\"datePublished\":\"2025-12-01T15:32:20+00:00\",\"description\":\"Detaillierte anatomische Tafeln f\u00fcr den Unterricht, in verschiedenen Themen und Formaten erh\u00e4ltlich, ideal f\u00fcr medizinische Kurse und Ausbildungen.\",\"breadcrumb\":{\"@id\":\"https:\/\/lifesupportdistribution.fr\/de\/produkt\/anatomische-tafeln\/#breadcrumb\"},\"inLanguage\":\"de\",\"potentialAction\":[{\"@type\":\"ReadAction\",\"target\":[\"https:\/\/lifesupportdistribution.fr\/de\/produkt\/anatomische-tafeln\/\"]}]},{\"@type\":\"ImageObject\",\"inLanguage\":\"de\",\"@id\":\"https:\/\/lifesupportdistribution.fr\/de\/produkt\/anatomische-tafeln\/#primaryimage\",\"url\":\"https:\/\/lifesupportdistribution.fr\/wp-content\/uploads\/2025\/12\/8001103_01_Ensemble-danatomie-Physio-clinique.jpg\",\"contentUrl\":\"https:\/\/lifesupportdistribution.fr\/wp-content\/uploads\/2025\/12\/8001103_01_Ensemble-danatomie-Physio-clinique.jpg\",\"width\":500,\"height\":500},{\"@type\":\"BreadcrumbList\",\"@id\":\"https:\/\/lifesupportdistribution.fr\/de\/produkt\/anatomische-tafeln\/#breadcrumb\",\"itemListElement\":[{\"@type\":\"ListItem\",\"position\":1,\"name\":\"Accueil\",\"item\":\"https:\/\/lifesupportdistribution.fr\/de\/startseite\/\"},{\"@type\":\"ListItem\",\"position\":2,\"name\":\"Shop\",\"item\":\"https:\/\/lifesupportdistribution.fr\/de\/shop\/\"},{\"@type\":\"ListItem\",\"position\":3,\"name\":\"Anatomische Tafeln\"}]},{\"@type\":\"WebSite\",\"@id\":\"https:\/\/lifesupportdistribution.fr\/de\/#website\",\"url\":\"https:\/\/lifesupportdistribution.fr\/de\/\",\"name\":\"Life Support Distribution\",\"description\":\"Solutions en simulation m\u00e9dicale\",\"publisher\":{\"@id\":\"https:\/\/lifesupportdistribution.fr\/de\/#organization\"},\"potentialAction\":[{\"@type\":\"SearchAction\",\"target\":{\"@type\":\"EntryPoint\",\"urlTemplate\":\"https:\/\/lifesupportdistribution.fr\/de\/?s={search_term_string}\"},\"query-input\":{\"@type\":\"PropertyValueSpecification\",\"valueRequired\":true,\"valueName\":\"search_term_string\"}}],\"inLanguage\":\"de\"},{\"@type\":\"Organization\",\"@id\":\"https:\/\/lifesupportdistribution.fr\/de\/#organization\",\"name\":\"Life Support Distribution\",\"url\":\"https:\/\/lifesupportdistribution.fr\/de\/\",\"logo\":{\"@type\":\"ImageObject\",\"inLanguage\":\"de\",\"@id\":\"https:\/\/lifesupportdistribution.fr\/de\/#\/schema\/logo\/image\/\",\"url\":\"https:\/\/lifesupportdistribution.fr\/wp-content\/uploads\/2025\/10\/logo-life-support-distribution.svg\",\"contentUrl\":\"https:\/\/lifesupportdistribution.fr\/wp-content\/uploads\/2025\/10\/logo-life-support-distribution.svg\",\"width\":698,\"height\":223,\"caption\":\"Life Support Distribution\"},\"image\":{\"@id\":\"https:\/\/lifesupportdistribution.fr\/de\/#\/schema\/logo\/image\/\"},\"sameAs\":[\"https:\/\/www.linkedin.com\/company\/life-support-distribution\/\"]}]}<\/script>\n<!-- \/ Yoast SEO plugin. -->","yoast_head_json":{"title":"Anatomische Tafeln \u2013 Umfassende Lehrmittel","description":"Detaillierte anatomische Tafeln f\u00fcr den Unterricht, in verschiedenen Themen und Formaten erh\u00e4ltlich, ideal f\u00fcr medizinische Kurse und Ausbildungen.","robots":{"index":"index","follow":"follow","max-snippet":"max-snippet:-1","max-image-preview":"max-image-preview:large","max-video-preview":"max-video-preview:-1"},"canonical":"https:\/\/lifesupportdistribution.fr\/de\/produkt\/anatomische-tafeln\/","og_locale":"de_DE","og_type":"article","og_title":"Anatomische Tafeln \u2013 Umfassende Lehrmittel","og_description":"Detaillierte anatomische Tafeln f\u00fcr den Unterricht, in verschiedenen Themen und Formaten erh\u00e4ltlich, ideal f\u00fcr medizinische Kurse und Ausbildungen.","og_url":"https:\/\/lifesupportdistribution.fr\/de\/produkt\/anatomische-tafeln\/","og_site_name":"Life Support Distribution","og_image":[{"width":500,"height":500,"url":"https:\/\/lifesupportdistribution.fr\/wp-content\/uploads\/2025\/12\/8001103_01_Ensemble-danatomie-Physio-clinique.jpg","type":"image\/jpeg"}],"twitter_card":"summary_large_image","twitter_misc":{"Gesch\u00e4tzte Lesezeit":"1\u00a0Minute"},"schema":{"@context":"https:\/\/schema.org","@graph":[{"@type":"WebPage","@id":"https:\/\/lifesupportdistribution.fr\/de\/produkt\/anatomische-tafeln\/","url":"https:\/\/lifesupportdistribution.fr\/de\/produkt\/anatomische-tafeln\/","name":"Anatomische Tafeln \u2013 Umfassende Lehrmittel","isPartOf":{"@id":"https:\/\/lifesupportdistribution.fr\/de\/#website"},"primaryImageOfPage":{"@id":"https:\/\/lifesupportdistribution.fr\/de\/produkt\/anatomische-tafeln\/#primaryimage"},"image":{"@id":"https:\/\/lifesupportdistribution.fr\/de\/produkt\/anatomische-tafeln\/#primaryimage"},"thumbnailUrl":"https:\/\/lifesupportdistribution.fr\/wp-content\/uploads\/2025\/12\/8001103_01_Ensemble-danatomie-Physio-clinique.jpg","datePublished":"2025-12-01T15:32:20+00:00","description":"Detaillierte anatomische Tafeln f\u00fcr den Unterricht, in verschiedenen Themen und Formaten erh\u00e4ltlich, ideal f\u00fcr medizinische Kurse und Ausbildungen.","breadcrumb":{"@id":"https:\/\/lifesupportdistribution.fr\/de\/produkt\/anatomische-tafeln\/#breadcrumb"},"inLanguage":"de","potentialAction":[{"@type":"ReadAction","target":["https:\/\/lifesupportdistribution.fr\/de\/produkt\/anatomische-tafeln\/"]}]},{"@type":"ImageObject","inLanguage":"de","@id":"https:\/\/lifesupportdistribution.fr\/de\/produkt\/anatomische-tafeln\/#primaryimage","url":"https:\/\/lifesupportdistribution.fr\/wp-content\/uploads\/2025\/12\/8001103_01_Ensemble-danatomie-Physio-clinique.jpg","contentUrl":"https:\/\/lifesupportdistribution.fr\/wp-content\/uploads\/2025\/12\/8001103_01_Ensemble-danatomie-Physio-clinique.jpg","width":500,"height":500},{"@type":"BreadcrumbList","@id":"https:\/\/lifesupportdistribution.fr\/de\/produkt\/anatomische-tafeln\/#breadcrumb","itemListElement":[{"@type":"ListItem","position":1,"name":"Accueil","item":"https:\/\/lifesupportdistribution.fr\/de\/startseite\/"},{"@type":"ListItem","position":2,"name":"Shop","item":"https:\/\/lifesupportdistribution.fr\/de\/shop\/"},{"@type":"ListItem","position":3,"name":"Anatomische Tafeln"}]},{"@type":"WebSite","@id":"https:\/\/lifesupportdistribution.fr\/de\/#website","url":"https:\/\/lifesupportdistribution.fr\/de\/","name":"Life Support Distribution","description":"Solutions en simulation m\u00e9dicale","publisher":{"@id":"https:\/\/lifesupportdistribution.fr\/de\/#organization"},"potentialAction":[{"@type":"SearchAction","target":{"@type":"EntryPoint","urlTemplate":"https:\/\/lifesupportdistribution.fr\/de\/?s={search_term_string}"},"query-input":{"@type":"PropertyValueSpecification","valueRequired":true,"valueName":"search_term_string"}}],"inLanguage":"de"},{"@type":"Organization","@id":"https:\/\/lifesupportdistribution.fr\/de\/#organization","name":"Life Support Distribution","url":"https:\/\/lifesupportdistribution.fr\/de\/","logo":{"@type":"ImageObject","inLanguage":"de","@id":"https:\/\/lifesupportdistribution.fr\/de\/#\/schema\/logo\/image\/","url":"https:\/\/lifesupportdistribution.fr\/wp-content\/uploads\/2025\/10\/logo-life-support-distribution.svg","contentUrl":"https:\/\/lifesupportdistribution.fr\/wp-content\/uploads\/2025\/10\/logo-life-support-distribution.svg","width":698,"height":223,"caption":"Life Support Distribution"},"image":{"@id":"https:\/\/lifesupportdistribution.fr\/de\/#\/schema\/logo\/image\/"},"sameAs":["https:\/\/www.linkedin.com\/company\/life-support-distribution\/"]}]}},"_links":{"self":[{"href":"https:\/\/lifesupportdistribution.fr\/de\/wp-json\/wp\/v2\/product\/4793","targetHints":{"allow":["GET"]}}],"collection":[{"href":"https:\/\/lifesupportdistribution.fr\/de\/wp-json\/wp\/v2\/product"}],"about":[{"href":"https:\/\/lifesupportdistribution.fr\/de\/wp-json\/wp\/v2\/types\/product"}],"wp:featuredmedia":[{"embeddable":true,"href":"https:\/\/lifesupportdistribution.fr\/de\/wp-json\/wp\/v2\/media\/2729"}],"wp:attachment":[{"href":"https:\/\/lifesupportdistribution.fr\/de\/wp-json\/wp\/v2\/media?parent=4793"}],"wp:term":[{"taxonomy":"product_brand","embeddable":true,"href":"https:\/\/lifesupportdistribution.fr\/de\/wp-json\/wp\/v2\/product_brand?post=4793"},{"taxonomy":"product_cat","embeddable":true,"href":"https:\/\/lifesupportdistribution.fr\/de\/wp-json\/wp\/v2\/product_cat?post=4793"},{"taxonomy":"product_tag","embeddable":true,"href":"https:\/\/lifesupportdistribution.fr\/de\/wp-json\/wp\/v2\/product_tag?post=4793"}],"curies":[{"name":"wp","href":"https:\/\/api.w.org\/{rel}","templated":true}]}}