{"id":4794,"date":"2025-12-01T16:24:06","date_gmt":"2025-12-01T15:24:06","guid":{"rendered":"https:\/\/lifesupportdistribution.fr\/produits\/maennliches-beckenskelett\/"},"modified":"2025-12-01T16:24:06","modified_gmt":"2025-12-01T15:24:06","slug":"maennliches-beckenskelett","status":"publish","type":"product","link":"https:\/\/lifesupportdistribution.fr\/de\/produkt\/maennliches-beckenskelett\/","title":{"rendered":"M\u00e4nnliches Beckenskelett"},"content":{"rendered":"<p>Das m\u00e4nnliche Beckenskelett ist ein ideales Lehrmittel f\u00fcr das Studium der Darmbeine, des Kreuzbeins, des Stei\u00dfbeins und der Schambeinfuge.<br \/>\nDank seiner exakten Proportionen erm\u00f6glicht es die Hervorhebung der morphologischen Merkmale des m\u00e4nnlichen Beckens: eine schmalere, h\u00f6here und robustere Struktur.<br \/>\nSein solides Design und sein hoher Detaillierungsgrad machen es zu einem Modell, das f\u00fcr den intensiven Einsatz in Anatomie-, Physiotherapie- und Urologiekursen geeignet ist.<br \/>\nLeicht zu handhaben und zu reinigen, eignet es sich sowohl f\u00fcr den Einsatz im Unterricht als auch f\u00fcr klinische Demonstrationen.<\/p>\n","protected":false},"excerpt":{"rendered":"<p>Dieses Modell stellt das m\u00e4nnliche Beckenskelett dar und bietet eine realistische und pr\u00e4zise Reproduktion der kn\u00f6chernen Beckenstrukturen.<br \/>\nKompakt und robust, ist es f\u00fcr den Unterricht der Beckenanatomie und den morphologischen Vergleich zwischen m\u00e4nnlichen und weiblichen Becken konzipiert.<\/p>\n","protected":false},"featured_media":2720,"template":"","meta":[],"product_brand":[187],"product_cat":[221],"product_tag":[241],"class_list":{"0":"post-4794","1":"product","2":"type-product","3":"status-publish","4":"has-post-thumbnail","6":"product_brand-3b-scientific","7":"product_cat-anatomische-tafeln-und-modelle","8":"product_tag-anatomietraining","10":"first","11":"instock","12":"shipping-taxable","13":"purchasable","14":"product-type-simple"},"yoast_head":"<!-- This site is optimized with the Yoast SEO plugin v26.8 - https:\/\/yoast.com\/product\/yoast-seo-wordpress\/ -->\n<title>M\u00e4nnliches Beckenskelett \u2013 Anatomisches Modell<\/title>\n<meta name=\"description\" content=\"Getreues und robustes anatomisches Modell des m\u00e4nnlichen Beckens, ideal f\u00fcr den Unterricht \u00fcber Beckenstrukturen und den Vergleich mit dem weiblichen Becken.\" \/>\n<meta name=\"robots\" content=\"index, follow, max-snippet:-1, max-image-preview:large, max-video-preview:-1\" \/>\n<link rel=\"canonical\" href=\"https:\/\/lifesupportdistribution.fr\/de\/produkt\/maennliches-beckenskelett\/\" \/>\n<meta property=\"og:locale\" content=\"de_DE\" \/>\n<meta property=\"og:type\" content=\"article\" \/>\n<meta property=\"og:title\" content=\"M\u00e4nnliches Beckenskelett \u2013 Anatomisches Modell\" \/>\n<meta property=\"og:description\" content=\"Getreues und robustes anatomisches Modell des m\u00e4nnlichen Beckens, ideal f\u00fcr den Unterricht \u00fcber Beckenstrukturen und den Vergleich mit dem weiblichen Becken.\" \/>\n<meta property=\"og:url\" content=\"https:\/\/lifesupportdistribution.fr\/de\/produkt\/maennliches-beckenskelett\/\" \/>\n<meta property=\"og:site_name\" content=\"Life Support Distribution\" \/>\n<meta property=\"og:image\" content=\"https:\/\/lifesupportdistribution.fr\/wp-content\/uploads\/2025\/12\/A60_03_Squelette-du-bassin-masculin.jpg\" \/>\n\t<meta property=\"og:image:width\" content=\"500\" \/>\n\t<meta property=\"og:image:height\" content=\"500\" \/>\n\t<meta property=\"og:image:type\" content=\"image\/jpeg\" \/>\n<meta name=\"twitter:card\" content=\"summary_large_image\" \/>\n<script type=\"application\/ld+json\" class=\"yoast-schema-graph\">{\"@context\":\"https:\/\/schema.org\",\"@graph\":[{\"@type\":\"WebPage\",\"@id\":\"https:\/\/lifesupportdistribution.fr\/de\/produkt\/maennliches-beckenskelett\/\",\"url\":\"https:\/\/lifesupportdistribution.fr\/de\/produkt\/maennliches-beckenskelett\/\",\"name\":\"M\u00e4nnliches Beckenskelett \u2013 Anatomisches Modell\",\"isPartOf\":{\"@id\":\"https:\/\/lifesupportdistribution.fr\/de\/#website\"},\"primaryImageOfPage\":{\"@id\":\"https:\/\/lifesupportdistribution.fr\/de\/produkt\/maennliches-beckenskelett\/#primaryimage\"},\"image\":{\"@id\":\"https:\/\/lifesupportdistribution.fr\/de\/produkt\/maennliches-beckenskelett\/#primaryimage\"},\"thumbnailUrl\":\"https:\/\/lifesupportdistribution.fr\/wp-content\/uploads\/2025\/12\/A60_03_Squelette-du-bassin-masculin.jpg\",\"datePublished\":\"2025-12-01T15:24:06+00:00\",\"description\":\"Getreues und robustes anatomisches Modell des m\u00e4nnlichen Beckens, ideal f\u00fcr den Unterricht \u00fcber Beckenstrukturen und den Vergleich mit dem weiblichen Becken.\",\"breadcrumb\":{\"@id\":\"https:\/\/lifesupportdistribution.fr\/de\/produkt\/maennliches-beckenskelett\/#breadcrumb\"},\"inLanguage\":\"de\",\"potentialAction\":[{\"@type\":\"ReadAction\",\"target\":[\"https:\/\/lifesupportdistribution.fr\/de\/produkt\/maennliches-beckenskelett\/\"]}]},{\"@type\":\"ImageObject\",\"inLanguage\":\"de\",\"@id\":\"https:\/\/lifesupportdistribution.fr\/de\/produkt\/maennliches-beckenskelett\/#primaryimage\",\"url\":\"https:\/\/lifesupportdistribution.fr\/wp-content\/uploads\/2025\/12\/A60_03_Squelette-du-bassin-masculin.jpg\",\"contentUrl\":\"https:\/\/lifesupportdistribution.fr\/wp-content\/uploads\/2025\/12\/A60_03_Squelette-du-bassin-masculin.jpg\",\"width\":500,\"height\":500},{\"@type\":\"BreadcrumbList\",\"@id\":\"https:\/\/lifesupportdistribution.fr\/de\/produkt\/maennliches-beckenskelett\/#breadcrumb\",\"itemListElement\":[{\"@type\":\"ListItem\",\"position\":1,\"name\":\"Accueil\",\"item\":\"https:\/\/lifesupportdistribution.fr\/de\/startseite\/\"},{\"@type\":\"ListItem\",\"position\":2,\"name\":\"Shop\",\"item\":\"https:\/\/lifesupportdistribution.fr\/de\/shop\/\"},{\"@type\":\"ListItem\",\"position\":3,\"name\":\"M\u00e4nnliches Beckenskelett\"}]},{\"@type\":\"WebSite\",\"@id\":\"https:\/\/lifesupportdistribution.fr\/de\/#website\",\"url\":\"https:\/\/lifesupportdistribution.fr\/de\/\",\"name\":\"Life Support Distribution\",\"description\":\"Solutions en simulation m\u00e9dicale\",\"publisher\":{\"@id\":\"https:\/\/lifesupportdistribution.fr\/de\/#organization\"},\"potentialAction\":[{\"@type\":\"SearchAction\",\"target\":{\"@type\":\"EntryPoint\",\"urlTemplate\":\"https:\/\/lifesupportdistribution.fr\/de\/?s={search_term_string}\"},\"query-input\":{\"@type\":\"PropertyValueSpecification\",\"valueRequired\":true,\"valueName\":\"search_term_string\"}}],\"inLanguage\":\"de\"},{\"@type\":\"Organization\",\"@id\":\"https:\/\/lifesupportdistribution.fr\/de\/#organization\",\"name\":\"Life Support Distribution\",\"url\":\"https:\/\/lifesupportdistribution.fr\/de\/\",\"logo\":{\"@type\":\"ImageObject\",\"inLanguage\":\"de\",\"@id\":\"https:\/\/lifesupportdistribution.fr\/de\/#\/schema\/logo\/image\/\",\"url\":\"https:\/\/lifesupportdistribution.fr\/wp-content\/uploads\/2025\/10\/logo-life-support-distribution.svg\",\"contentUrl\":\"https:\/\/lifesupportdistribution.fr\/wp-content\/uploads\/2025\/10\/logo-life-support-distribution.svg\",\"width\":698,\"height\":223,\"caption\":\"Life Support Distribution\"},\"image\":{\"@id\":\"https:\/\/lifesupportdistribution.fr\/de\/#\/schema\/logo\/image\/\"},\"sameAs\":[\"https:\/\/www.linkedin.com\/company\/life-support-distribution\/\"]}]}<\/script>\n<!-- \/ Yoast SEO plugin. -->","yoast_head_json":{"title":"M\u00e4nnliches Beckenskelett \u2013 Anatomisches Modell","description":"Getreues und robustes anatomisches Modell des m\u00e4nnlichen Beckens, ideal f\u00fcr den Unterricht \u00fcber Beckenstrukturen und den Vergleich mit dem weiblichen Becken.","robots":{"index":"index","follow":"follow","max-snippet":"max-snippet:-1","max-image-preview":"max-image-preview:large","max-video-preview":"max-video-preview:-1"},"canonical":"https:\/\/lifesupportdistribution.fr\/de\/produkt\/maennliches-beckenskelett\/","og_locale":"de_DE","og_type":"article","og_title":"M\u00e4nnliches Beckenskelett \u2013 Anatomisches Modell","og_description":"Getreues und robustes anatomisches Modell des m\u00e4nnlichen Beckens, ideal f\u00fcr den Unterricht \u00fcber Beckenstrukturen und den Vergleich mit dem weiblichen Becken.","og_url":"https:\/\/lifesupportdistribution.fr\/de\/produkt\/maennliches-beckenskelett\/","og_site_name":"Life Support Distribution","og_image":[{"width":500,"height":500,"url":"https:\/\/lifesupportdistribution.fr\/wp-content\/uploads\/2025\/12\/A60_03_Squelette-du-bassin-masculin.jpg","type":"image\/jpeg"}],"twitter_card":"summary_large_image","schema":{"@context":"https:\/\/schema.org","@graph":[{"@type":"WebPage","@id":"https:\/\/lifesupportdistribution.fr\/de\/produkt\/maennliches-beckenskelett\/","url":"https:\/\/lifesupportdistribution.fr\/de\/produkt\/maennliches-beckenskelett\/","name":"M\u00e4nnliches Beckenskelett \u2013 Anatomisches Modell","isPartOf":{"@id":"https:\/\/lifesupportdistribution.fr\/de\/#website"},"primaryImageOfPage":{"@id":"https:\/\/lifesupportdistribution.fr\/de\/produkt\/maennliches-beckenskelett\/#primaryimage"},"image":{"@id":"https:\/\/lifesupportdistribution.fr\/de\/produkt\/maennliches-beckenskelett\/#primaryimage"},"thumbnailUrl":"https:\/\/lifesupportdistribution.fr\/wp-content\/uploads\/2025\/12\/A60_03_Squelette-du-bassin-masculin.jpg","datePublished":"2025-12-01T15:24:06+00:00","description":"Getreues und robustes anatomisches Modell des m\u00e4nnlichen Beckens, ideal f\u00fcr den Unterricht \u00fcber Beckenstrukturen und den Vergleich mit dem weiblichen Becken.","breadcrumb":{"@id":"https:\/\/lifesupportdistribution.fr\/de\/produkt\/maennliches-beckenskelett\/#breadcrumb"},"inLanguage":"de","potentialAction":[{"@type":"ReadAction","target":["https:\/\/lifesupportdistribution.fr\/de\/produkt\/maennliches-beckenskelett\/"]}]},{"@type":"ImageObject","inLanguage":"de","@id":"https:\/\/lifesupportdistribution.fr\/de\/produkt\/maennliches-beckenskelett\/#primaryimage","url":"https:\/\/lifesupportdistribution.fr\/wp-content\/uploads\/2025\/12\/A60_03_Squelette-du-bassin-masculin.jpg","contentUrl":"https:\/\/lifesupportdistribution.fr\/wp-content\/uploads\/2025\/12\/A60_03_Squelette-du-bassin-masculin.jpg","width":500,"height":500},{"@type":"BreadcrumbList","@id":"https:\/\/lifesupportdistribution.fr\/de\/produkt\/maennliches-beckenskelett\/#breadcrumb","itemListElement":[{"@type":"ListItem","position":1,"name":"Accueil","item":"https:\/\/lifesupportdistribution.fr\/de\/startseite\/"},{"@type":"ListItem","position":2,"name":"Shop","item":"https:\/\/lifesupportdistribution.fr\/de\/shop\/"},{"@type":"ListItem","position":3,"name":"M\u00e4nnliches Beckenskelett"}]},{"@type":"WebSite","@id":"https:\/\/lifesupportdistribution.fr\/de\/#website","url":"https:\/\/lifesupportdistribution.fr\/de\/","name":"Life Support Distribution","description":"Solutions en simulation m\u00e9dicale","publisher":{"@id":"https:\/\/lifesupportdistribution.fr\/de\/#organization"},"potentialAction":[{"@type":"SearchAction","target":{"@type":"EntryPoint","urlTemplate":"https:\/\/lifesupportdistribution.fr\/de\/?s={search_term_string}"},"query-input":{"@type":"PropertyValueSpecification","valueRequired":true,"valueName":"search_term_string"}}],"inLanguage":"de"},{"@type":"Organization","@id":"https:\/\/lifesupportdistribution.fr\/de\/#organization","name":"Life Support Distribution","url":"https:\/\/lifesupportdistribution.fr\/de\/","logo":{"@type":"ImageObject","inLanguage":"de","@id":"https:\/\/lifesupportdistribution.fr\/de\/#\/schema\/logo\/image\/","url":"https:\/\/lifesupportdistribution.fr\/wp-content\/uploads\/2025\/10\/logo-life-support-distribution.svg","contentUrl":"https:\/\/lifesupportdistribution.fr\/wp-content\/uploads\/2025\/10\/logo-life-support-distribution.svg","width":698,"height":223,"caption":"Life Support Distribution"},"image":{"@id":"https:\/\/lifesupportdistribution.fr\/de\/#\/schema\/logo\/image\/"},"sameAs":["https:\/\/www.linkedin.com\/company\/life-support-distribution\/"]}]}},"_links":{"self":[{"href":"https:\/\/lifesupportdistribution.fr\/de\/wp-json\/wp\/v2\/product\/4794","targetHints":{"allow":["GET"]}}],"collection":[{"href":"https:\/\/lifesupportdistribution.fr\/de\/wp-json\/wp\/v2\/product"}],"about":[{"href":"https:\/\/lifesupportdistribution.fr\/de\/wp-json\/wp\/v2\/types\/product"}],"wp:featuredmedia":[{"embeddable":true,"href":"https:\/\/lifesupportdistribution.fr\/de\/wp-json\/wp\/v2\/media\/2720"}],"wp:attachment":[{"href":"https:\/\/lifesupportdistribution.fr\/de\/wp-json\/wp\/v2\/media?parent=4794"}],"wp:term":[{"taxonomy":"product_brand","embeddable":true,"href":"https:\/\/lifesupportdistribution.fr\/de\/wp-json\/wp\/v2\/product_brand?post=4794"},{"taxonomy":"product_cat","embeddable":true,"href":"https:\/\/lifesupportdistribution.fr\/de\/wp-json\/wp\/v2\/product_cat?post=4794"},{"taxonomy":"product_tag","embeddable":true,"href":"https:\/\/lifesupportdistribution.fr\/de\/wp-json\/wp\/v2\/product_tag?post=4794"}],"curies":[{"name":"wp","href":"https:\/\/api.w.org\/{rel}","templated":true}]}}