{"id":4806,"date":"2025-12-02T14:29:29","date_gmt":"2025-12-02T13:29:29","guid":{"rendered":"https:\/\/lifesupportdistribution.fr\/produits\/dekubituspflegesimulator\/"},"modified":"2025-12-02T14:29:29","modified_gmt":"2025-12-02T13:29:29","slug":"dekubituspflegesimulator","status":"publish","type":"product","link":"https:\/\/lifesupportdistribution.fr\/de\/produkt\/dekubituspflegesimulator\/","title":{"rendered":"Dekubituspflegesimulator"},"content":{"rendered":"<p>Der Dekubituspflegesimulator erm\u00f6glicht das \u00dcben der Versorgung von Dekubituswunden in einem sicheren p\u00e4dagogischen Umfeld.<br \/>\nEr bildet die L\u00e4sionen eines geriatrischen Patienten mit Wunden der Stadien 1, 2, 3 und 4 sowie eine tiefe Gewebenekrose, eine unterminierte Wunde von ca. 12 cm und eine nicht klassifizierbare Nekrose nach.<br \/>\nDank seiner getreuen anatomischen Struktur und der Vielfalt der nachgebildeten L\u00e4sionen ist er ein ideales Werkzeug f\u00fcr \u00dcbungen in Verbandwechsel, Hygiene, VAC-Absaugung und der Vermittlung komplexer Pflege.<br \/>\nDas Modell ist aus weichem Kunststoff gefertigt, der leicht zu reinigen und zu pflegen ist, was eine optimale Langlebigkeit auch bei intensivem Gebrauch gew\u00e4hrleistet.<br \/>\nDieser Simulator eignet sich besonders f\u00fcr die Aus- und Weiterbildung von Pflegekr\u00e4ften, um das Bewusstsein f\u00fcr die Pr\u00e4vention und Behandlung von druckbedingten Wunden zu sch\u00e4rfen.<\/p>\n","protected":false},"excerpt":{"rendered":"<p>Der Erler Zimmer Dekubituspflegesimulator bildet pr\u00e4zise die verschiedenen Dekubitusstadien (1 bis 4) und diverse h\u00e4ufige Lokalisationen ab, was eine umfassende Ausbildung in der Wundversorgung und der Pr\u00e4vention von Hautkomplikationen erm\u00f6glicht.<br \/>\nHergestellt aus weichem und strapazierf\u00e4higem Kunststoff, bietet er eine visuell und taktil realistische Darstellung, ideal f\u00fcr Krankenpflegeschulen (IFSI), Pflegehilfeschulen (IFAS) und Krankenh\u00e4user, die in pflegerischen Handlungen ausbilden.<\/p>\n","protected":false},"featured_media":2776,"template":"","meta":[],"product_brand":[193],"product_cat":[222],"product_tag":[230,254,232,249,251],"class_list":{"0":"post-4806","1":"product","2":"type-product","3":"status-publish","4":"has-post-thumbnail","6":"product_brand-erler-zimmer","7":"product_cat-simulatoren-fur-medizinische-versorgung","8":"product_tag-allgemeinmedizin","9":"product_tag-dermatologie","10":"product_tag-geriatrische-medizin","11":"product_tag-innere-medizin","12":"product_tag-krankenpflege","14":"first","15":"instock","16":"shipping-taxable","17":"purchasable","18":"product-type-simple"},"yoast_head":"<!-- This site is optimized with the Yoast SEO plugin v26.8 - https:\/\/yoast.com\/product\/yoast-seo-wordpress\/ -->\n<title>Dekubitussimulator \u2013 Wundversorgungstraining<\/title>\n<meta name=\"description\" content=\"Realistischer Dekubitussimulator (Stadien 1-4) zum Training von Pflege, Verb\u00e4nden, Pr\u00e4vention und Management chronischer Wunden.\" \/>\n<meta name=\"robots\" content=\"index, follow, max-snippet:-1, max-image-preview:large, max-video-preview:-1\" \/>\n<link rel=\"canonical\" href=\"https:\/\/lifesupportdistribution.fr\/de\/produkt\/dekubituspflegesimulator\/\" \/>\n<meta property=\"og:locale\" content=\"de_DE\" \/>\n<meta property=\"og:type\" content=\"article\" \/>\n<meta property=\"og:title\" content=\"Dekubitussimulator \u2013 Wundversorgungstraining\" \/>\n<meta property=\"og:description\" content=\"Realistischer Dekubitussimulator (Stadien 1-4) zum Training von Pflege, Verb\u00e4nden, Pr\u00e4vention und Management chronischer Wunden.\" \/>\n<meta property=\"og:url\" content=\"https:\/\/lifesupportdistribution.fr\/de\/produkt\/dekubituspflegesimulator\/\" \/>\n<meta property=\"og:site_name\" content=\"Life Support Distribution\" \/>\n<meta property=\"og:image\" content=\"https:\/\/lifesupportdistribution.fr\/wp-content\/uploads\/2025\/12\/Simulateur-descarres-\u2013-plusieurs-stades.png\" \/>\n\t<meta property=\"og:image:width\" content=\"1920\" \/>\n\t<meta property=\"og:image:height\" content=\"1675\" \/>\n\t<meta property=\"og:image:type\" content=\"image\/png\" \/>\n<meta name=\"twitter:card\" content=\"summary_large_image\" \/>\n<meta name=\"twitter:label1\" content=\"Gesch\u00e4tzte Lesezeit\" \/>\n\t<meta name=\"twitter:data1\" content=\"1\u00a0Minute\" \/>\n<script type=\"application\/ld+json\" class=\"yoast-schema-graph\">{\"@context\":\"https:\/\/schema.org\",\"@graph\":[{\"@type\":\"WebPage\",\"@id\":\"https:\/\/lifesupportdistribution.fr\/de\/produkt\/dekubituspflegesimulator\/\",\"url\":\"https:\/\/lifesupportdistribution.fr\/de\/produkt\/dekubituspflegesimulator\/\",\"name\":\"Dekubitussimulator \u2013 Wundversorgungstraining\",\"isPartOf\":{\"@id\":\"https:\/\/lifesupportdistribution.fr\/de\/#website\"},\"primaryImageOfPage\":{\"@id\":\"https:\/\/lifesupportdistribution.fr\/de\/produkt\/dekubituspflegesimulator\/#primaryimage\"},\"image\":{\"@id\":\"https:\/\/lifesupportdistribution.fr\/de\/produkt\/dekubituspflegesimulator\/#primaryimage\"},\"thumbnailUrl\":\"https:\/\/lifesupportdistribution.fr\/wp-content\/uploads\/2025\/12\/Simulateur-descarres-\u2013-plusieurs-stades.png\",\"datePublished\":\"2025-12-02T13:29:29+00:00\",\"description\":\"Realistischer Dekubitussimulator (Stadien 1-4) zum Training von Pflege, Verb\u00e4nden, Pr\u00e4vention und Management chronischer Wunden.\",\"breadcrumb\":{\"@id\":\"https:\/\/lifesupportdistribution.fr\/de\/produkt\/dekubituspflegesimulator\/#breadcrumb\"},\"inLanguage\":\"de\",\"potentialAction\":[{\"@type\":\"ReadAction\",\"target\":[\"https:\/\/lifesupportdistribution.fr\/de\/produkt\/dekubituspflegesimulator\/\"]}]},{\"@type\":\"ImageObject\",\"inLanguage\":\"de\",\"@id\":\"https:\/\/lifesupportdistribution.fr\/de\/produkt\/dekubituspflegesimulator\/#primaryimage\",\"url\":\"https:\/\/lifesupportdistribution.fr\/wp-content\/uploads\/2025\/12\/Simulateur-descarres-\u2013-plusieurs-stades.png\",\"contentUrl\":\"https:\/\/lifesupportdistribution.fr\/wp-content\/uploads\/2025\/12\/Simulateur-descarres-\u2013-plusieurs-stades.png\",\"width\":1920,\"height\":1675},{\"@type\":\"BreadcrumbList\",\"@id\":\"https:\/\/lifesupportdistribution.fr\/de\/produkt\/dekubituspflegesimulator\/#breadcrumb\",\"itemListElement\":[{\"@type\":\"ListItem\",\"position\":1,\"name\":\"Accueil\",\"item\":\"https:\/\/lifesupportdistribution.fr\/de\/startseite\/\"},{\"@type\":\"ListItem\",\"position\":2,\"name\":\"Shop\",\"item\":\"https:\/\/lifesupportdistribution.fr\/de\/shop\/\"},{\"@type\":\"ListItem\",\"position\":3,\"name\":\"Dekubituspflegesimulator\"}]},{\"@type\":\"WebSite\",\"@id\":\"https:\/\/lifesupportdistribution.fr\/de\/#website\",\"url\":\"https:\/\/lifesupportdistribution.fr\/de\/\",\"name\":\"Life Support Distribution\",\"description\":\"Solutions en simulation m\u00e9dicale\",\"publisher\":{\"@id\":\"https:\/\/lifesupportdistribution.fr\/de\/#organization\"},\"potentialAction\":[{\"@type\":\"SearchAction\",\"target\":{\"@type\":\"EntryPoint\",\"urlTemplate\":\"https:\/\/lifesupportdistribution.fr\/de\/?s={search_term_string}\"},\"query-input\":{\"@type\":\"PropertyValueSpecification\",\"valueRequired\":true,\"valueName\":\"search_term_string\"}}],\"inLanguage\":\"de\"},{\"@type\":\"Organization\",\"@id\":\"https:\/\/lifesupportdistribution.fr\/de\/#organization\",\"name\":\"Life Support Distribution\",\"url\":\"https:\/\/lifesupportdistribution.fr\/de\/\",\"logo\":{\"@type\":\"ImageObject\",\"inLanguage\":\"de\",\"@id\":\"https:\/\/lifesupportdistribution.fr\/de\/#\/schema\/logo\/image\/\",\"url\":\"https:\/\/lifesupportdistribution.fr\/wp-content\/uploads\/2025\/10\/logo-life-support-distribution.svg\",\"contentUrl\":\"https:\/\/lifesupportdistribution.fr\/wp-content\/uploads\/2025\/10\/logo-life-support-distribution.svg\",\"width\":698,\"height\":223,\"caption\":\"Life Support Distribution\"},\"image\":{\"@id\":\"https:\/\/lifesupportdistribution.fr\/de\/#\/schema\/logo\/image\/\"},\"sameAs\":[\"https:\/\/www.linkedin.com\/company\/life-support-distribution\/\"]}]}<\/script>\n<!-- \/ Yoast SEO plugin. -->","yoast_head_json":{"title":"Dekubitussimulator \u2013 Wundversorgungstraining","description":"Realistischer Dekubitussimulator (Stadien 1-4) zum Training von Pflege, Verb\u00e4nden, Pr\u00e4vention und Management chronischer Wunden.","robots":{"index":"index","follow":"follow","max-snippet":"max-snippet:-1","max-image-preview":"max-image-preview:large","max-video-preview":"max-video-preview:-1"},"canonical":"https:\/\/lifesupportdistribution.fr\/de\/produkt\/dekubituspflegesimulator\/","og_locale":"de_DE","og_type":"article","og_title":"Dekubitussimulator \u2013 Wundversorgungstraining","og_description":"Realistischer Dekubitussimulator (Stadien 1-4) zum Training von Pflege, Verb\u00e4nden, Pr\u00e4vention und Management chronischer Wunden.","og_url":"https:\/\/lifesupportdistribution.fr\/de\/produkt\/dekubituspflegesimulator\/","og_site_name":"Life Support Distribution","og_image":[{"width":1920,"height":1675,"url":"https:\/\/lifesupportdistribution.fr\/wp-content\/uploads\/2025\/12\/Simulateur-descarres-\u2013-plusieurs-stades.png","type":"image\/png"}],"twitter_card":"summary_large_image","twitter_misc":{"Gesch\u00e4tzte Lesezeit":"1\u00a0Minute"},"schema":{"@context":"https:\/\/schema.org","@graph":[{"@type":"WebPage","@id":"https:\/\/lifesupportdistribution.fr\/de\/produkt\/dekubituspflegesimulator\/","url":"https:\/\/lifesupportdistribution.fr\/de\/produkt\/dekubituspflegesimulator\/","name":"Dekubitussimulator \u2013 Wundversorgungstraining","isPartOf":{"@id":"https:\/\/lifesupportdistribution.fr\/de\/#website"},"primaryImageOfPage":{"@id":"https:\/\/lifesupportdistribution.fr\/de\/produkt\/dekubituspflegesimulator\/#primaryimage"},"image":{"@id":"https:\/\/lifesupportdistribution.fr\/de\/produkt\/dekubituspflegesimulator\/#primaryimage"},"thumbnailUrl":"https:\/\/lifesupportdistribution.fr\/wp-content\/uploads\/2025\/12\/Simulateur-descarres-\u2013-plusieurs-stades.png","datePublished":"2025-12-02T13:29:29+00:00","description":"Realistischer Dekubitussimulator (Stadien 1-4) zum Training von Pflege, Verb\u00e4nden, Pr\u00e4vention und Management chronischer Wunden.","breadcrumb":{"@id":"https:\/\/lifesupportdistribution.fr\/de\/produkt\/dekubituspflegesimulator\/#breadcrumb"},"inLanguage":"de","potentialAction":[{"@type":"ReadAction","target":["https:\/\/lifesupportdistribution.fr\/de\/produkt\/dekubituspflegesimulator\/"]}]},{"@type":"ImageObject","inLanguage":"de","@id":"https:\/\/lifesupportdistribution.fr\/de\/produkt\/dekubituspflegesimulator\/#primaryimage","url":"https:\/\/lifesupportdistribution.fr\/wp-content\/uploads\/2025\/12\/Simulateur-descarres-\u2013-plusieurs-stades.png","contentUrl":"https:\/\/lifesupportdistribution.fr\/wp-content\/uploads\/2025\/12\/Simulateur-descarres-\u2013-plusieurs-stades.png","width":1920,"height":1675},{"@type":"BreadcrumbList","@id":"https:\/\/lifesupportdistribution.fr\/de\/produkt\/dekubituspflegesimulator\/#breadcrumb","itemListElement":[{"@type":"ListItem","position":1,"name":"Accueil","item":"https:\/\/lifesupportdistribution.fr\/de\/startseite\/"},{"@type":"ListItem","position":2,"name":"Shop","item":"https:\/\/lifesupportdistribution.fr\/de\/shop\/"},{"@type":"ListItem","position":3,"name":"Dekubituspflegesimulator"}]},{"@type":"WebSite","@id":"https:\/\/lifesupportdistribution.fr\/de\/#website","url":"https:\/\/lifesupportdistribution.fr\/de\/","name":"Life Support Distribution","description":"Solutions en simulation m\u00e9dicale","publisher":{"@id":"https:\/\/lifesupportdistribution.fr\/de\/#organization"},"potentialAction":[{"@type":"SearchAction","target":{"@type":"EntryPoint","urlTemplate":"https:\/\/lifesupportdistribution.fr\/de\/?s={search_term_string}"},"query-input":{"@type":"PropertyValueSpecification","valueRequired":true,"valueName":"search_term_string"}}],"inLanguage":"de"},{"@type":"Organization","@id":"https:\/\/lifesupportdistribution.fr\/de\/#organization","name":"Life Support Distribution","url":"https:\/\/lifesupportdistribution.fr\/de\/","logo":{"@type":"ImageObject","inLanguage":"de","@id":"https:\/\/lifesupportdistribution.fr\/de\/#\/schema\/logo\/image\/","url":"https:\/\/lifesupportdistribution.fr\/wp-content\/uploads\/2025\/10\/logo-life-support-distribution.svg","contentUrl":"https:\/\/lifesupportdistribution.fr\/wp-content\/uploads\/2025\/10\/logo-life-support-distribution.svg","width":698,"height":223,"caption":"Life Support Distribution"},"image":{"@id":"https:\/\/lifesupportdistribution.fr\/de\/#\/schema\/logo\/image\/"},"sameAs":["https:\/\/www.linkedin.com\/company\/life-support-distribution\/"]}]}},"_links":{"self":[{"href":"https:\/\/lifesupportdistribution.fr\/de\/wp-json\/wp\/v2\/product\/4806","targetHints":{"allow":["GET"]}}],"collection":[{"href":"https:\/\/lifesupportdistribution.fr\/de\/wp-json\/wp\/v2\/product"}],"about":[{"href":"https:\/\/lifesupportdistribution.fr\/de\/wp-json\/wp\/v2\/types\/product"}],"wp:featuredmedia":[{"embeddable":true,"href":"https:\/\/lifesupportdistribution.fr\/de\/wp-json\/wp\/v2\/media\/2776"}],"wp:attachment":[{"href":"https:\/\/lifesupportdistribution.fr\/de\/wp-json\/wp\/v2\/media?parent=4806"}],"wp:term":[{"taxonomy":"product_brand","embeddable":true,"href":"https:\/\/lifesupportdistribution.fr\/de\/wp-json\/wp\/v2\/product_brand?post=4806"},{"taxonomy":"product_cat","embeddable":true,"href":"https:\/\/lifesupportdistribution.fr\/de\/wp-json\/wp\/v2\/product_cat?post=4806"},{"taxonomy":"product_tag","embeddable":true,"href":"https:\/\/lifesupportdistribution.fr\/de\/wp-json\/wp\/v2\/product_tag?post=4806"}],"curies":[{"name":"wp","href":"https:\/\/api.w.org\/{rel}","templated":true}]}}