{"id":4809,"date":"2025-12-02T14:31:38","date_gmt":"2025-12-02T13:31:38","guid":{"rendered":"https:\/\/lifesupportdistribution.fr\/produits\/vascular-victor-trainingsbueste-fuer-die-pflege-zentralvenoeser-katheter\/"},"modified":"2026-01-02T14:06:50","modified_gmt":"2026-01-02T13:06:50","slug":"vascular-victor-trainingsbueste-fuer-die-pflege-zentralvenoeser-katheter","status":"publish","type":"product","link":"https:\/\/lifesupportdistribution.fr\/de\/produkt\/vascular-victor-trainingsbueste-fuer-die-pflege-zentralvenoeser-katheter\/","title":{"rendered":"Vascular Victor \u2013 Trainingsb\u00fcste f\u00fcr die Pflege zentralven\u00f6ser Katheter"},"content":{"rendered":"<p>Der Vascular Victor verf\u00fcgt \u00fcber ein komplettes System funktionsf\u00e4higer implantierter Ports:<\/p>\n<ul>\n<li>Ein dreilumiger zentralven\u00f6ser Katheter (ZVK), der in die Vena jugularis interna oder die Vena subclavia eingef\u00fchrt werden kann,<\/li>\n<li>Ein getunnelter ZVK f\u00fcr die Langzeitpflege,<\/li>\n<li>Ein Portkatheter (DAVI) zum Training der Lokalisierung, Punktion und Desinfektion,<\/li>\n<li>Und ein im Arm implantierter peripherer Port zum \u00dcben der IV- und PICC-Line-Pflege.<\/li>\n<\/ul>\n<p>&nbsp;<\/p>\n<p>Der integrierte Arm verf\u00fcgt \u00fcber einen ven\u00f6sen Zugang an der Vena basilica und am Unterarm, der das Legen peripherer Katheter und die Entnahme von Proben erm\u00f6glicht.<\/p>\n<p>Dank seines breiten und stabilen Sockels gew\u00e4hrleistet diese B\u00fcste eine sichere Nutzung auch bei wiederholten Manipulationen.<br \/>\nHergestellt aus einem weichen, widerstandsf\u00e4higen und realistischen Material, bietet der Simulator ein naturgetreues taktiles Feedback f\u00fcr ein umfassendes Training der vaskul\u00e4ren Versorgung.<\/p>\n","protected":false},"excerpt":{"rendered":"<p>Der Vascular Victor ist eine High-Fidelity-Trainingsb\u00fcste, die f\u00fcr die Schulung in der Pflege von zentralven\u00f6sen (ZVK) und peripheren Kathetern entwickelt wurde.<br \/>\nDank seines anatomischen Designs und seiner zahlreichen Zugangspunkte erm\u00f6glicht er die realistische Simulation des Legens, der Handhabung und der Wartung vaskul\u00e4rer Zugangsger\u00e4te wie Portkatheter, PICC-Lines und getunnelter ZVKs.<br \/>\nStabil, langlebig und vielseitig, ist er ein unverzichtbares Werkzeug f\u00fcr die Krankenpflege- und medizinische Ausbildung in der klinischen Praxis.<\/p>\n","protected":false},"featured_media":4799,"template":"","meta":[],"product_brand":[193],"product_cat":[222],"product_tag":[237,252,245,251,236],"class_list":{"0":"post-4809","1":"product","2":"type-product","3":"status-publish","4":"has-post-thumbnail","6":"product_brand-erler-zimmer","7":"product_cat-simulatoren-fur-medizinische-versorgung","8":"product_tag-anasthesie","9":"product_tag-intensivmedizin","10":"product_tag-intensivpflege","11":"product_tag-krankenpflege","12":"product_tag-notfallmedizin","14":"first","15":"instock","16":"shipping-taxable","17":"purchasable","18":"product-type-simple"},"yoast_head":"<!-- This site is optimized with the Yoast SEO plugin v27.5 - https:\/\/yoast.com\/product\/yoast-seo-wordpress\/ -->\n<title>Vascular Victor \u2013 Simulator f\u00fcr CVC-, PICC- und Portkatheter-Training<\/title>\n<meta name=\"description\" content=\"Realistische Trainingsb\u00fcste zum \u00dcben von ZVK, PICC und Portkathetern, mit mehreren ven\u00f6sen Zug\u00e4ngen und funktionellem Fl\u00fcssigkeitsr\u00fcckfluss.\" \/>\n<meta name=\"robots\" content=\"index, follow, max-snippet:-1, max-image-preview:large, max-video-preview:-1\" \/>\n<link rel=\"canonical\" href=\"https:\/\/lifesupportdistribution.fr\/de\/produkt\/vascular-victor-trainingsbueste-fuer-die-pflege-zentralvenoeser-katheter\/\" \/>\n<meta property=\"og:locale\" content=\"de_DE\" \/>\n<meta property=\"og:type\" content=\"article\" \/>\n<meta property=\"og:title\" content=\"Vascular Victor \u2013 Simulator f\u00fcr CVC-, PICC- und Portkatheter-Training\" \/>\n<meta property=\"og:description\" content=\"Realistische Trainingsb\u00fcste zum \u00dcben von ZVK, PICC und Portkathetern, mit mehreren ven\u00f6sen Zug\u00e4ngen und funktionellem Fl\u00fcssigkeitsr\u00fcckfluss.\" \/>\n<meta property=\"og:url\" content=\"https:\/\/lifesupportdistribution.fr\/de\/produkt\/vascular-victor-trainingsbueste-fuer-die-pflege-zentralvenoeser-katheter\/\" \/>\n<meta property=\"og:site_name\" content=\"Life Support Distribution\" \/>\n<meta property=\"article:modified_time\" content=\"2026-01-02T13:06:50+00:00\" \/>\n<meta property=\"og:image\" content=\"https:\/\/lifesupportdistribution.fr\/wp-content\/uploads\/2025\/12\/Torse-dentrainement-catheter-et-injections.png\" \/>\n\t<meta property=\"og:image:width\" content=\"1920\" \/>\n\t<meta property=\"og:image:height\" content=\"1533\" \/>\n\t<meta property=\"og:image:type\" content=\"image\/png\" \/>\n<meta name=\"twitter:card\" content=\"summary_large_image\" \/>\n<meta name=\"twitter:label1\" content=\"Gesch\u00e4tzte Lesezeit\" \/>\n\t<meta name=\"twitter:data1\" content=\"1\u00a0Minute\" \/>\n<script type=\"application\/ld+json\" class=\"yoast-schema-graph\">{\"@context\":\"https:\\\/\\\/schema.org\",\"@graph\":[{\"@type\":\"WebPage\",\"@id\":\"https:\\\/\\\/lifesupportdistribution.fr\\\/de\\\/produkt\\\/vascular-victor-trainingsbueste-fuer-die-pflege-zentralvenoeser-katheter\\\/\",\"url\":\"https:\\\/\\\/lifesupportdistribution.fr\\\/de\\\/produkt\\\/vascular-victor-trainingsbueste-fuer-die-pflege-zentralvenoeser-katheter\\\/\",\"name\":\"Vascular Victor \u2013 Simulator f\u00fcr CVC-, PICC- und Portkatheter-Training\",\"isPartOf\":{\"@id\":\"https:\\\/\\\/lifesupportdistribution.fr\\\/de\\\/#website\"},\"primaryImageOfPage\":{\"@id\":\"https:\\\/\\\/lifesupportdistribution.fr\\\/de\\\/produkt\\\/vascular-victor-trainingsbueste-fuer-die-pflege-zentralvenoeser-katheter\\\/#primaryimage\"},\"image\":{\"@id\":\"https:\\\/\\\/lifesupportdistribution.fr\\\/de\\\/produkt\\\/vascular-victor-trainingsbueste-fuer-die-pflege-zentralvenoeser-katheter\\\/#primaryimage\"},\"thumbnailUrl\":\"https:\\\/\\\/lifesupportdistribution.fr\\\/wp-content\\\/uploads\\\/2025\\\/12\\\/Torse-dentrainement-catheter-et-injections.png\",\"datePublished\":\"2025-12-02T13:31:38+00:00\",\"dateModified\":\"2026-01-02T13:06:50+00:00\",\"description\":\"Realistische Trainingsb\u00fcste zum \u00dcben von ZVK, PICC und Portkathetern, mit mehreren ven\u00f6sen Zug\u00e4ngen und funktionellem Fl\u00fcssigkeitsr\u00fcckfluss.\",\"breadcrumb\":{\"@id\":\"https:\\\/\\\/lifesupportdistribution.fr\\\/de\\\/produkt\\\/vascular-victor-trainingsbueste-fuer-die-pflege-zentralvenoeser-katheter\\\/#breadcrumb\"},\"inLanguage\":\"de\",\"potentialAction\":[{\"@type\":\"ReadAction\",\"target\":[\"https:\\\/\\\/lifesupportdistribution.fr\\\/de\\\/produkt\\\/vascular-victor-trainingsbueste-fuer-die-pflege-zentralvenoeser-katheter\\\/\"]}]},{\"@type\":\"ImageObject\",\"inLanguage\":\"de\",\"@id\":\"https:\\\/\\\/lifesupportdistribution.fr\\\/de\\\/produkt\\\/vascular-victor-trainingsbueste-fuer-die-pflege-zentralvenoeser-katheter\\\/#primaryimage\",\"url\":\"https:\\\/\\\/lifesupportdistribution.fr\\\/wp-content\\\/uploads\\\/2025\\\/12\\\/Torse-dentrainement-catheter-et-injections.png\",\"contentUrl\":\"https:\\\/\\\/lifesupportdistribution.fr\\\/wp-content\\\/uploads\\\/2025\\\/12\\\/Torse-dentrainement-catheter-et-injections.png\",\"width\":1920,\"height\":1533},{\"@type\":\"BreadcrumbList\",\"@id\":\"https:\\\/\\\/lifesupportdistribution.fr\\\/de\\\/produkt\\\/vascular-victor-trainingsbueste-fuer-die-pflege-zentralvenoeser-katheter\\\/#breadcrumb\",\"itemListElement\":[{\"@type\":\"ListItem\",\"position\":1,\"name\":\"Accueil\",\"item\":\"https:\\\/\\\/lifesupportdistribution.fr\\\/de\\\/startseite\\\/\"},{\"@type\":\"ListItem\",\"position\":2,\"name\":\"Shop\",\"item\":\"https:\\\/\\\/lifesupportdistribution.fr\\\/de\\\/shop\\\/\"},{\"@type\":\"ListItem\",\"position\":3,\"name\":\"Vascular Victor \u2013 Trainingsb\u00fcste f\u00fcr die Pflege zentralven\u00f6ser Katheter\"}]},{\"@type\":\"WebSite\",\"@id\":\"https:\\\/\\\/lifesupportdistribution.fr\\\/de\\\/#website\",\"url\":\"https:\\\/\\\/lifesupportdistribution.fr\\\/de\\\/\",\"name\":\"Life Support Distribution\",\"description\":\"Solutions en simulation m\u00e9dicale\",\"publisher\":{\"@id\":\"https:\\\/\\\/lifesupportdistribution.fr\\\/de\\\/#organization\"},\"potentialAction\":[{\"@type\":\"SearchAction\",\"target\":{\"@type\":\"EntryPoint\",\"urlTemplate\":\"https:\\\/\\\/lifesupportdistribution.fr\\\/de\\\/?s={search_term_string}\"},\"query-input\":{\"@type\":\"PropertyValueSpecification\",\"valueRequired\":true,\"valueName\":\"search_term_string\"}}],\"inLanguage\":\"de\"},{\"@type\":\"Organization\",\"@id\":\"https:\\\/\\\/lifesupportdistribution.fr\\\/de\\\/#organization\",\"name\":\"Life Support Distribution\",\"url\":\"https:\\\/\\\/lifesupportdistribution.fr\\\/de\\\/\",\"logo\":{\"@type\":\"ImageObject\",\"inLanguage\":\"de\",\"@id\":\"https:\\\/\\\/lifesupportdistribution.fr\\\/de\\\/#\\\/schema\\\/logo\\\/image\\\/\",\"url\":\"https:\\\/\\\/lifesupportdistribution.fr\\\/wp-content\\\/uploads\\\/2025\\\/10\\\/logo-life-support-distribution.svg\",\"contentUrl\":\"https:\\\/\\\/lifesupportdistribution.fr\\\/wp-content\\\/uploads\\\/2025\\\/10\\\/logo-life-support-distribution.svg\",\"width\":698,\"height\":223,\"caption\":\"Life Support Distribution\"},\"image\":{\"@id\":\"https:\\\/\\\/lifesupportdistribution.fr\\\/de\\\/#\\\/schema\\\/logo\\\/image\\\/\"},\"sameAs\":[\"https:\\\/\\\/www.linkedin.com\\\/company\\\/life-support-distribution\\\/\"]}]}<\/script>\n<!-- \/ Yoast SEO plugin. -->","yoast_head_json":{"title":"Vascular Victor \u2013 Simulator f\u00fcr CVC-, PICC- und Portkatheter-Training","description":"Realistische Trainingsb\u00fcste zum \u00dcben von ZVK, PICC und Portkathetern, mit mehreren ven\u00f6sen Zug\u00e4ngen und funktionellem Fl\u00fcssigkeitsr\u00fcckfluss.","robots":{"index":"index","follow":"follow","max-snippet":"max-snippet:-1","max-image-preview":"max-image-preview:large","max-video-preview":"max-video-preview:-1"},"canonical":"https:\/\/lifesupportdistribution.fr\/de\/produkt\/vascular-victor-trainingsbueste-fuer-die-pflege-zentralvenoeser-katheter\/","og_locale":"de_DE","og_type":"article","og_title":"Vascular Victor \u2013 Simulator f\u00fcr CVC-, PICC- und Portkatheter-Training","og_description":"Realistische Trainingsb\u00fcste zum \u00dcben von ZVK, PICC und Portkathetern, mit mehreren ven\u00f6sen Zug\u00e4ngen und funktionellem Fl\u00fcssigkeitsr\u00fcckfluss.","og_url":"https:\/\/lifesupportdistribution.fr\/de\/produkt\/vascular-victor-trainingsbueste-fuer-die-pflege-zentralvenoeser-katheter\/","og_site_name":"Life Support Distribution","article_modified_time":"2026-01-02T13:06:50+00:00","og_image":[{"width":1920,"height":1533,"url":"https:\/\/lifesupportdistribution.fr\/wp-content\/uploads\/2025\/12\/Torse-dentrainement-catheter-et-injections.png","type":"image\/png"}],"twitter_card":"summary_large_image","twitter_misc":{"Gesch\u00e4tzte Lesezeit":"1\u00a0Minute"},"schema":{"@context":"https:\/\/schema.org","@graph":[{"@type":"WebPage","@id":"https:\/\/lifesupportdistribution.fr\/de\/produkt\/vascular-victor-trainingsbueste-fuer-die-pflege-zentralvenoeser-katheter\/","url":"https:\/\/lifesupportdistribution.fr\/de\/produkt\/vascular-victor-trainingsbueste-fuer-die-pflege-zentralvenoeser-katheter\/","name":"Vascular Victor \u2013 Simulator f\u00fcr CVC-, PICC- und Portkatheter-Training","isPartOf":{"@id":"https:\/\/lifesupportdistribution.fr\/de\/#website"},"primaryImageOfPage":{"@id":"https:\/\/lifesupportdistribution.fr\/de\/produkt\/vascular-victor-trainingsbueste-fuer-die-pflege-zentralvenoeser-katheter\/#primaryimage"},"image":{"@id":"https:\/\/lifesupportdistribution.fr\/de\/produkt\/vascular-victor-trainingsbueste-fuer-die-pflege-zentralvenoeser-katheter\/#primaryimage"},"thumbnailUrl":"https:\/\/lifesupportdistribution.fr\/wp-content\/uploads\/2025\/12\/Torse-dentrainement-catheter-et-injections.png","datePublished":"2025-12-02T13:31:38+00:00","dateModified":"2026-01-02T13:06:50+00:00","description":"Realistische Trainingsb\u00fcste zum \u00dcben von ZVK, PICC und Portkathetern, mit mehreren ven\u00f6sen Zug\u00e4ngen und funktionellem Fl\u00fcssigkeitsr\u00fcckfluss.","breadcrumb":{"@id":"https:\/\/lifesupportdistribution.fr\/de\/produkt\/vascular-victor-trainingsbueste-fuer-die-pflege-zentralvenoeser-katheter\/#breadcrumb"},"inLanguage":"de","potentialAction":[{"@type":"ReadAction","target":["https:\/\/lifesupportdistribution.fr\/de\/produkt\/vascular-victor-trainingsbueste-fuer-die-pflege-zentralvenoeser-katheter\/"]}]},{"@type":"ImageObject","inLanguage":"de","@id":"https:\/\/lifesupportdistribution.fr\/de\/produkt\/vascular-victor-trainingsbueste-fuer-die-pflege-zentralvenoeser-katheter\/#primaryimage","url":"https:\/\/lifesupportdistribution.fr\/wp-content\/uploads\/2025\/12\/Torse-dentrainement-catheter-et-injections.png","contentUrl":"https:\/\/lifesupportdistribution.fr\/wp-content\/uploads\/2025\/12\/Torse-dentrainement-catheter-et-injections.png","width":1920,"height":1533},{"@type":"BreadcrumbList","@id":"https:\/\/lifesupportdistribution.fr\/de\/produkt\/vascular-victor-trainingsbueste-fuer-die-pflege-zentralvenoeser-katheter\/#breadcrumb","itemListElement":[{"@type":"ListItem","position":1,"name":"Accueil","item":"https:\/\/lifesupportdistribution.fr\/de\/startseite\/"},{"@type":"ListItem","position":2,"name":"Shop","item":"https:\/\/lifesupportdistribution.fr\/de\/shop\/"},{"@type":"ListItem","position":3,"name":"Vascular Victor \u2013 Trainingsb\u00fcste f\u00fcr die Pflege zentralven\u00f6ser Katheter"}]},{"@type":"WebSite","@id":"https:\/\/lifesupportdistribution.fr\/de\/#website","url":"https:\/\/lifesupportdistribution.fr\/de\/","name":"Life Support Distribution","description":"Solutions en simulation m\u00e9dicale","publisher":{"@id":"https:\/\/lifesupportdistribution.fr\/de\/#organization"},"potentialAction":[{"@type":"SearchAction","target":{"@type":"EntryPoint","urlTemplate":"https:\/\/lifesupportdistribution.fr\/de\/?s={search_term_string}"},"query-input":{"@type":"PropertyValueSpecification","valueRequired":true,"valueName":"search_term_string"}}],"inLanguage":"de"},{"@type":"Organization","@id":"https:\/\/lifesupportdistribution.fr\/de\/#organization","name":"Life Support Distribution","url":"https:\/\/lifesupportdistribution.fr\/de\/","logo":{"@type":"ImageObject","inLanguage":"de","@id":"https:\/\/lifesupportdistribution.fr\/de\/#\/schema\/logo\/image\/","url":"https:\/\/lifesupportdistribution.fr\/wp-content\/uploads\/2025\/10\/logo-life-support-distribution.svg","contentUrl":"https:\/\/lifesupportdistribution.fr\/wp-content\/uploads\/2025\/10\/logo-life-support-distribution.svg","width":698,"height":223,"caption":"Life Support Distribution"},"image":{"@id":"https:\/\/lifesupportdistribution.fr\/de\/#\/schema\/logo\/image\/"},"sameAs":["https:\/\/www.linkedin.com\/company\/life-support-distribution\/"]}]}},"_links":{"self":[{"href":"https:\/\/lifesupportdistribution.fr\/de\/wp-json\/wp\/v2\/product\/4809","targetHints":{"allow":["GET"]}}],"collection":[{"href":"https:\/\/lifesupportdistribution.fr\/de\/wp-json\/wp\/v2\/product"}],"about":[{"href":"https:\/\/lifesupportdistribution.fr\/de\/wp-json\/wp\/v2\/types\/product"}],"wp:featuredmedia":[{"embeddable":true,"href":"https:\/\/lifesupportdistribution.fr\/de\/wp-json\/wp\/v2\/media\/4799"}],"wp:attachment":[{"href":"https:\/\/lifesupportdistribution.fr\/de\/wp-json\/wp\/v2\/media?parent=4809"}],"wp:term":[{"taxonomy":"product_brand","embeddable":true,"href":"https:\/\/lifesupportdistribution.fr\/de\/wp-json\/wp\/v2\/product_brand?post=4809"},{"taxonomy":"product_cat","embeddable":true,"href":"https:\/\/lifesupportdistribution.fr\/de\/wp-json\/wp\/v2\/product_cat?post=4809"},{"taxonomy":"product_tag","embeddable":true,"href":"https:\/\/lifesupportdistribution.fr\/de\/wp-json\/wp\/v2\/product_tag?post=4809"}],"curies":[{"name":"wp","href":"https:\/\/api.w.org\/{rel}","templated":true}]}}