{"id":4823,"date":"2025-12-02T14:39:19","date_gmt":"2025-12-02T13:39:19","guid":{"rendered":"https:\/\/lifesupportdistribution.fr\/produits\/adipositas-simulationsanzug\/"},"modified":"2025-12-02T14:39:19","modified_gmt":"2025-12-02T13:39:19","slug":"adipositas-simulationsanzug","status":"publish","type":"product","link":"https:\/\/lifesupportdistribution.fr\/de\/produkt\/adipositas-simulationsanzug\/","title":{"rendered":"Adipositas-Simulationsanzug"},"content":{"rendered":"<p>Der Erler Zimmer Adipositas-Simulationsanzug wurde entwickelt, um die physiologischen und mechanischen Auswirkungen von \u00dcbergewicht zu reproduzieren.<br \/>\nDank eines Systems von verstellbaren Gewichten, die \u00fcber den gesamten K\u00f6rper verteilt sind, k\u00f6nnen bis zu 30 kg zus\u00e4tzliches Gewicht simuliert werden, wodurch Haltung, Gleichgewicht und Bewegung des Tr\u00e4gers ver\u00e4ndert werden.<br \/>\nDie Erfahrung verdeutlicht die physischen Belastungen, die Erm\u00fcdung und die motorischen Einschr\u00e4nkungen, denen adip\u00f6se Menschen im Alltag begegnen.<br \/>\nEingesetzt in Ausbildungsprogrammen f\u00fcr Krankenpflege, Ern\u00e4hrung, Physiotherapie und Gesundheitserziehung, bereichert er das Verst\u00e4ndnis der physischen und psychologischen Aspekte von \u00dcbergewicht.<\/p>\n","protected":false},"excerpt":{"rendered":"<p>Der PAT \u2013 Professional Adipositas Trainer ist ein innovativer Adipositas-Simulationsanzug, der es Studenten und medizinischem Fachpersonal erm\u00f6glicht, die Belastungen des t\u00e4glichen Lebens von \u00fcbergewichtigen oder adip\u00f6sen Menschen zu verstehen.<br \/>\nDurch die originalgetreue Reproduktion von eingeschr\u00e4nkter Mobilit\u00e4t, physischen Einschr\u00e4nkungen und posturalen Belastungen bietet dieser Anzug ein einzigartiges immersives Erlebnis in die Lebenswelt bariatrischer Patienten.<br \/>\nEr ist ein leistungsstarkes Werkzeug zur F\u00f6rderung von Empathie, Sensibilisierung und Schulung im Umgang mit \u00fcbergewichtigen Patienten.<\/p>\n","protected":false},"featured_media":2772,"template":"","meta":[],"product_brand":[193],"product_cat":[220],"product_tag":[231],"class_list":{"0":"post-4823","1":"product","2":"type-product","3":"status-publish","4":"has-post-thumbnail","6":"product_brand-erler-zimmer","7":"product_cat-simulierte-patienten","8":"product_tag-bariatrische-medizin","10":"first","11":"instock","12":"shipping-taxable","13":"purchasable","14":"product-type-simple"},"yoast_head":"<!-- This site is optimized with the Yoast SEO plugin v26.8 - https:\/\/yoast.com\/product\/yoast-seo-wordpress\/ -->\n<title>Adipositas-Simulationsanzug \u2013 Immersives Training<\/title>\n<meta name=\"description\" content=\"Immersiver Anzug zur Simulation von bis zu 30 kg \u00dcbergewicht und zur Schulung im Umgang mit adip\u00f6sen Patienten. Ideal f\u00fcr Pflegeschulen und Weiterbildungen.\" \/>\n<meta name=\"robots\" content=\"index, follow, max-snippet:-1, max-image-preview:large, max-video-preview:-1\" \/>\n<link rel=\"canonical\" href=\"https:\/\/lifesupportdistribution.fr\/de\/produkt\/adipositas-simulationsanzug\/\" \/>\n<meta property=\"og:locale\" content=\"de_DE\" \/>\n<meta property=\"og:type\" content=\"article\" \/>\n<meta property=\"og:title\" content=\"Adipositas-Simulationsanzug \u2013 Immersives Training\" \/>\n<meta property=\"og:description\" content=\"Immersiver Anzug zur Simulation von bis zu 30 kg \u00dcbergewicht und zur Schulung im Umgang mit adip\u00f6sen Patienten. Ideal f\u00fcr Pflegeschulen und Weiterbildungen.\" \/>\n<meta property=\"og:url\" content=\"https:\/\/lifesupportdistribution.fr\/de\/produkt\/adipositas-simulationsanzug\/\" \/>\n<meta property=\"og:site_name\" content=\"Life Support Distribution\" \/>\n<meta property=\"og:image\" content=\"https:\/\/lifesupportdistribution.fr\/wp-content\/uploads\/2025\/12\/Simulation-obesite.png\" \/>\n\t<meta property=\"og:image:width\" content=\"800\" \/>\n\t<meta property=\"og:image:height\" content=\"533\" \/>\n\t<meta property=\"og:image:type\" content=\"image\/png\" \/>\n<meta name=\"twitter:card\" content=\"summary_large_image\" \/>\n<script type=\"application\/ld+json\" class=\"yoast-schema-graph\">{\"@context\":\"https:\/\/schema.org\",\"@graph\":[{\"@type\":\"WebPage\",\"@id\":\"https:\/\/lifesupportdistribution.fr\/de\/produkt\/adipositas-simulationsanzug\/\",\"url\":\"https:\/\/lifesupportdistribution.fr\/de\/produkt\/adipositas-simulationsanzug\/\",\"name\":\"Adipositas-Simulationsanzug \u2013 Immersives Training\",\"isPartOf\":{\"@id\":\"https:\/\/lifesupportdistribution.fr\/de\/#website\"},\"primaryImageOfPage\":{\"@id\":\"https:\/\/lifesupportdistribution.fr\/de\/produkt\/adipositas-simulationsanzug\/#primaryimage\"},\"image\":{\"@id\":\"https:\/\/lifesupportdistribution.fr\/de\/produkt\/adipositas-simulationsanzug\/#primaryimage\"},\"thumbnailUrl\":\"https:\/\/lifesupportdistribution.fr\/wp-content\/uploads\/2025\/12\/Simulation-obesite.png\",\"datePublished\":\"2025-12-02T13:39:19+00:00\",\"description\":\"Immersiver Anzug zur Simulation von bis zu 30 kg \u00dcbergewicht und zur Schulung im Umgang mit adip\u00f6sen Patienten. Ideal f\u00fcr Pflegeschulen und Weiterbildungen.\",\"breadcrumb\":{\"@id\":\"https:\/\/lifesupportdistribution.fr\/de\/produkt\/adipositas-simulationsanzug\/#breadcrumb\"},\"inLanguage\":\"de\",\"potentialAction\":[{\"@type\":\"ReadAction\",\"target\":[\"https:\/\/lifesupportdistribution.fr\/de\/produkt\/adipositas-simulationsanzug\/\"]}]},{\"@type\":\"ImageObject\",\"inLanguage\":\"de\",\"@id\":\"https:\/\/lifesupportdistribution.fr\/de\/produkt\/adipositas-simulationsanzug\/#primaryimage\",\"url\":\"https:\/\/lifesupportdistribution.fr\/wp-content\/uploads\/2025\/12\/Simulation-obesite.png\",\"contentUrl\":\"https:\/\/lifesupportdistribution.fr\/wp-content\/uploads\/2025\/12\/Simulation-obesite.png\",\"width\":800,\"height\":533},{\"@type\":\"BreadcrumbList\",\"@id\":\"https:\/\/lifesupportdistribution.fr\/de\/produkt\/adipositas-simulationsanzug\/#breadcrumb\",\"itemListElement\":[{\"@type\":\"ListItem\",\"position\":1,\"name\":\"Accueil\",\"item\":\"https:\/\/lifesupportdistribution.fr\/de\/startseite\/\"},{\"@type\":\"ListItem\",\"position\":2,\"name\":\"Shop\",\"item\":\"https:\/\/lifesupportdistribution.fr\/de\/shop\/\"},{\"@type\":\"ListItem\",\"position\":3,\"name\":\"Adipositas-Simulationsanzug\"}]},{\"@type\":\"WebSite\",\"@id\":\"https:\/\/lifesupportdistribution.fr\/de\/#website\",\"url\":\"https:\/\/lifesupportdistribution.fr\/de\/\",\"name\":\"Life Support Distribution\",\"description\":\"Solutions en simulation m\u00e9dicale\",\"publisher\":{\"@id\":\"https:\/\/lifesupportdistribution.fr\/de\/#organization\"},\"potentialAction\":[{\"@type\":\"SearchAction\",\"target\":{\"@type\":\"EntryPoint\",\"urlTemplate\":\"https:\/\/lifesupportdistribution.fr\/de\/?s={search_term_string}\"},\"query-input\":{\"@type\":\"PropertyValueSpecification\",\"valueRequired\":true,\"valueName\":\"search_term_string\"}}],\"inLanguage\":\"de\"},{\"@type\":\"Organization\",\"@id\":\"https:\/\/lifesupportdistribution.fr\/de\/#organization\",\"name\":\"Life Support Distribution\",\"url\":\"https:\/\/lifesupportdistribution.fr\/de\/\",\"logo\":{\"@type\":\"ImageObject\",\"inLanguage\":\"de\",\"@id\":\"https:\/\/lifesupportdistribution.fr\/de\/#\/schema\/logo\/image\/\",\"url\":\"https:\/\/lifesupportdistribution.fr\/wp-content\/uploads\/2025\/10\/logo-life-support-distribution.svg\",\"contentUrl\":\"https:\/\/lifesupportdistribution.fr\/wp-content\/uploads\/2025\/10\/logo-life-support-distribution.svg\",\"width\":698,\"height\":223,\"caption\":\"Life Support Distribution\"},\"image\":{\"@id\":\"https:\/\/lifesupportdistribution.fr\/de\/#\/schema\/logo\/image\/\"},\"sameAs\":[\"https:\/\/www.linkedin.com\/company\/life-support-distribution\/\"]}]}<\/script>\n<!-- \/ Yoast SEO plugin. -->","yoast_head_json":{"title":"Adipositas-Simulationsanzug \u2013 Immersives Training","description":"Immersiver Anzug zur Simulation von bis zu 30 kg \u00dcbergewicht und zur Schulung im Umgang mit adip\u00f6sen Patienten. Ideal f\u00fcr Pflegeschulen und Weiterbildungen.","robots":{"index":"index","follow":"follow","max-snippet":"max-snippet:-1","max-image-preview":"max-image-preview:large","max-video-preview":"max-video-preview:-1"},"canonical":"https:\/\/lifesupportdistribution.fr\/de\/produkt\/adipositas-simulationsanzug\/","og_locale":"de_DE","og_type":"article","og_title":"Adipositas-Simulationsanzug \u2013 Immersives Training","og_description":"Immersiver Anzug zur Simulation von bis zu 30 kg \u00dcbergewicht und zur Schulung im Umgang mit adip\u00f6sen Patienten. Ideal f\u00fcr Pflegeschulen und Weiterbildungen.","og_url":"https:\/\/lifesupportdistribution.fr\/de\/produkt\/adipositas-simulationsanzug\/","og_site_name":"Life Support Distribution","og_image":[{"width":800,"height":533,"url":"https:\/\/lifesupportdistribution.fr\/wp-content\/uploads\/2025\/12\/Simulation-obesite.png","type":"image\/png"}],"twitter_card":"summary_large_image","schema":{"@context":"https:\/\/schema.org","@graph":[{"@type":"WebPage","@id":"https:\/\/lifesupportdistribution.fr\/de\/produkt\/adipositas-simulationsanzug\/","url":"https:\/\/lifesupportdistribution.fr\/de\/produkt\/adipositas-simulationsanzug\/","name":"Adipositas-Simulationsanzug \u2013 Immersives Training","isPartOf":{"@id":"https:\/\/lifesupportdistribution.fr\/de\/#website"},"primaryImageOfPage":{"@id":"https:\/\/lifesupportdistribution.fr\/de\/produkt\/adipositas-simulationsanzug\/#primaryimage"},"image":{"@id":"https:\/\/lifesupportdistribution.fr\/de\/produkt\/adipositas-simulationsanzug\/#primaryimage"},"thumbnailUrl":"https:\/\/lifesupportdistribution.fr\/wp-content\/uploads\/2025\/12\/Simulation-obesite.png","datePublished":"2025-12-02T13:39:19+00:00","description":"Immersiver Anzug zur Simulation von bis zu 30 kg \u00dcbergewicht und zur Schulung im Umgang mit adip\u00f6sen Patienten. Ideal f\u00fcr Pflegeschulen und Weiterbildungen.","breadcrumb":{"@id":"https:\/\/lifesupportdistribution.fr\/de\/produkt\/adipositas-simulationsanzug\/#breadcrumb"},"inLanguage":"de","potentialAction":[{"@type":"ReadAction","target":["https:\/\/lifesupportdistribution.fr\/de\/produkt\/adipositas-simulationsanzug\/"]}]},{"@type":"ImageObject","inLanguage":"de","@id":"https:\/\/lifesupportdistribution.fr\/de\/produkt\/adipositas-simulationsanzug\/#primaryimage","url":"https:\/\/lifesupportdistribution.fr\/wp-content\/uploads\/2025\/12\/Simulation-obesite.png","contentUrl":"https:\/\/lifesupportdistribution.fr\/wp-content\/uploads\/2025\/12\/Simulation-obesite.png","width":800,"height":533},{"@type":"BreadcrumbList","@id":"https:\/\/lifesupportdistribution.fr\/de\/produkt\/adipositas-simulationsanzug\/#breadcrumb","itemListElement":[{"@type":"ListItem","position":1,"name":"Accueil","item":"https:\/\/lifesupportdistribution.fr\/de\/startseite\/"},{"@type":"ListItem","position":2,"name":"Shop","item":"https:\/\/lifesupportdistribution.fr\/de\/shop\/"},{"@type":"ListItem","position":3,"name":"Adipositas-Simulationsanzug"}]},{"@type":"WebSite","@id":"https:\/\/lifesupportdistribution.fr\/de\/#website","url":"https:\/\/lifesupportdistribution.fr\/de\/","name":"Life Support Distribution","description":"Solutions en simulation m\u00e9dicale","publisher":{"@id":"https:\/\/lifesupportdistribution.fr\/de\/#organization"},"potentialAction":[{"@type":"SearchAction","target":{"@type":"EntryPoint","urlTemplate":"https:\/\/lifesupportdistribution.fr\/de\/?s={search_term_string}"},"query-input":{"@type":"PropertyValueSpecification","valueRequired":true,"valueName":"search_term_string"}}],"inLanguage":"de"},{"@type":"Organization","@id":"https:\/\/lifesupportdistribution.fr\/de\/#organization","name":"Life Support Distribution","url":"https:\/\/lifesupportdistribution.fr\/de\/","logo":{"@type":"ImageObject","inLanguage":"de","@id":"https:\/\/lifesupportdistribution.fr\/de\/#\/schema\/logo\/image\/","url":"https:\/\/lifesupportdistribution.fr\/wp-content\/uploads\/2025\/10\/logo-life-support-distribution.svg","contentUrl":"https:\/\/lifesupportdistribution.fr\/wp-content\/uploads\/2025\/10\/logo-life-support-distribution.svg","width":698,"height":223,"caption":"Life Support Distribution"},"image":{"@id":"https:\/\/lifesupportdistribution.fr\/de\/#\/schema\/logo\/image\/"},"sameAs":["https:\/\/www.linkedin.com\/company\/life-support-distribution\/"]}]}},"_links":{"self":[{"href":"https:\/\/lifesupportdistribution.fr\/de\/wp-json\/wp\/v2\/product\/4823","targetHints":{"allow":["GET"]}}],"collection":[{"href":"https:\/\/lifesupportdistribution.fr\/de\/wp-json\/wp\/v2\/product"}],"about":[{"href":"https:\/\/lifesupportdistribution.fr\/de\/wp-json\/wp\/v2\/types\/product"}],"wp:featuredmedia":[{"embeddable":true,"href":"https:\/\/lifesupportdistribution.fr\/de\/wp-json\/wp\/v2\/media\/2772"}],"wp:attachment":[{"href":"https:\/\/lifesupportdistribution.fr\/de\/wp-json\/wp\/v2\/media?parent=4823"}],"wp:term":[{"taxonomy":"product_brand","embeddable":true,"href":"https:\/\/lifesupportdistribution.fr\/de\/wp-json\/wp\/v2\/product_brand?post=4823"},{"taxonomy":"product_cat","embeddable":true,"href":"https:\/\/lifesupportdistribution.fr\/de\/wp-json\/wp\/v2\/product_cat?post=4823"},{"taxonomy":"product_tag","embeddable":true,"href":"https:\/\/lifesupportdistribution.fr\/de\/wp-json\/wp\/v2\/product_tag?post=4823"}],"curies":[{"name":"wp","href":"https:\/\/api.w.org\/{rel}","templated":true}]}}