{"id":4830,"date":"2025-12-12T16:44:34","date_gmt":"2025-12-12T15:44:34","guid":{"rendered":"https:\/\/lifesupportdistribution.fr\/produits\/clearbone-lumbar-l3-creaplast\/"},"modified":"2025-12-12T16:44:34","modified_gmt":"2025-12-12T15:44:34","slug":"clearbone-lumbar-l3-creaplast","status":"publish","type":"product","link":"https:\/\/lifesupportdistribution.fr\/de\/produkt\/clearbone-lumbar-l3-creaplast\/","title":{"rendered":"ClearBone Lumbar L3 \u2013 Creaplast"},"content":{"rendered":"<p>Das ClearBone Lumbar L3 erm\u00f6glicht eine klare und detaillierte Visualisierung des L3-Wirbels, der sich im Zentrum der Lendenwirbels\u00e4ule befindet und h\u00e4ufig an degenerativen Pathologien, Frakturen und Stabilisierungsoperationen beteiligt ist. Die Transparenz des Modells hebt die internen Volumina, die Pedikel, die Laminae, die Querforts\u00e4tze, die Gelenkfl\u00e4chen und den Wirbelkanal hervor.<br \/>\nDieses Modell eignet sich besonders f\u00fcr Schulungen in Orthop\u00e4die, Neurochirurgie, Rehabilitation sowie f\u00fcr industrielle Demonstrationen von Wirbels\u00e4ulenimplantaten.<br \/>\nHergestellt in Frankreich von Creaplast, bietet es eine hohe anatomische Pr\u00e4zision, optimale Robustheit und eine ausgezeichnete p\u00e4dagogische Lesbarkeit. <\/p>\n","protected":false},"excerpt":{"rendered":"<p>Das ClearBone Lumbar L3 ist ein transparentes anatomisches Modell, das den dritten Lendenwirbel naturgetreu wiedergibt. Es ist eine wesentliche Unterst\u00fctzung f\u00fcr Lehre, biomechanische Analyse und Demonstrationen von lumbalen Fixationstechniken. <\/p>\n","protected":false},"featured_media":3607,"template":"","meta":[],"product_brand":[191],"product_cat":[221],"product_tag":[241],"class_list":{"0":"post-4830","1":"product","2":"type-product","3":"status-publish","4":"has-post-thumbnail","6":"product_brand-creaplast","7":"product_cat-anatomische-tafeln-und-modelle","8":"product_tag-anatomietraining","10":"first","11":"instock","12":"shipping-taxable","13":"purchasable","14":"product-type-simple"},"yoast_head":"<!-- This site is optimized with the Yoast SEO plugin v26.8 - https:\/\/yoast.com\/product\/yoast-seo-wordpress\/ -->\n<title>ClearBone L3 \u2014 Transparentes Lendenwirbelmodell<\/title>\n<meta name=\"description\" content=\"Transparentes L3-Modell f\u00fcr Schulungen, Biomechanik, chirurgische Orientierungspunkte und lumbale Implantate.\" \/>\n<meta name=\"robots\" content=\"index, follow, max-snippet:-1, max-image-preview:large, max-video-preview:-1\" \/>\n<link rel=\"canonical\" href=\"https:\/\/lifesupportdistribution.fr\/de\/produkt\/clearbone-lumbar-l3-creaplast\/\" \/>\n<meta property=\"og:locale\" content=\"de_DE\" \/>\n<meta property=\"og:type\" content=\"article\" \/>\n<meta property=\"og:title\" content=\"ClearBone L3 \u2014 Transparentes Lendenwirbelmodell\" \/>\n<meta property=\"og:description\" content=\"Transparentes L3-Modell f\u00fcr Schulungen, Biomechanik, chirurgische Orientierungspunkte und lumbale Implantate.\" \/>\n<meta property=\"og:url\" content=\"https:\/\/lifesupportdistribution.fr\/de\/produkt\/clearbone-lumbar-l3-creaplast\/\" \/>\n<meta property=\"og:site_name\" content=\"Life Support Distribution\" \/>\n<meta property=\"og:image\" content=\"https:\/\/lifesupportdistribution.fr\/wp-content\/uploads\/2025\/12\/clearbone-lumbar-l3.jpg\" \/>\n\t<meta property=\"og:image:width\" content=\"600\" \/>\n\t<meta property=\"og:image:height\" content=\"400\" \/>\n\t<meta property=\"og:image:type\" content=\"image\/jpeg\" \/>\n<meta name=\"twitter:card\" content=\"summary_large_image\" \/>\n<script type=\"application\/ld+json\" class=\"yoast-schema-graph\">{\"@context\":\"https:\/\/schema.org\",\"@graph\":[{\"@type\":\"WebPage\",\"@id\":\"https:\/\/lifesupportdistribution.fr\/de\/produkt\/clearbone-lumbar-l3-creaplast\/\",\"url\":\"https:\/\/lifesupportdistribution.fr\/de\/produkt\/clearbone-lumbar-l3-creaplast\/\",\"name\":\"ClearBone L3 \u2014 Transparentes Lendenwirbelmodell\",\"isPartOf\":{\"@id\":\"https:\/\/lifesupportdistribution.fr\/de\/#website\"},\"primaryImageOfPage\":{\"@id\":\"https:\/\/lifesupportdistribution.fr\/de\/produkt\/clearbone-lumbar-l3-creaplast\/#primaryimage\"},\"image\":{\"@id\":\"https:\/\/lifesupportdistribution.fr\/de\/produkt\/clearbone-lumbar-l3-creaplast\/#primaryimage\"},\"thumbnailUrl\":\"https:\/\/lifesupportdistribution.fr\/wp-content\/uploads\/2025\/12\/clearbone-lumbar-l3.jpg\",\"datePublished\":\"2025-12-12T15:44:34+00:00\",\"description\":\"Transparentes L3-Modell f\u00fcr Schulungen, Biomechanik, chirurgische Orientierungspunkte und lumbale Implantate.\",\"breadcrumb\":{\"@id\":\"https:\/\/lifesupportdistribution.fr\/de\/produkt\/clearbone-lumbar-l3-creaplast\/#breadcrumb\"},\"inLanguage\":\"de\",\"potentialAction\":[{\"@type\":\"ReadAction\",\"target\":[\"https:\/\/lifesupportdistribution.fr\/de\/produkt\/clearbone-lumbar-l3-creaplast\/\"]}]},{\"@type\":\"ImageObject\",\"inLanguage\":\"de\",\"@id\":\"https:\/\/lifesupportdistribution.fr\/de\/produkt\/clearbone-lumbar-l3-creaplast\/#primaryimage\",\"url\":\"https:\/\/lifesupportdistribution.fr\/wp-content\/uploads\/2025\/12\/clearbone-lumbar-l3.jpg\",\"contentUrl\":\"https:\/\/lifesupportdistribution.fr\/wp-content\/uploads\/2025\/12\/clearbone-lumbar-l3.jpg\",\"width\":600,\"height\":400},{\"@type\":\"BreadcrumbList\",\"@id\":\"https:\/\/lifesupportdistribution.fr\/de\/produkt\/clearbone-lumbar-l3-creaplast\/#breadcrumb\",\"itemListElement\":[{\"@type\":\"ListItem\",\"position\":1,\"name\":\"Accueil\",\"item\":\"https:\/\/lifesupportdistribution.fr\/de\/startseite\/\"},{\"@type\":\"ListItem\",\"position\":2,\"name\":\"Shop\",\"item\":\"https:\/\/lifesupportdistribution.fr\/de\/shop\/\"},{\"@type\":\"ListItem\",\"position\":3,\"name\":\"ClearBone Lumbar L3 \u2013 Creaplast\"}]},{\"@type\":\"WebSite\",\"@id\":\"https:\/\/lifesupportdistribution.fr\/de\/#website\",\"url\":\"https:\/\/lifesupportdistribution.fr\/de\/\",\"name\":\"Life Support Distribution\",\"description\":\"Solutions en simulation m\u00e9dicale\",\"publisher\":{\"@id\":\"https:\/\/lifesupportdistribution.fr\/de\/#organization\"},\"potentialAction\":[{\"@type\":\"SearchAction\",\"target\":{\"@type\":\"EntryPoint\",\"urlTemplate\":\"https:\/\/lifesupportdistribution.fr\/de\/?s={search_term_string}\"},\"query-input\":{\"@type\":\"PropertyValueSpecification\",\"valueRequired\":true,\"valueName\":\"search_term_string\"}}],\"inLanguage\":\"de\"},{\"@type\":\"Organization\",\"@id\":\"https:\/\/lifesupportdistribution.fr\/de\/#organization\",\"name\":\"Life Support Distribution\",\"url\":\"https:\/\/lifesupportdistribution.fr\/de\/\",\"logo\":{\"@type\":\"ImageObject\",\"inLanguage\":\"de\",\"@id\":\"https:\/\/lifesupportdistribution.fr\/de\/#\/schema\/logo\/image\/\",\"url\":\"https:\/\/lifesupportdistribution.fr\/wp-content\/uploads\/2025\/10\/logo-life-support-distribution.svg\",\"contentUrl\":\"https:\/\/lifesupportdistribution.fr\/wp-content\/uploads\/2025\/10\/logo-life-support-distribution.svg\",\"width\":698,\"height\":223,\"caption\":\"Life Support Distribution\"},\"image\":{\"@id\":\"https:\/\/lifesupportdistribution.fr\/de\/#\/schema\/logo\/image\/\"},\"sameAs\":[\"https:\/\/www.linkedin.com\/company\/life-support-distribution\/\"]}]}<\/script>\n<!-- \/ Yoast SEO plugin. -->","yoast_head_json":{"title":"ClearBone L3 \u2014 Transparentes Lendenwirbelmodell","description":"Transparentes L3-Modell f\u00fcr Schulungen, Biomechanik, chirurgische Orientierungspunkte und lumbale Implantate.","robots":{"index":"index","follow":"follow","max-snippet":"max-snippet:-1","max-image-preview":"max-image-preview:large","max-video-preview":"max-video-preview:-1"},"canonical":"https:\/\/lifesupportdistribution.fr\/de\/produkt\/clearbone-lumbar-l3-creaplast\/","og_locale":"de_DE","og_type":"article","og_title":"ClearBone L3 \u2014 Transparentes Lendenwirbelmodell","og_description":"Transparentes L3-Modell f\u00fcr Schulungen, Biomechanik, chirurgische Orientierungspunkte und lumbale Implantate.","og_url":"https:\/\/lifesupportdistribution.fr\/de\/produkt\/clearbone-lumbar-l3-creaplast\/","og_site_name":"Life Support Distribution","og_image":[{"width":600,"height":400,"url":"https:\/\/lifesupportdistribution.fr\/wp-content\/uploads\/2025\/12\/clearbone-lumbar-l3.jpg","type":"image\/jpeg"}],"twitter_card":"summary_large_image","schema":{"@context":"https:\/\/schema.org","@graph":[{"@type":"WebPage","@id":"https:\/\/lifesupportdistribution.fr\/de\/produkt\/clearbone-lumbar-l3-creaplast\/","url":"https:\/\/lifesupportdistribution.fr\/de\/produkt\/clearbone-lumbar-l3-creaplast\/","name":"ClearBone L3 \u2014 Transparentes Lendenwirbelmodell","isPartOf":{"@id":"https:\/\/lifesupportdistribution.fr\/de\/#website"},"primaryImageOfPage":{"@id":"https:\/\/lifesupportdistribution.fr\/de\/produkt\/clearbone-lumbar-l3-creaplast\/#primaryimage"},"image":{"@id":"https:\/\/lifesupportdistribution.fr\/de\/produkt\/clearbone-lumbar-l3-creaplast\/#primaryimage"},"thumbnailUrl":"https:\/\/lifesupportdistribution.fr\/wp-content\/uploads\/2025\/12\/clearbone-lumbar-l3.jpg","datePublished":"2025-12-12T15:44:34+00:00","description":"Transparentes L3-Modell f\u00fcr Schulungen, Biomechanik, chirurgische Orientierungspunkte und lumbale Implantate.","breadcrumb":{"@id":"https:\/\/lifesupportdistribution.fr\/de\/produkt\/clearbone-lumbar-l3-creaplast\/#breadcrumb"},"inLanguage":"de","potentialAction":[{"@type":"ReadAction","target":["https:\/\/lifesupportdistribution.fr\/de\/produkt\/clearbone-lumbar-l3-creaplast\/"]}]},{"@type":"ImageObject","inLanguage":"de","@id":"https:\/\/lifesupportdistribution.fr\/de\/produkt\/clearbone-lumbar-l3-creaplast\/#primaryimage","url":"https:\/\/lifesupportdistribution.fr\/wp-content\/uploads\/2025\/12\/clearbone-lumbar-l3.jpg","contentUrl":"https:\/\/lifesupportdistribution.fr\/wp-content\/uploads\/2025\/12\/clearbone-lumbar-l3.jpg","width":600,"height":400},{"@type":"BreadcrumbList","@id":"https:\/\/lifesupportdistribution.fr\/de\/produkt\/clearbone-lumbar-l3-creaplast\/#breadcrumb","itemListElement":[{"@type":"ListItem","position":1,"name":"Accueil","item":"https:\/\/lifesupportdistribution.fr\/de\/startseite\/"},{"@type":"ListItem","position":2,"name":"Shop","item":"https:\/\/lifesupportdistribution.fr\/de\/shop\/"},{"@type":"ListItem","position":3,"name":"ClearBone Lumbar L3 \u2013 Creaplast"}]},{"@type":"WebSite","@id":"https:\/\/lifesupportdistribution.fr\/de\/#website","url":"https:\/\/lifesupportdistribution.fr\/de\/","name":"Life Support Distribution","description":"Solutions en simulation m\u00e9dicale","publisher":{"@id":"https:\/\/lifesupportdistribution.fr\/de\/#organization"},"potentialAction":[{"@type":"SearchAction","target":{"@type":"EntryPoint","urlTemplate":"https:\/\/lifesupportdistribution.fr\/de\/?s={search_term_string}"},"query-input":{"@type":"PropertyValueSpecification","valueRequired":true,"valueName":"search_term_string"}}],"inLanguage":"de"},{"@type":"Organization","@id":"https:\/\/lifesupportdistribution.fr\/de\/#organization","name":"Life Support Distribution","url":"https:\/\/lifesupportdistribution.fr\/de\/","logo":{"@type":"ImageObject","inLanguage":"de","@id":"https:\/\/lifesupportdistribution.fr\/de\/#\/schema\/logo\/image\/","url":"https:\/\/lifesupportdistribution.fr\/wp-content\/uploads\/2025\/10\/logo-life-support-distribution.svg","contentUrl":"https:\/\/lifesupportdistribution.fr\/wp-content\/uploads\/2025\/10\/logo-life-support-distribution.svg","width":698,"height":223,"caption":"Life Support Distribution"},"image":{"@id":"https:\/\/lifesupportdistribution.fr\/de\/#\/schema\/logo\/image\/"},"sameAs":["https:\/\/www.linkedin.com\/company\/life-support-distribution\/"]}]}},"_links":{"self":[{"href":"https:\/\/lifesupportdistribution.fr\/de\/wp-json\/wp\/v2\/product\/4830","targetHints":{"allow":["GET"]}}],"collection":[{"href":"https:\/\/lifesupportdistribution.fr\/de\/wp-json\/wp\/v2\/product"}],"about":[{"href":"https:\/\/lifesupportdistribution.fr\/de\/wp-json\/wp\/v2\/types\/product"}],"wp:featuredmedia":[{"embeddable":true,"href":"https:\/\/lifesupportdistribution.fr\/de\/wp-json\/wp\/v2\/media\/3607"}],"wp:attachment":[{"href":"https:\/\/lifesupportdistribution.fr\/de\/wp-json\/wp\/v2\/media?parent=4830"}],"wp:term":[{"taxonomy":"product_brand","embeddable":true,"href":"https:\/\/lifesupportdistribution.fr\/de\/wp-json\/wp\/v2\/product_brand?post=4830"},{"taxonomy":"product_cat","embeddable":true,"href":"https:\/\/lifesupportdistribution.fr\/de\/wp-json\/wp\/v2\/product_cat?post=4830"},{"taxonomy":"product_tag","embeddable":true,"href":"https:\/\/lifesupportdistribution.fr\/de\/wp-json\/wp\/v2\/product_tag?post=4830"}],"curies":[{"name":"wp","href":"https:\/\/api.w.org\/{rel}","templated":true}]}}