{"id":4842,"date":"2025-12-05T13:02:54","date_gmt":"2025-12-05T12:02:54","guid":{"rendered":"https:\/\/lifesupportdistribution.fr\/produits\/paediatrischer-lumbalpunktionssimulator-ii\/"},"modified":"2025-12-05T13:02:54","modified_gmt":"2025-12-05T12:02:54","slug":"paediatrischer-lumbalpunktionssimulator-ii","status":"publish","type":"product","link":"https:\/\/lifesupportdistribution.fr\/de\/produkt\/paediatrischer-lumbalpunktionssimulator-ii\/","title":{"rendered":"P\u00e4diatrischer Lumbalpunktionssimulator II"},"content":{"rendered":"<p>Der p\u00e4diatrische Lumbalpunktionssimulator (Art.-Nr. M43D) bildet die Morphologie eines 7 bis 10 Monate alten S\u00e4uglings nach, mit einem weichen K\u00f6rper ohne sichtbare N\u00e4hte, der eine fl\u00fcssige und nat\u00fcrliche Handhabung erm\u00f6glicht.<br \/>\nEr erm\u00f6glicht das \u00dcben der Patientenpositionierung, der Palpation anatomischer Landmarken, der Lumbalpunktion und der Entnahme von Liquor (LCR).<br \/>\nZwei Arten von austauschbaren Pads (tief und flach) bieten unterschiedliche Schwierigkeitsgrade je nach Lernzielen.<br \/>\nDer realistische Widerstand an der Nadelspitze erm\u00f6glicht es, das Durchdringen der Gewebe naturgetreu zu sp\u00fcren, was die Pr\u00e4zision und das Vertrauen in der klinischen Praxis st\u00e4rkt.<br \/>\nKompakt und robust, f\u00fcgt er sich perfekt in Ausbildungsprogramme in P\u00e4diatrie, An\u00e4sthesie und Krankenpflege ein.<\/p>\n","protected":false},"excerpt":{"rendered":"<p>Der p\u00e4diatrische Lumbalpunktionssimulator II von Kyoto Kagaku bietet ein pr\u00e4zises und sicheres Training der Lumbalpunktion bei S\u00e4uglingen, mit einer realistischen Anatomie und tastbaren Landmarken, die der klinischen Realit\u00e4t entsprechen. Er wurde entwickelt, um Lernenden zu helfen, die notwendigen F\u00e4higkeiten zur Liquor-Entnahme und zur Messung seines Drucks zu erwerben. <\/p>\n","protected":false},"featured_media":2942,"template":"","meta":[],"product_brand":[200],"product_cat":[218],"product_tag":[237,253,236,235],"class_list":{"0":"post-4842","1":"product","2":"type-product","3":"status-publish","4":"has-post-thumbnail","6":"product_brand-kyoto-kagaku","7":"product_cat-simulationspuppen","8":"product_tag-anasthesie","9":"product_tag-neurologie","10":"product_tag-notfallmedizin","11":"product_tag-padiatrie","13":"first","14":"instock","15":"shipping-taxable","16":"purchasable","17":"product-type-simple"},"yoast_head":"<!-- This site is optimized with the Yoast SEO plugin v26.8 - https:\/\/yoast.com\/product\/yoast-seo-wordpress\/ -->\n<title>P\u00e4diatrischer Lumbalpunktionssimulator II \u2013 Kyoto Kagaku<\/title>\n<meta name=\"description\" content=\"Realistischer Simulator zum Erlernen der Lumbalpunktion bei S\u00e4uglingen, mit austauschbaren Pads und simuliertem Liquorabfluss.\" \/>\n<meta name=\"robots\" content=\"index, follow, max-snippet:-1, max-image-preview:large, max-video-preview:-1\" \/>\n<link rel=\"canonical\" href=\"https:\/\/lifesupportdistribution.fr\/de\/produkt\/paediatrischer-lumbalpunktionssimulator-ii\/\" \/>\n<meta property=\"og:locale\" content=\"de_DE\" \/>\n<meta property=\"og:type\" content=\"article\" \/>\n<meta property=\"og:title\" content=\"P\u00e4diatrischer Lumbalpunktionssimulator II \u2013 Kyoto Kagaku\" \/>\n<meta property=\"og:description\" content=\"Realistischer Simulator zum Erlernen der Lumbalpunktion bei S\u00e4uglingen, mit austauschbaren Pads und simuliertem Liquorabfluss.\" \/>\n<meta property=\"og:url\" content=\"https:\/\/lifesupportdistribution.fr\/de\/produkt\/paediatrischer-lumbalpunktionssimulator-ii\/\" \/>\n<meta property=\"og:site_name\" content=\"Life Support Distribution\" \/>\n<meta property=\"og:image\" content=\"https:\/\/lifesupportdistribution.fr\/wp-content\/uploads\/2025\/12\/Simulateur-de-ponction-lombaire-pediatrique-II.jpg\" \/>\n\t<meta property=\"og:image:width\" content=\"1000\" \/>\n\t<meta property=\"og:image:height\" content=\"1000\" \/>\n\t<meta property=\"og:image:type\" content=\"image\/jpeg\" \/>\n<meta name=\"twitter:card\" content=\"summary_large_image\" \/>\n<meta name=\"twitter:label1\" content=\"Gesch\u00e4tzte Lesezeit\" \/>\n\t<meta name=\"twitter:data1\" content=\"1\u00a0Minute\" \/>\n<script type=\"application\/ld+json\" class=\"yoast-schema-graph\">{\"@context\":\"https:\/\/schema.org\",\"@graph\":[{\"@type\":\"WebPage\",\"@id\":\"https:\/\/lifesupportdistribution.fr\/de\/produkt\/paediatrischer-lumbalpunktionssimulator-ii\/\",\"url\":\"https:\/\/lifesupportdistribution.fr\/de\/produkt\/paediatrischer-lumbalpunktionssimulator-ii\/\",\"name\":\"P\u00e4diatrischer Lumbalpunktionssimulator II \u2013 Kyoto Kagaku\",\"isPartOf\":{\"@id\":\"https:\/\/lifesupportdistribution.fr\/de\/#website\"},\"primaryImageOfPage\":{\"@id\":\"https:\/\/lifesupportdistribution.fr\/de\/produkt\/paediatrischer-lumbalpunktionssimulator-ii\/#primaryimage\"},\"image\":{\"@id\":\"https:\/\/lifesupportdistribution.fr\/de\/produkt\/paediatrischer-lumbalpunktionssimulator-ii\/#primaryimage\"},\"thumbnailUrl\":\"https:\/\/lifesupportdistribution.fr\/wp-content\/uploads\/2025\/12\/Simulateur-de-ponction-lombaire-pediatrique-II.jpg\",\"datePublished\":\"2025-12-05T12:02:54+00:00\",\"description\":\"Realistischer Simulator zum Erlernen der Lumbalpunktion bei S\u00e4uglingen, mit austauschbaren Pads und simuliertem Liquorabfluss.\",\"breadcrumb\":{\"@id\":\"https:\/\/lifesupportdistribution.fr\/de\/produkt\/paediatrischer-lumbalpunktionssimulator-ii\/#breadcrumb\"},\"inLanguage\":\"de\",\"potentialAction\":[{\"@type\":\"ReadAction\",\"target\":[\"https:\/\/lifesupportdistribution.fr\/de\/produkt\/paediatrischer-lumbalpunktionssimulator-ii\/\"]}]},{\"@type\":\"ImageObject\",\"inLanguage\":\"de\",\"@id\":\"https:\/\/lifesupportdistribution.fr\/de\/produkt\/paediatrischer-lumbalpunktionssimulator-ii\/#primaryimage\",\"url\":\"https:\/\/lifesupportdistribution.fr\/wp-content\/uploads\/2025\/12\/Simulateur-de-ponction-lombaire-pediatrique-II.jpg\",\"contentUrl\":\"https:\/\/lifesupportdistribution.fr\/wp-content\/uploads\/2025\/12\/Simulateur-de-ponction-lombaire-pediatrique-II.jpg\",\"width\":1000,\"height\":1000},{\"@type\":\"BreadcrumbList\",\"@id\":\"https:\/\/lifesupportdistribution.fr\/de\/produkt\/paediatrischer-lumbalpunktionssimulator-ii\/#breadcrumb\",\"itemListElement\":[{\"@type\":\"ListItem\",\"position\":1,\"name\":\"Accueil\",\"item\":\"https:\/\/lifesupportdistribution.fr\/de\/startseite\/\"},{\"@type\":\"ListItem\",\"position\":2,\"name\":\"Shop\",\"item\":\"https:\/\/lifesupportdistribution.fr\/de\/shop\/\"},{\"@type\":\"ListItem\",\"position\":3,\"name\":\"P\u00e4diatrischer Lumbalpunktionssimulator II\"}]},{\"@type\":\"WebSite\",\"@id\":\"https:\/\/lifesupportdistribution.fr\/de\/#website\",\"url\":\"https:\/\/lifesupportdistribution.fr\/de\/\",\"name\":\"Life Support Distribution\",\"description\":\"Solutions en simulation m\u00e9dicale\",\"publisher\":{\"@id\":\"https:\/\/lifesupportdistribution.fr\/de\/#organization\"},\"potentialAction\":[{\"@type\":\"SearchAction\",\"target\":{\"@type\":\"EntryPoint\",\"urlTemplate\":\"https:\/\/lifesupportdistribution.fr\/de\/?s={search_term_string}\"},\"query-input\":{\"@type\":\"PropertyValueSpecification\",\"valueRequired\":true,\"valueName\":\"search_term_string\"}}],\"inLanguage\":\"de\"},{\"@type\":\"Organization\",\"@id\":\"https:\/\/lifesupportdistribution.fr\/de\/#organization\",\"name\":\"Life Support Distribution\",\"url\":\"https:\/\/lifesupportdistribution.fr\/de\/\",\"logo\":{\"@type\":\"ImageObject\",\"inLanguage\":\"de\",\"@id\":\"https:\/\/lifesupportdistribution.fr\/de\/#\/schema\/logo\/image\/\",\"url\":\"https:\/\/lifesupportdistribution.fr\/wp-content\/uploads\/2025\/10\/logo-life-support-distribution.svg\",\"contentUrl\":\"https:\/\/lifesupportdistribution.fr\/wp-content\/uploads\/2025\/10\/logo-life-support-distribution.svg\",\"width\":698,\"height\":223,\"caption\":\"Life Support Distribution\"},\"image\":{\"@id\":\"https:\/\/lifesupportdistribution.fr\/de\/#\/schema\/logo\/image\/\"},\"sameAs\":[\"https:\/\/www.linkedin.com\/company\/life-support-distribution\/\"]}]}<\/script>\n<!-- \/ Yoast SEO plugin. -->","yoast_head_json":{"title":"P\u00e4diatrischer Lumbalpunktionssimulator II \u2013 Kyoto Kagaku","description":"Realistischer Simulator zum Erlernen der Lumbalpunktion bei S\u00e4uglingen, mit austauschbaren Pads und simuliertem Liquorabfluss.","robots":{"index":"index","follow":"follow","max-snippet":"max-snippet:-1","max-image-preview":"max-image-preview:large","max-video-preview":"max-video-preview:-1"},"canonical":"https:\/\/lifesupportdistribution.fr\/de\/produkt\/paediatrischer-lumbalpunktionssimulator-ii\/","og_locale":"de_DE","og_type":"article","og_title":"P\u00e4diatrischer Lumbalpunktionssimulator II \u2013 Kyoto Kagaku","og_description":"Realistischer Simulator zum Erlernen der Lumbalpunktion bei S\u00e4uglingen, mit austauschbaren Pads und simuliertem Liquorabfluss.","og_url":"https:\/\/lifesupportdistribution.fr\/de\/produkt\/paediatrischer-lumbalpunktionssimulator-ii\/","og_site_name":"Life Support Distribution","og_image":[{"width":1000,"height":1000,"url":"https:\/\/lifesupportdistribution.fr\/wp-content\/uploads\/2025\/12\/Simulateur-de-ponction-lombaire-pediatrique-II.jpg","type":"image\/jpeg"}],"twitter_card":"summary_large_image","twitter_misc":{"Gesch\u00e4tzte Lesezeit":"1\u00a0Minute"},"schema":{"@context":"https:\/\/schema.org","@graph":[{"@type":"WebPage","@id":"https:\/\/lifesupportdistribution.fr\/de\/produkt\/paediatrischer-lumbalpunktionssimulator-ii\/","url":"https:\/\/lifesupportdistribution.fr\/de\/produkt\/paediatrischer-lumbalpunktionssimulator-ii\/","name":"P\u00e4diatrischer Lumbalpunktionssimulator II \u2013 Kyoto Kagaku","isPartOf":{"@id":"https:\/\/lifesupportdistribution.fr\/de\/#website"},"primaryImageOfPage":{"@id":"https:\/\/lifesupportdistribution.fr\/de\/produkt\/paediatrischer-lumbalpunktionssimulator-ii\/#primaryimage"},"image":{"@id":"https:\/\/lifesupportdistribution.fr\/de\/produkt\/paediatrischer-lumbalpunktionssimulator-ii\/#primaryimage"},"thumbnailUrl":"https:\/\/lifesupportdistribution.fr\/wp-content\/uploads\/2025\/12\/Simulateur-de-ponction-lombaire-pediatrique-II.jpg","datePublished":"2025-12-05T12:02:54+00:00","description":"Realistischer Simulator zum Erlernen der Lumbalpunktion bei S\u00e4uglingen, mit austauschbaren Pads und simuliertem Liquorabfluss.","breadcrumb":{"@id":"https:\/\/lifesupportdistribution.fr\/de\/produkt\/paediatrischer-lumbalpunktionssimulator-ii\/#breadcrumb"},"inLanguage":"de","potentialAction":[{"@type":"ReadAction","target":["https:\/\/lifesupportdistribution.fr\/de\/produkt\/paediatrischer-lumbalpunktionssimulator-ii\/"]}]},{"@type":"ImageObject","inLanguage":"de","@id":"https:\/\/lifesupportdistribution.fr\/de\/produkt\/paediatrischer-lumbalpunktionssimulator-ii\/#primaryimage","url":"https:\/\/lifesupportdistribution.fr\/wp-content\/uploads\/2025\/12\/Simulateur-de-ponction-lombaire-pediatrique-II.jpg","contentUrl":"https:\/\/lifesupportdistribution.fr\/wp-content\/uploads\/2025\/12\/Simulateur-de-ponction-lombaire-pediatrique-II.jpg","width":1000,"height":1000},{"@type":"BreadcrumbList","@id":"https:\/\/lifesupportdistribution.fr\/de\/produkt\/paediatrischer-lumbalpunktionssimulator-ii\/#breadcrumb","itemListElement":[{"@type":"ListItem","position":1,"name":"Accueil","item":"https:\/\/lifesupportdistribution.fr\/de\/startseite\/"},{"@type":"ListItem","position":2,"name":"Shop","item":"https:\/\/lifesupportdistribution.fr\/de\/shop\/"},{"@type":"ListItem","position":3,"name":"P\u00e4diatrischer Lumbalpunktionssimulator II"}]},{"@type":"WebSite","@id":"https:\/\/lifesupportdistribution.fr\/de\/#website","url":"https:\/\/lifesupportdistribution.fr\/de\/","name":"Life Support Distribution","description":"Solutions en simulation m\u00e9dicale","publisher":{"@id":"https:\/\/lifesupportdistribution.fr\/de\/#organization"},"potentialAction":[{"@type":"SearchAction","target":{"@type":"EntryPoint","urlTemplate":"https:\/\/lifesupportdistribution.fr\/de\/?s={search_term_string}"},"query-input":{"@type":"PropertyValueSpecification","valueRequired":true,"valueName":"search_term_string"}}],"inLanguage":"de"},{"@type":"Organization","@id":"https:\/\/lifesupportdistribution.fr\/de\/#organization","name":"Life Support Distribution","url":"https:\/\/lifesupportdistribution.fr\/de\/","logo":{"@type":"ImageObject","inLanguage":"de","@id":"https:\/\/lifesupportdistribution.fr\/de\/#\/schema\/logo\/image\/","url":"https:\/\/lifesupportdistribution.fr\/wp-content\/uploads\/2025\/10\/logo-life-support-distribution.svg","contentUrl":"https:\/\/lifesupportdistribution.fr\/wp-content\/uploads\/2025\/10\/logo-life-support-distribution.svg","width":698,"height":223,"caption":"Life Support Distribution"},"image":{"@id":"https:\/\/lifesupportdistribution.fr\/de\/#\/schema\/logo\/image\/"},"sameAs":["https:\/\/www.linkedin.com\/company\/life-support-distribution\/"]}]}},"_links":{"self":[{"href":"https:\/\/lifesupportdistribution.fr\/de\/wp-json\/wp\/v2\/product\/4842","targetHints":{"allow":["GET"]}}],"collection":[{"href":"https:\/\/lifesupportdistribution.fr\/de\/wp-json\/wp\/v2\/product"}],"about":[{"href":"https:\/\/lifesupportdistribution.fr\/de\/wp-json\/wp\/v2\/types\/product"}],"wp:featuredmedia":[{"embeddable":true,"href":"https:\/\/lifesupportdistribution.fr\/de\/wp-json\/wp\/v2\/media\/2942"}],"wp:attachment":[{"href":"https:\/\/lifesupportdistribution.fr\/de\/wp-json\/wp\/v2\/media?parent=4842"}],"wp:term":[{"taxonomy":"product_brand","embeddable":true,"href":"https:\/\/lifesupportdistribution.fr\/de\/wp-json\/wp\/v2\/product_brand?post=4842"},{"taxonomy":"product_cat","embeddable":true,"href":"https:\/\/lifesupportdistribution.fr\/de\/wp-json\/wp\/v2\/product_cat?post=4842"},{"taxonomy":"product_tag","embeddable":true,"href":"https:\/\/lifesupportdistribution.fr\/de\/wp-json\/wp\/v2\/product_tag?post=4842"}],"curies":[{"name":"wp","href":"https:\/\/api.w.org\/{rel}","templated":true}]}}