{"id":4848,"date":"2025-12-05T12:55:57","date_gmt":"2025-12-05T11:55:57","guid":{"rendered":"https:\/\/lifesupportdistribution.fr\/produits\/lumbalpunktion-simulator-iia\/"},"modified":"2025-12-05T12:55:57","modified_gmt":"2025-12-05T11:55:57","slug":"lumbalpunktion-simulator-iia","status":"publish","type":"product","link":"https:\/\/lifesupportdistribution.fr\/de\/produkt\/lumbalpunktion-simulator-iia\/","title":{"rendered":"Lumbalpunktion Simulator IIA"},"content":{"rendered":"<p>Der Lumbalpunktion Simulator IIA (Art.-Nr. M43B) bildet die Anatomie der Lendenregion originalgetreu ab, um das Training technischer Handgriffe der Lumbalpunktion, der Liquorentnahme (LCR) und der Periduralan\u00e4sthesie zu erm\u00f6glichen.<br \/>\nBenutzer k\u00f6nnen den Liquordruck messen, eine peridurale Nervenblockade simulieren und einen realistischen Gewebewiderstand beim Einf\u00fchren der Nadel sp\u00fcren, was die Qualit\u00e4t des haptischen Feedbacks verbessert.<br \/>\nF\u00fcnf Arten austauschbarer Pads (Erwachsene, Senioren, Adip\u00f6se) erm\u00f6glichen es, den Schwierigkeitsgrad zu variieren und verschiedene klinische Situationen zu behandeln.<br \/>\nHergestellt aus weichem und strapazierf\u00e4higem, latexfreiem Harz, ist dieser Simulator ein unverzichtbares Werkzeug f\u00fcr Krankenpflegeschulen, An\u00e4sthesieabteilungen und klinische Simulationszentren.<\/p>\n","protected":false},"excerpt":{"rendered":"<p>Der Lumbalpunktion Simulator IIA Kyoto Kagaku ist eine weltweite Referenz f\u00fcr das Training von Lumbalpunktionstechniken und Periduralan\u00e4sthesie. Er bietet eine umfassende und realistische Lernerfahrung, die sowohl f\u00fcr den Einzelunterricht als auch f\u00fcr Team\u00fcbungen geeignet ist, dank&#8230; <\/p>\n","protected":false},"featured_media":2945,"template":"","meta":[],"product_brand":[200],"product_cat":[222],"product_tag":[237,249,252,245,253,236],"class_list":{"0":"post-4848","1":"product","2":"type-product","3":"status-publish","4":"has-post-thumbnail","6":"product_brand-kyoto-kagaku","7":"product_cat-simulatoren-fur-medizinische-versorgung","8":"product_tag-anasthesie","9":"product_tag-innere-medizin","10":"product_tag-intensivmedizin","11":"product_tag-intensivpflege","12":"product_tag-neurologie","13":"product_tag-notfallmedizin","15":"first","16":"instock","17":"shipping-taxable","18":"purchasable","19":"product-type-simple"},"yoast_head":"<!-- This site is optimized with the Yoast SEO plugin v26.8 - https:\/\/yoast.com\/product\/yoast-seo-wordpress\/ -->\n<title>Lumbalpunktion Simulator IIA \u2013 Kyoto Kagaku<\/title>\n<meta name=\"description\" content=\"Realistischer Simulator f\u00fcr Lumbalpunktion und Periduralan\u00e4sthesie, mit austauschbaren Pads und pr\u00e4zisem taktilem Feedback f\u00fcr fortgeschrittene klinische Ausbildung.\" \/>\n<meta name=\"robots\" content=\"index, follow, max-snippet:-1, max-image-preview:large, max-video-preview:-1\" \/>\n<link rel=\"canonical\" href=\"https:\/\/lifesupportdistribution.fr\/de\/produkt\/lumbalpunktion-simulator-iia\/\" \/>\n<meta property=\"og:locale\" content=\"de_DE\" \/>\n<meta property=\"og:type\" content=\"article\" \/>\n<meta property=\"og:title\" content=\"Lumbalpunktion Simulator IIA \u2013 Kyoto Kagaku\" \/>\n<meta property=\"og:description\" content=\"Realistischer Simulator f\u00fcr Lumbalpunktion und Periduralan\u00e4sthesie, mit austauschbaren Pads und pr\u00e4zisem taktilem Feedback f\u00fcr fortgeschrittene klinische Ausbildung.\" \/>\n<meta property=\"og:url\" content=\"https:\/\/lifesupportdistribution.fr\/de\/produkt\/lumbalpunktion-simulator-iia\/\" \/>\n<meta property=\"og:site_name\" content=\"Life Support Distribution\" \/>\n<meta property=\"og:image\" content=\"https:\/\/lifesupportdistribution.fr\/wp-content\/uploads\/2025\/12\/Simulateur-de-ponction-lombaire-IIA.jpg\" \/>\n\t<meta property=\"og:image:width\" content=\"1000\" \/>\n\t<meta property=\"og:image:height\" content=\"1000\" \/>\n\t<meta property=\"og:image:type\" content=\"image\/jpeg\" \/>\n<meta name=\"twitter:card\" content=\"summary_large_image\" \/>\n<meta name=\"twitter:label1\" content=\"Gesch\u00e4tzte Lesezeit\" \/>\n\t<meta name=\"twitter:data1\" content=\"1\u00a0Minute\" \/>\n<script type=\"application\/ld+json\" class=\"yoast-schema-graph\">{\"@context\":\"https:\/\/schema.org\",\"@graph\":[{\"@type\":\"WebPage\",\"@id\":\"https:\/\/lifesupportdistribution.fr\/de\/produkt\/lumbalpunktion-simulator-iia\/\",\"url\":\"https:\/\/lifesupportdistribution.fr\/de\/produkt\/lumbalpunktion-simulator-iia\/\",\"name\":\"Lumbalpunktion Simulator IIA \u2013 Kyoto Kagaku\",\"isPartOf\":{\"@id\":\"https:\/\/lifesupportdistribution.fr\/de\/#website\"},\"primaryImageOfPage\":{\"@id\":\"https:\/\/lifesupportdistribution.fr\/de\/produkt\/lumbalpunktion-simulator-iia\/#primaryimage\"},\"image\":{\"@id\":\"https:\/\/lifesupportdistribution.fr\/de\/produkt\/lumbalpunktion-simulator-iia\/#primaryimage\"},\"thumbnailUrl\":\"https:\/\/lifesupportdistribution.fr\/wp-content\/uploads\/2025\/12\/Simulateur-de-ponction-lombaire-IIA.jpg\",\"datePublished\":\"2025-12-05T11:55:57+00:00\",\"description\":\"Realistischer Simulator f\u00fcr Lumbalpunktion und Periduralan\u00e4sthesie, mit austauschbaren Pads und pr\u00e4zisem taktilem Feedback f\u00fcr fortgeschrittene klinische Ausbildung.\",\"breadcrumb\":{\"@id\":\"https:\/\/lifesupportdistribution.fr\/de\/produkt\/lumbalpunktion-simulator-iia\/#breadcrumb\"},\"inLanguage\":\"de\",\"potentialAction\":[{\"@type\":\"ReadAction\",\"target\":[\"https:\/\/lifesupportdistribution.fr\/de\/produkt\/lumbalpunktion-simulator-iia\/\"]}]},{\"@type\":\"ImageObject\",\"inLanguage\":\"de\",\"@id\":\"https:\/\/lifesupportdistribution.fr\/de\/produkt\/lumbalpunktion-simulator-iia\/#primaryimage\",\"url\":\"https:\/\/lifesupportdistribution.fr\/wp-content\/uploads\/2025\/12\/Simulateur-de-ponction-lombaire-IIA.jpg\",\"contentUrl\":\"https:\/\/lifesupportdistribution.fr\/wp-content\/uploads\/2025\/12\/Simulateur-de-ponction-lombaire-IIA.jpg\",\"width\":1000,\"height\":1000},{\"@type\":\"BreadcrumbList\",\"@id\":\"https:\/\/lifesupportdistribution.fr\/de\/produkt\/lumbalpunktion-simulator-iia\/#breadcrumb\",\"itemListElement\":[{\"@type\":\"ListItem\",\"position\":1,\"name\":\"Accueil\",\"item\":\"https:\/\/lifesupportdistribution.fr\/de\/startseite\/\"},{\"@type\":\"ListItem\",\"position\":2,\"name\":\"Shop\",\"item\":\"https:\/\/lifesupportdistribution.fr\/de\/shop\/\"},{\"@type\":\"ListItem\",\"position\":3,\"name\":\"Lumbalpunktion Simulator IIA\"}]},{\"@type\":\"WebSite\",\"@id\":\"https:\/\/lifesupportdistribution.fr\/de\/#website\",\"url\":\"https:\/\/lifesupportdistribution.fr\/de\/\",\"name\":\"Life Support Distribution\",\"description\":\"Solutions en simulation m\u00e9dicale\",\"publisher\":{\"@id\":\"https:\/\/lifesupportdistribution.fr\/de\/#organization\"},\"potentialAction\":[{\"@type\":\"SearchAction\",\"target\":{\"@type\":\"EntryPoint\",\"urlTemplate\":\"https:\/\/lifesupportdistribution.fr\/de\/?s={search_term_string}\"},\"query-input\":{\"@type\":\"PropertyValueSpecification\",\"valueRequired\":true,\"valueName\":\"search_term_string\"}}],\"inLanguage\":\"de\"},{\"@type\":\"Organization\",\"@id\":\"https:\/\/lifesupportdistribution.fr\/de\/#organization\",\"name\":\"Life Support Distribution\",\"url\":\"https:\/\/lifesupportdistribution.fr\/de\/\",\"logo\":{\"@type\":\"ImageObject\",\"inLanguage\":\"de\",\"@id\":\"https:\/\/lifesupportdistribution.fr\/de\/#\/schema\/logo\/image\/\",\"url\":\"https:\/\/lifesupportdistribution.fr\/wp-content\/uploads\/2025\/10\/logo-life-support-distribution.svg\",\"contentUrl\":\"https:\/\/lifesupportdistribution.fr\/wp-content\/uploads\/2025\/10\/logo-life-support-distribution.svg\",\"width\":698,\"height\":223,\"caption\":\"Life Support Distribution\"},\"image\":{\"@id\":\"https:\/\/lifesupportdistribution.fr\/de\/#\/schema\/logo\/image\/\"},\"sameAs\":[\"https:\/\/www.linkedin.com\/company\/life-support-distribution\/\"]}]}<\/script>\n<!-- \/ Yoast SEO plugin. -->","yoast_head_json":{"title":"Lumbalpunktion Simulator IIA \u2013 Kyoto Kagaku","description":"Realistischer Simulator f\u00fcr Lumbalpunktion und Periduralan\u00e4sthesie, mit austauschbaren Pads und pr\u00e4zisem taktilem Feedback f\u00fcr fortgeschrittene klinische Ausbildung.","robots":{"index":"index","follow":"follow","max-snippet":"max-snippet:-1","max-image-preview":"max-image-preview:large","max-video-preview":"max-video-preview:-1"},"canonical":"https:\/\/lifesupportdistribution.fr\/de\/produkt\/lumbalpunktion-simulator-iia\/","og_locale":"de_DE","og_type":"article","og_title":"Lumbalpunktion Simulator IIA \u2013 Kyoto Kagaku","og_description":"Realistischer Simulator f\u00fcr Lumbalpunktion und Periduralan\u00e4sthesie, mit austauschbaren Pads und pr\u00e4zisem taktilem Feedback f\u00fcr fortgeschrittene klinische Ausbildung.","og_url":"https:\/\/lifesupportdistribution.fr\/de\/produkt\/lumbalpunktion-simulator-iia\/","og_site_name":"Life Support Distribution","og_image":[{"width":1000,"height":1000,"url":"https:\/\/lifesupportdistribution.fr\/wp-content\/uploads\/2025\/12\/Simulateur-de-ponction-lombaire-IIA.jpg","type":"image\/jpeg"}],"twitter_card":"summary_large_image","twitter_misc":{"Gesch\u00e4tzte Lesezeit":"1\u00a0Minute"},"schema":{"@context":"https:\/\/schema.org","@graph":[{"@type":"WebPage","@id":"https:\/\/lifesupportdistribution.fr\/de\/produkt\/lumbalpunktion-simulator-iia\/","url":"https:\/\/lifesupportdistribution.fr\/de\/produkt\/lumbalpunktion-simulator-iia\/","name":"Lumbalpunktion Simulator IIA \u2013 Kyoto Kagaku","isPartOf":{"@id":"https:\/\/lifesupportdistribution.fr\/de\/#website"},"primaryImageOfPage":{"@id":"https:\/\/lifesupportdistribution.fr\/de\/produkt\/lumbalpunktion-simulator-iia\/#primaryimage"},"image":{"@id":"https:\/\/lifesupportdistribution.fr\/de\/produkt\/lumbalpunktion-simulator-iia\/#primaryimage"},"thumbnailUrl":"https:\/\/lifesupportdistribution.fr\/wp-content\/uploads\/2025\/12\/Simulateur-de-ponction-lombaire-IIA.jpg","datePublished":"2025-12-05T11:55:57+00:00","description":"Realistischer Simulator f\u00fcr Lumbalpunktion und Periduralan\u00e4sthesie, mit austauschbaren Pads und pr\u00e4zisem taktilem Feedback f\u00fcr fortgeschrittene klinische Ausbildung.","breadcrumb":{"@id":"https:\/\/lifesupportdistribution.fr\/de\/produkt\/lumbalpunktion-simulator-iia\/#breadcrumb"},"inLanguage":"de","potentialAction":[{"@type":"ReadAction","target":["https:\/\/lifesupportdistribution.fr\/de\/produkt\/lumbalpunktion-simulator-iia\/"]}]},{"@type":"ImageObject","inLanguage":"de","@id":"https:\/\/lifesupportdistribution.fr\/de\/produkt\/lumbalpunktion-simulator-iia\/#primaryimage","url":"https:\/\/lifesupportdistribution.fr\/wp-content\/uploads\/2025\/12\/Simulateur-de-ponction-lombaire-IIA.jpg","contentUrl":"https:\/\/lifesupportdistribution.fr\/wp-content\/uploads\/2025\/12\/Simulateur-de-ponction-lombaire-IIA.jpg","width":1000,"height":1000},{"@type":"BreadcrumbList","@id":"https:\/\/lifesupportdistribution.fr\/de\/produkt\/lumbalpunktion-simulator-iia\/#breadcrumb","itemListElement":[{"@type":"ListItem","position":1,"name":"Accueil","item":"https:\/\/lifesupportdistribution.fr\/de\/startseite\/"},{"@type":"ListItem","position":2,"name":"Shop","item":"https:\/\/lifesupportdistribution.fr\/de\/shop\/"},{"@type":"ListItem","position":3,"name":"Lumbalpunktion Simulator IIA"}]},{"@type":"WebSite","@id":"https:\/\/lifesupportdistribution.fr\/de\/#website","url":"https:\/\/lifesupportdistribution.fr\/de\/","name":"Life Support Distribution","description":"Solutions en simulation m\u00e9dicale","publisher":{"@id":"https:\/\/lifesupportdistribution.fr\/de\/#organization"},"potentialAction":[{"@type":"SearchAction","target":{"@type":"EntryPoint","urlTemplate":"https:\/\/lifesupportdistribution.fr\/de\/?s={search_term_string}"},"query-input":{"@type":"PropertyValueSpecification","valueRequired":true,"valueName":"search_term_string"}}],"inLanguage":"de"},{"@type":"Organization","@id":"https:\/\/lifesupportdistribution.fr\/de\/#organization","name":"Life Support Distribution","url":"https:\/\/lifesupportdistribution.fr\/de\/","logo":{"@type":"ImageObject","inLanguage":"de","@id":"https:\/\/lifesupportdistribution.fr\/de\/#\/schema\/logo\/image\/","url":"https:\/\/lifesupportdistribution.fr\/wp-content\/uploads\/2025\/10\/logo-life-support-distribution.svg","contentUrl":"https:\/\/lifesupportdistribution.fr\/wp-content\/uploads\/2025\/10\/logo-life-support-distribution.svg","width":698,"height":223,"caption":"Life Support Distribution"},"image":{"@id":"https:\/\/lifesupportdistribution.fr\/de\/#\/schema\/logo\/image\/"},"sameAs":["https:\/\/www.linkedin.com\/company\/life-support-distribution\/"]}]}},"_links":{"self":[{"href":"https:\/\/lifesupportdistribution.fr\/de\/wp-json\/wp\/v2\/product\/4848","targetHints":{"allow":["GET"]}}],"collection":[{"href":"https:\/\/lifesupportdistribution.fr\/de\/wp-json\/wp\/v2\/product"}],"about":[{"href":"https:\/\/lifesupportdistribution.fr\/de\/wp-json\/wp\/v2\/types\/product"}],"wp:featuredmedia":[{"embeddable":true,"href":"https:\/\/lifesupportdistribution.fr\/de\/wp-json\/wp\/v2\/media\/2945"}],"wp:attachment":[{"href":"https:\/\/lifesupportdistribution.fr\/de\/wp-json\/wp\/v2\/media?parent=4848"}],"wp:term":[{"taxonomy":"product_brand","embeddable":true,"href":"https:\/\/lifesupportdistribution.fr\/de\/wp-json\/wp\/v2\/product_brand?post=4848"},{"taxonomy":"product_cat","embeddable":true,"href":"https:\/\/lifesupportdistribution.fr\/de\/wp-json\/wp\/v2\/product_cat?post=4848"},{"taxonomy":"product_tag","embeddable":true,"href":"https:\/\/lifesupportdistribution.fr\/de\/wp-json\/wp\/v2\/product_tag?post=4848"}],"curies":[{"name":"wp","href":"https:\/\/api.w.org\/{rel}","templated":true}]}}