{"id":4863,"date":"2025-12-05T12:51:29","date_gmt":"2025-12-05T11:51:29","guid":{"rendered":"https:\/\/lifesupportdistribution.fr\/produits\/thorakozentese-simulator-fuer-simulationspatienten\/"},"modified":"2026-01-02T14:06:22","modified_gmt":"2026-01-02T13:06:22","slug":"thorakozentese-simulator-fuer-simulationspatienten","status":"publish","type":"product","link":"https:\/\/lifesupportdistribution.fr\/de\/produkt\/thorakozentese-simulator-fuer-simulationspatienten\/","title":{"rendered":"Thorakozentese-Simulator f\u00fcr Simulationspatienten"},"content":{"rendered":"<p>Der Thorakozentese-Simulator wurde entwickelt, um ein umfassendes und realistisches Training der Pleurapunktion und der Drainage eines Ergusses zu erm\u00f6glichen.<br \/>\nDie beiden Punktionseinheiten \u2013 mittlere Skapularlinie und mittlere Axillarlinie \u2013 werden mit Gurten befestigt, um sich an die Morphologie eines Simulationspatienten anzupassen.<br \/>\nDiese Konfiguration erm\u00f6glicht die Entwicklung technischer und nicht-technischer F\u00e4higkeiten: anatomische Orientierung mittels Ultraschall, Patientenpositionierung, interpersonelle Kommunikation und Durchf\u00fchrung des Eingriffs unter Aufsicht.<br \/>\nDas Volumen des Pleuraergusses kann angepasst werden, um den Schwierigkeitsgrad der \u00dcbungen zu variieren und die p\u00e4dagogische Progression zu f\u00f6rdern.<br \/>\nHergestellt aus weichem, latexfreiem Harz, f\u00fcgt sich dieser leichte, tragbare und langlebige Simulator perfekt in Simulationsprogramme f\u00fcr Notfallmedizin, Krankenhaus- oder Universit\u00e4tsausbildung ein.<\/p>\n","protected":false},"excerpt":{"rendered":"<p>Der Thorakozentese-Simulator f\u00fcr Simulationspatienten von Kyoto Kagaku erm\u00f6glicht das Erlernen der Pleurapunktion im Rahmen eines hybriden Lehrkontextes. Dank seiner tragbaren Punktionseinheiten mit Gurten erleichtert er die Anwendung an standardisierten Patienten und gew\u00e4hrleistet gleichzeitig optimalen anatomischen und taktilen Realismus. <\/p>\n","protected":false},"featured_media":4864,"template":"","meta":[],"product_brand":[200],"product_cat":[222,220],"product_tag":[237,239,252,245,236,248],"class_list":{"0":"post-4863","1":"product","2":"type-product","3":"status-publish","4":"has-post-thumbnail","6":"product_brand-kyoto-kagaku","7":"product_cat-simulatoren-fur-medizinische-versorgung","8":"product_cat-simulierte-patienten","9":"product_tag-anasthesie","10":"product_tag-herz-lungen","11":"product_tag-intensivmedizin","12":"product_tag-intensivpflege","13":"product_tag-notfallmedizin","14":"product_tag-radiologie","16":"first","17":"instock","18":"shipping-taxable","19":"purchasable","20":"product-type-simple"},"yoast_head":"<!-- This site is optimized with the Yoast SEO plugin v26.8 - https:\/\/yoast.com\/product\/yoast-seo-wordpress\/ -->\n<title>Thorakozentese-Simulator f\u00fcr Simulationspatienten \u2013 Pleurapunktion<\/title>\n<meta name=\"description\" content=\"Tragbarer Thorakozentese-Simulator f\u00fcr Simulationspatienten, mit Gurteinheiten, einstellbarem Volumen und realistischem Pleurapunktionstraining.\" \/>\n<meta name=\"robots\" content=\"index, follow, max-snippet:-1, max-image-preview:large, max-video-preview:-1\" \/>\n<link rel=\"canonical\" href=\"https:\/\/lifesupportdistribution.fr\/de\/produkt\/thorakozentese-simulator-fuer-simulationspatienten\/\" \/>\n<meta property=\"og:locale\" content=\"de_DE\" \/>\n<meta property=\"og:type\" content=\"article\" \/>\n<meta property=\"og:title\" content=\"Thorakozentese-Simulator f\u00fcr Simulationspatienten \u2013 Pleurapunktion\" \/>\n<meta property=\"og:description\" content=\"Tragbarer Thorakozentese-Simulator f\u00fcr Simulationspatienten, mit Gurteinheiten, einstellbarem Volumen und realistischem Pleurapunktionstraining.\" \/>\n<meta property=\"og:url\" content=\"https:\/\/lifesupportdistribution.fr\/de\/produkt\/thorakozentese-simulator-fuer-simulationspatienten\/\" \/>\n<meta property=\"og:site_name\" content=\"Life Support Distribution\" \/>\n<meta property=\"article:modified_time\" content=\"2026-01-02T13:06:22+00:00\" \/>\n<meta property=\"og:image\" content=\"https:\/\/lifesupportdistribution.fr\/wp-content\/uploads\/2025\/12\/Photo-thoraco-synth-patient-simule.png\" \/>\n\t<meta property=\"og:image:width\" content=\"920\" \/>\n\t<meta property=\"og:image:height\" content=\"856\" \/>\n\t<meta property=\"og:image:type\" content=\"image\/png\" \/>\n<meta name=\"twitter:card\" content=\"summary_large_image\" \/>\n<meta name=\"twitter:label1\" content=\"Gesch\u00e4tzte Lesezeit\" \/>\n\t<meta name=\"twitter:data1\" content=\"1\u00a0Minute\" \/>\n<script type=\"application\/ld+json\" class=\"yoast-schema-graph\">{\"@context\":\"https:\/\/schema.org\",\"@graph\":[{\"@type\":\"WebPage\",\"@id\":\"https:\/\/lifesupportdistribution.fr\/de\/produkt\/thorakozentese-simulator-fuer-simulationspatienten\/\",\"url\":\"https:\/\/lifesupportdistribution.fr\/de\/produkt\/thorakozentese-simulator-fuer-simulationspatienten\/\",\"name\":\"Thorakozentese-Simulator f\u00fcr Simulationspatienten \u2013 Pleurapunktion\",\"isPartOf\":{\"@id\":\"https:\/\/lifesupportdistribution.fr\/de\/#website\"},\"primaryImageOfPage\":{\"@id\":\"https:\/\/lifesupportdistribution.fr\/de\/produkt\/thorakozentese-simulator-fuer-simulationspatienten\/#primaryimage\"},\"image\":{\"@id\":\"https:\/\/lifesupportdistribution.fr\/de\/produkt\/thorakozentese-simulator-fuer-simulationspatienten\/#primaryimage\"},\"thumbnailUrl\":\"https:\/\/lifesupportdistribution.fr\/wp-content\/uploads\/2025\/12\/Photo-thoraco-synth-patient-simule.png\",\"datePublished\":\"2025-12-05T11:51:29+00:00\",\"dateModified\":\"2026-01-02T13:06:22+00:00\",\"description\":\"Tragbarer Thorakozentese-Simulator f\u00fcr Simulationspatienten, mit Gurteinheiten, einstellbarem Volumen und realistischem Pleurapunktionstraining.\",\"breadcrumb\":{\"@id\":\"https:\/\/lifesupportdistribution.fr\/de\/produkt\/thorakozentese-simulator-fuer-simulationspatienten\/#breadcrumb\"},\"inLanguage\":\"de\",\"potentialAction\":[{\"@type\":\"ReadAction\",\"target\":[\"https:\/\/lifesupportdistribution.fr\/de\/produkt\/thorakozentese-simulator-fuer-simulationspatienten\/\"]}]},{\"@type\":\"ImageObject\",\"inLanguage\":\"de\",\"@id\":\"https:\/\/lifesupportdistribution.fr\/de\/produkt\/thorakozentese-simulator-fuer-simulationspatienten\/#primaryimage\",\"url\":\"https:\/\/lifesupportdistribution.fr\/wp-content\/uploads\/2025\/12\/Photo-thoraco-synth-patient-simule.png\",\"contentUrl\":\"https:\/\/lifesupportdistribution.fr\/wp-content\/uploads\/2025\/12\/Photo-thoraco-synth-patient-simule.png\",\"width\":920,\"height\":856},{\"@type\":\"BreadcrumbList\",\"@id\":\"https:\/\/lifesupportdistribution.fr\/de\/produkt\/thorakozentese-simulator-fuer-simulationspatienten\/#breadcrumb\",\"itemListElement\":[{\"@type\":\"ListItem\",\"position\":1,\"name\":\"Accueil\",\"item\":\"https:\/\/lifesupportdistribution.fr\/de\/startseite\/\"},{\"@type\":\"ListItem\",\"position\":2,\"name\":\"Shop\",\"item\":\"https:\/\/lifesupportdistribution.fr\/de\/shop\/\"},{\"@type\":\"ListItem\",\"position\":3,\"name\":\"Thorakozentese-Simulator f\u00fcr Simulationspatienten\"}]},{\"@type\":\"WebSite\",\"@id\":\"https:\/\/lifesupportdistribution.fr\/de\/#website\",\"url\":\"https:\/\/lifesupportdistribution.fr\/de\/\",\"name\":\"Life Support Distribution\",\"description\":\"Solutions en simulation m\u00e9dicale\",\"publisher\":{\"@id\":\"https:\/\/lifesupportdistribution.fr\/de\/#organization\"},\"potentialAction\":[{\"@type\":\"SearchAction\",\"target\":{\"@type\":\"EntryPoint\",\"urlTemplate\":\"https:\/\/lifesupportdistribution.fr\/de\/?s={search_term_string}\"},\"query-input\":{\"@type\":\"PropertyValueSpecification\",\"valueRequired\":true,\"valueName\":\"search_term_string\"}}],\"inLanguage\":\"de\"},{\"@type\":\"Organization\",\"@id\":\"https:\/\/lifesupportdistribution.fr\/de\/#organization\",\"name\":\"Life Support Distribution\",\"url\":\"https:\/\/lifesupportdistribution.fr\/de\/\",\"logo\":{\"@type\":\"ImageObject\",\"inLanguage\":\"de\",\"@id\":\"https:\/\/lifesupportdistribution.fr\/de\/#\/schema\/logo\/image\/\",\"url\":\"https:\/\/lifesupportdistribution.fr\/wp-content\/uploads\/2025\/10\/logo-life-support-distribution.svg\",\"contentUrl\":\"https:\/\/lifesupportdistribution.fr\/wp-content\/uploads\/2025\/10\/logo-life-support-distribution.svg\",\"width\":698,\"height\":223,\"caption\":\"Life Support Distribution\"},\"image\":{\"@id\":\"https:\/\/lifesupportdistribution.fr\/de\/#\/schema\/logo\/image\/\"},\"sameAs\":[\"https:\/\/www.linkedin.com\/company\/life-support-distribution\/\"]}]}<\/script>\n<!-- \/ Yoast SEO plugin. -->","yoast_head_json":{"title":"Thorakozentese-Simulator f\u00fcr Simulationspatienten \u2013 Pleurapunktion","description":"Tragbarer Thorakozentese-Simulator f\u00fcr Simulationspatienten, mit Gurteinheiten, einstellbarem Volumen und realistischem Pleurapunktionstraining.","robots":{"index":"index","follow":"follow","max-snippet":"max-snippet:-1","max-image-preview":"max-image-preview:large","max-video-preview":"max-video-preview:-1"},"canonical":"https:\/\/lifesupportdistribution.fr\/de\/produkt\/thorakozentese-simulator-fuer-simulationspatienten\/","og_locale":"de_DE","og_type":"article","og_title":"Thorakozentese-Simulator f\u00fcr Simulationspatienten \u2013 Pleurapunktion","og_description":"Tragbarer Thorakozentese-Simulator f\u00fcr Simulationspatienten, mit Gurteinheiten, einstellbarem Volumen und realistischem Pleurapunktionstraining.","og_url":"https:\/\/lifesupportdistribution.fr\/de\/produkt\/thorakozentese-simulator-fuer-simulationspatienten\/","og_site_name":"Life Support Distribution","article_modified_time":"2026-01-02T13:06:22+00:00","og_image":[{"width":920,"height":856,"url":"https:\/\/lifesupportdistribution.fr\/wp-content\/uploads\/2025\/12\/Photo-thoraco-synth-patient-simule.png","type":"image\/png"}],"twitter_card":"summary_large_image","twitter_misc":{"Gesch\u00e4tzte Lesezeit":"1\u00a0Minute"},"schema":{"@context":"https:\/\/schema.org","@graph":[{"@type":"WebPage","@id":"https:\/\/lifesupportdistribution.fr\/de\/produkt\/thorakozentese-simulator-fuer-simulationspatienten\/","url":"https:\/\/lifesupportdistribution.fr\/de\/produkt\/thorakozentese-simulator-fuer-simulationspatienten\/","name":"Thorakozentese-Simulator f\u00fcr Simulationspatienten \u2013 Pleurapunktion","isPartOf":{"@id":"https:\/\/lifesupportdistribution.fr\/de\/#website"},"primaryImageOfPage":{"@id":"https:\/\/lifesupportdistribution.fr\/de\/produkt\/thorakozentese-simulator-fuer-simulationspatienten\/#primaryimage"},"image":{"@id":"https:\/\/lifesupportdistribution.fr\/de\/produkt\/thorakozentese-simulator-fuer-simulationspatienten\/#primaryimage"},"thumbnailUrl":"https:\/\/lifesupportdistribution.fr\/wp-content\/uploads\/2025\/12\/Photo-thoraco-synth-patient-simule.png","datePublished":"2025-12-05T11:51:29+00:00","dateModified":"2026-01-02T13:06:22+00:00","description":"Tragbarer Thorakozentese-Simulator f\u00fcr Simulationspatienten, mit Gurteinheiten, einstellbarem Volumen und realistischem Pleurapunktionstraining.","breadcrumb":{"@id":"https:\/\/lifesupportdistribution.fr\/de\/produkt\/thorakozentese-simulator-fuer-simulationspatienten\/#breadcrumb"},"inLanguage":"de","potentialAction":[{"@type":"ReadAction","target":["https:\/\/lifesupportdistribution.fr\/de\/produkt\/thorakozentese-simulator-fuer-simulationspatienten\/"]}]},{"@type":"ImageObject","inLanguage":"de","@id":"https:\/\/lifesupportdistribution.fr\/de\/produkt\/thorakozentese-simulator-fuer-simulationspatienten\/#primaryimage","url":"https:\/\/lifesupportdistribution.fr\/wp-content\/uploads\/2025\/12\/Photo-thoraco-synth-patient-simule.png","contentUrl":"https:\/\/lifesupportdistribution.fr\/wp-content\/uploads\/2025\/12\/Photo-thoraco-synth-patient-simule.png","width":920,"height":856},{"@type":"BreadcrumbList","@id":"https:\/\/lifesupportdistribution.fr\/de\/produkt\/thorakozentese-simulator-fuer-simulationspatienten\/#breadcrumb","itemListElement":[{"@type":"ListItem","position":1,"name":"Accueil","item":"https:\/\/lifesupportdistribution.fr\/de\/startseite\/"},{"@type":"ListItem","position":2,"name":"Shop","item":"https:\/\/lifesupportdistribution.fr\/de\/shop\/"},{"@type":"ListItem","position":3,"name":"Thorakozentese-Simulator f\u00fcr Simulationspatienten"}]},{"@type":"WebSite","@id":"https:\/\/lifesupportdistribution.fr\/de\/#website","url":"https:\/\/lifesupportdistribution.fr\/de\/","name":"Life Support Distribution","description":"Solutions en simulation m\u00e9dicale","publisher":{"@id":"https:\/\/lifesupportdistribution.fr\/de\/#organization"},"potentialAction":[{"@type":"SearchAction","target":{"@type":"EntryPoint","urlTemplate":"https:\/\/lifesupportdistribution.fr\/de\/?s={search_term_string}"},"query-input":{"@type":"PropertyValueSpecification","valueRequired":true,"valueName":"search_term_string"}}],"inLanguage":"de"},{"@type":"Organization","@id":"https:\/\/lifesupportdistribution.fr\/de\/#organization","name":"Life Support Distribution","url":"https:\/\/lifesupportdistribution.fr\/de\/","logo":{"@type":"ImageObject","inLanguage":"de","@id":"https:\/\/lifesupportdistribution.fr\/de\/#\/schema\/logo\/image\/","url":"https:\/\/lifesupportdistribution.fr\/wp-content\/uploads\/2025\/10\/logo-life-support-distribution.svg","contentUrl":"https:\/\/lifesupportdistribution.fr\/wp-content\/uploads\/2025\/10\/logo-life-support-distribution.svg","width":698,"height":223,"caption":"Life Support Distribution"},"image":{"@id":"https:\/\/lifesupportdistribution.fr\/de\/#\/schema\/logo\/image\/"},"sameAs":["https:\/\/www.linkedin.com\/company\/life-support-distribution\/"]}]}},"_links":{"self":[{"href":"https:\/\/lifesupportdistribution.fr\/de\/wp-json\/wp\/v2\/product\/4863","targetHints":{"allow":["GET"]}}],"collection":[{"href":"https:\/\/lifesupportdistribution.fr\/de\/wp-json\/wp\/v2\/product"}],"about":[{"href":"https:\/\/lifesupportdistribution.fr\/de\/wp-json\/wp\/v2\/types\/product"}],"wp:featuredmedia":[{"embeddable":true,"href":"https:\/\/lifesupportdistribution.fr\/de\/wp-json\/wp\/v2\/media\/4864"}],"wp:attachment":[{"href":"https:\/\/lifesupportdistribution.fr\/de\/wp-json\/wp\/v2\/media?parent=4863"}],"wp:term":[{"taxonomy":"product_brand","embeddable":true,"href":"https:\/\/lifesupportdistribution.fr\/de\/wp-json\/wp\/v2\/product_brand?post=4863"},{"taxonomy":"product_cat","embeddable":true,"href":"https:\/\/lifesupportdistribution.fr\/de\/wp-json\/wp\/v2\/product_cat?post=4863"},{"taxonomy":"product_tag","embeddable":true,"href":"https:\/\/lifesupportdistribution.fr\/de\/wp-json\/wp\/v2\/product_tag?post=4863"}],"curies":[{"name":"wp","href":"https:\/\/api.w.org\/{rel}","templated":true}]}}