{"id":4865,"date":"2025-12-05T12:53:24","date_gmt":"2025-12-05T11:53:24","guid":{"rendered":"https:\/\/lifesupportdistribution.fr\/produits\/simulator-fuer-ultraschallgesteuerte-perikardiozentese\/"},"modified":"2026-01-02T14:06:24","modified_gmt":"2026-01-02T13:06:24","slug":"simulator-fuer-ultraschallgesteuerte-perikardiozentese","status":"publish","type":"product","link":"https:\/\/lifesupportdistribution.fr\/de\/produkt\/simulator-fuer-ultraschallgesteuerte-perikardiozentese\/","title":{"rendered":"Simulator f\u00fcr ultraschallgesteuerte Perikardiozentese"},"content":{"rendered":"<p>Der Simulator f\u00fcr ultraschallgesteuerte Perikardiozentese (Art.-Nr. MW15) bietet eine naturgetreue anatomische Darstellung der Thoraxregion, die es den Lernenden erm\u00f6glicht, das Erkennen anatomischer Orientierungspunkte und die Durchf\u00fchrung der Perikardpunktion unter Ultraschallf\u00fchrung zu \u00fcben.<br \/>\nSein austauschbares und widerstandsf\u00e4higes Punktionspad gew\u00e4hrleistet eine lange Nutzungsdauer und ein naturgetreues taktiles Gef\u00fchl beim Einf\u00fchren der Nadel in den \u201ePerikardsack\u201c.<br \/>\nDas Modell erm\u00f6glicht das \u00dcben sowohl des subxiphoidalen als auch des parasternalen Zugangs, wobei die realen Bedingungen einer Notfall-Perikarddrainage nachgebildet werden.<br \/>\nDie Ultraschallvisualisierung der Perikardfl\u00fcssigkeit f\u00f6rdert das Verst\u00e4ndnis des Eingriffs und die Hand-Augen-Koordination w\u00e4hrend der Punktion.<br \/>\nHergestellt aus weichem, latexfreiem Harz, kombiniert er anatomischen Realismus, Langlebigkeit und einfache Wartung, ideal f\u00fcr klinische Simulationssitzungen und Krankenhausausbildung.<\/p>\n","protected":false},"excerpt":{"rendered":"<p>Der Simulator f\u00fcr ultraschallgesteuerte Perikardiozentese von Kyoto Kagaku ist f\u00fcr das praktische Training der Perikardpunktion unter Ultraschallkontrolle konzipiert. Er erm\u00f6glicht den Lernenden, die Nadelmanipulation, die Erkennung von Perikardfl\u00fcssigkeit und deren sichere Aspiration in einem hochrealistischen p\u00e4dagogischen Umfeld zu \u00fcben. <\/p>\n","protected":false},"featured_media":4866,"template":"","meta":[],"product_brand":[200],"product_cat":[222],"product_tag":[237,239,236,248],"class_list":{"0":"post-4865","1":"product","2":"type-product","3":"status-publish","4":"has-post-thumbnail","6":"product_brand-kyoto-kagaku","7":"product_cat-simulatoren-fur-medizinische-versorgung","8":"product_tag-anasthesie","9":"product_tag-herz-lungen","10":"product_tag-notfallmedizin","11":"product_tag-radiologie","13":"first","14":"instock","15":"shipping-taxable","16":"purchasable","17":"product-type-simple"},"yoast_head":"<!-- This site is optimized with the Yoast SEO plugin v26.8 - https:\/\/yoast.com\/product\/yoast-seo-wordpress\/ -->\n<title>Simulator f\u00fcr ultraschallgesteuerte Perikardiozentese \u2013 Kyoto Kagaku<\/title>\n<meta name=\"description\" content=\"Simulator f\u00fcr ultraschallgesteuerte Perikardiozentese zum Erlernen der Punktion und Aspiration von Perikardfl\u00fcssigkeit unter realistischen Bedingungen.\" \/>\n<meta name=\"robots\" content=\"index, follow, max-snippet:-1, max-image-preview:large, max-video-preview:-1\" \/>\n<link rel=\"canonical\" href=\"https:\/\/lifesupportdistribution.fr\/de\/produkt\/simulator-fuer-ultraschallgesteuerte-perikardiozentese\/\" \/>\n<meta property=\"og:locale\" content=\"de_DE\" \/>\n<meta property=\"og:type\" content=\"article\" \/>\n<meta property=\"og:title\" content=\"Simulator f\u00fcr ultraschallgesteuerte Perikardiozentese \u2013 Kyoto Kagaku\" \/>\n<meta property=\"og:description\" content=\"Simulator f\u00fcr ultraschallgesteuerte Perikardiozentese zum Erlernen der Punktion und Aspiration von Perikardfl\u00fcssigkeit unter realistischen Bedingungen.\" \/>\n<meta property=\"og:url\" content=\"https:\/\/lifesupportdistribution.fr\/de\/produkt\/simulator-fuer-ultraschallgesteuerte-perikardiozentese\/\" \/>\n<meta property=\"og:site_name\" content=\"Life Support Distribution\" \/>\n<meta property=\"article:modified_time\" content=\"2026-01-02T13:06:24+00:00\" \/>\n<meta property=\"og:image\" content=\"https:\/\/lifesupportdistribution.fr\/wp-content\/uploads\/2025\/12\/Photo-MW15-1-.png\" \/>\n\t<meta property=\"og:image:width\" content=\"932\" \/>\n\t<meta property=\"og:image:height\" content=\"750\" \/>\n\t<meta property=\"og:image:type\" content=\"image\/png\" \/>\n<meta name=\"twitter:card\" content=\"summary_large_image\" \/>\n<meta name=\"twitter:label1\" content=\"Gesch\u00e4tzte Lesezeit\" \/>\n\t<meta name=\"twitter:data1\" content=\"1\u00a0Minute\" \/>\n<script type=\"application\/ld+json\" class=\"yoast-schema-graph\">{\"@context\":\"https:\/\/schema.org\",\"@graph\":[{\"@type\":\"WebPage\",\"@id\":\"https:\/\/lifesupportdistribution.fr\/de\/produkt\/simulator-fuer-ultraschallgesteuerte-perikardiozentese\/\",\"url\":\"https:\/\/lifesupportdistribution.fr\/de\/produkt\/simulator-fuer-ultraschallgesteuerte-perikardiozentese\/\",\"name\":\"Simulator f\u00fcr ultraschallgesteuerte Perikardiozentese \u2013 Kyoto Kagaku\",\"isPartOf\":{\"@id\":\"https:\/\/lifesupportdistribution.fr\/de\/#website\"},\"primaryImageOfPage\":{\"@id\":\"https:\/\/lifesupportdistribution.fr\/de\/produkt\/simulator-fuer-ultraschallgesteuerte-perikardiozentese\/#primaryimage\"},\"image\":{\"@id\":\"https:\/\/lifesupportdistribution.fr\/de\/produkt\/simulator-fuer-ultraschallgesteuerte-perikardiozentese\/#primaryimage\"},\"thumbnailUrl\":\"https:\/\/lifesupportdistribution.fr\/wp-content\/uploads\/2025\/12\/Photo-MW15-1-.png\",\"datePublished\":\"2025-12-05T11:53:24+00:00\",\"dateModified\":\"2026-01-02T13:06:24+00:00\",\"description\":\"Simulator f\u00fcr ultraschallgesteuerte Perikardiozentese zum Erlernen der Punktion und Aspiration von Perikardfl\u00fcssigkeit unter realistischen Bedingungen.\",\"breadcrumb\":{\"@id\":\"https:\/\/lifesupportdistribution.fr\/de\/produkt\/simulator-fuer-ultraschallgesteuerte-perikardiozentese\/#breadcrumb\"},\"inLanguage\":\"de\",\"potentialAction\":[{\"@type\":\"ReadAction\",\"target\":[\"https:\/\/lifesupportdistribution.fr\/de\/produkt\/simulator-fuer-ultraschallgesteuerte-perikardiozentese\/\"]}]},{\"@type\":\"ImageObject\",\"inLanguage\":\"de\",\"@id\":\"https:\/\/lifesupportdistribution.fr\/de\/produkt\/simulator-fuer-ultraschallgesteuerte-perikardiozentese\/#primaryimage\",\"url\":\"https:\/\/lifesupportdistribution.fr\/wp-content\/uploads\/2025\/12\/Photo-MW15-1-.png\",\"contentUrl\":\"https:\/\/lifesupportdistribution.fr\/wp-content\/uploads\/2025\/12\/Photo-MW15-1-.png\",\"width\":932,\"height\":750},{\"@type\":\"BreadcrumbList\",\"@id\":\"https:\/\/lifesupportdistribution.fr\/de\/produkt\/simulator-fuer-ultraschallgesteuerte-perikardiozentese\/#breadcrumb\",\"itemListElement\":[{\"@type\":\"ListItem\",\"position\":1,\"name\":\"Accueil\",\"item\":\"https:\/\/lifesupportdistribution.fr\/de\/startseite\/\"},{\"@type\":\"ListItem\",\"position\":2,\"name\":\"Shop\",\"item\":\"https:\/\/lifesupportdistribution.fr\/de\/shop\/\"},{\"@type\":\"ListItem\",\"position\":3,\"name\":\"Simulator f\u00fcr ultraschallgesteuerte Perikardiozentese\"}]},{\"@type\":\"WebSite\",\"@id\":\"https:\/\/lifesupportdistribution.fr\/de\/#website\",\"url\":\"https:\/\/lifesupportdistribution.fr\/de\/\",\"name\":\"Life Support Distribution\",\"description\":\"Solutions en simulation m\u00e9dicale\",\"publisher\":{\"@id\":\"https:\/\/lifesupportdistribution.fr\/de\/#organization\"},\"potentialAction\":[{\"@type\":\"SearchAction\",\"target\":{\"@type\":\"EntryPoint\",\"urlTemplate\":\"https:\/\/lifesupportdistribution.fr\/de\/?s={search_term_string}\"},\"query-input\":{\"@type\":\"PropertyValueSpecification\",\"valueRequired\":true,\"valueName\":\"search_term_string\"}}],\"inLanguage\":\"de\"},{\"@type\":\"Organization\",\"@id\":\"https:\/\/lifesupportdistribution.fr\/de\/#organization\",\"name\":\"Life Support Distribution\",\"url\":\"https:\/\/lifesupportdistribution.fr\/de\/\",\"logo\":{\"@type\":\"ImageObject\",\"inLanguage\":\"de\",\"@id\":\"https:\/\/lifesupportdistribution.fr\/de\/#\/schema\/logo\/image\/\",\"url\":\"https:\/\/lifesupportdistribution.fr\/wp-content\/uploads\/2025\/10\/logo-life-support-distribution.svg\",\"contentUrl\":\"https:\/\/lifesupportdistribution.fr\/wp-content\/uploads\/2025\/10\/logo-life-support-distribution.svg\",\"width\":698,\"height\":223,\"caption\":\"Life Support Distribution\"},\"image\":{\"@id\":\"https:\/\/lifesupportdistribution.fr\/de\/#\/schema\/logo\/image\/\"},\"sameAs\":[\"https:\/\/www.linkedin.com\/company\/life-support-distribution\/\"]}]}<\/script>\n<!-- \/ Yoast SEO plugin. -->","yoast_head_json":{"title":"Simulator f\u00fcr ultraschallgesteuerte Perikardiozentese \u2013 Kyoto Kagaku","description":"Simulator f\u00fcr ultraschallgesteuerte Perikardiozentese zum Erlernen der Punktion und Aspiration von Perikardfl\u00fcssigkeit unter realistischen Bedingungen.","robots":{"index":"index","follow":"follow","max-snippet":"max-snippet:-1","max-image-preview":"max-image-preview:large","max-video-preview":"max-video-preview:-1"},"canonical":"https:\/\/lifesupportdistribution.fr\/de\/produkt\/simulator-fuer-ultraschallgesteuerte-perikardiozentese\/","og_locale":"de_DE","og_type":"article","og_title":"Simulator f\u00fcr ultraschallgesteuerte Perikardiozentese \u2013 Kyoto Kagaku","og_description":"Simulator f\u00fcr ultraschallgesteuerte Perikardiozentese zum Erlernen der Punktion und Aspiration von Perikardfl\u00fcssigkeit unter realistischen Bedingungen.","og_url":"https:\/\/lifesupportdistribution.fr\/de\/produkt\/simulator-fuer-ultraschallgesteuerte-perikardiozentese\/","og_site_name":"Life Support Distribution","article_modified_time":"2026-01-02T13:06:24+00:00","og_image":[{"width":932,"height":750,"url":"https:\/\/lifesupportdistribution.fr\/wp-content\/uploads\/2025\/12\/Photo-MW15-1-.png","type":"image\/png"}],"twitter_card":"summary_large_image","twitter_misc":{"Gesch\u00e4tzte Lesezeit":"1\u00a0Minute"},"schema":{"@context":"https:\/\/schema.org","@graph":[{"@type":"WebPage","@id":"https:\/\/lifesupportdistribution.fr\/de\/produkt\/simulator-fuer-ultraschallgesteuerte-perikardiozentese\/","url":"https:\/\/lifesupportdistribution.fr\/de\/produkt\/simulator-fuer-ultraschallgesteuerte-perikardiozentese\/","name":"Simulator f\u00fcr ultraschallgesteuerte Perikardiozentese \u2013 Kyoto Kagaku","isPartOf":{"@id":"https:\/\/lifesupportdistribution.fr\/de\/#website"},"primaryImageOfPage":{"@id":"https:\/\/lifesupportdistribution.fr\/de\/produkt\/simulator-fuer-ultraschallgesteuerte-perikardiozentese\/#primaryimage"},"image":{"@id":"https:\/\/lifesupportdistribution.fr\/de\/produkt\/simulator-fuer-ultraschallgesteuerte-perikardiozentese\/#primaryimage"},"thumbnailUrl":"https:\/\/lifesupportdistribution.fr\/wp-content\/uploads\/2025\/12\/Photo-MW15-1-.png","datePublished":"2025-12-05T11:53:24+00:00","dateModified":"2026-01-02T13:06:24+00:00","description":"Simulator f\u00fcr ultraschallgesteuerte Perikardiozentese zum Erlernen der Punktion und Aspiration von Perikardfl\u00fcssigkeit unter realistischen Bedingungen.","breadcrumb":{"@id":"https:\/\/lifesupportdistribution.fr\/de\/produkt\/simulator-fuer-ultraschallgesteuerte-perikardiozentese\/#breadcrumb"},"inLanguage":"de","potentialAction":[{"@type":"ReadAction","target":["https:\/\/lifesupportdistribution.fr\/de\/produkt\/simulator-fuer-ultraschallgesteuerte-perikardiozentese\/"]}]},{"@type":"ImageObject","inLanguage":"de","@id":"https:\/\/lifesupportdistribution.fr\/de\/produkt\/simulator-fuer-ultraschallgesteuerte-perikardiozentese\/#primaryimage","url":"https:\/\/lifesupportdistribution.fr\/wp-content\/uploads\/2025\/12\/Photo-MW15-1-.png","contentUrl":"https:\/\/lifesupportdistribution.fr\/wp-content\/uploads\/2025\/12\/Photo-MW15-1-.png","width":932,"height":750},{"@type":"BreadcrumbList","@id":"https:\/\/lifesupportdistribution.fr\/de\/produkt\/simulator-fuer-ultraschallgesteuerte-perikardiozentese\/#breadcrumb","itemListElement":[{"@type":"ListItem","position":1,"name":"Accueil","item":"https:\/\/lifesupportdistribution.fr\/de\/startseite\/"},{"@type":"ListItem","position":2,"name":"Shop","item":"https:\/\/lifesupportdistribution.fr\/de\/shop\/"},{"@type":"ListItem","position":3,"name":"Simulator f\u00fcr ultraschallgesteuerte Perikardiozentese"}]},{"@type":"WebSite","@id":"https:\/\/lifesupportdistribution.fr\/de\/#website","url":"https:\/\/lifesupportdistribution.fr\/de\/","name":"Life Support Distribution","description":"Solutions en simulation m\u00e9dicale","publisher":{"@id":"https:\/\/lifesupportdistribution.fr\/de\/#organization"},"potentialAction":[{"@type":"SearchAction","target":{"@type":"EntryPoint","urlTemplate":"https:\/\/lifesupportdistribution.fr\/de\/?s={search_term_string}"},"query-input":{"@type":"PropertyValueSpecification","valueRequired":true,"valueName":"search_term_string"}}],"inLanguage":"de"},{"@type":"Organization","@id":"https:\/\/lifesupportdistribution.fr\/de\/#organization","name":"Life Support Distribution","url":"https:\/\/lifesupportdistribution.fr\/de\/","logo":{"@type":"ImageObject","inLanguage":"de","@id":"https:\/\/lifesupportdistribution.fr\/de\/#\/schema\/logo\/image\/","url":"https:\/\/lifesupportdistribution.fr\/wp-content\/uploads\/2025\/10\/logo-life-support-distribution.svg","contentUrl":"https:\/\/lifesupportdistribution.fr\/wp-content\/uploads\/2025\/10\/logo-life-support-distribution.svg","width":698,"height":223,"caption":"Life Support Distribution"},"image":{"@id":"https:\/\/lifesupportdistribution.fr\/de\/#\/schema\/logo\/image\/"},"sameAs":["https:\/\/www.linkedin.com\/company\/life-support-distribution\/"]}]}},"_links":{"self":[{"href":"https:\/\/lifesupportdistribution.fr\/de\/wp-json\/wp\/v2\/product\/4865","targetHints":{"allow":["GET"]}}],"collection":[{"href":"https:\/\/lifesupportdistribution.fr\/de\/wp-json\/wp\/v2\/product"}],"about":[{"href":"https:\/\/lifesupportdistribution.fr\/de\/wp-json\/wp\/v2\/types\/product"}],"wp:featuredmedia":[{"embeddable":true,"href":"https:\/\/lifesupportdistribution.fr\/de\/wp-json\/wp\/v2\/media\/4866"}],"wp:attachment":[{"href":"https:\/\/lifesupportdistribution.fr\/de\/wp-json\/wp\/v2\/media?parent=4865"}],"wp:term":[{"taxonomy":"product_brand","embeddable":true,"href":"https:\/\/lifesupportdistribution.fr\/de\/wp-json\/wp\/v2\/product_brand?post=4865"},{"taxonomy":"product_cat","embeddable":true,"href":"https:\/\/lifesupportdistribution.fr\/de\/wp-json\/wp\/v2\/product_cat?post=4865"},{"taxonomy":"product_tag","embeddable":true,"href":"https:\/\/lifesupportdistribution.fr\/de\/wp-json\/wp\/v2\/product_tag?post=4865"}],"curies":[{"name":"wp","href":"https:\/\/api.w.org\/{rel}","templated":true}]}}