{"id":4882,"date":"2025-12-01T14:33:40","date_gmt":"2025-12-01T13:33:40","guid":{"rendered":"https:\/\/lifesupportdistribution.fr\/produits\/rueckenmark-mit-nervenenden\/"},"modified":"2025-12-01T14:33:40","modified_gmt":"2025-12-01T13:33:40","slug":"rueckenmark-mit-nervenenden","status":"publish","type":"product","link":"https:\/\/lifesupportdistribution.fr\/de\/produkt\/rueckenmark-mit-nervenenden\/","title":{"rendered":"R\u00fcckenmark mit Nervenenden"},"content":{"rendered":"<p>Das R\u00fcckenmark ist hier mit hohem Detailgrad reproduziert, was die graue Substanz, die wei\u00dfe Substanz und die Nervenwurzeln veranschaulicht.<br \/>\nAuf einem Sockel montiert, erleichtert dieses kompakte Modell die Handhabung und das Verst\u00e4ndnis der Mechanismen der Nerven\u00fcbertragung.<br \/>\nEs erm\u00f6glicht auch die Erkl\u00e4rung h\u00e4ufiger r\u00fcckenmarksbedingter Pathologien, wie Bandscheibenvorf\u00e4lle oder Nervenkompressionen.<br \/>\nSeine robuste und stabile Struktur macht es zu einem zuverl\u00e4ssigen Hilfsmittel f\u00fcr Demonstrationen im H\u00f6rsaal oder Labor.<\/p>\n","protected":false},"excerpt":{"rendered":"<p>Dieses anatomische Modell stellt das menschliche R\u00fcckenmark mit den Enden der Spinalnerven dar, was eine pr\u00e4zise Beobachtung der inneren Strukturen und Nervenverbindungen erm\u00f6glicht.<br \/>\nEs ist ein Referenz-Lehrmittel f\u00fcr den Unterricht in Neuroanatomie und Physiologie des zentralen Nervensystems.<\/p>\n","protected":false},"featured_media":2661,"template":"","meta":[],"product_brand":[187],"product_cat":[221],"product_tag":[241,253],"class_list":{"0":"post-4882","1":"product","2":"type-product","3":"status-publish","4":"has-post-thumbnail","6":"product_brand-3b-scientific","7":"product_cat-anatomische-tafeln-und-modelle","8":"product_tag-anatomietraining","9":"product_tag-neurologie","11":"first","12":"instock","13":"shipping-taxable","14":"purchasable","15":"product-type-simple"},"yoast_head":"<!-- This site is optimized with the Yoast SEO plugin v26.8 - https:\/\/yoast.com\/product\/yoast-seo-wordpress\/ -->\n<title>R\u00fcckenmark und Spinalnerven \u2013 Anatomisches Modell<\/title>\n<meta name=\"description\" content=\"R\u00fcckenmarksmodell mit Nervenwurzeln: graue und wei\u00dfe Substanz sowie Spinalnerven. Kompaktes Lehrmittel f\u00fcr die Neuroanatomie.\" \/>\n<meta name=\"robots\" content=\"index, follow, max-snippet:-1, max-image-preview:large, max-video-preview:-1\" \/>\n<link rel=\"canonical\" href=\"https:\/\/lifesupportdistribution.fr\/de\/produkt\/rueckenmark-mit-nervenenden\/\" \/>\n<meta property=\"og:locale\" content=\"de_DE\" \/>\n<meta property=\"og:type\" content=\"article\" \/>\n<meta property=\"og:title\" content=\"R\u00fcckenmark und Spinalnerven \u2013 Anatomisches Modell\" \/>\n<meta property=\"og:description\" content=\"R\u00fcckenmarksmodell mit Nervenwurzeln: graue und wei\u00dfe Substanz sowie Spinalnerven. Kompaktes Lehrmittel f\u00fcr die Neuroanatomie.\" \/>\n<meta property=\"og:url\" content=\"https:\/\/lifesupportdistribution.fr\/de\/produkt\/rueckenmark-mit-nervenenden\/\" \/>\n<meta property=\"og:site_name\" content=\"Life Support Distribution\" \/>\n<meta property=\"og:image\" content=\"https:\/\/lifesupportdistribution.fr\/wp-content\/uploads\/2025\/12\/C41_01_Moelle-epiniere-avec-extremites-des-nerfs.jpg\" \/>\n\t<meta property=\"og:image:width\" content=\"500\" \/>\n\t<meta property=\"og:image:height\" content=\"500\" \/>\n\t<meta property=\"og:image:type\" content=\"image\/jpeg\" \/>\n<meta name=\"twitter:card\" content=\"summary_large_image\" \/>\n<script type=\"application\/ld+json\" class=\"yoast-schema-graph\">{\"@context\":\"https:\/\/schema.org\",\"@graph\":[{\"@type\":\"WebPage\",\"@id\":\"https:\/\/lifesupportdistribution.fr\/de\/produkt\/rueckenmark-mit-nervenenden\/\",\"url\":\"https:\/\/lifesupportdistribution.fr\/de\/produkt\/rueckenmark-mit-nervenenden\/\",\"name\":\"R\u00fcckenmark und Spinalnerven \u2013 Anatomisches Modell\",\"isPartOf\":{\"@id\":\"https:\/\/lifesupportdistribution.fr\/de\/#website\"},\"primaryImageOfPage\":{\"@id\":\"https:\/\/lifesupportdistribution.fr\/de\/produkt\/rueckenmark-mit-nervenenden\/#primaryimage\"},\"image\":{\"@id\":\"https:\/\/lifesupportdistribution.fr\/de\/produkt\/rueckenmark-mit-nervenenden\/#primaryimage\"},\"thumbnailUrl\":\"https:\/\/lifesupportdistribution.fr\/wp-content\/uploads\/2025\/12\/C41_01_Moelle-epiniere-avec-extremites-des-nerfs.jpg\",\"datePublished\":\"2025-12-01T13:33:40+00:00\",\"description\":\"R\u00fcckenmarksmodell mit Nervenwurzeln: graue und wei\u00dfe Substanz sowie Spinalnerven. Kompaktes Lehrmittel f\u00fcr die Neuroanatomie.\",\"breadcrumb\":{\"@id\":\"https:\/\/lifesupportdistribution.fr\/de\/produkt\/rueckenmark-mit-nervenenden\/#breadcrumb\"},\"inLanguage\":\"de\",\"potentialAction\":[{\"@type\":\"ReadAction\",\"target\":[\"https:\/\/lifesupportdistribution.fr\/de\/produkt\/rueckenmark-mit-nervenenden\/\"]}]},{\"@type\":\"ImageObject\",\"inLanguage\":\"de\",\"@id\":\"https:\/\/lifesupportdistribution.fr\/de\/produkt\/rueckenmark-mit-nervenenden\/#primaryimage\",\"url\":\"https:\/\/lifesupportdistribution.fr\/wp-content\/uploads\/2025\/12\/C41_01_Moelle-epiniere-avec-extremites-des-nerfs.jpg\",\"contentUrl\":\"https:\/\/lifesupportdistribution.fr\/wp-content\/uploads\/2025\/12\/C41_01_Moelle-epiniere-avec-extremites-des-nerfs.jpg\",\"width\":500,\"height\":500},{\"@type\":\"BreadcrumbList\",\"@id\":\"https:\/\/lifesupportdistribution.fr\/de\/produkt\/rueckenmark-mit-nervenenden\/#breadcrumb\",\"itemListElement\":[{\"@type\":\"ListItem\",\"position\":1,\"name\":\"Accueil\",\"item\":\"https:\/\/lifesupportdistribution.fr\/de\/startseite\/\"},{\"@type\":\"ListItem\",\"position\":2,\"name\":\"Shop\",\"item\":\"https:\/\/lifesupportdistribution.fr\/de\/shop\/\"},{\"@type\":\"ListItem\",\"position\":3,\"name\":\"R\u00fcckenmark mit Nervenenden\"}]},{\"@type\":\"WebSite\",\"@id\":\"https:\/\/lifesupportdistribution.fr\/de\/#website\",\"url\":\"https:\/\/lifesupportdistribution.fr\/de\/\",\"name\":\"Life Support Distribution\",\"description\":\"Solutions en simulation m\u00e9dicale\",\"publisher\":{\"@id\":\"https:\/\/lifesupportdistribution.fr\/de\/#organization\"},\"potentialAction\":[{\"@type\":\"SearchAction\",\"target\":{\"@type\":\"EntryPoint\",\"urlTemplate\":\"https:\/\/lifesupportdistribution.fr\/de\/?s={search_term_string}\"},\"query-input\":{\"@type\":\"PropertyValueSpecification\",\"valueRequired\":true,\"valueName\":\"search_term_string\"}}],\"inLanguage\":\"de\"},{\"@type\":\"Organization\",\"@id\":\"https:\/\/lifesupportdistribution.fr\/de\/#organization\",\"name\":\"Life Support Distribution\",\"url\":\"https:\/\/lifesupportdistribution.fr\/de\/\",\"logo\":{\"@type\":\"ImageObject\",\"inLanguage\":\"de\",\"@id\":\"https:\/\/lifesupportdistribution.fr\/de\/#\/schema\/logo\/image\/\",\"url\":\"https:\/\/lifesupportdistribution.fr\/wp-content\/uploads\/2025\/10\/logo-life-support-distribution.svg\",\"contentUrl\":\"https:\/\/lifesupportdistribution.fr\/wp-content\/uploads\/2025\/10\/logo-life-support-distribution.svg\",\"width\":698,\"height\":223,\"caption\":\"Life Support Distribution\"},\"image\":{\"@id\":\"https:\/\/lifesupportdistribution.fr\/de\/#\/schema\/logo\/image\/\"},\"sameAs\":[\"https:\/\/www.linkedin.com\/company\/life-support-distribution\/\"]}]}<\/script>\n<!-- \/ Yoast SEO plugin. -->","yoast_head_json":{"title":"R\u00fcckenmark und Spinalnerven \u2013 Anatomisches Modell","description":"R\u00fcckenmarksmodell mit Nervenwurzeln: graue und wei\u00dfe Substanz sowie Spinalnerven. Kompaktes Lehrmittel f\u00fcr die Neuroanatomie.","robots":{"index":"index","follow":"follow","max-snippet":"max-snippet:-1","max-image-preview":"max-image-preview:large","max-video-preview":"max-video-preview:-1"},"canonical":"https:\/\/lifesupportdistribution.fr\/de\/produkt\/rueckenmark-mit-nervenenden\/","og_locale":"de_DE","og_type":"article","og_title":"R\u00fcckenmark und Spinalnerven \u2013 Anatomisches Modell","og_description":"R\u00fcckenmarksmodell mit Nervenwurzeln: graue und wei\u00dfe Substanz sowie Spinalnerven. Kompaktes Lehrmittel f\u00fcr die Neuroanatomie.","og_url":"https:\/\/lifesupportdistribution.fr\/de\/produkt\/rueckenmark-mit-nervenenden\/","og_site_name":"Life Support Distribution","og_image":[{"width":500,"height":500,"url":"https:\/\/lifesupportdistribution.fr\/wp-content\/uploads\/2025\/12\/C41_01_Moelle-epiniere-avec-extremites-des-nerfs.jpg","type":"image\/jpeg"}],"twitter_card":"summary_large_image","schema":{"@context":"https:\/\/schema.org","@graph":[{"@type":"WebPage","@id":"https:\/\/lifesupportdistribution.fr\/de\/produkt\/rueckenmark-mit-nervenenden\/","url":"https:\/\/lifesupportdistribution.fr\/de\/produkt\/rueckenmark-mit-nervenenden\/","name":"R\u00fcckenmark und Spinalnerven \u2013 Anatomisches Modell","isPartOf":{"@id":"https:\/\/lifesupportdistribution.fr\/de\/#website"},"primaryImageOfPage":{"@id":"https:\/\/lifesupportdistribution.fr\/de\/produkt\/rueckenmark-mit-nervenenden\/#primaryimage"},"image":{"@id":"https:\/\/lifesupportdistribution.fr\/de\/produkt\/rueckenmark-mit-nervenenden\/#primaryimage"},"thumbnailUrl":"https:\/\/lifesupportdistribution.fr\/wp-content\/uploads\/2025\/12\/C41_01_Moelle-epiniere-avec-extremites-des-nerfs.jpg","datePublished":"2025-12-01T13:33:40+00:00","description":"R\u00fcckenmarksmodell mit Nervenwurzeln: graue und wei\u00dfe Substanz sowie Spinalnerven. Kompaktes Lehrmittel f\u00fcr die Neuroanatomie.","breadcrumb":{"@id":"https:\/\/lifesupportdistribution.fr\/de\/produkt\/rueckenmark-mit-nervenenden\/#breadcrumb"},"inLanguage":"de","potentialAction":[{"@type":"ReadAction","target":["https:\/\/lifesupportdistribution.fr\/de\/produkt\/rueckenmark-mit-nervenenden\/"]}]},{"@type":"ImageObject","inLanguage":"de","@id":"https:\/\/lifesupportdistribution.fr\/de\/produkt\/rueckenmark-mit-nervenenden\/#primaryimage","url":"https:\/\/lifesupportdistribution.fr\/wp-content\/uploads\/2025\/12\/C41_01_Moelle-epiniere-avec-extremites-des-nerfs.jpg","contentUrl":"https:\/\/lifesupportdistribution.fr\/wp-content\/uploads\/2025\/12\/C41_01_Moelle-epiniere-avec-extremites-des-nerfs.jpg","width":500,"height":500},{"@type":"BreadcrumbList","@id":"https:\/\/lifesupportdistribution.fr\/de\/produkt\/rueckenmark-mit-nervenenden\/#breadcrumb","itemListElement":[{"@type":"ListItem","position":1,"name":"Accueil","item":"https:\/\/lifesupportdistribution.fr\/de\/startseite\/"},{"@type":"ListItem","position":2,"name":"Shop","item":"https:\/\/lifesupportdistribution.fr\/de\/shop\/"},{"@type":"ListItem","position":3,"name":"R\u00fcckenmark mit Nervenenden"}]},{"@type":"WebSite","@id":"https:\/\/lifesupportdistribution.fr\/de\/#website","url":"https:\/\/lifesupportdistribution.fr\/de\/","name":"Life Support Distribution","description":"Solutions en simulation m\u00e9dicale","publisher":{"@id":"https:\/\/lifesupportdistribution.fr\/de\/#organization"},"potentialAction":[{"@type":"SearchAction","target":{"@type":"EntryPoint","urlTemplate":"https:\/\/lifesupportdistribution.fr\/de\/?s={search_term_string}"},"query-input":{"@type":"PropertyValueSpecification","valueRequired":true,"valueName":"search_term_string"}}],"inLanguage":"de"},{"@type":"Organization","@id":"https:\/\/lifesupportdistribution.fr\/de\/#organization","name":"Life Support Distribution","url":"https:\/\/lifesupportdistribution.fr\/de\/","logo":{"@type":"ImageObject","inLanguage":"de","@id":"https:\/\/lifesupportdistribution.fr\/de\/#\/schema\/logo\/image\/","url":"https:\/\/lifesupportdistribution.fr\/wp-content\/uploads\/2025\/10\/logo-life-support-distribution.svg","contentUrl":"https:\/\/lifesupportdistribution.fr\/wp-content\/uploads\/2025\/10\/logo-life-support-distribution.svg","width":698,"height":223,"caption":"Life Support Distribution"},"image":{"@id":"https:\/\/lifesupportdistribution.fr\/de\/#\/schema\/logo\/image\/"},"sameAs":["https:\/\/www.linkedin.com\/company\/life-support-distribution\/"]}]}},"_links":{"self":[{"href":"https:\/\/lifesupportdistribution.fr\/de\/wp-json\/wp\/v2\/product\/4882","targetHints":{"allow":["GET"]}}],"collection":[{"href":"https:\/\/lifesupportdistribution.fr\/de\/wp-json\/wp\/v2\/product"}],"about":[{"href":"https:\/\/lifesupportdistribution.fr\/de\/wp-json\/wp\/v2\/types\/product"}],"wp:featuredmedia":[{"embeddable":true,"href":"https:\/\/lifesupportdistribution.fr\/de\/wp-json\/wp\/v2\/media\/2661"}],"wp:attachment":[{"href":"https:\/\/lifesupportdistribution.fr\/de\/wp-json\/wp\/v2\/media?parent=4882"}],"wp:term":[{"taxonomy":"product_brand","embeddable":true,"href":"https:\/\/lifesupportdistribution.fr\/de\/wp-json\/wp\/v2\/product_brand?post=4882"},{"taxonomy":"product_cat","embeddable":true,"href":"https:\/\/lifesupportdistribution.fr\/de\/wp-json\/wp\/v2\/product_cat?post=4882"},{"taxonomy":"product_tag","embeddable":true,"href":"https:\/\/lifesupportdistribution.fr\/de\/wp-json\/wp\/v2\/product_tag?post=4882"}],"curies":[{"name":"wp","href":"https:\/\/api.w.org\/{rel}","templated":true}]}}