{"id":4883,"date":"2025-12-01T15:49:53","date_gmt":"2025-12-01T14:49:53","guid":{"rendered":"https:\/\/lifesupportdistribution.fr\/produits\/6-teiliger-kopf\/"},"modified":"2025-12-01T15:49:53","modified_gmt":"2025-12-01T14:49:53","slug":"6-teiliger-kopf","status":"publish","type":"product","link":"https:\/\/lifesupportdistribution.fr\/de\/produkt\/6-teiliger-kopf\/","title":{"rendered":"6-teiliger Kopf"},"content":{"rendered":"<p>Das 6-teilige Kopfmodell erm\u00f6glicht eine klare Beobachtung der anatomischen Beziehungen zwischen Nerven-, Atem- und Verdauungssystem.<br \/>\nGehirn, Nasen-, Mund- und Augenh\u00f6hlen werden realistisch und pr\u00e4zise dargestellt, was das Verst\u00e4ndnis der Sch\u00e4del- und Gesichtsstrukturen f\u00f6rdert.<br \/>\nDank seines robusten und zerlegbaren Designs ist es ideal f\u00fcr den intensiven Einsatz in Bildungseinrichtungen, Laboren und medizinischen Simulationszentren.<br \/>\nSein Realismus erm\u00f6glicht auch die Visualisierung klinischer Orientierungspunkte, die in medizinischen und paramedizinischen Praxen verwendet werden.<\/p>\n","protected":false},"excerpt":{"rendered":"<p>Dieses 6-teilige zerlegbare menschliche Kopfmodell erm\u00f6glicht eine detaillierte Untersuchung externer und interner Strukturen, einschlie\u00dflich der Gehirn-, Nasen-, Mund- und Augenh\u00f6hlen.<br \/>\nErh\u00e4ltlich in heller oder dunkler Hautfarbe, ist es ein umfassendes Lehrmittel f\u00fcr den Anatomieunterricht von Sch\u00e4del, Gehirn und Hals.<\/p>\n","protected":false},"featured_media":2682,"template":"","meta":[],"product_brand":[187],"product_cat":[221],"product_tag":[241],"class_list":{"0":"post-4883","1":"product","2":"type-product","3":"status-publish","4":"has-post-thumbnail","6":"product_brand-3b-scientific","7":"product_cat-anatomische-tafeln-und-modelle","8":"product_tag-anatomietraining","10":"first","11":"instock","12":"shipping-taxable","13":"purchasable","14":"product-type-simple"},"yoast_head":"<!-- This site is optimized with the Yoast SEO plugin v26.8 - https:\/\/yoast.com\/product\/yoast-seo-wordpress\/ -->\n<title>Zerlegbares menschliches Kopfmodell in 6 Teilen \u2013 Anatomie<\/title>\n<meta name=\"description\" content=\"6-teiliges Kopfmodell mit Gehirn und inneren Hohlr\u00e4umen. Ideal f\u00fcr den Anatomieunterricht von Sch\u00e4del, Gesicht und Hals.\" \/>\n<meta name=\"robots\" content=\"index, follow, max-snippet:-1, max-image-preview:large, max-video-preview:-1\" \/>\n<link rel=\"canonical\" href=\"https:\/\/lifesupportdistribution.fr\/de\/produkt\/6-teiliger-kopf\/\" \/>\n<meta property=\"og:locale\" content=\"de_DE\" \/>\n<meta property=\"og:type\" content=\"article\" \/>\n<meta property=\"og:title\" content=\"Zerlegbares menschliches Kopfmodell in 6 Teilen \u2013 Anatomie\" \/>\n<meta property=\"og:description\" content=\"6-teiliges Kopfmodell mit Gehirn und inneren Hohlr\u00e4umen. Ideal f\u00fcr den Anatomieunterricht von Sch\u00e4del, Gesicht und Hals.\" \/>\n<meta property=\"og:url\" content=\"https:\/\/lifesupportdistribution.fr\/de\/produkt\/6-teiliger-kopf\/\" \/>\n<meta property=\"og:site_name\" content=\"Life Support Distribution\" \/>\n<meta property=\"og:image\" content=\"https:\/\/lifesupportdistribution.fr\/wp-content\/uploads\/2025\/12\/C09-1_01_Modele-de-tete-en-6-parties.jpg\" \/>\n\t<meta property=\"og:image:width\" content=\"500\" \/>\n\t<meta property=\"og:image:height\" content=\"500\" \/>\n\t<meta property=\"og:image:type\" content=\"image\/jpeg\" \/>\n<meta name=\"twitter:card\" content=\"summary_large_image\" \/>\n<script type=\"application\/ld+json\" class=\"yoast-schema-graph\">{\"@context\":\"https:\/\/schema.org\",\"@graph\":[{\"@type\":\"WebPage\",\"@id\":\"https:\/\/lifesupportdistribution.fr\/de\/produkt\/6-teiliger-kopf\/\",\"url\":\"https:\/\/lifesupportdistribution.fr\/de\/produkt\/6-teiliger-kopf\/\",\"name\":\"Zerlegbares menschliches Kopfmodell in 6 Teilen \u2013 Anatomie\",\"isPartOf\":{\"@id\":\"https:\/\/lifesupportdistribution.fr\/de\/#website\"},\"primaryImageOfPage\":{\"@id\":\"https:\/\/lifesupportdistribution.fr\/de\/produkt\/6-teiliger-kopf\/#primaryimage\"},\"image\":{\"@id\":\"https:\/\/lifesupportdistribution.fr\/de\/produkt\/6-teiliger-kopf\/#primaryimage\"},\"thumbnailUrl\":\"https:\/\/lifesupportdistribution.fr\/wp-content\/uploads\/2025\/12\/C09-1_01_Modele-de-tete-en-6-parties.jpg\",\"datePublished\":\"2025-12-01T14:49:53+00:00\",\"description\":\"6-teiliges Kopfmodell mit Gehirn und inneren Hohlr\u00e4umen. Ideal f\u00fcr den Anatomieunterricht von Sch\u00e4del, Gesicht und Hals.\",\"breadcrumb\":{\"@id\":\"https:\/\/lifesupportdistribution.fr\/de\/produkt\/6-teiliger-kopf\/#breadcrumb\"},\"inLanguage\":\"de\",\"potentialAction\":[{\"@type\":\"ReadAction\",\"target\":[\"https:\/\/lifesupportdistribution.fr\/de\/produkt\/6-teiliger-kopf\/\"]}]},{\"@type\":\"ImageObject\",\"inLanguage\":\"de\",\"@id\":\"https:\/\/lifesupportdistribution.fr\/de\/produkt\/6-teiliger-kopf\/#primaryimage\",\"url\":\"https:\/\/lifesupportdistribution.fr\/wp-content\/uploads\/2025\/12\/C09-1_01_Modele-de-tete-en-6-parties.jpg\",\"contentUrl\":\"https:\/\/lifesupportdistribution.fr\/wp-content\/uploads\/2025\/12\/C09-1_01_Modele-de-tete-en-6-parties.jpg\",\"width\":500,\"height\":500},{\"@type\":\"BreadcrumbList\",\"@id\":\"https:\/\/lifesupportdistribution.fr\/de\/produkt\/6-teiliger-kopf\/#breadcrumb\",\"itemListElement\":[{\"@type\":\"ListItem\",\"position\":1,\"name\":\"Accueil\",\"item\":\"https:\/\/lifesupportdistribution.fr\/de\/startseite\/\"},{\"@type\":\"ListItem\",\"position\":2,\"name\":\"Shop\",\"item\":\"https:\/\/lifesupportdistribution.fr\/de\/shop\/\"},{\"@type\":\"ListItem\",\"position\":3,\"name\":\"6-teiliger Kopf\"}]},{\"@type\":\"WebSite\",\"@id\":\"https:\/\/lifesupportdistribution.fr\/de\/#website\",\"url\":\"https:\/\/lifesupportdistribution.fr\/de\/\",\"name\":\"Life Support Distribution\",\"description\":\"Solutions en simulation m\u00e9dicale\",\"publisher\":{\"@id\":\"https:\/\/lifesupportdistribution.fr\/de\/#organization\"},\"potentialAction\":[{\"@type\":\"SearchAction\",\"target\":{\"@type\":\"EntryPoint\",\"urlTemplate\":\"https:\/\/lifesupportdistribution.fr\/de\/?s={search_term_string}\"},\"query-input\":{\"@type\":\"PropertyValueSpecification\",\"valueRequired\":true,\"valueName\":\"search_term_string\"}}],\"inLanguage\":\"de\"},{\"@type\":\"Organization\",\"@id\":\"https:\/\/lifesupportdistribution.fr\/de\/#organization\",\"name\":\"Life Support Distribution\",\"url\":\"https:\/\/lifesupportdistribution.fr\/de\/\",\"logo\":{\"@type\":\"ImageObject\",\"inLanguage\":\"de\",\"@id\":\"https:\/\/lifesupportdistribution.fr\/de\/#\/schema\/logo\/image\/\",\"url\":\"https:\/\/lifesupportdistribution.fr\/wp-content\/uploads\/2025\/10\/logo-life-support-distribution.svg\",\"contentUrl\":\"https:\/\/lifesupportdistribution.fr\/wp-content\/uploads\/2025\/10\/logo-life-support-distribution.svg\",\"width\":698,\"height\":223,\"caption\":\"Life Support Distribution\"},\"image\":{\"@id\":\"https:\/\/lifesupportdistribution.fr\/de\/#\/schema\/logo\/image\/\"},\"sameAs\":[\"https:\/\/www.linkedin.com\/company\/life-support-distribution\/\"]}]}<\/script>\n<!-- \/ Yoast SEO plugin. -->","yoast_head_json":{"title":"Zerlegbares menschliches Kopfmodell in 6 Teilen \u2013 Anatomie","description":"6-teiliges Kopfmodell mit Gehirn und inneren Hohlr\u00e4umen. Ideal f\u00fcr den Anatomieunterricht von Sch\u00e4del, Gesicht und Hals.","robots":{"index":"index","follow":"follow","max-snippet":"max-snippet:-1","max-image-preview":"max-image-preview:large","max-video-preview":"max-video-preview:-1"},"canonical":"https:\/\/lifesupportdistribution.fr\/de\/produkt\/6-teiliger-kopf\/","og_locale":"de_DE","og_type":"article","og_title":"Zerlegbares menschliches Kopfmodell in 6 Teilen \u2013 Anatomie","og_description":"6-teiliges Kopfmodell mit Gehirn und inneren Hohlr\u00e4umen. Ideal f\u00fcr den Anatomieunterricht von Sch\u00e4del, Gesicht und Hals.","og_url":"https:\/\/lifesupportdistribution.fr\/de\/produkt\/6-teiliger-kopf\/","og_site_name":"Life Support Distribution","og_image":[{"width":500,"height":500,"url":"https:\/\/lifesupportdistribution.fr\/wp-content\/uploads\/2025\/12\/C09-1_01_Modele-de-tete-en-6-parties.jpg","type":"image\/jpeg"}],"twitter_card":"summary_large_image","schema":{"@context":"https:\/\/schema.org","@graph":[{"@type":"WebPage","@id":"https:\/\/lifesupportdistribution.fr\/de\/produkt\/6-teiliger-kopf\/","url":"https:\/\/lifesupportdistribution.fr\/de\/produkt\/6-teiliger-kopf\/","name":"Zerlegbares menschliches Kopfmodell in 6 Teilen \u2013 Anatomie","isPartOf":{"@id":"https:\/\/lifesupportdistribution.fr\/de\/#website"},"primaryImageOfPage":{"@id":"https:\/\/lifesupportdistribution.fr\/de\/produkt\/6-teiliger-kopf\/#primaryimage"},"image":{"@id":"https:\/\/lifesupportdistribution.fr\/de\/produkt\/6-teiliger-kopf\/#primaryimage"},"thumbnailUrl":"https:\/\/lifesupportdistribution.fr\/wp-content\/uploads\/2025\/12\/C09-1_01_Modele-de-tete-en-6-parties.jpg","datePublished":"2025-12-01T14:49:53+00:00","description":"6-teiliges Kopfmodell mit Gehirn und inneren Hohlr\u00e4umen. Ideal f\u00fcr den Anatomieunterricht von Sch\u00e4del, Gesicht und Hals.","breadcrumb":{"@id":"https:\/\/lifesupportdistribution.fr\/de\/produkt\/6-teiliger-kopf\/#breadcrumb"},"inLanguage":"de","potentialAction":[{"@type":"ReadAction","target":["https:\/\/lifesupportdistribution.fr\/de\/produkt\/6-teiliger-kopf\/"]}]},{"@type":"ImageObject","inLanguage":"de","@id":"https:\/\/lifesupportdistribution.fr\/de\/produkt\/6-teiliger-kopf\/#primaryimage","url":"https:\/\/lifesupportdistribution.fr\/wp-content\/uploads\/2025\/12\/C09-1_01_Modele-de-tete-en-6-parties.jpg","contentUrl":"https:\/\/lifesupportdistribution.fr\/wp-content\/uploads\/2025\/12\/C09-1_01_Modele-de-tete-en-6-parties.jpg","width":500,"height":500},{"@type":"BreadcrumbList","@id":"https:\/\/lifesupportdistribution.fr\/de\/produkt\/6-teiliger-kopf\/#breadcrumb","itemListElement":[{"@type":"ListItem","position":1,"name":"Accueil","item":"https:\/\/lifesupportdistribution.fr\/de\/startseite\/"},{"@type":"ListItem","position":2,"name":"Shop","item":"https:\/\/lifesupportdistribution.fr\/de\/shop\/"},{"@type":"ListItem","position":3,"name":"6-teiliger Kopf"}]},{"@type":"WebSite","@id":"https:\/\/lifesupportdistribution.fr\/de\/#website","url":"https:\/\/lifesupportdistribution.fr\/de\/","name":"Life Support Distribution","description":"Solutions en simulation m\u00e9dicale","publisher":{"@id":"https:\/\/lifesupportdistribution.fr\/de\/#organization"},"potentialAction":[{"@type":"SearchAction","target":{"@type":"EntryPoint","urlTemplate":"https:\/\/lifesupportdistribution.fr\/de\/?s={search_term_string}"},"query-input":{"@type":"PropertyValueSpecification","valueRequired":true,"valueName":"search_term_string"}}],"inLanguage":"de"},{"@type":"Organization","@id":"https:\/\/lifesupportdistribution.fr\/de\/#organization","name":"Life Support Distribution","url":"https:\/\/lifesupportdistribution.fr\/de\/","logo":{"@type":"ImageObject","inLanguage":"de","@id":"https:\/\/lifesupportdistribution.fr\/de\/#\/schema\/logo\/image\/","url":"https:\/\/lifesupportdistribution.fr\/wp-content\/uploads\/2025\/10\/logo-life-support-distribution.svg","contentUrl":"https:\/\/lifesupportdistribution.fr\/wp-content\/uploads\/2025\/10\/logo-life-support-distribution.svg","width":698,"height":223,"caption":"Life Support Distribution"},"image":{"@id":"https:\/\/lifesupportdistribution.fr\/de\/#\/schema\/logo\/image\/"},"sameAs":["https:\/\/www.linkedin.com\/company\/life-support-distribution\/"]}]}},"_links":{"self":[{"href":"https:\/\/lifesupportdistribution.fr\/de\/wp-json\/wp\/v2\/product\/4883","targetHints":{"allow":["GET"]}}],"collection":[{"href":"https:\/\/lifesupportdistribution.fr\/de\/wp-json\/wp\/v2\/product"}],"about":[{"href":"https:\/\/lifesupportdistribution.fr\/de\/wp-json\/wp\/v2\/types\/product"}],"wp:featuredmedia":[{"embeddable":true,"href":"https:\/\/lifesupportdistribution.fr\/de\/wp-json\/wp\/v2\/media\/2682"}],"wp:attachment":[{"href":"https:\/\/lifesupportdistribution.fr\/de\/wp-json\/wp\/v2\/media?parent=4883"}],"wp:term":[{"taxonomy":"product_brand","embeddable":true,"href":"https:\/\/lifesupportdistribution.fr\/de\/wp-json\/wp\/v2\/product_brand?post=4883"},{"taxonomy":"product_cat","embeddable":true,"href":"https:\/\/lifesupportdistribution.fr\/de\/wp-json\/wp\/v2\/product_cat?post=4883"},{"taxonomy":"product_tag","embeddable":true,"href":"https:\/\/lifesupportdistribution.fr\/de\/wp-json\/wp\/v2\/product_tag?post=4883"}],"curies":[{"name":"wp","href":"https:\/\/api.w.org\/{rel}","templated":true}]}}