{"id":4895,"date":"2025-12-01T15:54:20","date_gmt":"2025-12-01T14:54:20","guid":{"rendered":"https:\/\/lifesupportdistribution.fr\/produits\/brustwirbelsaeule\/"},"modified":"2025-12-01T15:54:20","modified_gmt":"2025-12-01T14:54:20","slug":"brustwirbelsaeule","status":"publish","type":"product","link":"https:\/\/lifesupportdistribution.fr\/de\/produkt\/brustwirbelsaeule\/","title":{"rendered":"Brustwirbels\u00e4ule"},"content":{"rendered":"<p>Das Modell der Brustwirbels\u00e4ule bietet eine getreue Reproduktion der Wirbel und Bandscheiben, begleitet von den entsprechenden Rippen.<br \/>\nEs erm\u00f6glicht eine detaillierte Beobachtung der Knochen- und Gelenkstrukturen und f\u00f6rdert das Verst\u00e4ndnis der Mobilit\u00e4t und der mechanischen Belastungen des Thorax.<br \/>\nDank seiner widerstandsf\u00e4higen Konstruktion kann es sowohl in Anatomiekursen als auch in der physiotherapeutischen Ausbildung oder im Haltungs- und Biomechanikunterricht eingesetzt werden.<\/p>\n","protected":false},"excerpt":{"rendered":"<p>Dieses anatomische Modell stellt einen Brustabschnitt der Wirbels\u00e4ule dar und erm\u00f6glicht eine gezielte Untersuchung des R\u00fcckgrats und der damit verbundenen Strukturen.<br \/>\nKompakt und robust, ist es darauf ausgelegt, die Mobilit\u00e4t und Physiologie der Brustregion sowie Wirbels\u00e4ulenpathologien wie Skoliose oder Kyphose zu veranschaulichen.<\/p>\n","protected":false},"featured_media":2691,"template":"","meta":[],"product_brand":[187],"product_cat":[221],"product_tag":[241],"class_list":{"0":"post-4895","1":"product","2":"type-product","3":"status-publish","4":"has-post-thumbnail","6":"product_brand-3b-scientific","7":"product_cat-anatomische-tafeln-und-modelle","8":"product_tag-anatomietraining","10":"first","11":"instock","12":"shipping-taxable","13":"purchasable","14":"product-type-simple"},"yoast_head":"<!-- This site is optimized with the Yoast SEO plugin v27.5 - https:\/\/yoast.com\/product\/yoast-seo-wordpress\/ -->\n<title>Brustwirbels\u00e4ule \u2013 Anatomisches Modell<\/title>\n<meta name=\"description\" content=\"Modell der Brustwirbels\u00e4ule mit Rippen. Ideal zur Untersuchung von Mobilit\u00e4t, Wirbeln, Bandscheiben und Pathologien wie Skoliose oder Kyphose.\" \/>\n<meta name=\"robots\" content=\"index, follow, max-snippet:-1, max-image-preview:large, max-video-preview:-1\" \/>\n<link rel=\"canonical\" href=\"https:\/\/lifesupportdistribution.fr\/de\/produkt\/brustwirbelsaeule\/\" \/>\n<meta property=\"og:locale\" content=\"de_DE\" \/>\n<meta property=\"og:type\" content=\"article\" \/>\n<meta property=\"og:title\" content=\"Brustwirbels\u00e4ule \u2013 Anatomisches Modell\" \/>\n<meta property=\"og:description\" content=\"Modell der Brustwirbels\u00e4ule mit Rippen. Ideal zur Untersuchung von Mobilit\u00e4t, Wirbeln, Bandscheiben und Pathologien wie Skoliose oder Kyphose.\" \/>\n<meta property=\"og:url\" content=\"https:\/\/lifesupportdistribution.fr\/de\/produkt\/brustwirbelsaeule\/\" \/>\n<meta property=\"og:site_name\" content=\"Life Support Distribution\" \/>\n<meta property=\"og:image\" content=\"https:\/\/lifesupportdistribution.fr\/wp-content\/uploads\/2025\/12\/A73_01_Colonne-vertebrale-thoracique.jpg\" \/>\n\t<meta property=\"og:image:width\" content=\"500\" \/>\n\t<meta property=\"og:image:height\" content=\"500\" \/>\n\t<meta property=\"og:image:type\" content=\"image\/jpeg\" \/>\n<meta name=\"twitter:card\" content=\"summary_large_image\" \/>\n<script type=\"application\/ld+json\" class=\"yoast-schema-graph\">{\"@context\":\"https:\\\/\\\/schema.org\",\"@graph\":[{\"@type\":\"WebPage\",\"@id\":\"https:\\\/\\\/lifesupportdistribution.fr\\\/de\\\/produkt\\\/brustwirbelsaeule\\\/\",\"url\":\"https:\\\/\\\/lifesupportdistribution.fr\\\/de\\\/produkt\\\/brustwirbelsaeule\\\/\",\"name\":\"Brustwirbels\u00e4ule \u2013 Anatomisches Modell\",\"isPartOf\":{\"@id\":\"https:\\\/\\\/lifesupportdistribution.fr\\\/de\\\/#website\"},\"primaryImageOfPage\":{\"@id\":\"https:\\\/\\\/lifesupportdistribution.fr\\\/de\\\/produkt\\\/brustwirbelsaeule\\\/#primaryimage\"},\"image\":{\"@id\":\"https:\\\/\\\/lifesupportdistribution.fr\\\/de\\\/produkt\\\/brustwirbelsaeule\\\/#primaryimage\"},\"thumbnailUrl\":\"https:\\\/\\\/lifesupportdistribution.fr\\\/wp-content\\\/uploads\\\/2025\\\/12\\\/A73_01_Colonne-vertebrale-thoracique.jpg\",\"datePublished\":\"2025-12-01T14:54:20+00:00\",\"description\":\"Modell der Brustwirbels\u00e4ule mit Rippen. Ideal zur Untersuchung von Mobilit\u00e4t, Wirbeln, Bandscheiben und Pathologien wie Skoliose oder Kyphose.\",\"breadcrumb\":{\"@id\":\"https:\\\/\\\/lifesupportdistribution.fr\\\/de\\\/produkt\\\/brustwirbelsaeule\\\/#breadcrumb\"},\"inLanguage\":\"de\",\"potentialAction\":[{\"@type\":\"ReadAction\",\"target\":[\"https:\\\/\\\/lifesupportdistribution.fr\\\/de\\\/produkt\\\/brustwirbelsaeule\\\/\"]}]},{\"@type\":\"ImageObject\",\"inLanguage\":\"de\",\"@id\":\"https:\\\/\\\/lifesupportdistribution.fr\\\/de\\\/produkt\\\/brustwirbelsaeule\\\/#primaryimage\",\"url\":\"https:\\\/\\\/lifesupportdistribution.fr\\\/wp-content\\\/uploads\\\/2025\\\/12\\\/A73_01_Colonne-vertebrale-thoracique.jpg\",\"contentUrl\":\"https:\\\/\\\/lifesupportdistribution.fr\\\/wp-content\\\/uploads\\\/2025\\\/12\\\/A73_01_Colonne-vertebrale-thoracique.jpg\",\"width\":500,\"height\":500},{\"@type\":\"BreadcrumbList\",\"@id\":\"https:\\\/\\\/lifesupportdistribution.fr\\\/de\\\/produkt\\\/brustwirbelsaeule\\\/#breadcrumb\",\"itemListElement\":[{\"@type\":\"ListItem\",\"position\":1,\"name\":\"Accueil\",\"item\":\"https:\\\/\\\/lifesupportdistribution.fr\\\/de\\\/startseite\\\/\"},{\"@type\":\"ListItem\",\"position\":2,\"name\":\"Shop\",\"item\":\"https:\\\/\\\/lifesupportdistribution.fr\\\/de\\\/shop\\\/\"},{\"@type\":\"ListItem\",\"position\":3,\"name\":\"Brustwirbels\u00e4ule\"}]},{\"@type\":\"WebSite\",\"@id\":\"https:\\\/\\\/lifesupportdistribution.fr\\\/de\\\/#website\",\"url\":\"https:\\\/\\\/lifesupportdistribution.fr\\\/de\\\/\",\"name\":\"Life Support Distribution\",\"description\":\"Solutions en simulation m\u00e9dicale\",\"publisher\":{\"@id\":\"https:\\\/\\\/lifesupportdistribution.fr\\\/de\\\/#organization\"},\"potentialAction\":[{\"@type\":\"SearchAction\",\"target\":{\"@type\":\"EntryPoint\",\"urlTemplate\":\"https:\\\/\\\/lifesupportdistribution.fr\\\/de\\\/?s={search_term_string}\"},\"query-input\":{\"@type\":\"PropertyValueSpecification\",\"valueRequired\":true,\"valueName\":\"search_term_string\"}}],\"inLanguage\":\"de\"},{\"@type\":\"Organization\",\"@id\":\"https:\\\/\\\/lifesupportdistribution.fr\\\/de\\\/#organization\",\"name\":\"Life Support Distribution\",\"url\":\"https:\\\/\\\/lifesupportdistribution.fr\\\/de\\\/\",\"logo\":{\"@type\":\"ImageObject\",\"inLanguage\":\"de\",\"@id\":\"https:\\\/\\\/lifesupportdistribution.fr\\\/de\\\/#\\\/schema\\\/logo\\\/image\\\/\",\"url\":\"https:\\\/\\\/lifesupportdistribution.fr\\\/wp-content\\\/uploads\\\/2025\\\/10\\\/logo-life-support-distribution.svg\",\"contentUrl\":\"https:\\\/\\\/lifesupportdistribution.fr\\\/wp-content\\\/uploads\\\/2025\\\/10\\\/logo-life-support-distribution.svg\",\"width\":698,\"height\":223,\"caption\":\"Life Support Distribution\"},\"image\":{\"@id\":\"https:\\\/\\\/lifesupportdistribution.fr\\\/de\\\/#\\\/schema\\\/logo\\\/image\\\/\"},\"sameAs\":[\"https:\\\/\\\/www.linkedin.com\\\/company\\\/life-support-distribution\\\/\"]}]}<\/script>\n<!-- \/ Yoast SEO plugin. -->","yoast_head_json":{"title":"Brustwirbels\u00e4ule \u2013 Anatomisches Modell","description":"Modell der Brustwirbels\u00e4ule mit Rippen. Ideal zur Untersuchung von Mobilit\u00e4t, Wirbeln, Bandscheiben und Pathologien wie Skoliose oder Kyphose.","robots":{"index":"index","follow":"follow","max-snippet":"max-snippet:-1","max-image-preview":"max-image-preview:large","max-video-preview":"max-video-preview:-1"},"canonical":"https:\/\/lifesupportdistribution.fr\/de\/produkt\/brustwirbelsaeule\/","og_locale":"de_DE","og_type":"article","og_title":"Brustwirbels\u00e4ule \u2013 Anatomisches Modell","og_description":"Modell der Brustwirbels\u00e4ule mit Rippen. Ideal zur Untersuchung von Mobilit\u00e4t, Wirbeln, Bandscheiben und Pathologien wie Skoliose oder Kyphose.","og_url":"https:\/\/lifesupportdistribution.fr\/de\/produkt\/brustwirbelsaeule\/","og_site_name":"Life Support Distribution","og_image":[{"width":500,"height":500,"url":"https:\/\/lifesupportdistribution.fr\/wp-content\/uploads\/2025\/12\/A73_01_Colonne-vertebrale-thoracique.jpg","type":"image\/jpeg"}],"twitter_card":"summary_large_image","schema":{"@context":"https:\/\/schema.org","@graph":[{"@type":"WebPage","@id":"https:\/\/lifesupportdistribution.fr\/de\/produkt\/brustwirbelsaeule\/","url":"https:\/\/lifesupportdistribution.fr\/de\/produkt\/brustwirbelsaeule\/","name":"Brustwirbels\u00e4ule \u2013 Anatomisches Modell","isPartOf":{"@id":"https:\/\/lifesupportdistribution.fr\/de\/#website"},"primaryImageOfPage":{"@id":"https:\/\/lifesupportdistribution.fr\/de\/produkt\/brustwirbelsaeule\/#primaryimage"},"image":{"@id":"https:\/\/lifesupportdistribution.fr\/de\/produkt\/brustwirbelsaeule\/#primaryimage"},"thumbnailUrl":"https:\/\/lifesupportdistribution.fr\/wp-content\/uploads\/2025\/12\/A73_01_Colonne-vertebrale-thoracique.jpg","datePublished":"2025-12-01T14:54:20+00:00","description":"Modell der Brustwirbels\u00e4ule mit Rippen. Ideal zur Untersuchung von Mobilit\u00e4t, Wirbeln, Bandscheiben und Pathologien wie Skoliose oder Kyphose.","breadcrumb":{"@id":"https:\/\/lifesupportdistribution.fr\/de\/produkt\/brustwirbelsaeule\/#breadcrumb"},"inLanguage":"de","potentialAction":[{"@type":"ReadAction","target":["https:\/\/lifesupportdistribution.fr\/de\/produkt\/brustwirbelsaeule\/"]}]},{"@type":"ImageObject","inLanguage":"de","@id":"https:\/\/lifesupportdistribution.fr\/de\/produkt\/brustwirbelsaeule\/#primaryimage","url":"https:\/\/lifesupportdistribution.fr\/wp-content\/uploads\/2025\/12\/A73_01_Colonne-vertebrale-thoracique.jpg","contentUrl":"https:\/\/lifesupportdistribution.fr\/wp-content\/uploads\/2025\/12\/A73_01_Colonne-vertebrale-thoracique.jpg","width":500,"height":500},{"@type":"BreadcrumbList","@id":"https:\/\/lifesupportdistribution.fr\/de\/produkt\/brustwirbelsaeule\/#breadcrumb","itemListElement":[{"@type":"ListItem","position":1,"name":"Accueil","item":"https:\/\/lifesupportdistribution.fr\/de\/startseite\/"},{"@type":"ListItem","position":2,"name":"Shop","item":"https:\/\/lifesupportdistribution.fr\/de\/shop\/"},{"@type":"ListItem","position":3,"name":"Brustwirbels\u00e4ule"}]},{"@type":"WebSite","@id":"https:\/\/lifesupportdistribution.fr\/de\/#website","url":"https:\/\/lifesupportdistribution.fr\/de\/","name":"Life Support Distribution","description":"Solutions en simulation m\u00e9dicale","publisher":{"@id":"https:\/\/lifesupportdistribution.fr\/de\/#organization"},"potentialAction":[{"@type":"SearchAction","target":{"@type":"EntryPoint","urlTemplate":"https:\/\/lifesupportdistribution.fr\/de\/?s={search_term_string}"},"query-input":{"@type":"PropertyValueSpecification","valueRequired":true,"valueName":"search_term_string"}}],"inLanguage":"de"},{"@type":"Organization","@id":"https:\/\/lifesupportdistribution.fr\/de\/#organization","name":"Life Support Distribution","url":"https:\/\/lifesupportdistribution.fr\/de\/","logo":{"@type":"ImageObject","inLanguage":"de","@id":"https:\/\/lifesupportdistribution.fr\/de\/#\/schema\/logo\/image\/","url":"https:\/\/lifesupportdistribution.fr\/wp-content\/uploads\/2025\/10\/logo-life-support-distribution.svg","contentUrl":"https:\/\/lifesupportdistribution.fr\/wp-content\/uploads\/2025\/10\/logo-life-support-distribution.svg","width":698,"height":223,"caption":"Life Support Distribution"},"image":{"@id":"https:\/\/lifesupportdistribution.fr\/de\/#\/schema\/logo\/image\/"},"sameAs":["https:\/\/www.linkedin.com\/company\/life-support-distribution\/"]}]}},"_links":{"self":[{"href":"https:\/\/lifesupportdistribution.fr\/de\/wp-json\/wp\/v2\/product\/4895","targetHints":{"allow":["GET"]}}],"collection":[{"href":"https:\/\/lifesupportdistribution.fr\/de\/wp-json\/wp\/v2\/product"}],"about":[{"href":"https:\/\/lifesupportdistribution.fr\/de\/wp-json\/wp\/v2\/types\/product"}],"wp:featuredmedia":[{"embeddable":true,"href":"https:\/\/lifesupportdistribution.fr\/de\/wp-json\/wp\/v2\/media\/2691"}],"wp:attachment":[{"href":"https:\/\/lifesupportdistribution.fr\/de\/wp-json\/wp\/v2\/media?parent=4895"}],"wp:term":[{"taxonomy":"product_brand","embeddable":true,"href":"https:\/\/lifesupportdistribution.fr\/de\/wp-json\/wp\/v2\/product_brand?post=4895"},{"taxonomy":"product_cat","embeddable":true,"href":"https:\/\/lifesupportdistribution.fr\/de\/wp-json\/wp\/v2\/product_cat?post=4895"},{"taxonomy":"product_tag","embeddable":true,"href":"https:\/\/lifesupportdistribution.fr\/de\/wp-json\/wp\/v2\/product_tag?post=4895"}],"curies":[{"name":"wp","href":"https:\/\/api.w.org\/{rel}","templated":true}]}}