{"id":4901,"date":"2025-12-01T15:57:29","date_gmt":"2025-12-01T14:57:29","guid":{"rendered":"https:\/\/lifesupportdistribution.fr\/produits\/schaedel-auf-halswirbelsaeule-4-teilig\/"},"modified":"2025-12-01T15:57:29","modified_gmt":"2025-12-01T14:57:29","slug":"schaedel-auf-halswirbelsaeule-4-teilig","status":"publish","type":"product","link":"https:\/\/lifesupportdistribution.fr\/de\/produkt\/schaedel-auf-halswirbelsaeule-4-teilig\/","title":{"rendered":"Sch\u00e4del auf Halswirbels\u00e4ule \u2013 4-teilig"},"content":{"rendered":"<p>Dieses Modell bildet einen vollst\u00e4ndigen menschlichen Sch\u00e4del naturgetreu ab, mit abnehmbarem Sch\u00e4deldach, Sch\u00e4delbasis und Unterkiefer, montiert auf einer beweglichen Halswirbels\u00e4ule, die die Details der Wirbel und Bandscheiben zeigt.<br \/>\nDas Set ist fest auf einem stabilen Sockel befestigt, um die Beobachtung und Handhabung im Unterricht oder in der Praxis zu erleichtern.<br \/>\nEs erm\u00f6glicht die Veranschaulichung der Artikulationsmechanismen zwischen Sch\u00e4del und Halswirbels\u00e4ule und ein besseres Verst\u00e4ndnis g\u00e4ngiger zervikaler Pathologien (Schiefhals, Bandscheibenvorfall, Arthrose).<\/p>\n","protected":false},"excerpt":{"rendered":"<p>Dieses Modell kombiniert einen 3-teiligen zerlegbaren menschlichen Sch\u00e4del mit einer artikulierten Halswirbels\u00e4ule.<br \/>\nEs ist ein umfassendes Lehrmittel, um die anatomischen Beziehungen zwischen Kopf und Halswirbels\u00e4ule zu studieren und die Kopf-Hals-Bewegungen zu veranschaulichen.<br \/>\nStabil und robust, ist es ideal f\u00fcr Ausbildungen in Anatomie, funktioneller Rehabilitation und Gesundheitswesen.<\/p>\n","protected":false},"featured_media":2693,"template":"","meta":[],"product_brand":[187],"product_cat":[221],"product_tag":[241],"class_list":{"0":"post-4901","1":"product","2":"type-product","3":"status-publish","4":"has-post-thumbnail","6":"product_brand-3b-scientific","7":"product_cat-anatomische-tafeln-und-modelle","8":"product_tag-anatomietraining","10":"first","11":"instock","12":"shipping-taxable","13":"purchasable","14":"product-type-simple"},"yoast_head":"<!-- This site is optimized with the Yoast SEO plugin v26.8 - https:\/\/yoast.com\/product\/yoast-seo-wordpress\/ -->\n<title>Sch\u00e4del auf Halswirbels\u00e4ule \u2013 Anatomisches Modell<\/title>\n<meta name=\"description\" content=\"Zerlegbarer Sch\u00e4del mit artikulierter Halswirbels\u00e4ule. Ideal zum Studium der Kopf-Hals-Bewegungen und zervikaler Pathologien.\" \/>\n<meta name=\"robots\" content=\"index, follow, max-snippet:-1, max-image-preview:large, max-video-preview:-1\" \/>\n<link rel=\"canonical\" href=\"https:\/\/lifesupportdistribution.fr\/de\/produkt\/schaedel-auf-halswirbelsaeule-4-teilig\/\" \/>\n<meta property=\"og:locale\" content=\"de_DE\" \/>\n<meta property=\"og:type\" content=\"article\" \/>\n<meta property=\"og:title\" content=\"Sch\u00e4del auf Halswirbels\u00e4ule \u2013 Anatomisches Modell\" \/>\n<meta property=\"og:description\" content=\"Zerlegbarer Sch\u00e4del mit artikulierter Halswirbels\u00e4ule. Ideal zum Studium der Kopf-Hals-Bewegungen und zervikaler Pathologien.\" \/>\n<meta property=\"og:url\" content=\"https:\/\/lifesupportdistribution.fr\/de\/produkt\/schaedel-auf-halswirbelsaeule-4-teilig\/\" \/>\n<meta property=\"og:site_name\" content=\"Life Support Distribution\" \/>\n<meta property=\"og:image\" content=\"https:\/\/lifesupportdistribution.fr\/wp-content\/uploads\/2025\/12\/A20-1_01_Crane-sur-colonne-vertebrale-cervicale-en-4-parties.jpg\" \/>\n\t<meta property=\"og:image:width\" content=\"500\" \/>\n\t<meta property=\"og:image:height\" content=\"500\" \/>\n\t<meta property=\"og:image:type\" content=\"image\/jpeg\" \/>\n<meta name=\"twitter:card\" content=\"summary_large_image\" \/>\n<script type=\"application\/ld+json\" class=\"yoast-schema-graph\">{\"@context\":\"https:\/\/schema.org\",\"@graph\":[{\"@type\":\"WebPage\",\"@id\":\"https:\/\/lifesupportdistribution.fr\/de\/produkt\/schaedel-auf-halswirbelsaeule-4-teilig\/\",\"url\":\"https:\/\/lifesupportdistribution.fr\/de\/produkt\/schaedel-auf-halswirbelsaeule-4-teilig\/\",\"name\":\"Sch\u00e4del auf Halswirbels\u00e4ule \u2013 Anatomisches Modell\",\"isPartOf\":{\"@id\":\"https:\/\/lifesupportdistribution.fr\/de\/#website\"},\"primaryImageOfPage\":{\"@id\":\"https:\/\/lifesupportdistribution.fr\/de\/produkt\/schaedel-auf-halswirbelsaeule-4-teilig\/#primaryimage\"},\"image\":{\"@id\":\"https:\/\/lifesupportdistribution.fr\/de\/produkt\/schaedel-auf-halswirbelsaeule-4-teilig\/#primaryimage\"},\"thumbnailUrl\":\"https:\/\/lifesupportdistribution.fr\/wp-content\/uploads\/2025\/12\/A20-1_01_Crane-sur-colonne-vertebrale-cervicale-en-4-parties.jpg\",\"datePublished\":\"2025-12-01T14:57:29+00:00\",\"description\":\"Zerlegbarer Sch\u00e4del mit artikulierter Halswirbels\u00e4ule. Ideal zum Studium der Kopf-Hals-Bewegungen und zervikaler Pathologien.\",\"breadcrumb\":{\"@id\":\"https:\/\/lifesupportdistribution.fr\/de\/produkt\/schaedel-auf-halswirbelsaeule-4-teilig\/#breadcrumb\"},\"inLanguage\":\"de\",\"potentialAction\":[{\"@type\":\"ReadAction\",\"target\":[\"https:\/\/lifesupportdistribution.fr\/de\/produkt\/schaedel-auf-halswirbelsaeule-4-teilig\/\"]}]},{\"@type\":\"ImageObject\",\"inLanguage\":\"de\",\"@id\":\"https:\/\/lifesupportdistribution.fr\/de\/produkt\/schaedel-auf-halswirbelsaeule-4-teilig\/#primaryimage\",\"url\":\"https:\/\/lifesupportdistribution.fr\/wp-content\/uploads\/2025\/12\/A20-1_01_Crane-sur-colonne-vertebrale-cervicale-en-4-parties.jpg\",\"contentUrl\":\"https:\/\/lifesupportdistribution.fr\/wp-content\/uploads\/2025\/12\/A20-1_01_Crane-sur-colonne-vertebrale-cervicale-en-4-parties.jpg\",\"width\":500,\"height\":500},{\"@type\":\"BreadcrumbList\",\"@id\":\"https:\/\/lifesupportdistribution.fr\/de\/produkt\/schaedel-auf-halswirbelsaeule-4-teilig\/#breadcrumb\",\"itemListElement\":[{\"@type\":\"ListItem\",\"position\":1,\"name\":\"Accueil\",\"item\":\"https:\/\/lifesupportdistribution.fr\/de\/startseite\/\"},{\"@type\":\"ListItem\",\"position\":2,\"name\":\"Shop\",\"item\":\"https:\/\/lifesupportdistribution.fr\/de\/shop\/\"},{\"@type\":\"ListItem\",\"position\":3,\"name\":\"Sch\u00e4del auf Halswirbels\u00e4ule \u2013 4-teilig\"}]},{\"@type\":\"WebSite\",\"@id\":\"https:\/\/lifesupportdistribution.fr\/de\/#website\",\"url\":\"https:\/\/lifesupportdistribution.fr\/de\/\",\"name\":\"Life Support Distribution\",\"description\":\"Solutions en simulation m\u00e9dicale\",\"publisher\":{\"@id\":\"https:\/\/lifesupportdistribution.fr\/de\/#organization\"},\"potentialAction\":[{\"@type\":\"SearchAction\",\"target\":{\"@type\":\"EntryPoint\",\"urlTemplate\":\"https:\/\/lifesupportdistribution.fr\/de\/?s={search_term_string}\"},\"query-input\":{\"@type\":\"PropertyValueSpecification\",\"valueRequired\":true,\"valueName\":\"search_term_string\"}}],\"inLanguage\":\"de\"},{\"@type\":\"Organization\",\"@id\":\"https:\/\/lifesupportdistribution.fr\/de\/#organization\",\"name\":\"Life Support Distribution\",\"url\":\"https:\/\/lifesupportdistribution.fr\/de\/\",\"logo\":{\"@type\":\"ImageObject\",\"inLanguage\":\"de\",\"@id\":\"https:\/\/lifesupportdistribution.fr\/de\/#\/schema\/logo\/image\/\",\"url\":\"https:\/\/lifesupportdistribution.fr\/wp-content\/uploads\/2025\/10\/logo-life-support-distribution.svg\",\"contentUrl\":\"https:\/\/lifesupportdistribution.fr\/wp-content\/uploads\/2025\/10\/logo-life-support-distribution.svg\",\"width\":698,\"height\":223,\"caption\":\"Life Support Distribution\"},\"image\":{\"@id\":\"https:\/\/lifesupportdistribution.fr\/de\/#\/schema\/logo\/image\/\"},\"sameAs\":[\"https:\/\/www.linkedin.com\/company\/life-support-distribution\/\"]}]}<\/script>\n<!-- \/ Yoast SEO plugin. -->","yoast_head_json":{"title":"Sch\u00e4del auf Halswirbels\u00e4ule \u2013 Anatomisches Modell","description":"Zerlegbarer Sch\u00e4del mit artikulierter Halswirbels\u00e4ule. Ideal zum Studium der Kopf-Hals-Bewegungen und zervikaler Pathologien.","robots":{"index":"index","follow":"follow","max-snippet":"max-snippet:-1","max-image-preview":"max-image-preview:large","max-video-preview":"max-video-preview:-1"},"canonical":"https:\/\/lifesupportdistribution.fr\/de\/produkt\/schaedel-auf-halswirbelsaeule-4-teilig\/","og_locale":"de_DE","og_type":"article","og_title":"Sch\u00e4del auf Halswirbels\u00e4ule \u2013 Anatomisches Modell","og_description":"Zerlegbarer Sch\u00e4del mit artikulierter Halswirbels\u00e4ule. Ideal zum Studium der Kopf-Hals-Bewegungen und zervikaler Pathologien.","og_url":"https:\/\/lifesupportdistribution.fr\/de\/produkt\/schaedel-auf-halswirbelsaeule-4-teilig\/","og_site_name":"Life Support Distribution","og_image":[{"width":500,"height":500,"url":"https:\/\/lifesupportdistribution.fr\/wp-content\/uploads\/2025\/12\/A20-1_01_Crane-sur-colonne-vertebrale-cervicale-en-4-parties.jpg","type":"image\/jpeg"}],"twitter_card":"summary_large_image","schema":{"@context":"https:\/\/schema.org","@graph":[{"@type":"WebPage","@id":"https:\/\/lifesupportdistribution.fr\/de\/produkt\/schaedel-auf-halswirbelsaeule-4-teilig\/","url":"https:\/\/lifesupportdistribution.fr\/de\/produkt\/schaedel-auf-halswirbelsaeule-4-teilig\/","name":"Sch\u00e4del auf Halswirbels\u00e4ule \u2013 Anatomisches Modell","isPartOf":{"@id":"https:\/\/lifesupportdistribution.fr\/de\/#website"},"primaryImageOfPage":{"@id":"https:\/\/lifesupportdistribution.fr\/de\/produkt\/schaedel-auf-halswirbelsaeule-4-teilig\/#primaryimage"},"image":{"@id":"https:\/\/lifesupportdistribution.fr\/de\/produkt\/schaedel-auf-halswirbelsaeule-4-teilig\/#primaryimage"},"thumbnailUrl":"https:\/\/lifesupportdistribution.fr\/wp-content\/uploads\/2025\/12\/A20-1_01_Crane-sur-colonne-vertebrale-cervicale-en-4-parties.jpg","datePublished":"2025-12-01T14:57:29+00:00","description":"Zerlegbarer Sch\u00e4del mit artikulierter Halswirbels\u00e4ule. Ideal zum Studium der Kopf-Hals-Bewegungen und zervikaler Pathologien.","breadcrumb":{"@id":"https:\/\/lifesupportdistribution.fr\/de\/produkt\/schaedel-auf-halswirbelsaeule-4-teilig\/#breadcrumb"},"inLanguage":"de","potentialAction":[{"@type":"ReadAction","target":["https:\/\/lifesupportdistribution.fr\/de\/produkt\/schaedel-auf-halswirbelsaeule-4-teilig\/"]}]},{"@type":"ImageObject","inLanguage":"de","@id":"https:\/\/lifesupportdistribution.fr\/de\/produkt\/schaedel-auf-halswirbelsaeule-4-teilig\/#primaryimage","url":"https:\/\/lifesupportdistribution.fr\/wp-content\/uploads\/2025\/12\/A20-1_01_Crane-sur-colonne-vertebrale-cervicale-en-4-parties.jpg","contentUrl":"https:\/\/lifesupportdistribution.fr\/wp-content\/uploads\/2025\/12\/A20-1_01_Crane-sur-colonne-vertebrale-cervicale-en-4-parties.jpg","width":500,"height":500},{"@type":"BreadcrumbList","@id":"https:\/\/lifesupportdistribution.fr\/de\/produkt\/schaedel-auf-halswirbelsaeule-4-teilig\/#breadcrumb","itemListElement":[{"@type":"ListItem","position":1,"name":"Accueil","item":"https:\/\/lifesupportdistribution.fr\/de\/startseite\/"},{"@type":"ListItem","position":2,"name":"Shop","item":"https:\/\/lifesupportdistribution.fr\/de\/shop\/"},{"@type":"ListItem","position":3,"name":"Sch\u00e4del auf Halswirbels\u00e4ule \u2013 4-teilig"}]},{"@type":"WebSite","@id":"https:\/\/lifesupportdistribution.fr\/de\/#website","url":"https:\/\/lifesupportdistribution.fr\/de\/","name":"Life Support Distribution","description":"Solutions en simulation m\u00e9dicale","publisher":{"@id":"https:\/\/lifesupportdistribution.fr\/de\/#organization"},"potentialAction":[{"@type":"SearchAction","target":{"@type":"EntryPoint","urlTemplate":"https:\/\/lifesupportdistribution.fr\/de\/?s={search_term_string}"},"query-input":{"@type":"PropertyValueSpecification","valueRequired":true,"valueName":"search_term_string"}}],"inLanguage":"de"},{"@type":"Organization","@id":"https:\/\/lifesupportdistribution.fr\/de\/#organization","name":"Life Support Distribution","url":"https:\/\/lifesupportdistribution.fr\/de\/","logo":{"@type":"ImageObject","inLanguage":"de","@id":"https:\/\/lifesupportdistribution.fr\/de\/#\/schema\/logo\/image\/","url":"https:\/\/lifesupportdistribution.fr\/wp-content\/uploads\/2025\/10\/logo-life-support-distribution.svg","contentUrl":"https:\/\/lifesupportdistribution.fr\/wp-content\/uploads\/2025\/10\/logo-life-support-distribution.svg","width":698,"height":223,"caption":"Life Support Distribution"},"image":{"@id":"https:\/\/lifesupportdistribution.fr\/de\/#\/schema\/logo\/image\/"},"sameAs":["https:\/\/www.linkedin.com\/company\/life-support-distribution\/"]}]}},"_links":{"self":[{"href":"https:\/\/lifesupportdistribution.fr\/de\/wp-json\/wp\/v2\/product\/4901","targetHints":{"allow":["GET"]}}],"collection":[{"href":"https:\/\/lifesupportdistribution.fr\/de\/wp-json\/wp\/v2\/product"}],"about":[{"href":"https:\/\/lifesupportdistribution.fr\/de\/wp-json\/wp\/v2\/types\/product"}],"wp:featuredmedia":[{"embeddable":true,"href":"https:\/\/lifesupportdistribution.fr\/de\/wp-json\/wp\/v2\/media\/2693"}],"wp:attachment":[{"href":"https:\/\/lifesupportdistribution.fr\/de\/wp-json\/wp\/v2\/media?parent=4901"}],"wp:term":[{"taxonomy":"product_brand","embeddable":true,"href":"https:\/\/lifesupportdistribution.fr\/de\/wp-json\/wp\/v2\/product_brand?post=4901"},{"taxonomy":"product_cat","embeddable":true,"href":"https:\/\/lifesupportdistribution.fr\/de\/wp-json\/wp\/v2\/product_cat?post=4901"},{"taxonomy":"product_tag","embeddable":true,"href":"https:\/\/lifesupportdistribution.fr\/de\/wp-json\/wp\/v2\/product_tag?post=4901"}],"curies":[{"name":"wp","href":"https:\/\/api.w.org\/{rel}","templated":true}]}}