{"id":4911,"date":"2025-12-01T16:13:42","date_gmt":"2025-12-01T15:13:42","guid":{"rendered":"https:\/\/lifesupportdistribution.fr\/produits\/vollstaendiges-erwachsenengebiss\/"},"modified":"2025-12-01T16:13:42","modified_gmt":"2025-12-01T15:13:42","slug":"vollstaendiges-erwachsenengebiss","status":"publish","type":"product","link":"https:\/\/lifesupportdistribution.fr\/de\/produkt\/vollstaendiges-erwachsenengebiss\/","title":{"rendered":"Vollst\u00e4ndiges Erwachsenengebiss"},"content":{"rendered":"<p>Dieses Modell eines Erwachsenengebisses bildet den Ober- und Unterkiefer mit allen Z\u00e4hnen \u2013 Schneidez\u00e4hnen, Eckz\u00e4hnen, Pr\u00e4molaren und Molaren \u2013 getreu ab.<br \/>\nEs bietet eine realistische Ansicht der Zahnb\u00f6gen und der anatomischen Beziehungen des Kiefers.<br \/>\nIdeal f\u00fcr Studierende der Zahnmedizin, Zahntechniker und Dentalhygieniker, erm\u00f6glicht es auch die Erkl\u00e4rung von Zahnst\u00f6rungen wie Malokklusionen, Karies oder Zahnabnutzung.<br \/>\nHergestellt aus hochwertigem PVC, vereint dieses Modell Haltbarkeit und anatomische Pr\u00e4zision.<\/p>\n","protected":false},"excerpt":{"rendered":"<p>Dieses Lehrmodell stellt ein vollst\u00e4ndiges Erwachsenengebiss dar und erm\u00f6glicht die detaillierte Untersuchung der Anordnung und Morphologie der Z\u00e4hne.<br \/>\nEs ist ein klares und pr\u00e4zises Werkzeug f\u00fcr den Unterricht in Zahnmedizin, die Mundgesundheitsprophylaxe und das Verst\u00e4ndnis der Okklusion.<\/p>\n","protected":false},"featured_media":2727,"template":"","meta":[],"product_brand":[187],"product_cat":[221],"product_tag":[241,243],"class_list":{"0":"post-4911","1":"product","2":"type-product","3":"status-publish","4":"has-post-thumbnail","6":"product_brand-3b-scientific","7":"product_cat-anatomische-tafeln-und-modelle","8":"product_tag-anatomietraining","9":"product_tag-zahnmedizin","11":"first","12":"instock","13":"shipping-taxable","14":"purchasable","15":"product-type-simple"},"yoast_head":"<!-- This site is optimized with the Yoast SEO plugin v27.5 - https:\/\/yoast.com\/product\/yoast-seo-wordpress\/ -->\n<title>Modell eines vollst\u00e4ndigen Erwachsenengebisses \u2013 Kiefer<\/title>\n<meta name=\"description\" content=\"Vollst\u00e4ndiges Erwachsenengebiss mit realistischen Zahnb\u00f6gen, ideal zur Vermittlung von Zahnmorphologie, Okklusion und Mundgesundheitsprophylaxe.\" \/>\n<meta name=\"robots\" content=\"index, follow, max-snippet:-1, max-image-preview:large, max-video-preview:-1\" \/>\n<link rel=\"canonical\" href=\"https:\/\/lifesupportdistribution.fr\/de\/produkt\/vollstaendiges-erwachsenengebiss\/\" \/>\n<meta property=\"og:locale\" content=\"de_DE\" \/>\n<meta property=\"og:type\" content=\"article\" \/>\n<meta property=\"og:title\" content=\"Modell eines vollst\u00e4ndigen Erwachsenengebisses \u2013 Kiefer\" \/>\n<meta property=\"og:description\" content=\"Vollst\u00e4ndiges Erwachsenengebiss mit realistischen Zahnb\u00f6gen, ideal zur Vermittlung von Zahnmorphologie, Okklusion und Mundgesundheitsprophylaxe.\" \/>\n<meta property=\"og:url\" content=\"https:\/\/lifesupportdistribution.fr\/de\/produkt\/vollstaendiges-erwachsenengebiss\/\" \/>\n<meta property=\"og:site_name\" content=\"Life Support Distribution\" \/>\n<meta property=\"og:image\" content=\"https:\/\/lifesupportdistribution.fr\/wp-content\/uploads\/2025\/12\/VE281_01_Dentition-adulte.jpg\" \/>\n\t<meta property=\"og:image:width\" content=\"500\" \/>\n\t<meta property=\"og:image:height\" content=\"500\" \/>\n\t<meta property=\"og:image:type\" content=\"image\/jpeg\" \/>\n<meta name=\"twitter:card\" content=\"summary_large_image\" \/>\n<script type=\"application\/ld+json\" class=\"yoast-schema-graph\">{\"@context\":\"https:\\\/\\\/schema.org\",\"@graph\":[{\"@type\":\"WebPage\",\"@id\":\"https:\\\/\\\/lifesupportdistribution.fr\\\/de\\\/produkt\\\/vollstaendiges-erwachsenengebiss\\\/\",\"url\":\"https:\\\/\\\/lifesupportdistribution.fr\\\/de\\\/produkt\\\/vollstaendiges-erwachsenengebiss\\\/\",\"name\":\"Modell eines vollst\u00e4ndigen Erwachsenengebisses \u2013 Kiefer\",\"isPartOf\":{\"@id\":\"https:\\\/\\\/lifesupportdistribution.fr\\\/de\\\/#website\"},\"primaryImageOfPage\":{\"@id\":\"https:\\\/\\\/lifesupportdistribution.fr\\\/de\\\/produkt\\\/vollstaendiges-erwachsenengebiss\\\/#primaryimage\"},\"image\":{\"@id\":\"https:\\\/\\\/lifesupportdistribution.fr\\\/de\\\/produkt\\\/vollstaendiges-erwachsenengebiss\\\/#primaryimage\"},\"thumbnailUrl\":\"https:\\\/\\\/lifesupportdistribution.fr\\\/wp-content\\\/uploads\\\/2025\\\/12\\\/VE281_01_Dentition-adulte.jpg\",\"datePublished\":\"2025-12-01T15:13:42+00:00\",\"description\":\"Vollst\u00e4ndiges Erwachsenengebiss mit realistischen Zahnb\u00f6gen, ideal zur Vermittlung von Zahnmorphologie, Okklusion und Mundgesundheitsprophylaxe.\",\"breadcrumb\":{\"@id\":\"https:\\\/\\\/lifesupportdistribution.fr\\\/de\\\/produkt\\\/vollstaendiges-erwachsenengebiss\\\/#breadcrumb\"},\"inLanguage\":\"de\",\"potentialAction\":[{\"@type\":\"ReadAction\",\"target\":[\"https:\\\/\\\/lifesupportdistribution.fr\\\/de\\\/produkt\\\/vollstaendiges-erwachsenengebiss\\\/\"]}]},{\"@type\":\"ImageObject\",\"inLanguage\":\"de\",\"@id\":\"https:\\\/\\\/lifesupportdistribution.fr\\\/de\\\/produkt\\\/vollstaendiges-erwachsenengebiss\\\/#primaryimage\",\"url\":\"https:\\\/\\\/lifesupportdistribution.fr\\\/wp-content\\\/uploads\\\/2025\\\/12\\\/VE281_01_Dentition-adulte.jpg\",\"contentUrl\":\"https:\\\/\\\/lifesupportdistribution.fr\\\/wp-content\\\/uploads\\\/2025\\\/12\\\/VE281_01_Dentition-adulte.jpg\",\"width\":500,\"height\":500},{\"@type\":\"BreadcrumbList\",\"@id\":\"https:\\\/\\\/lifesupportdistribution.fr\\\/de\\\/produkt\\\/vollstaendiges-erwachsenengebiss\\\/#breadcrumb\",\"itemListElement\":[{\"@type\":\"ListItem\",\"position\":1,\"name\":\"Accueil\",\"item\":\"https:\\\/\\\/lifesupportdistribution.fr\\\/de\\\/startseite\\\/\"},{\"@type\":\"ListItem\",\"position\":2,\"name\":\"Shop\",\"item\":\"https:\\\/\\\/lifesupportdistribution.fr\\\/de\\\/shop\\\/\"},{\"@type\":\"ListItem\",\"position\":3,\"name\":\"Vollst\u00e4ndiges Erwachsenengebiss\"}]},{\"@type\":\"WebSite\",\"@id\":\"https:\\\/\\\/lifesupportdistribution.fr\\\/de\\\/#website\",\"url\":\"https:\\\/\\\/lifesupportdistribution.fr\\\/de\\\/\",\"name\":\"Life Support Distribution\",\"description\":\"Solutions en simulation m\u00e9dicale\",\"publisher\":{\"@id\":\"https:\\\/\\\/lifesupportdistribution.fr\\\/de\\\/#organization\"},\"potentialAction\":[{\"@type\":\"SearchAction\",\"target\":{\"@type\":\"EntryPoint\",\"urlTemplate\":\"https:\\\/\\\/lifesupportdistribution.fr\\\/de\\\/?s={search_term_string}\"},\"query-input\":{\"@type\":\"PropertyValueSpecification\",\"valueRequired\":true,\"valueName\":\"search_term_string\"}}],\"inLanguage\":\"de\"},{\"@type\":\"Organization\",\"@id\":\"https:\\\/\\\/lifesupportdistribution.fr\\\/de\\\/#organization\",\"name\":\"Life Support Distribution\",\"url\":\"https:\\\/\\\/lifesupportdistribution.fr\\\/de\\\/\",\"logo\":{\"@type\":\"ImageObject\",\"inLanguage\":\"de\",\"@id\":\"https:\\\/\\\/lifesupportdistribution.fr\\\/de\\\/#\\\/schema\\\/logo\\\/image\\\/\",\"url\":\"https:\\\/\\\/lifesupportdistribution.fr\\\/wp-content\\\/uploads\\\/2025\\\/10\\\/logo-life-support-distribution.svg\",\"contentUrl\":\"https:\\\/\\\/lifesupportdistribution.fr\\\/wp-content\\\/uploads\\\/2025\\\/10\\\/logo-life-support-distribution.svg\",\"width\":698,\"height\":223,\"caption\":\"Life Support Distribution\"},\"image\":{\"@id\":\"https:\\\/\\\/lifesupportdistribution.fr\\\/de\\\/#\\\/schema\\\/logo\\\/image\\\/\"},\"sameAs\":[\"https:\\\/\\\/www.linkedin.com\\\/company\\\/life-support-distribution\\\/\"]}]}<\/script>\n<!-- \/ Yoast SEO plugin. -->","yoast_head_json":{"title":"Modell eines vollst\u00e4ndigen Erwachsenengebisses \u2013 Kiefer","description":"Vollst\u00e4ndiges Erwachsenengebiss mit realistischen Zahnb\u00f6gen, ideal zur Vermittlung von Zahnmorphologie, Okklusion und Mundgesundheitsprophylaxe.","robots":{"index":"index","follow":"follow","max-snippet":"max-snippet:-1","max-image-preview":"max-image-preview:large","max-video-preview":"max-video-preview:-1"},"canonical":"https:\/\/lifesupportdistribution.fr\/de\/produkt\/vollstaendiges-erwachsenengebiss\/","og_locale":"de_DE","og_type":"article","og_title":"Modell eines vollst\u00e4ndigen Erwachsenengebisses \u2013 Kiefer","og_description":"Vollst\u00e4ndiges Erwachsenengebiss mit realistischen Zahnb\u00f6gen, ideal zur Vermittlung von Zahnmorphologie, Okklusion und Mundgesundheitsprophylaxe.","og_url":"https:\/\/lifesupportdistribution.fr\/de\/produkt\/vollstaendiges-erwachsenengebiss\/","og_site_name":"Life Support Distribution","og_image":[{"width":500,"height":500,"url":"https:\/\/lifesupportdistribution.fr\/wp-content\/uploads\/2025\/12\/VE281_01_Dentition-adulte.jpg","type":"image\/jpeg"}],"twitter_card":"summary_large_image","schema":{"@context":"https:\/\/schema.org","@graph":[{"@type":"WebPage","@id":"https:\/\/lifesupportdistribution.fr\/de\/produkt\/vollstaendiges-erwachsenengebiss\/","url":"https:\/\/lifesupportdistribution.fr\/de\/produkt\/vollstaendiges-erwachsenengebiss\/","name":"Modell eines vollst\u00e4ndigen Erwachsenengebisses \u2013 Kiefer","isPartOf":{"@id":"https:\/\/lifesupportdistribution.fr\/de\/#website"},"primaryImageOfPage":{"@id":"https:\/\/lifesupportdistribution.fr\/de\/produkt\/vollstaendiges-erwachsenengebiss\/#primaryimage"},"image":{"@id":"https:\/\/lifesupportdistribution.fr\/de\/produkt\/vollstaendiges-erwachsenengebiss\/#primaryimage"},"thumbnailUrl":"https:\/\/lifesupportdistribution.fr\/wp-content\/uploads\/2025\/12\/VE281_01_Dentition-adulte.jpg","datePublished":"2025-12-01T15:13:42+00:00","description":"Vollst\u00e4ndiges Erwachsenengebiss mit realistischen Zahnb\u00f6gen, ideal zur Vermittlung von Zahnmorphologie, Okklusion und Mundgesundheitsprophylaxe.","breadcrumb":{"@id":"https:\/\/lifesupportdistribution.fr\/de\/produkt\/vollstaendiges-erwachsenengebiss\/#breadcrumb"},"inLanguage":"de","potentialAction":[{"@type":"ReadAction","target":["https:\/\/lifesupportdistribution.fr\/de\/produkt\/vollstaendiges-erwachsenengebiss\/"]}]},{"@type":"ImageObject","inLanguage":"de","@id":"https:\/\/lifesupportdistribution.fr\/de\/produkt\/vollstaendiges-erwachsenengebiss\/#primaryimage","url":"https:\/\/lifesupportdistribution.fr\/wp-content\/uploads\/2025\/12\/VE281_01_Dentition-adulte.jpg","contentUrl":"https:\/\/lifesupportdistribution.fr\/wp-content\/uploads\/2025\/12\/VE281_01_Dentition-adulte.jpg","width":500,"height":500},{"@type":"BreadcrumbList","@id":"https:\/\/lifesupportdistribution.fr\/de\/produkt\/vollstaendiges-erwachsenengebiss\/#breadcrumb","itemListElement":[{"@type":"ListItem","position":1,"name":"Accueil","item":"https:\/\/lifesupportdistribution.fr\/de\/startseite\/"},{"@type":"ListItem","position":2,"name":"Shop","item":"https:\/\/lifesupportdistribution.fr\/de\/shop\/"},{"@type":"ListItem","position":3,"name":"Vollst\u00e4ndiges Erwachsenengebiss"}]},{"@type":"WebSite","@id":"https:\/\/lifesupportdistribution.fr\/de\/#website","url":"https:\/\/lifesupportdistribution.fr\/de\/","name":"Life Support Distribution","description":"Solutions en simulation m\u00e9dicale","publisher":{"@id":"https:\/\/lifesupportdistribution.fr\/de\/#organization"},"potentialAction":[{"@type":"SearchAction","target":{"@type":"EntryPoint","urlTemplate":"https:\/\/lifesupportdistribution.fr\/de\/?s={search_term_string}"},"query-input":{"@type":"PropertyValueSpecification","valueRequired":true,"valueName":"search_term_string"}}],"inLanguage":"de"},{"@type":"Organization","@id":"https:\/\/lifesupportdistribution.fr\/de\/#organization","name":"Life Support Distribution","url":"https:\/\/lifesupportdistribution.fr\/de\/","logo":{"@type":"ImageObject","inLanguage":"de","@id":"https:\/\/lifesupportdistribution.fr\/de\/#\/schema\/logo\/image\/","url":"https:\/\/lifesupportdistribution.fr\/wp-content\/uploads\/2025\/10\/logo-life-support-distribution.svg","contentUrl":"https:\/\/lifesupportdistribution.fr\/wp-content\/uploads\/2025\/10\/logo-life-support-distribution.svg","width":698,"height":223,"caption":"Life Support Distribution"},"image":{"@id":"https:\/\/lifesupportdistribution.fr\/de\/#\/schema\/logo\/image\/"},"sameAs":["https:\/\/www.linkedin.com\/company\/life-support-distribution\/"]}]}},"_links":{"self":[{"href":"https:\/\/lifesupportdistribution.fr\/de\/wp-json\/wp\/v2\/product\/4911","targetHints":{"allow":["GET"]}}],"collection":[{"href":"https:\/\/lifesupportdistribution.fr\/de\/wp-json\/wp\/v2\/product"}],"about":[{"href":"https:\/\/lifesupportdistribution.fr\/de\/wp-json\/wp\/v2\/types\/product"}],"wp:featuredmedia":[{"embeddable":true,"href":"https:\/\/lifesupportdistribution.fr\/de\/wp-json\/wp\/v2\/media\/2727"}],"wp:attachment":[{"href":"https:\/\/lifesupportdistribution.fr\/de\/wp-json\/wp\/v2\/media?parent=4911"}],"wp:term":[{"taxonomy":"product_brand","embeddable":true,"href":"https:\/\/lifesupportdistribution.fr\/de\/wp-json\/wp\/v2\/product_brand?post=4911"},{"taxonomy":"product_cat","embeddable":true,"href":"https:\/\/lifesupportdistribution.fr\/de\/wp-json\/wp\/v2\/product_cat?post=4911"},{"taxonomy":"product_tag","embeddable":true,"href":"https:\/\/lifesupportdistribution.fr\/de\/wp-json\/wp\/v2\/product_tag?post=4911"}],"curies":[{"name":"wp","href":"https:\/\/api.w.org\/{rel}","templated":true}]}}