{"id":4915,"date":"2025-12-01T16:15:21","date_gmt":"2025-12-01T15:15:21","guid":{"rendered":"https:\/\/lifesupportdistribution.fr\/produits\/brustpalpationsmodell\/"},"modified":"2025-12-01T16:15:21","modified_gmt":"2025-12-01T15:15:21","slug":"brustpalpationsmodell","status":"publish","type":"product","link":"https:\/\/lifesupportdistribution.fr\/de\/produkt\/brustpalpationsmodell\/","title":{"rendered":"Brustpalpationsmodell"},"content":{"rendered":"<p>Entwickelt, um die Textur des Brustgewebes naturgetreu wiederzugeben, erm\u00f6glicht dieses Modell die Identifizierung verschiedener Konsistenzen und Anomalien beim Tasten.<br \/>\nDie simulierten Knoten unterschiedlicher Gr\u00f6\u00dfe und Tiefe bieten ein realistisches Training zur Erkennung von gutartigen oder b\u00f6sartigen Tumoren.<br \/>\nIdeal f\u00fcr die Erst- und Weiterbildung von Gesundheitsfachkr\u00e4ften, wird es auch in Brustkrebs-Pr\u00e4ventionsprogrammen und \u00f6ffentlichen Informationskampagnen eingesetzt.<br \/>\nSeine robuste Bauweise gew\u00e4hrleistet einen wiederholten Gebrauch ohne Materialverformung.<\/p>\n","protected":false},"excerpt":{"rendered":"<p>Dieses realistische Modell erleichtert das Erlernen der Brustpalpation und die Erkennung von Anomalien wie Knoten oder Tumoren.<br \/>\nErh\u00e4ltlich in hellen und dunklen Hautt\u00f6nen, passt es sich allen p\u00e4dagogischen Kontexten an: Ausbildung in der Krankenpflege, medizinische Lehre oder Sensibilisierungsma\u00dfnahmen zur Fr\u00fcherkennung.<br \/>\nGeliefert mit einer Wandhalterung und einem Transportkoffer (optional), stellt es ein vollst\u00e4ndiges und langlebiges Werkzeug f\u00fcr die Ausbildung in der klinischen Brustuntersuchung dar.<\/p>\n","protected":false},"featured_media":2726,"template":"","meta":[],"product_brand":[187],"product_cat":[221,222],"product_tag":[241,233],"class_list":{"0":"post-4915","1":"product","2":"type-product","3":"status-publish","4":"has-post-thumbnail","6":"product_brand-3b-scientific","7":"product_cat-anatomische-tafeln-und-modelle","8":"product_cat-simulatoren-fur-medizinische-versorgung","9":"product_tag-anatomietraining","10":"product_tag-geburtshilfe-gynakologie","12":"first","13":"instock","14":"shipping-taxable","15":"purchasable","16":"product-type-simple"},"yoast_head":"<!-- This site is optimized with the Yoast SEO plugin v27.5 - https:\/\/yoast.com\/product\/yoast-seo-wordpress\/ -->\n<title>Brustpalpationsmodell \u2013 Fr\u00fcherkennung und Training<\/title>\n<meta name=\"description\" content=\"Realistischer Simulator zum Training der Brustpalpation und zur Fr\u00fcherkennung, mit integrierten Knoten, Wandhalterung und Transportoptionen.\" \/>\n<meta name=\"robots\" content=\"index, follow, max-snippet:-1, max-image-preview:large, max-video-preview:-1\" \/>\n<link rel=\"canonical\" href=\"https:\/\/lifesupportdistribution.fr\/de\/produkt\/brustpalpationsmodell\/\" \/>\n<meta property=\"og:locale\" content=\"de_DE\" \/>\n<meta property=\"og:type\" content=\"article\" \/>\n<meta property=\"og:title\" content=\"Brustpalpationsmodell \u2013 Fr\u00fcherkennung und Training\" \/>\n<meta property=\"og:description\" content=\"Realistischer Simulator zum Training der Brustpalpation und zur Fr\u00fcherkennung, mit integrierten Knoten, Wandhalterung und Transportoptionen.\" \/>\n<meta property=\"og:url\" content=\"https:\/\/lifesupportdistribution.fr\/de\/produkt\/brustpalpationsmodell\/\" \/>\n<meta property=\"og:site_name\" content=\"Life Support Distribution\" \/>\n<meta property=\"og:image\" content=\"https:\/\/lifesupportdistribution.fr\/wp-content\/uploads\/2025\/12\/L51_01_Modele-de-palpation-mammaire.jpg\" \/>\n\t<meta property=\"og:image:width\" content=\"500\" \/>\n\t<meta property=\"og:image:height\" content=\"500\" \/>\n\t<meta property=\"og:image:type\" content=\"image\/jpeg\" \/>\n<meta name=\"twitter:card\" content=\"summary_large_image\" \/>\n<script type=\"application\/ld+json\" class=\"yoast-schema-graph\">{\"@context\":\"https:\\\/\\\/schema.org\",\"@graph\":[{\"@type\":\"WebPage\",\"@id\":\"https:\\\/\\\/lifesupportdistribution.fr\\\/de\\\/produkt\\\/brustpalpationsmodell\\\/\",\"url\":\"https:\\\/\\\/lifesupportdistribution.fr\\\/de\\\/produkt\\\/brustpalpationsmodell\\\/\",\"name\":\"Brustpalpationsmodell \u2013 Fr\u00fcherkennung und Training\",\"isPartOf\":{\"@id\":\"https:\\\/\\\/lifesupportdistribution.fr\\\/de\\\/#website\"},\"primaryImageOfPage\":{\"@id\":\"https:\\\/\\\/lifesupportdistribution.fr\\\/de\\\/produkt\\\/brustpalpationsmodell\\\/#primaryimage\"},\"image\":{\"@id\":\"https:\\\/\\\/lifesupportdistribution.fr\\\/de\\\/produkt\\\/brustpalpationsmodell\\\/#primaryimage\"},\"thumbnailUrl\":\"https:\\\/\\\/lifesupportdistribution.fr\\\/wp-content\\\/uploads\\\/2025\\\/12\\\/L51_01_Modele-de-palpation-mammaire.jpg\",\"datePublished\":\"2025-12-01T15:15:21+00:00\",\"description\":\"Realistischer Simulator zum Training der Brustpalpation und zur Fr\u00fcherkennung, mit integrierten Knoten, Wandhalterung und Transportoptionen.\",\"breadcrumb\":{\"@id\":\"https:\\\/\\\/lifesupportdistribution.fr\\\/de\\\/produkt\\\/brustpalpationsmodell\\\/#breadcrumb\"},\"inLanguage\":\"de\",\"potentialAction\":[{\"@type\":\"ReadAction\",\"target\":[\"https:\\\/\\\/lifesupportdistribution.fr\\\/de\\\/produkt\\\/brustpalpationsmodell\\\/\"]}]},{\"@type\":\"ImageObject\",\"inLanguage\":\"de\",\"@id\":\"https:\\\/\\\/lifesupportdistribution.fr\\\/de\\\/produkt\\\/brustpalpationsmodell\\\/#primaryimage\",\"url\":\"https:\\\/\\\/lifesupportdistribution.fr\\\/wp-content\\\/uploads\\\/2025\\\/12\\\/L51_01_Modele-de-palpation-mammaire.jpg\",\"contentUrl\":\"https:\\\/\\\/lifesupportdistribution.fr\\\/wp-content\\\/uploads\\\/2025\\\/12\\\/L51_01_Modele-de-palpation-mammaire.jpg\",\"width\":500,\"height\":500},{\"@type\":\"BreadcrumbList\",\"@id\":\"https:\\\/\\\/lifesupportdistribution.fr\\\/de\\\/produkt\\\/brustpalpationsmodell\\\/#breadcrumb\",\"itemListElement\":[{\"@type\":\"ListItem\",\"position\":1,\"name\":\"Accueil\",\"item\":\"https:\\\/\\\/lifesupportdistribution.fr\\\/de\\\/startseite\\\/\"},{\"@type\":\"ListItem\",\"position\":2,\"name\":\"Shop\",\"item\":\"https:\\\/\\\/lifesupportdistribution.fr\\\/de\\\/shop\\\/\"},{\"@type\":\"ListItem\",\"position\":3,\"name\":\"Brustpalpationsmodell\"}]},{\"@type\":\"WebSite\",\"@id\":\"https:\\\/\\\/lifesupportdistribution.fr\\\/de\\\/#website\",\"url\":\"https:\\\/\\\/lifesupportdistribution.fr\\\/de\\\/\",\"name\":\"Life Support Distribution\",\"description\":\"Solutions en simulation m\u00e9dicale\",\"publisher\":{\"@id\":\"https:\\\/\\\/lifesupportdistribution.fr\\\/de\\\/#organization\"},\"potentialAction\":[{\"@type\":\"SearchAction\",\"target\":{\"@type\":\"EntryPoint\",\"urlTemplate\":\"https:\\\/\\\/lifesupportdistribution.fr\\\/de\\\/?s={search_term_string}\"},\"query-input\":{\"@type\":\"PropertyValueSpecification\",\"valueRequired\":true,\"valueName\":\"search_term_string\"}}],\"inLanguage\":\"de\"},{\"@type\":\"Organization\",\"@id\":\"https:\\\/\\\/lifesupportdistribution.fr\\\/de\\\/#organization\",\"name\":\"Life Support Distribution\",\"url\":\"https:\\\/\\\/lifesupportdistribution.fr\\\/de\\\/\",\"logo\":{\"@type\":\"ImageObject\",\"inLanguage\":\"de\",\"@id\":\"https:\\\/\\\/lifesupportdistribution.fr\\\/de\\\/#\\\/schema\\\/logo\\\/image\\\/\",\"url\":\"https:\\\/\\\/lifesupportdistribution.fr\\\/wp-content\\\/uploads\\\/2025\\\/10\\\/logo-life-support-distribution.svg\",\"contentUrl\":\"https:\\\/\\\/lifesupportdistribution.fr\\\/wp-content\\\/uploads\\\/2025\\\/10\\\/logo-life-support-distribution.svg\",\"width\":698,\"height\":223,\"caption\":\"Life Support Distribution\"},\"image\":{\"@id\":\"https:\\\/\\\/lifesupportdistribution.fr\\\/de\\\/#\\\/schema\\\/logo\\\/image\\\/\"},\"sameAs\":[\"https:\\\/\\\/www.linkedin.com\\\/company\\\/life-support-distribution\\\/\"]}]}<\/script>\n<!-- \/ Yoast SEO plugin. -->","yoast_head_json":{"title":"Brustpalpationsmodell \u2013 Fr\u00fcherkennung und Training","description":"Realistischer Simulator zum Training der Brustpalpation und zur Fr\u00fcherkennung, mit integrierten Knoten, Wandhalterung und Transportoptionen.","robots":{"index":"index","follow":"follow","max-snippet":"max-snippet:-1","max-image-preview":"max-image-preview:large","max-video-preview":"max-video-preview:-1"},"canonical":"https:\/\/lifesupportdistribution.fr\/de\/produkt\/brustpalpationsmodell\/","og_locale":"de_DE","og_type":"article","og_title":"Brustpalpationsmodell \u2013 Fr\u00fcherkennung und Training","og_description":"Realistischer Simulator zum Training der Brustpalpation und zur Fr\u00fcherkennung, mit integrierten Knoten, Wandhalterung und Transportoptionen.","og_url":"https:\/\/lifesupportdistribution.fr\/de\/produkt\/brustpalpationsmodell\/","og_site_name":"Life Support Distribution","og_image":[{"width":500,"height":500,"url":"https:\/\/lifesupportdistribution.fr\/wp-content\/uploads\/2025\/12\/L51_01_Modele-de-palpation-mammaire.jpg","type":"image\/jpeg"}],"twitter_card":"summary_large_image","schema":{"@context":"https:\/\/schema.org","@graph":[{"@type":"WebPage","@id":"https:\/\/lifesupportdistribution.fr\/de\/produkt\/brustpalpationsmodell\/","url":"https:\/\/lifesupportdistribution.fr\/de\/produkt\/brustpalpationsmodell\/","name":"Brustpalpationsmodell \u2013 Fr\u00fcherkennung und Training","isPartOf":{"@id":"https:\/\/lifesupportdistribution.fr\/de\/#website"},"primaryImageOfPage":{"@id":"https:\/\/lifesupportdistribution.fr\/de\/produkt\/brustpalpationsmodell\/#primaryimage"},"image":{"@id":"https:\/\/lifesupportdistribution.fr\/de\/produkt\/brustpalpationsmodell\/#primaryimage"},"thumbnailUrl":"https:\/\/lifesupportdistribution.fr\/wp-content\/uploads\/2025\/12\/L51_01_Modele-de-palpation-mammaire.jpg","datePublished":"2025-12-01T15:15:21+00:00","description":"Realistischer Simulator zum Training der Brustpalpation und zur Fr\u00fcherkennung, mit integrierten Knoten, Wandhalterung und Transportoptionen.","breadcrumb":{"@id":"https:\/\/lifesupportdistribution.fr\/de\/produkt\/brustpalpationsmodell\/#breadcrumb"},"inLanguage":"de","potentialAction":[{"@type":"ReadAction","target":["https:\/\/lifesupportdistribution.fr\/de\/produkt\/brustpalpationsmodell\/"]}]},{"@type":"ImageObject","inLanguage":"de","@id":"https:\/\/lifesupportdistribution.fr\/de\/produkt\/brustpalpationsmodell\/#primaryimage","url":"https:\/\/lifesupportdistribution.fr\/wp-content\/uploads\/2025\/12\/L51_01_Modele-de-palpation-mammaire.jpg","contentUrl":"https:\/\/lifesupportdistribution.fr\/wp-content\/uploads\/2025\/12\/L51_01_Modele-de-palpation-mammaire.jpg","width":500,"height":500},{"@type":"BreadcrumbList","@id":"https:\/\/lifesupportdistribution.fr\/de\/produkt\/brustpalpationsmodell\/#breadcrumb","itemListElement":[{"@type":"ListItem","position":1,"name":"Accueil","item":"https:\/\/lifesupportdistribution.fr\/de\/startseite\/"},{"@type":"ListItem","position":2,"name":"Shop","item":"https:\/\/lifesupportdistribution.fr\/de\/shop\/"},{"@type":"ListItem","position":3,"name":"Brustpalpationsmodell"}]},{"@type":"WebSite","@id":"https:\/\/lifesupportdistribution.fr\/de\/#website","url":"https:\/\/lifesupportdistribution.fr\/de\/","name":"Life Support Distribution","description":"Solutions en simulation m\u00e9dicale","publisher":{"@id":"https:\/\/lifesupportdistribution.fr\/de\/#organization"},"potentialAction":[{"@type":"SearchAction","target":{"@type":"EntryPoint","urlTemplate":"https:\/\/lifesupportdistribution.fr\/de\/?s={search_term_string}"},"query-input":{"@type":"PropertyValueSpecification","valueRequired":true,"valueName":"search_term_string"}}],"inLanguage":"de"},{"@type":"Organization","@id":"https:\/\/lifesupportdistribution.fr\/de\/#organization","name":"Life Support Distribution","url":"https:\/\/lifesupportdistribution.fr\/de\/","logo":{"@type":"ImageObject","inLanguage":"de","@id":"https:\/\/lifesupportdistribution.fr\/de\/#\/schema\/logo\/image\/","url":"https:\/\/lifesupportdistribution.fr\/wp-content\/uploads\/2025\/10\/logo-life-support-distribution.svg","contentUrl":"https:\/\/lifesupportdistribution.fr\/wp-content\/uploads\/2025\/10\/logo-life-support-distribution.svg","width":698,"height":223,"caption":"Life Support Distribution"},"image":{"@id":"https:\/\/lifesupportdistribution.fr\/de\/#\/schema\/logo\/image\/"},"sameAs":["https:\/\/www.linkedin.com\/company\/life-support-distribution\/"]}]}},"_links":{"self":[{"href":"https:\/\/lifesupportdistribution.fr\/de\/wp-json\/wp\/v2\/product\/4915","targetHints":{"allow":["GET"]}}],"collection":[{"href":"https:\/\/lifesupportdistribution.fr\/de\/wp-json\/wp\/v2\/product"}],"about":[{"href":"https:\/\/lifesupportdistribution.fr\/de\/wp-json\/wp\/v2\/types\/product"}],"wp:featuredmedia":[{"embeddable":true,"href":"https:\/\/lifesupportdistribution.fr\/de\/wp-json\/wp\/v2\/media\/2726"}],"wp:attachment":[{"href":"https:\/\/lifesupportdistribution.fr\/de\/wp-json\/wp\/v2\/media?parent=4915"}],"wp:term":[{"taxonomy":"product_brand","embeddable":true,"href":"https:\/\/lifesupportdistribution.fr\/de\/wp-json\/wp\/v2\/product_brand?post=4915"},{"taxonomy":"product_cat","embeddable":true,"href":"https:\/\/lifesupportdistribution.fr\/de\/wp-json\/wp\/v2\/product_cat?post=4915"},{"taxonomy":"product_tag","embeddable":true,"href":"https:\/\/lifesupportdistribution.fr\/de\/wp-json\/wp\/v2\/product_tag?post=4915"}],"curies":[{"name":"wp","href":"https:\/\/api.w.org\/{rel}","templated":true}]}}