{"id":4927,"date":"2025-12-01T14:41:02","date_gmt":"2025-12-01T13:41:02","guid":{"rendered":"https:\/\/lifesupportdistribution.fr\/produits\/prostata-massstab-12\/"},"modified":"2025-12-01T14:41:02","modified_gmt":"2025-12-01T13:41:02","slug":"prostata-massstab-12","status":"publish","type":"product","link":"https:\/\/lifesupportdistribution.fr\/de\/produkt\/prostata-massstab-12\/","title":{"rendered":"Prostata \u2013 Ma\u00dfstab 1:2"},"content":{"rendered":"<p>Das Prostatamodell im Ma\u00dfstab 1:2 veranschaulicht detailgetreu die anatomische Struktur der Prostata, einschlie\u00dflich ihrer Ausf\u00fchrungsg\u00e4nge und benachbarten Organe.<br \/>\nSein kompaktes Format erleichtert die Handhabung, w\u00e4hrend eine pr\u00e4zise und realistische Wiedergabe erhalten bleibt.<br \/>\nEs erm\u00f6glicht die Identifizierung von Bereichen, die anf\u00e4llig f\u00fcr Pathologien wie Adenome, Krebs oder Prostatitis sind, und ist ein hervorragendes Werkzeug f\u00fcr klinische Demonstrationen oder Schulungen in der Krankenpflege und Allgemeinmedizin.<br \/>\nAuf einem stabilen Sockel montiert, ist dieses Modell ideal f\u00fcr den wiederholten Einsatz im Bildungsbereich.<\/p>\n","protected":false},"excerpt":{"rendered":"<p>Dieses Lehrmodell stellt eine menschliche Prostata im Ma\u00dfstab 1:2 dar, wodurch die externe und interne Morphologie des Organs pr\u00e4zise beobachtet werden kann.<br \/>\nKonzipiert f\u00fcr den Unterricht der m\u00e4nnlichen Anatomie, bietet es eine klare und robuste visuelle Unterst\u00fctzung zum Verst\u00e4ndnis prostatischer Pathologien und der physiologischen Funktionen des m\u00e4nnlichen Fortpflanzungssystems.<\/p>\n","protected":false},"featured_media":2670,"template":"","meta":[],"product_brand":[187],"product_cat":[221],"product_tag":[241,244],"class_list":{"0":"post-4927","1":"product","2":"type-product","3":"status-publish","4":"has-post-thumbnail","6":"product_brand-3b-scientific","7":"product_cat-anatomische-tafeln-und-modelle","8":"product_tag-anatomietraining","9":"product_tag-urologie","11":"first","12":"instock","13":"shipping-taxable","14":"purchasable","15":"product-type-simple"},"yoast_head":"<!-- This site is optimized with the Yoast SEO plugin v26.8 - https:\/\/yoast.com\/product\/yoast-seo-wordpress\/ -->\n<title>Prostata im Ma\u00dfstab 1:2 \u2013 Anatomisches Lehrmodell<\/title>\n<meta name=\"description\" content=\"Detailgetreues und kompaktes Prostatamodell im Ma\u00dfstab 1:2. Visualisierung der inneren Strukturen zum Verst\u00e4ndnis der Anatomie und prostatischer Pathologien.\" \/>\n<meta name=\"robots\" content=\"index, follow, max-snippet:-1, max-image-preview:large, max-video-preview:-1\" \/>\n<link rel=\"canonical\" href=\"https:\/\/lifesupportdistribution.fr\/de\/produkt\/prostata-massstab-12\/\" \/>\n<meta property=\"og:locale\" content=\"de_DE\" \/>\n<meta property=\"og:type\" content=\"article\" \/>\n<meta property=\"og:title\" content=\"Prostata im Ma\u00dfstab 1:2 \u2013 Anatomisches Lehrmodell\" \/>\n<meta property=\"og:description\" content=\"Detailgetreues und kompaktes Prostatamodell im Ma\u00dfstab 1:2. Visualisierung der inneren Strukturen zum Verst\u00e4ndnis der Anatomie und prostatischer Pathologien.\" \/>\n<meta property=\"og:url\" content=\"https:\/\/lifesupportdistribution.fr\/de\/produkt\/prostata-massstab-12\/\" \/>\n<meta property=\"og:site_name\" content=\"Life Support Distribution\" \/>\n<meta property=\"og:image\" content=\"https:\/\/lifesupportdistribution.fr\/wp-content\/uploads\/2025\/12\/K41_01_Modele-de-prostate-echelle-12.jpg\" \/>\n\t<meta property=\"og:image:width\" content=\"500\" \/>\n\t<meta property=\"og:image:height\" content=\"500\" \/>\n\t<meta property=\"og:image:type\" content=\"image\/jpeg\" \/>\n<meta name=\"twitter:card\" content=\"summary_large_image\" \/>\n<script type=\"application\/ld+json\" class=\"yoast-schema-graph\">{\"@context\":\"https:\/\/schema.org\",\"@graph\":[{\"@type\":\"WebPage\",\"@id\":\"https:\/\/lifesupportdistribution.fr\/de\/produkt\/prostata-massstab-12\/\",\"url\":\"https:\/\/lifesupportdistribution.fr\/de\/produkt\/prostata-massstab-12\/\",\"name\":\"Prostata im Ma\u00dfstab 1:2 \u2013 Anatomisches Lehrmodell\",\"isPartOf\":{\"@id\":\"https:\/\/lifesupportdistribution.fr\/de\/#website\"},\"primaryImageOfPage\":{\"@id\":\"https:\/\/lifesupportdistribution.fr\/de\/produkt\/prostata-massstab-12\/#primaryimage\"},\"image\":{\"@id\":\"https:\/\/lifesupportdistribution.fr\/de\/produkt\/prostata-massstab-12\/#primaryimage\"},\"thumbnailUrl\":\"https:\/\/lifesupportdistribution.fr\/wp-content\/uploads\/2025\/12\/K41_01_Modele-de-prostate-echelle-12.jpg\",\"datePublished\":\"2025-12-01T13:41:02+00:00\",\"description\":\"Detailgetreues und kompaktes Prostatamodell im Ma\u00dfstab 1:2. Visualisierung der inneren Strukturen zum Verst\u00e4ndnis der Anatomie und prostatischer Pathologien.\",\"breadcrumb\":{\"@id\":\"https:\/\/lifesupportdistribution.fr\/de\/produkt\/prostata-massstab-12\/#breadcrumb\"},\"inLanguage\":\"de\",\"potentialAction\":[{\"@type\":\"ReadAction\",\"target\":[\"https:\/\/lifesupportdistribution.fr\/de\/produkt\/prostata-massstab-12\/\"]}]},{\"@type\":\"ImageObject\",\"inLanguage\":\"de\",\"@id\":\"https:\/\/lifesupportdistribution.fr\/de\/produkt\/prostata-massstab-12\/#primaryimage\",\"url\":\"https:\/\/lifesupportdistribution.fr\/wp-content\/uploads\/2025\/12\/K41_01_Modele-de-prostate-echelle-12.jpg\",\"contentUrl\":\"https:\/\/lifesupportdistribution.fr\/wp-content\/uploads\/2025\/12\/K41_01_Modele-de-prostate-echelle-12.jpg\",\"width\":500,\"height\":500},{\"@type\":\"BreadcrumbList\",\"@id\":\"https:\/\/lifesupportdistribution.fr\/de\/produkt\/prostata-massstab-12\/#breadcrumb\",\"itemListElement\":[{\"@type\":\"ListItem\",\"position\":1,\"name\":\"Accueil\",\"item\":\"https:\/\/lifesupportdistribution.fr\/de\/startseite\/\"},{\"@type\":\"ListItem\",\"position\":2,\"name\":\"Shop\",\"item\":\"https:\/\/lifesupportdistribution.fr\/de\/shop\/\"},{\"@type\":\"ListItem\",\"position\":3,\"name\":\"Prostata \u2013 Ma\u00dfstab 1:2\"}]},{\"@type\":\"WebSite\",\"@id\":\"https:\/\/lifesupportdistribution.fr\/de\/#website\",\"url\":\"https:\/\/lifesupportdistribution.fr\/de\/\",\"name\":\"Life Support Distribution\",\"description\":\"Solutions en simulation m\u00e9dicale\",\"publisher\":{\"@id\":\"https:\/\/lifesupportdistribution.fr\/de\/#organization\"},\"potentialAction\":[{\"@type\":\"SearchAction\",\"target\":{\"@type\":\"EntryPoint\",\"urlTemplate\":\"https:\/\/lifesupportdistribution.fr\/de\/?s={search_term_string}\"},\"query-input\":{\"@type\":\"PropertyValueSpecification\",\"valueRequired\":true,\"valueName\":\"search_term_string\"}}],\"inLanguage\":\"de\"},{\"@type\":\"Organization\",\"@id\":\"https:\/\/lifesupportdistribution.fr\/de\/#organization\",\"name\":\"Life Support Distribution\",\"url\":\"https:\/\/lifesupportdistribution.fr\/de\/\",\"logo\":{\"@type\":\"ImageObject\",\"inLanguage\":\"de\",\"@id\":\"https:\/\/lifesupportdistribution.fr\/de\/#\/schema\/logo\/image\/\",\"url\":\"https:\/\/lifesupportdistribution.fr\/wp-content\/uploads\/2025\/10\/logo-life-support-distribution.svg\",\"contentUrl\":\"https:\/\/lifesupportdistribution.fr\/wp-content\/uploads\/2025\/10\/logo-life-support-distribution.svg\",\"width\":698,\"height\":223,\"caption\":\"Life Support Distribution\"},\"image\":{\"@id\":\"https:\/\/lifesupportdistribution.fr\/de\/#\/schema\/logo\/image\/\"},\"sameAs\":[\"https:\/\/www.linkedin.com\/company\/life-support-distribution\/\"]}]}<\/script>\n<!-- \/ Yoast SEO plugin. -->","yoast_head_json":{"title":"Prostata im Ma\u00dfstab 1:2 \u2013 Anatomisches Lehrmodell","description":"Detailgetreues und kompaktes Prostatamodell im Ma\u00dfstab 1:2. Visualisierung der inneren Strukturen zum Verst\u00e4ndnis der Anatomie und prostatischer Pathologien.","robots":{"index":"index","follow":"follow","max-snippet":"max-snippet:-1","max-image-preview":"max-image-preview:large","max-video-preview":"max-video-preview:-1"},"canonical":"https:\/\/lifesupportdistribution.fr\/de\/produkt\/prostata-massstab-12\/","og_locale":"de_DE","og_type":"article","og_title":"Prostata im Ma\u00dfstab 1:2 \u2013 Anatomisches Lehrmodell","og_description":"Detailgetreues und kompaktes Prostatamodell im Ma\u00dfstab 1:2. Visualisierung der inneren Strukturen zum Verst\u00e4ndnis der Anatomie und prostatischer Pathologien.","og_url":"https:\/\/lifesupportdistribution.fr\/de\/produkt\/prostata-massstab-12\/","og_site_name":"Life Support Distribution","og_image":[{"width":500,"height":500,"url":"https:\/\/lifesupportdistribution.fr\/wp-content\/uploads\/2025\/12\/K41_01_Modele-de-prostate-echelle-12.jpg","type":"image\/jpeg"}],"twitter_card":"summary_large_image","schema":{"@context":"https:\/\/schema.org","@graph":[{"@type":"WebPage","@id":"https:\/\/lifesupportdistribution.fr\/de\/produkt\/prostata-massstab-12\/","url":"https:\/\/lifesupportdistribution.fr\/de\/produkt\/prostata-massstab-12\/","name":"Prostata im Ma\u00dfstab 1:2 \u2013 Anatomisches Lehrmodell","isPartOf":{"@id":"https:\/\/lifesupportdistribution.fr\/de\/#website"},"primaryImageOfPage":{"@id":"https:\/\/lifesupportdistribution.fr\/de\/produkt\/prostata-massstab-12\/#primaryimage"},"image":{"@id":"https:\/\/lifesupportdistribution.fr\/de\/produkt\/prostata-massstab-12\/#primaryimage"},"thumbnailUrl":"https:\/\/lifesupportdistribution.fr\/wp-content\/uploads\/2025\/12\/K41_01_Modele-de-prostate-echelle-12.jpg","datePublished":"2025-12-01T13:41:02+00:00","description":"Detailgetreues und kompaktes Prostatamodell im Ma\u00dfstab 1:2. Visualisierung der inneren Strukturen zum Verst\u00e4ndnis der Anatomie und prostatischer Pathologien.","breadcrumb":{"@id":"https:\/\/lifesupportdistribution.fr\/de\/produkt\/prostata-massstab-12\/#breadcrumb"},"inLanguage":"de","potentialAction":[{"@type":"ReadAction","target":["https:\/\/lifesupportdistribution.fr\/de\/produkt\/prostata-massstab-12\/"]}]},{"@type":"ImageObject","inLanguage":"de","@id":"https:\/\/lifesupportdistribution.fr\/de\/produkt\/prostata-massstab-12\/#primaryimage","url":"https:\/\/lifesupportdistribution.fr\/wp-content\/uploads\/2025\/12\/K41_01_Modele-de-prostate-echelle-12.jpg","contentUrl":"https:\/\/lifesupportdistribution.fr\/wp-content\/uploads\/2025\/12\/K41_01_Modele-de-prostate-echelle-12.jpg","width":500,"height":500},{"@type":"BreadcrumbList","@id":"https:\/\/lifesupportdistribution.fr\/de\/produkt\/prostata-massstab-12\/#breadcrumb","itemListElement":[{"@type":"ListItem","position":1,"name":"Accueil","item":"https:\/\/lifesupportdistribution.fr\/de\/startseite\/"},{"@type":"ListItem","position":2,"name":"Shop","item":"https:\/\/lifesupportdistribution.fr\/de\/shop\/"},{"@type":"ListItem","position":3,"name":"Prostata \u2013 Ma\u00dfstab 1:2"}]},{"@type":"WebSite","@id":"https:\/\/lifesupportdistribution.fr\/de\/#website","url":"https:\/\/lifesupportdistribution.fr\/de\/","name":"Life Support Distribution","description":"Solutions en simulation m\u00e9dicale","publisher":{"@id":"https:\/\/lifesupportdistribution.fr\/de\/#organization"},"potentialAction":[{"@type":"SearchAction","target":{"@type":"EntryPoint","urlTemplate":"https:\/\/lifesupportdistribution.fr\/de\/?s={search_term_string}"},"query-input":{"@type":"PropertyValueSpecification","valueRequired":true,"valueName":"search_term_string"}}],"inLanguage":"de"},{"@type":"Organization","@id":"https:\/\/lifesupportdistribution.fr\/de\/#organization","name":"Life Support Distribution","url":"https:\/\/lifesupportdistribution.fr\/de\/","logo":{"@type":"ImageObject","inLanguage":"de","@id":"https:\/\/lifesupportdistribution.fr\/de\/#\/schema\/logo\/image\/","url":"https:\/\/lifesupportdistribution.fr\/wp-content\/uploads\/2025\/10\/logo-life-support-distribution.svg","contentUrl":"https:\/\/lifesupportdistribution.fr\/wp-content\/uploads\/2025\/10\/logo-life-support-distribution.svg","width":698,"height":223,"caption":"Life Support Distribution"},"image":{"@id":"https:\/\/lifesupportdistribution.fr\/de\/#\/schema\/logo\/image\/"},"sameAs":["https:\/\/www.linkedin.com\/company\/life-support-distribution\/"]}]}},"_links":{"self":[{"href":"https:\/\/lifesupportdistribution.fr\/de\/wp-json\/wp\/v2\/product\/4927","targetHints":{"allow":["GET"]}}],"collection":[{"href":"https:\/\/lifesupportdistribution.fr\/de\/wp-json\/wp\/v2\/product"}],"about":[{"href":"https:\/\/lifesupportdistribution.fr\/de\/wp-json\/wp\/v2\/types\/product"}],"wp:featuredmedia":[{"embeddable":true,"href":"https:\/\/lifesupportdistribution.fr\/de\/wp-json\/wp\/v2\/media\/2670"}],"wp:attachment":[{"href":"https:\/\/lifesupportdistribution.fr\/de\/wp-json\/wp\/v2\/media?parent=4927"}],"wp:term":[{"taxonomy":"product_brand","embeddable":true,"href":"https:\/\/lifesupportdistribution.fr\/de\/wp-json\/wp\/v2\/product_brand?post=4927"},{"taxonomy":"product_cat","embeddable":true,"href":"https:\/\/lifesupportdistribution.fr\/de\/wp-json\/wp\/v2\/product_cat?post=4927"},{"taxonomy":"product_tag","embeddable":true,"href":"https:\/\/lifesupportdistribution.fr\/de\/wp-json\/wp\/v2\/product_tag?post=4927"}],"curies":[{"name":"wp","href":"https:\/\/api.w.org\/{rel}","templated":true}]}}