{"id":4931,"date":"2025-12-01T14:29:33","date_gmt":"2025-12-01T13:29:33","guid":{"rendered":"https:\/\/lifesupportdistribution.fr\/produits\/pankreasmodell\/"},"modified":"2025-12-01T14:29:33","modified_gmt":"2025-12-01T13:29:33","slug":"pankreasmodell","status":"publish","type":"product","link":"https:\/\/lifesupportdistribution.fr\/de\/produkt\/pankreasmodell\/","title":{"rendered":"Pankreasmodell"},"content":{"rendered":"<p>Das Pankreasmodell veranschaulicht die vollst\u00e4ndige Struktur des Organs, einschlie\u00dflich des Hauptpankreasgangs, des Zw\u00f6lffingerdarms und der Gallenwege.<br \/>\nEs erm\u00f6glicht die Erkl\u00e4rung der doppelten Rolle des Pankreas bei der Verdauung (enzymatische Sekretion) und der Glukoseregulation (endokrine Funktion).<br \/>\nSeine detaillierte Darstellung erleichtert das Verst\u00e4ndnis h\u00e4ufiger Pathologien wie Pankreatitis, Diabetes oder Pankreaskrebs.<br \/>\nKompakt, robust und stabil ist dieses Modell ideal f\u00fcr Physiologiekurse, medizinische Demonstrationen und paramedizinische Ausbildungen.<\/p>\n","protected":false},"excerpt":{"rendered":"<p>Dieses anatomische Modell des menschlichen Pankreas hebt seine Hauptstrukturen sowie seine Beziehungen zum Zw\u00f6lffingerdarm und den Gallenwegen hervor.<br \/>\nEs ist ein umfassendes Lehrmittel zum Verst\u00e4ndnis der Verdauungs- und endokrinen Physiologie des Pankreas.<\/p>\n","protected":false},"featured_media":2655,"template":"","meta":[],"product_brand":[187],"product_cat":[221],"product_tag":[241,242],"class_list":{"0":"post-4931","1":"product","2":"type-product","3":"status-publish","4":"has-post-thumbnail","6":"product_brand-3b-scientific","7":"product_cat-anatomische-tafeln-und-modelle","8":"product_tag-anatomietraining","9":"product_tag-gastroenterologie","11":"first","12":"instock","13":"shipping-taxable","14":"purchasable","15":"product-type-simple"},"yoast_head":"<!-- This site is optimized with the Yoast SEO plugin v26.8 - https:\/\/yoast.com\/product\/yoast-seo-wordpress\/ -->\n<title>Pankreasmodell \u2013 Anatomie und Verdauungsfunktionen<\/title>\n<meta name=\"description\" content=\"Anatomisches Pankreasmodell mit Zw\u00f6lffingerdarm und Gallenwegen. Ideal zur Vermittlung seiner Verdauungs- und endokrinen Funktionen sowie der damit verbundenen Pathologien.\" \/>\n<meta name=\"robots\" content=\"index, follow, max-snippet:-1, max-image-preview:large, max-video-preview:-1\" \/>\n<link rel=\"canonical\" href=\"https:\/\/lifesupportdistribution.fr\/de\/produkt\/pankreasmodell\/\" \/>\n<meta property=\"og:locale\" content=\"de_DE\" \/>\n<meta property=\"og:type\" content=\"article\" \/>\n<meta property=\"og:title\" content=\"Pankreasmodell \u2013 Anatomie und Verdauungsfunktionen\" \/>\n<meta property=\"og:description\" content=\"Anatomisches Pankreasmodell mit Zw\u00f6lffingerdarm und Gallenwegen. Ideal zur Vermittlung seiner Verdauungs- und endokrinen Funktionen sowie der damit verbundenen Pathologien.\" \/>\n<meta property=\"og:url\" content=\"https:\/\/lifesupportdistribution.fr\/de\/produkt\/pankreasmodell\/\" \/>\n<meta property=\"og:site_name\" content=\"Life Support Distribution\" \/>\n<meta property=\"og:image\" content=\"https:\/\/lifesupportdistribution.fr\/wp-content\/uploads\/2025\/12\/W33367_01_Modele-de-pancreas.jpg\" \/>\n\t<meta property=\"og:image:width\" content=\"500\" \/>\n\t<meta property=\"og:image:height\" content=\"500\" \/>\n\t<meta property=\"og:image:type\" content=\"image\/jpeg\" \/>\n<meta name=\"twitter:card\" content=\"summary_large_image\" \/>\n<script type=\"application\/ld+json\" class=\"yoast-schema-graph\">{\"@context\":\"https:\/\/schema.org\",\"@graph\":[{\"@type\":\"WebPage\",\"@id\":\"https:\/\/lifesupportdistribution.fr\/de\/produkt\/pankreasmodell\/\",\"url\":\"https:\/\/lifesupportdistribution.fr\/de\/produkt\/pankreasmodell\/\",\"name\":\"Pankreasmodell \u2013 Anatomie und Verdauungsfunktionen\",\"isPartOf\":{\"@id\":\"https:\/\/lifesupportdistribution.fr\/de\/#website\"},\"primaryImageOfPage\":{\"@id\":\"https:\/\/lifesupportdistribution.fr\/de\/produkt\/pankreasmodell\/#primaryimage\"},\"image\":{\"@id\":\"https:\/\/lifesupportdistribution.fr\/de\/produkt\/pankreasmodell\/#primaryimage\"},\"thumbnailUrl\":\"https:\/\/lifesupportdistribution.fr\/wp-content\/uploads\/2025\/12\/W33367_01_Modele-de-pancreas.jpg\",\"datePublished\":\"2025-12-01T13:29:33+00:00\",\"description\":\"Anatomisches Pankreasmodell mit Zw\u00f6lffingerdarm und Gallenwegen. Ideal zur Vermittlung seiner Verdauungs- und endokrinen Funktionen sowie der damit verbundenen Pathologien.\",\"breadcrumb\":{\"@id\":\"https:\/\/lifesupportdistribution.fr\/de\/produkt\/pankreasmodell\/#breadcrumb\"},\"inLanguage\":\"de\",\"potentialAction\":[{\"@type\":\"ReadAction\",\"target\":[\"https:\/\/lifesupportdistribution.fr\/de\/produkt\/pankreasmodell\/\"]}]},{\"@type\":\"ImageObject\",\"inLanguage\":\"de\",\"@id\":\"https:\/\/lifesupportdistribution.fr\/de\/produkt\/pankreasmodell\/#primaryimage\",\"url\":\"https:\/\/lifesupportdistribution.fr\/wp-content\/uploads\/2025\/12\/W33367_01_Modele-de-pancreas.jpg\",\"contentUrl\":\"https:\/\/lifesupportdistribution.fr\/wp-content\/uploads\/2025\/12\/W33367_01_Modele-de-pancreas.jpg\",\"width\":500,\"height\":500},{\"@type\":\"BreadcrumbList\",\"@id\":\"https:\/\/lifesupportdistribution.fr\/de\/produkt\/pankreasmodell\/#breadcrumb\",\"itemListElement\":[{\"@type\":\"ListItem\",\"position\":1,\"name\":\"Accueil\",\"item\":\"https:\/\/lifesupportdistribution.fr\/de\/startseite\/\"},{\"@type\":\"ListItem\",\"position\":2,\"name\":\"Shop\",\"item\":\"https:\/\/lifesupportdistribution.fr\/de\/shop\/\"},{\"@type\":\"ListItem\",\"position\":3,\"name\":\"Pankreasmodell\"}]},{\"@type\":\"WebSite\",\"@id\":\"https:\/\/lifesupportdistribution.fr\/de\/#website\",\"url\":\"https:\/\/lifesupportdistribution.fr\/de\/\",\"name\":\"Life Support Distribution\",\"description\":\"Solutions en simulation m\u00e9dicale\",\"publisher\":{\"@id\":\"https:\/\/lifesupportdistribution.fr\/de\/#organization\"},\"potentialAction\":[{\"@type\":\"SearchAction\",\"target\":{\"@type\":\"EntryPoint\",\"urlTemplate\":\"https:\/\/lifesupportdistribution.fr\/de\/?s={search_term_string}\"},\"query-input\":{\"@type\":\"PropertyValueSpecification\",\"valueRequired\":true,\"valueName\":\"search_term_string\"}}],\"inLanguage\":\"de\"},{\"@type\":\"Organization\",\"@id\":\"https:\/\/lifesupportdistribution.fr\/de\/#organization\",\"name\":\"Life Support Distribution\",\"url\":\"https:\/\/lifesupportdistribution.fr\/de\/\",\"logo\":{\"@type\":\"ImageObject\",\"inLanguage\":\"de\",\"@id\":\"https:\/\/lifesupportdistribution.fr\/de\/#\/schema\/logo\/image\/\",\"url\":\"https:\/\/lifesupportdistribution.fr\/wp-content\/uploads\/2025\/10\/logo-life-support-distribution.svg\",\"contentUrl\":\"https:\/\/lifesupportdistribution.fr\/wp-content\/uploads\/2025\/10\/logo-life-support-distribution.svg\",\"width\":698,\"height\":223,\"caption\":\"Life Support Distribution\"},\"image\":{\"@id\":\"https:\/\/lifesupportdistribution.fr\/de\/#\/schema\/logo\/image\/\"},\"sameAs\":[\"https:\/\/www.linkedin.com\/company\/life-support-distribution\/\"]}]}<\/script>\n<!-- \/ Yoast SEO plugin. -->","yoast_head_json":{"title":"Pankreasmodell \u2013 Anatomie und Verdauungsfunktionen","description":"Anatomisches Pankreasmodell mit Zw\u00f6lffingerdarm und Gallenwegen. Ideal zur Vermittlung seiner Verdauungs- und endokrinen Funktionen sowie der damit verbundenen Pathologien.","robots":{"index":"index","follow":"follow","max-snippet":"max-snippet:-1","max-image-preview":"max-image-preview:large","max-video-preview":"max-video-preview:-1"},"canonical":"https:\/\/lifesupportdistribution.fr\/de\/produkt\/pankreasmodell\/","og_locale":"de_DE","og_type":"article","og_title":"Pankreasmodell \u2013 Anatomie und Verdauungsfunktionen","og_description":"Anatomisches Pankreasmodell mit Zw\u00f6lffingerdarm und Gallenwegen. Ideal zur Vermittlung seiner Verdauungs- und endokrinen Funktionen sowie der damit verbundenen Pathologien.","og_url":"https:\/\/lifesupportdistribution.fr\/de\/produkt\/pankreasmodell\/","og_site_name":"Life Support Distribution","og_image":[{"width":500,"height":500,"url":"https:\/\/lifesupportdistribution.fr\/wp-content\/uploads\/2025\/12\/W33367_01_Modele-de-pancreas.jpg","type":"image\/jpeg"}],"twitter_card":"summary_large_image","schema":{"@context":"https:\/\/schema.org","@graph":[{"@type":"WebPage","@id":"https:\/\/lifesupportdistribution.fr\/de\/produkt\/pankreasmodell\/","url":"https:\/\/lifesupportdistribution.fr\/de\/produkt\/pankreasmodell\/","name":"Pankreasmodell \u2013 Anatomie und Verdauungsfunktionen","isPartOf":{"@id":"https:\/\/lifesupportdistribution.fr\/de\/#website"},"primaryImageOfPage":{"@id":"https:\/\/lifesupportdistribution.fr\/de\/produkt\/pankreasmodell\/#primaryimage"},"image":{"@id":"https:\/\/lifesupportdistribution.fr\/de\/produkt\/pankreasmodell\/#primaryimage"},"thumbnailUrl":"https:\/\/lifesupportdistribution.fr\/wp-content\/uploads\/2025\/12\/W33367_01_Modele-de-pancreas.jpg","datePublished":"2025-12-01T13:29:33+00:00","description":"Anatomisches Pankreasmodell mit Zw\u00f6lffingerdarm und Gallenwegen. Ideal zur Vermittlung seiner Verdauungs- und endokrinen Funktionen sowie der damit verbundenen Pathologien.","breadcrumb":{"@id":"https:\/\/lifesupportdistribution.fr\/de\/produkt\/pankreasmodell\/#breadcrumb"},"inLanguage":"de","potentialAction":[{"@type":"ReadAction","target":["https:\/\/lifesupportdistribution.fr\/de\/produkt\/pankreasmodell\/"]}]},{"@type":"ImageObject","inLanguage":"de","@id":"https:\/\/lifesupportdistribution.fr\/de\/produkt\/pankreasmodell\/#primaryimage","url":"https:\/\/lifesupportdistribution.fr\/wp-content\/uploads\/2025\/12\/W33367_01_Modele-de-pancreas.jpg","contentUrl":"https:\/\/lifesupportdistribution.fr\/wp-content\/uploads\/2025\/12\/W33367_01_Modele-de-pancreas.jpg","width":500,"height":500},{"@type":"BreadcrumbList","@id":"https:\/\/lifesupportdistribution.fr\/de\/produkt\/pankreasmodell\/#breadcrumb","itemListElement":[{"@type":"ListItem","position":1,"name":"Accueil","item":"https:\/\/lifesupportdistribution.fr\/de\/startseite\/"},{"@type":"ListItem","position":2,"name":"Shop","item":"https:\/\/lifesupportdistribution.fr\/de\/shop\/"},{"@type":"ListItem","position":3,"name":"Pankreasmodell"}]},{"@type":"WebSite","@id":"https:\/\/lifesupportdistribution.fr\/de\/#website","url":"https:\/\/lifesupportdistribution.fr\/de\/","name":"Life Support Distribution","description":"Solutions en simulation m\u00e9dicale","publisher":{"@id":"https:\/\/lifesupportdistribution.fr\/de\/#organization"},"potentialAction":[{"@type":"SearchAction","target":{"@type":"EntryPoint","urlTemplate":"https:\/\/lifesupportdistribution.fr\/de\/?s={search_term_string}"},"query-input":{"@type":"PropertyValueSpecification","valueRequired":true,"valueName":"search_term_string"}}],"inLanguage":"de"},{"@type":"Organization","@id":"https:\/\/lifesupportdistribution.fr\/de\/#organization","name":"Life Support Distribution","url":"https:\/\/lifesupportdistribution.fr\/de\/","logo":{"@type":"ImageObject","inLanguage":"de","@id":"https:\/\/lifesupportdistribution.fr\/de\/#\/schema\/logo\/image\/","url":"https:\/\/lifesupportdistribution.fr\/wp-content\/uploads\/2025\/10\/logo-life-support-distribution.svg","contentUrl":"https:\/\/lifesupportdistribution.fr\/wp-content\/uploads\/2025\/10\/logo-life-support-distribution.svg","width":698,"height":223,"caption":"Life Support Distribution"},"image":{"@id":"https:\/\/lifesupportdistribution.fr\/de\/#\/schema\/logo\/image\/"},"sameAs":["https:\/\/www.linkedin.com\/company\/life-support-distribution\/"]}]}},"_links":{"self":[{"href":"https:\/\/lifesupportdistribution.fr\/de\/wp-json\/wp\/v2\/product\/4931","targetHints":{"allow":["GET"]}}],"collection":[{"href":"https:\/\/lifesupportdistribution.fr\/de\/wp-json\/wp\/v2\/product"}],"about":[{"href":"https:\/\/lifesupportdistribution.fr\/de\/wp-json\/wp\/v2\/types\/product"}],"wp:featuredmedia":[{"embeddable":true,"href":"https:\/\/lifesupportdistribution.fr\/de\/wp-json\/wp\/v2\/media\/2655"}],"wp:attachment":[{"href":"https:\/\/lifesupportdistribution.fr\/de\/wp-json\/wp\/v2\/media?parent=4931"}],"wp:term":[{"taxonomy":"product_brand","embeddable":true,"href":"https:\/\/lifesupportdistribution.fr\/de\/wp-json\/wp\/v2\/product_brand?post=4931"},{"taxonomy":"product_cat","embeddable":true,"href":"https:\/\/lifesupportdistribution.fr\/de\/wp-json\/wp\/v2\/product_cat?post=4931"},{"taxonomy":"product_tag","embeddable":true,"href":"https:\/\/lifesupportdistribution.fr\/de\/wp-json\/wp\/v2\/product_tag?post=4931"}],"curies":[{"name":"wp","href":"https:\/\/api.w.org\/{rel}","templated":true}]}}