{"id":4937,"date":"2025-12-01T13:46:43","date_gmt":"2025-12-01T12:46:43","guid":{"rendered":"https:\/\/lifesupportdistribution.fr\/produits\/darmerkrankungen\/"},"modified":"2025-12-01T13:46:43","modified_gmt":"2025-12-01T12:46:43","slug":"darmerkrankungen","status":"publish","type":"product","link":"https:\/\/lifesupportdistribution.fr\/de\/produkt\/darmerkrankungen\/","title":{"rendered":"Darmerkrankungen"},"content":{"rendered":"<p>Dieses Modell des pathologischen Dickdarms veranschaulicht die wichtigsten Darmerkrankungen zu Bildungszwecken.<br \/>\nJedes Segment stellt eine typische L\u00e4sion dar: gutartige Polypen, kolorektalen Krebs, Morbus Crohn, Divertikulose oder Colitis ulcerosa.<br \/>\nTextur, F\u00e4rbung und Morphologie sind originalgetreu reproduziert, um die Beobachtung und das Verst\u00e4ndnis anatomischer Ver\u00e4nderungen zu erleichtern.<br \/>\nKompakt, stabil und einfach zu handhaben, ist es ein ideales Hilfsmittel f\u00fcr Kurse in Gastroenterologie, Krankenpflege und Pr\u00e4ventivmedizin.<br \/>\nEin unverzichtbares Werkzeug, um Studenten und Patienten f\u00fcr die Bedeutung der Fr\u00fcherkennung von Verdauungserkrankungen zu sensibilisieren.<\/p>\n","protected":false},"excerpt":{"rendered":"<p>Dieses Lehrmodell zeigt verschiedene Darmerkrankungen an realistischen Dickdarmsegmenten.<br \/>\nEs bietet eine klare Visualisierung anatomischer Ver\u00e4nderungen wie Polypen, Morbus Crohn oder kolorektale Karzinome.<br \/>\nEin ideales Werkzeug f\u00fcr die Lehre in der Gastroenterologie und die Verdauungspr\u00e4vention.<\/p>\n","protected":false},"featured_media":2633,"template":"","meta":[],"product_brand":[187],"product_cat":[221],"product_tag":[241,242],"class_list":{"0":"post-4937","1":"product","2":"type-product","3":"status-publish","4":"has-post-thumbnail","6":"product_brand-3b-scientific","7":"product_cat-anatomische-tafeln-und-modelle","8":"product_tag-anatomietraining","9":"product_tag-gastroenterologie","11":"first","12":"instock","13":"shipping-taxable","14":"purchasable","15":"product-type-simple"},"yoast_head":"<!-- This site is optimized with the Yoast SEO plugin v26.8 - https:\/\/yoast.com\/product\/yoast-seo-wordpress\/ -->\n<title>Darmerkrankungen: Anatomisches Dickdarmmodell<\/title>\n<meta name=\"description\" content=\"Lehrmodell des Dickdarms mit Polypen, Morbus Crohn, Krebs und weiteren Verdauungspathologien. Ideal f\u00fcr Lehre und Pr\u00e4vention in der Gastroenterologie.\" \/>\n<meta name=\"robots\" content=\"index, follow, max-snippet:-1, max-image-preview:large, max-video-preview:-1\" \/>\n<link rel=\"canonical\" href=\"https:\/\/lifesupportdistribution.fr\/de\/produkt\/darmerkrankungen\/\" \/>\n<meta property=\"og:locale\" content=\"de_DE\" \/>\n<meta property=\"og:type\" content=\"article\" \/>\n<meta property=\"og:title\" content=\"Darmerkrankungen: Anatomisches Dickdarmmodell\" \/>\n<meta property=\"og:description\" content=\"Lehrmodell des Dickdarms mit Polypen, Morbus Crohn, Krebs und weiteren Verdauungspathologien. Ideal f\u00fcr Lehre und Pr\u00e4vention in der Gastroenterologie.\" \/>\n<meta property=\"og:url\" content=\"https:\/\/lifesupportdistribution.fr\/de\/produkt\/darmerkrankungen\/\" \/>\n<meta property=\"og:site_name\" content=\"Life Support Distribution\" \/>\n<meta property=\"og:image\" content=\"https:\/\/lifesupportdistribution.fr\/wp-content\/uploads\/2025\/12\/K55_01_Pathologies-de-lintestin.jpg\" \/>\n\t<meta property=\"og:image:width\" content=\"500\" \/>\n\t<meta property=\"og:image:height\" content=\"500\" \/>\n\t<meta property=\"og:image:type\" content=\"image\/jpeg\" \/>\n<meta name=\"twitter:card\" content=\"summary_large_image\" \/>\n<script type=\"application\/ld+json\" class=\"yoast-schema-graph\">{\"@context\":\"https:\/\/schema.org\",\"@graph\":[{\"@type\":\"WebPage\",\"@id\":\"https:\/\/lifesupportdistribution.fr\/de\/produkt\/darmerkrankungen\/\",\"url\":\"https:\/\/lifesupportdistribution.fr\/de\/produkt\/darmerkrankungen\/\",\"name\":\"Darmerkrankungen: Anatomisches Dickdarmmodell\",\"isPartOf\":{\"@id\":\"https:\/\/lifesupportdistribution.fr\/de\/#website\"},\"primaryImageOfPage\":{\"@id\":\"https:\/\/lifesupportdistribution.fr\/de\/produkt\/darmerkrankungen\/#primaryimage\"},\"image\":{\"@id\":\"https:\/\/lifesupportdistribution.fr\/de\/produkt\/darmerkrankungen\/#primaryimage\"},\"thumbnailUrl\":\"https:\/\/lifesupportdistribution.fr\/wp-content\/uploads\/2025\/12\/K55_01_Pathologies-de-lintestin.jpg\",\"datePublished\":\"2025-12-01T12:46:43+00:00\",\"description\":\"Lehrmodell des Dickdarms mit Polypen, Morbus Crohn, Krebs und weiteren Verdauungspathologien. Ideal f\u00fcr Lehre und Pr\u00e4vention in der Gastroenterologie.\",\"breadcrumb\":{\"@id\":\"https:\/\/lifesupportdistribution.fr\/de\/produkt\/darmerkrankungen\/#breadcrumb\"},\"inLanguage\":\"de\",\"potentialAction\":[{\"@type\":\"ReadAction\",\"target\":[\"https:\/\/lifesupportdistribution.fr\/de\/produkt\/darmerkrankungen\/\"]}]},{\"@type\":\"ImageObject\",\"inLanguage\":\"de\",\"@id\":\"https:\/\/lifesupportdistribution.fr\/de\/produkt\/darmerkrankungen\/#primaryimage\",\"url\":\"https:\/\/lifesupportdistribution.fr\/wp-content\/uploads\/2025\/12\/K55_01_Pathologies-de-lintestin.jpg\",\"contentUrl\":\"https:\/\/lifesupportdistribution.fr\/wp-content\/uploads\/2025\/12\/K55_01_Pathologies-de-lintestin.jpg\",\"width\":500,\"height\":500},{\"@type\":\"BreadcrumbList\",\"@id\":\"https:\/\/lifesupportdistribution.fr\/de\/produkt\/darmerkrankungen\/#breadcrumb\",\"itemListElement\":[{\"@type\":\"ListItem\",\"position\":1,\"name\":\"Accueil\",\"item\":\"https:\/\/lifesupportdistribution.fr\/de\/startseite\/\"},{\"@type\":\"ListItem\",\"position\":2,\"name\":\"Shop\",\"item\":\"https:\/\/lifesupportdistribution.fr\/de\/shop\/\"},{\"@type\":\"ListItem\",\"position\":3,\"name\":\"Darmerkrankungen\"}]},{\"@type\":\"WebSite\",\"@id\":\"https:\/\/lifesupportdistribution.fr\/de\/#website\",\"url\":\"https:\/\/lifesupportdistribution.fr\/de\/\",\"name\":\"Life Support Distribution\",\"description\":\"Solutions en simulation m\u00e9dicale\",\"publisher\":{\"@id\":\"https:\/\/lifesupportdistribution.fr\/de\/#organization\"},\"potentialAction\":[{\"@type\":\"SearchAction\",\"target\":{\"@type\":\"EntryPoint\",\"urlTemplate\":\"https:\/\/lifesupportdistribution.fr\/de\/?s={search_term_string}\"},\"query-input\":{\"@type\":\"PropertyValueSpecification\",\"valueRequired\":true,\"valueName\":\"search_term_string\"}}],\"inLanguage\":\"de\"},{\"@type\":\"Organization\",\"@id\":\"https:\/\/lifesupportdistribution.fr\/de\/#organization\",\"name\":\"Life Support Distribution\",\"url\":\"https:\/\/lifesupportdistribution.fr\/de\/\",\"logo\":{\"@type\":\"ImageObject\",\"inLanguage\":\"de\",\"@id\":\"https:\/\/lifesupportdistribution.fr\/de\/#\/schema\/logo\/image\/\",\"url\":\"https:\/\/lifesupportdistribution.fr\/wp-content\/uploads\/2025\/10\/logo-life-support-distribution.svg\",\"contentUrl\":\"https:\/\/lifesupportdistribution.fr\/wp-content\/uploads\/2025\/10\/logo-life-support-distribution.svg\",\"width\":698,\"height\":223,\"caption\":\"Life Support Distribution\"},\"image\":{\"@id\":\"https:\/\/lifesupportdistribution.fr\/de\/#\/schema\/logo\/image\/\"},\"sameAs\":[\"https:\/\/www.linkedin.com\/company\/life-support-distribution\/\"]}]}<\/script>\n<!-- \/ Yoast SEO plugin. -->","yoast_head_json":{"title":"Darmerkrankungen: Anatomisches Dickdarmmodell","description":"Lehrmodell des Dickdarms mit Polypen, Morbus Crohn, Krebs und weiteren Verdauungspathologien. Ideal f\u00fcr Lehre und Pr\u00e4vention in der Gastroenterologie.","robots":{"index":"index","follow":"follow","max-snippet":"max-snippet:-1","max-image-preview":"max-image-preview:large","max-video-preview":"max-video-preview:-1"},"canonical":"https:\/\/lifesupportdistribution.fr\/de\/produkt\/darmerkrankungen\/","og_locale":"de_DE","og_type":"article","og_title":"Darmerkrankungen: Anatomisches Dickdarmmodell","og_description":"Lehrmodell des Dickdarms mit Polypen, Morbus Crohn, Krebs und weiteren Verdauungspathologien. Ideal f\u00fcr Lehre und Pr\u00e4vention in der Gastroenterologie.","og_url":"https:\/\/lifesupportdistribution.fr\/de\/produkt\/darmerkrankungen\/","og_site_name":"Life Support Distribution","og_image":[{"width":500,"height":500,"url":"https:\/\/lifesupportdistribution.fr\/wp-content\/uploads\/2025\/12\/K55_01_Pathologies-de-lintestin.jpg","type":"image\/jpeg"}],"twitter_card":"summary_large_image","schema":{"@context":"https:\/\/schema.org","@graph":[{"@type":"WebPage","@id":"https:\/\/lifesupportdistribution.fr\/de\/produkt\/darmerkrankungen\/","url":"https:\/\/lifesupportdistribution.fr\/de\/produkt\/darmerkrankungen\/","name":"Darmerkrankungen: Anatomisches Dickdarmmodell","isPartOf":{"@id":"https:\/\/lifesupportdistribution.fr\/de\/#website"},"primaryImageOfPage":{"@id":"https:\/\/lifesupportdistribution.fr\/de\/produkt\/darmerkrankungen\/#primaryimage"},"image":{"@id":"https:\/\/lifesupportdistribution.fr\/de\/produkt\/darmerkrankungen\/#primaryimage"},"thumbnailUrl":"https:\/\/lifesupportdistribution.fr\/wp-content\/uploads\/2025\/12\/K55_01_Pathologies-de-lintestin.jpg","datePublished":"2025-12-01T12:46:43+00:00","description":"Lehrmodell des Dickdarms mit Polypen, Morbus Crohn, Krebs und weiteren Verdauungspathologien. Ideal f\u00fcr Lehre und Pr\u00e4vention in der Gastroenterologie.","breadcrumb":{"@id":"https:\/\/lifesupportdistribution.fr\/de\/produkt\/darmerkrankungen\/#breadcrumb"},"inLanguage":"de","potentialAction":[{"@type":"ReadAction","target":["https:\/\/lifesupportdistribution.fr\/de\/produkt\/darmerkrankungen\/"]}]},{"@type":"ImageObject","inLanguage":"de","@id":"https:\/\/lifesupportdistribution.fr\/de\/produkt\/darmerkrankungen\/#primaryimage","url":"https:\/\/lifesupportdistribution.fr\/wp-content\/uploads\/2025\/12\/K55_01_Pathologies-de-lintestin.jpg","contentUrl":"https:\/\/lifesupportdistribution.fr\/wp-content\/uploads\/2025\/12\/K55_01_Pathologies-de-lintestin.jpg","width":500,"height":500},{"@type":"BreadcrumbList","@id":"https:\/\/lifesupportdistribution.fr\/de\/produkt\/darmerkrankungen\/#breadcrumb","itemListElement":[{"@type":"ListItem","position":1,"name":"Accueil","item":"https:\/\/lifesupportdistribution.fr\/de\/startseite\/"},{"@type":"ListItem","position":2,"name":"Shop","item":"https:\/\/lifesupportdistribution.fr\/de\/shop\/"},{"@type":"ListItem","position":3,"name":"Darmerkrankungen"}]},{"@type":"WebSite","@id":"https:\/\/lifesupportdistribution.fr\/de\/#website","url":"https:\/\/lifesupportdistribution.fr\/de\/","name":"Life Support Distribution","description":"Solutions en simulation m\u00e9dicale","publisher":{"@id":"https:\/\/lifesupportdistribution.fr\/de\/#organization"},"potentialAction":[{"@type":"SearchAction","target":{"@type":"EntryPoint","urlTemplate":"https:\/\/lifesupportdistribution.fr\/de\/?s={search_term_string}"},"query-input":{"@type":"PropertyValueSpecification","valueRequired":true,"valueName":"search_term_string"}}],"inLanguage":"de"},{"@type":"Organization","@id":"https:\/\/lifesupportdistribution.fr\/de\/#organization","name":"Life Support Distribution","url":"https:\/\/lifesupportdistribution.fr\/de\/","logo":{"@type":"ImageObject","inLanguage":"de","@id":"https:\/\/lifesupportdistribution.fr\/de\/#\/schema\/logo\/image\/","url":"https:\/\/lifesupportdistribution.fr\/wp-content\/uploads\/2025\/10\/logo-life-support-distribution.svg","contentUrl":"https:\/\/lifesupportdistribution.fr\/wp-content\/uploads\/2025\/10\/logo-life-support-distribution.svg","width":698,"height":223,"caption":"Life Support Distribution"},"image":{"@id":"https:\/\/lifesupportdistribution.fr\/de\/#\/schema\/logo\/image\/"},"sameAs":["https:\/\/www.linkedin.com\/company\/life-support-distribution\/"]}]}},"_links":{"self":[{"href":"https:\/\/lifesupportdistribution.fr\/de\/wp-json\/wp\/v2\/product\/4937","targetHints":{"allow":["GET"]}}],"collection":[{"href":"https:\/\/lifesupportdistribution.fr\/de\/wp-json\/wp\/v2\/product"}],"about":[{"href":"https:\/\/lifesupportdistribution.fr\/de\/wp-json\/wp\/v2\/types\/product"}],"wp:featuredmedia":[{"embeddable":true,"href":"https:\/\/lifesupportdistribution.fr\/de\/wp-json\/wp\/v2\/media\/2633"}],"wp:attachment":[{"href":"https:\/\/lifesupportdistribution.fr\/de\/wp-json\/wp\/v2\/media?parent=4937"}],"wp:term":[{"taxonomy":"product_brand","embeddable":true,"href":"https:\/\/lifesupportdistribution.fr\/de\/wp-json\/wp\/v2\/product_brand?post=4937"},{"taxonomy":"product_cat","embeddable":true,"href":"https:\/\/lifesupportdistribution.fr\/de\/wp-json\/wp\/v2\/product_cat?post=4937"},{"taxonomy":"product_tag","embeddable":true,"href":"https:\/\/lifesupportdistribution.fr\/de\/wp-json\/wp\/v2\/product_tag?post=4937"}],"curies":[{"name":"wp","href":"https:\/\/api.w.org\/{rel}","templated":true}]}}