{"id":4947,"date":"2025-11-26T14:37:01","date_gmt":"2025-11-26T13:37:01","guid":{"rendered":"https:\/\/lifesupportdistribution.fr\/produits\/klingenverletzung-sw32\/"},"modified":"2025-11-26T14:37:01","modified_gmt":"2025-11-26T13:37:01","slug":"klingenverletzung-sw32","status":"publish","type":"product","link":"https:\/\/lifesupportdistribution.fr\/de\/produkt\/klingenverletzung-sw32\/","title":{"rendered":"Klingenverletzung &#8211; SW32"},"content":{"rendered":"<p>Die Simoulage SW32 Wunde ist ideal zur Simulation eines Stichwunden-Traumas. Auf einer Puppe oder einem standardisierten Patienten platziert, erm\u00f6glicht sie den Lernenden, die Versorgung einer penetrierenden Wunde zu \u00fcben, die Blutstillung zu trainieren und Notfallprotokolle anzuwenden. In Kombination mit dem Fake Knife Set SW-FK1 schafft sie eine immersive Simulation, die das Aussehen eines Messerangriffs originalgetreu wiedergibt. Dieses Modell l\u00e4sst sich perfekt in \u00dcbungen der Notfallmedizin, der pr\u00e4klinischen Simulation oder der milit\u00e4rischen Ausbildung integrieren.   <\/p>\n","protected":false},"excerpt":{"rendered":"<p>Das Simoulage SW32 Modell stellt eine einfache Stichwunde dar, entwickelt, um den Einschlag eines Messerstichs in medizinischen Simulationsszenarien zu reproduzieren. Hergestellt aus verkapseltem Silikon, ist diese Wunde mit dem Simoulage Attrappenmesser-Set (SW-FK1) kompatibel, um maximalen Realismus in Ihren Schulungen zu bieten. <\/p>\n","protected":false},"featured_media":2020,"template":"","meta":[],"product_brand":[208],"product_cat":[217],"product_tag":[250,238,251,236,255],"class_list":{"0":"post-4947","1":"product","2":"type-product","3":"status-publish","4":"has-post-thumbnail","6":"product_brand-simoulage","7":"product_cat-schminken-und-spezialeffekte","8":"product_tag-chirurgie","9":"product_tag-erste-hilfe","10":"product_tag-krankenpflege","11":"product_tag-notfallmedizin","12":"product_tag-traumatologie","14":"first","15":"instock","16":"shipping-taxable","17":"purchasable","18":"product-type-simple"},"yoast_head":"<!-- This site is optimized with the Yoast SEO plugin v26.8 - https:\/\/yoast.com\/product\/yoast-seo-wordpress\/ -->\n<title>SW32 Simoulage \u2013 Hyperrealistische Klingenverletzung<\/title>\n<meta name=\"description\" content=\"SW32 Simoulage: Realistische Klingenverletzung f\u00fcr die Ausbildung in Wundbeurteilung, Erster Hilfe und Traumamanagement.\" \/>\n<meta name=\"robots\" content=\"index, follow, max-snippet:-1, max-image-preview:large, max-video-preview:-1\" \/>\n<link rel=\"canonical\" href=\"https:\/\/lifesupportdistribution.fr\/de\/produkt\/klingenverletzung-sw32\/\" \/>\n<meta property=\"og:locale\" content=\"de_DE\" \/>\n<meta property=\"og:type\" content=\"article\" \/>\n<meta property=\"og:title\" content=\"SW32 Simoulage \u2013 Hyperrealistische Klingenverletzung\" \/>\n<meta property=\"og:description\" content=\"SW32 Simoulage: Realistische Klingenverletzung f\u00fcr die Ausbildung in Wundbeurteilung, Erster Hilfe und Traumamanagement.\" \/>\n<meta property=\"og:url\" content=\"https:\/\/lifesupportdistribution.fr\/de\/produkt\/klingenverletzung-sw32\/\" \/>\n<meta property=\"og:site_name\" content=\"Life Support Distribution\" \/>\n<meta property=\"og:image\" content=\"https:\/\/lifesupportdistribution.fr\/wp-content\/uploads\/2025\/11\/Photo-SW32-simoulage-1.png\" \/>\n\t<meta property=\"og:image:width\" content=\"876\" \/>\n\t<meta property=\"og:image:height\" content=\"592\" \/>\n\t<meta property=\"og:image:type\" content=\"image\/png\" \/>\n<meta name=\"twitter:card\" content=\"summary_large_image\" \/>\n<script type=\"application\/ld+json\" class=\"yoast-schema-graph\">{\"@context\":\"https:\/\/schema.org\",\"@graph\":[{\"@type\":\"WebPage\",\"@id\":\"https:\/\/lifesupportdistribution.fr\/de\/produkt\/klingenverletzung-sw32\/\",\"url\":\"https:\/\/lifesupportdistribution.fr\/de\/produkt\/klingenverletzung-sw32\/\",\"name\":\"SW32 Simoulage \u2013 Hyperrealistische Klingenverletzung\",\"isPartOf\":{\"@id\":\"https:\/\/lifesupportdistribution.fr\/de\/#website\"},\"primaryImageOfPage\":{\"@id\":\"https:\/\/lifesupportdistribution.fr\/de\/produkt\/klingenverletzung-sw32\/#primaryimage\"},\"image\":{\"@id\":\"https:\/\/lifesupportdistribution.fr\/de\/produkt\/klingenverletzung-sw32\/#primaryimage\"},\"thumbnailUrl\":\"https:\/\/lifesupportdistribution.fr\/wp-content\/uploads\/2025\/11\/Photo-SW32-simoulage-1.png\",\"datePublished\":\"2025-11-26T13:37:01+00:00\",\"description\":\"SW32 Simoulage: Realistische Klingenverletzung f\u00fcr die Ausbildung in Wundbeurteilung, Erster Hilfe und Traumamanagement.\",\"breadcrumb\":{\"@id\":\"https:\/\/lifesupportdistribution.fr\/de\/produkt\/klingenverletzung-sw32\/#breadcrumb\"},\"inLanguage\":\"de\",\"potentialAction\":[{\"@type\":\"ReadAction\",\"target\":[\"https:\/\/lifesupportdistribution.fr\/de\/produkt\/klingenverletzung-sw32\/\"]}]},{\"@type\":\"ImageObject\",\"inLanguage\":\"de\",\"@id\":\"https:\/\/lifesupportdistribution.fr\/de\/produkt\/klingenverletzung-sw32\/#primaryimage\",\"url\":\"https:\/\/lifesupportdistribution.fr\/wp-content\/uploads\/2025\/11\/Photo-SW32-simoulage-1.png\",\"contentUrl\":\"https:\/\/lifesupportdistribution.fr\/wp-content\/uploads\/2025\/11\/Photo-SW32-simoulage-1.png\",\"width\":876,\"height\":592},{\"@type\":\"BreadcrumbList\",\"@id\":\"https:\/\/lifesupportdistribution.fr\/de\/produkt\/klingenverletzung-sw32\/#breadcrumb\",\"itemListElement\":[{\"@type\":\"ListItem\",\"position\":1,\"name\":\"Accueil\",\"item\":\"https:\/\/lifesupportdistribution.fr\/de\/startseite\/\"},{\"@type\":\"ListItem\",\"position\":2,\"name\":\"Shop\",\"item\":\"https:\/\/lifesupportdistribution.fr\/de\/shop\/\"},{\"@type\":\"ListItem\",\"position\":3,\"name\":\"Klingenverletzung &#8211; SW32\"}]},{\"@type\":\"WebSite\",\"@id\":\"https:\/\/lifesupportdistribution.fr\/de\/#website\",\"url\":\"https:\/\/lifesupportdistribution.fr\/de\/\",\"name\":\"Life Support Distribution\",\"description\":\"Solutions en simulation m\u00e9dicale\",\"publisher\":{\"@id\":\"https:\/\/lifesupportdistribution.fr\/de\/#organization\"},\"potentialAction\":[{\"@type\":\"SearchAction\",\"target\":{\"@type\":\"EntryPoint\",\"urlTemplate\":\"https:\/\/lifesupportdistribution.fr\/de\/?s={search_term_string}\"},\"query-input\":{\"@type\":\"PropertyValueSpecification\",\"valueRequired\":true,\"valueName\":\"search_term_string\"}}],\"inLanguage\":\"de\"},{\"@type\":\"Organization\",\"@id\":\"https:\/\/lifesupportdistribution.fr\/de\/#organization\",\"name\":\"Life Support Distribution\",\"url\":\"https:\/\/lifesupportdistribution.fr\/de\/\",\"logo\":{\"@type\":\"ImageObject\",\"inLanguage\":\"de\",\"@id\":\"https:\/\/lifesupportdistribution.fr\/de\/#\/schema\/logo\/image\/\",\"url\":\"https:\/\/lifesupportdistribution.fr\/wp-content\/uploads\/2025\/10\/logo-life-support-distribution.svg\",\"contentUrl\":\"https:\/\/lifesupportdistribution.fr\/wp-content\/uploads\/2025\/10\/logo-life-support-distribution.svg\",\"width\":698,\"height\":223,\"caption\":\"Life Support Distribution\"},\"image\":{\"@id\":\"https:\/\/lifesupportdistribution.fr\/de\/#\/schema\/logo\/image\/\"},\"sameAs\":[\"https:\/\/www.linkedin.com\/company\/life-support-distribution\/\"]}]}<\/script>\n<!-- \/ Yoast SEO plugin. -->","yoast_head_json":{"title":"SW32 Simoulage \u2013 Hyperrealistische Klingenverletzung","description":"SW32 Simoulage: Realistische Klingenverletzung f\u00fcr die Ausbildung in Wundbeurteilung, Erster Hilfe und Traumamanagement.","robots":{"index":"index","follow":"follow","max-snippet":"max-snippet:-1","max-image-preview":"max-image-preview:large","max-video-preview":"max-video-preview:-1"},"canonical":"https:\/\/lifesupportdistribution.fr\/de\/produkt\/klingenverletzung-sw32\/","og_locale":"de_DE","og_type":"article","og_title":"SW32 Simoulage \u2013 Hyperrealistische Klingenverletzung","og_description":"SW32 Simoulage: Realistische Klingenverletzung f\u00fcr die Ausbildung in Wundbeurteilung, Erster Hilfe und Traumamanagement.","og_url":"https:\/\/lifesupportdistribution.fr\/de\/produkt\/klingenverletzung-sw32\/","og_site_name":"Life Support Distribution","og_image":[{"width":876,"height":592,"url":"https:\/\/lifesupportdistribution.fr\/wp-content\/uploads\/2025\/11\/Photo-SW32-simoulage-1.png","type":"image\/png"}],"twitter_card":"summary_large_image","schema":{"@context":"https:\/\/schema.org","@graph":[{"@type":"WebPage","@id":"https:\/\/lifesupportdistribution.fr\/de\/produkt\/klingenverletzung-sw32\/","url":"https:\/\/lifesupportdistribution.fr\/de\/produkt\/klingenverletzung-sw32\/","name":"SW32 Simoulage \u2013 Hyperrealistische Klingenverletzung","isPartOf":{"@id":"https:\/\/lifesupportdistribution.fr\/de\/#website"},"primaryImageOfPage":{"@id":"https:\/\/lifesupportdistribution.fr\/de\/produkt\/klingenverletzung-sw32\/#primaryimage"},"image":{"@id":"https:\/\/lifesupportdistribution.fr\/de\/produkt\/klingenverletzung-sw32\/#primaryimage"},"thumbnailUrl":"https:\/\/lifesupportdistribution.fr\/wp-content\/uploads\/2025\/11\/Photo-SW32-simoulage-1.png","datePublished":"2025-11-26T13:37:01+00:00","description":"SW32 Simoulage: Realistische Klingenverletzung f\u00fcr die Ausbildung in Wundbeurteilung, Erster Hilfe und Traumamanagement.","breadcrumb":{"@id":"https:\/\/lifesupportdistribution.fr\/de\/produkt\/klingenverletzung-sw32\/#breadcrumb"},"inLanguage":"de","potentialAction":[{"@type":"ReadAction","target":["https:\/\/lifesupportdistribution.fr\/de\/produkt\/klingenverletzung-sw32\/"]}]},{"@type":"ImageObject","inLanguage":"de","@id":"https:\/\/lifesupportdistribution.fr\/de\/produkt\/klingenverletzung-sw32\/#primaryimage","url":"https:\/\/lifesupportdistribution.fr\/wp-content\/uploads\/2025\/11\/Photo-SW32-simoulage-1.png","contentUrl":"https:\/\/lifesupportdistribution.fr\/wp-content\/uploads\/2025\/11\/Photo-SW32-simoulage-1.png","width":876,"height":592},{"@type":"BreadcrumbList","@id":"https:\/\/lifesupportdistribution.fr\/de\/produkt\/klingenverletzung-sw32\/#breadcrumb","itemListElement":[{"@type":"ListItem","position":1,"name":"Accueil","item":"https:\/\/lifesupportdistribution.fr\/de\/startseite\/"},{"@type":"ListItem","position":2,"name":"Shop","item":"https:\/\/lifesupportdistribution.fr\/de\/shop\/"},{"@type":"ListItem","position":3,"name":"Klingenverletzung &#8211; SW32"}]},{"@type":"WebSite","@id":"https:\/\/lifesupportdistribution.fr\/de\/#website","url":"https:\/\/lifesupportdistribution.fr\/de\/","name":"Life Support Distribution","description":"Solutions en simulation m\u00e9dicale","publisher":{"@id":"https:\/\/lifesupportdistribution.fr\/de\/#organization"},"potentialAction":[{"@type":"SearchAction","target":{"@type":"EntryPoint","urlTemplate":"https:\/\/lifesupportdistribution.fr\/de\/?s={search_term_string}"},"query-input":{"@type":"PropertyValueSpecification","valueRequired":true,"valueName":"search_term_string"}}],"inLanguage":"de"},{"@type":"Organization","@id":"https:\/\/lifesupportdistribution.fr\/de\/#organization","name":"Life Support Distribution","url":"https:\/\/lifesupportdistribution.fr\/de\/","logo":{"@type":"ImageObject","inLanguage":"de","@id":"https:\/\/lifesupportdistribution.fr\/de\/#\/schema\/logo\/image\/","url":"https:\/\/lifesupportdistribution.fr\/wp-content\/uploads\/2025\/10\/logo-life-support-distribution.svg","contentUrl":"https:\/\/lifesupportdistribution.fr\/wp-content\/uploads\/2025\/10\/logo-life-support-distribution.svg","width":698,"height":223,"caption":"Life Support Distribution"},"image":{"@id":"https:\/\/lifesupportdistribution.fr\/de\/#\/schema\/logo\/image\/"},"sameAs":["https:\/\/www.linkedin.com\/company\/life-support-distribution\/"]}]}},"_links":{"self":[{"href":"https:\/\/lifesupportdistribution.fr\/de\/wp-json\/wp\/v2\/product\/4947","targetHints":{"allow":["GET"]}}],"collection":[{"href":"https:\/\/lifesupportdistribution.fr\/de\/wp-json\/wp\/v2\/product"}],"about":[{"href":"https:\/\/lifesupportdistribution.fr\/de\/wp-json\/wp\/v2\/types\/product"}],"wp:featuredmedia":[{"embeddable":true,"href":"https:\/\/lifesupportdistribution.fr\/de\/wp-json\/wp\/v2\/media\/2020"}],"wp:attachment":[{"href":"https:\/\/lifesupportdistribution.fr\/de\/wp-json\/wp\/v2\/media?parent=4947"}],"wp:term":[{"taxonomy":"product_brand","embeddable":true,"href":"https:\/\/lifesupportdistribution.fr\/de\/wp-json\/wp\/v2\/product_brand?post=4947"},{"taxonomy":"product_cat","embeddable":true,"href":"https:\/\/lifesupportdistribution.fr\/de\/wp-json\/wp\/v2\/product_cat?post=4947"},{"taxonomy":"product_tag","embeddable":true,"href":"https:\/\/lifesupportdistribution.fr\/de\/wp-json\/wp\/v2\/product_tag?post=4947"}],"curies":[{"name":"wp","href":"https:\/\/api.w.org\/{rel}","templated":true}]}}