{"id":4953,"date":"2025-12-01T13:40:13","date_gmt":"2025-12-01T12:40:13","guid":{"rendered":"https:\/\/lifesupportdistribution.fr\/produits\/osteologie-modelle\/"},"modified":"2025-12-01T13:40:13","modified_gmt":"2025-12-01T12:40:13","slug":"osteologie-modelle","status":"publish","type":"product","link":"https:\/\/lifesupportdistribution.fr\/de\/produkt\/osteologie-modelle\/","title":{"rendered":"Osteologie-Modelle"},"content":{"rendered":"<h3>Verf\u00fcgbare Modelle<\/h3>\n<ul>\n<li>Geh\u00f6rkn\u00f6chelchen \u2013 20-fache Vergr\u00f6\u00dferung BONElike<\/li>\n<li>Geh\u00f6rkn\u00f6chelchen \u2013 20-fache Vergr\u00f6\u00dferung<\/li>\n<li>Schl\u00fcsselbein<\/li>\n<li>Brustbein mit Rippenknorpel<\/li>\n<li>Rippen<\/li>\n<li>Kreuzbein und Stei\u00dfbein<\/li>\n<li>Atlas und Axis<\/li>\n<li>Atlas und Axis mit Occipitalschuppe<\/li>\n<li>Zungenbein auf Stativ<\/li>\n<li>80-fach vergr\u00f6\u00dferte Knochenstruktur<\/li>\n<li>Spongi\u00f6se Knochensubstanz<\/li>\n<li>Basis-H\u00fcftmodell<\/li>\n<\/ul>\n","protected":false},"excerpt":{"rendered":"<p>die Osteologie-Forschung.<br \/>\nSie umfasst sowohl Einzelteile (Schl\u00fcsselbein, Atlas, Brustbein, Kreuzbein\u2026) als auch vergr\u00f6\u00dferte Modelle, die die Beobachtung innerer Strukturen und der Mikroarchitektur des Knochens erm\u00f6glichen.<br \/>\nDiese Modelle sind robuste Lehrmittel, geeignet f\u00fcr praktische Demonstrationen und Kurse zur Knochenmorphologie.<\/p>\n","protected":false},"featured_media":2631,"template":"","meta":[],"product_brand":[187],"product_cat":[221],"product_tag":[241],"class_list":{"0":"post-4953","1":"product","2":"type-product","3":"status-publish","4":"has-post-thumbnail","6":"product_brand-3b-scientific","7":"product_cat-anatomische-tafeln-und-modelle","8":"product_tag-anatomietraining","10":"first","11":"instock","12":"shipping-taxable","13":"purchasable","14":"product-type-simple"},"yoast_head":"<!-- This site is optimized with the Yoast SEO plugin v27.5 - https:\/\/yoast.com\/product\/yoast-seo-wordpress\/ -->\n<title>Osteologische Modelle: Knochenteile und vergr\u00f6\u00dferte Strukturen<\/title>\n<meta name=\"description\" content=\"3B Scientific Osteologie-Sammlung: Einzelknochen, vergr\u00f6\u00dferte Modelle und innere Strukturen f\u00fcr das detaillierte Studium der Knochenanatomie.\" \/>\n<meta name=\"robots\" content=\"index, follow, max-snippet:-1, max-image-preview:large, max-video-preview:-1\" \/>\n<link rel=\"canonical\" href=\"https:\/\/lifesupportdistribution.fr\/de\/produkt\/osteologie-modelle\/\" \/>\n<meta property=\"og:locale\" content=\"de_DE\" \/>\n<meta property=\"og:type\" content=\"article\" \/>\n<meta property=\"og:title\" content=\"Osteologische Modelle: Knochenteile und vergr\u00f6\u00dferte Strukturen\" \/>\n<meta property=\"og:description\" content=\"3B Scientific Osteologie-Sammlung: Einzelknochen, vergr\u00f6\u00dferte Modelle und innere Strukturen f\u00fcr das detaillierte Studium der Knochenanatomie.\" \/>\n<meta property=\"og:url\" content=\"https:\/\/lifesupportdistribution.fr\/de\/produkt\/osteologie-modelle\/\" \/>\n<meta property=\"og:site_name\" content=\"Life Support Distribution\" \/>\n<meta property=\"og:image\" content=\"https:\/\/lifesupportdistribution.fr\/wp-content\/uploads\/2025\/12\/1019502_01_Jeu-de-modeles-de-genoux-osteo-4-stades.jpg\" \/>\n\t<meta property=\"og:image:width\" content=\"500\" \/>\n\t<meta property=\"og:image:height\" content=\"500\" \/>\n\t<meta property=\"og:image:type\" content=\"image\/jpeg\" \/>\n<meta name=\"twitter:card\" content=\"summary_large_image\" \/>\n<script type=\"application\/ld+json\" class=\"yoast-schema-graph\">{\"@context\":\"https:\\\/\\\/schema.org\",\"@graph\":[{\"@type\":\"WebPage\",\"@id\":\"https:\\\/\\\/lifesupportdistribution.fr\\\/de\\\/produkt\\\/osteologie-modelle\\\/\",\"url\":\"https:\\\/\\\/lifesupportdistribution.fr\\\/de\\\/produkt\\\/osteologie-modelle\\\/\",\"name\":\"Osteologische Modelle: Knochenteile und vergr\u00f6\u00dferte Strukturen\",\"isPartOf\":{\"@id\":\"https:\\\/\\\/lifesupportdistribution.fr\\\/de\\\/#website\"},\"primaryImageOfPage\":{\"@id\":\"https:\\\/\\\/lifesupportdistribution.fr\\\/de\\\/produkt\\\/osteologie-modelle\\\/#primaryimage\"},\"image\":{\"@id\":\"https:\\\/\\\/lifesupportdistribution.fr\\\/de\\\/produkt\\\/osteologie-modelle\\\/#primaryimage\"},\"thumbnailUrl\":\"https:\\\/\\\/lifesupportdistribution.fr\\\/wp-content\\\/uploads\\\/2025\\\/12\\\/1019502_01_Jeu-de-modeles-de-genoux-osteo-4-stades.jpg\",\"datePublished\":\"2025-12-01T12:40:13+00:00\",\"description\":\"3B Scientific Osteologie-Sammlung: Einzelknochen, vergr\u00f6\u00dferte Modelle und innere Strukturen f\u00fcr das detaillierte Studium der Knochenanatomie.\",\"breadcrumb\":{\"@id\":\"https:\\\/\\\/lifesupportdistribution.fr\\\/de\\\/produkt\\\/osteologie-modelle\\\/#breadcrumb\"},\"inLanguage\":\"de\",\"potentialAction\":[{\"@type\":\"ReadAction\",\"target\":[\"https:\\\/\\\/lifesupportdistribution.fr\\\/de\\\/produkt\\\/osteologie-modelle\\\/\"]}]},{\"@type\":\"ImageObject\",\"inLanguage\":\"de\",\"@id\":\"https:\\\/\\\/lifesupportdistribution.fr\\\/de\\\/produkt\\\/osteologie-modelle\\\/#primaryimage\",\"url\":\"https:\\\/\\\/lifesupportdistribution.fr\\\/wp-content\\\/uploads\\\/2025\\\/12\\\/1019502_01_Jeu-de-modeles-de-genoux-osteo-4-stades.jpg\",\"contentUrl\":\"https:\\\/\\\/lifesupportdistribution.fr\\\/wp-content\\\/uploads\\\/2025\\\/12\\\/1019502_01_Jeu-de-modeles-de-genoux-osteo-4-stades.jpg\",\"width\":500,\"height\":500},{\"@type\":\"BreadcrumbList\",\"@id\":\"https:\\\/\\\/lifesupportdistribution.fr\\\/de\\\/produkt\\\/osteologie-modelle\\\/#breadcrumb\",\"itemListElement\":[{\"@type\":\"ListItem\",\"position\":1,\"name\":\"Accueil\",\"item\":\"https:\\\/\\\/lifesupportdistribution.fr\\\/de\\\/startseite\\\/\"},{\"@type\":\"ListItem\",\"position\":2,\"name\":\"Shop\",\"item\":\"https:\\\/\\\/lifesupportdistribution.fr\\\/de\\\/shop\\\/\"},{\"@type\":\"ListItem\",\"position\":3,\"name\":\"Osteologie-Modelle\"}]},{\"@type\":\"WebSite\",\"@id\":\"https:\\\/\\\/lifesupportdistribution.fr\\\/de\\\/#website\",\"url\":\"https:\\\/\\\/lifesupportdistribution.fr\\\/de\\\/\",\"name\":\"Life Support Distribution\",\"description\":\"Solutions en simulation m\u00e9dicale\",\"publisher\":{\"@id\":\"https:\\\/\\\/lifesupportdistribution.fr\\\/de\\\/#organization\"},\"potentialAction\":[{\"@type\":\"SearchAction\",\"target\":{\"@type\":\"EntryPoint\",\"urlTemplate\":\"https:\\\/\\\/lifesupportdistribution.fr\\\/de\\\/?s={search_term_string}\"},\"query-input\":{\"@type\":\"PropertyValueSpecification\",\"valueRequired\":true,\"valueName\":\"search_term_string\"}}],\"inLanguage\":\"de\"},{\"@type\":\"Organization\",\"@id\":\"https:\\\/\\\/lifesupportdistribution.fr\\\/de\\\/#organization\",\"name\":\"Life Support Distribution\",\"url\":\"https:\\\/\\\/lifesupportdistribution.fr\\\/de\\\/\",\"logo\":{\"@type\":\"ImageObject\",\"inLanguage\":\"de\",\"@id\":\"https:\\\/\\\/lifesupportdistribution.fr\\\/de\\\/#\\\/schema\\\/logo\\\/image\\\/\",\"url\":\"https:\\\/\\\/lifesupportdistribution.fr\\\/wp-content\\\/uploads\\\/2025\\\/10\\\/logo-life-support-distribution.svg\",\"contentUrl\":\"https:\\\/\\\/lifesupportdistribution.fr\\\/wp-content\\\/uploads\\\/2025\\\/10\\\/logo-life-support-distribution.svg\",\"width\":698,\"height\":223,\"caption\":\"Life Support Distribution\"},\"image\":{\"@id\":\"https:\\\/\\\/lifesupportdistribution.fr\\\/de\\\/#\\\/schema\\\/logo\\\/image\\\/\"},\"sameAs\":[\"https:\\\/\\\/www.linkedin.com\\\/company\\\/life-support-distribution\\\/\"]}]}<\/script>\n<!-- \/ Yoast SEO plugin. -->","yoast_head_json":{"title":"Osteologische Modelle: Knochenteile und vergr\u00f6\u00dferte Strukturen","description":"3B Scientific Osteologie-Sammlung: Einzelknochen, vergr\u00f6\u00dferte Modelle und innere Strukturen f\u00fcr das detaillierte Studium der Knochenanatomie.","robots":{"index":"index","follow":"follow","max-snippet":"max-snippet:-1","max-image-preview":"max-image-preview:large","max-video-preview":"max-video-preview:-1"},"canonical":"https:\/\/lifesupportdistribution.fr\/de\/produkt\/osteologie-modelle\/","og_locale":"de_DE","og_type":"article","og_title":"Osteologische Modelle: Knochenteile und vergr\u00f6\u00dferte Strukturen","og_description":"3B Scientific Osteologie-Sammlung: Einzelknochen, vergr\u00f6\u00dferte Modelle und innere Strukturen f\u00fcr das detaillierte Studium der Knochenanatomie.","og_url":"https:\/\/lifesupportdistribution.fr\/de\/produkt\/osteologie-modelle\/","og_site_name":"Life Support Distribution","og_image":[{"width":500,"height":500,"url":"https:\/\/lifesupportdistribution.fr\/wp-content\/uploads\/2025\/12\/1019502_01_Jeu-de-modeles-de-genoux-osteo-4-stades.jpg","type":"image\/jpeg"}],"twitter_card":"summary_large_image","schema":{"@context":"https:\/\/schema.org","@graph":[{"@type":"WebPage","@id":"https:\/\/lifesupportdistribution.fr\/de\/produkt\/osteologie-modelle\/","url":"https:\/\/lifesupportdistribution.fr\/de\/produkt\/osteologie-modelle\/","name":"Osteologische Modelle: Knochenteile und vergr\u00f6\u00dferte Strukturen","isPartOf":{"@id":"https:\/\/lifesupportdistribution.fr\/de\/#website"},"primaryImageOfPage":{"@id":"https:\/\/lifesupportdistribution.fr\/de\/produkt\/osteologie-modelle\/#primaryimage"},"image":{"@id":"https:\/\/lifesupportdistribution.fr\/de\/produkt\/osteologie-modelle\/#primaryimage"},"thumbnailUrl":"https:\/\/lifesupportdistribution.fr\/wp-content\/uploads\/2025\/12\/1019502_01_Jeu-de-modeles-de-genoux-osteo-4-stades.jpg","datePublished":"2025-12-01T12:40:13+00:00","description":"3B Scientific Osteologie-Sammlung: Einzelknochen, vergr\u00f6\u00dferte Modelle und innere Strukturen f\u00fcr das detaillierte Studium der Knochenanatomie.","breadcrumb":{"@id":"https:\/\/lifesupportdistribution.fr\/de\/produkt\/osteologie-modelle\/#breadcrumb"},"inLanguage":"de","potentialAction":[{"@type":"ReadAction","target":["https:\/\/lifesupportdistribution.fr\/de\/produkt\/osteologie-modelle\/"]}]},{"@type":"ImageObject","inLanguage":"de","@id":"https:\/\/lifesupportdistribution.fr\/de\/produkt\/osteologie-modelle\/#primaryimage","url":"https:\/\/lifesupportdistribution.fr\/wp-content\/uploads\/2025\/12\/1019502_01_Jeu-de-modeles-de-genoux-osteo-4-stades.jpg","contentUrl":"https:\/\/lifesupportdistribution.fr\/wp-content\/uploads\/2025\/12\/1019502_01_Jeu-de-modeles-de-genoux-osteo-4-stades.jpg","width":500,"height":500},{"@type":"BreadcrumbList","@id":"https:\/\/lifesupportdistribution.fr\/de\/produkt\/osteologie-modelle\/#breadcrumb","itemListElement":[{"@type":"ListItem","position":1,"name":"Accueil","item":"https:\/\/lifesupportdistribution.fr\/de\/startseite\/"},{"@type":"ListItem","position":2,"name":"Shop","item":"https:\/\/lifesupportdistribution.fr\/de\/shop\/"},{"@type":"ListItem","position":3,"name":"Osteologie-Modelle"}]},{"@type":"WebSite","@id":"https:\/\/lifesupportdistribution.fr\/de\/#website","url":"https:\/\/lifesupportdistribution.fr\/de\/","name":"Life Support Distribution","description":"Solutions en simulation m\u00e9dicale","publisher":{"@id":"https:\/\/lifesupportdistribution.fr\/de\/#organization"},"potentialAction":[{"@type":"SearchAction","target":{"@type":"EntryPoint","urlTemplate":"https:\/\/lifesupportdistribution.fr\/de\/?s={search_term_string}"},"query-input":{"@type":"PropertyValueSpecification","valueRequired":true,"valueName":"search_term_string"}}],"inLanguage":"de"},{"@type":"Organization","@id":"https:\/\/lifesupportdistribution.fr\/de\/#organization","name":"Life Support Distribution","url":"https:\/\/lifesupportdistribution.fr\/de\/","logo":{"@type":"ImageObject","inLanguage":"de","@id":"https:\/\/lifesupportdistribution.fr\/de\/#\/schema\/logo\/image\/","url":"https:\/\/lifesupportdistribution.fr\/wp-content\/uploads\/2025\/10\/logo-life-support-distribution.svg","contentUrl":"https:\/\/lifesupportdistribution.fr\/wp-content\/uploads\/2025\/10\/logo-life-support-distribution.svg","width":698,"height":223,"caption":"Life Support Distribution"},"image":{"@id":"https:\/\/lifesupportdistribution.fr\/de\/#\/schema\/logo\/image\/"},"sameAs":["https:\/\/www.linkedin.com\/company\/life-support-distribution\/"]}]}},"_links":{"self":[{"href":"https:\/\/lifesupportdistribution.fr\/de\/wp-json\/wp\/v2\/product\/4953","targetHints":{"allow":["GET"]}}],"collection":[{"href":"https:\/\/lifesupportdistribution.fr\/de\/wp-json\/wp\/v2\/product"}],"about":[{"href":"https:\/\/lifesupportdistribution.fr\/de\/wp-json\/wp\/v2\/types\/product"}],"wp:featuredmedia":[{"embeddable":true,"href":"https:\/\/lifesupportdistribution.fr\/de\/wp-json\/wp\/v2\/media\/2631"}],"wp:attachment":[{"href":"https:\/\/lifesupportdistribution.fr\/de\/wp-json\/wp\/v2\/media?parent=4953"}],"wp:term":[{"taxonomy":"product_brand","embeddable":true,"href":"https:\/\/lifesupportdistribution.fr\/de\/wp-json\/wp\/v2\/product_brand?post=4953"},{"taxonomy":"product_cat","embeddable":true,"href":"https:\/\/lifesupportdistribution.fr\/de\/wp-json\/wp\/v2\/product_cat?post=4953"},{"taxonomy":"product_tag","embeddable":true,"href":"https:\/\/lifesupportdistribution.fr\/de\/wp-json\/wp\/v2\/product_tag?post=4953"}],"curies":[{"name":"wp","href":"https:\/\/api.w.org\/{rel}","templated":true}]}}