{"id":4955,"date":"2025-11-26T14:02:34","date_gmt":"2025-11-26T13:02:34","guid":{"rendered":"https:\/\/lifesupportdistribution.fr\/produits\/klingen-oder-selbstverletzung-sw3\/"},"modified":"2025-11-26T14:02:34","modified_gmt":"2025-11-26T13:02:34","slug":"klingen-oder-selbstverletzung-sw3","status":"publish","type":"product","link":"https:\/\/lifesupportdistribution.fr\/de\/produkt\/klingen-oder-selbstverletzung-sw3\/","title":{"rendered":"Klingen- oder Selbstverletzung &#8211; SW3"},"content":{"rendered":"<p>Die Simoulage SW3-Wunde ist darauf ausgelegt, oberfl\u00e4chliche, absichtliche Verletzungen darzustellen, die feine, parallele Einschnitte simulieren. Dieses Modell ist besonders n\u00fctzlich, um klinische F\u00e4higkeiten in Bezug auf Desinfektion, Verbandwechsel bei multiplen Wunden und die Versorgung von Patienten in Not zu trainieren. Dank des daf\u00fcr vorgesehenen Kits einfach auf einer Puppe oder einem standardisierten Patienten anzubringen, beh\u00e4lt sie w\u00e4hrend der gesamten Ausbildung ein sehr realistisches visuelles Erscheinungsbild bei. Ihre Verwendung f\u00f6rdert die Entwicklung medizinischer Reflexe und die Integration einer wesentlichen menschlichen Dimension im Notfallmanagement.   <\/p>\n","protected":false},"excerpt":{"rendered":"<p>Das Simoulage SW3-Modell reproduziert eine Reihe feiner, linearer Einschnitte von 5 cm, die charakteristisch f\u00fcr eine selbst zugef\u00fcgte Handlung sind. Hergestellt aus verkapseltem Silikon, erm\u00f6glicht es den Lernenden, sich mit heiklen Versorgungsszenarien auseinanderzusetzen, sowohl medizinisch als auch psychosozial, in einem realistischen Simulationskontext. <\/p>\n","protected":false},"featured_media":2006,"template":"","meta":[],"product_brand":[208],"product_cat":[217],"product_tag":[250,238,251,236,255],"class_list":{"0":"post-4955","1":"product","2":"type-product","3":"status-publish","4":"has-post-thumbnail","6":"product_brand-simoulage","7":"product_cat-schminken-und-spezialeffekte","8":"product_tag-chirurgie","9":"product_tag-erste-hilfe","10":"product_tag-krankenpflege","11":"product_tag-notfallmedizin","12":"product_tag-traumatologie","14":"first","15":"instock","16":"shipping-taxable","17":"purchasable","18":"product-type-simple"},"yoast_head":"<!-- This site is optimized with the Yoast SEO plugin v26.8 - https:\/\/yoast.com\/product\/yoast-seo-wordpress\/ -->\n<title>SW3 Simoulage \u2013 Klingen- oder Selbstverletzung<\/title>\n<meta name=\"description\" content=\"SW3 Simoulage: Hyperrealistische Klingen- oder Selbstverletzungsdarstellung zur Schulung der Trauma-Beurteilung und Notfallversorgung.\" \/>\n<meta name=\"robots\" content=\"index, follow, max-snippet:-1, max-image-preview:large, max-video-preview:-1\" \/>\n<link rel=\"canonical\" href=\"https:\/\/lifesupportdistribution.fr\/de\/produkt\/klingen-oder-selbstverletzung-sw3\/\" \/>\n<meta property=\"og:locale\" content=\"de_DE\" \/>\n<meta property=\"og:type\" content=\"article\" \/>\n<meta property=\"og:title\" content=\"SW3 Simoulage \u2013 Klingen- oder Selbstverletzung\" \/>\n<meta property=\"og:description\" content=\"SW3 Simoulage: Hyperrealistische Klingen- oder Selbstverletzungsdarstellung zur Schulung der Trauma-Beurteilung und Notfallversorgung.\" \/>\n<meta property=\"og:url\" content=\"https:\/\/lifesupportdistribution.fr\/de\/produkt\/klingen-oder-selbstverletzung-sw3\/\" \/>\n<meta property=\"og:site_name\" content=\"Life Support Distribution\" \/>\n<meta property=\"og:image\" content=\"https:\/\/lifesupportdistribution.fr\/wp-content\/uploads\/2025\/11\/Photo-SW3-simoulage-1.png\" \/>\n\t<meta property=\"og:image:width\" content=\"874\" \/>\n\t<meta property=\"og:image:height\" content=\"582\" \/>\n\t<meta property=\"og:image:type\" content=\"image\/png\" \/>\n<meta name=\"twitter:card\" content=\"summary_large_image\" \/>\n<script type=\"application\/ld+json\" class=\"yoast-schema-graph\">{\"@context\":\"https:\/\/schema.org\",\"@graph\":[{\"@type\":\"WebPage\",\"@id\":\"https:\/\/lifesupportdistribution.fr\/de\/produkt\/klingen-oder-selbstverletzung-sw3\/\",\"url\":\"https:\/\/lifesupportdistribution.fr\/de\/produkt\/klingen-oder-selbstverletzung-sw3\/\",\"name\":\"SW3 Simoulage \u2013 Klingen- oder Selbstverletzung\",\"isPartOf\":{\"@id\":\"https:\/\/lifesupportdistribution.fr\/de\/#website\"},\"primaryImageOfPage\":{\"@id\":\"https:\/\/lifesupportdistribution.fr\/de\/produkt\/klingen-oder-selbstverletzung-sw3\/#primaryimage\"},\"image\":{\"@id\":\"https:\/\/lifesupportdistribution.fr\/de\/produkt\/klingen-oder-selbstverletzung-sw3\/#primaryimage\"},\"thumbnailUrl\":\"https:\/\/lifesupportdistribution.fr\/wp-content\/uploads\/2025\/11\/Photo-SW3-simoulage-1.png\",\"datePublished\":\"2025-11-26T13:02:34+00:00\",\"description\":\"SW3 Simoulage: Hyperrealistische Klingen- oder Selbstverletzungsdarstellung zur Schulung der Trauma-Beurteilung und Notfallversorgung.\",\"breadcrumb\":{\"@id\":\"https:\/\/lifesupportdistribution.fr\/de\/produkt\/klingen-oder-selbstverletzung-sw3\/#breadcrumb\"},\"inLanguage\":\"de\",\"potentialAction\":[{\"@type\":\"ReadAction\",\"target\":[\"https:\/\/lifesupportdistribution.fr\/de\/produkt\/klingen-oder-selbstverletzung-sw3\/\"]}]},{\"@type\":\"ImageObject\",\"inLanguage\":\"de\",\"@id\":\"https:\/\/lifesupportdistribution.fr\/de\/produkt\/klingen-oder-selbstverletzung-sw3\/#primaryimage\",\"url\":\"https:\/\/lifesupportdistribution.fr\/wp-content\/uploads\/2025\/11\/Photo-SW3-simoulage-1.png\",\"contentUrl\":\"https:\/\/lifesupportdistribution.fr\/wp-content\/uploads\/2025\/11\/Photo-SW3-simoulage-1.png\",\"width\":874,\"height\":582},{\"@type\":\"BreadcrumbList\",\"@id\":\"https:\/\/lifesupportdistribution.fr\/de\/produkt\/klingen-oder-selbstverletzung-sw3\/#breadcrumb\",\"itemListElement\":[{\"@type\":\"ListItem\",\"position\":1,\"name\":\"Accueil\",\"item\":\"https:\/\/lifesupportdistribution.fr\/de\/startseite\/\"},{\"@type\":\"ListItem\",\"position\":2,\"name\":\"Shop\",\"item\":\"https:\/\/lifesupportdistribution.fr\/de\/shop\/\"},{\"@type\":\"ListItem\",\"position\":3,\"name\":\"Klingen- oder Selbstverletzung &#8211; SW3\"}]},{\"@type\":\"WebSite\",\"@id\":\"https:\/\/lifesupportdistribution.fr\/de\/#website\",\"url\":\"https:\/\/lifesupportdistribution.fr\/de\/\",\"name\":\"Life Support Distribution\",\"description\":\"Solutions en simulation m\u00e9dicale\",\"publisher\":{\"@id\":\"https:\/\/lifesupportdistribution.fr\/de\/#organization\"},\"potentialAction\":[{\"@type\":\"SearchAction\",\"target\":{\"@type\":\"EntryPoint\",\"urlTemplate\":\"https:\/\/lifesupportdistribution.fr\/de\/?s={search_term_string}\"},\"query-input\":{\"@type\":\"PropertyValueSpecification\",\"valueRequired\":true,\"valueName\":\"search_term_string\"}}],\"inLanguage\":\"de\"},{\"@type\":\"Organization\",\"@id\":\"https:\/\/lifesupportdistribution.fr\/de\/#organization\",\"name\":\"Life Support Distribution\",\"url\":\"https:\/\/lifesupportdistribution.fr\/de\/\",\"logo\":{\"@type\":\"ImageObject\",\"inLanguage\":\"de\",\"@id\":\"https:\/\/lifesupportdistribution.fr\/de\/#\/schema\/logo\/image\/\",\"url\":\"https:\/\/lifesupportdistribution.fr\/wp-content\/uploads\/2025\/10\/logo-life-support-distribution.svg\",\"contentUrl\":\"https:\/\/lifesupportdistribution.fr\/wp-content\/uploads\/2025\/10\/logo-life-support-distribution.svg\",\"width\":698,\"height\":223,\"caption\":\"Life Support Distribution\"},\"image\":{\"@id\":\"https:\/\/lifesupportdistribution.fr\/de\/#\/schema\/logo\/image\/\"},\"sameAs\":[\"https:\/\/www.linkedin.com\/company\/life-support-distribution\/\"]}]}<\/script>\n<!-- \/ Yoast SEO plugin. -->","yoast_head_json":{"title":"SW3 Simoulage \u2013 Klingen- oder Selbstverletzung","description":"SW3 Simoulage: Hyperrealistische Klingen- oder Selbstverletzungsdarstellung zur Schulung der Trauma-Beurteilung und Notfallversorgung.","robots":{"index":"index","follow":"follow","max-snippet":"max-snippet:-1","max-image-preview":"max-image-preview:large","max-video-preview":"max-video-preview:-1"},"canonical":"https:\/\/lifesupportdistribution.fr\/de\/produkt\/klingen-oder-selbstverletzung-sw3\/","og_locale":"de_DE","og_type":"article","og_title":"SW3 Simoulage \u2013 Klingen- oder Selbstverletzung","og_description":"SW3 Simoulage: Hyperrealistische Klingen- oder Selbstverletzungsdarstellung zur Schulung der Trauma-Beurteilung und Notfallversorgung.","og_url":"https:\/\/lifesupportdistribution.fr\/de\/produkt\/klingen-oder-selbstverletzung-sw3\/","og_site_name":"Life Support Distribution","og_image":[{"width":874,"height":582,"url":"https:\/\/lifesupportdistribution.fr\/wp-content\/uploads\/2025\/11\/Photo-SW3-simoulage-1.png","type":"image\/png"}],"twitter_card":"summary_large_image","schema":{"@context":"https:\/\/schema.org","@graph":[{"@type":"WebPage","@id":"https:\/\/lifesupportdistribution.fr\/de\/produkt\/klingen-oder-selbstverletzung-sw3\/","url":"https:\/\/lifesupportdistribution.fr\/de\/produkt\/klingen-oder-selbstverletzung-sw3\/","name":"SW3 Simoulage \u2013 Klingen- oder Selbstverletzung","isPartOf":{"@id":"https:\/\/lifesupportdistribution.fr\/de\/#website"},"primaryImageOfPage":{"@id":"https:\/\/lifesupportdistribution.fr\/de\/produkt\/klingen-oder-selbstverletzung-sw3\/#primaryimage"},"image":{"@id":"https:\/\/lifesupportdistribution.fr\/de\/produkt\/klingen-oder-selbstverletzung-sw3\/#primaryimage"},"thumbnailUrl":"https:\/\/lifesupportdistribution.fr\/wp-content\/uploads\/2025\/11\/Photo-SW3-simoulage-1.png","datePublished":"2025-11-26T13:02:34+00:00","description":"SW3 Simoulage: Hyperrealistische Klingen- oder Selbstverletzungsdarstellung zur Schulung der Trauma-Beurteilung und Notfallversorgung.","breadcrumb":{"@id":"https:\/\/lifesupportdistribution.fr\/de\/produkt\/klingen-oder-selbstverletzung-sw3\/#breadcrumb"},"inLanguage":"de","potentialAction":[{"@type":"ReadAction","target":["https:\/\/lifesupportdistribution.fr\/de\/produkt\/klingen-oder-selbstverletzung-sw3\/"]}]},{"@type":"ImageObject","inLanguage":"de","@id":"https:\/\/lifesupportdistribution.fr\/de\/produkt\/klingen-oder-selbstverletzung-sw3\/#primaryimage","url":"https:\/\/lifesupportdistribution.fr\/wp-content\/uploads\/2025\/11\/Photo-SW3-simoulage-1.png","contentUrl":"https:\/\/lifesupportdistribution.fr\/wp-content\/uploads\/2025\/11\/Photo-SW3-simoulage-1.png","width":874,"height":582},{"@type":"BreadcrumbList","@id":"https:\/\/lifesupportdistribution.fr\/de\/produkt\/klingen-oder-selbstverletzung-sw3\/#breadcrumb","itemListElement":[{"@type":"ListItem","position":1,"name":"Accueil","item":"https:\/\/lifesupportdistribution.fr\/de\/startseite\/"},{"@type":"ListItem","position":2,"name":"Shop","item":"https:\/\/lifesupportdistribution.fr\/de\/shop\/"},{"@type":"ListItem","position":3,"name":"Klingen- oder Selbstverletzung &#8211; SW3"}]},{"@type":"WebSite","@id":"https:\/\/lifesupportdistribution.fr\/de\/#website","url":"https:\/\/lifesupportdistribution.fr\/de\/","name":"Life Support Distribution","description":"Solutions en simulation m\u00e9dicale","publisher":{"@id":"https:\/\/lifesupportdistribution.fr\/de\/#organization"},"potentialAction":[{"@type":"SearchAction","target":{"@type":"EntryPoint","urlTemplate":"https:\/\/lifesupportdistribution.fr\/de\/?s={search_term_string}"},"query-input":{"@type":"PropertyValueSpecification","valueRequired":true,"valueName":"search_term_string"}}],"inLanguage":"de"},{"@type":"Organization","@id":"https:\/\/lifesupportdistribution.fr\/de\/#organization","name":"Life Support Distribution","url":"https:\/\/lifesupportdistribution.fr\/de\/","logo":{"@type":"ImageObject","inLanguage":"de","@id":"https:\/\/lifesupportdistribution.fr\/de\/#\/schema\/logo\/image\/","url":"https:\/\/lifesupportdistribution.fr\/wp-content\/uploads\/2025\/10\/logo-life-support-distribution.svg","contentUrl":"https:\/\/lifesupportdistribution.fr\/wp-content\/uploads\/2025\/10\/logo-life-support-distribution.svg","width":698,"height":223,"caption":"Life Support Distribution"},"image":{"@id":"https:\/\/lifesupportdistribution.fr\/de\/#\/schema\/logo\/image\/"},"sameAs":["https:\/\/www.linkedin.com\/company\/life-support-distribution\/"]}]}},"_links":{"self":[{"href":"https:\/\/lifesupportdistribution.fr\/de\/wp-json\/wp\/v2\/product\/4955","targetHints":{"allow":["GET"]}}],"collection":[{"href":"https:\/\/lifesupportdistribution.fr\/de\/wp-json\/wp\/v2\/product"}],"about":[{"href":"https:\/\/lifesupportdistribution.fr\/de\/wp-json\/wp\/v2\/types\/product"}],"wp:featuredmedia":[{"embeddable":true,"href":"https:\/\/lifesupportdistribution.fr\/de\/wp-json\/wp\/v2\/media\/2006"}],"wp:attachment":[{"href":"https:\/\/lifesupportdistribution.fr\/de\/wp-json\/wp\/v2\/media?parent=4955"}],"wp:term":[{"taxonomy":"product_brand","embeddable":true,"href":"https:\/\/lifesupportdistribution.fr\/de\/wp-json\/wp\/v2\/product_brand?post=4955"},{"taxonomy":"product_cat","embeddable":true,"href":"https:\/\/lifesupportdistribution.fr\/de\/wp-json\/wp\/v2\/product_cat?post=4955"},{"taxonomy":"product_tag","embeddable":true,"href":"https:\/\/lifesupportdistribution.fr\/de\/wp-json\/wp\/v2\/product_tag?post=4955"}],"curies":[{"name":"wp","href":"https:\/\/api.w.org\/{rel}","templated":true}]}}