{"id":4961,"date":"2025-11-26T14:21:14","date_gmt":"2025-11-26T13:21:14","guid":{"rendered":"https:\/\/lifesupportdistribution.fr\/produits\/schnittwunde-sw5\/"},"modified":"2025-11-26T14:21:14","modified_gmt":"2025-11-26T13:21:14","slug":"schnittwunde-sw5","status":"publish","type":"product","link":"https:\/\/lifesupportdistribution.fr\/de\/produkt\/schnittwunde-sw5\/","title":{"rendered":"Schnittwunde &#8211; SW5"},"content":{"rendered":"<p>Die SW5-Wunde ist eine tiefe und realistische Schnittwunde, geeignet f\u00fcr Trainings in Traumatologie und Notfallmedizin. Ihr erweitertes Format macht sie zu einem idealen Werkzeug, um das Management schwerer Blutungen, die Desinfektion und die Behandlung schwerer Wunden zu lehren. Kompatibel mit dem Blutliniensystem, kann sie aktive Blutungen simulieren, wodurch der Realismus der p\u00e4dagogischen \u00dcbungen verst\u00e4rkt wird. Einfach mit dem Applikationskit auf Mannequins oder standardisierte Patienten aufzutragen, tr\u00e4gt diese Wunde dazu bei, wesentliche praktische F\u00e4higkeiten zu entwickeln und die Lernenden auf kritische Situationen vorzubereiten.   <\/p>\n","protected":false},"excerpt":{"rendered":"<p>Das Simoulage SW5-Modell bildet eine gro\u00dfe lineare Risswunde von etwa 15 cm ab. Entwickelt aus hochwertigem, verkapseltem Silikon, erm\u00f6glicht es die Schaffung besonders immersiver medizinischer Simulationsszenarien, insbesondere im Rahmen schwerer Traumata und Notfallversorgungs-Schulungen. <\/p>\n","protected":false},"featured_media":2014,"template":"","meta":[],"product_brand":[208],"product_cat":[217],"product_tag":[250,238,251,236,255],"class_list":{"0":"post-4961","1":"product","2":"type-product","3":"status-publish","4":"has-post-thumbnail","6":"product_brand-simoulage","7":"product_cat-schminken-und-spezialeffekte","8":"product_tag-chirurgie","9":"product_tag-erste-hilfe","10":"product_tag-krankenpflege","11":"product_tag-notfallmedizin","12":"product_tag-traumatologie","14":"first","15":"instock","16":"shipping-taxable","17":"purchasable","18":"product-type-simple"},"yoast_head":"<!-- This site is optimized with the Yoast SEO plugin v26.8 - https:\/\/yoast.com\/product\/yoast-seo-wordpress\/ -->\n<title>SW5 Simoulage \u2013 Hyperrealistische Schnittwunde<\/title>\n<meta name=\"description\" content=\"SW5 SiMoulage: Realistische Schnittwunde f\u00fcr Erste-Hilfe-Ausbildung, Beurteilung penetrierender Wunden und Notfallma\u00dfnahmen.\" \/>\n<meta name=\"robots\" content=\"index, follow, max-snippet:-1, max-image-preview:large, max-video-preview:-1\" \/>\n<link rel=\"canonical\" href=\"https:\/\/lifesupportdistribution.fr\/de\/produkt\/schnittwunde-sw5\/\" \/>\n<meta property=\"og:locale\" content=\"de_DE\" \/>\n<meta property=\"og:type\" content=\"article\" \/>\n<meta property=\"og:title\" content=\"SW5 Simoulage \u2013 Hyperrealistische Schnittwunde\" \/>\n<meta property=\"og:description\" content=\"SW5 SiMoulage: Realistische Schnittwunde f\u00fcr Erste-Hilfe-Ausbildung, Beurteilung penetrierender Wunden und Notfallma\u00dfnahmen.\" \/>\n<meta property=\"og:url\" content=\"https:\/\/lifesupportdistribution.fr\/de\/produkt\/schnittwunde-sw5\/\" \/>\n<meta property=\"og:site_name\" content=\"Life Support Distribution\" \/>\n<meta property=\"og:image\" content=\"https:\/\/lifesupportdistribution.fr\/wp-content\/uploads\/2025\/11\/Photo-SW5-simoulage1.png\" \/>\n\t<meta property=\"og:image:width\" content=\"886\" \/>\n\t<meta property=\"og:image:height\" content=\"584\" \/>\n\t<meta property=\"og:image:type\" content=\"image\/png\" \/>\n<meta name=\"twitter:card\" content=\"summary_large_image\" \/>\n<script type=\"application\/ld+json\" class=\"yoast-schema-graph\">{\"@context\":\"https:\/\/schema.org\",\"@graph\":[{\"@type\":\"WebPage\",\"@id\":\"https:\/\/lifesupportdistribution.fr\/de\/produkt\/schnittwunde-sw5\/\",\"url\":\"https:\/\/lifesupportdistribution.fr\/de\/produkt\/schnittwunde-sw5\/\",\"name\":\"SW5 Simoulage \u2013 Hyperrealistische Schnittwunde\",\"isPartOf\":{\"@id\":\"https:\/\/lifesupportdistribution.fr\/de\/#website\"},\"primaryImageOfPage\":{\"@id\":\"https:\/\/lifesupportdistribution.fr\/de\/produkt\/schnittwunde-sw5\/#primaryimage\"},\"image\":{\"@id\":\"https:\/\/lifesupportdistribution.fr\/de\/produkt\/schnittwunde-sw5\/#primaryimage\"},\"thumbnailUrl\":\"https:\/\/lifesupportdistribution.fr\/wp-content\/uploads\/2025\/11\/Photo-SW5-simoulage1.png\",\"datePublished\":\"2025-11-26T13:21:14+00:00\",\"description\":\"SW5 SiMoulage: Realistische Schnittwunde f\u00fcr Erste-Hilfe-Ausbildung, Beurteilung penetrierender Wunden und Notfallma\u00dfnahmen.\",\"breadcrumb\":{\"@id\":\"https:\/\/lifesupportdistribution.fr\/de\/produkt\/schnittwunde-sw5\/#breadcrumb\"},\"inLanguage\":\"de\",\"potentialAction\":[{\"@type\":\"ReadAction\",\"target\":[\"https:\/\/lifesupportdistribution.fr\/de\/produkt\/schnittwunde-sw5\/\"]}]},{\"@type\":\"ImageObject\",\"inLanguage\":\"de\",\"@id\":\"https:\/\/lifesupportdistribution.fr\/de\/produkt\/schnittwunde-sw5\/#primaryimage\",\"url\":\"https:\/\/lifesupportdistribution.fr\/wp-content\/uploads\/2025\/11\/Photo-SW5-simoulage1.png\",\"contentUrl\":\"https:\/\/lifesupportdistribution.fr\/wp-content\/uploads\/2025\/11\/Photo-SW5-simoulage1.png\",\"width\":886,\"height\":584},{\"@type\":\"BreadcrumbList\",\"@id\":\"https:\/\/lifesupportdistribution.fr\/de\/produkt\/schnittwunde-sw5\/#breadcrumb\",\"itemListElement\":[{\"@type\":\"ListItem\",\"position\":1,\"name\":\"Accueil\",\"item\":\"https:\/\/lifesupportdistribution.fr\/de\/startseite\/\"},{\"@type\":\"ListItem\",\"position\":2,\"name\":\"Shop\",\"item\":\"https:\/\/lifesupportdistribution.fr\/de\/shop\/\"},{\"@type\":\"ListItem\",\"position\":3,\"name\":\"Schnittwunde &#8211; SW5\"}]},{\"@type\":\"WebSite\",\"@id\":\"https:\/\/lifesupportdistribution.fr\/de\/#website\",\"url\":\"https:\/\/lifesupportdistribution.fr\/de\/\",\"name\":\"Life Support Distribution\",\"description\":\"Solutions en simulation m\u00e9dicale\",\"publisher\":{\"@id\":\"https:\/\/lifesupportdistribution.fr\/de\/#organization\"},\"potentialAction\":[{\"@type\":\"SearchAction\",\"target\":{\"@type\":\"EntryPoint\",\"urlTemplate\":\"https:\/\/lifesupportdistribution.fr\/de\/?s={search_term_string}\"},\"query-input\":{\"@type\":\"PropertyValueSpecification\",\"valueRequired\":true,\"valueName\":\"search_term_string\"}}],\"inLanguage\":\"de\"},{\"@type\":\"Organization\",\"@id\":\"https:\/\/lifesupportdistribution.fr\/de\/#organization\",\"name\":\"Life Support Distribution\",\"url\":\"https:\/\/lifesupportdistribution.fr\/de\/\",\"logo\":{\"@type\":\"ImageObject\",\"inLanguage\":\"de\",\"@id\":\"https:\/\/lifesupportdistribution.fr\/de\/#\/schema\/logo\/image\/\",\"url\":\"https:\/\/lifesupportdistribution.fr\/wp-content\/uploads\/2025\/10\/logo-life-support-distribution.svg\",\"contentUrl\":\"https:\/\/lifesupportdistribution.fr\/wp-content\/uploads\/2025\/10\/logo-life-support-distribution.svg\",\"width\":698,\"height\":223,\"caption\":\"Life Support Distribution\"},\"image\":{\"@id\":\"https:\/\/lifesupportdistribution.fr\/de\/#\/schema\/logo\/image\/\"},\"sameAs\":[\"https:\/\/www.linkedin.com\/company\/life-support-distribution\/\"]}]}<\/script>\n<!-- \/ Yoast SEO plugin. -->","yoast_head_json":{"title":"SW5 Simoulage \u2013 Hyperrealistische Schnittwunde","description":"SW5 SiMoulage: Realistische Schnittwunde f\u00fcr Erste-Hilfe-Ausbildung, Beurteilung penetrierender Wunden und Notfallma\u00dfnahmen.","robots":{"index":"index","follow":"follow","max-snippet":"max-snippet:-1","max-image-preview":"max-image-preview:large","max-video-preview":"max-video-preview:-1"},"canonical":"https:\/\/lifesupportdistribution.fr\/de\/produkt\/schnittwunde-sw5\/","og_locale":"de_DE","og_type":"article","og_title":"SW5 Simoulage \u2013 Hyperrealistische Schnittwunde","og_description":"SW5 SiMoulage: Realistische Schnittwunde f\u00fcr Erste-Hilfe-Ausbildung, Beurteilung penetrierender Wunden und Notfallma\u00dfnahmen.","og_url":"https:\/\/lifesupportdistribution.fr\/de\/produkt\/schnittwunde-sw5\/","og_site_name":"Life Support Distribution","og_image":[{"width":886,"height":584,"url":"https:\/\/lifesupportdistribution.fr\/wp-content\/uploads\/2025\/11\/Photo-SW5-simoulage1.png","type":"image\/png"}],"twitter_card":"summary_large_image","schema":{"@context":"https:\/\/schema.org","@graph":[{"@type":"WebPage","@id":"https:\/\/lifesupportdistribution.fr\/de\/produkt\/schnittwunde-sw5\/","url":"https:\/\/lifesupportdistribution.fr\/de\/produkt\/schnittwunde-sw5\/","name":"SW5 Simoulage \u2013 Hyperrealistische Schnittwunde","isPartOf":{"@id":"https:\/\/lifesupportdistribution.fr\/de\/#website"},"primaryImageOfPage":{"@id":"https:\/\/lifesupportdistribution.fr\/de\/produkt\/schnittwunde-sw5\/#primaryimage"},"image":{"@id":"https:\/\/lifesupportdistribution.fr\/de\/produkt\/schnittwunde-sw5\/#primaryimage"},"thumbnailUrl":"https:\/\/lifesupportdistribution.fr\/wp-content\/uploads\/2025\/11\/Photo-SW5-simoulage1.png","datePublished":"2025-11-26T13:21:14+00:00","description":"SW5 SiMoulage: Realistische Schnittwunde f\u00fcr Erste-Hilfe-Ausbildung, Beurteilung penetrierender Wunden und Notfallma\u00dfnahmen.","breadcrumb":{"@id":"https:\/\/lifesupportdistribution.fr\/de\/produkt\/schnittwunde-sw5\/#breadcrumb"},"inLanguage":"de","potentialAction":[{"@type":"ReadAction","target":["https:\/\/lifesupportdistribution.fr\/de\/produkt\/schnittwunde-sw5\/"]}]},{"@type":"ImageObject","inLanguage":"de","@id":"https:\/\/lifesupportdistribution.fr\/de\/produkt\/schnittwunde-sw5\/#primaryimage","url":"https:\/\/lifesupportdistribution.fr\/wp-content\/uploads\/2025\/11\/Photo-SW5-simoulage1.png","contentUrl":"https:\/\/lifesupportdistribution.fr\/wp-content\/uploads\/2025\/11\/Photo-SW5-simoulage1.png","width":886,"height":584},{"@type":"BreadcrumbList","@id":"https:\/\/lifesupportdistribution.fr\/de\/produkt\/schnittwunde-sw5\/#breadcrumb","itemListElement":[{"@type":"ListItem","position":1,"name":"Accueil","item":"https:\/\/lifesupportdistribution.fr\/de\/startseite\/"},{"@type":"ListItem","position":2,"name":"Shop","item":"https:\/\/lifesupportdistribution.fr\/de\/shop\/"},{"@type":"ListItem","position":3,"name":"Schnittwunde &#8211; SW5"}]},{"@type":"WebSite","@id":"https:\/\/lifesupportdistribution.fr\/de\/#website","url":"https:\/\/lifesupportdistribution.fr\/de\/","name":"Life Support Distribution","description":"Solutions en simulation m\u00e9dicale","publisher":{"@id":"https:\/\/lifesupportdistribution.fr\/de\/#organization"},"potentialAction":[{"@type":"SearchAction","target":{"@type":"EntryPoint","urlTemplate":"https:\/\/lifesupportdistribution.fr\/de\/?s={search_term_string}"},"query-input":{"@type":"PropertyValueSpecification","valueRequired":true,"valueName":"search_term_string"}}],"inLanguage":"de"},{"@type":"Organization","@id":"https:\/\/lifesupportdistribution.fr\/de\/#organization","name":"Life Support Distribution","url":"https:\/\/lifesupportdistribution.fr\/de\/","logo":{"@type":"ImageObject","inLanguage":"de","@id":"https:\/\/lifesupportdistribution.fr\/de\/#\/schema\/logo\/image\/","url":"https:\/\/lifesupportdistribution.fr\/wp-content\/uploads\/2025\/10\/logo-life-support-distribution.svg","contentUrl":"https:\/\/lifesupportdistribution.fr\/wp-content\/uploads\/2025\/10\/logo-life-support-distribution.svg","width":698,"height":223,"caption":"Life Support Distribution"},"image":{"@id":"https:\/\/lifesupportdistribution.fr\/de\/#\/schema\/logo\/image\/"},"sameAs":["https:\/\/www.linkedin.com\/company\/life-support-distribution\/"]}]}},"_links":{"self":[{"href":"https:\/\/lifesupportdistribution.fr\/de\/wp-json\/wp\/v2\/product\/4961","targetHints":{"allow":["GET"]}}],"collection":[{"href":"https:\/\/lifesupportdistribution.fr\/de\/wp-json\/wp\/v2\/product"}],"about":[{"href":"https:\/\/lifesupportdistribution.fr\/de\/wp-json\/wp\/v2\/types\/product"}],"wp:featuredmedia":[{"embeddable":true,"href":"https:\/\/lifesupportdistribution.fr\/de\/wp-json\/wp\/v2\/media\/2014"}],"wp:attachment":[{"href":"https:\/\/lifesupportdistribution.fr\/de\/wp-json\/wp\/v2\/media?parent=4961"}],"wp:term":[{"taxonomy":"product_brand","embeddable":true,"href":"https:\/\/lifesupportdistribution.fr\/de\/wp-json\/wp\/v2\/product_brand?post=4961"},{"taxonomy":"product_cat","embeddable":true,"href":"https:\/\/lifesupportdistribution.fr\/de\/wp-json\/wp\/v2\/product_cat?post=4961"},{"taxonomy":"product_tag","embeddable":true,"href":"https:\/\/lifesupportdistribution.fr\/de\/wp-json\/wp\/v2\/product_tag?post=4961"}],"curies":[{"name":"wp","href":"https:\/\/api.w.org\/{rel}","templated":true}]}}