{"id":4967,"date":"2025-11-26T12:36:13","date_gmt":"2025-11-26T11:36:13","guid":{"rendered":"https:\/\/lifesupportdistribution.fr\/produits\/simulator-zur-platzierung-von-naso-und-oropharyngealen-kanuelen-decent-simulators\/"},"modified":"2025-11-26T12:36:13","modified_gmt":"2025-11-26T11:36:13","slug":"simulator-zur-platzierung-von-naso-und-oropharyngealen-kanuelen-decent-simulators","status":"publish","type":"product","link":"https:\/\/lifesupportdistribution.fr\/de\/produkt\/simulator-zur-platzierung-von-naso-und-oropharyngealen-kanuelen-decent-simulators\/","title":{"rendered":"Simulator zur Platzierung von naso- und oropharyngealen Kan\u00fclen \u2013 Decent Simulators"},"content":{"rendered":"<p>Dieser Simulator wurde entwickelt, um das Erlernen grundlegender und fortgeschrittener Handgriffe im Atemwegsmanagement zu st\u00e4rken. Er erm\u00f6glicht das Manipulieren und Einf\u00fchren verschiedener Ger\u00e4te wie oropharyngealer, nasopharyngealer oder supraglottischer Kan\u00fclen, w\u00e4hrend an einer naturgetreuen Anatomie gearbeitet wird. Sein modulares Design erm\u00f6glicht eine gro\u00dfe Vielfalt an p\u00e4dagogischen Szenarien, die sowohl f\u00fcr die Erstausbildung als auch f\u00fcr die berufliche Weiterbildung geeignet sind. Dank der Verwendung realistischer Materialien und einer pr\u00e4zisen Reproduktion anatomischer Landmarken bietet er eine immersive Erfahrung, die effektiv auf Situationen in der klinischen Praxis vorbereitet.   <\/p>\n","protected":false},"excerpt":{"rendered":"<p>Der Airway Adjunct Simulator von Decent Simulators ist ein p\u00e4dagogisches Hilfsmittel, das die Ausbildung zur Atemwegssicherung erg\u00e4nzt. Realistisch und vielseitig, erm\u00f6glicht er Studierenden, den Einsatz von Atemwegshilfen und Beatmungsger\u00e4ten unter kliniknahen Bedingungen zu \u00fcben. <\/p>\n","protected":false},"featured_media":1989,"template":"","meta":[],"product_brand":[192],"product_cat":[222],"product_tag":[237,238,252,245,251,236],"class_list":{"0":"post-4967","1":"product","2":"type-product","3":"status-publish","4":"has-post-thumbnail","6":"product_brand-decent-simulators","7":"product_cat-simulatoren-fur-medizinische-versorgung","8":"product_tag-anasthesie","9":"product_tag-erste-hilfe","10":"product_tag-intensivmedizin","11":"product_tag-intensivpflege","12":"product_tag-krankenpflege","13":"product_tag-notfallmedizin","15":"first","16":"instock","17":"shipping-taxable","18":"purchasable","19":"product-type-simple"},"yoast_head":"<!-- This site is optimized with the Yoast SEO plugin v26.8 - https:\/\/yoast.com\/product\/yoast-seo-wordpress\/ -->\n<title>Naso-Oropharyngealkan\u00fclen Decent Simulators \u2013 Platzierungssimulator<\/title>\n<meta name=\"description\" content=\"Decent Simulators Simulator zum sicheren Erlernen der Platzierung von naso- und oropharyngealen Kan\u00fclen, mit praxisgerechten Handgriffen.\" \/>\n<meta name=\"robots\" content=\"index, follow, max-snippet:-1, max-image-preview:large, max-video-preview:-1\" \/>\n<link rel=\"canonical\" href=\"https:\/\/lifesupportdistribution.fr\/de\/produkt\/simulator-zur-platzierung-von-naso-und-oropharyngealen-kanuelen-decent-simulators\/\" \/>\n<meta property=\"og:locale\" content=\"de_DE\" \/>\n<meta property=\"og:type\" content=\"article\" \/>\n<meta property=\"og:title\" content=\"Naso-Oropharyngealkan\u00fclen Decent Simulators \u2013 Platzierungssimulator\" \/>\n<meta property=\"og:description\" content=\"Decent Simulators Simulator zum sicheren Erlernen der Platzierung von naso- und oropharyngealen Kan\u00fclen, mit praxisgerechten Handgriffen.\" \/>\n<meta property=\"og:url\" content=\"https:\/\/lifesupportdistribution.fr\/de\/produkt\/simulator-zur-platzierung-von-naso-und-oropharyngealen-kanuelen-decent-simulators\/\" \/>\n<meta property=\"og:site_name\" content=\"Life Support Distribution\" \/>\n<meta property=\"og:image\" content=\"https:\/\/lifesupportdistribution.fr\/wp-content\/uploads\/2025\/11\/Photo-adj-airway-1.png\" \/>\n\t<meta property=\"og:image:width\" content=\"868\" \/>\n\t<meta property=\"og:image:height\" content=\"608\" \/>\n\t<meta property=\"og:image:type\" content=\"image\/png\" \/>\n<meta name=\"twitter:card\" content=\"summary_large_image\" \/>\n<script type=\"application\/ld+json\" class=\"yoast-schema-graph\">{\"@context\":\"https:\/\/schema.org\",\"@graph\":[{\"@type\":\"WebPage\",\"@id\":\"https:\/\/lifesupportdistribution.fr\/de\/produkt\/simulator-zur-platzierung-von-naso-und-oropharyngealen-kanuelen-decent-simulators\/\",\"url\":\"https:\/\/lifesupportdistribution.fr\/de\/produkt\/simulator-zur-platzierung-von-naso-und-oropharyngealen-kanuelen-decent-simulators\/\",\"name\":\"Naso-Oropharyngealkan\u00fclen Decent Simulators \u2013 Platzierungssimulator\",\"isPartOf\":{\"@id\":\"https:\/\/lifesupportdistribution.fr\/de\/#website\"},\"primaryImageOfPage\":{\"@id\":\"https:\/\/lifesupportdistribution.fr\/de\/produkt\/simulator-zur-platzierung-von-naso-und-oropharyngealen-kanuelen-decent-simulators\/#primaryimage\"},\"image\":{\"@id\":\"https:\/\/lifesupportdistribution.fr\/de\/produkt\/simulator-zur-platzierung-von-naso-und-oropharyngealen-kanuelen-decent-simulators\/#primaryimage\"},\"thumbnailUrl\":\"https:\/\/lifesupportdistribution.fr\/wp-content\/uploads\/2025\/11\/Photo-adj-airway-1.png\",\"datePublished\":\"2025-11-26T11:36:13+00:00\",\"description\":\"Decent Simulators Simulator zum sicheren Erlernen der Platzierung von naso- und oropharyngealen Kan\u00fclen, mit praxisgerechten Handgriffen.\",\"breadcrumb\":{\"@id\":\"https:\/\/lifesupportdistribution.fr\/de\/produkt\/simulator-zur-platzierung-von-naso-und-oropharyngealen-kanuelen-decent-simulators\/#breadcrumb\"},\"inLanguage\":\"de\",\"potentialAction\":[{\"@type\":\"ReadAction\",\"target\":[\"https:\/\/lifesupportdistribution.fr\/de\/produkt\/simulator-zur-platzierung-von-naso-und-oropharyngealen-kanuelen-decent-simulators\/\"]}]},{\"@type\":\"ImageObject\",\"inLanguage\":\"de\",\"@id\":\"https:\/\/lifesupportdistribution.fr\/de\/produkt\/simulator-zur-platzierung-von-naso-und-oropharyngealen-kanuelen-decent-simulators\/#primaryimage\",\"url\":\"https:\/\/lifesupportdistribution.fr\/wp-content\/uploads\/2025\/11\/Photo-adj-airway-1.png\",\"contentUrl\":\"https:\/\/lifesupportdistribution.fr\/wp-content\/uploads\/2025\/11\/Photo-adj-airway-1.png\",\"width\":868,\"height\":608},{\"@type\":\"BreadcrumbList\",\"@id\":\"https:\/\/lifesupportdistribution.fr\/de\/produkt\/simulator-zur-platzierung-von-naso-und-oropharyngealen-kanuelen-decent-simulators\/#breadcrumb\",\"itemListElement\":[{\"@type\":\"ListItem\",\"position\":1,\"name\":\"Accueil\",\"item\":\"https:\/\/lifesupportdistribution.fr\/de\/startseite\/\"},{\"@type\":\"ListItem\",\"position\":2,\"name\":\"Shop\",\"item\":\"https:\/\/lifesupportdistribution.fr\/de\/shop\/\"},{\"@type\":\"ListItem\",\"position\":3,\"name\":\"Simulator zur Platzierung von naso- und oropharyngealen Kan\u00fclen \u2013 Decent Simulators\"}]},{\"@type\":\"WebSite\",\"@id\":\"https:\/\/lifesupportdistribution.fr\/de\/#website\",\"url\":\"https:\/\/lifesupportdistribution.fr\/de\/\",\"name\":\"Life Support Distribution\",\"description\":\"Solutions en simulation m\u00e9dicale\",\"publisher\":{\"@id\":\"https:\/\/lifesupportdistribution.fr\/de\/#organization\"},\"potentialAction\":[{\"@type\":\"SearchAction\",\"target\":{\"@type\":\"EntryPoint\",\"urlTemplate\":\"https:\/\/lifesupportdistribution.fr\/de\/?s={search_term_string}\"},\"query-input\":{\"@type\":\"PropertyValueSpecification\",\"valueRequired\":true,\"valueName\":\"search_term_string\"}}],\"inLanguage\":\"de\"},{\"@type\":\"Organization\",\"@id\":\"https:\/\/lifesupportdistribution.fr\/de\/#organization\",\"name\":\"Life Support Distribution\",\"url\":\"https:\/\/lifesupportdistribution.fr\/de\/\",\"logo\":{\"@type\":\"ImageObject\",\"inLanguage\":\"de\",\"@id\":\"https:\/\/lifesupportdistribution.fr\/de\/#\/schema\/logo\/image\/\",\"url\":\"https:\/\/lifesupportdistribution.fr\/wp-content\/uploads\/2025\/10\/logo-life-support-distribution.svg\",\"contentUrl\":\"https:\/\/lifesupportdistribution.fr\/wp-content\/uploads\/2025\/10\/logo-life-support-distribution.svg\",\"width\":698,\"height\":223,\"caption\":\"Life Support Distribution\"},\"image\":{\"@id\":\"https:\/\/lifesupportdistribution.fr\/de\/#\/schema\/logo\/image\/\"},\"sameAs\":[\"https:\/\/www.linkedin.com\/company\/life-support-distribution\/\"]}]}<\/script>\n<!-- \/ Yoast SEO plugin. -->","yoast_head_json":{"title":"Naso-Oropharyngealkan\u00fclen Decent Simulators \u2013 Platzierungssimulator","description":"Decent Simulators Simulator zum sicheren Erlernen der Platzierung von naso- und oropharyngealen Kan\u00fclen, mit praxisgerechten Handgriffen.","robots":{"index":"index","follow":"follow","max-snippet":"max-snippet:-1","max-image-preview":"max-image-preview:large","max-video-preview":"max-video-preview:-1"},"canonical":"https:\/\/lifesupportdistribution.fr\/de\/produkt\/simulator-zur-platzierung-von-naso-und-oropharyngealen-kanuelen-decent-simulators\/","og_locale":"de_DE","og_type":"article","og_title":"Naso-Oropharyngealkan\u00fclen Decent Simulators \u2013 Platzierungssimulator","og_description":"Decent Simulators Simulator zum sicheren Erlernen der Platzierung von naso- und oropharyngealen Kan\u00fclen, mit praxisgerechten Handgriffen.","og_url":"https:\/\/lifesupportdistribution.fr\/de\/produkt\/simulator-zur-platzierung-von-naso-und-oropharyngealen-kanuelen-decent-simulators\/","og_site_name":"Life Support Distribution","og_image":[{"width":868,"height":608,"url":"https:\/\/lifesupportdistribution.fr\/wp-content\/uploads\/2025\/11\/Photo-adj-airway-1.png","type":"image\/png"}],"twitter_card":"summary_large_image","schema":{"@context":"https:\/\/schema.org","@graph":[{"@type":"WebPage","@id":"https:\/\/lifesupportdistribution.fr\/de\/produkt\/simulator-zur-platzierung-von-naso-und-oropharyngealen-kanuelen-decent-simulators\/","url":"https:\/\/lifesupportdistribution.fr\/de\/produkt\/simulator-zur-platzierung-von-naso-und-oropharyngealen-kanuelen-decent-simulators\/","name":"Naso-Oropharyngealkan\u00fclen Decent Simulators \u2013 Platzierungssimulator","isPartOf":{"@id":"https:\/\/lifesupportdistribution.fr\/de\/#website"},"primaryImageOfPage":{"@id":"https:\/\/lifesupportdistribution.fr\/de\/produkt\/simulator-zur-platzierung-von-naso-und-oropharyngealen-kanuelen-decent-simulators\/#primaryimage"},"image":{"@id":"https:\/\/lifesupportdistribution.fr\/de\/produkt\/simulator-zur-platzierung-von-naso-und-oropharyngealen-kanuelen-decent-simulators\/#primaryimage"},"thumbnailUrl":"https:\/\/lifesupportdistribution.fr\/wp-content\/uploads\/2025\/11\/Photo-adj-airway-1.png","datePublished":"2025-11-26T11:36:13+00:00","description":"Decent Simulators Simulator zum sicheren Erlernen der Platzierung von naso- und oropharyngealen Kan\u00fclen, mit praxisgerechten Handgriffen.","breadcrumb":{"@id":"https:\/\/lifesupportdistribution.fr\/de\/produkt\/simulator-zur-platzierung-von-naso-und-oropharyngealen-kanuelen-decent-simulators\/#breadcrumb"},"inLanguage":"de","potentialAction":[{"@type":"ReadAction","target":["https:\/\/lifesupportdistribution.fr\/de\/produkt\/simulator-zur-platzierung-von-naso-und-oropharyngealen-kanuelen-decent-simulators\/"]}]},{"@type":"ImageObject","inLanguage":"de","@id":"https:\/\/lifesupportdistribution.fr\/de\/produkt\/simulator-zur-platzierung-von-naso-und-oropharyngealen-kanuelen-decent-simulators\/#primaryimage","url":"https:\/\/lifesupportdistribution.fr\/wp-content\/uploads\/2025\/11\/Photo-adj-airway-1.png","contentUrl":"https:\/\/lifesupportdistribution.fr\/wp-content\/uploads\/2025\/11\/Photo-adj-airway-1.png","width":868,"height":608},{"@type":"BreadcrumbList","@id":"https:\/\/lifesupportdistribution.fr\/de\/produkt\/simulator-zur-platzierung-von-naso-und-oropharyngealen-kanuelen-decent-simulators\/#breadcrumb","itemListElement":[{"@type":"ListItem","position":1,"name":"Accueil","item":"https:\/\/lifesupportdistribution.fr\/de\/startseite\/"},{"@type":"ListItem","position":2,"name":"Shop","item":"https:\/\/lifesupportdistribution.fr\/de\/shop\/"},{"@type":"ListItem","position":3,"name":"Simulator zur Platzierung von naso- und oropharyngealen Kan\u00fclen \u2013 Decent Simulators"}]},{"@type":"WebSite","@id":"https:\/\/lifesupportdistribution.fr\/de\/#website","url":"https:\/\/lifesupportdistribution.fr\/de\/","name":"Life Support Distribution","description":"Solutions en simulation m\u00e9dicale","publisher":{"@id":"https:\/\/lifesupportdistribution.fr\/de\/#organization"},"potentialAction":[{"@type":"SearchAction","target":{"@type":"EntryPoint","urlTemplate":"https:\/\/lifesupportdistribution.fr\/de\/?s={search_term_string}"},"query-input":{"@type":"PropertyValueSpecification","valueRequired":true,"valueName":"search_term_string"}}],"inLanguage":"de"},{"@type":"Organization","@id":"https:\/\/lifesupportdistribution.fr\/de\/#organization","name":"Life Support Distribution","url":"https:\/\/lifesupportdistribution.fr\/de\/","logo":{"@type":"ImageObject","inLanguage":"de","@id":"https:\/\/lifesupportdistribution.fr\/de\/#\/schema\/logo\/image\/","url":"https:\/\/lifesupportdistribution.fr\/wp-content\/uploads\/2025\/10\/logo-life-support-distribution.svg","contentUrl":"https:\/\/lifesupportdistribution.fr\/wp-content\/uploads\/2025\/10\/logo-life-support-distribution.svg","width":698,"height":223,"caption":"Life Support Distribution"},"image":{"@id":"https:\/\/lifesupportdistribution.fr\/de\/#\/schema\/logo\/image\/"},"sameAs":["https:\/\/www.linkedin.com\/company\/life-support-distribution\/"]}]}},"_links":{"self":[{"href":"https:\/\/lifesupportdistribution.fr\/de\/wp-json\/wp\/v2\/product\/4967","targetHints":{"allow":["GET"]}}],"collection":[{"href":"https:\/\/lifesupportdistribution.fr\/de\/wp-json\/wp\/v2\/product"}],"about":[{"href":"https:\/\/lifesupportdistribution.fr\/de\/wp-json\/wp\/v2\/types\/product"}],"wp:featuredmedia":[{"embeddable":true,"href":"https:\/\/lifesupportdistribution.fr\/de\/wp-json\/wp\/v2\/media\/1989"}],"wp:attachment":[{"href":"https:\/\/lifesupportdistribution.fr\/de\/wp-json\/wp\/v2\/media?parent=4967"}],"wp:term":[{"taxonomy":"product_brand","embeddable":true,"href":"https:\/\/lifesupportdistribution.fr\/de\/wp-json\/wp\/v2\/product_brand?post=4967"},{"taxonomy":"product_cat","embeddable":true,"href":"https:\/\/lifesupportdistribution.fr\/de\/wp-json\/wp\/v2\/product_cat?post=4967"},{"taxonomy":"product_tag","embeddable":true,"href":"https:\/\/lifesupportdistribution.fr\/de\/wp-json\/wp\/v2\/product_tag?post=4967"}],"curies":[{"name":"wp","href":"https:\/\/api.w.org\/{rel}","templated":true}]}}