{"id":4978,"date":"2025-11-14T16:55:50","date_gmt":"2025-11-14T15:55:50","guid":{"rendered":"https:\/\/lifesupportdistribution.fr\/produits\/maennliches-erwachsenenmodell\/"},"modified":"2025-11-14T16:55:50","modified_gmt":"2025-11-14T15:55:50","slug":"maennliches-erwachsenenmodell","status":"publish","type":"product","link":"https:\/\/lifesupportdistribution.fr\/de\/produkt\/maennliches-erwachsenenmodell\/","title":{"rendered":"M\u00e4nnliches Erwachsenenmodell"},"content":{"rendered":"<p>Dieses m\u00e4nnliche Erwachsenenmodell wurde entwickelt, um den Anforderungen von Krankenh\u00e4usern, Pflegeschulen und Simulationszentren gerecht zu werden. Seine geschlossenen Augen mit manueller \u00d6ffnungsm\u00f6glichkeit sowie seine handimplantierten Haare betonen seinen Realismus. Auf Anfrage in verschiedenen ethnischen Ausf\u00fchrungen erh\u00e4ltlich, f\u00f6rdert es eine repr\u00e4sentative Patientenvielfalt.  <\/p>\n<p>\u00dcber sein visuelles Erscheinungsbild hinaus erm\u00f6glicht dieses Modell das \u00dcben einer breiten Palette medizinischer Verfahren, vom Atemwegsmanagement bis zur endotrachealen Intubation, einschlie\u00dflich invasiver Verfahren wie Nadeldekompression und bilateralem intraoss\u00e4rem Zugang.<\/p>\n","protected":false},"excerpt":{"rendered":"<p>Das m\u00e4nnliche Erwachsenenmodell von Lifecast Body Simulation bildet die Morphologie eines 50-j\u00e4hrigen Erwachsenen exakt ab. Entwickelt mit einer realistischen Gr\u00f6\u00dfe und einem Gewicht zwischen 30 und 40 kg, erm\u00f6glicht es eine nat\u00fcrliche und immersive Handhabung. Dank seiner Textur, anatomischen Details und der Reproduktion von Atemwegen, Venen und darunterliegenden Strukturen ist es eine ideale Unterst\u00fctzung f\u00fcr die Gestaltung vielf\u00e4ltiger und anspruchsvoller medizinischer Simulationsszenarien.  <\/p>\n","protected":false},"featured_media":1764,"template":"","meta":[],"product_brand":[202],"product_cat":[218],"product_tag":[230,249,251,236],"class_list":{"0":"post-4978","1":"product","2":"type-product","3":"status-publish","4":"has-post-thumbnail","6":"product_brand-lifecast-body-simulation","7":"product_cat-simulationspuppen","8":"product_tag-allgemeinmedizin","9":"product_tag-innere-medizin","10":"product_tag-krankenpflege","11":"product_tag-notfallmedizin","13":"first","14":"instock","15":"shipping-taxable","16":"purchasable","17":"product-type-simple"},"yoast_head":"<!-- This site is optimized with the Yoast SEO plugin v26.8 - https:\/\/yoast.com\/product\/yoast-seo-wordpress\/ -->\n<title>M\u00e4nnliches Erwachsenenmodell Lifecast \u2013 Realistische Simulation<\/title>\n<meta name=\"description\" content=\"M\u00e4nnliches Erwachsenenmodell Lifecast: Hyperrealistisches Modell f\u00fcr die Ausbildung in Pflege, Notfallmedizin, technischen Verfahren und Patientenversorgung.\" \/>\n<meta name=\"robots\" content=\"index, follow, max-snippet:-1, max-image-preview:large, max-video-preview:-1\" \/>\n<link rel=\"canonical\" href=\"https:\/\/lifesupportdistribution.fr\/de\/produkt\/maennliches-erwachsenenmodell\/\" \/>\n<meta property=\"og:locale\" content=\"de_DE\" \/>\n<meta property=\"og:type\" content=\"article\" \/>\n<meta property=\"og:title\" content=\"M\u00e4nnliches Erwachsenenmodell Lifecast \u2013 Realistische Simulation\" \/>\n<meta property=\"og:description\" content=\"M\u00e4nnliches Erwachsenenmodell Lifecast: Hyperrealistisches Modell f\u00fcr die Ausbildung in Pflege, Notfallmedizin, technischen Verfahren und Patientenversorgung.\" \/>\n<meta property=\"og:url\" content=\"https:\/\/lifesupportdistribution.fr\/de\/produkt\/maennliches-erwachsenenmodell\/\" \/>\n<meta property=\"og:site_name\" content=\"Life Support Distribution\" \/>\n<meta property=\"og:image\" content=\"https:\/\/lifesupportdistribution.fr\/wp-content\/uploads\/2025\/11\/Photo-1-Adulte-homme-lifecast.png\" \/>\n\t<meta property=\"og:image:width\" content=\"682\" \/>\n\t<meta property=\"og:image:height\" content=\"454\" \/>\n\t<meta property=\"og:image:type\" content=\"image\/png\" \/>\n<meta name=\"twitter:card\" content=\"summary_large_image\" \/>\n<script type=\"application\/ld+json\" class=\"yoast-schema-graph\">{\"@context\":\"https:\/\/schema.org\",\"@graph\":[{\"@type\":\"WebPage\",\"@id\":\"https:\/\/lifesupportdistribution.fr\/de\/produkt\/maennliches-erwachsenenmodell\/\",\"url\":\"https:\/\/lifesupportdistribution.fr\/de\/produkt\/maennliches-erwachsenenmodell\/\",\"name\":\"M\u00e4nnliches Erwachsenenmodell Lifecast \u2013 Realistische Simulation\",\"isPartOf\":{\"@id\":\"https:\/\/lifesupportdistribution.fr\/de\/#website\"},\"primaryImageOfPage\":{\"@id\":\"https:\/\/lifesupportdistribution.fr\/de\/produkt\/maennliches-erwachsenenmodell\/#primaryimage\"},\"image\":{\"@id\":\"https:\/\/lifesupportdistribution.fr\/de\/produkt\/maennliches-erwachsenenmodell\/#primaryimage\"},\"thumbnailUrl\":\"https:\/\/lifesupportdistribution.fr\/wp-content\/uploads\/2025\/11\/Photo-1-Adulte-homme-lifecast.png\",\"datePublished\":\"2025-11-14T15:55:50+00:00\",\"description\":\"M\u00e4nnliches Erwachsenenmodell Lifecast: Hyperrealistisches Modell f\u00fcr die Ausbildung in Pflege, Notfallmedizin, technischen Verfahren und Patientenversorgung.\",\"breadcrumb\":{\"@id\":\"https:\/\/lifesupportdistribution.fr\/de\/produkt\/maennliches-erwachsenenmodell\/#breadcrumb\"},\"inLanguage\":\"de\",\"potentialAction\":[{\"@type\":\"ReadAction\",\"target\":[\"https:\/\/lifesupportdistribution.fr\/de\/produkt\/maennliches-erwachsenenmodell\/\"]}]},{\"@type\":\"ImageObject\",\"inLanguage\":\"de\",\"@id\":\"https:\/\/lifesupportdistribution.fr\/de\/produkt\/maennliches-erwachsenenmodell\/#primaryimage\",\"url\":\"https:\/\/lifesupportdistribution.fr\/wp-content\/uploads\/2025\/11\/Photo-1-Adulte-homme-lifecast.png\",\"contentUrl\":\"https:\/\/lifesupportdistribution.fr\/wp-content\/uploads\/2025\/11\/Photo-1-Adulte-homme-lifecast.png\",\"width\":682,\"height\":454},{\"@type\":\"BreadcrumbList\",\"@id\":\"https:\/\/lifesupportdistribution.fr\/de\/produkt\/maennliches-erwachsenenmodell\/#breadcrumb\",\"itemListElement\":[{\"@type\":\"ListItem\",\"position\":1,\"name\":\"Accueil\",\"item\":\"https:\/\/lifesupportdistribution.fr\/de\/startseite\/\"},{\"@type\":\"ListItem\",\"position\":2,\"name\":\"Shop\",\"item\":\"https:\/\/lifesupportdistribution.fr\/de\/shop\/\"},{\"@type\":\"ListItem\",\"position\":3,\"name\":\"M\u00e4nnliches Erwachsenenmodell\"}]},{\"@type\":\"WebSite\",\"@id\":\"https:\/\/lifesupportdistribution.fr\/de\/#website\",\"url\":\"https:\/\/lifesupportdistribution.fr\/de\/\",\"name\":\"Life Support Distribution\",\"description\":\"Solutions en simulation m\u00e9dicale\",\"publisher\":{\"@id\":\"https:\/\/lifesupportdistribution.fr\/de\/#organization\"},\"potentialAction\":[{\"@type\":\"SearchAction\",\"target\":{\"@type\":\"EntryPoint\",\"urlTemplate\":\"https:\/\/lifesupportdistribution.fr\/de\/?s={search_term_string}\"},\"query-input\":{\"@type\":\"PropertyValueSpecification\",\"valueRequired\":true,\"valueName\":\"search_term_string\"}}],\"inLanguage\":\"de\"},{\"@type\":\"Organization\",\"@id\":\"https:\/\/lifesupportdistribution.fr\/de\/#organization\",\"name\":\"Life Support Distribution\",\"url\":\"https:\/\/lifesupportdistribution.fr\/de\/\",\"logo\":{\"@type\":\"ImageObject\",\"inLanguage\":\"de\",\"@id\":\"https:\/\/lifesupportdistribution.fr\/de\/#\/schema\/logo\/image\/\",\"url\":\"https:\/\/lifesupportdistribution.fr\/wp-content\/uploads\/2025\/10\/logo-life-support-distribution.svg\",\"contentUrl\":\"https:\/\/lifesupportdistribution.fr\/wp-content\/uploads\/2025\/10\/logo-life-support-distribution.svg\",\"width\":698,\"height\":223,\"caption\":\"Life Support Distribution\"},\"image\":{\"@id\":\"https:\/\/lifesupportdistribution.fr\/de\/#\/schema\/logo\/image\/\"},\"sameAs\":[\"https:\/\/www.linkedin.com\/company\/life-support-distribution\/\"]}]}<\/script>\n<!-- \/ Yoast SEO plugin. -->","yoast_head_json":{"title":"M\u00e4nnliches Erwachsenenmodell Lifecast \u2013 Realistische Simulation","description":"M\u00e4nnliches Erwachsenenmodell Lifecast: Hyperrealistisches Modell f\u00fcr die Ausbildung in Pflege, Notfallmedizin, technischen Verfahren und Patientenversorgung.","robots":{"index":"index","follow":"follow","max-snippet":"max-snippet:-1","max-image-preview":"max-image-preview:large","max-video-preview":"max-video-preview:-1"},"canonical":"https:\/\/lifesupportdistribution.fr\/de\/produkt\/maennliches-erwachsenenmodell\/","og_locale":"de_DE","og_type":"article","og_title":"M\u00e4nnliches Erwachsenenmodell Lifecast \u2013 Realistische Simulation","og_description":"M\u00e4nnliches Erwachsenenmodell Lifecast: Hyperrealistisches Modell f\u00fcr die Ausbildung in Pflege, Notfallmedizin, technischen Verfahren und Patientenversorgung.","og_url":"https:\/\/lifesupportdistribution.fr\/de\/produkt\/maennliches-erwachsenenmodell\/","og_site_name":"Life Support Distribution","og_image":[{"width":682,"height":454,"url":"https:\/\/lifesupportdistribution.fr\/wp-content\/uploads\/2025\/11\/Photo-1-Adulte-homme-lifecast.png","type":"image\/png"}],"twitter_card":"summary_large_image","schema":{"@context":"https:\/\/schema.org","@graph":[{"@type":"WebPage","@id":"https:\/\/lifesupportdistribution.fr\/de\/produkt\/maennliches-erwachsenenmodell\/","url":"https:\/\/lifesupportdistribution.fr\/de\/produkt\/maennliches-erwachsenenmodell\/","name":"M\u00e4nnliches Erwachsenenmodell Lifecast \u2013 Realistische Simulation","isPartOf":{"@id":"https:\/\/lifesupportdistribution.fr\/de\/#website"},"primaryImageOfPage":{"@id":"https:\/\/lifesupportdistribution.fr\/de\/produkt\/maennliches-erwachsenenmodell\/#primaryimage"},"image":{"@id":"https:\/\/lifesupportdistribution.fr\/de\/produkt\/maennliches-erwachsenenmodell\/#primaryimage"},"thumbnailUrl":"https:\/\/lifesupportdistribution.fr\/wp-content\/uploads\/2025\/11\/Photo-1-Adulte-homme-lifecast.png","datePublished":"2025-11-14T15:55:50+00:00","description":"M\u00e4nnliches Erwachsenenmodell Lifecast: Hyperrealistisches Modell f\u00fcr die Ausbildung in Pflege, Notfallmedizin, technischen Verfahren und Patientenversorgung.","breadcrumb":{"@id":"https:\/\/lifesupportdistribution.fr\/de\/produkt\/maennliches-erwachsenenmodell\/#breadcrumb"},"inLanguage":"de","potentialAction":[{"@type":"ReadAction","target":["https:\/\/lifesupportdistribution.fr\/de\/produkt\/maennliches-erwachsenenmodell\/"]}]},{"@type":"ImageObject","inLanguage":"de","@id":"https:\/\/lifesupportdistribution.fr\/de\/produkt\/maennliches-erwachsenenmodell\/#primaryimage","url":"https:\/\/lifesupportdistribution.fr\/wp-content\/uploads\/2025\/11\/Photo-1-Adulte-homme-lifecast.png","contentUrl":"https:\/\/lifesupportdistribution.fr\/wp-content\/uploads\/2025\/11\/Photo-1-Adulte-homme-lifecast.png","width":682,"height":454},{"@type":"BreadcrumbList","@id":"https:\/\/lifesupportdistribution.fr\/de\/produkt\/maennliches-erwachsenenmodell\/#breadcrumb","itemListElement":[{"@type":"ListItem","position":1,"name":"Accueil","item":"https:\/\/lifesupportdistribution.fr\/de\/startseite\/"},{"@type":"ListItem","position":2,"name":"Shop","item":"https:\/\/lifesupportdistribution.fr\/de\/shop\/"},{"@type":"ListItem","position":3,"name":"M\u00e4nnliches Erwachsenenmodell"}]},{"@type":"WebSite","@id":"https:\/\/lifesupportdistribution.fr\/de\/#website","url":"https:\/\/lifesupportdistribution.fr\/de\/","name":"Life Support Distribution","description":"Solutions en simulation m\u00e9dicale","publisher":{"@id":"https:\/\/lifesupportdistribution.fr\/de\/#organization"},"potentialAction":[{"@type":"SearchAction","target":{"@type":"EntryPoint","urlTemplate":"https:\/\/lifesupportdistribution.fr\/de\/?s={search_term_string}"},"query-input":{"@type":"PropertyValueSpecification","valueRequired":true,"valueName":"search_term_string"}}],"inLanguage":"de"},{"@type":"Organization","@id":"https:\/\/lifesupportdistribution.fr\/de\/#organization","name":"Life Support Distribution","url":"https:\/\/lifesupportdistribution.fr\/de\/","logo":{"@type":"ImageObject","inLanguage":"de","@id":"https:\/\/lifesupportdistribution.fr\/de\/#\/schema\/logo\/image\/","url":"https:\/\/lifesupportdistribution.fr\/wp-content\/uploads\/2025\/10\/logo-life-support-distribution.svg","contentUrl":"https:\/\/lifesupportdistribution.fr\/wp-content\/uploads\/2025\/10\/logo-life-support-distribution.svg","width":698,"height":223,"caption":"Life Support Distribution"},"image":{"@id":"https:\/\/lifesupportdistribution.fr\/de\/#\/schema\/logo\/image\/"},"sameAs":["https:\/\/www.linkedin.com\/company\/life-support-distribution\/"]}]}},"_links":{"self":[{"href":"https:\/\/lifesupportdistribution.fr\/de\/wp-json\/wp\/v2\/product\/4978","targetHints":{"allow":["GET"]}}],"collection":[{"href":"https:\/\/lifesupportdistribution.fr\/de\/wp-json\/wp\/v2\/product"}],"about":[{"href":"https:\/\/lifesupportdistribution.fr\/de\/wp-json\/wp\/v2\/types\/product"}],"wp:featuredmedia":[{"embeddable":true,"href":"https:\/\/lifesupportdistribution.fr\/de\/wp-json\/wp\/v2\/media\/1764"}],"wp:attachment":[{"href":"https:\/\/lifesupportdistribution.fr\/de\/wp-json\/wp\/v2\/media?parent=4978"}],"wp:term":[{"taxonomy":"product_brand","embeddable":true,"href":"https:\/\/lifesupportdistribution.fr\/de\/wp-json\/wp\/v2\/product_brand?post=4978"},{"taxonomy":"product_cat","embeddable":true,"href":"https:\/\/lifesupportdistribution.fr\/de\/wp-json\/wp\/v2\/product_cat?post=4978"},{"taxonomy":"product_tag","embeddable":true,"href":"https:\/\/lifesupportdistribution.fr\/de\/wp-json\/wp\/v2\/product_tag?post=4978"}],"curies":[{"name":"wp","href":"https:\/\/api.w.org\/{rel}","templated":true}]}}