{"id":4988,"date":"2025-11-14T14:58:01","date_gmt":"2025-11-14T13:58:01","guid":{"rendered":"https:\/\/lifesupportdistribution.fr\/produits\/fruehgeborenen-mannequin-28-wochen\/"},"modified":"2025-11-14T14:58:01","modified_gmt":"2025-11-14T13:58:01","slug":"fruehgeborenen-mannequin-28-wochen","status":"publish","type":"product","link":"https:\/\/lifesupportdistribution.fr\/de\/produkt\/fruehgeborenen-mannequin-28-wochen\/","title":{"rendered":"Fr\u00fchgeborenen-Mannequin 28 Wochen"},"content":{"rendered":"<p>Mit dem Fr\u00fchgeborenen-Mannequin 28 Wochen bietet Lifecast Body Simulation ein einzigartiges Lehrmittel f\u00fcr Ausbildung und Sensibilisierung.<\/p>\n<p>Hergestellt aus hochwertigem medizinischem Silikon, bildet es die fragile Haut, die F\u00e4rbung und die Proportionen eines Babys von 28 Schwangerschaftswochen naturgetreu ab.<\/p>\n<p>Dieses Modell eignet sich besonders f\u00fcr die Vermittlung spezifischer Pflege f\u00fcr extrem Fr\u00fchgeborene: Thermoregulation, Positionierung, Pflegema\u00dfnahmen und Kommunikation mit den Eltern.<\/p>\n<p>Eingesetzt in Simulationszentren, Krankenhausabteilungen und Pflegeschulen, verleiht es der P\u00e4dagogik eine menschliche und realistische Dimension.<\/p>\n<p>Sein visueller und taktiler Realismus erleichtert das Lernen und st\u00e4rkt das Engagement der Lernenden.<\/p>\n","protected":false},"excerpt":{"rendered":"<p>Das Fr\u00fchgeborenen-Mannequin 28 Wochen von Lifecast Body Simulation bietet eine hyperrealistische Nachbildung eines extrem fr\u00fchgeborenen Neugeborenen. Seine Gr\u00f6\u00dfe, Proportionen und anatomischen Details erm\u00f6glichen ein vollst\u00e4ndiges Eintauchen in die Versorgung in der Neonatologie und Intensivpflege. <\/p>\n","protected":false},"featured_media":1723,"template":"","meta":[],"product_brand":[202],"product_cat":[218],"product_tag":[230,249,251,256,236,235],"class_list":{"0":"post-4988","1":"product","2":"type-product","3":"status-publish","4":"has-post-thumbnail","6":"product_brand-lifecast-body-simulation","7":"product_cat-simulationspuppen","8":"product_tag-allgemeinmedizin","9":"product_tag-innere-medizin","10":"product_tag-krankenpflege","11":"product_tag-neonatologie","12":"product_tag-notfallmedizin","13":"product_tag-padiatrie","15":"first","16":"instock","17":"shipping-taxable","18":"purchasable","19":"product-type-simple"},"yoast_head":"<!-- This site is optimized with the Yoast SEO plugin v26.8 - https:\/\/yoast.com\/product\/yoast-seo-wordpress\/ -->\n<title>Fr\u00fchgeborenes 28 Wochen Lifecast \u2013 Neonatales Mannequin<\/title>\n<meta name=\"description\" content=\"Fr\u00fchgeborenen-Mannequin 28 Wochen Lifecast: Realistisches Werkzeug f\u00fcr die neonatale Pflegeausbildung und die Versorgung von extrem Fr\u00fchgeborenen.\" \/>\n<meta name=\"robots\" content=\"index, follow, max-snippet:-1, max-image-preview:large, max-video-preview:-1\" \/>\n<link rel=\"canonical\" href=\"https:\/\/lifesupportdistribution.fr\/de\/produkt\/fruehgeborenen-mannequin-28-wochen\/\" \/>\n<meta property=\"og:locale\" content=\"de_DE\" \/>\n<meta property=\"og:type\" content=\"article\" \/>\n<meta property=\"og:title\" content=\"Fr\u00fchgeborenes 28 Wochen Lifecast \u2013 Neonatales Mannequin\" \/>\n<meta property=\"og:description\" content=\"Fr\u00fchgeborenen-Mannequin 28 Wochen Lifecast: Realistisches Werkzeug f\u00fcr die neonatale Pflegeausbildung und die Versorgung von extrem Fr\u00fchgeborenen.\" \/>\n<meta property=\"og:url\" content=\"https:\/\/lifesupportdistribution.fr\/de\/produkt\/fruehgeborenen-mannequin-28-wochen\/\" \/>\n<meta property=\"og:site_name\" content=\"Life Support Distribution\" \/>\n<meta property=\"og:image\" content=\"https:\/\/lifesupportdistribution.fr\/wp-content\/uploads\/2025\/11\/Photo-1-premature-28s-lifecast.png\" \/>\n\t<meta property=\"og:image:width\" content=\"718\" \/>\n\t<meta property=\"og:image:height\" content=\"408\" \/>\n\t<meta property=\"og:image:type\" content=\"image\/png\" \/>\n<meta name=\"twitter:card\" content=\"summary_large_image\" \/>\n<script type=\"application\/ld+json\" class=\"yoast-schema-graph\">{\"@context\":\"https:\/\/schema.org\",\"@graph\":[{\"@type\":\"WebPage\",\"@id\":\"https:\/\/lifesupportdistribution.fr\/de\/produkt\/fruehgeborenen-mannequin-28-wochen\/\",\"url\":\"https:\/\/lifesupportdistribution.fr\/de\/produkt\/fruehgeborenen-mannequin-28-wochen\/\",\"name\":\"Fr\u00fchgeborenes 28 Wochen Lifecast \u2013 Neonatales Mannequin\",\"isPartOf\":{\"@id\":\"https:\/\/lifesupportdistribution.fr\/de\/#website\"},\"primaryImageOfPage\":{\"@id\":\"https:\/\/lifesupportdistribution.fr\/de\/produkt\/fruehgeborenen-mannequin-28-wochen\/#primaryimage\"},\"image\":{\"@id\":\"https:\/\/lifesupportdistribution.fr\/de\/produkt\/fruehgeborenen-mannequin-28-wochen\/#primaryimage\"},\"thumbnailUrl\":\"https:\/\/lifesupportdistribution.fr\/wp-content\/uploads\/2025\/11\/Photo-1-premature-28s-lifecast.png\",\"datePublished\":\"2025-11-14T13:58:01+00:00\",\"description\":\"Fr\u00fchgeborenen-Mannequin 28 Wochen Lifecast: Realistisches Werkzeug f\u00fcr die neonatale Pflegeausbildung und die Versorgung von extrem Fr\u00fchgeborenen.\",\"breadcrumb\":{\"@id\":\"https:\/\/lifesupportdistribution.fr\/de\/produkt\/fruehgeborenen-mannequin-28-wochen\/#breadcrumb\"},\"inLanguage\":\"de\",\"potentialAction\":[{\"@type\":\"ReadAction\",\"target\":[\"https:\/\/lifesupportdistribution.fr\/de\/produkt\/fruehgeborenen-mannequin-28-wochen\/\"]}]},{\"@type\":\"ImageObject\",\"inLanguage\":\"de\",\"@id\":\"https:\/\/lifesupportdistribution.fr\/de\/produkt\/fruehgeborenen-mannequin-28-wochen\/#primaryimage\",\"url\":\"https:\/\/lifesupportdistribution.fr\/wp-content\/uploads\/2025\/11\/Photo-1-premature-28s-lifecast.png\",\"contentUrl\":\"https:\/\/lifesupportdistribution.fr\/wp-content\/uploads\/2025\/11\/Photo-1-premature-28s-lifecast.png\",\"width\":718,\"height\":408},{\"@type\":\"BreadcrumbList\",\"@id\":\"https:\/\/lifesupportdistribution.fr\/de\/produkt\/fruehgeborenen-mannequin-28-wochen\/#breadcrumb\",\"itemListElement\":[{\"@type\":\"ListItem\",\"position\":1,\"name\":\"Accueil\",\"item\":\"https:\/\/lifesupportdistribution.fr\/de\/startseite\/\"},{\"@type\":\"ListItem\",\"position\":2,\"name\":\"Shop\",\"item\":\"https:\/\/lifesupportdistribution.fr\/de\/shop\/\"},{\"@type\":\"ListItem\",\"position\":3,\"name\":\"Fr\u00fchgeborenen-Mannequin 28 Wochen\"}]},{\"@type\":\"WebSite\",\"@id\":\"https:\/\/lifesupportdistribution.fr\/de\/#website\",\"url\":\"https:\/\/lifesupportdistribution.fr\/de\/\",\"name\":\"Life Support Distribution\",\"description\":\"Solutions en simulation m\u00e9dicale\",\"publisher\":{\"@id\":\"https:\/\/lifesupportdistribution.fr\/de\/#organization\"},\"potentialAction\":[{\"@type\":\"SearchAction\",\"target\":{\"@type\":\"EntryPoint\",\"urlTemplate\":\"https:\/\/lifesupportdistribution.fr\/de\/?s={search_term_string}\"},\"query-input\":{\"@type\":\"PropertyValueSpecification\",\"valueRequired\":true,\"valueName\":\"search_term_string\"}}],\"inLanguage\":\"de\"},{\"@type\":\"Organization\",\"@id\":\"https:\/\/lifesupportdistribution.fr\/de\/#organization\",\"name\":\"Life Support Distribution\",\"url\":\"https:\/\/lifesupportdistribution.fr\/de\/\",\"logo\":{\"@type\":\"ImageObject\",\"inLanguage\":\"de\",\"@id\":\"https:\/\/lifesupportdistribution.fr\/de\/#\/schema\/logo\/image\/\",\"url\":\"https:\/\/lifesupportdistribution.fr\/wp-content\/uploads\/2025\/10\/logo-life-support-distribution.svg\",\"contentUrl\":\"https:\/\/lifesupportdistribution.fr\/wp-content\/uploads\/2025\/10\/logo-life-support-distribution.svg\",\"width\":698,\"height\":223,\"caption\":\"Life Support Distribution\"},\"image\":{\"@id\":\"https:\/\/lifesupportdistribution.fr\/de\/#\/schema\/logo\/image\/\"},\"sameAs\":[\"https:\/\/www.linkedin.com\/company\/life-support-distribution\/\"]}]}<\/script>\n<!-- \/ Yoast SEO plugin. -->","yoast_head_json":{"title":"Fr\u00fchgeborenes 28 Wochen Lifecast \u2013 Neonatales Mannequin","description":"Fr\u00fchgeborenen-Mannequin 28 Wochen Lifecast: Realistisches Werkzeug f\u00fcr die neonatale Pflegeausbildung und die Versorgung von extrem Fr\u00fchgeborenen.","robots":{"index":"index","follow":"follow","max-snippet":"max-snippet:-1","max-image-preview":"max-image-preview:large","max-video-preview":"max-video-preview:-1"},"canonical":"https:\/\/lifesupportdistribution.fr\/de\/produkt\/fruehgeborenen-mannequin-28-wochen\/","og_locale":"de_DE","og_type":"article","og_title":"Fr\u00fchgeborenes 28 Wochen Lifecast \u2013 Neonatales Mannequin","og_description":"Fr\u00fchgeborenen-Mannequin 28 Wochen Lifecast: Realistisches Werkzeug f\u00fcr die neonatale Pflegeausbildung und die Versorgung von extrem Fr\u00fchgeborenen.","og_url":"https:\/\/lifesupportdistribution.fr\/de\/produkt\/fruehgeborenen-mannequin-28-wochen\/","og_site_name":"Life Support Distribution","og_image":[{"width":718,"height":408,"url":"https:\/\/lifesupportdistribution.fr\/wp-content\/uploads\/2025\/11\/Photo-1-premature-28s-lifecast.png","type":"image\/png"}],"twitter_card":"summary_large_image","schema":{"@context":"https:\/\/schema.org","@graph":[{"@type":"WebPage","@id":"https:\/\/lifesupportdistribution.fr\/de\/produkt\/fruehgeborenen-mannequin-28-wochen\/","url":"https:\/\/lifesupportdistribution.fr\/de\/produkt\/fruehgeborenen-mannequin-28-wochen\/","name":"Fr\u00fchgeborenes 28 Wochen Lifecast \u2013 Neonatales Mannequin","isPartOf":{"@id":"https:\/\/lifesupportdistribution.fr\/de\/#website"},"primaryImageOfPage":{"@id":"https:\/\/lifesupportdistribution.fr\/de\/produkt\/fruehgeborenen-mannequin-28-wochen\/#primaryimage"},"image":{"@id":"https:\/\/lifesupportdistribution.fr\/de\/produkt\/fruehgeborenen-mannequin-28-wochen\/#primaryimage"},"thumbnailUrl":"https:\/\/lifesupportdistribution.fr\/wp-content\/uploads\/2025\/11\/Photo-1-premature-28s-lifecast.png","datePublished":"2025-11-14T13:58:01+00:00","description":"Fr\u00fchgeborenen-Mannequin 28 Wochen Lifecast: Realistisches Werkzeug f\u00fcr die neonatale Pflegeausbildung und die Versorgung von extrem Fr\u00fchgeborenen.","breadcrumb":{"@id":"https:\/\/lifesupportdistribution.fr\/de\/produkt\/fruehgeborenen-mannequin-28-wochen\/#breadcrumb"},"inLanguage":"de","potentialAction":[{"@type":"ReadAction","target":["https:\/\/lifesupportdistribution.fr\/de\/produkt\/fruehgeborenen-mannequin-28-wochen\/"]}]},{"@type":"ImageObject","inLanguage":"de","@id":"https:\/\/lifesupportdistribution.fr\/de\/produkt\/fruehgeborenen-mannequin-28-wochen\/#primaryimage","url":"https:\/\/lifesupportdistribution.fr\/wp-content\/uploads\/2025\/11\/Photo-1-premature-28s-lifecast.png","contentUrl":"https:\/\/lifesupportdistribution.fr\/wp-content\/uploads\/2025\/11\/Photo-1-premature-28s-lifecast.png","width":718,"height":408},{"@type":"BreadcrumbList","@id":"https:\/\/lifesupportdistribution.fr\/de\/produkt\/fruehgeborenen-mannequin-28-wochen\/#breadcrumb","itemListElement":[{"@type":"ListItem","position":1,"name":"Accueil","item":"https:\/\/lifesupportdistribution.fr\/de\/startseite\/"},{"@type":"ListItem","position":2,"name":"Shop","item":"https:\/\/lifesupportdistribution.fr\/de\/shop\/"},{"@type":"ListItem","position":3,"name":"Fr\u00fchgeborenen-Mannequin 28 Wochen"}]},{"@type":"WebSite","@id":"https:\/\/lifesupportdistribution.fr\/de\/#website","url":"https:\/\/lifesupportdistribution.fr\/de\/","name":"Life Support Distribution","description":"Solutions en simulation m\u00e9dicale","publisher":{"@id":"https:\/\/lifesupportdistribution.fr\/de\/#organization"},"potentialAction":[{"@type":"SearchAction","target":{"@type":"EntryPoint","urlTemplate":"https:\/\/lifesupportdistribution.fr\/de\/?s={search_term_string}"},"query-input":{"@type":"PropertyValueSpecification","valueRequired":true,"valueName":"search_term_string"}}],"inLanguage":"de"},{"@type":"Organization","@id":"https:\/\/lifesupportdistribution.fr\/de\/#organization","name":"Life Support Distribution","url":"https:\/\/lifesupportdistribution.fr\/de\/","logo":{"@type":"ImageObject","inLanguage":"de","@id":"https:\/\/lifesupportdistribution.fr\/de\/#\/schema\/logo\/image\/","url":"https:\/\/lifesupportdistribution.fr\/wp-content\/uploads\/2025\/10\/logo-life-support-distribution.svg","contentUrl":"https:\/\/lifesupportdistribution.fr\/wp-content\/uploads\/2025\/10\/logo-life-support-distribution.svg","width":698,"height":223,"caption":"Life Support Distribution"},"image":{"@id":"https:\/\/lifesupportdistribution.fr\/de\/#\/schema\/logo\/image\/"},"sameAs":["https:\/\/www.linkedin.com\/company\/life-support-distribution\/"]}]}},"_links":{"self":[{"href":"https:\/\/lifesupportdistribution.fr\/de\/wp-json\/wp\/v2\/product\/4988","targetHints":{"allow":["GET"]}}],"collection":[{"href":"https:\/\/lifesupportdistribution.fr\/de\/wp-json\/wp\/v2\/product"}],"about":[{"href":"https:\/\/lifesupportdistribution.fr\/de\/wp-json\/wp\/v2\/types\/product"}],"wp:featuredmedia":[{"embeddable":true,"href":"https:\/\/lifesupportdistribution.fr\/de\/wp-json\/wp\/v2\/media\/1723"}],"wp:attachment":[{"href":"https:\/\/lifesupportdistribution.fr\/de\/wp-json\/wp\/v2\/media?parent=4988"}],"wp:term":[{"taxonomy":"product_brand","embeddable":true,"href":"https:\/\/lifesupportdistribution.fr\/de\/wp-json\/wp\/v2\/product_brand?post=4988"},{"taxonomy":"product_cat","embeddable":true,"href":"https:\/\/lifesupportdistribution.fr\/de\/wp-json\/wp\/v2\/product_cat?post=4988"},{"taxonomy":"product_tag","embeddable":true,"href":"https:\/\/lifesupportdistribution.fr\/de\/wp-json\/wp\/v2\/product_tag?post=4988"}],"curies":[{"name":"wp","href":"https:\/\/api.w.org\/{rel}","templated":true}]}}