{"id":4990,"date":"2025-11-14T15:18:08","date_gmt":"2025-11-14T14:18:08","guid":{"rendered":"https:\/\/lifesupportdistribution.fr\/produits\/paediatrisches-mannequin-3-6-monate\/"},"modified":"2025-11-14T15:18:08","modified_gmt":"2025-11-14T14:18:08","slug":"paediatrisches-mannequin-3-6-monate","status":"publish","type":"product","link":"https:\/\/lifesupportdistribution.fr\/de\/produkt\/paediatrisches-mannequin-3-6-monate\/","title":{"rendered":"P\u00e4diatrisches Mannequin 3\u20136 Monate"},"content":{"rendered":"<p>Mit seinem visuellen und taktilen Realismus bietet dieses p\u00e4diatrische Mannequin ein einzigartiges Simulationserlebnis f\u00fcr Krankenhausabteilungen, Pflegeschulen und Simulationszentren. Basierend auf exakten anatomischen Daten reproduziert es die charakteristischen Merkmale eines 3 bis 6 Monate alten S\u00e4uglings: geschlossene Augen, Haarlosigkeit (oder optionale Implantation), ein Gewicht von 5 kg und eine Gr\u00f6\u00dfe von 60 cm. <\/p>\n<p>Dieses Modell eignet sich besonders f\u00fcr Schulungen in p\u00e4diatrischer Reanimation, Atemwegsmanagement und Basispflege. Sein robustes Design aus hochwertigem Silikon gew\u00e4hrleistet optimale Haltbarkeit, selbst bei wiederholtem Gebrauch. Die Option zur Wahl der ethnischen Herkunft erm\u00f6glicht es zudem, das Mannequin an p\u00e4dagogische Bed\u00fcrfnisse anzupassen.  <\/p>\n","protected":false},"excerpt":{"rendered":"<p>Das p\u00e4diatrische Mannequin 3\u20136 Monate von Lifecast Body Simulation wurde entwickelt, um ein einzigartiges Eintauchen in die medizinische Ausbildung zu erm\u00f6glichen. Es reproduziert getreu das Aussehen, Gewicht und die Proportionen eines S\u00e4uglings und erm\u00f6glicht es Pflegeteams, die p\u00e4diatrische Versorgung in einem realistischen und sicheren Umfeld zu \u00fcben. <\/p>\n","protected":false},"featured_media":1738,"template":"","meta":[],"product_brand":[202],"product_cat":[218],"product_tag":[230,249,251,236,235],"class_list":{"0":"post-4990","1":"product","2":"type-product","3":"status-publish","4":"has-post-thumbnail","6":"product_brand-lifecast-body-simulation","7":"product_cat-simulationspuppen","8":"product_tag-allgemeinmedizin","9":"product_tag-innere-medizin","10":"product_tag-krankenpflege","11":"product_tag-notfallmedizin","12":"product_tag-padiatrie","14":"first","15":"instock","16":"shipping-taxable","17":"purchasable","18":"product-type-simple"},"yoast_head":"<!-- This site is optimized with the Yoast SEO plugin v26.8 - https:\/\/yoast.com\/product\/yoast-seo-wordpress\/ -->\n<title>P\u00e4diatrisches 3\u20136 Monate Lifecast \u2013 Realistisches Mannequin<\/title>\n<meta name=\"description\" content=\"P\u00e4diatrisches 3\u20136 Monate Lifecast Mannequin: hyperrealistisch f\u00fcr die Ausbildung in p\u00e4diatrischer Versorgung, Management und technischen Handgriffen.\" \/>\n<meta name=\"robots\" content=\"index, follow, max-snippet:-1, max-image-preview:large, max-video-preview:-1\" \/>\n<link rel=\"canonical\" href=\"https:\/\/lifesupportdistribution.fr\/de\/produkt\/paediatrisches-mannequin-3-6-monate\/\" \/>\n<meta property=\"og:locale\" content=\"de_DE\" \/>\n<meta property=\"og:type\" content=\"article\" \/>\n<meta property=\"og:title\" content=\"P\u00e4diatrisches 3\u20136 Monate Lifecast \u2013 Realistisches Mannequin\" \/>\n<meta property=\"og:description\" content=\"P\u00e4diatrisches 3\u20136 Monate Lifecast Mannequin: hyperrealistisch f\u00fcr die Ausbildung in p\u00e4diatrischer Versorgung, Management und technischen Handgriffen.\" \/>\n<meta property=\"og:url\" content=\"https:\/\/lifesupportdistribution.fr\/de\/produkt\/paediatrisches-mannequin-3-6-monate\/\" \/>\n<meta property=\"og:site_name\" content=\"Life Support Distribution\" \/>\n<meta property=\"og:image\" content=\"https:\/\/lifesupportdistribution.fr\/wp-content\/uploads\/2025\/11\/Photo-enfdant-3-6-mois-lifecast.png\" \/>\n\t<meta property=\"og:image:width\" content=\"808\" \/>\n\t<meta property=\"og:image:height\" content=\"536\" \/>\n\t<meta property=\"og:image:type\" content=\"image\/png\" \/>\n<meta name=\"twitter:card\" content=\"summary_large_image\" \/>\n<meta name=\"twitter:label1\" content=\"Gesch\u00e4tzte Lesezeit\" \/>\n\t<meta name=\"twitter:data1\" content=\"1\u00a0Minute\" \/>\n<script type=\"application\/ld+json\" class=\"yoast-schema-graph\">{\"@context\":\"https:\/\/schema.org\",\"@graph\":[{\"@type\":\"WebPage\",\"@id\":\"https:\/\/lifesupportdistribution.fr\/de\/produkt\/paediatrisches-mannequin-3-6-monate\/\",\"url\":\"https:\/\/lifesupportdistribution.fr\/de\/produkt\/paediatrisches-mannequin-3-6-monate\/\",\"name\":\"P\u00e4diatrisches 3\u20136 Monate Lifecast \u2013 Realistisches Mannequin\",\"isPartOf\":{\"@id\":\"https:\/\/lifesupportdistribution.fr\/de\/#website\"},\"primaryImageOfPage\":{\"@id\":\"https:\/\/lifesupportdistribution.fr\/de\/produkt\/paediatrisches-mannequin-3-6-monate\/#primaryimage\"},\"image\":{\"@id\":\"https:\/\/lifesupportdistribution.fr\/de\/produkt\/paediatrisches-mannequin-3-6-monate\/#primaryimage\"},\"thumbnailUrl\":\"https:\/\/lifesupportdistribution.fr\/wp-content\/uploads\/2025\/11\/Photo-enfdant-3-6-mois-lifecast.png\",\"datePublished\":\"2025-11-14T14:18:08+00:00\",\"description\":\"P\u00e4diatrisches 3\u20136 Monate Lifecast Mannequin: hyperrealistisch f\u00fcr die Ausbildung in p\u00e4diatrischer Versorgung, Management und technischen Handgriffen.\",\"breadcrumb\":{\"@id\":\"https:\/\/lifesupportdistribution.fr\/de\/produkt\/paediatrisches-mannequin-3-6-monate\/#breadcrumb\"},\"inLanguage\":\"de\",\"potentialAction\":[{\"@type\":\"ReadAction\",\"target\":[\"https:\/\/lifesupportdistribution.fr\/de\/produkt\/paediatrisches-mannequin-3-6-monate\/\"]}]},{\"@type\":\"ImageObject\",\"inLanguage\":\"de\",\"@id\":\"https:\/\/lifesupportdistribution.fr\/de\/produkt\/paediatrisches-mannequin-3-6-monate\/#primaryimage\",\"url\":\"https:\/\/lifesupportdistribution.fr\/wp-content\/uploads\/2025\/11\/Photo-enfdant-3-6-mois-lifecast.png\",\"contentUrl\":\"https:\/\/lifesupportdistribution.fr\/wp-content\/uploads\/2025\/11\/Photo-enfdant-3-6-mois-lifecast.png\",\"width\":808,\"height\":536},{\"@type\":\"BreadcrumbList\",\"@id\":\"https:\/\/lifesupportdistribution.fr\/de\/produkt\/paediatrisches-mannequin-3-6-monate\/#breadcrumb\",\"itemListElement\":[{\"@type\":\"ListItem\",\"position\":1,\"name\":\"Accueil\",\"item\":\"https:\/\/lifesupportdistribution.fr\/de\/startseite\/\"},{\"@type\":\"ListItem\",\"position\":2,\"name\":\"Shop\",\"item\":\"https:\/\/lifesupportdistribution.fr\/de\/shop\/\"},{\"@type\":\"ListItem\",\"position\":3,\"name\":\"P\u00e4diatrisches Mannequin 3\u20136 Monate\"}]},{\"@type\":\"WebSite\",\"@id\":\"https:\/\/lifesupportdistribution.fr\/de\/#website\",\"url\":\"https:\/\/lifesupportdistribution.fr\/de\/\",\"name\":\"Life Support Distribution\",\"description\":\"Solutions en simulation m\u00e9dicale\",\"publisher\":{\"@id\":\"https:\/\/lifesupportdistribution.fr\/de\/#organization\"},\"potentialAction\":[{\"@type\":\"SearchAction\",\"target\":{\"@type\":\"EntryPoint\",\"urlTemplate\":\"https:\/\/lifesupportdistribution.fr\/de\/?s={search_term_string}\"},\"query-input\":{\"@type\":\"PropertyValueSpecification\",\"valueRequired\":true,\"valueName\":\"search_term_string\"}}],\"inLanguage\":\"de\"},{\"@type\":\"Organization\",\"@id\":\"https:\/\/lifesupportdistribution.fr\/de\/#organization\",\"name\":\"Life Support Distribution\",\"url\":\"https:\/\/lifesupportdistribution.fr\/de\/\",\"logo\":{\"@type\":\"ImageObject\",\"inLanguage\":\"de\",\"@id\":\"https:\/\/lifesupportdistribution.fr\/de\/#\/schema\/logo\/image\/\",\"url\":\"https:\/\/lifesupportdistribution.fr\/wp-content\/uploads\/2025\/10\/logo-life-support-distribution.svg\",\"contentUrl\":\"https:\/\/lifesupportdistribution.fr\/wp-content\/uploads\/2025\/10\/logo-life-support-distribution.svg\",\"width\":698,\"height\":223,\"caption\":\"Life Support Distribution\"},\"image\":{\"@id\":\"https:\/\/lifesupportdistribution.fr\/de\/#\/schema\/logo\/image\/\"},\"sameAs\":[\"https:\/\/www.linkedin.com\/company\/life-support-distribution\/\"]}]}<\/script>\n<!-- \/ Yoast SEO plugin. -->","yoast_head_json":{"title":"P\u00e4diatrisches 3\u20136 Monate Lifecast \u2013 Realistisches Mannequin","description":"P\u00e4diatrisches 3\u20136 Monate Lifecast Mannequin: hyperrealistisch f\u00fcr die Ausbildung in p\u00e4diatrischer Versorgung, Management und technischen Handgriffen.","robots":{"index":"index","follow":"follow","max-snippet":"max-snippet:-1","max-image-preview":"max-image-preview:large","max-video-preview":"max-video-preview:-1"},"canonical":"https:\/\/lifesupportdistribution.fr\/de\/produkt\/paediatrisches-mannequin-3-6-monate\/","og_locale":"de_DE","og_type":"article","og_title":"P\u00e4diatrisches 3\u20136 Monate Lifecast \u2013 Realistisches Mannequin","og_description":"P\u00e4diatrisches 3\u20136 Monate Lifecast Mannequin: hyperrealistisch f\u00fcr die Ausbildung in p\u00e4diatrischer Versorgung, Management und technischen Handgriffen.","og_url":"https:\/\/lifesupportdistribution.fr\/de\/produkt\/paediatrisches-mannequin-3-6-monate\/","og_site_name":"Life Support Distribution","og_image":[{"width":808,"height":536,"url":"https:\/\/lifesupportdistribution.fr\/wp-content\/uploads\/2025\/11\/Photo-enfdant-3-6-mois-lifecast.png","type":"image\/png"}],"twitter_card":"summary_large_image","twitter_misc":{"Gesch\u00e4tzte Lesezeit":"1\u00a0Minute"},"schema":{"@context":"https:\/\/schema.org","@graph":[{"@type":"WebPage","@id":"https:\/\/lifesupportdistribution.fr\/de\/produkt\/paediatrisches-mannequin-3-6-monate\/","url":"https:\/\/lifesupportdistribution.fr\/de\/produkt\/paediatrisches-mannequin-3-6-monate\/","name":"P\u00e4diatrisches 3\u20136 Monate Lifecast \u2013 Realistisches Mannequin","isPartOf":{"@id":"https:\/\/lifesupportdistribution.fr\/de\/#website"},"primaryImageOfPage":{"@id":"https:\/\/lifesupportdistribution.fr\/de\/produkt\/paediatrisches-mannequin-3-6-monate\/#primaryimage"},"image":{"@id":"https:\/\/lifesupportdistribution.fr\/de\/produkt\/paediatrisches-mannequin-3-6-monate\/#primaryimage"},"thumbnailUrl":"https:\/\/lifesupportdistribution.fr\/wp-content\/uploads\/2025\/11\/Photo-enfdant-3-6-mois-lifecast.png","datePublished":"2025-11-14T14:18:08+00:00","description":"P\u00e4diatrisches 3\u20136 Monate Lifecast Mannequin: hyperrealistisch f\u00fcr die Ausbildung in p\u00e4diatrischer Versorgung, Management und technischen Handgriffen.","breadcrumb":{"@id":"https:\/\/lifesupportdistribution.fr\/de\/produkt\/paediatrisches-mannequin-3-6-monate\/#breadcrumb"},"inLanguage":"de","potentialAction":[{"@type":"ReadAction","target":["https:\/\/lifesupportdistribution.fr\/de\/produkt\/paediatrisches-mannequin-3-6-monate\/"]}]},{"@type":"ImageObject","inLanguage":"de","@id":"https:\/\/lifesupportdistribution.fr\/de\/produkt\/paediatrisches-mannequin-3-6-monate\/#primaryimage","url":"https:\/\/lifesupportdistribution.fr\/wp-content\/uploads\/2025\/11\/Photo-enfdant-3-6-mois-lifecast.png","contentUrl":"https:\/\/lifesupportdistribution.fr\/wp-content\/uploads\/2025\/11\/Photo-enfdant-3-6-mois-lifecast.png","width":808,"height":536},{"@type":"BreadcrumbList","@id":"https:\/\/lifesupportdistribution.fr\/de\/produkt\/paediatrisches-mannequin-3-6-monate\/#breadcrumb","itemListElement":[{"@type":"ListItem","position":1,"name":"Accueil","item":"https:\/\/lifesupportdistribution.fr\/de\/startseite\/"},{"@type":"ListItem","position":2,"name":"Shop","item":"https:\/\/lifesupportdistribution.fr\/de\/shop\/"},{"@type":"ListItem","position":3,"name":"P\u00e4diatrisches Mannequin 3\u20136 Monate"}]},{"@type":"WebSite","@id":"https:\/\/lifesupportdistribution.fr\/de\/#website","url":"https:\/\/lifesupportdistribution.fr\/de\/","name":"Life Support Distribution","description":"Solutions en simulation m\u00e9dicale","publisher":{"@id":"https:\/\/lifesupportdistribution.fr\/de\/#organization"},"potentialAction":[{"@type":"SearchAction","target":{"@type":"EntryPoint","urlTemplate":"https:\/\/lifesupportdistribution.fr\/de\/?s={search_term_string}"},"query-input":{"@type":"PropertyValueSpecification","valueRequired":true,"valueName":"search_term_string"}}],"inLanguage":"de"},{"@type":"Organization","@id":"https:\/\/lifesupportdistribution.fr\/de\/#organization","name":"Life Support Distribution","url":"https:\/\/lifesupportdistribution.fr\/de\/","logo":{"@type":"ImageObject","inLanguage":"de","@id":"https:\/\/lifesupportdistribution.fr\/de\/#\/schema\/logo\/image\/","url":"https:\/\/lifesupportdistribution.fr\/wp-content\/uploads\/2025\/10\/logo-life-support-distribution.svg","contentUrl":"https:\/\/lifesupportdistribution.fr\/wp-content\/uploads\/2025\/10\/logo-life-support-distribution.svg","width":698,"height":223,"caption":"Life Support Distribution"},"image":{"@id":"https:\/\/lifesupportdistribution.fr\/de\/#\/schema\/logo\/image\/"},"sameAs":["https:\/\/www.linkedin.com\/company\/life-support-distribution\/"]}]}},"_links":{"self":[{"href":"https:\/\/lifesupportdistribution.fr\/de\/wp-json\/wp\/v2\/product\/4990","targetHints":{"allow":["GET"]}}],"collection":[{"href":"https:\/\/lifesupportdistribution.fr\/de\/wp-json\/wp\/v2\/product"}],"about":[{"href":"https:\/\/lifesupportdistribution.fr\/de\/wp-json\/wp\/v2\/types\/product"}],"wp:featuredmedia":[{"embeddable":true,"href":"https:\/\/lifesupportdistribution.fr\/de\/wp-json\/wp\/v2\/media\/1738"}],"wp:attachment":[{"href":"https:\/\/lifesupportdistribution.fr\/de\/wp-json\/wp\/v2\/media?parent=4990"}],"wp:term":[{"taxonomy":"product_brand","embeddable":true,"href":"https:\/\/lifesupportdistribution.fr\/de\/wp-json\/wp\/v2\/product_brand?post=4990"},{"taxonomy":"product_cat","embeddable":true,"href":"https:\/\/lifesupportdistribution.fr\/de\/wp-json\/wp\/v2\/product_cat?post=4990"},{"taxonomy":"product_tag","embeddable":true,"href":"https:\/\/lifesupportdistribution.fr\/de\/wp-json\/wp\/v2\/product_tag?post=4990"}],"curies":[{"name":"wp","href":"https:\/\/api.w.org\/{rel}","templated":true}]}}