{"id":4992,"date":"2025-11-14T15:41:12","date_gmt":"2025-11-14T14:41:12","guid":{"rendered":"https:\/\/lifesupportdistribution.fr\/produits\/paediatrisches-mannequin-8-9-jahre\/"},"modified":"2025-11-14T15:41:12","modified_gmt":"2025-11-14T14:41:12","slug":"paediatrisches-mannequin-8-9-jahre","status":"publish","type":"product","link":"https:\/\/lifesupportdistribution.fr\/de\/produkt\/paediatrisches-mannequin-8-9-jahre\/","title":{"rendered":"P\u00e4diatrisches Mannequin 8\u20139 Jahre"},"content":{"rendered":"<p>Mit einem realistischen Gewicht von 28 kg ist dieses p\u00e4diatrische Mannequin eine wesentliche Unterst\u00fctzung f\u00fcr die Ausbildung von Gesundheitsfachkr\u00e4ften in der Versorgung von Kindern in Notfallsituationen. Seine geschlossenen Augen mit manueller \u00d6ffnungsm\u00f6glichkeit und die handimplantierten Haare verst\u00e4rken sein nat\u00fcrliches Aussehen. Auf Anfrage in verschiedenen ethnischen Herk\u00fcnften erh\u00e4ltlich, bietet es eine gro\u00dfe p\u00e4dagogische Vielfalt.  <\/p>\n<p>\u00dcber klassische Reanimations\u00fcbungen hinaus erm\u00f6glicht dieses Modell auch die praktische Durchf\u00fchrung spezifischer Verfahren wie der Nadeldekompression eines Pneumothorax, wodurch die Simulation noch umfassender und n\u00e4her an der klinischen Realit\u00e4t wird.<\/p>\n","protected":false},"excerpt":{"rendered":"<p>Das p\u00e4diatrische 8\u20139 Jahre Mannequin von Lifecast Body Simulation bildet die Morphologie und das Gewicht eines Kindes dieses Alters naturgetreu ab. Seine Flexibilit\u00e4t und sein Realismus f\u00f6rdern eine nat\u00fcrliche Handhabung, wodurch jede Trainingseinheit immersiver wird. Entwickelt, um den Bed\u00fcrfnissen medizinischer Teams gerecht zu werden, f\u00fcgt es sich perfekt in p\u00e4diatrische Protokolle ein und kann in Verbindung mit der Broselow-Regel verwendet werden.  <\/p>\n","protected":false},"featured_media":1749,"template":"","meta":[],"product_brand":[202],"product_cat":[218],"product_tag":[230,249,251,236,235],"class_list":{"0":"post-4992","1":"product","2":"type-product","3":"status-publish","4":"has-post-thumbnail","6":"product_brand-lifecast-body-simulation","7":"product_cat-simulationspuppen","8":"product_tag-allgemeinmedizin","9":"product_tag-innere-medizin","10":"product_tag-krankenpflege","11":"product_tag-notfallmedizin","12":"product_tag-padiatrie","14":"first","15":"instock","16":"shipping-taxable","17":"purchasable","18":"product-type-simple"},"yoast_head":"<!-- This site is optimized with the Yoast SEO plugin v26.8 - https:\/\/yoast.com\/product\/yoast-seo-wordpress\/ -->\n<title>P\u00e4diatrisches 8\u20139 Jahre Lifecast \u2013 Simulationsmannequin<\/title>\n<meta name=\"description\" content=\"P\u00e4diatrisches 8\u20139 Jahre Lifecast Mannequin: hyperrealistisch f\u00fcr die Ausbildung in p\u00e4diatrischer Versorgung, Notf\u00e4llen und fortgeschrittenen technischen Verfahren.\" \/>\n<meta name=\"robots\" content=\"index, follow, max-snippet:-1, max-image-preview:large, max-video-preview:-1\" \/>\n<link rel=\"canonical\" href=\"https:\/\/lifesupportdistribution.fr\/de\/produkt\/paediatrisches-mannequin-8-9-jahre\/\" \/>\n<meta property=\"og:locale\" content=\"de_DE\" \/>\n<meta property=\"og:type\" content=\"article\" \/>\n<meta property=\"og:title\" content=\"P\u00e4diatrisches 8\u20139 Jahre Lifecast \u2013 Simulationsmannequin\" \/>\n<meta property=\"og:description\" content=\"P\u00e4diatrisches 8\u20139 Jahre Lifecast Mannequin: hyperrealistisch f\u00fcr die Ausbildung in p\u00e4diatrischer Versorgung, Notf\u00e4llen und fortgeschrittenen technischen Verfahren.\" \/>\n<meta property=\"og:url\" content=\"https:\/\/lifesupportdistribution.fr\/de\/produkt\/paediatrisches-mannequin-8-9-jahre\/\" \/>\n<meta property=\"og:site_name\" content=\"Life Support Distribution\" \/>\n<meta property=\"og:image\" content=\"https:\/\/lifesupportdistribution.fr\/wp-content\/uploads\/2025\/11\/Photo-1-enfant-8ans-lifecast.png\" \/>\n\t<meta property=\"og:image:width\" content=\"778\" \/>\n\t<meta property=\"og:image:height\" content=\"522\" \/>\n\t<meta property=\"og:image:type\" content=\"image\/png\" \/>\n<meta name=\"twitter:card\" content=\"summary_large_image\" \/>\n<script type=\"application\/ld+json\" class=\"yoast-schema-graph\">{\"@context\":\"https:\/\/schema.org\",\"@graph\":[{\"@type\":\"WebPage\",\"@id\":\"https:\/\/lifesupportdistribution.fr\/de\/produkt\/paediatrisches-mannequin-8-9-jahre\/\",\"url\":\"https:\/\/lifesupportdistribution.fr\/de\/produkt\/paediatrisches-mannequin-8-9-jahre\/\",\"name\":\"P\u00e4diatrisches 8\u20139 Jahre Lifecast \u2013 Simulationsmannequin\",\"isPartOf\":{\"@id\":\"https:\/\/lifesupportdistribution.fr\/de\/#website\"},\"primaryImageOfPage\":{\"@id\":\"https:\/\/lifesupportdistribution.fr\/de\/produkt\/paediatrisches-mannequin-8-9-jahre\/#primaryimage\"},\"image\":{\"@id\":\"https:\/\/lifesupportdistribution.fr\/de\/produkt\/paediatrisches-mannequin-8-9-jahre\/#primaryimage\"},\"thumbnailUrl\":\"https:\/\/lifesupportdistribution.fr\/wp-content\/uploads\/2025\/11\/Photo-1-enfant-8ans-lifecast.png\",\"datePublished\":\"2025-11-14T14:41:12+00:00\",\"description\":\"P\u00e4diatrisches 8\u20139 Jahre Lifecast Mannequin: hyperrealistisch f\u00fcr die Ausbildung in p\u00e4diatrischer Versorgung, Notf\u00e4llen und fortgeschrittenen technischen Verfahren.\",\"breadcrumb\":{\"@id\":\"https:\/\/lifesupportdistribution.fr\/de\/produkt\/paediatrisches-mannequin-8-9-jahre\/#breadcrumb\"},\"inLanguage\":\"de\",\"potentialAction\":[{\"@type\":\"ReadAction\",\"target\":[\"https:\/\/lifesupportdistribution.fr\/de\/produkt\/paediatrisches-mannequin-8-9-jahre\/\"]}]},{\"@type\":\"ImageObject\",\"inLanguage\":\"de\",\"@id\":\"https:\/\/lifesupportdistribution.fr\/de\/produkt\/paediatrisches-mannequin-8-9-jahre\/#primaryimage\",\"url\":\"https:\/\/lifesupportdistribution.fr\/wp-content\/uploads\/2025\/11\/Photo-1-enfant-8ans-lifecast.png\",\"contentUrl\":\"https:\/\/lifesupportdistribution.fr\/wp-content\/uploads\/2025\/11\/Photo-1-enfant-8ans-lifecast.png\",\"width\":778,\"height\":522},{\"@type\":\"BreadcrumbList\",\"@id\":\"https:\/\/lifesupportdistribution.fr\/de\/produkt\/paediatrisches-mannequin-8-9-jahre\/#breadcrumb\",\"itemListElement\":[{\"@type\":\"ListItem\",\"position\":1,\"name\":\"Accueil\",\"item\":\"https:\/\/lifesupportdistribution.fr\/de\/startseite\/\"},{\"@type\":\"ListItem\",\"position\":2,\"name\":\"Shop\",\"item\":\"https:\/\/lifesupportdistribution.fr\/de\/shop\/\"},{\"@type\":\"ListItem\",\"position\":3,\"name\":\"P\u00e4diatrisches Mannequin 8\u20139 Jahre\"}]},{\"@type\":\"WebSite\",\"@id\":\"https:\/\/lifesupportdistribution.fr\/de\/#website\",\"url\":\"https:\/\/lifesupportdistribution.fr\/de\/\",\"name\":\"Life Support Distribution\",\"description\":\"Solutions en simulation m\u00e9dicale\",\"publisher\":{\"@id\":\"https:\/\/lifesupportdistribution.fr\/de\/#organization\"},\"potentialAction\":[{\"@type\":\"SearchAction\",\"target\":{\"@type\":\"EntryPoint\",\"urlTemplate\":\"https:\/\/lifesupportdistribution.fr\/de\/?s={search_term_string}\"},\"query-input\":{\"@type\":\"PropertyValueSpecification\",\"valueRequired\":true,\"valueName\":\"search_term_string\"}}],\"inLanguage\":\"de\"},{\"@type\":\"Organization\",\"@id\":\"https:\/\/lifesupportdistribution.fr\/de\/#organization\",\"name\":\"Life Support Distribution\",\"url\":\"https:\/\/lifesupportdistribution.fr\/de\/\",\"logo\":{\"@type\":\"ImageObject\",\"inLanguage\":\"de\",\"@id\":\"https:\/\/lifesupportdistribution.fr\/de\/#\/schema\/logo\/image\/\",\"url\":\"https:\/\/lifesupportdistribution.fr\/wp-content\/uploads\/2025\/10\/logo-life-support-distribution.svg\",\"contentUrl\":\"https:\/\/lifesupportdistribution.fr\/wp-content\/uploads\/2025\/10\/logo-life-support-distribution.svg\",\"width\":698,\"height\":223,\"caption\":\"Life Support Distribution\"},\"image\":{\"@id\":\"https:\/\/lifesupportdistribution.fr\/de\/#\/schema\/logo\/image\/\"},\"sameAs\":[\"https:\/\/www.linkedin.com\/company\/life-support-distribution\/\"]}]}<\/script>\n<!-- \/ Yoast SEO plugin. -->","yoast_head_json":{"title":"P\u00e4diatrisches 8\u20139 Jahre Lifecast \u2013 Simulationsmannequin","description":"P\u00e4diatrisches 8\u20139 Jahre Lifecast Mannequin: hyperrealistisch f\u00fcr die Ausbildung in p\u00e4diatrischer Versorgung, Notf\u00e4llen und fortgeschrittenen technischen Verfahren.","robots":{"index":"index","follow":"follow","max-snippet":"max-snippet:-1","max-image-preview":"max-image-preview:large","max-video-preview":"max-video-preview:-1"},"canonical":"https:\/\/lifesupportdistribution.fr\/de\/produkt\/paediatrisches-mannequin-8-9-jahre\/","og_locale":"de_DE","og_type":"article","og_title":"P\u00e4diatrisches 8\u20139 Jahre Lifecast \u2013 Simulationsmannequin","og_description":"P\u00e4diatrisches 8\u20139 Jahre Lifecast Mannequin: hyperrealistisch f\u00fcr die Ausbildung in p\u00e4diatrischer Versorgung, Notf\u00e4llen und fortgeschrittenen technischen Verfahren.","og_url":"https:\/\/lifesupportdistribution.fr\/de\/produkt\/paediatrisches-mannequin-8-9-jahre\/","og_site_name":"Life Support Distribution","og_image":[{"width":778,"height":522,"url":"https:\/\/lifesupportdistribution.fr\/wp-content\/uploads\/2025\/11\/Photo-1-enfant-8ans-lifecast.png","type":"image\/png"}],"twitter_card":"summary_large_image","schema":{"@context":"https:\/\/schema.org","@graph":[{"@type":"WebPage","@id":"https:\/\/lifesupportdistribution.fr\/de\/produkt\/paediatrisches-mannequin-8-9-jahre\/","url":"https:\/\/lifesupportdistribution.fr\/de\/produkt\/paediatrisches-mannequin-8-9-jahre\/","name":"P\u00e4diatrisches 8\u20139 Jahre Lifecast \u2013 Simulationsmannequin","isPartOf":{"@id":"https:\/\/lifesupportdistribution.fr\/de\/#website"},"primaryImageOfPage":{"@id":"https:\/\/lifesupportdistribution.fr\/de\/produkt\/paediatrisches-mannequin-8-9-jahre\/#primaryimage"},"image":{"@id":"https:\/\/lifesupportdistribution.fr\/de\/produkt\/paediatrisches-mannequin-8-9-jahre\/#primaryimage"},"thumbnailUrl":"https:\/\/lifesupportdistribution.fr\/wp-content\/uploads\/2025\/11\/Photo-1-enfant-8ans-lifecast.png","datePublished":"2025-11-14T14:41:12+00:00","description":"P\u00e4diatrisches 8\u20139 Jahre Lifecast Mannequin: hyperrealistisch f\u00fcr die Ausbildung in p\u00e4diatrischer Versorgung, Notf\u00e4llen und fortgeschrittenen technischen Verfahren.","breadcrumb":{"@id":"https:\/\/lifesupportdistribution.fr\/de\/produkt\/paediatrisches-mannequin-8-9-jahre\/#breadcrumb"},"inLanguage":"de","potentialAction":[{"@type":"ReadAction","target":["https:\/\/lifesupportdistribution.fr\/de\/produkt\/paediatrisches-mannequin-8-9-jahre\/"]}]},{"@type":"ImageObject","inLanguage":"de","@id":"https:\/\/lifesupportdistribution.fr\/de\/produkt\/paediatrisches-mannequin-8-9-jahre\/#primaryimage","url":"https:\/\/lifesupportdistribution.fr\/wp-content\/uploads\/2025\/11\/Photo-1-enfant-8ans-lifecast.png","contentUrl":"https:\/\/lifesupportdistribution.fr\/wp-content\/uploads\/2025\/11\/Photo-1-enfant-8ans-lifecast.png","width":778,"height":522},{"@type":"BreadcrumbList","@id":"https:\/\/lifesupportdistribution.fr\/de\/produkt\/paediatrisches-mannequin-8-9-jahre\/#breadcrumb","itemListElement":[{"@type":"ListItem","position":1,"name":"Accueil","item":"https:\/\/lifesupportdistribution.fr\/de\/startseite\/"},{"@type":"ListItem","position":2,"name":"Shop","item":"https:\/\/lifesupportdistribution.fr\/de\/shop\/"},{"@type":"ListItem","position":3,"name":"P\u00e4diatrisches Mannequin 8\u20139 Jahre"}]},{"@type":"WebSite","@id":"https:\/\/lifesupportdistribution.fr\/de\/#website","url":"https:\/\/lifesupportdistribution.fr\/de\/","name":"Life Support Distribution","description":"Solutions en simulation m\u00e9dicale","publisher":{"@id":"https:\/\/lifesupportdistribution.fr\/de\/#organization"},"potentialAction":[{"@type":"SearchAction","target":{"@type":"EntryPoint","urlTemplate":"https:\/\/lifesupportdistribution.fr\/de\/?s={search_term_string}"},"query-input":{"@type":"PropertyValueSpecification","valueRequired":true,"valueName":"search_term_string"}}],"inLanguage":"de"},{"@type":"Organization","@id":"https:\/\/lifesupportdistribution.fr\/de\/#organization","name":"Life Support Distribution","url":"https:\/\/lifesupportdistribution.fr\/de\/","logo":{"@type":"ImageObject","inLanguage":"de","@id":"https:\/\/lifesupportdistribution.fr\/de\/#\/schema\/logo\/image\/","url":"https:\/\/lifesupportdistribution.fr\/wp-content\/uploads\/2025\/10\/logo-life-support-distribution.svg","contentUrl":"https:\/\/lifesupportdistribution.fr\/wp-content\/uploads\/2025\/10\/logo-life-support-distribution.svg","width":698,"height":223,"caption":"Life Support Distribution"},"image":{"@id":"https:\/\/lifesupportdistribution.fr\/de\/#\/schema\/logo\/image\/"},"sameAs":["https:\/\/www.linkedin.com\/company\/life-support-distribution\/"]}]}},"_links":{"self":[{"href":"https:\/\/lifesupportdistribution.fr\/de\/wp-json\/wp\/v2\/product\/4992","targetHints":{"allow":["GET"]}}],"collection":[{"href":"https:\/\/lifesupportdistribution.fr\/de\/wp-json\/wp\/v2\/product"}],"about":[{"href":"https:\/\/lifesupportdistribution.fr\/de\/wp-json\/wp\/v2\/types\/product"}],"wp:featuredmedia":[{"embeddable":true,"href":"https:\/\/lifesupportdistribution.fr\/de\/wp-json\/wp\/v2\/media\/1749"}],"wp:attachment":[{"href":"https:\/\/lifesupportdistribution.fr\/de\/wp-json\/wp\/v2\/media?parent=4992"}],"wp:term":[{"taxonomy":"product_brand","embeddable":true,"href":"https:\/\/lifesupportdistribution.fr\/de\/wp-json\/wp\/v2\/product_brand?post=4992"},{"taxonomy":"product_cat","embeddable":true,"href":"https:\/\/lifesupportdistribution.fr\/de\/wp-json\/wp\/v2\/product_cat?post=4992"},{"taxonomy":"product_tag","embeddable":true,"href":"https:\/\/lifesupportdistribution.fr\/de\/wp-json\/wp\/v2\/product_tag?post=4992"}],"curies":[{"name":"wp","href":"https:\/\/api.w.org\/{rel}","templated":true}]}}