{"id":5000,"date":"2025-11-10T15:55:56","date_gmt":"2025-11-10T14:55:56","guid":{"rendered":"https:\/\/lifesupportdistribution.fr\/produits\/vielseitiger-patientensimulator-fuer-fuenfjaehrige-gaumard-s157\/"},"modified":"2025-11-10T15:55:56","modified_gmt":"2025-11-10T14:55:56","slug":"vielseitiger-patientensimulator-fuer-fuenfjaehrige-gaumard-s157","status":"publish","type":"product","link":"https:\/\/lifesupportdistribution.fr\/de\/produkt\/vielseitiger-patientensimulator-fuer-fuenfjaehrige-gaumard-s157\/","title":{"rendered":"Vielseitiger Patientensimulator f\u00fcr F\u00fcnfj\u00e4hrige \u2013 Gaumard S157"},"content":{"rendered":"<p>Der Gaumard S157 Simulator wurde entwickelt, um die p\u00e4diatrische Ausbildung zu bereichern, indem er realistische anatomische Merkmale mit fortschrittlichen Funktionen kombiniert. Er erm\u00f6glicht das Erlernen und Wiederholen zahlreicher technischer Handgriffe wie Intubation, Beatmung, Katheterisierung, Atemwegsmanagement oder auch allt\u00e4gliche Pflegeverfahren. Seine realistische Haut und pr\u00e4zisen anatomischen Orientierungspunkte f\u00f6rdern ein vollst\u00e4ndiges Eintauchen und helfen den Lernenden, solide F\u00e4higkeiten in einer sicheren und kontrollierten Umgebung zu erwerben. Dank seiner robusten und langlebigen Materialien h\u00e4lt er intensivem Gebrauch stand, w\u00e4hrend seine p\u00e4dagogischen Qualit\u00e4ten erhalten bleiben.   <\/p>\n","protected":false},"excerpt":{"rendered":"<p>Der Gaumard S157 ist ein p\u00e4diatrischer Patientensimulator, der ein f\u00fcnfj\u00e4hriges Kind darstellt. Entwickelt f\u00fcr die Ausbildung in der Krankenpflege und fortgeschrittenen klinischen Verfahren, erm\u00f6glicht er das \u00dcben einer Vielzahl von Verfahren in einem sicheren und realistischen Lehrumfeld. Seine Vielseitigkeit macht ihn zu einem unverzichtbaren Werkzeug f\u00fcr Gesundheitsschulen, Simulationszentren und Krankenh\u00e4user.  <\/p>\n","protected":false},"featured_media":1596,"template":"","meta":[],"product_brand":[194],"product_cat":[218],"product_tag":[230,251,236,235],"class_list":{"0":"post-5000","1":"product","2":"type-product","3":"status-publish","4":"has-post-thumbnail","6":"product_brand-gaumard","7":"product_cat-simulationspuppen","8":"product_tag-allgemeinmedizin","9":"product_tag-krankenpflege","10":"product_tag-notfallmedizin","11":"product_tag-padiatrie","13":"first","14":"instock","15":"shipping-taxable","16":"purchasable","17":"product-type-simple"},"yoast_head":"<!-- This site is optimized with the Yoast SEO plugin v26.8 - https:\/\/yoast.com\/product\/yoast-seo-wordpress\/ -->\n<title>Gaumard S157 \u2013 Vielseitiger p\u00e4diatrischer Patientensimulator<\/title>\n<meta name=\"description\" content=\"Der Gaumard S157 bildet ein 5-j\u00e4hriges Kind f\u00fcr die Schulung in Pflege, Beatmung, HLW und realistischen p\u00e4diatrischen Verfahren nach.\" \/>\n<meta name=\"robots\" content=\"index, follow, max-snippet:-1, max-image-preview:large, max-video-preview:-1\" \/>\n<link rel=\"canonical\" href=\"https:\/\/lifesupportdistribution.fr\/de\/produkt\/vielseitiger-patientensimulator-fuer-fuenfjaehrige-gaumard-s157\/\" \/>\n<meta property=\"og:locale\" content=\"de_DE\" \/>\n<meta property=\"og:type\" content=\"article\" \/>\n<meta property=\"og:title\" content=\"Gaumard S157 \u2013 Vielseitiger p\u00e4diatrischer Patientensimulator\" \/>\n<meta property=\"og:description\" content=\"Der Gaumard S157 bildet ein 5-j\u00e4hriges Kind f\u00fcr die Schulung in Pflege, Beatmung, HLW und realistischen p\u00e4diatrischen Verfahren nach.\" \/>\n<meta property=\"og:url\" content=\"https:\/\/lifesupportdistribution.fr\/de\/produkt\/vielseitiger-patientensimulator-fuer-fuenfjaehrige-gaumard-s157\/\" \/>\n<meta property=\"og:site_name\" content=\"Life Support Distribution\" \/>\n<meta property=\"og:image\" content=\"https:\/\/lifesupportdistribution.fr\/wp-content\/uploads\/2025\/11\/Photo-1-s157-Gaumard.png\" \/>\n\t<meta property=\"og:image:width\" content=\"1636\" \/>\n\t<meta property=\"og:image:height\" content=\"758\" \/>\n\t<meta property=\"og:image:type\" content=\"image\/png\" \/>\n<meta name=\"twitter:card\" content=\"summary_large_image\" \/>\n<script type=\"application\/ld+json\" class=\"yoast-schema-graph\">{\"@context\":\"https:\/\/schema.org\",\"@graph\":[{\"@type\":\"WebPage\",\"@id\":\"https:\/\/lifesupportdistribution.fr\/de\/produkt\/vielseitiger-patientensimulator-fuer-fuenfjaehrige-gaumard-s157\/\",\"url\":\"https:\/\/lifesupportdistribution.fr\/de\/produkt\/vielseitiger-patientensimulator-fuer-fuenfjaehrige-gaumard-s157\/\",\"name\":\"Gaumard S157 \u2013 Vielseitiger p\u00e4diatrischer Patientensimulator\",\"isPartOf\":{\"@id\":\"https:\/\/lifesupportdistribution.fr\/de\/#website\"},\"primaryImageOfPage\":{\"@id\":\"https:\/\/lifesupportdistribution.fr\/de\/produkt\/vielseitiger-patientensimulator-fuer-fuenfjaehrige-gaumard-s157\/#primaryimage\"},\"image\":{\"@id\":\"https:\/\/lifesupportdistribution.fr\/de\/produkt\/vielseitiger-patientensimulator-fuer-fuenfjaehrige-gaumard-s157\/#primaryimage\"},\"thumbnailUrl\":\"https:\/\/lifesupportdistribution.fr\/wp-content\/uploads\/2025\/11\/Photo-1-s157-Gaumard.png\",\"datePublished\":\"2025-11-10T14:55:56+00:00\",\"description\":\"Der Gaumard S157 bildet ein 5-j\u00e4hriges Kind f\u00fcr die Schulung in Pflege, Beatmung, HLW und realistischen p\u00e4diatrischen Verfahren nach.\",\"breadcrumb\":{\"@id\":\"https:\/\/lifesupportdistribution.fr\/de\/produkt\/vielseitiger-patientensimulator-fuer-fuenfjaehrige-gaumard-s157\/#breadcrumb\"},\"inLanguage\":\"de\",\"potentialAction\":[{\"@type\":\"ReadAction\",\"target\":[\"https:\/\/lifesupportdistribution.fr\/de\/produkt\/vielseitiger-patientensimulator-fuer-fuenfjaehrige-gaumard-s157\/\"]}]},{\"@type\":\"ImageObject\",\"inLanguage\":\"de\",\"@id\":\"https:\/\/lifesupportdistribution.fr\/de\/produkt\/vielseitiger-patientensimulator-fuer-fuenfjaehrige-gaumard-s157\/#primaryimage\",\"url\":\"https:\/\/lifesupportdistribution.fr\/wp-content\/uploads\/2025\/11\/Photo-1-s157-Gaumard.png\",\"contentUrl\":\"https:\/\/lifesupportdistribution.fr\/wp-content\/uploads\/2025\/11\/Photo-1-s157-Gaumard.png\",\"width\":1636,\"height\":758},{\"@type\":\"BreadcrumbList\",\"@id\":\"https:\/\/lifesupportdistribution.fr\/de\/produkt\/vielseitiger-patientensimulator-fuer-fuenfjaehrige-gaumard-s157\/#breadcrumb\",\"itemListElement\":[{\"@type\":\"ListItem\",\"position\":1,\"name\":\"Accueil\",\"item\":\"https:\/\/lifesupportdistribution.fr\/de\/startseite\/\"},{\"@type\":\"ListItem\",\"position\":2,\"name\":\"Shop\",\"item\":\"https:\/\/lifesupportdistribution.fr\/de\/shop\/\"},{\"@type\":\"ListItem\",\"position\":3,\"name\":\"Vielseitiger Patientensimulator f\u00fcr F\u00fcnfj\u00e4hrige \u2013 Gaumard S157\"}]},{\"@type\":\"WebSite\",\"@id\":\"https:\/\/lifesupportdistribution.fr\/de\/#website\",\"url\":\"https:\/\/lifesupportdistribution.fr\/de\/\",\"name\":\"Life Support Distribution\",\"description\":\"Solutions en simulation m\u00e9dicale\",\"publisher\":{\"@id\":\"https:\/\/lifesupportdistribution.fr\/de\/#organization\"},\"potentialAction\":[{\"@type\":\"SearchAction\",\"target\":{\"@type\":\"EntryPoint\",\"urlTemplate\":\"https:\/\/lifesupportdistribution.fr\/de\/?s={search_term_string}\"},\"query-input\":{\"@type\":\"PropertyValueSpecification\",\"valueRequired\":true,\"valueName\":\"search_term_string\"}}],\"inLanguage\":\"de\"},{\"@type\":\"Organization\",\"@id\":\"https:\/\/lifesupportdistribution.fr\/de\/#organization\",\"name\":\"Life Support Distribution\",\"url\":\"https:\/\/lifesupportdistribution.fr\/de\/\",\"logo\":{\"@type\":\"ImageObject\",\"inLanguage\":\"de\",\"@id\":\"https:\/\/lifesupportdistribution.fr\/de\/#\/schema\/logo\/image\/\",\"url\":\"https:\/\/lifesupportdistribution.fr\/wp-content\/uploads\/2025\/10\/logo-life-support-distribution.svg\",\"contentUrl\":\"https:\/\/lifesupportdistribution.fr\/wp-content\/uploads\/2025\/10\/logo-life-support-distribution.svg\",\"width\":698,\"height\":223,\"caption\":\"Life Support Distribution\"},\"image\":{\"@id\":\"https:\/\/lifesupportdistribution.fr\/de\/#\/schema\/logo\/image\/\"},\"sameAs\":[\"https:\/\/www.linkedin.com\/company\/life-support-distribution\/\"]}]}<\/script>\n<!-- \/ Yoast SEO plugin. -->","yoast_head_json":{"title":"Gaumard S157 \u2013 Vielseitiger p\u00e4diatrischer Patientensimulator","description":"Der Gaumard S157 bildet ein 5-j\u00e4hriges Kind f\u00fcr die Schulung in Pflege, Beatmung, HLW und realistischen p\u00e4diatrischen Verfahren nach.","robots":{"index":"index","follow":"follow","max-snippet":"max-snippet:-1","max-image-preview":"max-image-preview:large","max-video-preview":"max-video-preview:-1"},"canonical":"https:\/\/lifesupportdistribution.fr\/de\/produkt\/vielseitiger-patientensimulator-fuer-fuenfjaehrige-gaumard-s157\/","og_locale":"de_DE","og_type":"article","og_title":"Gaumard S157 \u2013 Vielseitiger p\u00e4diatrischer Patientensimulator","og_description":"Der Gaumard S157 bildet ein 5-j\u00e4hriges Kind f\u00fcr die Schulung in Pflege, Beatmung, HLW und realistischen p\u00e4diatrischen Verfahren nach.","og_url":"https:\/\/lifesupportdistribution.fr\/de\/produkt\/vielseitiger-patientensimulator-fuer-fuenfjaehrige-gaumard-s157\/","og_site_name":"Life Support Distribution","og_image":[{"width":1636,"height":758,"url":"https:\/\/lifesupportdistribution.fr\/wp-content\/uploads\/2025\/11\/Photo-1-s157-Gaumard.png","type":"image\/png"}],"twitter_card":"summary_large_image","schema":{"@context":"https:\/\/schema.org","@graph":[{"@type":"WebPage","@id":"https:\/\/lifesupportdistribution.fr\/de\/produkt\/vielseitiger-patientensimulator-fuer-fuenfjaehrige-gaumard-s157\/","url":"https:\/\/lifesupportdistribution.fr\/de\/produkt\/vielseitiger-patientensimulator-fuer-fuenfjaehrige-gaumard-s157\/","name":"Gaumard S157 \u2013 Vielseitiger p\u00e4diatrischer Patientensimulator","isPartOf":{"@id":"https:\/\/lifesupportdistribution.fr\/de\/#website"},"primaryImageOfPage":{"@id":"https:\/\/lifesupportdistribution.fr\/de\/produkt\/vielseitiger-patientensimulator-fuer-fuenfjaehrige-gaumard-s157\/#primaryimage"},"image":{"@id":"https:\/\/lifesupportdistribution.fr\/de\/produkt\/vielseitiger-patientensimulator-fuer-fuenfjaehrige-gaumard-s157\/#primaryimage"},"thumbnailUrl":"https:\/\/lifesupportdistribution.fr\/wp-content\/uploads\/2025\/11\/Photo-1-s157-Gaumard.png","datePublished":"2025-11-10T14:55:56+00:00","description":"Der Gaumard S157 bildet ein 5-j\u00e4hriges Kind f\u00fcr die Schulung in Pflege, Beatmung, HLW und realistischen p\u00e4diatrischen Verfahren nach.","breadcrumb":{"@id":"https:\/\/lifesupportdistribution.fr\/de\/produkt\/vielseitiger-patientensimulator-fuer-fuenfjaehrige-gaumard-s157\/#breadcrumb"},"inLanguage":"de","potentialAction":[{"@type":"ReadAction","target":["https:\/\/lifesupportdistribution.fr\/de\/produkt\/vielseitiger-patientensimulator-fuer-fuenfjaehrige-gaumard-s157\/"]}]},{"@type":"ImageObject","inLanguage":"de","@id":"https:\/\/lifesupportdistribution.fr\/de\/produkt\/vielseitiger-patientensimulator-fuer-fuenfjaehrige-gaumard-s157\/#primaryimage","url":"https:\/\/lifesupportdistribution.fr\/wp-content\/uploads\/2025\/11\/Photo-1-s157-Gaumard.png","contentUrl":"https:\/\/lifesupportdistribution.fr\/wp-content\/uploads\/2025\/11\/Photo-1-s157-Gaumard.png","width":1636,"height":758},{"@type":"BreadcrumbList","@id":"https:\/\/lifesupportdistribution.fr\/de\/produkt\/vielseitiger-patientensimulator-fuer-fuenfjaehrige-gaumard-s157\/#breadcrumb","itemListElement":[{"@type":"ListItem","position":1,"name":"Accueil","item":"https:\/\/lifesupportdistribution.fr\/de\/startseite\/"},{"@type":"ListItem","position":2,"name":"Shop","item":"https:\/\/lifesupportdistribution.fr\/de\/shop\/"},{"@type":"ListItem","position":3,"name":"Vielseitiger Patientensimulator f\u00fcr F\u00fcnfj\u00e4hrige \u2013 Gaumard S157"}]},{"@type":"WebSite","@id":"https:\/\/lifesupportdistribution.fr\/de\/#website","url":"https:\/\/lifesupportdistribution.fr\/de\/","name":"Life Support Distribution","description":"Solutions en simulation m\u00e9dicale","publisher":{"@id":"https:\/\/lifesupportdistribution.fr\/de\/#organization"},"potentialAction":[{"@type":"SearchAction","target":{"@type":"EntryPoint","urlTemplate":"https:\/\/lifesupportdistribution.fr\/de\/?s={search_term_string}"},"query-input":{"@type":"PropertyValueSpecification","valueRequired":true,"valueName":"search_term_string"}}],"inLanguage":"de"},{"@type":"Organization","@id":"https:\/\/lifesupportdistribution.fr\/de\/#organization","name":"Life Support Distribution","url":"https:\/\/lifesupportdistribution.fr\/de\/","logo":{"@type":"ImageObject","inLanguage":"de","@id":"https:\/\/lifesupportdistribution.fr\/de\/#\/schema\/logo\/image\/","url":"https:\/\/lifesupportdistribution.fr\/wp-content\/uploads\/2025\/10\/logo-life-support-distribution.svg","contentUrl":"https:\/\/lifesupportdistribution.fr\/wp-content\/uploads\/2025\/10\/logo-life-support-distribution.svg","width":698,"height":223,"caption":"Life Support Distribution"},"image":{"@id":"https:\/\/lifesupportdistribution.fr\/de\/#\/schema\/logo\/image\/"},"sameAs":["https:\/\/www.linkedin.com\/company\/life-support-distribution\/"]}]}},"_links":{"self":[{"href":"https:\/\/lifesupportdistribution.fr\/de\/wp-json\/wp\/v2\/product\/5000","targetHints":{"allow":["GET"]}}],"collection":[{"href":"https:\/\/lifesupportdistribution.fr\/de\/wp-json\/wp\/v2\/product"}],"about":[{"href":"https:\/\/lifesupportdistribution.fr\/de\/wp-json\/wp\/v2\/types\/product"}],"wp:featuredmedia":[{"embeddable":true,"href":"https:\/\/lifesupportdistribution.fr\/de\/wp-json\/wp\/v2\/media\/1596"}],"wp:attachment":[{"href":"https:\/\/lifesupportdistribution.fr\/de\/wp-json\/wp\/v2\/media?parent=5000"}],"wp:term":[{"taxonomy":"product_brand","embeddable":true,"href":"https:\/\/lifesupportdistribution.fr\/de\/wp-json\/wp\/v2\/product_brand?post=5000"},{"taxonomy":"product_cat","embeddable":true,"href":"https:\/\/lifesupportdistribution.fr\/de\/wp-json\/wp\/v2\/product_cat?post=5000"},{"taxonomy":"product_tag","embeddable":true,"href":"https:\/\/lifesupportdistribution.fr\/de\/wp-json\/wp\/v2\/product_tag?post=5000"}],"curies":[{"name":"wp","href":"https:\/\/api.w.org\/{rel}","templated":true}]}}