{"id":5008,"date":"2025-11-14T14:36:23","date_gmt":"2025-11-14T13:36:23","guid":{"rendered":"https:\/\/lifesupportdistribution.fr\/produits\/foetus-mannequins\/"},"modified":"2025-11-14T14:36:23","modified_gmt":"2025-11-14T13:36:23","slug":"foetus-mannequins","status":"publish","type":"product","link":"https:\/\/lifesupportdistribution.fr\/de\/produkt\/foetus-mannequins\/","title":{"rendered":"F\u00f6tus-Mannequins"},"content":{"rendered":"<p>Basierend auf pr\u00e4zisen anatomischen Daten bilden die F\u00f6tus-Mannequins von Lifecast Body Simulation das Aussehen und die Proportionen eines F\u00f6tus in der 8. oder 16. Gestationswoche naturgetreu ab.<\/p>\n<p>Ihr hochrealistisches Aussehen erm\u00f6glicht es, an der Verbesserung von Versorgungsprotokollen im Zusammenhang mit Fehlgeburten zu arbeiten und gleichzeitig die emotionale Kompetenz des Pflegepersonals zu entwickeln.<\/p>\n<p>Diese Mannequins werden in Krankenh\u00e4usern, Simulationszentren und Gesundheitsschulen eingesetzt, um ein komplexes Thema p\u00e4dagogisch und menschlich anzugehen.<\/p>\n<p>Sie sind eine wesentliche Unterst\u00fctzung, um f\u00fcr Handgriffe, Kommunikation und die angepasste Betreuung von Patientinnen, die eine Fehlgeburt erleiden, zu sensibilisieren.<\/p>\n","protected":false},"excerpt":{"rendered":"<p>Die F\u00f6tus-Mannequins von Lifecast Body Simulation sind f\u00fcr die Ausbildung zum Thema Fehlgeburten und die Sensibilisierung von Gesundheitsfachkr\u00e4ften konzipiert. Erh\u00e4ltlich in 8- und 16-Wochen-Versionen, bieten sie eine exakte und realistische anatomische Reproduktion, die f\u00fcr ein besseres Verst\u00e4ndnis dieses oft vernachl\u00e4ssigten Bereichs in der klinischen Ausbildung unerl\u00e4sslich ist. <\/p>\n","protected":false},"featured_media":1715,"template":"","meta":[],"product_brand":[202],"product_cat":[218],"product_tag":[233,256,235],"class_list":{"0":"post-5008","1":"product","2":"type-product","3":"status-publish","4":"has-post-thumbnail","6":"product_brand-lifecast-body-simulation","7":"product_cat-simulationspuppen","8":"product_tag-geburtshilfe-gynakologie","9":"product_tag-neonatologie","10":"product_tag-padiatrie","12":"first","13":"instock","14":"shipping-taxable","15":"purchasable","16":"product-type-simple"},"yoast_head":"<!-- This site is optimized with the Yoast SEO plugin v26.8 - https:\/\/yoast.com\/product\/yoast-seo-wordpress\/ -->\n<title>F\u00f6tus Lifecast Body Simulation \u2013 Trainingsmodell<\/title>\n<meta name=\"description\" content=\"Das F\u00f6tus-Mannequin Lifecast Body Simulation bildet einen 8 oder 16 Wochen alten F\u00f6tus f\u00fcr die Ausbildung und Sensibilisierung in der Geburtshilfe naturgetreu ab.\" \/>\n<meta name=\"robots\" content=\"index, follow, max-snippet:-1, max-image-preview:large, max-video-preview:-1\" \/>\n<link rel=\"canonical\" href=\"https:\/\/lifesupportdistribution.fr\/de\/produkt\/foetus-mannequins\/\" \/>\n<meta property=\"og:locale\" content=\"de_DE\" \/>\n<meta property=\"og:type\" content=\"article\" \/>\n<meta property=\"og:title\" content=\"F\u00f6tus Lifecast Body Simulation \u2013 Trainingsmodell\" \/>\n<meta property=\"og:description\" content=\"Das F\u00f6tus-Mannequin Lifecast Body Simulation bildet einen 8 oder 16 Wochen alten F\u00f6tus f\u00fcr die Ausbildung und Sensibilisierung in der Geburtshilfe naturgetreu ab.\" \/>\n<meta property=\"og:url\" content=\"https:\/\/lifesupportdistribution.fr\/de\/produkt\/foetus-mannequins\/\" \/>\n<meta property=\"og:site_name\" content=\"Life Support Distribution\" \/>\n<meta property=\"og:image\" content=\"https:\/\/lifesupportdistribution.fr\/wp-content\/uploads\/2025\/11\/Photo-1-foetus-lifecast.png\" \/>\n\t<meta property=\"og:image:width\" content=\"472\" \/>\n\t<meta property=\"og:image:height\" content=\"450\" \/>\n\t<meta property=\"og:image:type\" content=\"image\/png\" \/>\n<meta name=\"twitter:card\" content=\"summary_large_image\" \/>\n<script type=\"application\/ld+json\" class=\"yoast-schema-graph\">{\"@context\":\"https:\/\/schema.org\",\"@graph\":[{\"@type\":\"WebPage\",\"@id\":\"https:\/\/lifesupportdistribution.fr\/de\/produkt\/foetus-mannequins\/\",\"url\":\"https:\/\/lifesupportdistribution.fr\/de\/produkt\/foetus-mannequins\/\",\"name\":\"F\u00f6tus Lifecast Body Simulation \u2013 Trainingsmodell\",\"isPartOf\":{\"@id\":\"https:\/\/lifesupportdistribution.fr\/de\/#website\"},\"primaryImageOfPage\":{\"@id\":\"https:\/\/lifesupportdistribution.fr\/de\/produkt\/foetus-mannequins\/#primaryimage\"},\"image\":{\"@id\":\"https:\/\/lifesupportdistribution.fr\/de\/produkt\/foetus-mannequins\/#primaryimage\"},\"thumbnailUrl\":\"https:\/\/lifesupportdistribution.fr\/wp-content\/uploads\/2025\/11\/Photo-1-foetus-lifecast.png\",\"datePublished\":\"2025-11-14T13:36:23+00:00\",\"description\":\"Das F\u00f6tus-Mannequin Lifecast Body Simulation bildet einen 8 oder 16 Wochen alten F\u00f6tus f\u00fcr die Ausbildung und Sensibilisierung in der Geburtshilfe naturgetreu ab.\",\"breadcrumb\":{\"@id\":\"https:\/\/lifesupportdistribution.fr\/de\/produkt\/foetus-mannequins\/#breadcrumb\"},\"inLanguage\":\"de\",\"potentialAction\":[{\"@type\":\"ReadAction\",\"target\":[\"https:\/\/lifesupportdistribution.fr\/de\/produkt\/foetus-mannequins\/\"]}]},{\"@type\":\"ImageObject\",\"inLanguage\":\"de\",\"@id\":\"https:\/\/lifesupportdistribution.fr\/de\/produkt\/foetus-mannequins\/#primaryimage\",\"url\":\"https:\/\/lifesupportdistribution.fr\/wp-content\/uploads\/2025\/11\/Photo-1-foetus-lifecast.png\",\"contentUrl\":\"https:\/\/lifesupportdistribution.fr\/wp-content\/uploads\/2025\/11\/Photo-1-foetus-lifecast.png\",\"width\":472,\"height\":450},{\"@type\":\"BreadcrumbList\",\"@id\":\"https:\/\/lifesupportdistribution.fr\/de\/produkt\/foetus-mannequins\/#breadcrumb\",\"itemListElement\":[{\"@type\":\"ListItem\",\"position\":1,\"name\":\"Accueil\",\"item\":\"https:\/\/lifesupportdistribution.fr\/de\/startseite\/\"},{\"@type\":\"ListItem\",\"position\":2,\"name\":\"Shop\",\"item\":\"https:\/\/lifesupportdistribution.fr\/de\/shop\/\"},{\"@type\":\"ListItem\",\"position\":3,\"name\":\"F\u00f6tus-Mannequins\"}]},{\"@type\":\"WebSite\",\"@id\":\"https:\/\/lifesupportdistribution.fr\/de\/#website\",\"url\":\"https:\/\/lifesupportdistribution.fr\/de\/\",\"name\":\"Life Support Distribution\",\"description\":\"Solutions en simulation m\u00e9dicale\",\"publisher\":{\"@id\":\"https:\/\/lifesupportdistribution.fr\/de\/#organization\"},\"potentialAction\":[{\"@type\":\"SearchAction\",\"target\":{\"@type\":\"EntryPoint\",\"urlTemplate\":\"https:\/\/lifesupportdistribution.fr\/de\/?s={search_term_string}\"},\"query-input\":{\"@type\":\"PropertyValueSpecification\",\"valueRequired\":true,\"valueName\":\"search_term_string\"}}],\"inLanguage\":\"de\"},{\"@type\":\"Organization\",\"@id\":\"https:\/\/lifesupportdistribution.fr\/de\/#organization\",\"name\":\"Life Support Distribution\",\"url\":\"https:\/\/lifesupportdistribution.fr\/de\/\",\"logo\":{\"@type\":\"ImageObject\",\"inLanguage\":\"de\",\"@id\":\"https:\/\/lifesupportdistribution.fr\/de\/#\/schema\/logo\/image\/\",\"url\":\"https:\/\/lifesupportdistribution.fr\/wp-content\/uploads\/2025\/10\/logo-life-support-distribution.svg\",\"contentUrl\":\"https:\/\/lifesupportdistribution.fr\/wp-content\/uploads\/2025\/10\/logo-life-support-distribution.svg\",\"width\":698,\"height\":223,\"caption\":\"Life Support Distribution\"},\"image\":{\"@id\":\"https:\/\/lifesupportdistribution.fr\/de\/#\/schema\/logo\/image\/\"},\"sameAs\":[\"https:\/\/www.linkedin.com\/company\/life-support-distribution\/\"]}]}<\/script>\n<!-- \/ Yoast SEO plugin. -->","yoast_head_json":{"title":"F\u00f6tus Lifecast Body Simulation \u2013 Trainingsmodell","description":"Das F\u00f6tus-Mannequin Lifecast Body Simulation bildet einen 8 oder 16 Wochen alten F\u00f6tus f\u00fcr die Ausbildung und Sensibilisierung in der Geburtshilfe naturgetreu ab.","robots":{"index":"index","follow":"follow","max-snippet":"max-snippet:-1","max-image-preview":"max-image-preview:large","max-video-preview":"max-video-preview:-1"},"canonical":"https:\/\/lifesupportdistribution.fr\/de\/produkt\/foetus-mannequins\/","og_locale":"de_DE","og_type":"article","og_title":"F\u00f6tus Lifecast Body Simulation \u2013 Trainingsmodell","og_description":"Das F\u00f6tus-Mannequin Lifecast Body Simulation bildet einen 8 oder 16 Wochen alten F\u00f6tus f\u00fcr die Ausbildung und Sensibilisierung in der Geburtshilfe naturgetreu ab.","og_url":"https:\/\/lifesupportdistribution.fr\/de\/produkt\/foetus-mannequins\/","og_site_name":"Life Support Distribution","og_image":[{"width":472,"height":450,"url":"https:\/\/lifesupportdistribution.fr\/wp-content\/uploads\/2025\/11\/Photo-1-foetus-lifecast.png","type":"image\/png"}],"twitter_card":"summary_large_image","schema":{"@context":"https:\/\/schema.org","@graph":[{"@type":"WebPage","@id":"https:\/\/lifesupportdistribution.fr\/de\/produkt\/foetus-mannequins\/","url":"https:\/\/lifesupportdistribution.fr\/de\/produkt\/foetus-mannequins\/","name":"F\u00f6tus Lifecast Body Simulation \u2013 Trainingsmodell","isPartOf":{"@id":"https:\/\/lifesupportdistribution.fr\/de\/#website"},"primaryImageOfPage":{"@id":"https:\/\/lifesupportdistribution.fr\/de\/produkt\/foetus-mannequins\/#primaryimage"},"image":{"@id":"https:\/\/lifesupportdistribution.fr\/de\/produkt\/foetus-mannequins\/#primaryimage"},"thumbnailUrl":"https:\/\/lifesupportdistribution.fr\/wp-content\/uploads\/2025\/11\/Photo-1-foetus-lifecast.png","datePublished":"2025-11-14T13:36:23+00:00","description":"Das F\u00f6tus-Mannequin Lifecast Body Simulation bildet einen 8 oder 16 Wochen alten F\u00f6tus f\u00fcr die Ausbildung und Sensibilisierung in der Geburtshilfe naturgetreu ab.","breadcrumb":{"@id":"https:\/\/lifesupportdistribution.fr\/de\/produkt\/foetus-mannequins\/#breadcrumb"},"inLanguage":"de","potentialAction":[{"@type":"ReadAction","target":["https:\/\/lifesupportdistribution.fr\/de\/produkt\/foetus-mannequins\/"]}]},{"@type":"ImageObject","inLanguage":"de","@id":"https:\/\/lifesupportdistribution.fr\/de\/produkt\/foetus-mannequins\/#primaryimage","url":"https:\/\/lifesupportdistribution.fr\/wp-content\/uploads\/2025\/11\/Photo-1-foetus-lifecast.png","contentUrl":"https:\/\/lifesupportdistribution.fr\/wp-content\/uploads\/2025\/11\/Photo-1-foetus-lifecast.png","width":472,"height":450},{"@type":"BreadcrumbList","@id":"https:\/\/lifesupportdistribution.fr\/de\/produkt\/foetus-mannequins\/#breadcrumb","itemListElement":[{"@type":"ListItem","position":1,"name":"Accueil","item":"https:\/\/lifesupportdistribution.fr\/de\/startseite\/"},{"@type":"ListItem","position":2,"name":"Shop","item":"https:\/\/lifesupportdistribution.fr\/de\/shop\/"},{"@type":"ListItem","position":3,"name":"F\u00f6tus-Mannequins"}]},{"@type":"WebSite","@id":"https:\/\/lifesupportdistribution.fr\/de\/#website","url":"https:\/\/lifesupportdistribution.fr\/de\/","name":"Life Support Distribution","description":"Solutions en simulation m\u00e9dicale","publisher":{"@id":"https:\/\/lifesupportdistribution.fr\/de\/#organization"},"potentialAction":[{"@type":"SearchAction","target":{"@type":"EntryPoint","urlTemplate":"https:\/\/lifesupportdistribution.fr\/de\/?s={search_term_string}"},"query-input":{"@type":"PropertyValueSpecification","valueRequired":true,"valueName":"search_term_string"}}],"inLanguage":"de"},{"@type":"Organization","@id":"https:\/\/lifesupportdistribution.fr\/de\/#organization","name":"Life Support Distribution","url":"https:\/\/lifesupportdistribution.fr\/de\/","logo":{"@type":"ImageObject","inLanguage":"de","@id":"https:\/\/lifesupportdistribution.fr\/de\/#\/schema\/logo\/image\/","url":"https:\/\/lifesupportdistribution.fr\/wp-content\/uploads\/2025\/10\/logo-life-support-distribution.svg","contentUrl":"https:\/\/lifesupportdistribution.fr\/wp-content\/uploads\/2025\/10\/logo-life-support-distribution.svg","width":698,"height":223,"caption":"Life Support Distribution"},"image":{"@id":"https:\/\/lifesupportdistribution.fr\/de\/#\/schema\/logo\/image\/"},"sameAs":["https:\/\/www.linkedin.com\/company\/life-support-distribution\/"]}]}},"_links":{"self":[{"href":"https:\/\/lifesupportdistribution.fr\/de\/wp-json\/wp\/v2\/product\/5008","targetHints":{"allow":["GET"]}}],"collection":[{"href":"https:\/\/lifesupportdistribution.fr\/de\/wp-json\/wp\/v2\/product"}],"about":[{"href":"https:\/\/lifesupportdistribution.fr\/de\/wp-json\/wp\/v2\/types\/product"}],"wp:featuredmedia":[{"embeddable":true,"href":"https:\/\/lifesupportdistribution.fr\/de\/wp-json\/wp\/v2\/media\/1715"}],"wp:attachment":[{"href":"https:\/\/lifesupportdistribution.fr\/de\/wp-json\/wp\/v2\/media?parent=5008"}],"wp:term":[{"taxonomy":"product_brand","embeddable":true,"href":"https:\/\/lifesupportdistribution.fr\/de\/wp-json\/wp\/v2\/product_brand?post=5008"},{"taxonomy":"product_cat","embeddable":true,"href":"https:\/\/lifesupportdistribution.fr\/de\/wp-json\/wp\/v2\/product_cat?post=5008"},{"taxonomy":"product_tag","embeddable":true,"href":"https:\/\/lifesupportdistribution.fr\/de\/wp-json\/wp\/v2\/product_tag?post=5008"}],"curies":[{"name":"wp","href":"https:\/\/api.w.org\/{rel}","templated":true}]}}