{"id":5021,"date":"2025-11-10T12:10:42","date_gmt":"2025-11-10T11:10:42","guid":{"rendered":"https:\/\/lifesupportdistribution.fr\/produits\/avline-fortschrittlicher-tragbarer-zentrallinien-simulator\/"},"modified":"2025-12-30T20:28:07","modified_gmt":"2025-12-30T19:28:07","slug":"avline-fortschrittlicher-tragbarer-zentrallinien-simulator","status":"publish","type":"product","link":"https:\/\/lifesupportdistribution.fr\/de\/produkt\/avline-fortschrittlicher-tragbarer-zentrallinien-simulator\/","title":{"rendered":"Avline \u2013 Fortschrittlicher tragbarer Zentrallinien-Simulator"},"content":{"rendered":"<p>Der Avline bildet die Bedingungen f\u00fcr die Infusionsanlage pr\u00e4zise ab, um Lernende auf diesen unverzichtbaren Handgriff der t\u00e4glichen Pflege vorzubereiten. Dank seines anatomischen und taktilen Realismus erm\u00f6glicht er das \u00dcben der Punktion und Katheterinsertion in einer vollst\u00e4ndig sicheren Umgebung. Dieses Lehrmittel f\u00f6rdert die Wiederholung, den Aufbau von Vertrauen und die Einhaltung klinischer Protokolle. Integriert in Pflegeschulungen oder in umfassenderen Simulationsszenarien eingesetzt, tr\u00e4gt der Avline dazu bei, technische F\u00e4higkeiten und die Reaktionsf\u00e4higkeit bei Patienten mit peripherem Venenzugang zu entwickeln.   <\/p>\n","protected":false},"excerpt":{"rendered":"<p>Der Avline ist ein von Avkin entwickelter Simulator f\u00fcr die Lehre des peripheren intraven\u00f6sen Katheterismus. Er wurde konzipiert, um eine realistische und immersive Erfahrung zu bieten, und erm\u00f6glicht es Studenten und medizinischem Fachpersonal, das Anlegen von Venenzug\u00e4ngen zu \u00fcben \u2013 ein wesentlicher Schritt in der Krankenhausversorgung. <\/p>\n","protected":false},"featured_media":5023,"template":"","meta":[],"product_brand":[188],"product_cat":[222,220],"product_tag":[237,250,252,251,236],"class_list":{"0":"post-5021","1":"product","2":"type-product","3":"status-publish","4":"has-post-thumbnail","6":"product_brand-avkin","7":"product_cat-simulatoren-fur-medizinische-versorgung","8":"product_cat-simulierte-patienten","9":"product_tag-anasthesie","10":"product_tag-chirurgie","11":"product_tag-intensivmedizin","12":"product_tag-krankenpflege","13":"product_tag-notfallmedizin","15":"first","16":"instock","17":"shipping-taxable","18":"purchasable","19":"product-type-simple"},"yoast_head":"<!-- This site is optimized with the Yoast SEO plugin v26.8 - https:\/\/yoast.com\/product\/yoast-seo-wordpress\/ -->\n<title>AVLINE Avkin \u2013 Simulator f\u00fcr die Venenkatheteranlage<\/title>\n<meta name=\"description\" content=\"AVLINE von Avkin: Immersiver Simulator zum Erlernen der Venenkatheteranlage mit Realismus und Patient-Pflegekraft-Kommunikation.\" \/>\n<meta name=\"robots\" content=\"index, follow, max-snippet:-1, max-image-preview:large, max-video-preview:-1\" \/>\n<link rel=\"canonical\" href=\"https:\/\/lifesupportdistribution.fr\/de\/produkt\/avline-fortschrittlicher-tragbarer-zentrallinien-simulator\/\" \/>\n<meta property=\"og:locale\" content=\"de_DE\" \/>\n<meta property=\"og:type\" content=\"article\" \/>\n<meta property=\"og:title\" content=\"AVLINE Avkin \u2013 Simulator f\u00fcr die Venenkatheteranlage\" \/>\n<meta property=\"og:description\" content=\"AVLINE von Avkin: Immersiver Simulator zum Erlernen der Venenkatheteranlage mit Realismus und Patient-Pflegekraft-Kommunikation.\" \/>\n<meta property=\"og:url\" content=\"https:\/\/lifesupportdistribution.fr\/de\/produkt\/avline-fortschrittlicher-tragbarer-zentrallinien-simulator\/\" \/>\n<meta property=\"og:site_name\" content=\"Life Support Distribution\" \/>\n<meta property=\"article:modified_time\" content=\"2025-12-30T19:28:07+00:00\" \/>\n<meta property=\"og:image\" content=\"https:\/\/lifesupportdistribution.fr\/wp-content\/uploads\/2025\/11\/Photo-Avline-1.png\" \/>\n\t<meta property=\"og:image:width\" content=\"1076\" \/>\n\t<meta property=\"og:image:height\" content=\"704\" \/>\n\t<meta property=\"og:image:type\" content=\"image\/png\" \/>\n<meta name=\"twitter:card\" content=\"summary_large_image\" \/>\n<script type=\"application\/ld+json\" class=\"yoast-schema-graph\">{\"@context\":\"https:\/\/schema.org\",\"@graph\":[{\"@type\":\"WebPage\",\"@id\":\"https:\/\/lifesupportdistribution.fr\/de\/produkt\/avline-fortschrittlicher-tragbarer-zentrallinien-simulator\/\",\"url\":\"https:\/\/lifesupportdistribution.fr\/de\/produkt\/avline-fortschrittlicher-tragbarer-zentrallinien-simulator\/\",\"name\":\"AVLINE Avkin \u2013 Simulator f\u00fcr die Venenkatheteranlage\",\"isPartOf\":{\"@id\":\"https:\/\/lifesupportdistribution.fr\/de\/#website\"},\"primaryImageOfPage\":{\"@id\":\"https:\/\/lifesupportdistribution.fr\/de\/produkt\/avline-fortschrittlicher-tragbarer-zentrallinien-simulator\/#primaryimage\"},\"image\":{\"@id\":\"https:\/\/lifesupportdistribution.fr\/de\/produkt\/avline-fortschrittlicher-tragbarer-zentrallinien-simulator\/#primaryimage\"},\"thumbnailUrl\":\"https:\/\/lifesupportdistribution.fr\/wp-content\/uploads\/2025\/11\/Photo-Avline-1.png\",\"datePublished\":\"2025-11-10T11:10:42+00:00\",\"dateModified\":\"2025-12-30T19:28:07+00:00\",\"description\":\"AVLINE von Avkin: Immersiver Simulator zum Erlernen der Venenkatheteranlage mit Realismus und Patient-Pflegekraft-Kommunikation.\",\"breadcrumb\":{\"@id\":\"https:\/\/lifesupportdistribution.fr\/de\/produkt\/avline-fortschrittlicher-tragbarer-zentrallinien-simulator\/#breadcrumb\"},\"inLanguage\":\"de\",\"potentialAction\":[{\"@type\":\"ReadAction\",\"target\":[\"https:\/\/lifesupportdistribution.fr\/de\/produkt\/avline-fortschrittlicher-tragbarer-zentrallinien-simulator\/\"]}]},{\"@type\":\"ImageObject\",\"inLanguage\":\"de\",\"@id\":\"https:\/\/lifesupportdistribution.fr\/de\/produkt\/avline-fortschrittlicher-tragbarer-zentrallinien-simulator\/#primaryimage\",\"url\":\"https:\/\/lifesupportdistribution.fr\/wp-content\/uploads\/2025\/11\/Photo-Avline-1.png\",\"contentUrl\":\"https:\/\/lifesupportdistribution.fr\/wp-content\/uploads\/2025\/11\/Photo-Avline-1.png\",\"width\":1076,\"height\":704},{\"@type\":\"BreadcrumbList\",\"@id\":\"https:\/\/lifesupportdistribution.fr\/de\/produkt\/avline-fortschrittlicher-tragbarer-zentrallinien-simulator\/#breadcrumb\",\"itemListElement\":[{\"@type\":\"ListItem\",\"position\":1,\"name\":\"Accueil\",\"item\":\"https:\/\/lifesupportdistribution.fr\/de\/startseite\/\"},{\"@type\":\"ListItem\",\"position\":2,\"name\":\"Shop\",\"item\":\"https:\/\/lifesupportdistribution.fr\/de\/shop\/\"},{\"@type\":\"ListItem\",\"position\":3,\"name\":\"Avline \u2013 Fortschrittlicher tragbarer Zentrallinien-Simulator\"}]},{\"@type\":\"WebSite\",\"@id\":\"https:\/\/lifesupportdistribution.fr\/de\/#website\",\"url\":\"https:\/\/lifesupportdistribution.fr\/de\/\",\"name\":\"Life Support Distribution\",\"description\":\"Solutions en simulation m\u00e9dicale\",\"publisher\":{\"@id\":\"https:\/\/lifesupportdistribution.fr\/de\/#organization\"},\"potentialAction\":[{\"@type\":\"SearchAction\",\"target\":{\"@type\":\"EntryPoint\",\"urlTemplate\":\"https:\/\/lifesupportdistribution.fr\/de\/?s={search_term_string}\"},\"query-input\":{\"@type\":\"PropertyValueSpecification\",\"valueRequired\":true,\"valueName\":\"search_term_string\"}}],\"inLanguage\":\"de\"},{\"@type\":\"Organization\",\"@id\":\"https:\/\/lifesupportdistribution.fr\/de\/#organization\",\"name\":\"Life Support Distribution\",\"url\":\"https:\/\/lifesupportdistribution.fr\/de\/\",\"logo\":{\"@type\":\"ImageObject\",\"inLanguage\":\"de\",\"@id\":\"https:\/\/lifesupportdistribution.fr\/de\/#\/schema\/logo\/image\/\",\"url\":\"https:\/\/lifesupportdistribution.fr\/wp-content\/uploads\/2025\/10\/logo-life-support-distribution.svg\",\"contentUrl\":\"https:\/\/lifesupportdistribution.fr\/wp-content\/uploads\/2025\/10\/logo-life-support-distribution.svg\",\"width\":698,\"height\":223,\"caption\":\"Life Support Distribution\"},\"image\":{\"@id\":\"https:\/\/lifesupportdistribution.fr\/de\/#\/schema\/logo\/image\/\"},\"sameAs\":[\"https:\/\/www.linkedin.com\/company\/life-support-distribution\/\"]}]}<\/script>\n<!-- \/ Yoast SEO plugin. -->","yoast_head_json":{"title":"AVLINE Avkin \u2013 Simulator f\u00fcr die Venenkatheteranlage","description":"AVLINE von Avkin: Immersiver Simulator zum Erlernen der Venenkatheteranlage mit Realismus und Patient-Pflegekraft-Kommunikation.","robots":{"index":"index","follow":"follow","max-snippet":"max-snippet:-1","max-image-preview":"max-image-preview:large","max-video-preview":"max-video-preview:-1"},"canonical":"https:\/\/lifesupportdistribution.fr\/de\/produkt\/avline-fortschrittlicher-tragbarer-zentrallinien-simulator\/","og_locale":"de_DE","og_type":"article","og_title":"AVLINE Avkin \u2013 Simulator f\u00fcr die Venenkatheteranlage","og_description":"AVLINE von Avkin: Immersiver Simulator zum Erlernen der Venenkatheteranlage mit Realismus und Patient-Pflegekraft-Kommunikation.","og_url":"https:\/\/lifesupportdistribution.fr\/de\/produkt\/avline-fortschrittlicher-tragbarer-zentrallinien-simulator\/","og_site_name":"Life Support Distribution","article_modified_time":"2025-12-30T19:28:07+00:00","og_image":[{"width":1076,"height":704,"url":"https:\/\/lifesupportdistribution.fr\/wp-content\/uploads\/2025\/11\/Photo-Avline-1.png","type":"image\/png"}],"twitter_card":"summary_large_image","schema":{"@context":"https:\/\/schema.org","@graph":[{"@type":"WebPage","@id":"https:\/\/lifesupportdistribution.fr\/de\/produkt\/avline-fortschrittlicher-tragbarer-zentrallinien-simulator\/","url":"https:\/\/lifesupportdistribution.fr\/de\/produkt\/avline-fortschrittlicher-tragbarer-zentrallinien-simulator\/","name":"AVLINE Avkin \u2013 Simulator f\u00fcr die Venenkatheteranlage","isPartOf":{"@id":"https:\/\/lifesupportdistribution.fr\/de\/#website"},"primaryImageOfPage":{"@id":"https:\/\/lifesupportdistribution.fr\/de\/produkt\/avline-fortschrittlicher-tragbarer-zentrallinien-simulator\/#primaryimage"},"image":{"@id":"https:\/\/lifesupportdistribution.fr\/de\/produkt\/avline-fortschrittlicher-tragbarer-zentrallinien-simulator\/#primaryimage"},"thumbnailUrl":"https:\/\/lifesupportdistribution.fr\/wp-content\/uploads\/2025\/11\/Photo-Avline-1.png","datePublished":"2025-11-10T11:10:42+00:00","dateModified":"2025-12-30T19:28:07+00:00","description":"AVLINE von Avkin: Immersiver Simulator zum Erlernen der Venenkatheteranlage mit Realismus und Patient-Pflegekraft-Kommunikation.","breadcrumb":{"@id":"https:\/\/lifesupportdistribution.fr\/de\/produkt\/avline-fortschrittlicher-tragbarer-zentrallinien-simulator\/#breadcrumb"},"inLanguage":"de","potentialAction":[{"@type":"ReadAction","target":["https:\/\/lifesupportdistribution.fr\/de\/produkt\/avline-fortschrittlicher-tragbarer-zentrallinien-simulator\/"]}]},{"@type":"ImageObject","inLanguage":"de","@id":"https:\/\/lifesupportdistribution.fr\/de\/produkt\/avline-fortschrittlicher-tragbarer-zentrallinien-simulator\/#primaryimage","url":"https:\/\/lifesupportdistribution.fr\/wp-content\/uploads\/2025\/11\/Photo-Avline-1.png","contentUrl":"https:\/\/lifesupportdistribution.fr\/wp-content\/uploads\/2025\/11\/Photo-Avline-1.png","width":1076,"height":704},{"@type":"BreadcrumbList","@id":"https:\/\/lifesupportdistribution.fr\/de\/produkt\/avline-fortschrittlicher-tragbarer-zentrallinien-simulator\/#breadcrumb","itemListElement":[{"@type":"ListItem","position":1,"name":"Accueil","item":"https:\/\/lifesupportdistribution.fr\/de\/startseite\/"},{"@type":"ListItem","position":2,"name":"Shop","item":"https:\/\/lifesupportdistribution.fr\/de\/shop\/"},{"@type":"ListItem","position":3,"name":"Avline \u2013 Fortschrittlicher tragbarer Zentrallinien-Simulator"}]},{"@type":"WebSite","@id":"https:\/\/lifesupportdistribution.fr\/de\/#website","url":"https:\/\/lifesupportdistribution.fr\/de\/","name":"Life Support Distribution","description":"Solutions en simulation m\u00e9dicale","publisher":{"@id":"https:\/\/lifesupportdistribution.fr\/de\/#organization"},"potentialAction":[{"@type":"SearchAction","target":{"@type":"EntryPoint","urlTemplate":"https:\/\/lifesupportdistribution.fr\/de\/?s={search_term_string}"},"query-input":{"@type":"PropertyValueSpecification","valueRequired":true,"valueName":"search_term_string"}}],"inLanguage":"de"},{"@type":"Organization","@id":"https:\/\/lifesupportdistribution.fr\/de\/#organization","name":"Life Support Distribution","url":"https:\/\/lifesupportdistribution.fr\/de\/","logo":{"@type":"ImageObject","inLanguage":"de","@id":"https:\/\/lifesupportdistribution.fr\/de\/#\/schema\/logo\/image\/","url":"https:\/\/lifesupportdistribution.fr\/wp-content\/uploads\/2025\/10\/logo-life-support-distribution.svg","contentUrl":"https:\/\/lifesupportdistribution.fr\/wp-content\/uploads\/2025\/10\/logo-life-support-distribution.svg","width":698,"height":223,"caption":"Life Support Distribution"},"image":{"@id":"https:\/\/lifesupportdistribution.fr\/de\/#\/schema\/logo\/image\/"},"sameAs":["https:\/\/www.linkedin.com\/company\/life-support-distribution\/"]}]}},"_links":{"self":[{"href":"https:\/\/lifesupportdistribution.fr\/de\/wp-json\/wp\/v2\/product\/5021","targetHints":{"allow":["GET"]}}],"collection":[{"href":"https:\/\/lifesupportdistribution.fr\/de\/wp-json\/wp\/v2\/product"}],"about":[{"href":"https:\/\/lifesupportdistribution.fr\/de\/wp-json\/wp\/v2\/types\/product"}],"wp:featuredmedia":[{"embeddable":true,"href":"https:\/\/lifesupportdistribution.fr\/de\/wp-json\/wp\/v2\/media\/5023"}],"wp:attachment":[{"href":"https:\/\/lifesupportdistribution.fr\/de\/wp-json\/wp\/v2\/media?parent=5021"}],"wp:term":[{"taxonomy":"product_brand","embeddable":true,"href":"https:\/\/lifesupportdistribution.fr\/de\/wp-json\/wp\/v2\/product_brand?post=5021"},{"taxonomy":"product_cat","embeddable":true,"href":"https:\/\/lifesupportdistribution.fr\/de\/wp-json\/wp\/v2\/product_cat?post=5021"},{"taxonomy":"product_tag","embeddable":true,"href":"https:\/\/lifesupportdistribution.fr\/de\/wp-json\/wp\/v2\/product_tag?post=5021"}],"curies":[{"name":"wp","href":"https:\/\/api.w.org\/{rel}","templated":true}]}}