{"id":5037,"date":"2025-07-24T20:45:52","date_gmt":"2025-07-24T20:45:52","guid":{"rendered":"https:\/\/lifesupportdistribution.fr\/produits\/simstation-pro\/"},"modified":"2026-04-28T16:00:38","modified_gmt":"2026-04-28T15:00:38","slug":"simstation-pro","status":"publish","type":"product","link":"https:\/\/lifesupportdistribution.fr\/de\/produkt\/simstation-pro\/","title":{"rendered":"SIMStation Pro Gen2"},"content":{"rendered":"<p>Die SIMStation Pro ist ein transportables Videodebriefing-System, das dank seines kompakten Formats in Transportkoffern schnell einsatzbereit ist. Einfach zu installieren und zu bedienen, erm\u00f6glicht sie die Aufnahme und Live-\u00dcbertragung von hochaufl\u00f6senden Video- und Audioaufnahmen. <\/p>\n<p>Ihr modulares System passt sich sowohl mobilen Umgebungen als auch permanenten Installationen an und bietet gro\u00dfe Vielseitigkeit f\u00fcr Simulationszentren und Krankenh\u00e4user.<\/p>\n<p>Dank modernster Technologie gew\u00e4hrleistet die SIMStation Pro die vollst\u00e4ndige Kontrolle \u00fcber die Sitzungen: Aufzeichnung, \u00dcbertragung, Debriefing und Analyse. Ihr ergonomisches Design erleichtert die Handhabung, w\u00e4hrend ihre fortschrittliche Software einen intuitiven Betrieb und eine reibungslose Integration in p\u00e4dagogische Programme erm\u00f6glicht. <\/p>\n<p><strong>Exklusiver Vertrieb Schweiz.<\/strong><\/p>\n","protected":false},"excerpt":{"rendered":"<p>Die SIMStation Pro ist eine hochwertige audiovisuelle L\u00f6sung, konzipiert f\u00fcr professionelle Aufzeichnung und Debriefing. Sie vereint Mobilit\u00e4t, Flexibilit\u00e4t und Leistung, um sowohl den Anforderungen einfacher Simulationen als auch komplexer Szenarien gerecht zu werden. Mit ihren vielf\u00e4ltigen Schnittstellen und ihrer intuitiven Software garantiert sie zuverl\u00e4ssige und qualitativ hochwertige Ergebnisse in allen p\u00e4dagogischen Situationen.  <\/p>\n","protected":false},"featured_media":5038,"template":"","meta":[],"product_brand":[209],"product_cat":[219],"product_tag":[237,250,238,233,232,249,252,245,251,236,235],"class_list":{"0":"post-5037","1":"product","2":"type-product","3":"status-publish","4":"has-post-thumbnail","6":"product_brand-simstation","7":"product_cat-videodebriefing-losungen","8":"product_tag-anasthesie","9":"product_tag-chirurgie","10":"product_tag-erste-hilfe","11":"product_tag-geburtshilfe-gynakologie","12":"product_tag-geriatrische-medizin","13":"product_tag-innere-medizin","14":"product_tag-intensivmedizin","15":"product_tag-intensivpflege","16":"product_tag-krankenpflege","17":"product_tag-notfallmedizin","18":"product_tag-padiatrie","20":"first","21":"instock","22":"shipping-taxable","23":"purchasable","24":"product-type-simple"},"yoast_head":"<!-- This site is optimized with the Yoast SEO plugin v26.8 - https:\/\/yoast.com\/product\/yoast-seo-wordpress\/ -->\n<title>SIMStation Pro \u2013 Portable Video-Debriefing-L\u00f6sung<\/title>\n<meta name=\"description\" content=\"SIMStation Pro: Umfassendes und mobiles System f\u00fcr Aufzeichnung, Debriefing und \u00dcberwachung in der medizinischen Simulation. Hohe Audio-Video-Qualit\u00e4t.\" \/>\n<meta name=\"robots\" content=\"index, follow, max-snippet:-1, max-image-preview:large, max-video-preview:-1\" \/>\n<link rel=\"canonical\" href=\"https:\/\/lifesupportdistribution.fr\/de\/produkt\/simstation-pro\/\" \/>\n<meta property=\"og:locale\" content=\"de_DE\" \/>\n<meta property=\"og:type\" content=\"article\" \/>\n<meta property=\"og:title\" content=\"SIMStation Pro \u2013 Portable Video-Debriefing-L\u00f6sung\" \/>\n<meta property=\"og:description\" content=\"SIMStation Pro: Umfassendes und mobiles System f\u00fcr Aufzeichnung, Debriefing und \u00dcberwachung in der medizinischen Simulation. Hohe Audio-Video-Qualit\u00e4t.\" \/>\n<meta property=\"og:url\" content=\"https:\/\/lifesupportdistribution.fr\/de\/produkt\/simstation-pro\/\" \/>\n<meta property=\"og:site_name\" content=\"Life Support Distribution\" \/>\n<meta property=\"article:modified_time\" content=\"2026-04-28T15:00:38+00:00\" \/>\n<meta property=\"og:image\" content=\"https:\/\/lifesupportdistribution.fr\/wp-content\/uploads\/2025\/07\/Photo-SIMStation-Pro.png\" \/>\n\t<meta property=\"og:image:width\" content=\"438\" \/>\n\t<meta property=\"og:image:height\" content=\"284\" \/>\n\t<meta property=\"og:image:type\" content=\"image\/png\" \/>\n<meta name=\"twitter:card\" content=\"summary_large_image\" \/>\n<meta name=\"twitter:label1\" content=\"Gesch\u00e4tzte Lesezeit\" \/>\n\t<meta name=\"twitter:data1\" content=\"1\u00a0Minute\" \/>\n<script type=\"application\/ld+json\" class=\"yoast-schema-graph\">{\"@context\":\"https:\/\/schema.org\",\"@graph\":[{\"@type\":\"WebPage\",\"@id\":\"https:\/\/lifesupportdistribution.fr\/de\/produkt\/simstation-pro\/\",\"url\":\"https:\/\/lifesupportdistribution.fr\/de\/produkt\/simstation-pro\/\",\"name\":\"SIMStation Pro \u2013 Portable Video-Debriefing-L\u00f6sung\",\"isPartOf\":{\"@id\":\"https:\/\/lifesupportdistribution.fr\/de\/#website\"},\"primaryImageOfPage\":{\"@id\":\"https:\/\/lifesupportdistribution.fr\/de\/produkt\/simstation-pro\/#primaryimage\"},\"image\":{\"@id\":\"https:\/\/lifesupportdistribution.fr\/de\/produkt\/simstation-pro\/#primaryimage\"},\"thumbnailUrl\":\"https:\/\/lifesupportdistribution.fr\/wp-content\/uploads\/2025\/07\/Photo-SIMStation-Pro.png\",\"datePublished\":\"2025-07-24T20:45:52+00:00\",\"dateModified\":\"2026-04-28T15:00:38+00:00\",\"description\":\"SIMStation Pro: Umfassendes und mobiles System f\u00fcr Aufzeichnung, Debriefing und \u00dcberwachung in der medizinischen Simulation. Hohe Audio-Video-Qualit\u00e4t.\",\"breadcrumb\":{\"@id\":\"https:\/\/lifesupportdistribution.fr\/de\/produkt\/simstation-pro\/#breadcrumb\"},\"inLanguage\":\"de\",\"potentialAction\":[{\"@type\":\"ReadAction\",\"target\":[\"https:\/\/lifesupportdistribution.fr\/de\/produkt\/simstation-pro\/\"]}]},{\"@type\":\"ImageObject\",\"inLanguage\":\"de\",\"@id\":\"https:\/\/lifesupportdistribution.fr\/de\/produkt\/simstation-pro\/#primaryimage\",\"url\":\"https:\/\/lifesupportdistribution.fr\/wp-content\/uploads\/2025\/07\/Photo-SIMStation-Pro.png\",\"contentUrl\":\"https:\/\/lifesupportdistribution.fr\/wp-content\/uploads\/2025\/07\/Photo-SIMStation-Pro.png\",\"width\":438,\"height\":284},{\"@type\":\"BreadcrumbList\",\"@id\":\"https:\/\/lifesupportdistribution.fr\/de\/produkt\/simstation-pro\/#breadcrumb\",\"itemListElement\":[{\"@type\":\"ListItem\",\"position\":1,\"name\":\"Accueil\",\"item\":\"https:\/\/lifesupportdistribution.fr\/de\/startseite\/\"},{\"@type\":\"ListItem\",\"position\":2,\"name\":\"Shop\",\"item\":\"https:\/\/lifesupportdistribution.fr\/de\/shop\/\"},{\"@type\":\"ListItem\",\"position\":3,\"name\":\"SIMStation Pro Gen2\"}]},{\"@type\":\"WebSite\",\"@id\":\"https:\/\/lifesupportdistribution.fr\/de\/#website\",\"url\":\"https:\/\/lifesupportdistribution.fr\/de\/\",\"name\":\"Life Support Distribution\",\"description\":\"Solutions en simulation m\u00e9dicale\",\"publisher\":{\"@id\":\"https:\/\/lifesupportdistribution.fr\/de\/#organization\"},\"potentialAction\":[{\"@type\":\"SearchAction\",\"target\":{\"@type\":\"EntryPoint\",\"urlTemplate\":\"https:\/\/lifesupportdistribution.fr\/de\/?s={search_term_string}\"},\"query-input\":{\"@type\":\"PropertyValueSpecification\",\"valueRequired\":true,\"valueName\":\"search_term_string\"}}],\"inLanguage\":\"de\"},{\"@type\":\"Organization\",\"@id\":\"https:\/\/lifesupportdistribution.fr\/de\/#organization\",\"name\":\"Life Support Distribution\",\"url\":\"https:\/\/lifesupportdistribution.fr\/de\/\",\"logo\":{\"@type\":\"ImageObject\",\"inLanguage\":\"de\",\"@id\":\"https:\/\/lifesupportdistribution.fr\/de\/#\/schema\/logo\/image\/\",\"url\":\"https:\/\/lifesupportdistribution.fr\/wp-content\/uploads\/2025\/10\/logo-life-support-distribution.svg\",\"contentUrl\":\"https:\/\/lifesupportdistribution.fr\/wp-content\/uploads\/2025\/10\/logo-life-support-distribution.svg\",\"width\":698,\"height\":223,\"caption\":\"Life Support Distribution\"},\"image\":{\"@id\":\"https:\/\/lifesupportdistribution.fr\/de\/#\/schema\/logo\/image\/\"},\"sameAs\":[\"https:\/\/www.linkedin.com\/company\/life-support-distribution\/\"]}]}<\/script>\n<!-- \/ Yoast SEO plugin. -->","yoast_head_json":{"title":"SIMStation Pro \u2013 Portable Video-Debriefing-L\u00f6sung","description":"SIMStation Pro: Umfassendes und mobiles System f\u00fcr Aufzeichnung, Debriefing und \u00dcberwachung in der medizinischen Simulation. Hohe Audio-Video-Qualit\u00e4t.","robots":{"index":"index","follow":"follow","max-snippet":"max-snippet:-1","max-image-preview":"max-image-preview:large","max-video-preview":"max-video-preview:-1"},"canonical":"https:\/\/lifesupportdistribution.fr\/de\/produkt\/simstation-pro\/","og_locale":"de_DE","og_type":"article","og_title":"SIMStation Pro \u2013 Portable Video-Debriefing-L\u00f6sung","og_description":"SIMStation Pro: Umfassendes und mobiles System f\u00fcr Aufzeichnung, Debriefing und \u00dcberwachung in der medizinischen Simulation. Hohe Audio-Video-Qualit\u00e4t.","og_url":"https:\/\/lifesupportdistribution.fr\/de\/produkt\/simstation-pro\/","og_site_name":"Life Support Distribution","article_modified_time":"2026-04-28T15:00:38+00:00","og_image":[{"width":438,"height":284,"url":"https:\/\/lifesupportdistribution.fr\/wp-content\/uploads\/2025\/07\/Photo-SIMStation-Pro.png","type":"image\/png"}],"twitter_card":"summary_large_image","twitter_misc":{"Gesch\u00e4tzte Lesezeit":"1\u00a0Minute"},"schema":{"@context":"https:\/\/schema.org","@graph":[{"@type":"WebPage","@id":"https:\/\/lifesupportdistribution.fr\/de\/produkt\/simstation-pro\/","url":"https:\/\/lifesupportdistribution.fr\/de\/produkt\/simstation-pro\/","name":"SIMStation Pro \u2013 Portable Video-Debriefing-L\u00f6sung","isPartOf":{"@id":"https:\/\/lifesupportdistribution.fr\/de\/#website"},"primaryImageOfPage":{"@id":"https:\/\/lifesupportdistribution.fr\/de\/produkt\/simstation-pro\/#primaryimage"},"image":{"@id":"https:\/\/lifesupportdistribution.fr\/de\/produkt\/simstation-pro\/#primaryimage"},"thumbnailUrl":"https:\/\/lifesupportdistribution.fr\/wp-content\/uploads\/2025\/07\/Photo-SIMStation-Pro.png","datePublished":"2025-07-24T20:45:52+00:00","dateModified":"2026-04-28T15:00:38+00:00","description":"SIMStation Pro: Umfassendes und mobiles System f\u00fcr Aufzeichnung, Debriefing und \u00dcberwachung in der medizinischen Simulation. Hohe Audio-Video-Qualit\u00e4t.","breadcrumb":{"@id":"https:\/\/lifesupportdistribution.fr\/de\/produkt\/simstation-pro\/#breadcrumb"},"inLanguage":"de","potentialAction":[{"@type":"ReadAction","target":["https:\/\/lifesupportdistribution.fr\/de\/produkt\/simstation-pro\/"]}]},{"@type":"ImageObject","inLanguage":"de","@id":"https:\/\/lifesupportdistribution.fr\/de\/produkt\/simstation-pro\/#primaryimage","url":"https:\/\/lifesupportdistribution.fr\/wp-content\/uploads\/2025\/07\/Photo-SIMStation-Pro.png","contentUrl":"https:\/\/lifesupportdistribution.fr\/wp-content\/uploads\/2025\/07\/Photo-SIMStation-Pro.png","width":438,"height":284},{"@type":"BreadcrumbList","@id":"https:\/\/lifesupportdistribution.fr\/de\/produkt\/simstation-pro\/#breadcrumb","itemListElement":[{"@type":"ListItem","position":1,"name":"Accueil","item":"https:\/\/lifesupportdistribution.fr\/de\/startseite\/"},{"@type":"ListItem","position":2,"name":"Shop","item":"https:\/\/lifesupportdistribution.fr\/de\/shop\/"},{"@type":"ListItem","position":3,"name":"SIMStation Pro Gen2"}]},{"@type":"WebSite","@id":"https:\/\/lifesupportdistribution.fr\/de\/#website","url":"https:\/\/lifesupportdistribution.fr\/de\/","name":"Life Support Distribution","description":"Solutions en simulation m\u00e9dicale","publisher":{"@id":"https:\/\/lifesupportdistribution.fr\/de\/#organization"},"potentialAction":[{"@type":"SearchAction","target":{"@type":"EntryPoint","urlTemplate":"https:\/\/lifesupportdistribution.fr\/de\/?s={search_term_string}"},"query-input":{"@type":"PropertyValueSpecification","valueRequired":true,"valueName":"search_term_string"}}],"inLanguage":"de"},{"@type":"Organization","@id":"https:\/\/lifesupportdistribution.fr\/de\/#organization","name":"Life Support Distribution","url":"https:\/\/lifesupportdistribution.fr\/de\/","logo":{"@type":"ImageObject","inLanguage":"de","@id":"https:\/\/lifesupportdistribution.fr\/de\/#\/schema\/logo\/image\/","url":"https:\/\/lifesupportdistribution.fr\/wp-content\/uploads\/2025\/10\/logo-life-support-distribution.svg","contentUrl":"https:\/\/lifesupportdistribution.fr\/wp-content\/uploads\/2025\/10\/logo-life-support-distribution.svg","width":698,"height":223,"caption":"Life Support Distribution"},"image":{"@id":"https:\/\/lifesupportdistribution.fr\/de\/#\/schema\/logo\/image\/"},"sameAs":["https:\/\/www.linkedin.com\/company\/life-support-distribution\/"]}]}},"_links":{"self":[{"href":"https:\/\/lifesupportdistribution.fr\/de\/wp-json\/wp\/v2\/product\/5037","targetHints":{"allow":["GET"]}}],"collection":[{"href":"https:\/\/lifesupportdistribution.fr\/de\/wp-json\/wp\/v2\/product"}],"about":[{"href":"https:\/\/lifesupportdistribution.fr\/de\/wp-json\/wp\/v2\/types\/product"}],"wp:featuredmedia":[{"embeddable":true,"href":"https:\/\/lifesupportdistribution.fr\/de\/wp-json\/wp\/v2\/media\/5038"}],"wp:attachment":[{"href":"https:\/\/lifesupportdistribution.fr\/de\/wp-json\/wp\/v2\/media?parent=5037"}],"wp:term":[{"taxonomy":"product_brand","embeddable":true,"href":"https:\/\/lifesupportdistribution.fr\/de\/wp-json\/wp\/v2\/product_brand?post=5037"},{"taxonomy":"product_cat","embeddable":true,"href":"https:\/\/lifesupportdistribution.fr\/de\/wp-json\/wp\/v2\/product_cat?post=5037"},{"taxonomy":"product_tag","embeddable":true,"href":"https:\/\/lifesupportdistribution.fr\/de\/wp-json\/wp\/v2\/product_tag?post=5037"}],"curies":[{"name":"wp","href":"https:\/\/api.w.org\/{rel}","templated":true}]}}