{"id":5042,"date":"2025-10-30T08:28:24","date_gmt":"2025-10-30T08:28:24","guid":{"rendered":"https:\/\/lifesupportdistribution.fr\/produits\/viso-stationaere-noldus-loesung\/"},"modified":"2025-10-30T08:28:24","modified_gmt":"2025-10-30T07:28:24","slug":"viso-stationaere-noldus-loesung","status":"publish","type":"product","link":"https:\/\/lifesupportdistribution.fr\/de\/produkt\/viso-stationaere-noldus-loesung\/","title":{"rendered":"Viso \u2013 Station\u00e4re Noldus-L\u00f6sung"},"content":{"rendered":"<p>Station\u00e4res Viso bietet eine klare und benutzerfreundliche Oberfl\u00e4che, die hochaufl\u00f6sende Multi-Kamera-Aufnahmen erm\u00f6glicht, um jedes Detail einer Sitzung zu erfassen. Benutzer k\u00f6nnen mehrere Aufnahmen parallel in verschiedenen R\u00e4umen starten, stoppen und verwalten und diese als separate oder kombinierte Sitzungen organisieren. <\/p>\n<p>Das Tool wurde entwickelt, um Lernende in jeder Phase ihres Lernwegs zu begleiten, ihre Leistungen zu analysieren und das Debriefing durch erweiterte Funktionen wie Ereignismarkierung oder Push-to-Talk-Kommunikation zu erleichtern.<\/p>\n<p>Vollst\u00e4ndig anpassbar, passt sich die Viso-L\u00f6sung an bestehende Infrastrukturen an und unterst\u00fctzt Ausbilder bei der Schaffung einer modernen, immersiven und sicheren Lernumgebung.<\/p>\n","protected":false},"excerpt":{"rendered":"<p>Viso, die von Noldus entwickelte station\u00e4re L\u00f6sung, ist ein umfassendes Videoaufzeichnungs- und -verwaltungssystem, das zur Optimierung von Schulung, Kommunikation und Kompetenzbewertung entwickelt wurde. Vollst\u00e4ndig modular, erm\u00f6glicht es die Ausstattung einer unbegrenzten Anzahl von R\u00e4umen und Benutzern, wobei eine zentrale und sichere Steuerung gew\u00e4hrleistet ist. Entwickelt f\u00fcr Simulationszentren und Bildungseinrichtungen im Gesundheitswesen, bietet Viso eine reibungslose, zuverl\u00e4ssige und den h\u00f6chsten Sicherheits- und Vertraulichkeitsstandards entsprechende Erfahrung.  <\/p>\n","protected":false},"featured_media":1408,"template":"","meta":[],"product_brand":[206],"product_cat":[219],"product_tag":[237,250,233,232,249,252,245,251,236,235],"class_list":{"0":"post-5042","1":"product","2":"type-product","3":"status-publish","4":"has-post-thumbnail","6":"product_brand-noldus","7":"product_cat-videodebriefing-losungen","8":"product_tag-anasthesie","9":"product_tag-chirurgie","10":"product_tag-geburtshilfe-gynakologie","11":"product_tag-geriatrische-medizin","12":"product_tag-innere-medizin","13":"product_tag-intensivmedizin","14":"product_tag-intensivpflege","15":"product_tag-krankenpflege","16":"product_tag-notfallmedizin","17":"product_tag-padiatrie","19":"first","20":"instock","21":"shipping-taxable","22":"purchasable","23":"product-type-simple"},"yoast_head":"<!-- This site is optimized with the Yoast SEO plugin v26.8 - https:\/\/yoast.com\/product\/yoast-seo-wordpress\/ -->\n<title>Viso Noldus \u2013 Station\u00e4re Aufzeichnungsl\u00f6sung f\u00fcr Simulationen<\/title>\n<meta name=\"description\" content=\"Noldus Viso: Station\u00e4res Audio-Video-Aufzeichnungs- und Debriefing-System f\u00fcr medizinische Simulationen. Multi-Raum-Aufnahmen, Annotationen, effektives Debriefing.\" \/>\n<meta name=\"robots\" content=\"index, follow, max-snippet:-1, max-image-preview:large, max-video-preview:-1\" \/>\n<link rel=\"canonical\" href=\"https:\/\/lifesupportdistribution.fr\/de\/produkt\/viso-stationaere-noldus-loesung\/\" \/>\n<meta property=\"og:locale\" content=\"de_DE\" \/>\n<meta property=\"og:type\" content=\"article\" \/>\n<meta property=\"og:title\" content=\"Viso Noldus \u2013 Station\u00e4re Aufzeichnungsl\u00f6sung f\u00fcr Simulationen\" \/>\n<meta property=\"og:description\" content=\"Noldus Viso: Station\u00e4res Audio-Video-Aufzeichnungs- und Debriefing-System f\u00fcr medizinische Simulationen. Multi-Raum-Aufnahmen, Annotationen, effektives Debriefing.\" \/>\n<meta property=\"og:url\" content=\"https:\/\/lifesupportdistribution.fr\/de\/produkt\/viso-stationaere-noldus-loesung\/\" \/>\n<meta property=\"og:site_name\" content=\"Life Support Distribution\" \/>\n<meta property=\"og:image\" content=\"https:\/\/lifesupportdistribution.fr\/wp-content\/uploads\/2025\/10\/Photo-image-Noldus-fixe.png\" \/>\n\t<meta property=\"og:image:width\" content=\"836\" \/>\n\t<meta property=\"og:image:height\" content=\"546\" \/>\n\t<meta property=\"og:image:type\" content=\"image\/png\" \/>\n<meta name=\"twitter:card\" content=\"summary_large_image\" \/>\n<script type=\"application\/ld+json\" class=\"yoast-schema-graph\">{\"@context\":\"https:\/\/schema.org\",\"@graph\":[{\"@type\":\"WebPage\",\"@id\":\"https:\/\/lifesupportdistribution.fr\/de\/produkt\/viso-stationaere-noldus-loesung\/\",\"url\":\"https:\/\/lifesupportdistribution.fr\/de\/produkt\/viso-stationaere-noldus-loesung\/\",\"name\":\"Viso Noldus \u2013 Station\u00e4re Aufzeichnungsl\u00f6sung f\u00fcr Simulationen\",\"isPartOf\":{\"@id\":\"https:\/\/lifesupportdistribution.fr\/de\/#website\"},\"primaryImageOfPage\":{\"@id\":\"https:\/\/lifesupportdistribution.fr\/de\/produkt\/viso-stationaere-noldus-loesung\/#primaryimage\"},\"image\":{\"@id\":\"https:\/\/lifesupportdistribution.fr\/de\/produkt\/viso-stationaere-noldus-loesung\/#primaryimage\"},\"thumbnailUrl\":\"https:\/\/lifesupportdistribution.fr\/wp-content\/uploads\/2025\/10\/Photo-image-Noldus-fixe.png\",\"datePublished\":\"2025-10-30T08:28:24+00:00\",\"description\":\"Noldus Viso: Station\u00e4res Audio-Video-Aufzeichnungs- und Debriefing-System f\u00fcr medizinische Simulationen. Multi-Raum-Aufnahmen, Annotationen, effektives Debriefing.\",\"breadcrumb\":{\"@id\":\"https:\/\/lifesupportdistribution.fr\/de\/produkt\/viso-stationaere-noldus-loesung\/#breadcrumb\"},\"inLanguage\":\"de\",\"potentialAction\":[{\"@type\":\"ReadAction\",\"target\":[\"https:\/\/lifesupportdistribution.fr\/de\/produkt\/viso-stationaere-noldus-loesung\/\"]}]},{\"@type\":\"ImageObject\",\"inLanguage\":\"de\",\"@id\":\"https:\/\/lifesupportdistribution.fr\/de\/produkt\/viso-stationaere-noldus-loesung\/#primaryimage\",\"url\":\"https:\/\/lifesupportdistribution.fr\/wp-content\/uploads\/2025\/10\/Photo-image-Noldus-fixe.png\",\"contentUrl\":\"https:\/\/lifesupportdistribution.fr\/wp-content\/uploads\/2025\/10\/Photo-image-Noldus-fixe.png\",\"width\":836,\"height\":546},{\"@type\":\"BreadcrumbList\",\"@id\":\"https:\/\/lifesupportdistribution.fr\/de\/produkt\/viso-stationaere-noldus-loesung\/#breadcrumb\",\"itemListElement\":[{\"@type\":\"ListItem\",\"position\":1,\"name\":\"Accueil\",\"item\":\"https:\/\/lifesupportdistribution.fr\/de\/startseite\/\"},{\"@type\":\"ListItem\",\"position\":2,\"name\":\"Shop\",\"item\":\"https:\/\/lifesupportdistribution.fr\/de\/shop\/\"},{\"@type\":\"ListItem\",\"position\":3,\"name\":\"Viso \u2013 Station\u00e4re Noldus-L\u00f6sung\"}]},{\"@type\":\"WebSite\",\"@id\":\"https:\/\/lifesupportdistribution.fr\/de\/#website\",\"url\":\"https:\/\/lifesupportdistribution.fr\/de\/\",\"name\":\"Life Support Distribution\",\"description\":\"Solutions en simulation m\u00e9dicale\",\"publisher\":{\"@id\":\"https:\/\/lifesupportdistribution.fr\/de\/#organization\"},\"potentialAction\":[{\"@type\":\"SearchAction\",\"target\":{\"@type\":\"EntryPoint\",\"urlTemplate\":\"https:\/\/lifesupportdistribution.fr\/de\/?s={search_term_string}\"},\"query-input\":{\"@type\":\"PropertyValueSpecification\",\"valueRequired\":true,\"valueName\":\"search_term_string\"}}],\"inLanguage\":\"de\"},{\"@type\":\"Organization\",\"@id\":\"https:\/\/lifesupportdistribution.fr\/de\/#organization\",\"name\":\"Life Support Distribution\",\"url\":\"https:\/\/lifesupportdistribution.fr\/de\/\",\"logo\":{\"@type\":\"ImageObject\",\"inLanguage\":\"de\",\"@id\":\"https:\/\/lifesupportdistribution.fr\/de\/#\/schema\/logo\/image\/\",\"url\":\"https:\/\/lifesupportdistribution.fr\/wp-content\/uploads\/2025\/10\/logo-life-support-distribution.svg\",\"contentUrl\":\"https:\/\/lifesupportdistribution.fr\/wp-content\/uploads\/2025\/10\/logo-life-support-distribution.svg\",\"width\":698,\"height\":223,\"caption\":\"Life Support Distribution\"},\"image\":{\"@id\":\"https:\/\/lifesupportdistribution.fr\/de\/#\/schema\/logo\/image\/\"},\"sameAs\":[\"https:\/\/www.linkedin.com\/company\/life-support-distribution\/\"]}]}<\/script>\n<!-- \/ Yoast SEO plugin. -->","yoast_head_json":{"title":"Viso Noldus \u2013 Station\u00e4re Aufzeichnungsl\u00f6sung f\u00fcr Simulationen","description":"Noldus Viso: Station\u00e4res Audio-Video-Aufzeichnungs- und Debriefing-System f\u00fcr medizinische Simulationen. Multi-Raum-Aufnahmen, Annotationen, effektives Debriefing.","robots":{"index":"index","follow":"follow","max-snippet":"max-snippet:-1","max-image-preview":"max-image-preview:large","max-video-preview":"max-video-preview:-1"},"canonical":"https:\/\/lifesupportdistribution.fr\/de\/produkt\/viso-stationaere-noldus-loesung\/","og_locale":"de_DE","og_type":"article","og_title":"Viso Noldus \u2013 Station\u00e4re Aufzeichnungsl\u00f6sung f\u00fcr Simulationen","og_description":"Noldus Viso: Station\u00e4res Audio-Video-Aufzeichnungs- und Debriefing-System f\u00fcr medizinische Simulationen. Multi-Raum-Aufnahmen, Annotationen, effektives Debriefing.","og_url":"https:\/\/lifesupportdistribution.fr\/de\/produkt\/viso-stationaere-noldus-loesung\/","og_site_name":"Life Support Distribution","og_image":[{"width":836,"height":546,"url":"https:\/\/lifesupportdistribution.fr\/wp-content\/uploads\/2025\/10\/Photo-image-Noldus-fixe.png","type":"image\/png"}],"twitter_card":"summary_large_image","schema":{"@context":"https:\/\/schema.org","@graph":[{"@type":"WebPage","@id":"https:\/\/lifesupportdistribution.fr\/de\/produkt\/viso-stationaere-noldus-loesung\/","url":"https:\/\/lifesupportdistribution.fr\/de\/produkt\/viso-stationaere-noldus-loesung\/","name":"Viso Noldus \u2013 Station\u00e4re Aufzeichnungsl\u00f6sung f\u00fcr Simulationen","isPartOf":{"@id":"https:\/\/lifesupportdistribution.fr\/de\/#website"},"primaryImageOfPage":{"@id":"https:\/\/lifesupportdistribution.fr\/de\/produkt\/viso-stationaere-noldus-loesung\/#primaryimage"},"image":{"@id":"https:\/\/lifesupportdistribution.fr\/de\/produkt\/viso-stationaere-noldus-loesung\/#primaryimage"},"thumbnailUrl":"https:\/\/lifesupportdistribution.fr\/wp-content\/uploads\/2025\/10\/Photo-image-Noldus-fixe.png","datePublished":"2025-10-30T08:28:24+00:00","description":"Noldus Viso: Station\u00e4res Audio-Video-Aufzeichnungs- und Debriefing-System f\u00fcr medizinische Simulationen. Multi-Raum-Aufnahmen, Annotationen, effektives Debriefing.","breadcrumb":{"@id":"https:\/\/lifesupportdistribution.fr\/de\/produkt\/viso-stationaere-noldus-loesung\/#breadcrumb"},"inLanguage":"de","potentialAction":[{"@type":"ReadAction","target":["https:\/\/lifesupportdistribution.fr\/de\/produkt\/viso-stationaere-noldus-loesung\/"]}]},{"@type":"ImageObject","inLanguage":"de","@id":"https:\/\/lifesupportdistribution.fr\/de\/produkt\/viso-stationaere-noldus-loesung\/#primaryimage","url":"https:\/\/lifesupportdistribution.fr\/wp-content\/uploads\/2025\/10\/Photo-image-Noldus-fixe.png","contentUrl":"https:\/\/lifesupportdistribution.fr\/wp-content\/uploads\/2025\/10\/Photo-image-Noldus-fixe.png","width":836,"height":546},{"@type":"BreadcrumbList","@id":"https:\/\/lifesupportdistribution.fr\/de\/produkt\/viso-stationaere-noldus-loesung\/#breadcrumb","itemListElement":[{"@type":"ListItem","position":1,"name":"Accueil","item":"https:\/\/lifesupportdistribution.fr\/de\/startseite\/"},{"@type":"ListItem","position":2,"name":"Shop","item":"https:\/\/lifesupportdistribution.fr\/de\/shop\/"},{"@type":"ListItem","position":3,"name":"Viso \u2013 Station\u00e4re Noldus-L\u00f6sung"}]},{"@type":"WebSite","@id":"https:\/\/lifesupportdistribution.fr\/de\/#website","url":"https:\/\/lifesupportdistribution.fr\/de\/","name":"Life Support Distribution","description":"Solutions en simulation m\u00e9dicale","publisher":{"@id":"https:\/\/lifesupportdistribution.fr\/de\/#organization"},"potentialAction":[{"@type":"SearchAction","target":{"@type":"EntryPoint","urlTemplate":"https:\/\/lifesupportdistribution.fr\/de\/?s={search_term_string}"},"query-input":{"@type":"PropertyValueSpecification","valueRequired":true,"valueName":"search_term_string"}}],"inLanguage":"de"},{"@type":"Organization","@id":"https:\/\/lifesupportdistribution.fr\/de\/#organization","name":"Life Support Distribution","url":"https:\/\/lifesupportdistribution.fr\/de\/","logo":{"@type":"ImageObject","inLanguage":"de","@id":"https:\/\/lifesupportdistribution.fr\/de\/#\/schema\/logo\/image\/","url":"https:\/\/lifesupportdistribution.fr\/wp-content\/uploads\/2025\/10\/logo-life-support-distribution.svg","contentUrl":"https:\/\/lifesupportdistribution.fr\/wp-content\/uploads\/2025\/10\/logo-life-support-distribution.svg","width":698,"height":223,"caption":"Life Support Distribution"},"image":{"@id":"https:\/\/lifesupportdistribution.fr\/de\/#\/schema\/logo\/image\/"},"sameAs":["https:\/\/www.linkedin.com\/company\/life-support-distribution\/"]}]}},"_links":{"self":[{"href":"https:\/\/lifesupportdistribution.fr\/de\/wp-json\/wp\/v2\/product\/5042","targetHints":{"allow":["GET"]}}],"collection":[{"href":"https:\/\/lifesupportdistribution.fr\/de\/wp-json\/wp\/v2\/product"}],"about":[{"href":"https:\/\/lifesupportdistribution.fr\/de\/wp-json\/wp\/v2\/types\/product"}],"wp:featuredmedia":[{"embeddable":true,"href":"https:\/\/lifesupportdistribution.fr\/de\/wp-json\/wp\/v2\/media\/1408"}],"wp:attachment":[{"href":"https:\/\/lifesupportdistribution.fr\/de\/wp-json\/wp\/v2\/media?parent=5042"}],"wp:term":[{"taxonomy":"product_brand","embeddable":true,"href":"https:\/\/lifesupportdistribution.fr\/de\/wp-json\/wp\/v2\/product_brand?post=5042"},{"taxonomy":"product_cat","embeddable":true,"href":"https:\/\/lifesupportdistribution.fr\/de\/wp-json\/wp\/v2\/product_cat?post=5042"},{"taxonomy":"product_tag","embeddable":true,"href":"https:\/\/lifesupportdistribution.fr\/de\/wp-json\/wp\/v2\/product_tag?post=5042"}],"curies":[{"name":"wp","href":"https:\/\/api.w.org\/{rel}","templated":true}]}}