{"id":5055,"date":"2025-11-10T10:39:15","date_gmt":"2025-11-10T09:39:15","guid":{"rendered":"https:\/\/lifesupportdistribution.fr\/produits\/avtrach-tracheostomie-pflegesimulator\/"},"modified":"2025-11-10T10:39:15","modified_gmt":"2025-11-10T09:39:15","slug":"avtrach-tracheostomie-pflegesimulator","status":"publish","type":"product","link":"https:\/\/lifesupportdistribution.fr\/de\/produkt\/avtrach-tracheostomie-pflegesimulator\/","title":{"rendered":"Avtrach \u2013 Tracheostomie-Pflegesimulator"},"content":{"rendered":"<p>Der Avtrach ist eine innovative L\u00f6sung, die es erm\u00f6glicht, die Handgriffe der Tracheostomie-Pflege pr\u00e4zise zu simulieren. Entwickelt mit der klinischen Expertise von Avkin, kombiniert er einen hohen anatomischen Realismus mit hochwertigen und widerstandsf\u00e4higen Materialien. Sein Design f\u00f6rdert das Eintauchen ins Training, indem es Lernenden die M\u00f6glichkeit bietet, wesentliche Verfahren zu wiederholen, ihre Geschicklichkeit zu entwickeln und das n\u00f6tige Vertrauen vor der realen Versorgung zu gewinnen.  <\/p>\n<p>Der Simulator f\u00fcgt sich perfekt in Programme der Intensiv-, Reanimations- oder Notfallpflege ein und richtet sich sowohl an Medizinstudenten, medizinisches Fachpersonal als auch an Pflegekr\u00e4fte.<\/p>\n","protected":false},"excerpt":{"rendered":"<p>Der Avtrach-Simulator ist ein hybrides Ger\u00e4t, das auf einem simulierten Patienten getragen wird und f\u00fcr das Erlernen technischer und nicht-technischer F\u00e4higkeiten im Zusammenhang mit der spezifischen Tracheostomie-Versorgung konzipiert ist. Er erm\u00f6glicht ein sicheres Training der Tracheostomie-Pflege, indem er eine immersive und realistische Erfahrung bietet. Dieser Simulator erf\u00fcllt die Ausbildungsbed\u00fcrfnisse in einem oft als angstausl\u00f6send empfundenen Pflegeumfeld, w\u00e4hrend er gleichzeitig die p\u00e4dagogische Sicherheit gew\u00e4hrleistet.  <\/p>\n","protected":false},"featured_media":1558,"template":"","meta":[],"product_brand":[188],"product_cat":[222,220],"product_tag":[237,246,252,251,236],"class_list":{"0":"post-5055","1":"product","2":"type-product","3":"status-publish","4":"has-post-thumbnail","6":"product_brand-avkin","7":"product_cat-simulatoren-fur-medizinische-versorgung","8":"product_cat-simulierte-patienten","9":"product_tag-anasthesie","10":"product_tag-hno","11":"product_tag-intensivmedizin","12":"product_tag-krankenpflege","13":"product_tag-notfallmedizin","15":"first","16":"instock","17":"shipping-taxable","18":"purchasable","19":"product-type-simple"},"yoast_head":"<!-- This site is optimized with the Yoast SEO plugin v26.8 - https:\/\/yoast.com\/product\/yoast-seo-wordpress\/ -->\n<title>AVTRACH Avkin \u2013 Tracheostomie-Pflegesimulator<\/title>\n<meta name=\"description\" content=\"AVTRACH von Avkin: Realistischer Simulator f\u00fcr das Tracheostomie-Pflege-Training. Erm\u00f6glicht sichere Kommunikation, Hygiene und technische Handgriffe.\" \/>\n<meta name=\"robots\" content=\"index, follow, max-snippet:-1, max-image-preview:large, max-video-preview:-1\" \/>\n<link rel=\"canonical\" href=\"https:\/\/lifesupportdistribution.fr\/de\/produkt\/avtrach-tracheostomie-pflegesimulator\/\" \/>\n<meta property=\"og:locale\" content=\"de_DE\" \/>\n<meta property=\"og:type\" content=\"article\" \/>\n<meta property=\"og:title\" content=\"AVTRACH Avkin \u2013 Tracheostomie-Pflegesimulator\" \/>\n<meta property=\"og:description\" content=\"AVTRACH von Avkin: Realistischer Simulator f\u00fcr das Tracheostomie-Pflege-Training. Erm\u00f6glicht sichere Kommunikation, Hygiene und technische Handgriffe.\" \/>\n<meta property=\"og:url\" content=\"https:\/\/lifesupportdistribution.fr\/de\/produkt\/avtrach-tracheostomie-pflegesimulator\/\" \/>\n<meta property=\"og:site_name\" content=\"Life Support Distribution\" \/>\n<meta property=\"og:image\" content=\"https:\/\/lifesupportdistribution.fr\/wp-content\/uploads\/2025\/11\/Photo-avkin-1.png\" \/>\n\t<meta property=\"og:image:width\" content=\"1072\" \/>\n\t<meta property=\"og:image:height\" content=\"700\" \/>\n\t<meta property=\"og:image:type\" content=\"image\/png\" \/>\n<meta name=\"twitter:card\" content=\"summary_large_image\" \/>\n<script type=\"application\/ld+json\" class=\"yoast-schema-graph\">{\"@context\":\"https:\/\/schema.org\",\"@graph\":[{\"@type\":\"WebPage\",\"@id\":\"https:\/\/lifesupportdistribution.fr\/de\/produkt\/avtrach-tracheostomie-pflegesimulator\/\",\"url\":\"https:\/\/lifesupportdistribution.fr\/de\/produkt\/avtrach-tracheostomie-pflegesimulator\/\",\"name\":\"AVTRACH Avkin \u2013 Tracheostomie-Pflegesimulator\",\"isPartOf\":{\"@id\":\"https:\/\/lifesupportdistribution.fr\/de\/#website\"},\"primaryImageOfPage\":{\"@id\":\"https:\/\/lifesupportdistribution.fr\/de\/produkt\/avtrach-tracheostomie-pflegesimulator\/#primaryimage\"},\"image\":{\"@id\":\"https:\/\/lifesupportdistribution.fr\/de\/produkt\/avtrach-tracheostomie-pflegesimulator\/#primaryimage\"},\"thumbnailUrl\":\"https:\/\/lifesupportdistribution.fr\/wp-content\/uploads\/2025\/11\/Photo-avkin-1.png\",\"datePublished\":\"2025-11-10T09:39:15+00:00\",\"description\":\"AVTRACH von Avkin: Realistischer Simulator f\u00fcr das Tracheostomie-Pflege-Training. Erm\u00f6glicht sichere Kommunikation, Hygiene und technische Handgriffe.\",\"breadcrumb\":{\"@id\":\"https:\/\/lifesupportdistribution.fr\/de\/produkt\/avtrach-tracheostomie-pflegesimulator\/#breadcrumb\"},\"inLanguage\":\"de\",\"potentialAction\":[{\"@type\":\"ReadAction\",\"target\":[\"https:\/\/lifesupportdistribution.fr\/de\/produkt\/avtrach-tracheostomie-pflegesimulator\/\"]}]},{\"@type\":\"ImageObject\",\"inLanguage\":\"de\",\"@id\":\"https:\/\/lifesupportdistribution.fr\/de\/produkt\/avtrach-tracheostomie-pflegesimulator\/#primaryimage\",\"url\":\"https:\/\/lifesupportdistribution.fr\/wp-content\/uploads\/2025\/11\/Photo-avkin-1.png\",\"contentUrl\":\"https:\/\/lifesupportdistribution.fr\/wp-content\/uploads\/2025\/11\/Photo-avkin-1.png\",\"width\":1072,\"height\":700},{\"@type\":\"BreadcrumbList\",\"@id\":\"https:\/\/lifesupportdistribution.fr\/de\/produkt\/avtrach-tracheostomie-pflegesimulator\/#breadcrumb\",\"itemListElement\":[{\"@type\":\"ListItem\",\"position\":1,\"name\":\"Accueil\",\"item\":\"https:\/\/lifesupportdistribution.fr\/de\/startseite\/\"},{\"@type\":\"ListItem\",\"position\":2,\"name\":\"Shop\",\"item\":\"https:\/\/lifesupportdistribution.fr\/de\/shop\/\"},{\"@type\":\"ListItem\",\"position\":3,\"name\":\"Avtrach \u2013 Tracheostomie-Pflegesimulator\"}]},{\"@type\":\"WebSite\",\"@id\":\"https:\/\/lifesupportdistribution.fr\/de\/#website\",\"url\":\"https:\/\/lifesupportdistribution.fr\/de\/\",\"name\":\"Life Support Distribution\",\"description\":\"Solutions en simulation m\u00e9dicale\",\"publisher\":{\"@id\":\"https:\/\/lifesupportdistribution.fr\/de\/#organization\"},\"potentialAction\":[{\"@type\":\"SearchAction\",\"target\":{\"@type\":\"EntryPoint\",\"urlTemplate\":\"https:\/\/lifesupportdistribution.fr\/de\/?s={search_term_string}\"},\"query-input\":{\"@type\":\"PropertyValueSpecification\",\"valueRequired\":true,\"valueName\":\"search_term_string\"}}],\"inLanguage\":\"de\"},{\"@type\":\"Organization\",\"@id\":\"https:\/\/lifesupportdistribution.fr\/de\/#organization\",\"name\":\"Life Support Distribution\",\"url\":\"https:\/\/lifesupportdistribution.fr\/de\/\",\"logo\":{\"@type\":\"ImageObject\",\"inLanguage\":\"de\",\"@id\":\"https:\/\/lifesupportdistribution.fr\/de\/#\/schema\/logo\/image\/\",\"url\":\"https:\/\/lifesupportdistribution.fr\/wp-content\/uploads\/2025\/10\/logo-life-support-distribution.svg\",\"contentUrl\":\"https:\/\/lifesupportdistribution.fr\/wp-content\/uploads\/2025\/10\/logo-life-support-distribution.svg\",\"width\":698,\"height\":223,\"caption\":\"Life Support Distribution\"},\"image\":{\"@id\":\"https:\/\/lifesupportdistribution.fr\/de\/#\/schema\/logo\/image\/\"},\"sameAs\":[\"https:\/\/www.linkedin.com\/company\/life-support-distribution\/\"]}]}<\/script>\n<!-- \/ Yoast SEO plugin. -->","yoast_head_json":{"title":"AVTRACH Avkin \u2013 Tracheostomie-Pflegesimulator","description":"AVTRACH von Avkin: Realistischer Simulator f\u00fcr das Tracheostomie-Pflege-Training. Erm\u00f6glicht sichere Kommunikation, Hygiene und technische Handgriffe.","robots":{"index":"index","follow":"follow","max-snippet":"max-snippet:-1","max-image-preview":"max-image-preview:large","max-video-preview":"max-video-preview:-1"},"canonical":"https:\/\/lifesupportdistribution.fr\/de\/produkt\/avtrach-tracheostomie-pflegesimulator\/","og_locale":"de_DE","og_type":"article","og_title":"AVTRACH Avkin \u2013 Tracheostomie-Pflegesimulator","og_description":"AVTRACH von Avkin: Realistischer Simulator f\u00fcr das Tracheostomie-Pflege-Training. Erm\u00f6glicht sichere Kommunikation, Hygiene und technische Handgriffe.","og_url":"https:\/\/lifesupportdistribution.fr\/de\/produkt\/avtrach-tracheostomie-pflegesimulator\/","og_site_name":"Life Support Distribution","og_image":[{"width":1072,"height":700,"url":"https:\/\/lifesupportdistribution.fr\/wp-content\/uploads\/2025\/11\/Photo-avkin-1.png","type":"image\/png"}],"twitter_card":"summary_large_image","schema":{"@context":"https:\/\/schema.org","@graph":[{"@type":"WebPage","@id":"https:\/\/lifesupportdistribution.fr\/de\/produkt\/avtrach-tracheostomie-pflegesimulator\/","url":"https:\/\/lifesupportdistribution.fr\/de\/produkt\/avtrach-tracheostomie-pflegesimulator\/","name":"AVTRACH Avkin \u2013 Tracheostomie-Pflegesimulator","isPartOf":{"@id":"https:\/\/lifesupportdistribution.fr\/de\/#website"},"primaryImageOfPage":{"@id":"https:\/\/lifesupportdistribution.fr\/de\/produkt\/avtrach-tracheostomie-pflegesimulator\/#primaryimage"},"image":{"@id":"https:\/\/lifesupportdistribution.fr\/de\/produkt\/avtrach-tracheostomie-pflegesimulator\/#primaryimage"},"thumbnailUrl":"https:\/\/lifesupportdistribution.fr\/wp-content\/uploads\/2025\/11\/Photo-avkin-1.png","datePublished":"2025-11-10T09:39:15+00:00","description":"AVTRACH von Avkin: Realistischer Simulator f\u00fcr das Tracheostomie-Pflege-Training. Erm\u00f6glicht sichere Kommunikation, Hygiene und technische Handgriffe.","breadcrumb":{"@id":"https:\/\/lifesupportdistribution.fr\/de\/produkt\/avtrach-tracheostomie-pflegesimulator\/#breadcrumb"},"inLanguage":"de","potentialAction":[{"@type":"ReadAction","target":["https:\/\/lifesupportdistribution.fr\/de\/produkt\/avtrach-tracheostomie-pflegesimulator\/"]}]},{"@type":"ImageObject","inLanguage":"de","@id":"https:\/\/lifesupportdistribution.fr\/de\/produkt\/avtrach-tracheostomie-pflegesimulator\/#primaryimage","url":"https:\/\/lifesupportdistribution.fr\/wp-content\/uploads\/2025\/11\/Photo-avkin-1.png","contentUrl":"https:\/\/lifesupportdistribution.fr\/wp-content\/uploads\/2025\/11\/Photo-avkin-1.png","width":1072,"height":700},{"@type":"BreadcrumbList","@id":"https:\/\/lifesupportdistribution.fr\/de\/produkt\/avtrach-tracheostomie-pflegesimulator\/#breadcrumb","itemListElement":[{"@type":"ListItem","position":1,"name":"Accueil","item":"https:\/\/lifesupportdistribution.fr\/de\/startseite\/"},{"@type":"ListItem","position":2,"name":"Shop","item":"https:\/\/lifesupportdistribution.fr\/de\/shop\/"},{"@type":"ListItem","position":3,"name":"Avtrach \u2013 Tracheostomie-Pflegesimulator"}]},{"@type":"WebSite","@id":"https:\/\/lifesupportdistribution.fr\/de\/#website","url":"https:\/\/lifesupportdistribution.fr\/de\/","name":"Life Support Distribution","description":"Solutions en simulation m\u00e9dicale","publisher":{"@id":"https:\/\/lifesupportdistribution.fr\/de\/#organization"},"potentialAction":[{"@type":"SearchAction","target":{"@type":"EntryPoint","urlTemplate":"https:\/\/lifesupportdistribution.fr\/de\/?s={search_term_string}"},"query-input":{"@type":"PropertyValueSpecification","valueRequired":true,"valueName":"search_term_string"}}],"inLanguage":"de"},{"@type":"Organization","@id":"https:\/\/lifesupportdistribution.fr\/de\/#organization","name":"Life Support Distribution","url":"https:\/\/lifesupportdistribution.fr\/de\/","logo":{"@type":"ImageObject","inLanguage":"de","@id":"https:\/\/lifesupportdistribution.fr\/de\/#\/schema\/logo\/image\/","url":"https:\/\/lifesupportdistribution.fr\/wp-content\/uploads\/2025\/10\/logo-life-support-distribution.svg","contentUrl":"https:\/\/lifesupportdistribution.fr\/wp-content\/uploads\/2025\/10\/logo-life-support-distribution.svg","width":698,"height":223,"caption":"Life Support Distribution"},"image":{"@id":"https:\/\/lifesupportdistribution.fr\/de\/#\/schema\/logo\/image\/"},"sameAs":["https:\/\/www.linkedin.com\/company\/life-support-distribution\/"]}]}},"_links":{"self":[{"href":"https:\/\/lifesupportdistribution.fr\/de\/wp-json\/wp\/v2\/product\/5055","targetHints":{"allow":["GET"]}}],"collection":[{"href":"https:\/\/lifesupportdistribution.fr\/de\/wp-json\/wp\/v2\/product"}],"about":[{"href":"https:\/\/lifesupportdistribution.fr\/de\/wp-json\/wp\/v2\/types\/product"}],"wp:featuredmedia":[{"embeddable":true,"href":"https:\/\/lifesupportdistribution.fr\/de\/wp-json\/wp\/v2\/media\/1558"}],"wp:attachment":[{"href":"https:\/\/lifesupportdistribution.fr\/de\/wp-json\/wp\/v2\/media?parent=5055"}],"wp:term":[{"taxonomy":"product_brand","embeddable":true,"href":"https:\/\/lifesupportdistribution.fr\/de\/wp-json\/wp\/v2\/product_brand?post=5055"},{"taxonomy":"product_cat","embeddable":true,"href":"https:\/\/lifesupportdistribution.fr\/de\/wp-json\/wp\/v2\/product_cat?post=5055"},{"taxonomy":"product_tag","embeddable":true,"href":"https:\/\/lifesupportdistribution.fr\/de\/wp-json\/wp\/v2\/product_tag?post=5055"}],"curies":[{"name":"wp","href":"https:\/\/api.w.org\/{rel}","templated":true}]}}