{"id":5061,"date":"2025-07-24T20:23:48","date_gmt":"2025-07-24T20:23:48","guid":{"rendered":"https:\/\/lifesupportdistribution.fr\/produits\/simstation-go\/"},"modified":"2026-04-28T16:00:26","modified_gmt":"2026-04-28T15:00:26","slug":"simstation-go","status":"publish","type":"product","link":"https:\/\/lifesupportdistribution.fr\/de\/produkt\/simstation-go\/","title":{"rendered":"SIMStation Go"},"content":{"rendered":"<p>Entwickelt, um den Flexibilit\u00e4tsanforderungen von Simulationszentren, Universit\u00e4ten und Krankenh\u00e4usern gerecht zu werden, verk\u00f6rpert die SIMStation Go neu definierte Mobilit\u00e4t. Ultrakompakt und dank ihrer einsatzbereiten Rollkoffer leicht zu transportieren, ist sie in wenigen Minuten einsatzbereit und bietet eine komplette Aufzeichnungs- und Debriefing-L\u00f6sung, selbst auf engstem Raum. <\/p>\n<p>Ideal f\u00fcr kleine Teams oder Einrichtungen, die maximale Leistung ohne komplexe Installation suchen, vereint die SIMStation Go Leistung, Einfachheit und Anpassungsf\u00e4higkeit. Ihre anpassbare und erweiterbare Software erm\u00f6glicht das Erfassen, Analysieren und Wiederholen von Lehr-Szenarien und unterst\u00fctzt so ein progressives und immersives Lernen. <\/p>\n<p>Als echtes Innovationspaket definiert die SIMStation Go die mobile Ausbildung neu und stellt audiovisuelle Technologie in den Dienst der modernen medizinischen P\u00e4dagogik.<\/p>\n<p><strong>Exklusiver Vertrieb Schweiz.<\/strong><\/p>\n","protected":false},"excerpt":{"rendered":"<p>Die SIMStation Go ist eine ultra-mobile Simulationsl\u00f6sung der n\u00e4chsten Generation, entwickelt, um die Grenzen von Aufzeichnung und Debriefing zu erweitern. Kompakt, leistungsstark und einfach zu bedienen, integriert sie die neuesten Technologien, um eine au\u00dfergew\u00f6hnliche Qualit\u00e4t bei der Steuerung, Erfassung und Analyse von Simulationen zu bieten. <\/p>\n<p>Dieses immersive, hochgradig anpassungsf\u00e4hige audiovisuelle System begleitet p\u00e4dagogische Teams \u00fcberall dorthin, wo sie sich weiterbilden. Als echtes Schl\u00fcsselwerkzeug der mobilen Simulation bietet die SIMStation Go eine beispiellose Freiheit bei der Szenariengestaltung und markiert einen neuen Meilenstein in der Entwicklung der immersiven medizinischen Ausbildung. <\/p>\n","protected":false},"featured_media":5064,"template":"","meta":[],"product_brand":[209],"product_cat":[219],"product_tag":[237,250,238,233,252,245,251,236,235],"class_list":{"0":"post-5061","1":"product","2":"type-product","3":"status-publish","4":"has-post-thumbnail","6":"product_brand-simstation","7":"product_cat-videodebriefing-losungen","8":"product_tag-anasthesie","9":"product_tag-chirurgie","10":"product_tag-erste-hilfe","11":"product_tag-geburtshilfe-gynakologie","12":"product_tag-intensivmedizin","13":"product_tag-intensivpflege","14":"product_tag-krankenpflege","15":"product_tag-notfallmedizin","16":"product_tag-padiatrie","18":"first","19":"instock","20":"shipping-taxable","21":"purchasable","22":"product-type-simple"},"yoast_head":"<!-- This site is optimized with the Yoast SEO plugin v26.8 - https:\/\/yoast.com\/product\/yoast-seo-wordpress\/ -->\n<title>SIMStation Go \u2013 Mobiles Videodebriefing-System<\/title>\n<meta name=\"description\" content=\"SIMStation Go: Kompakte und schnell einsetzbare All-in-One-Videodebriefing-L\u00f6sung. Ideal f\u00fcr In-situ-Simulationen und mobile Schulungen.\" \/>\n<meta name=\"robots\" content=\"index, follow, max-snippet:-1, max-image-preview:large, max-video-preview:-1\" \/>\n<link rel=\"canonical\" href=\"https:\/\/lifesupportdistribution.fr\/de\/produkt\/simstation-go\/\" \/>\n<meta property=\"og:locale\" content=\"de_DE\" \/>\n<meta property=\"og:type\" content=\"article\" \/>\n<meta property=\"og:title\" content=\"SIMStation Go \u2013 Mobiles Videodebriefing-System\" \/>\n<meta property=\"og:description\" content=\"SIMStation Go: Kompakte und schnell einsetzbare All-in-One-Videodebriefing-L\u00f6sung. Ideal f\u00fcr In-situ-Simulationen und mobile Schulungen.\" \/>\n<meta property=\"og:url\" content=\"https:\/\/lifesupportdistribution.fr\/de\/produkt\/simstation-go\/\" \/>\n<meta property=\"og:site_name\" content=\"Life Support Distribution\" \/>\n<meta property=\"article:modified_time\" content=\"2026-04-28T15:00:26+00:00\" \/>\n<meta property=\"og:image\" content=\"https:\/\/lifesupportdistribution.fr\/wp-content\/uploads\/2025\/07\/Photo-SIMStation-Go.png\" \/>\n\t<meta property=\"og:image:width\" content=\"418\" \/>\n\t<meta property=\"og:image:height\" content=\"296\" \/>\n\t<meta property=\"og:image:type\" content=\"image\/png\" \/>\n<meta name=\"twitter:card\" content=\"summary_large_image\" \/>\n<meta name=\"twitter:label1\" content=\"Gesch\u00e4tzte Lesezeit\" \/>\n\t<meta name=\"twitter:data1\" content=\"1\u00a0Minute\" \/>\n<script type=\"application\/ld+json\" class=\"yoast-schema-graph\">{\"@context\":\"https:\/\/schema.org\",\"@graph\":[{\"@type\":\"WebPage\",\"@id\":\"https:\/\/lifesupportdistribution.fr\/de\/produkt\/simstation-go\/\",\"url\":\"https:\/\/lifesupportdistribution.fr\/de\/produkt\/simstation-go\/\",\"name\":\"SIMStation Go \u2013 Mobiles Videodebriefing-System\",\"isPartOf\":{\"@id\":\"https:\/\/lifesupportdistribution.fr\/de\/#website\"},\"primaryImageOfPage\":{\"@id\":\"https:\/\/lifesupportdistribution.fr\/de\/produkt\/simstation-go\/#primaryimage\"},\"image\":{\"@id\":\"https:\/\/lifesupportdistribution.fr\/de\/produkt\/simstation-go\/#primaryimage\"},\"thumbnailUrl\":\"https:\/\/lifesupportdistribution.fr\/wp-content\/uploads\/2025\/07\/Photo-SIMStation-Go.png\",\"datePublished\":\"2025-07-24T20:23:48+00:00\",\"dateModified\":\"2026-04-28T15:00:26+00:00\",\"description\":\"SIMStation Go: Kompakte und schnell einsetzbare All-in-One-Videodebriefing-L\u00f6sung. Ideal f\u00fcr In-situ-Simulationen und mobile Schulungen.\",\"breadcrumb\":{\"@id\":\"https:\/\/lifesupportdistribution.fr\/de\/produkt\/simstation-go\/#breadcrumb\"},\"inLanguage\":\"de\",\"potentialAction\":[{\"@type\":\"ReadAction\",\"target\":[\"https:\/\/lifesupportdistribution.fr\/de\/produkt\/simstation-go\/\"]}]},{\"@type\":\"ImageObject\",\"inLanguage\":\"de\",\"@id\":\"https:\/\/lifesupportdistribution.fr\/de\/produkt\/simstation-go\/#primaryimage\",\"url\":\"https:\/\/lifesupportdistribution.fr\/wp-content\/uploads\/2025\/07\/Photo-SIMStation-Go.png\",\"contentUrl\":\"https:\/\/lifesupportdistribution.fr\/wp-content\/uploads\/2025\/07\/Photo-SIMStation-Go.png\",\"width\":418,\"height\":296},{\"@type\":\"BreadcrumbList\",\"@id\":\"https:\/\/lifesupportdistribution.fr\/de\/produkt\/simstation-go\/#breadcrumb\",\"itemListElement\":[{\"@type\":\"ListItem\",\"position\":1,\"name\":\"Accueil\",\"item\":\"https:\/\/lifesupportdistribution.fr\/de\/startseite\/\"},{\"@type\":\"ListItem\",\"position\":2,\"name\":\"Shop\",\"item\":\"https:\/\/lifesupportdistribution.fr\/de\/shop\/\"},{\"@type\":\"ListItem\",\"position\":3,\"name\":\"SIMStation Go\"}]},{\"@type\":\"WebSite\",\"@id\":\"https:\/\/lifesupportdistribution.fr\/de\/#website\",\"url\":\"https:\/\/lifesupportdistribution.fr\/de\/\",\"name\":\"Life Support Distribution\",\"description\":\"Solutions en simulation m\u00e9dicale\",\"publisher\":{\"@id\":\"https:\/\/lifesupportdistribution.fr\/de\/#organization\"},\"potentialAction\":[{\"@type\":\"SearchAction\",\"target\":{\"@type\":\"EntryPoint\",\"urlTemplate\":\"https:\/\/lifesupportdistribution.fr\/de\/?s={search_term_string}\"},\"query-input\":{\"@type\":\"PropertyValueSpecification\",\"valueRequired\":true,\"valueName\":\"search_term_string\"}}],\"inLanguage\":\"de\"},{\"@type\":\"Organization\",\"@id\":\"https:\/\/lifesupportdistribution.fr\/de\/#organization\",\"name\":\"Life Support Distribution\",\"url\":\"https:\/\/lifesupportdistribution.fr\/de\/\",\"logo\":{\"@type\":\"ImageObject\",\"inLanguage\":\"de\",\"@id\":\"https:\/\/lifesupportdistribution.fr\/de\/#\/schema\/logo\/image\/\",\"url\":\"https:\/\/lifesupportdistribution.fr\/wp-content\/uploads\/2025\/10\/logo-life-support-distribution.svg\",\"contentUrl\":\"https:\/\/lifesupportdistribution.fr\/wp-content\/uploads\/2025\/10\/logo-life-support-distribution.svg\",\"width\":698,\"height\":223,\"caption\":\"Life Support Distribution\"},\"image\":{\"@id\":\"https:\/\/lifesupportdistribution.fr\/de\/#\/schema\/logo\/image\/\"},\"sameAs\":[\"https:\/\/www.linkedin.com\/company\/life-support-distribution\/\"]}]}<\/script>\n<!-- \/ Yoast SEO plugin. -->","yoast_head_json":{"title":"SIMStation Go \u2013 Mobiles Videodebriefing-System","description":"SIMStation Go: Kompakte und schnell einsetzbare All-in-One-Videodebriefing-L\u00f6sung. Ideal f\u00fcr In-situ-Simulationen und mobile Schulungen.","robots":{"index":"index","follow":"follow","max-snippet":"max-snippet:-1","max-image-preview":"max-image-preview:large","max-video-preview":"max-video-preview:-1"},"canonical":"https:\/\/lifesupportdistribution.fr\/de\/produkt\/simstation-go\/","og_locale":"de_DE","og_type":"article","og_title":"SIMStation Go \u2013 Mobiles Videodebriefing-System","og_description":"SIMStation Go: Kompakte und schnell einsetzbare All-in-One-Videodebriefing-L\u00f6sung. Ideal f\u00fcr In-situ-Simulationen und mobile Schulungen.","og_url":"https:\/\/lifesupportdistribution.fr\/de\/produkt\/simstation-go\/","og_site_name":"Life Support Distribution","article_modified_time":"2026-04-28T15:00:26+00:00","og_image":[{"width":418,"height":296,"url":"https:\/\/lifesupportdistribution.fr\/wp-content\/uploads\/2025\/07\/Photo-SIMStation-Go.png","type":"image\/png"}],"twitter_card":"summary_large_image","twitter_misc":{"Gesch\u00e4tzte Lesezeit":"1\u00a0Minute"},"schema":{"@context":"https:\/\/schema.org","@graph":[{"@type":"WebPage","@id":"https:\/\/lifesupportdistribution.fr\/de\/produkt\/simstation-go\/","url":"https:\/\/lifesupportdistribution.fr\/de\/produkt\/simstation-go\/","name":"SIMStation Go \u2013 Mobiles Videodebriefing-System","isPartOf":{"@id":"https:\/\/lifesupportdistribution.fr\/de\/#website"},"primaryImageOfPage":{"@id":"https:\/\/lifesupportdistribution.fr\/de\/produkt\/simstation-go\/#primaryimage"},"image":{"@id":"https:\/\/lifesupportdistribution.fr\/de\/produkt\/simstation-go\/#primaryimage"},"thumbnailUrl":"https:\/\/lifesupportdistribution.fr\/wp-content\/uploads\/2025\/07\/Photo-SIMStation-Go.png","datePublished":"2025-07-24T20:23:48+00:00","dateModified":"2026-04-28T15:00:26+00:00","description":"SIMStation Go: Kompakte und schnell einsetzbare All-in-One-Videodebriefing-L\u00f6sung. Ideal f\u00fcr In-situ-Simulationen und mobile Schulungen.","breadcrumb":{"@id":"https:\/\/lifesupportdistribution.fr\/de\/produkt\/simstation-go\/#breadcrumb"},"inLanguage":"de","potentialAction":[{"@type":"ReadAction","target":["https:\/\/lifesupportdistribution.fr\/de\/produkt\/simstation-go\/"]}]},{"@type":"ImageObject","inLanguage":"de","@id":"https:\/\/lifesupportdistribution.fr\/de\/produkt\/simstation-go\/#primaryimage","url":"https:\/\/lifesupportdistribution.fr\/wp-content\/uploads\/2025\/07\/Photo-SIMStation-Go.png","contentUrl":"https:\/\/lifesupportdistribution.fr\/wp-content\/uploads\/2025\/07\/Photo-SIMStation-Go.png","width":418,"height":296},{"@type":"BreadcrumbList","@id":"https:\/\/lifesupportdistribution.fr\/de\/produkt\/simstation-go\/#breadcrumb","itemListElement":[{"@type":"ListItem","position":1,"name":"Accueil","item":"https:\/\/lifesupportdistribution.fr\/de\/startseite\/"},{"@type":"ListItem","position":2,"name":"Shop","item":"https:\/\/lifesupportdistribution.fr\/de\/shop\/"},{"@type":"ListItem","position":3,"name":"SIMStation Go"}]},{"@type":"WebSite","@id":"https:\/\/lifesupportdistribution.fr\/de\/#website","url":"https:\/\/lifesupportdistribution.fr\/de\/","name":"Life Support Distribution","description":"Solutions en simulation m\u00e9dicale","publisher":{"@id":"https:\/\/lifesupportdistribution.fr\/de\/#organization"},"potentialAction":[{"@type":"SearchAction","target":{"@type":"EntryPoint","urlTemplate":"https:\/\/lifesupportdistribution.fr\/de\/?s={search_term_string}"},"query-input":{"@type":"PropertyValueSpecification","valueRequired":true,"valueName":"search_term_string"}}],"inLanguage":"de"},{"@type":"Organization","@id":"https:\/\/lifesupportdistribution.fr\/de\/#organization","name":"Life Support Distribution","url":"https:\/\/lifesupportdistribution.fr\/de\/","logo":{"@type":"ImageObject","inLanguage":"de","@id":"https:\/\/lifesupportdistribution.fr\/de\/#\/schema\/logo\/image\/","url":"https:\/\/lifesupportdistribution.fr\/wp-content\/uploads\/2025\/10\/logo-life-support-distribution.svg","contentUrl":"https:\/\/lifesupportdistribution.fr\/wp-content\/uploads\/2025\/10\/logo-life-support-distribution.svg","width":698,"height":223,"caption":"Life Support Distribution"},"image":{"@id":"https:\/\/lifesupportdistribution.fr\/de\/#\/schema\/logo\/image\/"},"sameAs":["https:\/\/www.linkedin.com\/company\/life-support-distribution\/"]}]}},"_links":{"self":[{"href":"https:\/\/lifesupportdistribution.fr\/de\/wp-json\/wp\/v2\/product\/5061","targetHints":{"allow":["GET"]}}],"collection":[{"href":"https:\/\/lifesupportdistribution.fr\/de\/wp-json\/wp\/v2\/product"}],"about":[{"href":"https:\/\/lifesupportdistribution.fr\/de\/wp-json\/wp\/v2\/types\/product"}],"wp:featuredmedia":[{"embeddable":true,"href":"https:\/\/lifesupportdistribution.fr\/de\/wp-json\/wp\/v2\/media\/5064"}],"wp:attachment":[{"href":"https:\/\/lifesupportdistribution.fr\/de\/wp-json\/wp\/v2\/media?parent=5061"}],"wp:term":[{"taxonomy":"product_brand","embeddable":true,"href":"https:\/\/lifesupportdistribution.fr\/de\/wp-json\/wp\/v2\/product_brand?post=5061"},{"taxonomy":"product_cat","embeddable":true,"href":"https:\/\/lifesupportdistribution.fr\/de\/wp-json\/wp\/v2\/product_cat?post=5061"},{"taxonomy":"product_tag","embeddable":true,"href":"https:\/\/lifesupportdistribution.fr\/de\/wp-json\/wp\/v2\/product_tag?post=5061"}],"curies":[{"name":"wp","href":"https:\/\/api.w.org\/{rel}","templated":true}]}}