{"id":5065,"date":"2025-07-24T20:45:44","date_gmt":"2025-07-24T20:45:44","guid":{"rendered":"https:\/\/lifesupportdistribution.fr\/produits\/simstation-essential\/"},"modified":"2026-04-28T16:01:44","modified_gmt":"2026-04-28T15:01:44","slug":"simstation-essential","status":"publish","type":"product","link":"https:\/\/lifesupportdistribution.fr\/de\/produkt\/simstation-essential\/","title":{"rendered":"SIMStation Essential"},"content":{"rendered":"<p>Die SIMStation Essential wurde entwickelt, um den Bed\u00fcrfnissen von Einrichtungen gerecht zu werden, die eine leistungsstarke, aber einfach zu implementierende Debriefing-L\u00f6sung suchen. Ultrakompakt und intuitiv, f\u00fcgt sie sich problemlos in jede Lernumgebung ein. <\/p>\n<p>Dank ihres mobilen Formats mit Rollkoffern kann sie schnell installiert und sofort eingesetzt werden. Ihre ma\u00dfgeschneiderte Software erm\u00f6glicht es, die Funktionen an die p\u00e4dagogischen Ziele anzupassen und gew\u00e4hrleistet langfristige Skalierbarkeit. <\/p>\n<p>Diese L\u00f6sung ist ideal f\u00fcr Einrichtungen, die ein zuverl\u00e4ssiges, mobiles und umfassendes Werkzeug w\u00fcnschen, ohne Kompromisse bei der audiovisuellen Qualit\u00e4t.<\/p>\n<p><strong>Exklusiver Vertrieb Schweiz.<\/strong><\/p>\n","protected":false},"excerpt":{"rendered":"<p>Die SIMStation Essential ist ein kompaktes und hochwertiges audiovisuelles System, das neue Standards f\u00fcr die Simulationsausbildung setzt. Mit ihrer SIMStation 6.0 Software und kontinuierlichen Updates bietet sie perfekte Kompatibilit\u00e4t mit anderen SIMStation Produkten und garantiert ein reibungsloses und umfassendes Lernerlebnis. <\/p>\n","protected":false},"featured_media":5066,"template":"","meta":[],"product_brand":[209],"product_cat":[219],"product_tag":[237,250,238,233,232,249,252,245,251,236,235],"class_list":{"0":"post-5065","1":"product","2":"type-product","3":"status-publish","4":"has-post-thumbnail","6":"product_brand-simstation","7":"product_cat-videodebriefing-losungen","8":"product_tag-anasthesie","9":"product_tag-chirurgie","10":"product_tag-erste-hilfe","11":"product_tag-geburtshilfe-gynakologie","12":"product_tag-geriatrische-medizin","13":"product_tag-innere-medizin","14":"product_tag-intensivmedizin","15":"product_tag-intensivpflege","16":"product_tag-krankenpflege","17":"product_tag-notfallmedizin","18":"product_tag-padiatrie","20":"first","21":"instock","22":"shipping-taxable","23":"purchasable","24":"product-type-simple"},"yoast_head":"<!-- This site is optimized with the Yoast SEO plugin v26.8 - https:\/\/yoast.com\/product\/yoast-seo-wordpress\/ -->\n<title>SIMStation Essential \u2013 Mobiles Kompakt-Videodebriefing<\/title>\n<meta name=\"description\" content=\"SIMStation Essential: Leichtes und schnell zu installierendes Videodebriefing-System. Ideal f\u00fcr mobile Simulationen und kleinere Einrichtungen.\" \/>\n<meta name=\"robots\" content=\"index, follow, max-snippet:-1, max-image-preview:large, max-video-preview:-1\" \/>\n<link rel=\"canonical\" href=\"https:\/\/lifesupportdistribution.fr\/de\/produkt\/simstation-essential\/\" \/>\n<meta property=\"og:locale\" content=\"de_DE\" \/>\n<meta property=\"og:type\" content=\"article\" \/>\n<meta property=\"og:title\" content=\"SIMStation Essential \u2013 Mobiles Kompakt-Videodebriefing\" \/>\n<meta property=\"og:description\" content=\"SIMStation Essential: Leichtes und schnell zu installierendes Videodebriefing-System. Ideal f\u00fcr mobile Simulationen und kleinere Einrichtungen.\" \/>\n<meta property=\"og:url\" content=\"https:\/\/lifesupportdistribution.fr\/de\/produkt\/simstation-essential\/\" \/>\n<meta property=\"og:site_name\" content=\"Life Support Distribution\" \/>\n<meta property=\"article:modified_time\" content=\"2026-04-28T15:01:44+00:00\" \/>\n<meta property=\"og:image\" content=\"https:\/\/lifesupportdistribution.fr\/wp-content\/uploads\/2025\/07\/Photo-Simstation-essentielle.png\" \/>\n\t<meta property=\"og:image:width\" content=\"396\" \/>\n\t<meta property=\"og:image:height\" content=\"298\" \/>\n\t<meta property=\"og:image:type\" content=\"image\/png\" \/>\n<meta name=\"twitter:card\" content=\"summary_large_image\" \/>\n<script type=\"application\/ld+json\" class=\"yoast-schema-graph\">{\"@context\":\"https:\/\/schema.org\",\"@graph\":[{\"@type\":\"WebPage\",\"@id\":\"https:\/\/lifesupportdistribution.fr\/de\/produkt\/simstation-essential\/\",\"url\":\"https:\/\/lifesupportdistribution.fr\/de\/produkt\/simstation-essential\/\",\"name\":\"SIMStation Essential \u2013 Mobiles Kompakt-Videodebriefing\",\"isPartOf\":{\"@id\":\"https:\/\/lifesupportdistribution.fr\/de\/#website\"},\"primaryImageOfPage\":{\"@id\":\"https:\/\/lifesupportdistribution.fr\/de\/produkt\/simstation-essential\/#primaryimage\"},\"image\":{\"@id\":\"https:\/\/lifesupportdistribution.fr\/de\/produkt\/simstation-essential\/#primaryimage\"},\"thumbnailUrl\":\"https:\/\/lifesupportdistribution.fr\/wp-content\/uploads\/2025\/07\/Photo-Simstation-essentielle.png\",\"datePublished\":\"2025-07-24T20:45:44+00:00\",\"dateModified\":\"2026-04-28T15:01:44+00:00\",\"description\":\"SIMStation Essential: Leichtes und schnell zu installierendes Videodebriefing-System. Ideal f\u00fcr mobile Simulationen und kleinere Einrichtungen.\",\"breadcrumb\":{\"@id\":\"https:\/\/lifesupportdistribution.fr\/de\/produkt\/simstation-essential\/#breadcrumb\"},\"inLanguage\":\"de\",\"potentialAction\":[{\"@type\":\"ReadAction\",\"target\":[\"https:\/\/lifesupportdistribution.fr\/de\/produkt\/simstation-essential\/\"]}]},{\"@type\":\"ImageObject\",\"inLanguage\":\"de\",\"@id\":\"https:\/\/lifesupportdistribution.fr\/de\/produkt\/simstation-essential\/#primaryimage\",\"url\":\"https:\/\/lifesupportdistribution.fr\/wp-content\/uploads\/2025\/07\/Photo-Simstation-essentielle.png\",\"contentUrl\":\"https:\/\/lifesupportdistribution.fr\/wp-content\/uploads\/2025\/07\/Photo-Simstation-essentielle.png\",\"width\":396,\"height\":298},{\"@type\":\"BreadcrumbList\",\"@id\":\"https:\/\/lifesupportdistribution.fr\/de\/produkt\/simstation-essential\/#breadcrumb\",\"itemListElement\":[{\"@type\":\"ListItem\",\"position\":1,\"name\":\"Accueil\",\"item\":\"https:\/\/lifesupportdistribution.fr\/de\/startseite\/\"},{\"@type\":\"ListItem\",\"position\":2,\"name\":\"Shop\",\"item\":\"https:\/\/lifesupportdistribution.fr\/de\/shop\/\"},{\"@type\":\"ListItem\",\"position\":3,\"name\":\"SIMStation Essential\"}]},{\"@type\":\"WebSite\",\"@id\":\"https:\/\/lifesupportdistribution.fr\/de\/#website\",\"url\":\"https:\/\/lifesupportdistribution.fr\/de\/\",\"name\":\"Life Support Distribution\",\"description\":\"Solutions en simulation m\u00e9dicale\",\"publisher\":{\"@id\":\"https:\/\/lifesupportdistribution.fr\/de\/#organization\"},\"potentialAction\":[{\"@type\":\"SearchAction\",\"target\":{\"@type\":\"EntryPoint\",\"urlTemplate\":\"https:\/\/lifesupportdistribution.fr\/de\/?s={search_term_string}\"},\"query-input\":{\"@type\":\"PropertyValueSpecification\",\"valueRequired\":true,\"valueName\":\"search_term_string\"}}],\"inLanguage\":\"de\"},{\"@type\":\"Organization\",\"@id\":\"https:\/\/lifesupportdistribution.fr\/de\/#organization\",\"name\":\"Life Support Distribution\",\"url\":\"https:\/\/lifesupportdistribution.fr\/de\/\",\"logo\":{\"@type\":\"ImageObject\",\"inLanguage\":\"de\",\"@id\":\"https:\/\/lifesupportdistribution.fr\/de\/#\/schema\/logo\/image\/\",\"url\":\"https:\/\/lifesupportdistribution.fr\/wp-content\/uploads\/2025\/10\/logo-life-support-distribution.svg\",\"contentUrl\":\"https:\/\/lifesupportdistribution.fr\/wp-content\/uploads\/2025\/10\/logo-life-support-distribution.svg\",\"width\":698,\"height\":223,\"caption\":\"Life Support Distribution\"},\"image\":{\"@id\":\"https:\/\/lifesupportdistribution.fr\/de\/#\/schema\/logo\/image\/\"},\"sameAs\":[\"https:\/\/www.linkedin.com\/company\/life-support-distribution\/\"]}]}<\/script>\n<!-- \/ Yoast SEO plugin. -->","yoast_head_json":{"title":"SIMStation Essential \u2013 Mobiles Kompakt-Videodebriefing","description":"SIMStation Essential: Leichtes und schnell zu installierendes Videodebriefing-System. Ideal f\u00fcr mobile Simulationen und kleinere Einrichtungen.","robots":{"index":"index","follow":"follow","max-snippet":"max-snippet:-1","max-image-preview":"max-image-preview:large","max-video-preview":"max-video-preview:-1"},"canonical":"https:\/\/lifesupportdistribution.fr\/de\/produkt\/simstation-essential\/","og_locale":"de_DE","og_type":"article","og_title":"SIMStation Essential \u2013 Mobiles Kompakt-Videodebriefing","og_description":"SIMStation Essential: Leichtes und schnell zu installierendes Videodebriefing-System. Ideal f\u00fcr mobile Simulationen und kleinere Einrichtungen.","og_url":"https:\/\/lifesupportdistribution.fr\/de\/produkt\/simstation-essential\/","og_site_name":"Life Support Distribution","article_modified_time":"2026-04-28T15:01:44+00:00","og_image":[{"width":396,"height":298,"url":"https:\/\/lifesupportdistribution.fr\/wp-content\/uploads\/2025\/07\/Photo-Simstation-essentielle.png","type":"image\/png"}],"twitter_card":"summary_large_image","schema":{"@context":"https:\/\/schema.org","@graph":[{"@type":"WebPage","@id":"https:\/\/lifesupportdistribution.fr\/de\/produkt\/simstation-essential\/","url":"https:\/\/lifesupportdistribution.fr\/de\/produkt\/simstation-essential\/","name":"SIMStation Essential \u2013 Mobiles Kompakt-Videodebriefing","isPartOf":{"@id":"https:\/\/lifesupportdistribution.fr\/de\/#website"},"primaryImageOfPage":{"@id":"https:\/\/lifesupportdistribution.fr\/de\/produkt\/simstation-essential\/#primaryimage"},"image":{"@id":"https:\/\/lifesupportdistribution.fr\/de\/produkt\/simstation-essential\/#primaryimage"},"thumbnailUrl":"https:\/\/lifesupportdistribution.fr\/wp-content\/uploads\/2025\/07\/Photo-Simstation-essentielle.png","datePublished":"2025-07-24T20:45:44+00:00","dateModified":"2026-04-28T15:01:44+00:00","description":"SIMStation Essential: Leichtes und schnell zu installierendes Videodebriefing-System. Ideal f\u00fcr mobile Simulationen und kleinere Einrichtungen.","breadcrumb":{"@id":"https:\/\/lifesupportdistribution.fr\/de\/produkt\/simstation-essential\/#breadcrumb"},"inLanguage":"de","potentialAction":[{"@type":"ReadAction","target":["https:\/\/lifesupportdistribution.fr\/de\/produkt\/simstation-essential\/"]}]},{"@type":"ImageObject","inLanguage":"de","@id":"https:\/\/lifesupportdistribution.fr\/de\/produkt\/simstation-essential\/#primaryimage","url":"https:\/\/lifesupportdistribution.fr\/wp-content\/uploads\/2025\/07\/Photo-Simstation-essentielle.png","contentUrl":"https:\/\/lifesupportdistribution.fr\/wp-content\/uploads\/2025\/07\/Photo-Simstation-essentielle.png","width":396,"height":298},{"@type":"BreadcrumbList","@id":"https:\/\/lifesupportdistribution.fr\/de\/produkt\/simstation-essential\/#breadcrumb","itemListElement":[{"@type":"ListItem","position":1,"name":"Accueil","item":"https:\/\/lifesupportdistribution.fr\/de\/startseite\/"},{"@type":"ListItem","position":2,"name":"Shop","item":"https:\/\/lifesupportdistribution.fr\/de\/shop\/"},{"@type":"ListItem","position":3,"name":"SIMStation Essential"}]},{"@type":"WebSite","@id":"https:\/\/lifesupportdistribution.fr\/de\/#website","url":"https:\/\/lifesupportdistribution.fr\/de\/","name":"Life Support Distribution","description":"Solutions en simulation m\u00e9dicale","publisher":{"@id":"https:\/\/lifesupportdistribution.fr\/de\/#organization"},"potentialAction":[{"@type":"SearchAction","target":{"@type":"EntryPoint","urlTemplate":"https:\/\/lifesupportdistribution.fr\/de\/?s={search_term_string}"},"query-input":{"@type":"PropertyValueSpecification","valueRequired":true,"valueName":"search_term_string"}}],"inLanguage":"de"},{"@type":"Organization","@id":"https:\/\/lifesupportdistribution.fr\/de\/#organization","name":"Life Support Distribution","url":"https:\/\/lifesupportdistribution.fr\/de\/","logo":{"@type":"ImageObject","inLanguage":"de","@id":"https:\/\/lifesupportdistribution.fr\/de\/#\/schema\/logo\/image\/","url":"https:\/\/lifesupportdistribution.fr\/wp-content\/uploads\/2025\/10\/logo-life-support-distribution.svg","contentUrl":"https:\/\/lifesupportdistribution.fr\/wp-content\/uploads\/2025\/10\/logo-life-support-distribution.svg","width":698,"height":223,"caption":"Life Support Distribution"},"image":{"@id":"https:\/\/lifesupportdistribution.fr\/de\/#\/schema\/logo\/image\/"},"sameAs":["https:\/\/www.linkedin.com\/company\/life-support-distribution\/"]}]}},"_links":{"self":[{"href":"https:\/\/lifesupportdistribution.fr\/de\/wp-json\/wp\/v2\/product\/5065","targetHints":{"allow":["GET"]}}],"collection":[{"href":"https:\/\/lifesupportdistribution.fr\/de\/wp-json\/wp\/v2\/product"}],"about":[{"href":"https:\/\/lifesupportdistribution.fr\/de\/wp-json\/wp\/v2\/types\/product"}],"wp:featuredmedia":[{"embeddable":true,"href":"https:\/\/lifesupportdistribution.fr\/de\/wp-json\/wp\/v2\/media\/5066"}],"wp:attachment":[{"href":"https:\/\/lifesupportdistribution.fr\/de\/wp-json\/wp\/v2\/media?parent=5065"}],"wp:term":[{"taxonomy":"product_brand","embeddable":true,"href":"https:\/\/lifesupportdistribution.fr\/de\/wp-json\/wp\/v2\/product_brand?post=5065"},{"taxonomy":"product_cat","embeddable":true,"href":"https:\/\/lifesupportdistribution.fr\/de\/wp-json\/wp\/v2\/product_cat?post=5065"},{"taxonomy":"product_tag","embeddable":true,"href":"https:\/\/lifesupportdistribution.fr\/de\/wp-json\/wp\/v2\/product_tag?post=5065"}],"curies":[{"name":"wp","href":"https:\/\/api.w.org\/{rel}","templated":true}]}}