{"id":5071,"date":"2025-10-30T08:27:41","date_gmt":"2025-10-30T08:27:41","guid":{"rendered":"https:\/\/lifesupportdistribution.fr\/produits\/viso-mobile-loesung-noldus\/"},"modified":"2025-12-26T20:10:53","modified_gmt":"2025-12-26T19:10:53","slug":"viso-mobile-loesung-noldus","status":"publish","type":"product","link":"https:\/\/lifesupportdistribution.fr\/de\/produkt\/viso-mobile-loesung-noldus\/","title":{"rendered":"Viso \u2013 Mobile L\u00f6sung Noldus"},"content":{"rendered":"<p>Viso Mobile wurde f\u00fcr Bildungseinrichtungen und Simulationszentren entwickelt, die von einer flexiblen und schnell einsatzbereiten L\u00f6sung profitieren m\u00f6chten. Kompakt und leicht zu transportieren, bietet es die M\u00f6glichkeit, ein hochaufl\u00f6sendes Aufzeichnungssystem in nur wenigen Minuten einzurichten. <\/p>\n<p>Dank seiner festen und\/oder PTZ-Kameras, seinem drahtlosen RODE-Audiosystem und seiner intuitiven Software erm\u00f6glicht Viso Mobile, jeden Moment einer Unterrichtseinheit zu erfassen und die Aufzeichnungen dann in professioneller Qualit\u00e4t wiederzugeben.<\/p>\n<p>Diese tragbare L\u00f6sung gew\u00e4hrleistet ein effektives, pr\u00e4zises und immersives Debriefing, selbst in Umgebungen, in denen die Installation eines festen Systems nicht m\u00f6glich ist.<\/p>\n","protected":false},"excerpt":{"rendered":"<p>Die mobile Viso-L\u00f6sung von Noldus bietet alle Funktionen der fest installierten Version, zus\u00e4tzlich mit Mobilit\u00e4t. Sie ist f\u00fcr den einfachen Transport konzipiert und erm\u00f6glicht die Einrichtung eines kompletten Videoaufzeichnungs- und Debriefing-Systems in jeder Schulungsumgebung. Die gesamte Hardware, einschlie\u00dflich PC, PoE-Router, Kameras und Audiosystem, ist in einem robusten Rollkoffer integriert.  <\/p>\n","protected":false},"featured_media":5072,"template":"","meta":[],"product_brand":[206],"product_cat":[219],"product_tag":[237,250,238,233,232,249,252,245,251,236,235],"class_list":{"0":"post-5071","1":"product","2":"type-product","3":"status-publish","4":"has-post-thumbnail","6":"product_brand-noldus","7":"product_cat-videodebriefing-losungen","8":"product_tag-anasthesie","9":"product_tag-chirurgie","10":"product_tag-erste-hilfe","11":"product_tag-geburtshilfe-gynakologie","12":"product_tag-geriatrische-medizin","13":"product_tag-innere-medizin","14":"product_tag-intensivmedizin","15":"product_tag-intensivpflege","16":"product_tag-krankenpflege","17":"product_tag-notfallmedizin","18":"product_tag-padiatrie","20":"first","21":"instock","22":"shipping-taxable","23":"purchasable","24":"product-type-simple"},"yoast_head":"<!-- This site is optimized with the Yoast SEO plugin v26.8 - https:\/\/yoast.com\/product\/yoast-seo-wordpress\/ -->\n<title>Viso Mobile Noldus \u2013 Mobiles Videosimulationssystem<\/title>\n<meta name=\"description\" content=\"Viso Mobile: Tragbare Aufzeichnungs- und Debriefing-L\u00f6sung von Noldus. Ideal f\u00fcr mobile Simulationen und Gesundheitsschulungen.\" \/>\n<meta name=\"robots\" content=\"index, follow, max-snippet:-1, max-image-preview:large, max-video-preview:-1\" \/>\n<link rel=\"canonical\" href=\"https:\/\/lifesupportdistribution.fr\/de\/produkt\/viso-mobile-loesung-noldus\/\" \/>\n<meta property=\"og:locale\" content=\"de_DE\" \/>\n<meta property=\"og:type\" content=\"article\" \/>\n<meta property=\"og:title\" content=\"Viso Mobile Noldus \u2013 Mobiles Videosimulationssystem\" \/>\n<meta property=\"og:description\" content=\"Viso Mobile: Tragbare Aufzeichnungs- und Debriefing-L\u00f6sung von Noldus. Ideal f\u00fcr mobile Simulationen und Gesundheitsschulungen.\" \/>\n<meta property=\"og:url\" content=\"https:\/\/lifesupportdistribution.fr\/de\/produkt\/viso-mobile-loesung-noldus\/\" \/>\n<meta property=\"og:site_name\" content=\"Life Support Distribution\" \/>\n<meta property=\"article:modified_time\" content=\"2025-12-26T19:10:53+00:00\" \/>\n<meta property=\"og:image\" content=\"https:\/\/lifesupportdistribution.fr\/wp-content\/uploads\/2025\/10\/Photo-image-noldus-mobile.png\" \/>\n\t<meta property=\"og:image:width\" content=\"1652\" \/>\n\t<meta property=\"og:image:height\" content=\"1078\" \/>\n\t<meta property=\"og:image:type\" content=\"image\/png\" \/>\n<meta name=\"twitter:card\" content=\"summary_large_image\" \/>\n<script type=\"application\/ld+json\" class=\"yoast-schema-graph\">{\"@context\":\"https:\/\/schema.org\",\"@graph\":[{\"@type\":\"WebPage\",\"@id\":\"https:\/\/lifesupportdistribution.fr\/de\/produkt\/viso-mobile-loesung-noldus\/\",\"url\":\"https:\/\/lifesupportdistribution.fr\/de\/produkt\/viso-mobile-loesung-noldus\/\",\"name\":\"Viso Mobile Noldus \u2013 Mobiles Videosimulationssystem\",\"isPartOf\":{\"@id\":\"https:\/\/lifesupportdistribution.fr\/de\/#website\"},\"primaryImageOfPage\":{\"@id\":\"https:\/\/lifesupportdistribution.fr\/de\/produkt\/viso-mobile-loesung-noldus\/#primaryimage\"},\"image\":{\"@id\":\"https:\/\/lifesupportdistribution.fr\/de\/produkt\/viso-mobile-loesung-noldus\/#primaryimage\"},\"thumbnailUrl\":\"https:\/\/lifesupportdistribution.fr\/wp-content\/uploads\/2025\/10\/Photo-image-noldus-mobile.png\",\"datePublished\":\"2025-10-30T08:27:41+00:00\",\"dateModified\":\"2025-12-26T19:10:53+00:00\",\"description\":\"Viso Mobile: Tragbare Aufzeichnungs- und Debriefing-L\u00f6sung von Noldus. Ideal f\u00fcr mobile Simulationen und Gesundheitsschulungen.\",\"breadcrumb\":{\"@id\":\"https:\/\/lifesupportdistribution.fr\/de\/produkt\/viso-mobile-loesung-noldus\/#breadcrumb\"},\"inLanguage\":\"de\",\"potentialAction\":[{\"@type\":\"ReadAction\",\"target\":[\"https:\/\/lifesupportdistribution.fr\/de\/produkt\/viso-mobile-loesung-noldus\/\"]}]},{\"@type\":\"ImageObject\",\"inLanguage\":\"de\",\"@id\":\"https:\/\/lifesupportdistribution.fr\/de\/produkt\/viso-mobile-loesung-noldus\/#primaryimage\",\"url\":\"https:\/\/lifesupportdistribution.fr\/wp-content\/uploads\/2025\/10\/Photo-image-noldus-mobile.png\",\"contentUrl\":\"https:\/\/lifesupportdistribution.fr\/wp-content\/uploads\/2025\/10\/Photo-image-noldus-mobile.png\",\"width\":1652,\"height\":1078},{\"@type\":\"BreadcrumbList\",\"@id\":\"https:\/\/lifesupportdistribution.fr\/de\/produkt\/viso-mobile-loesung-noldus\/#breadcrumb\",\"itemListElement\":[{\"@type\":\"ListItem\",\"position\":1,\"name\":\"Accueil\",\"item\":\"https:\/\/lifesupportdistribution.fr\/de\/startseite\/\"},{\"@type\":\"ListItem\",\"position\":2,\"name\":\"Shop\",\"item\":\"https:\/\/lifesupportdistribution.fr\/de\/shop\/\"},{\"@type\":\"ListItem\",\"position\":3,\"name\":\"Viso \u2013 Mobile L\u00f6sung Noldus\"}]},{\"@type\":\"WebSite\",\"@id\":\"https:\/\/lifesupportdistribution.fr\/de\/#website\",\"url\":\"https:\/\/lifesupportdistribution.fr\/de\/\",\"name\":\"Life Support Distribution\",\"description\":\"Solutions en simulation m\u00e9dicale\",\"publisher\":{\"@id\":\"https:\/\/lifesupportdistribution.fr\/de\/#organization\"},\"potentialAction\":[{\"@type\":\"SearchAction\",\"target\":{\"@type\":\"EntryPoint\",\"urlTemplate\":\"https:\/\/lifesupportdistribution.fr\/de\/?s={search_term_string}\"},\"query-input\":{\"@type\":\"PropertyValueSpecification\",\"valueRequired\":true,\"valueName\":\"search_term_string\"}}],\"inLanguage\":\"de\"},{\"@type\":\"Organization\",\"@id\":\"https:\/\/lifesupportdistribution.fr\/de\/#organization\",\"name\":\"Life Support Distribution\",\"url\":\"https:\/\/lifesupportdistribution.fr\/de\/\",\"logo\":{\"@type\":\"ImageObject\",\"inLanguage\":\"de\",\"@id\":\"https:\/\/lifesupportdistribution.fr\/de\/#\/schema\/logo\/image\/\",\"url\":\"https:\/\/lifesupportdistribution.fr\/wp-content\/uploads\/2025\/10\/logo-life-support-distribution.svg\",\"contentUrl\":\"https:\/\/lifesupportdistribution.fr\/wp-content\/uploads\/2025\/10\/logo-life-support-distribution.svg\",\"width\":698,\"height\":223,\"caption\":\"Life Support Distribution\"},\"image\":{\"@id\":\"https:\/\/lifesupportdistribution.fr\/de\/#\/schema\/logo\/image\/\"},\"sameAs\":[\"https:\/\/www.linkedin.com\/company\/life-support-distribution\/\"]}]}<\/script>\n<!-- \/ Yoast SEO plugin. -->","yoast_head_json":{"title":"Viso Mobile Noldus \u2013 Mobiles Videosimulationssystem","description":"Viso Mobile: Tragbare Aufzeichnungs- und Debriefing-L\u00f6sung von Noldus. Ideal f\u00fcr mobile Simulationen und Gesundheitsschulungen.","robots":{"index":"index","follow":"follow","max-snippet":"max-snippet:-1","max-image-preview":"max-image-preview:large","max-video-preview":"max-video-preview:-1"},"canonical":"https:\/\/lifesupportdistribution.fr\/de\/produkt\/viso-mobile-loesung-noldus\/","og_locale":"de_DE","og_type":"article","og_title":"Viso Mobile Noldus \u2013 Mobiles Videosimulationssystem","og_description":"Viso Mobile: Tragbare Aufzeichnungs- und Debriefing-L\u00f6sung von Noldus. Ideal f\u00fcr mobile Simulationen und Gesundheitsschulungen.","og_url":"https:\/\/lifesupportdistribution.fr\/de\/produkt\/viso-mobile-loesung-noldus\/","og_site_name":"Life Support Distribution","article_modified_time":"2025-12-26T19:10:53+00:00","og_image":[{"width":1652,"height":1078,"url":"https:\/\/lifesupportdistribution.fr\/wp-content\/uploads\/2025\/10\/Photo-image-noldus-mobile.png","type":"image\/png"}],"twitter_card":"summary_large_image","schema":{"@context":"https:\/\/schema.org","@graph":[{"@type":"WebPage","@id":"https:\/\/lifesupportdistribution.fr\/de\/produkt\/viso-mobile-loesung-noldus\/","url":"https:\/\/lifesupportdistribution.fr\/de\/produkt\/viso-mobile-loesung-noldus\/","name":"Viso Mobile Noldus \u2013 Mobiles Videosimulationssystem","isPartOf":{"@id":"https:\/\/lifesupportdistribution.fr\/de\/#website"},"primaryImageOfPage":{"@id":"https:\/\/lifesupportdistribution.fr\/de\/produkt\/viso-mobile-loesung-noldus\/#primaryimage"},"image":{"@id":"https:\/\/lifesupportdistribution.fr\/de\/produkt\/viso-mobile-loesung-noldus\/#primaryimage"},"thumbnailUrl":"https:\/\/lifesupportdistribution.fr\/wp-content\/uploads\/2025\/10\/Photo-image-noldus-mobile.png","datePublished":"2025-10-30T08:27:41+00:00","dateModified":"2025-12-26T19:10:53+00:00","description":"Viso Mobile: Tragbare Aufzeichnungs- und Debriefing-L\u00f6sung von Noldus. Ideal f\u00fcr mobile Simulationen und Gesundheitsschulungen.","breadcrumb":{"@id":"https:\/\/lifesupportdistribution.fr\/de\/produkt\/viso-mobile-loesung-noldus\/#breadcrumb"},"inLanguage":"de","potentialAction":[{"@type":"ReadAction","target":["https:\/\/lifesupportdistribution.fr\/de\/produkt\/viso-mobile-loesung-noldus\/"]}]},{"@type":"ImageObject","inLanguage":"de","@id":"https:\/\/lifesupportdistribution.fr\/de\/produkt\/viso-mobile-loesung-noldus\/#primaryimage","url":"https:\/\/lifesupportdistribution.fr\/wp-content\/uploads\/2025\/10\/Photo-image-noldus-mobile.png","contentUrl":"https:\/\/lifesupportdistribution.fr\/wp-content\/uploads\/2025\/10\/Photo-image-noldus-mobile.png","width":1652,"height":1078},{"@type":"BreadcrumbList","@id":"https:\/\/lifesupportdistribution.fr\/de\/produkt\/viso-mobile-loesung-noldus\/#breadcrumb","itemListElement":[{"@type":"ListItem","position":1,"name":"Accueil","item":"https:\/\/lifesupportdistribution.fr\/de\/startseite\/"},{"@type":"ListItem","position":2,"name":"Shop","item":"https:\/\/lifesupportdistribution.fr\/de\/shop\/"},{"@type":"ListItem","position":3,"name":"Viso \u2013 Mobile L\u00f6sung Noldus"}]},{"@type":"WebSite","@id":"https:\/\/lifesupportdistribution.fr\/de\/#website","url":"https:\/\/lifesupportdistribution.fr\/de\/","name":"Life Support Distribution","description":"Solutions en simulation m\u00e9dicale","publisher":{"@id":"https:\/\/lifesupportdistribution.fr\/de\/#organization"},"potentialAction":[{"@type":"SearchAction","target":{"@type":"EntryPoint","urlTemplate":"https:\/\/lifesupportdistribution.fr\/de\/?s={search_term_string}"},"query-input":{"@type":"PropertyValueSpecification","valueRequired":true,"valueName":"search_term_string"}}],"inLanguage":"de"},{"@type":"Organization","@id":"https:\/\/lifesupportdistribution.fr\/de\/#organization","name":"Life Support Distribution","url":"https:\/\/lifesupportdistribution.fr\/de\/","logo":{"@type":"ImageObject","inLanguage":"de","@id":"https:\/\/lifesupportdistribution.fr\/de\/#\/schema\/logo\/image\/","url":"https:\/\/lifesupportdistribution.fr\/wp-content\/uploads\/2025\/10\/logo-life-support-distribution.svg","contentUrl":"https:\/\/lifesupportdistribution.fr\/wp-content\/uploads\/2025\/10\/logo-life-support-distribution.svg","width":698,"height":223,"caption":"Life Support Distribution"},"image":{"@id":"https:\/\/lifesupportdistribution.fr\/de\/#\/schema\/logo\/image\/"},"sameAs":["https:\/\/www.linkedin.com\/company\/life-support-distribution\/"]}]}},"_links":{"self":[{"href":"https:\/\/lifesupportdistribution.fr\/de\/wp-json\/wp\/v2\/product\/5071","targetHints":{"allow":["GET"]}}],"collection":[{"href":"https:\/\/lifesupportdistribution.fr\/de\/wp-json\/wp\/v2\/product"}],"about":[{"href":"https:\/\/lifesupportdistribution.fr\/de\/wp-json\/wp\/v2\/types\/product"}],"wp:featuredmedia":[{"embeddable":true,"href":"https:\/\/lifesupportdistribution.fr\/de\/wp-json\/wp\/v2\/media\/5072"}],"wp:attachment":[{"href":"https:\/\/lifesupportdistribution.fr\/de\/wp-json\/wp\/v2\/media?parent=5071"}],"wp:term":[{"taxonomy":"product_brand","embeddable":true,"href":"https:\/\/lifesupportdistribution.fr\/de\/wp-json\/wp\/v2\/product_brand?post=5071"},{"taxonomy":"product_cat","embeddable":true,"href":"https:\/\/lifesupportdistribution.fr\/de\/wp-json\/wp\/v2\/product_cat?post=5071"},{"taxonomy":"product_tag","embeddable":true,"href":"https:\/\/lifesupportdistribution.fr\/de\/wp-json\/wp\/v2\/product_tag?post=5071"}],"curies":[{"name":"wp","href":"https:\/\/api.w.org\/{rel}","templated":true}]}}