{"id":5074,"date":"2025-12-01T14:04:22","date_gmt":"2025-12-01T13:04:22","guid":{"rendered":"https:\/\/lifesupportdistribution.fr\/produits\/leber-mit-gallenblase\/"},"modified":"2025-12-01T14:04:22","modified_gmt":"2025-12-01T13:04:22","slug":"leber-mit-gallenblase","status":"publish","type":"product","link":"https:\/\/lifesupportdistribution.fr\/de\/produkt\/leber-mit-gallenblase\/","title":{"rendered":"Leber mit Gallenblase"},"content":{"rendered":"<p>Das Modell der menschlichen Leber bildet die Leberlappen, Galleng\u00e4nge und Hauptgef\u00e4\u00dfe detailgetreu ab.<br \/>\nSein realistisches Design erm\u00f6glicht es, die wesentliche Rolle von Leber und Gallenblase bei Verdauung und Stoffwechsel zu erkl\u00e4ren.<br \/>\nKompakt und stabil, eignet es sich perfekt f\u00fcr den Einsatz in der medizinischen, paramedizinischen oder universit\u00e4ren Lehre.<br \/>\nDieses Modell f\u00f6rdert das Verst\u00e4ndnis g\u00e4ngiger hepato-bili\u00e4rer Pathologien wie Gallensteine, Hepatitis oder Zirrhose, indem es die Visualisierung der betroffenen Strukturen erleichtert.<\/p>\n","protected":false},"excerpt":{"rendered":"<p>Dieses anatomische Modell der menschlichen Leber mit Gallenblase hebt die Hauptstrukturen des hepato-bili\u00e4ren Systems hervor.<br \/>\nMit hoher Pr\u00e4zision gefertigt, ist es ein klares und robustes Lehrmittel f\u00fcr den Unterricht der Verdauungsanatomie und der Gallenfunktionen.<\/p>\n","protected":false},"featured_media":2649,"template":"","meta":[],"product_brand":[187],"product_cat":[221],"product_tag":[241,242],"class_list":{"0":"post-5074","1":"product","2":"type-product","3":"status-publish","4":"has-post-thumbnail","6":"product_brand-3b-scientific","7":"product_cat-anatomische-tafeln-und-modelle","8":"product_tag-anatomietraining","9":"product_tag-gastroenterologie","11":"first","12":"instock","13":"shipping-taxable","14":"purchasable","15":"product-type-simple"},"yoast_head":"<!-- This site is optimized with the Yoast SEO plugin v26.8 - https:\/\/yoast.com\/product\/yoast-seo-wordpress\/ -->\n<title>Leber mit Gallenblase \u2013 Anatomisches Modell 3B<\/title>\n<meta name=\"description\" content=\"Anatomisches Modell der Leber mit Gallenblase, ideal f\u00fcr den Unterricht von hepato-bili\u00e4ren Strukturen und Verdauungspathologien.\" \/>\n<meta name=\"robots\" content=\"index, follow, max-snippet:-1, max-image-preview:large, max-video-preview:-1\" \/>\n<link rel=\"canonical\" href=\"https:\/\/lifesupportdistribution.fr\/de\/produkt\/leber-mit-gallenblase\/\" \/>\n<meta property=\"og:locale\" content=\"de_DE\" \/>\n<meta property=\"og:type\" content=\"article\" \/>\n<meta property=\"og:title\" content=\"Leber mit Gallenblase \u2013 Anatomisches Modell 3B\" \/>\n<meta property=\"og:description\" content=\"Anatomisches Modell der Leber mit Gallenblase, ideal f\u00fcr den Unterricht von hepato-bili\u00e4ren Strukturen und Verdauungspathologien.\" \/>\n<meta property=\"og:url\" content=\"https:\/\/lifesupportdistribution.fr\/de\/produkt\/leber-mit-gallenblase\/\" \/>\n<meta property=\"og:site_name\" content=\"Life Support Distribution\" \/>\n<meta property=\"og:image\" content=\"https:\/\/lifesupportdistribution.fr\/wp-content\/uploads\/2025\/12\/K25_01_Foie-avec-vesicule-biliaire.jpg\" \/>\n\t<meta property=\"og:image:width\" content=\"500\" \/>\n\t<meta property=\"og:image:height\" content=\"500\" \/>\n\t<meta property=\"og:image:type\" content=\"image\/jpeg\" \/>\n<meta name=\"twitter:card\" content=\"summary_large_image\" \/>\n<script type=\"application\/ld+json\" class=\"yoast-schema-graph\">{\"@context\":\"https:\/\/schema.org\",\"@graph\":[{\"@type\":\"WebPage\",\"@id\":\"https:\/\/lifesupportdistribution.fr\/de\/produkt\/leber-mit-gallenblase\/\",\"url\":\"https:\/\/lifesupportdistribution.fr\/de\/produkt\/leber-mit-gallenblase\/\",\"name\":\"Leber mit Gallenblase \u2013 Anatomisches Modell 3B\",\"isPartOf\":{\"@id\":\"https:\/\/lifesupportdistribution.fr\/de\/#website\"},\"primaryImageOfPage\":{\"@id\":\"https:\/\/lifesupportdistribution.fr\/de\/produkt\/leber-mit-gallenblase\/#primaryimage\"},\"image\":{\"@id\":\"https:\/\/lifesupportdistribution.fr\/de\/produkt\/leber-mit-gallenblase\/#primaryimage\"},\"thumbnailUrl\":\"https:\/\/lifesupportdistribution.fr\/wp-content\/uploads\/2025\/12\/K25_01_Foie-avec-vesicule-biliaire.jpg\",\"datePublished\":\"2025-12-01T13:04:22+00:00\",\"description\":\"Anatomisches Modell der Leber mit Gallenblase, ideal f\u00fcr den Unterricht von hepato-bili\u00e4ren Strukturen und Verdauungspathologien.\",\"breadcrumb\":{\"@id\":\"https:\/\/lifesupportdistribution.fr\/de\/produkt\/leber-mit-gallenblase\/#breadcrumb\"},\"inLanguage\":\"de\",\"potentialAction\":[{\"@type\":\"ReadAction\",\"target\":[\"https:\/\/lifesupportdistribution.fr\/de\/produkt\/leber-mit-gallenblase\/\"]}]},{\"@type\":\"ImageObject\",\"inLanguage\":\"de\",\"@id\":\"https:\/\/lifesupportdistribution.fr\/de\/produkt\/leber-mit-gallenblase\/#primaryimage\",\"url\":\"https:\/\/lifesupportdistribution.fr\/wp-content\/uploads\/2025\/12\/K25_01_Foie-avec-vesicule-biliaire.jpg\",\"contentUrl\":\"https:\/\/lifesupportdistribution.fr\/wp-content\/uploads\/2025\/12\/K25_01_Foie-avec-vesicule-biliaire.jpg\",\"width\":500,\"height\":500},{\"@type\":\"BreadcrumbList\",\"@id\":\"https:\/\/lifesupportdistribution.fr\/de\/produkt\/leber-mit-gallenblase\/#breadcrumb\",\"itemListElement\":[{\"@type\":\"ListItem\",\"position\":1,\"name\":\"Accueil\",\"item\":\"https:\/\/lifesupportdistribution.fr\/de\/startseite\/\"},{\"@type\":\"ListItem\",\"position\":2,\"name\":\"Shop\",\"item\":\"https:\/\/lifesupportdistribution.fr\/de\/shop\/\"},{\"@type\":\"ListItem\",\"position\":3,\"name\":\"Leber mit Gallenblase\"}]},{\"@type\":\"WebSite\",\"@id\":\"https:\/\/lifesupportdistribution.fr\/de\/#website\",\"url\":\"https:\/\/lifesupportdistribution.fr\/de\/\",\"name\":\"Life Support Distribution\",\"description\":\"Solutions en simulation m\u00e9dicale\",\"publisher\":{\"@id\":\"https:\/\/lifesupportdistribution.fr\/de\/#organization\"},\"potentialAction\":[{\"@type\":\"SearchAction\",\"target\":{\"@type\":\"EntryPoint\",\"urlTemplate\":\"https:\/\/lifesupportdistribution.fr\/de\/?s={search_term_string}\"},\"query-input\":{\"@type\":\"PropertyValueSpecification\",\"valueRequired\":true,\"valueName\":\"search_term_string\"}}],\"inLanguage\":\"de\"},{\"@type\":\"Organization\",\"@id\":\"https:\/\/lifesupportdistribution.fr\/de\/#organization\",\"name\":\"Life Support Distribution\",\"url\":\"https:\/\/lifesupportdistribution.fr\/de\/\",\"logo\":{\"@type\":\"ImageObject\",\"inLanguage\":\"de\",\"@id\":\"https:\/\/lifesupportdistribution.fr\/de\/#\/schema\/logo\/image\/\",\"url\":\"https:\/\/lifesupportdistribution.fr\/wp-content\/uploads\/2025\/10\/logo-life-support-distribution.svg\",\"contentUrl\":\"https:\/\/lifesupportdistribution.fr\/wp-content\/uploads\/2025\/10\/logo-life-support-distribution.svg\",\"width\":698,\"height\":223,\"caption\":\"Life Support Distribution\"},\"image\":{\"@id\":\"https:\/\/lifesupportdistribution.fr\/de\/#\/schema\/logo\/image\/\"},\"sameAs\":[\"https:\/\/www.linkedin.com\/company\/life-support-distribution\/\"]}]}<\/script>\n<!-- \/ Yoast SEO plugin. -->","yoast_head_json":{"title":"Leber mit Gallenblase \u2013 Anatomisches Modell 3B","description":"Anatomisches Modell der Leber mit Gallenblase, ideal f\u00fcr den Unterricht von hepato-bili\u00e4ren Strukturen und Verdauungspathologien.","robots":{"index":"index","follow":"follow","max-snippet":"max-snippet:-1","max-image-preview":"max-image-preview:large","max-video-preview":"max-video-preview:-1"},"canonical":"https:\/\/lifesupportdistribution.fr\/de\/produkt\/leber-mit-gallenblase\/","og_locale":"de_DE","og_type":"article","og_title":"Leber mit Gallenblase \u2013 Anatomisches Modell 3B","og_description":"Anatomisches Modell der Leber mit Gallenblase, ideal f\u00fcr den Unterricht von hepato-bili\u00e4ren Strukturen und Verdauungspathologien.","og_url":"https:\/\/lifesupportdistribution.fr\/de\/produkt\/leber-mit-gallenblase\/","og_site_name":"Life Support Distribution","og_image":[{"width":500,"height":500,"url":"https:\/\/lifesupportdistribution.fr\/wp-content\/uploads\/2025\/12\/K25_01_Foie-avec-vesicule-biliaire.jpg","type":"image\/jpeg"}],"twitter_card":"summary_large_image","schema":{"@context":"https:\/\/schema.org","@graph":[{"@type":"WebPage","@id":"https:\/\/lifesupportdistribution.fr\/de\/produkt\/leber-mit-gallenblase\/","url":"https:\/\/lifesupportdistribution.fr\/de\/produkt\/leber-mit-gallenblase\/","name":"Leber mit Gallenblase \u2013 Anatomisches Modell 3B","isPartOf":{"@id":"https:\/\/lifesupportdistribution.fr\/de\/#website"},"primaryImageOfPage":{"@id":"https:\/\/lifesupportdistribution.fr\/de\/produkt\/leber-mit-gallenblase\/#primaryimage"},"image":{"@id":"https:\/\/lifesupportdistribution.fr\/de\/produkt\/leber-mit-gallenblase\/#primaryimage"},"thumbnailUrl":"https:\/\/lifesupportdistribution.fr\/wp-content\/uploads\/2025\/12\/K25_01_Foie-avec-vesicule-biliaire.jpg","datePublished":"2025-12-01T13:04:22+00:00","description":"Anatomisches Modell der Leber mit Gallenblase, ideal f\u00fcr den Unterricht von hepato-bili\u00e4ren Strukturen und Verdauungspathologien.","breadcrumb":{"@id":"https:\/\/lifesupportdistribution.fr\/de\/produkt\/leber-mit-gallenblase\/#breadcrumb"},"inLanguage":"de","potentialAction":[{"@type":"ReadAction","target":["https:\/\/lifesupportdistribution.fr\/de\/produkt\/leber-mit-gallenblase\/"]}]},{"@type":"ImageObject","inLanguage":"de","@id":"https:\/\/lifesupportdistribution.fr\/de\/produkt\/leber-mit-gallenblase\/#primaryimage","url":"https:\/\/lifesupportdistribution.fr\/wp-content\/uploads\/2025\/12\/K25_01_Foie-avec-vesicule-biliaire.jpg","contentUrl":"https:\/\/lifesupportdistribution.fr\/wp-content\/uploads\/2025\/12\/K25_01_Foie-avec-vesicule-biliaire.jpg","width":500,"height":500},{"@type":"BreadcrumbList","@id":"https:\/\/lifesupportdistribution.fr\/de\/produkt\/leber-mit-gallenblase\/#breadcrumb","itemListElement":[{"@type":"ListItem","position":1,"name":"Accueil","item":"https:\/\/lifesupportdistribution.fr\/de\/startseite\/"},{"@type":"ListItem","position":2,"name":"Shop","item":"https:\/\/lifesupportdistribution.fr\/de\/shop\/"},{"@type":"ListItem","position":3,"name":"Leber mit Gallenblase"}]},{"@type":"WebSite","@id":"https:\/\/lifesupportdistribution.fr\/de\/#website","url":"https:\/\/lifesupportdistribution.fr\/de\/","name":"Life Support Distribution","description":"Solutions en simulation m\u00e9dicale","publisher":{"@id":"https:\/\/lifesupportdistribution.fr\/de\/#organization"},"potentialAction":[{"@type":"SearchAction","target":{"@type":"EntryPoint","urlTemplate":"https:\/\/lifesupportdistribution.fr\/de\/?s={search_term_string}"},"query-input":{"@type":"PropertyValueSpecification","valueRequired":true,"valueName":"search_term_string"}}],"inLanguage":"de"},{"@type":"Organization","@id":"https:\/\/lifesupportdistribution.fr\/de\/#organization","name":"Life Support Distribution","url":"https:\/\/lifesupportdistribution.fr\/de\/","logo":{"@type":"ImageObject","inLanguage":"de","@id":"https:\/\/lifesupportdistribution.fr\/de\/#\/schema\/logo\/image\/","url":"https:\/\/lifesupportdistribution.fr\/wp-content\/uploads\/2025\/10\/logo-life-support-distribution.svg","contentUrl":"https:\/\/lifesupportdistribution.fr\/wp-content\/uploads\/2025\/10\/logo-life-support-distribution.svg","width":698,"height":223,"caption":"Life Support Distribution"},"image":{"@id":"https:\/\/lifesupportdistribution.fr\/de\/#\/schema\/logo\/image\/"},"sameAs":["https:\/\/www.linkedin.com\/company\/life-support-distribution\/"]}]}},"_links":{"self":[{"href":"https:\/\/lifesupportdistribution.fr\/de\/wp-json\/wp\/v2\/product\/5074","targetHints":{"allow":["GET"]}}],"collection":[{"href":"https:\/\/lifesupportdistribution.fr\/de\/wp-json\/wp\/v2\/product"}],"about":[{"href":"https:\/\/lifesupportdistribution.fr\/de\/wp-json\/wp\/v2\/types\/product"}],"wp:featuredmedia":[{"embeddable":true,"href":"https:\/\/lifesupportdistribution.fr\/de\/wp-json\/wp\/v2\/media\/2649"}],"wp:attachment":[{"href":"https:\/\/lifesupportdistribution.fr\/de\/wp-json\/wp\/v2\/media?parent=5074"}],"wp:term":[{"taxonomy":"product_brand","embeddable":true,"href":"https:\/\/lifesupportdistribution.fr\/de\/wp-json\/wp\/v2\/product_brand?post=5074"},{"taxonomy":"product_cat","embeddable":true,"href":"https:\/\/lifesupportdistribution.fr\/de\/wp-json\/wp\/v2\/product_cat?post=5074"},{"taxonomy":"product_tag","embeddable":true,"href":"https:\/\/lifesupportdistribution.fr\/de\/wp-json\/wp\/v2\/product_tag?post=5074"}],"curies":[{"name":"wp","href":"https:\/\/api.w.org\/{rel}","templated":true}]}}