{"id":5076,"date":"2025-12-01T14:06:30","date_gmt":"2025-12-01T13:06:30","guid":{"rendered":"https:\/\/lifesupportdistribution.fr\/produits\/rektumschnittmodell\/"},"modified":"2025-12-01T14:06:30","modified_gmt":"2025-12-01T13:06:30","slug":"rektumschnittmodell","status":"publish","type":"product","link":"https:\/\/lifesupportdistribution.fr\/de\/produkt\/rektumschnittmodell\/","title":{"rendered":"Rektumschnittmodell"},"content":{"rendered":"<p>Das Rektumschnittmodell bildet die verschiedenen h\u00e4ufigen Pathologien ab: innere und \u00e4u\u00dfere H\u00e4morrhoiden, Fissuren, Polypen, Tumore und Geschw\u00fcre.<br \/>\nDank seiner anatomischen Vergr\u00f6\u00dferung erleichtert es das Verst\u00e4ndnis der Strukturen des Analkanals und der damit verbundenen pathophysiologischen Mechanismen.<br \/>\nKompakt, robust und stabil, ist es ideal f\u00fcr Kurse in Proktologie, Gastroenterologie oder Krankenpflege.<br \/>\nDieses Modell erm\u00f6glicht es auch, das Bewusstsein f\u00fcr die Pr\u00e4vention und Fr\u00fcherkennung kolorektaler Erkrankungen zu sch\u00e4rfen.<\/p>\n","protected":false},"excerpt":{"rendered":"<p>Dieses Lehrmodell stellt einen vergr\u00f6\u00dferten Schnitt des menschlichen Rektums dar, der die wichtigsten proktologischen Erkrankungen illustriert.<br \/>\nEs bietet eine klare Visualisierung der anatomischen Ver\u00e4nderungen der Schleimhaut und ist ein effektives Werkzeug f\u00fcr den Unterricht in Gastroenterologie und Allgemeinmedizin.<\/p>\n","protected":false},"featured_media":2651,"template":"","meta":[],"product_brand":[187],"product_cat":[221],"product_tag":[241,242],"class_list":{"0":"post-5076","1":"product","2":"type-product","3":"status-publish","4":"has-post-thumbnail","6":"product_brand-3b-scientific","7":"product_cat-anatomische-tafeln-und-modelle","8":"product_tag-anatomietraining","9":"product_tag-gastroenterologie","11":"first","12":"instock","13":"shipping-taxable","14":"purchasable","15":"product-type-simple"},"yoast_head":"<!-- This site is optimized with the Yoast SEO plugin v26.8 - https:\/\/yoast.com\/product\/yoast-seo-wordpress\/ -->\n<title>Rektumschnitt \u2013 Anatomisches Modell mit Pathologien<\/title>\n<meta name=\"description\" content=\"Vergr\u00f6\u00dfertes anatomisches Rektummodell, das H\u00e4morrhoiden, Polypen, Fissuren und Tumore zeigt. Perfekt f\u00fcr den Unterricht in der Gastroenterologie.\" \/>\n<meta name=\"robots\" content=\"index, follow, max-snippet:-1, max-image-preview:large, max-video-preview:-1\" \/>\n<link rel=\"canonical\" href=\"https:\/\/lifesupportdistribution.fr\/de\/produkt\/rektumschnittmodell\/\" \/>\n<meta property=\"og:locale\" content=\"de_DE\" \/>\n<meta property=\"og:type\" content=\"article\" \/>\n<meta property=\"og:title\" content=\"Rektumschnitt \u2013 Anatomisches Modell mit Pathologien\" \/>\n<meta property=\"og:description\" content=\"Vergr\u00f6\u00dfertes anatomisches Rektummodell, das H\u00e4morrhoiden, Polypen, Fissuren und Tumore zeigt. Perfekt f\u00fcr den Unterricht in der Gastroenterologie.\" \/>\n<meta property=\"og:url\" content=\"https:\/\/lifesupportdistribution.fr\/de\/produkt\/rektumschnittmodell\/\" \/>\n<meta property=\"og:site_name\" content=\"Life Support Distribution\" \/>\n<meta property=\"og:image\" content=\"https:\/\/lifesupportdistribution.fr\/wp-content\/uploads\/2025\/12\/1019557_01_Coupe-du-rectum-agrandie-avec-pathologies.jpg\" \/>\n\t<meta property=\"og:image:width\" content=\"500\" \/>\n\t<meta property=\"og:image:height\" content=\"500\" \/>\n\t<meta property=\"og:image:type\" content=\"image\/jpeg\" \/>\n<meta name=\"twitter:card\" content=\"summary_large_image\" \/>\n<script type=\"application\/ld+json\" class=\"yoast-schema-graph\">{\"@context\":\"https:\/\/schema.org\",\"@graph\":[{\"@type\":\"WebPage\",\"@id\":\"https:\/\/lifesupportdistribution.fr\/de\/produkt\/rektumschnittmodell\/\",\"url\":\"https:\/\/lifesupportdistribution.fr\/de\/produkt\/rektumschnittmodell\/\",\"name\":\"Rektumschnitt \u2013 Anatomisches Modell mit Pathologien\",\"isPartOf\":{\"@id\":\"https:\/\/lifesupportdistribution.fr\/de\/#website\"},\"primaryImageOfPage\":{\"@id\":\"https:\/\/lifesupportdistribution.fr\/de\/produkt\/rektumschnittmodell\/#primaryimage\"},\"image\":{\"@id\":\"https:\/\/lifesupportdistribution.fr\/de\/produkt\/rektumschnittmodell\/#primaryimage\"},\"thumbnailUrl\":\"https:\/\/lifesupportdistribution.fr\/wp-content\/uploads\/2025\/12\/1019557_01_Coupe-du-rectum-agrandie-avec-pathologies.jpg\",\"datePublished\":\"2025-12-01T13:06:30+00:00\",\"description\":\"Vergr\u00f6\u00dfertes anatomisches Rektummodell, das H\u00e4morrhoiden, Polypen, Fissuren und Tumore zeigt. Perfekt f\u00fcr den Unterricht in der Gastroenterologie.\",\"breadcrumb\":{\"@id\":\"https:\/\/lifesupportdistribution.fr\/de\/produkt\/rektumschnittmodell\/#breadcrumb\"},\"inLanguage\":\"de\",\"potentialAction\":[{\"@type\":\"ReadAction\",\"target\":[\"https:\/\/lifesupportdistribution.fr\/de\/produkt\/rektumschnittmodell\/\"]}]},{\"@type\":\"ImageObject\",\"inLanguage\":\"de\",\"@id\":\"https:\/\/lifesupportdistribution.fr\/de\/produkt\/rektumschnittmodell\/#primaryimage\",\"url\":\"https:\/\/lifesupportdistribution.fr\/wp-content\/uploads\/2025\/12\/1019557_01_Coupe-du-rectum-agrandie-avec-pathologies.jpg\",\"contentUrl\":\"https:\/\/lifesupportdistribution.fr\/wp-content\/uploads\/2025\/12\/1019557_01_Coupe-du-rectum-agrandie-avec-pathologies.jpg\",\"width\":500,\"height\":500},{\"@type\":\"BreadcrumbList\",\"@id\":\"https:\/\/lifesupportdistribution.fr\/de\/produkt\/rektumschnittmodell\/#breadcrumb\",\"itemListElement\":[{\"@type\":\"ListItem\",\"position\":1,\"name\":\"Accueil\",\"item\":\"https:\/\/lifesupportdistribution.fr\/de\/startseite\/\"},{\"@type\":\"ListItem\",\"position\":2,\"name\":\"Shop\",\"item\":\"https:\/\/lifesupportdistribution.fr\/de\/shop\/\"},{\"@type\":\"ListItem\",\"position\":3,\"name\":\"Rektumschnittmodell\"}]},{\"@type\":\"WebSite\",\"@id\":\"https:\/\/lifesupportdistribution.fr\/de\/#website\",\"url\":\"https:\/\/lifesupportdistribution.fr\/de\/\",\"name\":\"Life Support Distribution\",\"description\":\"Solutions en simulation m\u00e9dicale\",\"publisher\":{\"@id\":\"https:\/\/lifesupportdistribution.fr\/de\/#organization\"},\"potentialAction\":[{\"@type\":\"SearchAction\",\"target\":{\"@type\":\"EntryPoint\",\"urlTemplate\":\"https:\/\/lifesupportdistribution.fr\/de\/?s={search_term_string}\"},\"query-input\":{\"@type\":\"PropertyValueSpecification\",\"valueRequired\":true,\"valueName\":\"search_term_string\"}}],\"inLanguage\":\"de\"},{\"@type\":\"Organization\",\"@id\":\"https:\/\/lifesupportdistribution.fr\/de\/#organization\",\"name\":\"Life Support Distribution\",\"url\":\"https:\/\/lifesupportdistribution.fr\/de\/\",\"logo\":{\"@type\":\"ImageObject\",\"inLanguage\":\"de\",\"@id\":\"https:\/\/lifesupportdistribution.fr\/de\/#\/schema\/logo\/image\/\",\"url\":\"https:\/\/lifesupportdistribution.fr\/wp-content\/uploads\/2025\/10\/logo-life-support-distribution.svg\",\"contentUrl\":\"https:\/\/lifesupportdistribution.fr\/wp-content\/uploads\/2025\/10\/logo-life-support-distribution.svg\",\"width\":698,\"height\":223,\"caption\":\"Life Support Distribution\"},\"image\":{\"@id\":\"https:\/\/lifesupportdistribution.fr\/de\/#\/schema\/logo\/image\/\"},\"sameAs\":[\"https:\/\/www.linkedin.com\/company\/life-support-distribution\/\"]}]}<\/script>\n<!-- \/ Yoast SEO plugin. -->","yoast_head_json":{"title":"Rektumschnitt \u2013 Anatomisches Modell mit Pathologien","description":"Vergr\u00f6\u00dfertes anatomisches Rektummodell, das H\u00e4morrhoiden, Polypen, Fissuren und Tumore zeigt. Perfekt f\u00fcr den Unterricht in der Gastroenterologie.","robots":{"index":"index","follow":"follow","max-snippet":"max-snippet:-1","max-image-preview":"max-image-preview:large","max-video-preview":"max-video-preview:-1"},"canonical":"https:\/\/lifesupportdistribution.fr\/de\/produkt\/rektumschnittmodell\/","og_locale":"de_DE","og_type":"article","og_title":"Rektumschnitt \u2013 Anatomisches Modell mit Pathologien","og_description":"Vergr\u00f6\u00dfertes anatomisches Rektummodell, das H\u00e4morrhoiden, Polypen, Fissuren und Tumore zeigt. Perfekt f\u00fcr den Unterricht in der Gastroenterologie.","og_url":"https:\/\/lifesupportdistribution.fr\/de\/produkt\/rektumschnittmodell\/","og_site_name":"Life Support Distribution","og_image":[{"width":500,"height":500,"url":"https:\/\/lifesupportdistribution.fr\/wp-content\/uploads\/2025\/12\/1019557_01_Coupe-du-rectum-agrandie-avec-pathologies.jpg","type":"image\/jpeg"}],"twitter_card":"summary_large_image","schema":{"@context":"https:\/\/schema.org","@graph":[{"@type":"WebPage","@id":"https:\/\/lifesupportdistribution.fr\/de\/produkt\/rektumschnittmodell\/","url":"https:\/\/lifesupportdistribution.fr\/de\/produkt\/rektumschnittmodell\/","name":"Rektumschnitt \u2013 Anatomisches Modell mit Pathologien","isPartOf":{"@id":"https:\/\/lifesupportdistribution.fr\/de\/#website"},"primaryImageOfPage":{"@id":"https:\/\/lifesupportdistribution.fr\/de\/produkt\/rektumschnittmodell\/#primaryimage"},"image":{"@id":"https:\/\/lifesupportdistribution.fr\/de\/produkt\/rektumschnittmodell\/#primaryimage"},"thumbnailUrl":"https:\/\/lifesupportdistribution.fr\/wp-content\/uploads\/2025\/12\/1019557_01_Coupe-du-rectum-agrandie-avec-pathologies.jpg","datePublished":"2025-12-01T13:06:30+00:00","description":"Vergr\u00f6\u00dfertes anatomisches Rektummodell, das H\u00e4morrhoiden, Polypen, Fissuren und Tumore zeigt. Perfekt f\u00fcr den Unterricht in der Gastroenterologie.","breadcrumb":{"@id":"https:\/\/lifesupportdistribution.fr\/de\/produkt\/rektumschnittmodell\/#breadcrumb"},"inLanguage":"de","potentialAction":[{"@type":"ReadAction","target":["https:\/\/lifesupportdistribution.fr\/de\/produkt\/rektumschnittmodell\/"]}]},{"@type":"ImageObject","inLanguage":"de","@id":"https:\/\/lifesupportdistribution.fr\/de\/produkt\/rektumschnittmodell\/#primaryimage","url":"https:\/\/lifesupportdistribution.fr\/wp-content\/uploads\/2025\/12\/1019557_01_Coupe-du-rectum-agrandie-avec-pathologies.jpg","contentUrl":"https:\/\/lifesupportdistribution.fr\/wp-content\/uploads\/2025\/12\/1019557_01_Coupe-du-rectum-agrandie-avec-pathologies.jpg","width":500,"height":500},{"@type":"BreadcrumbList","@id":"https:\/\/lifesupportdistribution.fr\/de\/produkt\/rektumschnittmodell\/#breadcrumb","itemListElement":[{"@type":"ListItem","position":1,"name":"Accueil","item":"https:\/\/lifesupportdistribution.fr\/de\/startseite\/"},{"@type":"ListItem","position":2,"name":"Shop","item":"https:\/\/lifesupportdistribution.fr\/de\/shop\/"},{"@type":"ListItem","position":3,"name":"Rektumschnittmodell"}]},{"@type":"WebSite","@id":"https:\/\/lifesupportdistribution.fr\/de\/#website","url":"https:\/\/lifesupportdistribution.fr\/de\/","name":"Life Support Distribution","description":"Solutions en simulation m\u00e9dicale","publisher":{"@id":"https:\/\/lifesupportdistribution.fr\/de\/#organization"},"potentialAction":[{"@type":"SearchAction","target":{"@type":"EntryPoint","urlTemplate":"https:\/\/lifesupportdistribution.fr\/de\/?s={search_term_string}"},"query-input":{"@type":"PropertyValueSpecification","valueRequired":true,"valueName":"search_term_string"}}],"inLanguage":"de"},{"@type":"Organization","@id":"https:\/\/lifesupportdistribution.fr\/de\/#organization","name":"Life Support Distribution","url":"https:\/\/lifesupportdistribution.fr\/de\/","logo":{"@type":"ImageObject","inLanguage":"de","@id":"https:\/\/lifesupportdistribution.fr\/de\/#\/schema\/logo\/image\/","url":"https:\/\/lifesupportdistribution.fr\/wp-content\/uploads\/2025\/10\/logo-life-support-distribution.svg","contentUrl":"https:\/\/lifesupportdistribution.fr\/wp-content\/uploads\/2025\/10\/logo-life-support-distribution.svg","width":698,"height":223,"caption":"Life Support Distribution"},"image":{"@id":"https:\/\/lifesupportdistribution.fr\/de\/#\/schema\/logo\/image\/"},"sameAs":["https:\/\/www.linkedin.com\/company\/life-support-distribution\/"]}]}},"_links":{"self":[{"href":"https:\/\/lifesupportdistribution.fr\/de\/wp-json\/wp\/v2\/product\/5076","targetHints":{"allow":["GET"]}}],"collection":[{"href":"https:\/\/lifesupportdistribution.fr\/de\/wp-json\/wp\/v2\/product"}],"about":[{"href":"https:\/\/lifesupportdistribution.fr\/de\/wp-json\/wp\/v2\/types\/product"}],"wp:featuredmedia":[{"embeddable":true,"href":"https:\/\/lifesupportdistribution.fr\/de\/wp-json\/wp\/v2\/media\/2651"}],"wp:attachment":[{"href":"https:\/\/lifesupportdistribution.fr\/de\/wp-json\/wp\/v2\/media?parent=5076"}],"wp:term":[{"taxonomy":"product_brand","embeddable":true,"href":"https:\/\/lifesupportdistribution.fr\/de\/wp-json\/wp\/v2\/product_brand?post=5076"},{"taxonomy":"product_cat","embeddable":true,"href":"https:\/\/lifesupportdistribution.fr\/de\/wp-json\/wp\/v2\/product_cat?post=5076"},{"taxonomy":"product_tag","embeddable":true,"href":"https:\/\/lifesupportdistribution.fr\/de\/wp-json\/wp\/v2\/product_tag?post=5076"}],"curies":[{"name":"wp","href":"https:\/\/api.w.org\/{rel}","templated":true}]}}