{"id":5089,"date":"2025-11-14T16:02:53","date_gmt":"2025-11-14T15:02:53","guid":{"rendered":"https:\/\/lifesupportdistribution.fr\/produits\/paediatrisches-mannequin-down-syndrom-7-jahre\/"},"modified":"2025-11-14T16:02:53","modified_gmt":"2025-11-14T15:02:53","slug":"paediatrisches-mannequin-down-syndrom-7-jahre","status":"publish","type":"product","link":"https:\/\/lifesupportdistribution.fr\/de\/produkt\/paediatrisches-mannequin-down-syndrom-7-jahre\/","title":{"rendered":"P\u00e4diatrisches Mannequin Down-Syndrom \u2013 7 Jahre"},"content":{"rendered":"<p>Dieses innovative Mannequin bietet medizinischen und p\u00e4dagogischen Teams die M\u00f6glichkeit, an den anatomischen und physiologischen Besonderheiten des Down-Syndroms zu arbeiten. Es erm\u00f6glicht insbesondere das \u00dcben schwieriger Intubation, Herz-Lungen-Wiederbelebung und Atemwegsmanagement in einem realistischen Umfeld. <\/p>\n<p>\u00dcber den technischen Aspekt hinaus tr\u00e4gt dieses Modell auch dazu bei, einen inklusiven Pflegeansatz zu entwickeln, indem es die Patientenvielfalt in die Ausbildungsprogramme integriert. Es sensibilisiert f\u00fcr die Besonderheit medizinischer Handgriffe und verbessert gleichzeitig die Qualit\u00e4t und Empathie der Versorgung. <\/p>\n","protected":false},"excerpt":{"rendered":"<p>Das 7-j\u00e4hrige M\u00e4dchen-Mannequin mit Down-Syndrom von Lifecast Body Simulation ist das weltweit erste Mannequin, das ein Kind mit Down-Syndrom darstellt. Basierend auf dem 3D-Scan eines echten Kindes stellt dieses hyperrealistische Modell einen gro\u00dfen Fortschritt in der medizinischen Simulation dar, indem es Pflegekr\u00e4fte f\u00fcr die spezifische Versorgung von Kindern mit Down-Syndrom sensibilisiert und schult. <\/p>\n","protected":false},"featured_media":1753,"template":"","meta":[],"product_brand":[202],"product_cat":[218],"product_tag":[230,249,251,236,235],"class_list":{"0":"post-5089","1":"product","2":"type-product","3":"status-publish","4":"has-post-thumbnail","6":"product_brand-lifecast-body-simulation","7":"product_cat-simulationspuppen","8":"product_tag-allgemeinmedizin","9":"product_tag-innere-medizin","10":"product_tag-krankenpflege","11":"product_tag-notfallmedizin","12":"product_tag-padiatrie","14":"first","15":"instock","16":"shipping-taxable","17":"purchasable","18":"product-type-simple"},"yoast_head":"<!-- This site is optimized with the Yoast SEO plugin v26.8 - https:\/\/yoast.com\/product\/yoast-seo-wordpress\/ -->\n<title>P\u00e4diatrisches 7-j\u00e4hriges Down-Syndrom Lifecast \u2013 Realistisches Mannequin<\/title>\n<meta name=\"description\" content=\"P\u00e4diatrisches 7-j\u00e4hriges Down-Syndrom Lifecast Mannequin: realistisches Werkzeug zur Schulung in Pflege, klinischer Inklusion und angepasster Versorgung.\" \/>\n<meta name=\"robots\" content=\"index, follow, max-snippet:-1, max-image-preview:large, max-video-preview:-1\" \/>\n<link rel=\"canonical\" href=\"https:\/\/lifesupportdistribution.fr\/de\/produkt\/paediatrisches-mannequin-down-syndrom-7-jahre\/\" \/>\n<meta property=\"og:locale\" content=\"de_DE\" \/>\n<meta property=\"og:type\" content=\"article\" \/>\n<meta property=\"og:title\" content=\"P\u00e4diatrisches 7-j\u00e4hriges Down-Syndrom Lifecast \u2013 Realistisches Mannequin\" \/>\n<meta property=\"og:description\" content=\"P\u00e4diatrisches 7-j\u00e4hriges Down-Syndrom Lifecast Mannequin: realistisches Werkzeug zur Schulung in Pflege, klinischer Inklusion und angepasster Versorgung.\" \/>\n<meta property=\"og:url\" content=\"https:\/\/lifesupportdistribution.fr\/de\/produkt\/paediatrisches-mannequin-down-syndrom-7-jahre\/\" \/>\n<meta property=\"og:site_name\" content=\"Life Support Distribution\" \/>\n<meta property=\"og:image\" content=\"https:\/\/lifesupportdistribution.fr\/wp-content\/uploads\/2025\/11\/Photo-1-Gwen-Lifecast.png\" \/>\n\t<meta property=\"og:image:width\" content=\"926\" \/>\n\t<meta property=\"og:image:height\" content=\"598\" \/>\n\t<meta property=\"og:image:type\" content=\"image\/png\" \/>\n<meta name=\"twitter:card\" content=\"summary_large_image\" \/>\n<script type=\"application\/ld+json\" class=\"yoast-schema-graph\">{\"@context\":\"https:\/\/schema.org\",\"@graph\":[{\"@type\":\"WebPage\",\"@id\":\"https:\/\/lifesupportdistribution.fr\/de\/produkt\/paediatrisches-mannequin-down-syndrom-7-jahre\/\",\"url\":\"https:\/\/lifesupportdistribution.fr\/de\/produkt\/paediatrisches-mannequin-down-syndrom-7-jahre\/\",\"name\":\"P\u00e4diatrisches 7-j\u00e4hriges Down-Syndrom Lifecast \u2013 Realistisches Mannequin\",\"isPartOf\":{\"@id\":\"https:\/\/lifesupportdistribution.fr\/de\/#website\"},\"primaryImageOfPage\":{\"@id\":\"https:\/\/lifesupportdistribution.fr\/de\/produkt\/paediatrisches-mannequin-down-syndrom-7-jahre\/#primaryimage\"},\"image\":{\"@id\":\"https:\/\/lifesupportdistribution.fr\/de\/produkt\/paediatrisches-mannequin-down-syndrom-7-jahre\/#primaryimage\"},\"thumbnailUrl\":\"https:\/\/lifesupportdistribution.fr\/wp-content\/uploads\/2025\/11\/Photo-1-Gwen-Lifecast.png\",\"datePublished\":\"2025-11-14T15:02:53+00:00\",\"description\":\"P\u00e4diatrisches 7-j\u00e4hriges Down-Syndrom Lifecast Mannequin: realistisches Werkzeug zur Schulung in Pflege, klinischer Inklusion und angepasster Versorgung.\",\"breadcrumb\":{\"@id\":\"https:\/\/lifesupportdistribution.fr\/de\/produkt\/paediatrisches-mannequin-down-syndrom-7-jahre\/#breadcrumb\"},\"inLanguage\":\"de\",\"potentialAction\":[{\"@type\":\"ReadAction\",\"target\":[\"https:\/\/lifesupportdistribution.fr\/de\/produkt\/paediatrisches-mannequin-down-syndrom-7-jahre\/\"]}]},{\"@type\":\"ImageObject\",\"inLanguage\":\"de\",\"@id\":\"https:\/\/lifesupportdistribution.fr\/de\/produkt\/paediatrisches-mannequin-down-syndrom-7-jahre\/#primaryimage\",\"url\":\"https:\/\/lifesupportdistribution.fr\/wp-content\/uploads\/2025\/11\/Photo-1-Gwen-Lifecast.png\",\"contentUrl\":\"https:\/\/lifesupportdistribution.fr\/wp-content\/uploads\/2025\/11\/Photo-1-Gwen-Lifecast.png\",\"width\":926,\"height\":598},{\"@type\":\"BreadcrumbList\",\"@id\":\"https:\/\/lifesupportdistribution.fr\/de\/produkt\/paediatrisches-mannequin-down-syndrom-7-jahre\/#breadcrumb\",\"itemListElement\":[{\"@type\":\"ListItem\",\"position\":1,\"name\":\"Accueil\",\"item\":\"https:\/\/lifesupportdistribution.fr\/de\/startseite\/\"},{\"@type\":\"ListItem\",\"position\":2,\"name\":\"Shop\",\"item\":\"https:\/\/lifesupportdistribution.fr\/de\/shop\/\"},{\"@type\":\"ListItem\",\"position\":3,\"name\":\"P\u00e4diatrisches Mannequin Down-Syndrom \u2013 7 Jahre\"}]},{\"@type\":\"WebSite\",\"@id\":\"https:\/\/lifesupportdistribution.fr\/de\/#website\",\"url\":\"https:\/\/lifesupportdistribution.fr\/de\/\",\"name\":\"Life Support Distribution\",\"description\":\"Solutions en simulation m\u00e9dicale\",\"publisher\":{\"@id\":\"https:\/\/lifesupportdistribution.fr\/de\/#organization\"},\"potentialAction\":[{\"@type\":\"SearchAction\",\"target\":{\"@type\":\"EntryPoint\",\"urlTemplate\":\"https:\/\/lifesupportdistribution.fr\/de\/?s={search_term_string}\"},\"query-input\":{\"@type\":\"PropertyValueSpecification\",\"valueRequired\":true,\"valueName\":\"search_term_string\"}}],\"inLanguage\":\"de\"},{\"@type\":\"Organization\",\"@id\":\"https:\/\/lifesupportdistribution.fr\/de\/#organization\",\"name\":\"Life Support Distribution\",\"url\":\"https:\/\/lifesupportdistribution.fr\/de\/\",\"logo\":{\"@type\":\"ImageObject\",\"inLanguage\":\"de\",\"@id\":\"https:\/\/lifesupportdistribution.fr\/de\/#\/schema\/logo\/image\/\",\"url\":\"https:\/\/lifesupportdistribution.fr\/wp-content\/uploads\/2025\/10\/logo-life-support-distribution.svg\",\"contentUrl\":\"https:\/\/lifesupportdistribution.fr\/wp-content\/uploads\/2025\/10\/logo-life-support-distribution.svg\",\"width\":698,\"height\":223,\"caption\":\"Life Support Distribution\"},\"image\":{\"@id\":\"https:\/\/lifesupportdistribution.fr\/de\/#\/schema\/logo\/image\/\"},\"sameAs\":[\"https:\/\/www.linkedin.com\/company\/life-support-distribution\/\"]}]}<\/script>\n<!-- \/ Yoast SEO plugin. -->","yoast_head_json":{"title":"P\u00e4diatrisches 7-j\u00e4hriges Down-Syndrom Lifecast \u2013 Realistisches Mannequin","description":"P\u00e4diatrisches 7-j\u00e4hriges Down-Syndrom Lifecast Mannequin: realistisches Werkzeug zur Schulung in Pflege, klinischer Inklusion und angepasster Versorgung.","robots":{"index":"index","follow":"follow","max-snippet":"max-snippet:-1","max-image-preview":"max-image-preview:large","max-video-preview":"max-video-preview:-1"},"canonical":"https:\/\/lifesupportdistribution.fr\/de\/produkt\/paediatrisches-mannequin-down-syndrom-7-jahre\/","og_locale":"de_DE","og_type":"article","og_title":"P\u00e4diatrisches 7-j\u00e4hriges Down-Syndrom Lifecast \u2013 Realistisches Mannequin","og_description":"P\u00e4diatrisches 7-j\u00e4hriges Down-Syndrom Lifecast Mannequin: realistisches Werkzeug zur Schulung in Pflege, klinischer Inklusion und angepasster Versorgung.","og_url":"https:\/\/lifesupportdistribution.fr\/de\/produkt\/paediatrisches-mannequin-down-syndrom-7-jahre\/","og_site_name":"Life Support Distribution","og_image":[{"width":926,"height":598,"url":"https:\/\/lifesupportdistribution.fr\/wp-content\/uploads\/2025\/11\/Photo-1-Gwen-Lifecast.png","type":"image\/png"}],"twitter_card":"summary_large_image","schema":{"@context":"https:\/\/schema.org","@graph":[{"@type":"WebPage","@id":"https:\/\/lifesupportdistribution.fr\/de\/produkt\/paediatrisches-mannequin-down-syndrom-7-jahre\/","url":"https:\/\/lifesupportdistribution.fr\/de\/produkt\/paediatrisches-mannequin-down-syndrom-7-jahre\/","name":"P\u00e4diatrisches 7-j\u00e4hriges Down-Syndrom Lifecast \u2013 Realistisches Mannequin","isPartOf":{"@id":"https:\/\/lifesupportdistribution.fr\/de\/#website"},"primaryImageOfPage":{"@id":"https:\/\/lifesupportdistribution.fr\/de\/produkt\/paediatrisches-mannequin-down-syndrom-7-jahre\/#primaryimage"},"image":{"@id":"https:\/\/lifesupportdistribution.fr\/de\/produkt\/paediatrisches-mannequin-down-syndrom-7-jahre\/#primaryimage"},"thumbnailUrl":"https:\/\/lifesupportdistribution.fr\/wp-content\/uploads\/2025\/11\/Photo-1-Gwen-Lifecast.png","datePublished":"2025-11-14T15:02:53+00:00","description":"P\u00e4diatrisches 7-j\u00e4hriges Down-Syndrom Lifecast Mannequin: realistisches Werkzeug zur Schulung in Pflege, klinischer Inklusion und angepasster Versorgung.","breadcrumb":{"@id":"https:\/\/lifesupportdistribution.fr\/de\/produkt\/paediatrisches-mannequin-down-syndrom-7-jahre\/#breadcrumb"},"inLanguage":"de","potentialAction":[{"@type":"ReadAction","target":["https:\/\/lifesupportdistribution.fr\/de\/produkt\/paediatrisches-mannequin-down-syndrom-7-jahre\/"]}]},{"@type":"ImageObject","inLanguage":"de","@id":"https:\/\/lifesupportdistribution.fr\/de\/produkt\/paediatrisches-mannequin-down-syndrom-7-jahre\/#primaryimage","url":"https:\/\/lifesupportdistribution.fr\/wp-content\/uploads\/2025\/11\/Photo-1-Gwen-Lifecast.png","contentUrl":"https:\/\/lifesupportdistribution.fr\/wp-content\/uploads\/2025\/11\/Photo-1-Gwen-Lifecast.png","width":926,"height":598},{"@type":"BreadcrumbList","@id":"https:\/\/lifesupportdistribution.fr\/de\/produkt\/paediatrisches-mannequin-down-syndrom-7-jahre\/#breadcrumb","itemListElement":[{"@type":"ListItem","position":1,"name":"Accueil","item":"https:\/\/lifesupportdistribution.fr\/de\/startseite\/"},{"@type":"ListItem","position":2,"name":"Shop","item":"https:\/\/lifesupportdistribution.fr\/de\/shop\/"},{"@type":"ListItem","position":3,"name":"P\u00e4diatrisches Mannequin Down-Syndrom \u2013 7 Jahre"}]},{"@type":"WebSite","@id":"https:\/\/lifesupportdistribution.fr\/de\/#website","url":"https:\/\/lifesupportdistribution.fr\/de\/","name":"Life Support Distribution","description":"Solutions en simulation m\u00e9dicale","publisher":{"@id":"https:\/\/lifesupportdistribution.fr\/de\/#organization"},"potentialAction":[{"@type":"SearchAction","target":{"@type":"EntryPoint","urlTemplate":"https:\/\/lifesupportdistribution.fr\/de\/?s={search_term_string}"},"query-input":{"@type":"PropertyValueSpecification","valueRequired":true,"valueName":"search_term_string"}}],"inLanguage":"de"},{"@type":"Organization","@id":"https:\/\/lifesupportdistribution.fr\/de\/#organization","name":"Life Support Distribution","url":"https:\/\/lifesupportdistribution.fr\/de\/","logo":{"@type":"ImageObject","inLanguage":"de","@id":"https:\/\/lifesupportdistribution.fr\/de\/#\/schema\/logo\/image\/","url":"https:\/\/lifesupportdistribution.fr\/wp-content\/uploads\/2025\/10\/logo-life-support-distribution.svg","contentUrl":"https:\/\/lifesupportdistribution.fr\/wp-content\/uploads\/2025\/10\/logo-life-support-distribution.svg","width":698,"height":223,"caption":"Life Support Distribution"},"image":{"@id":"https:\/\/lifesupportdistribution.fr\/de\/#\/schema\/logo\/image\/"},"sameAs":["https:\/\/www.linkedin.com\/company\/life-support-distribution\/"]}]}},"_links":{"self":[{"href":"https:\/\/lifesupportdistribution.fr\/de\/wp-json\/wp\/v2\/product\/5089","targetHints":{"allow":["GET"]}}],"collection":[{"href":"https:\/\/lifesupportdistribution.fr\/de\/wp-json\/wp\/v2\/product"}],"about":[{"href":"https:\/\/lifesupportdistribution.fr\/de\/wp-json\/wp\/v2\/types\/product"}],"wp:featuredmedia":[{"embeddable":true,"href":"https:\/\/lifesupportdistribution.fr\/de\/wp-json\/wp\/v2\/media\/1753"}],"wp:attachment":[{"href":"https:\/\/lifesupportdistribution.fr\/de\/wp-json\/wp\/v2\/media?parent=5089"}],"wp:term":[{"taxonomy":"product_brand","embeddable":true,"href":"https:\/\/lifesupportdistribution.fr\/de\/wp-json\/wp\/v2\/product_brand?post=5089"},{"taxonomy":"product_cat","embeddable":true,"href":"https:\/\/lifesupportdistribution.fr\/de\/wp-json\/wp\/v2\/product_cat?post=5089"},{"taxonomy":"product_tag","embeddable":true,"href":"https:\/\/lifesupportdistribution.fr\/de\/wp-json\/wp\/v2\/product_tag?post=5089"}],"curies":[{"name":"wp","href":"https:\/\/api.w.org\/{rel}","templated":true}]}}