{"id":5095,"date":"2025-12-04T17:22:22","date_gmt":"2025-12-04T16:22:22","guid":{"rendered":"https:\/\/lifesupportdistribution.fr\/produits\/als-trauma-training-simulator-lite\/"},"modified":"2025-12-04T17:22:22","modified_gmt":"2025-12-04T16:22:22","slug":"als-trauma-training-simulator-lite","status":"publish","type":"product","link":"https:\/\/lifesupportdistribution.fr\/de\/produkt\/als-trauma-training-simulator-lite\/","title":{"rendered":"ALS Trauma Training Simulator \u2013 Lite"},"content":{"rendered":"<p>Der ALS Trauma Training Simulator \u2013 Lite von BT Inc. wurde speziell f\u00fcr Notfall- und Traumaprogramme entwickelt. Dieses Ganzk\u00f6rper-Manikin bietet Echtzeit-Feedback zur CPR-Qualit\u00e4t, 3- bis 4-Ableitungs-EKG-\u00dcberwachung sowie Defibrillations-, Kardioversions- und Spontanatmungsfunktionen.<br \/>\nDank seiner austauschbaren Verletzungsmodule erm\u00f6glicht er die Simulation einer Vielzahl von Szenarien: Blutungen, Amputationen, komplizierte Frakturen, Verbrennungen oder Platzwunden. Lernende k\u00f6nnen so das Anlegen von Tourniquets, die Stabilisierung von Frakturen oder das Management eines polytraumatisierten Patienten in einem realistischen und immersiven Kontext \u00fcben.<br \/>\nDie integrierte Software erm\u00f6glicht die Erstellung personalisierter Szenarien und den Export der Ergebnisse f\u00fcr das Debriefing. Leicht, robust und einfach zu installieren, bietet der BTMAN Lite eine umfassende und skalierbare L\u00f6sung f\u00fcr Notfallmedizin-Trainings, milit\u00e4rische Simulationen und pr\u00e4klinische Rettungsdienste.    <\/p>\n","protected":false},"excerpt":{"rendered":"<p>Der BTMAN (BT-ACTB-LT) ist ein Trauma-Simulator, der f\u00fcr das Notfalltraining in kritischen Situationen entwickelt wurde. Er erm\u00f6glicht das Training der Versorgung von Polytraumata mit Echtzeit-Feedback zu Kompressionen, Beatmung und technischen Handgriffen. Seine austauschbaren Verletzungsmodule bieten eine ultra-realistische Lernerfahrung f\u00fcr TCCC-, PHTLS- und pr\u00e4klinische Notfalltrainings.  <\/p>\n","protected":false},"featured_media":2862,"template":"","meta":[],"product_brand":[189],"product_cat":[218],"product_tag":[237,238,252,245,251,236,255],"class_list":{"0":"post-5095","1":"product","2":"type-product","3":"status-publish","4":"has-post-thumbnail","6":"product_brand-bt-inc","7":"product_cat-simulationspuppen","8":"product_tag-anasthesie","9":"product_tag-erste-hilfe","10":"product_tag-intensivmedizin","11":"product_tag-intensivpflege","12":"product_tag-krankenpflege","13":"product_tag-notfallmedizin","14":"product_tag-traumatologie","16":"first","17":"instock","18":"shipping-taxable","19":"purchasable","20":"product-type-simple"},"yoast_head":"<!-- This site is optimized with the Yoast SEO plugin v27.5 - https:\/\/yoast.com\/product\/yoast-seo-wordpress\/ -->\n<title>BTMAN Lite \u2013 Vollwertiger, realistischer Trauma-Simulator<\/title>\n<meta name=\"description\" content=\"Trauma-Simulator mit austauschbaren Modulen, Echtzeit-CPR, EKG und immersiven Szenarien. Ideal f\u00fcr TCCC, PHTLS und pr\u00e4klinische Notf\u00e4lle.\" \/>\n<meta name=\"robots\" content=\"index, follow, max-snippet:-1, max-image-preview:large, max-video-preview:-1\" \/>\n<link rel=\"canonical\" href=\"https:\/\/lifesupportdistribution.fr\/de\/produkt\/als-trauma-training-simulator-lite\/\" \/>\n<meta property=\"og:locale\" content=\"de_DE\" \/>\n<meta property=\"og:type\" content=\"article\" \/>\n<meta property=\"og:title\" content=\"BTMAN Lite \u2013 Vollwertiger, realistischer Trauma-Simulator\" \/>\n<meta property=\"og:description\" content=\"Trauma-Simulator mit austauschbaren Modulen, Echtzeit-CPR, EKG und immersiven Szenarien. Ideal f\u00fcr TCCC, PHTLS und pr\u00e4klinische Notf\u00e4lle.\" \/>\n<meta property=\"og:url\" content=\"https:\/\/lifesupportdistribution.fr\/de\/produkt\/als-trauma-training-simulator-lite\/\" \/>\n<meta property=\"og:site_name\" content=\"Life Support Distribution\" \/>\n<meta property=\"og:image\" content=\"https:\/\/lifesupportdistribution.fr\/wp-content\/uploads\/2025\/12\/ALS-Trauma-Training-Simulator-Lite.png\" \/>\n\t<meta property=\"og:image:width\" content=\"1920\" \/>\n\t<meta property=\"og:image:height\" content=\"1080\" \/>\n\t<meta property=\"og:image:type\" content=\"image\/png\" \/>\n<meta name=\"twitter:card\" content=\"summary_large_image\" \/>\n<meta name=\"twitter:label1\" content=\"Gesch\u00e4tzte Lesezeit\" \/>\n\t<meta name=\"twitter:data1\" content=\"1\u00a0Minute\" \/>\n<script type=\"application\/ld+json\" class=\"yoast-schema-graph\">{\"@context\":\"https:\\\/\\\/schema.org\",\"@graph\":[{\"@type\":\"WebPage\",\"@id\":\"https:\\\/\\\/lifesupportdistribution.fr\\\/de\\\/produkt\\\/als-trauma-training-simulator-lite\\\/\",\"url\":\"https:\\\/\\\/lifesupportdistribution.fr\\\/de\\\/produkt\\\/als-trauma-training-simulator-lite\\\/\",\"name\":\"BTMAN Lite \u2013 Vollwertiger, realistischer Trauma-Simulator\",\"isPartOf\":{\"@id\":\"https:\\\/\\\/lifesupportdistribution.fr\\\/de\\\/#website\"},\"primaryImageOfPage\":{\"@id\":\"https:\\\/\\\/lifesupportdistribution.fr\\\/de\\\/produkt\\\/als-trauma-training-simulator-lite\\\/#primaryimage\"},\"image\":{\"@id\":\"https:\\\/\\\/lifesupportdistribution.fr\\\/de\\\/produkt\\\/als-trauma-training-simulator-lite\\\/#primaryimage\"},\"thumbnailUrl\":\"https:\\\/\\\/lifesupportdistribution.fr\\\/wp-content\\\/uploads\\\/2025\\\/12\\\/ALS-Trauma-Training-Simulator-Lite.png\",\"datePublished\":\"2025-12-04T16:22:22+00:00\",\"description\":\"Trauma-Simulator mit austauschbaren Modulen, Echtzeit-CPR, EKG und immersiven Szenarien. Ideal f\u00fcr TCCC, PHTLS und pr\u00e4klinische Notf\u00e4lle.\",\"breadcrumb\":{\"@id\":\"https:\\\/\\\/lifesupportdistribution.fr\\\/de\\\/produkt\\\/als-trauma-training-simulator-lite\\\/#breadcrumb\"},\"inLanguage\":\"de\",\"potentialAction\":[{\"@type\":\"ReadAction\",\"target\":[\"https:\\\/\\\/lifesupportdistribution.fr\\\/de\\\/produkt\\\/als-trauma-training-simulator-lite\\\/\"]}]},{\"@type\":\"ImageObject\",\"inLanguage\":\"de\",\"@id\":\"https:\\\/\\\/lifesupportdistribution.fr\\\/de\\\/produkt\\\/als-trauma-training-simulator-lite\\\/#primaryimage\",\"url\":\"https:\\\/\\\/lifesupportdistribution.fr\\\/wp-content\\\/uploads\\\/2025\\\/12\\\/ALS-Trauma-Training-Simulator-Lite.png\",\"contentUrl\":\"https:\\\/\\\/lifesupportdistribution.fr\\\/wp-content\\\/uploads\\\/2025\\\/12\\\/ALS-Trauma-Training-Simulator-Lite.png\",\"width\":1920,\"height\":1080},{\"@type\":\"BreadcrumbList\",\"@id\":\"https:\\\/\\\/lifesupportdistribution.fr\\\/de\\\/produkt\\\/als-trauma-training-simulator-lite\\\/#breadcrumb\",\"itemListElement\":[{\"@type\":\"ListItem\",\"position\":1,\"name\":\"Accueil\",\"item\":\"https:\\\/\\\/lifesupportdistribution.fr\\\/de\\\/startseite\\\/\"},{\"@type\":\"ListItem\",\"position\":2,\"name\":\"Shop\",\"item\":\"https:\\\/\\\/lifesupportdistribution.fr\\\/de\\\/shop\\\/\"},{\"@type\":\"ListItem\",\"position\":3,\"name\":\"ALS Trauma Training Simulator \u2013 Lite\"}]},{\"@type\":\"WebSite\",\"@id\":\"https:\\\/\\\/lifesupportdistribution.fr\\\/de\\\/#website\",\"url\":\"https:\\\/\\\/lifesupportdistribution.fr\\\/de\\\/\",\"name\":\"Life Support Distribution\",\"description\":\"Solutions en simulation m\u00e9dicale\",\"publisher\":{\"@id\":\"https:\\\/\\\/lifesupportdistribution.fr\\\/de\\\/#organization\"},\"potentialAction\":[{\"@type\":\"SearchAction\",\"target\":{\"@type\":\"EntryPoint\",\"urlTemplate\":\"https:\\\/\\\/lifesupportdistribution.fr\\\/de\\\/?s={search_term_string}\"},\"query-input\":{\"@type\":\"PropertyValueSpecification\",\"valueRequired\":true,\"valueName\":\"search_term_string\"}}],\"inLanguage\":\"de\"},{\"@type\":\"Organization\",\"@id\":\"https:\\\/\\\/lifesupportdistribution.fr\\\/de\\\/#organization\",\"name\":\"Life Support Distribution\",\"url\":\"https:\\\/\\\/lifesupportdistribution.fr\\\/de\\\/\",\"logo\":{\"@type\":\"ImageObject\",\"inLanguage\":\"de\",\"@id\":\"https:\\\/\\\/lifesupportdistribution.fr\\\/de\\\/#\\\/schema\\\/logo\\\/image\\\/\",\"url\":\"https:\\\/\\\/lifesupportdistribution.fr\\\/wp-content\\\/uploads\\\/2025\\\/10\\\/logo-life-support-distribution.svg\",\"contentUrl\":\"https:\\\/\\\/lifesupportdistribution.fr\\\/wp-content\\\/uploads\\\/2025\\\/10\\\/logo-life-support-distribution.svg\",\"width\":698,\"height\":223,\"caption\":\"Life Support Distribution\"},\"image\":{\"@id\":\"https:\\\/\\\/lifesupportdistribution.fr\\\/de\\\/#\\\/schema\\\/logo\\\/image\\\/\"},\"sameAs\":[\"https:\\\/\\\/www.linkedin.com\\\/company\\\/life-support-distribution\\\/\"]}]}<\/script>\n<!-- \/ Yoast SEO plugin. -->","yoast_head_json":{"title":"BTMAN Lite \u2013 Vollwertiger, realistischer Trauma-Simulator","description":"Trauma-Simulator mit austauschbaren Modulen, Echtzeit-CPR, EKG und immersiven Szenarien. Ideal f\u00fcr TCCC, PHTLS und pr\u00e4klinische Notf\u00e4lle.","robots":{"index":"index","follow":"follow","max-snippet":"max-snippet:-1","max-image-preview":"max-image-preview:large","max-video-preview":"max-video-preview:-1"},"canonical":"https:\/\/lifesupportdistribution.fr\/de\/produkt\/als-trauma-training-simulator-lite\/","og_locale":"de_DE","og_type":"article","og_title":"BTMAN Lite \u2013 Vollwertiger, realistischer Trauma-Simulator","og_description":"Trauma-Simulator mit austauschbaren Modulen, Echtzeit-CPR, EKG und immersiven Szenarien. Ideal f\u00fcr TCCC, PHTLS und pr\u00e4klinische Notf\u00e4lle.","og_url":"https:\/\/lifesupportdistribution.fr\/de\/produkt\/als-trauma-training-simulator-lite\/","og_site_name":"Life Support Distribution","og_image":[{"width":1920,"height":1080,"url":"https:\/\/lifesupportdistribution.fr\/wp-content\/uploads\/2025\/12\/ALS-Trauma-Training-Simulator-Lite.png","type":"image\/png"}],"twitter_card":"summary_large_image","twitter_misc":{"Gesch\u00e4tzte Lesezeit":"1\u00a0Minute"},"schema":{"@context":"https:\/\/schema.org","@graph":[{"@type":"WebPage","@id":"https:\/\/lifesupportdistribution.fr\/de\/produkt\/als-trauma-training-simulator-lite\/","url":"https:\/\/lifesupportdistribution.fr\/de\/produkt\/als-trauma-training-simulator-lite\/","name":"BTMAN Lite \u2013 Vollwertiger, realistischer Trauma-Simulator","isPartOf":{"@id":"https:\/\/lifesupportdistribution.fr\/de\/#website"},"primaryImageOfPage":{"@id":"https:\/\/lifesupportdistribution.fr\/de\/produkt\/als-trauma-training-simulator-lite\/#primaryimage"},"image":{"@id":"https:\/\/lifesupportdistribution.fr\/de\/produkt\/als-trauma-training-simulator-lite\/#primaryimage"},"thumbnailUrl":"https:\/\/lifesupportdistribution.fr\/wp-content\/uploads\/2025\/12\/ALS-Trauma-Training-Simulator-Lite.png","datePublished":"2025-12-04T16:22:22+00:00","description":"Trauma-Simulator mit austauschbaren Modulen, Echtzeit-CPR, EKG und immersiven Szenarien. Ideal f\u00fcr TCCC, PHTLS und pr\u00e4klinische Notf\u00e4lle.","breadcrumb":{"@id":"https:\/\/lifesupportdistribution.fr\/de\/produkt\/als-trauma-training-simulator-lite\/#breadcrumb"},"inLanguage":"de","potentialAction":[{"@type":"ReadAction","target":["https:\/\/lifesupportdistribution.fr\/de\/produkt\/als-trauma-training-simulator-lite\/"]}]},{"@type":"ImageObject","inLanguage":"de","@id":"https:\/\/lifesupportdistribution.fr\/de\/produkt\/als-trauma-training-simulator-lite\/#primaryimage","url":"https:\/\/lifesupportdistribution.fr\/wp-content\/uploads\/2025\/12\/ALS-Trauma-Training-Simulator-Lite.png","contentUrl":"https:\/\/lifesupportdistribution.fr\/wp-content\/uploads\/2025\/12\/ALS-Trauma-Training-Simulator-Lite.png","width":1920,"height":1080},{"@type":"BreadcrumbList","@id":"https:\/\/lifesupportdistribution.fr\/de\/produkt\/als-trauma-training-simulator-lite\/#breadcrumb","itemListElement":[{"@type":"ListItem","position":1,"name":"Accueil","item":"https:\/\/lifesupportdistribution.fr\/de\/startseite\/"},{"@type":"ListItem","position":2,"name":"Shop","item":"https:\/\/lifesupportdistribution.fr\/de\/shop\/"},{"@type":"ListItem","position":3,"name":"ALS Trauma Training Simulator \u2013 Lite"}]},{"@type":"WebSite","@id":"https:\/\/lifesupportdistribution.fr\/de\/#website","url":"https:\/\/lifesupportdistribution.fr\/de\/","name":"Life Support Distribution","description":"Solutions en simulation m\u00e9dicale","publisher":{"@id":"https:\/\/lifesupportdistribution.fr\/de\/#organization"},"potentialAction":[{"@type":"SearchAction","target":{"@type":"EntryPoint","urlTemplate":"https:\/\/lifesupportdistribution.fr\/de\/?s={search_term_string}"},"query-input":{"@type":"PropertyValueSpecification","valueRequired":true,"valueName":"search_term_string"}}],"inLanguage":"de"},{"@type":"Organization","@id":"https:\/\/lifesupportdistribution.fr\/de\/#organization","name":"Life Support Distribution","url":"https:\/\/lifesupportdistribution.fr\/de\/","logo":{"@type":"ImageObject","inLanguage":"de","@id":"https:\/\/lifesupportdistribution.fr\/de\/#\/schema\/logo\/image\/","url":"https:\/\/lifesupportdistribution.fr\/wp-content\/uploads\/2025\/10\/logo-life-support-distribution.svg","contentUrl":"https:\/\/lifesupportdistribution.fr\/wp-content\/uploads\/2025\/10\/logo-life-support-distribution.svg","width":698,"height":223,"caption":"Life Support Distribution"},"image":{"@id":"https:\/\/lifesupportdistribution.fr\/de\/#\/schema\/logo\/image\/"},"sameAs":["https:\/\/www.linkedin.com\/company\/life-support-distribution\/"]}]}},"_links":{"self":[{"href":"https:\/\/lifesupportdistribution.fr\/de\/wp-json\/wp\/v2\/product\/5095","targetHints":{"allow":["GET"]}}],"collection":[{"href":"https:\/\/lifesupportdistribution.fr\/de\/wp-json\/wp\/v2\/product"}],"about":[{"href":"https:\/\/lifesupportdistribution.fr\/de\/wp-json\/wp\/v2\/types\/product"}],"wp:featuredmedia":[{"embeddable":true,"href":"https:\/\/lifesupportdistribution.fr\/de\/wp-json\/wp\/v2\/media\/2862"}],"wp:attachment":[{"href":"https:\/\/lifesupportdistribution.fr\/de\/wp-json\/wp\/v2\/media?parent=5095"}],"wp:term":[{"taxonomy":"product_brand","embeddable":true,"href":"https:\/\/lifesupportdistribution.fr\/de\/wp-json\/wp\/v2\/product_brand?post=5095"},{"taxonomy":"product_cat","embeddable":true,"href":"https:\/\/lifesupportdistribution.fr\/de\/wp-json\/wp\/v2\/product_cat?post=5095"},{"taxonomy":"product_tag","embeddable":true,"href":"https:\/\/lifesupportdistribution.fr\/de\/wp-json\/wp\/v2\/product_tag?post=5095"}],"curies":[{"name":"wp","href":"https:\/\/api.w.org\/{rel}","templated":true}]}}