{"id":5096,"date":"2025-12-05T10:34:26","date_gmt":"2025-12-05T09:34:26","guid":{"rendered":"https:\/\/lifesupportdistribution.fr\/produits\/airsim-advance-bronchi-x-simulator-fuer-fortgeschrittene-atemwegsendoskopie\/"},"modified":"2025-12-05T10:34:26","modified_gmt":"2025-12-05T09:34:26","slug":"airsim-advance-bronchi-x-simulator-fuer-fortgeschrittene-atemwegsendoskopie","status":"publish","type":"product","link":"https:\/\/lifesupportdistribution.fr\/de\/produkt\/airsim-advance-bronchi-x-simulator-fuer-fortgeschrittene-atemwegsendoskopie\/","title":{"rendered":"AirSim Advance Bronchi X \u2013 Simulator f\u00fcr fortgeschrittene Atemwegsendoskopie"},"content":{"rendered":"<p>Entwickelt, um den Bed\u00fcrfnissen von Studenten und medizinischem Fachpersonal gerecht zu werden, bietet der AirSim Advance Bronchi X eine anatomische Reproduktion von au\u00dfergew\u00f6hnlicher Pr\u00e4zision. Er erm\u00f6glicht das Erkunden, Visualisieren und Navigieren durch die Atemwege bis zu den distalen Bronchien, w\u00e4hrend gleichzeitig die Handhabung des Bronchoskops ge\u00fcbt wird. Dieses fortschrittliche Modell f\u00f6rdert den Erwerb technischer F\u00e4higkeiten in Diagnose und simulierten therapeutischen Ma\u00dfnahmen. Sein ergonomisches Design und sein System f\u00fcr sofortiges visuelles Feedback erm\u00f6glichen eine objektive Leistungsbewertung und erleichtern die Korrektur von Handgriffen in Echtzeit.   <\/p>\n","protected":false},"excerpt":{"rendered":"<p>Der AirSim Advance Bronchi X ist ein High-Fidelity-Simulator f\u00fcr das fortgeschrittene Training im Atemwegsmanagement. Er reproduziert die Anatomie der Bronchien naturgetreu bis zur vierten Generation und erm\u00f6glicht so das \u00dcben komplexer endoskopischer Techniken in einer sicheren und realistischen Umgebung. Dank seines sofortigen visuellen Feedbacks bietet er ein immersives Erlebnis, ideal f\u00fcr die Ausbildung in Bronchoskopie, selektiver Intubation und Lungenisolation.  <\/p>\n","protected":false},"featured_media":2891,"template":"","meta":[],"product_brand":[212],"product_cat":[222],"product_tag":[237,239,252,236],"class_list":{"0":"post-5096","1":"product","2":"type-product","3":"status-publish","4":"has-post-thumbnail","6":"product_brand-trucorp","7":"product_cat-simulatoren-fur-medizinische-versorgung","8":"product_tag-anasthesie","9":"product_tag-herz-lungen","10":"product_tag-intensivmedizin","11":"product_tag-notfallmedizin","13":"first","14":"instock","15":"shipping-taxable","16":"purchasable","17":"product-type-simple"},"yoast_head":"<!-- This site is optimized with the Yoast SEO plugin v26.8 - https:\/\/yoast.com\/product\/yoast-seo-wordpress\/ -->\n<title>AirSim Advance Bronchi X \u2013 Fortgeschrittene Endoskopie<\/title>\n<meta name=\"description\" content=\"AirSim Advance Bronchi X von TruCorp zum \u00dcben der Atemwegsendoskopie. Realistisches Modell zur Entwicklung von Orientierung und klinischen F\u00e4higkeiten.\" \/>\n<meta name=\"robots\" content=\"index, follow, max-snippet:-1, max-image-preview:large, max-video-preview:-1\" \/>\n<link rel=\"canonical\" href=\"https:\/\/lifesupportdistribution.fr\/de\/produkt\/airsim-advance-bronchi-x-simulator-fuer-fortgeschrittene-atemwegsendoskopie\/\" \/>\n<meta property=\"og:locale\" content=\"de_DE\" \/>\n<meta property=\"og:type\" content=\"article\" \/>\n<meta property=\"og:title\" content=\"AirSim Advance Bronchi X \u2013 Fortgeschrittene Endoskopie\" \/>\n<meta property=\"og:description\" content=\"AirSim Advance Bronchi X von TruCorp zum \u00dcben der Atemwegsendoskopie. Realistisches Modell zur Entwicklung von Orientierung und klinischen F\u00e4higkeiten.\" \/>\n<meta property=\"og:url\" content=\"https:\/\/lifesupportdistribution.fr\/de\/produkt\/airsim-advance-bronchi-x-simulator-fuer-fortgeschrittene-atemwegsendoskopie\/\" \/>\n<meta property=\"og:site_name\" content=\"Life Support Distribution\" \/>\n<meta property=\"og:image\" content=\"https:\/\/lifesupportdistribution.fr\/wp-content\/uploads\/2025\/12\/Photo-AirSim-Advance-Bronchi-X-1.png\" \/>\n\t<meta property=\"og:image:width\" content=\"810\" \/>\n\t<meta property=\"og:image:height\" content=\"486\" \/>\n\t<meta property=\"og:image:type\" content=\"image\/png\" \/>\n<meta name=\"twitter:card\" content=\"summary_large_image\" \/>\n<script type=\"application\/ld+json\" class=\"yoast-schema-graph\">{\"@context\":\"https:\/\/schema.org\",\"@graph\":[{\"@type\":\"WebPage\",\"@id\":\"https:\/\/lifesupportdistribution.fr\/de\/produkt\/airsim-advance-bronchi-x-simulator-fuer-fortgeschrittene-atemwegsendoskopie\/\",\"url\":\"https:\/\/lifesupportdistribution.fr\/de\/produkt\/airsim-advance-bronchi-x-simulator-fuer-fortgeschrittene-atemwegsendoskopie\/\",\"name\":\"AirSim Advance Bronchi X \u2013 Fortgeschrittene Endoskopie\",\"isPartOf\":{\"@id\":\"https:\/\/lifesupportdistribution.fr\/de\/#website\"},\"primaryImageOfPage\":{\"@id\":\"https:\/\/lifesupportdistribution.fr\/de\/produkt\/airsim-advance-bronchi-x-simulator-fuer-fortgeschrittene-atemwegsendoskopie\/#primaryimage\"},\"image\":{\"@id\":\"https:\/\/lifesupportdistribution.fr\/de\/produkt\/airsim-advance-bronchi-x-simulator-fuer-fortgeschrittene-atemwegsendoskopie\/#primaryimage\"},\"thumbnailUrl\":\"https:\/\/lifesupportdistribution.fr\/wp-content\/uploads\/2025\/12\/Photo-AirSim-Advance-Bronchi-X-1.png\",\"datePublished\":\"2025-12-05T09:34:26+00:00\",\"description\":\"AirSim Advance Bronchi X von TruCorp zum \u00dcben der Atemwegsendoskopie. Realistisches Modell zur Entwicklung von Orientierung und klinischen F\u00e4higkeiten.\",\"breadcrumb\":{\"@id\":\"https:\/\/lifesupportdistribution.fr\/de\/produkt\/airsim-advance-bronchi-x-simulator-fuer-fortgeschrittene-atemwegsendoskopie\/#breadcrumb\"},\"inLanguage\":\"de\",\"potentialAction\":[{\"@type\":\"ReadAction\",\"target\":[\"https:\/\/lifesupportdistribution.fr\/de\/produkt\/airsim-advance-bronchi-x-simulator-fuer-fortgeschrittene-atemwegsendoskopie\/\"]}]},{\"@type\":\"ImageObject\",\"inLanguage\":\"de\",\"@id\":\"https:\/\/lifesupportdistribution.fr\/de\/produkt\/airsim-advance-bronchi-x-simulator-fuer-fortgeschrittene-atemwegsendoskopie\/#primaryimage\",\"url\":\"https:\/\/lifesupportdistribution.fr\/wp-content\/uploads\/2025\/12\/Photo-AirSim-Advance-Bronchi-X-1.png\",\"contentUrl\":\"https:\/\/lifesupportdistribution.fr\/wp-content\/uploads\/2025\/12\/Photo-AirSim-Advance-Bronchi-X-1.png\",\"width\":810,\"height\":486},{\"@type\":\"BreadcrumbList\",\"@id\":\"https:\/\/lifesupportdistribution.fr\/de\/produkt\/airsim-advance-bronchi-x-simulator-fuer-fortgeschrittene-atemwegsendoskopie\/#breadcrumb\",\"itemListElement\":[{\"@type\":\"ListItem\",\"position\":1,\"name\":\"Accueil\",\"item\":\"https:\/\/lifesupportdistribution.fr\/de\/startseite\/\"},{\"@type\":\"ListItem\",\"position\":2,\"name\":\"Shop\",\"item\":\"https:\/\/lifesupportdistribution.fr\/de\/shop\/\"},{\"@type\":\"ListItem\",\"position\":3,\"name\":\"AirSim Advance Bronchi X \u2013 Simulator f\u00fcr fortgeschrittene Atemwegsendoskopie\"}]},{\"@type\":\"WebSite\",\"@id\":\"https:\/\/lifesupportdistribution.fr\/de\/#website\",\"url\":\"https:\/\/lifesupportdistribution.fr\/de\/\",\"name\":\"Life Support Distribution\",\"description\":\"Solutions en simulation m\u00e9dicale\",\"publisher\":{\"@id\":\"https:\/\/lifesupportdistribution.fr\/de\/#organization\"},\"potentialAction\":[{\"@type\":\"SearchAction\",\"target\":{\"@type\":\"EntryPoint\",\"urlTemplate\":\"https:\/\/lifesupportdistribution.fr\/de\/?s={search_term_string}\"},\"query-input\":{\"@type\":\"PropertyValueSpecification\",\"valueRequired\":true,\"valueName\":\"search_term_string\"}}],\"inLanguage\":\"de\"},{\"@type\":\"Organization\",\"@id\":\"https:\/\/lifesupportdistribution.fr\/de\/#organization\",\"name\":\"Life Support Distribution\",\"url\":\"https:\/\/lifesupportdistribution.fr\/de\/\",\"logo\":{\"@type\":\"ImageObject\",\"inLanguage\":\"de\",\"@id\":\"https:\/\/lifesupportdistribution.fr\/de\/#\/schema\/logo\/image\/\",\"url\":\"https:\/\/lifesupportdistribution.fr\/wp-content\/uploads\/2025\/10\/logo-life-support-distribution.svg\",\"contentUrl\":\"https:\/\/lifesupportdistribution.fr\/wp-content\/uploads\/2025\/10\/logo-life-support-distribution.svg\",\"width\":698,\"height\":223,\"caption\":\"Life Support Distribution\"},\"image\":{\"@id\":\"https:\/\/lifesupportdistribution.fr\/de\/#\/schema\/logo\/image\/\"},\"sameAs\":[\"https:\/\/www.linkedin.com\/company\/life-support-distribution\/\"]}]}<\/script>\n<!-- \/ Yoast SEO plugin. -->","yoast_head_json":{"title":"AirSim Advance Bronchi X \u2013 Fortgeschrittene Endoskopie","description":"AirSim Advance Bronchi X von TruCorp zum \u00dcben der Atemwegsendoskopie. Realistisches Modell zur Entwicklung von Orientierung und klinischen F\u00e4higkeiten.","robots":{"index":"index","follow":"follow","max-snippet":"max-snippet:-1","max-image-preview":"max-image-preview:large","max-video-preview":"max-video-preview:-1"},"canonical":"https:\/\/lifesupportdistribution.fr\/de\/produkt\/airsim-advance-bronchi-x-simulator-fuer-fortgeschrittene-atemwegsendoskopie\/","og_locale":"de_DE","og_type":"article","og_title":"AirSim Advance Bronchi X \u2013 Fortgeschrittene Endoskopie","og_description":"AirSim Advance Bronchi X von TruCorp zum \u00dcben der Atemwegsendoskopie. Realistisches Modell zur Entwicklung von Orientierung und klinischen F\u00e4higkeiten.","og_url":"https:\/\/lifesupportdistribution.fr\/de\/produkt\/airsim-advance-bronchi-x-simulator-fuer-fortgeschrittene-atemwegsendoskopie\/","og_site_name":"Life Support Distribution","og_image":[{"width":810,"height":486,"url":"https:\/\/lifesupportdistribution.fr\/wp-content\/uploads\/2025\/12\/Photo-AirSim-Advance-Bronchi-X-1.png","type":"image\/png"}],"twitter_card":"summary_large_image","schema":{"@context":"https:\/\/schema.org","@graph":[{"@type":"WebPage","@id":"https:\/\/lifesupportdistribution.fr\/de\/produkt\/airsim-advance-bronchi-x-simulator-fuer-fortgeschrittene-atemwegsendoskopie\/","url":"https:\/\/lifesupportdistribution.fr\/de\/produkt\/airsim-advance-bronchi-x-simulator-fuer-fortgeschrittene-atemwegsendoskopie\/","name":"AirSim Advance Bronchi X \u2013 Fortgeschrittene Endoskopie","isPartOf":{"@id":"https:\/\/lifesupportdistribution.fr\/de\/#website"},"primaryImageOfPage":{"@id":"https:\/\/lifesupportdistribution.fr\/de\/produkt\/airsim-advance-bronchi-x-simulator-fuer-fortgeschrittene-atemwegsendoskopie\/#primaryimage"},"image":{"@id":"https:\/\/lifesupportdistribution.fr\/de\/produkt\/airsim-advance-bronchi-x-simulator-fuer-fortgeschrittene-atemwegsendoskopie\/#primaryimage"},"thumbnailUrl":"https:\/\/lifesupportdistribution.fr\/wp-content\/uploads\/2025\/12\/Photo-AirSim-Advance-Bronchi-X-1.png","datePublished":"2025-12-05T09:34:26+00:00","description":"AirSim Advance Bronchi X von TruCorp zum \u00dcben der Atemwegsendoskopie. Realistisches Modell zur Entwicklung von Orientierung und klinischen F\u00e4higkeiten.","breadcrumb":{"@id":"https:\/\/lifesupportdistribution.fr\/de\/produkt\/airsim-advance-bronchi-x-simulator-fuer-fortgeschrittene-atemwegsendoskopie\/#breadcrumb"},"inLanguage":"de","potentialAction":[{"@type":"ReadAction","target":["https:\/\/lifesupportdistribution.fr\/de\/produkt\/airsim-advance-bronchi-x-simulator-fuer-fortgeschrittene-atemwegsendoskopie\/"]}]},{"@type":"ImageObject","inLanguage":"de","@id":"https:\/\/lifesupportdistribution.fr\/de\/produkt\/airsim-advance-bronchi-x-simulator-fuer-fortgeschrittene-atemwegsendoskopie\/#primaryimage","url":"https:\/\/lifesupportdistribution.fr\/wp-content\/uploads\/2025\/12\/Photo-AirSim-Advance-Bronchi-X-1.png","contentUrl":"https:\/\/lifesupportdistribution.fr\/wp-content\/uploads\/2025\/12\/Photo-AirSim-Advance-Bronchi-X-1.png","width":810,"height":486},{"@type":"BreadcrumbList","@id":"https:\/\/lifesupportdistribution.fr\/de\/produkt\/airsim-advance-bronchi-x-simulator-fuer-fortgeschrittene-atemwegsendoskopie\/#breadcrumb","itemListElement":[{"@type":"ListItem","position":1,"name":"Accueil","item":"https:\/\/lifesupportdistribution.fr\/de\/startseite\/"},{"@type":"ListItem","position":2,"name":"Shop","item":"https:\/\/lifesupportdistribution.fr\/de\/shop\/"},{"@type":"ListItem","position":3,"name":"AirSim Advance Bronchi X \u2013 Simulator f\u00fcr fortgeschrittene Atemwegsendoskopie"}]},{"@type":"WebSite","@id":"https:\/\/lifesupportdistribution.fr\/de\/#website","url":"https:\/\/lifesupportdistribution.fr\/de\/","name":"Life Support Distribution","description":"Solutions en simulation m\u00e9dicale","publisher":{"@id":"https:\/\/lifesupportdistribution.fr\/de\/#organization"},"potentialAction":[{"@type":"SearchAction","target":{"@type":"EntryPoint","urlTemplate":"https:\/\/lifesupportdistribution.fr\/de\/?s={search_term_string}"},"query-input":{"@type":"PropertyValueSpecification","valueRequired":true,"valueName":"search_term_string"}}],"inLanguage":"de"},{"@type":"Organization","@id":"https:\/\/lifesupportdistribution.fr\/de\/#organization","name":"Life Support Distribution","url":"https:\/\/lifesupportdistribution.fr\/de\/","logo":{"@type":"ImageObject","inLanguage":"de","@id":"https:\/\/lifesupportdistribution.fr\/de\/#\/schema\/logo\/image\/","url":"https:\/\/lifesupportdistribution.fr\/wp-content\/uploads\/2025\/10\/logo-life-support-distribution.svg","contentUrl":"https:\/\/lifesupportdistribution.fr\/wp-content\/uploads\/2025\/10\/logo-life-support-distribution.svg","width":698,"height":223,"caption":"Life Support Distribution"},"image":{"@id":"https:\/\/lifesupportdistribution.fr\/de\/#\/schema\/logo\/image\/"},"sameAs":["https:\/\/www.linkedin.com\/company\/life-support-distribution\/"]}]}},"_links":{"self":[{"href":"https:\/\/lifesupportdistribution.fr\/de\/wp-json\/wp\/v2\/product\/5096","targetHints":{"allow":["GET"]}}],"collection":[{"href":"https:\/\/lifesupportdistribution.fr\/de\/wp-json\/wp\/v2\/product"}],"about":[{"href":"https:\/\/lifesupportdistribution.fr\/de\/wp-json\/wp\/v2\/types\/product"}],"wp:featuredmedia":[{"embeddable":true,"href":"https:\/\/lifesupportdistribution.fr\/de\/wp-json\/wp\/v2\/media\/2891"}],"wp:attachment":[{"href":"https:\/\/lifesupportdistribution.fr\/de\/wp-json\/wp\/v2\/media?parent=5096"}],"wp:term":[{"taxonomy":"product_brand","embeddable":true,"href":"https:\/\/lifesupportdistribution.fr\/de\/wp-json\/wp\/v2\/product_brand?post=5096"},{"taxonomy":"product_cat","embeddable":true,"href":"https:\/\/lifesupportdistribution.fr\/de\/wp-json\/wp\/v2\/product_cat?post=5096"},{"taxonomy":"product_tag","embeddable":true,"href":"https:\/\/lifesupportdistribution.fr\/de\/wp-json\/wp\/v2\/product_tag?post=5096"}],"curies":[{"name":"wp","href":"https:\/\/api.w.org\/{rel}","templated":true}]}}